{"id":12077,"date":"2021-11-16T15:08:18","date_gmt":"2021-11-16T15:08:18","guid":{"rendered":"https:\/\/octopus.tools\/?page_id=12077"},"modified":"2022-11-22T14:31:48","modified_gmt":"2022-11-22T14:31:48","slug":"video","status":"publish","type":"page","link":"https:\/\/www.octopus.tools\/de\/video\/","title":{"rendered":"Video"},"content":{"rendered":"<div class=\"wpb-content-wrapper\">[vc_row remove_bottom_col_margin=&#8220;true&#8220;][vc_column]<div class=\"templatera_shortcode\"><style type=\"text\/css\" data-type=\"vc_shortcodes-custom-css\">.vc_custom_1593697701051{background-color: #1e1e1e !important;}<\/style><div data-vc-full-width=\"true\" data-vc-full-width-init=\"false\" class=\"vc_row wpb_row vc_row-fluid vc_custom_1593697701051 wpex-vc_row-has-fill wpex-vc-row-stretched no-bottom-margins\"><div class=\"wpb_column vc_column_container vc_col-sm-12\"><div class=\"vc_column-inner\"><div class=\"wpb_wrapper\"><style> style=\"height:40px;\"<\/style><div class=\"vcex-spacing wpex-w-100 wpex-clear\" style=\"height:40px;\"><\/div><style>.vcex-heading.vcex_69f2ac53e862f .vcex-heading-inner{border-color:#fc9a00;}.vcex-heading.vcex_69f2ac53e862f{border-color:#e2e2e2;}<\/style><h1 class=\"vcex-heading vcex-heading-bottom-border-w-color vcex-module wpex-heading wpex-text-2xl wpex-border-b-2 wpex-border-solid wpex-border-main vcex_69f2ac53e862f\"><span class=\"vcex-heading-inner wpex-inline-block wpex-relative wpex-pb-5 wpex-border-b-2 wpex-border-solid wpex-border-accent\">Automobilfotografie per App<\/span><\/h1><style> style=\"height:20px;\"<\/style><div class=\"vcex-spacing wpex-w-100 wpex-clear\" style=\"height:20px;\"><\/div>\n\t<div class=\"wpb_text_column wpb_content_element\" >\n\t\t<div class=\"wpb_wrapper\">\n\t\t\t<p>Mit Piranha k\u00f6nnen Sie nun Fotos, <a href=\"https:\/\/www.octopus.tools\/de\/360-innen\/\">360\u00b0 Interiors<\/a> [Innenansichten], <a href=\"https:\/\/www.octopus.tools\/de\/360-aussenansicht\/\">360\u00b0 Spins<\/a> [Au\u00dfenansichten] und <a href=\"https:\/\/www.octopus.tools\/de\/video\/\">Videos<\/a> erstellen - Alles in einer App. Damit schaffen Sie volle Transparenz dem Fahrzeuginteressenten gegen\u00fcber. Er kann sich exakt anschauen, was ihn interessiert - egal ob im Innenraum oder an der Au\u00dfenseite.<\/p>\n\n\t\t<\/div>\n\t<\/div>\n<style> style=\"height:20px;\"<\/style><div class=\"vcex-spacing wpex-w-100 wpex-clear\" style=\"height:20px;\"><\/div><\/div><\/div><\/div><\/div><div class=\"vc_row-full-width vc_clearfix\"><\/div>\r\n<\/div><style> style=\"height:40px;\"<\/style><div class=\"vcex-spacing wpex-w-100 wpex-clear\" style=\"height:40px;\"><\/div>[\/vc_column][\/vc_row][vc_row remove_bottom_col_margin=&#8220;true&#8220;][vc_column offset=&#8220;vc_hidden-lg vc_hidden-md vc_hidden-sm&#8220;][vc_wp_custommenu nav_menu=&#8220;1780&#8243; el_class=&#8220;piranha-subnav-mobile&#8220;][\/vc_column][\/vc_row][vc_row remove_bottom_col_margin=&#8220;true&#8220;][vc_column offset=&#8220;vc_hidden-xs&#8220;][vc_wp_custommenu nav_menu=&#8220;1780&#8243; el_class=&#8220;piranha-subnav&#8220;][\/vc_column][\/vc_row][vc_row full_width=&#8220;stretch_row&#8220; css=&#8220;.vc_custom_1637073373917{background-color: #3d3d3d !important;}&#8220;][vc_column]<style> style=\"height:40px;\"<\/style><div class=\"vcex-spacing wpex-w-100 wpex-clear\" style=\"height:40px;\"><\/div><style>.vcex-heading.vcex_69f2ac53e9293 .vcex-heading-inner{border-color:#fc9a00;}.vcex-heading.vcex_69f2ac53e9293{border-color:#e2e2e2;}<\/style><h2 class=\"vcex-heading vcex-heading-bottom-border-w-color vcex-module wpex-heading wpex-text-2xl vc_custom_1643113455375 wpex-border-b-2 wpex-border-solid wpex-border-main vcex_69f2ac53e9293\"><span class=\"vcex-heading-inner wpex-inline-block wpex-relative wpex-pb-5 wpex-border-b-2 wpex-border-solid wpex-border-accent\">Echte Videos - statt Slideshows<\/span><\/h2>[vc_column_text]<span data-sheets-value=\"{&quot;1&quot;:2,&quot;2&quot;:&quot;Wenn im Fahrzeughandel von Videos gesprochen wurde, dann waren damit in der Vergangenheit meist Slideshows gemeint: die vorhandenen Bilder in einem Video aneinander gereiht, mal mit Musik unterlegt und teilweise noch Fahrzeugdaten reingepackt. Eine Funktion, die von vielen Systemanbietern und Plattformen angeboten wird, dem Betrachter aber kaum einen Mehrwert liefert. Echte Videos zu drehen, sie zu schneiden und zu ver\u00f6ffentlichen und die gro\u00dfen Datenmengen zu handhaben war schlicht zu viel Aufwand.\\n\\nAb sofort ist es ein Kinderspiel: Unterst\u00fctzt durch die Piranha App nehmen Sie nacheinander mehrere kurze Videoclips auf. Anschlie\u00dfend werden sie automatisch mit \u00dcbergangseffekten im Takt zur Musik geschnitten, sowie Intro und Outro hinzugef\u00fcgt. Mit dem fertigen Video sorgen Sie f\u00fcr Transparenz und geben Interessenten zus\u00e4tzliche Einblicke in das Fahrzeug.&quot;}\" data-sheets-userformat=\"{&quot;2&quot;:897,&quot;3&quot;:{&quot;1&quot;:0},&quot;10&quot;:0,&quot;11&quot;:4,&quot;12&quot;:0}\">Wenn im Fahrzeughandel von Videos gesprochen wurde, dann waren damit in der Vergangenheit meist Slideshows gemeint: die vorhandenen Bilder in einem Video aneinander gereiht, mal mit Musik unterlegt und teilweise noch Fahrzeugdaten reingepackt. Eine Funktion, die von vielen Systemanbietern und Plattformen angeboten wird, dem Betrachter aber kaum einen Mehrwert liefert. Echte Videos zu drehen, sie zu schneiden und zu ver\u00f6ffentlichen und die gro\u00dfen Datenmengen zu handhaben war schlicht zu viel Aufwand.<\/span><\/p>\n<p>Ab sofort ist es ein Kinderspiel: Unterst\u00fctzt durch die Piranha App nehmen Sie nacheinander mehrere kurze Videoclips auf. Anschlie\u00dfend werden sie automatisch mit \u00dcbergangseffekten im Takt zur Musik geschnitten, sowie Intro und Outro hinzugef\u00fcgt. Mit dem fertigen Video sorgen Sie f\u00fcr Transparenz und geben Interessenten zus\u00e4tzliche Einblicke in das Fahrzeug.[\/vc_column_text]<style> style=\"height:20px;\"<\/style><div class=\"vcex-spacing wpex-w-100 wpex-clear\" style=\"height:20px;\"><\/div>[vc_video link=&#8220;https:\/\/www.youtube.com\/watch?v=rdWSF2-Uwbs&#8220; el_class=&#8220;video-border&#8220; css=&#8220;.vc_custom_1643112282864{border: 10px solid #000000 !important;}&#8220;][\/vc_column][\/vc_row][vc_row full_width=&#8220;stretch_row&#8220;][vc_column]<style> style=\"height:40px;\"<\/style><div class=\"vcex-spacing wpex-w-100 wpex-clear\" style=\"height:40px;\"><\/div><style>.vcex-heading.vcex_69f2ac53e95ee .vcex-heading-inner{border-color:#fc9a00;}.vcex-heading.vcex_69f2ac53e95ee{border-color:#e2e2e2;}<\/style><h2 class=\"vcex-heading vcex-heading-bottom-border-w-color vcex-module wpex-heading wpex-text-2xl vc_custom_1643113518718 wpex-border-b-2 wpex-border-solid wpex-border-main vcex_69f2ac53e95ee\"><span class=\"vcex-heading-inner wpex-inline-block wpex-relative wpex-pb-5 wpex-border-b-2 wpex-border-solid wpex-border-accent\">Und... Action!<\/span><\/h2>[vc_column_text]<span data-sheets-value=\"{&quot;1&quot;:2,&quot;2&quot;:&quot;Schreiben Sie ihr eigenes Drehbuch und setzen Sie ihr individuelles Videoprodukt aus mehreren kurzen Clips zusammen. So k\u00f6nnen Sie einen Interessenten virtuell um das Auto f\u00fchren, wie Sie es auch vor Ort machen w\u00fcrden. \\nErg\u00e4nzen Sie das Video mit Ihrem pers\u00f6nlichen Overlay und schlie\u00dfen Sie es beispielweise mit Leistungsversprechen und Kontaktm\u00f6glichkeiten ab.\\nGerne unterst\u00fctzen wir Sie bei der Zusammenstellung. Zum schnellen Einstieg k\u00f6nnen Sie auch eines der folgenden vorgefertigten Setups ausw\u00e4hlen.&quot;}\" data-sheets-userformat=\"{&quot;2&quot;:897,&quot;3&quot;:{&quot;1&quot;:0},&quot;10&quot;:0,&quot;11&quot;:4,&quot;12&quot;:0}\">Schreiben Sie ihr eigenes Drehbuch und setzen Sie ihr individuelles Videoprodukt aus mehreren kurzen Clips zusammen. So k\u00f6nnen Sie Interessenten virtuell um das Auto f\u00fchren und Platz nehmen lassen, wie Sie es auch vor Ort machen w\u00fcrden.<br \/>\nErg\u00e4nzen Sie das Video mit Ihrem pers\u00f6nlichen Overlay und schlie\u00dfen Sie es beispielweise mit Leistungsversprechen und Kontaktm\u00f6glichkeiten ab.<br \/>\nGerne unterst\u00fctzen wir Sie bei der Zusammenstellung. Zum schnellen Einstieg k\u00f6nnen Sie auch eines der folgenden vorgefertigten Setups ausw\u00e4hlen.<\/span>[\/vc_column_text]<style> style=\"height:20px;\"<\/style><div class=\"vcex-spacing wpex-w-100 wpex-clear\" style=\"height:20px;\"><\/div>[vc_row_inner remove_bottom_col_margin=&#8220;true&#8220;][vc_column_inner width=&#8220;1\/2&#8243;][vc_video link=&#8220;https:\/\/youtu.be\/s7w1Nqc4bio&#8220; el_class=&#8220;video-border&#8220; css=&#8220;.vc_custom_1643112313599{border: 10px solid #000000 !important;}&#8220;][vc_column_text css=&#8220;.vc_custom_1643112370213{padding-top: 0px !important;padding-right: 10px !important;padding-bottom: 6px !important;padding-left: 10px !important;background-color: #0a0a0a !important;}&#8220; color=&#8220;#ffffff&#8220; text_align=&#8220;left&#8220; width=&#8220;auto&#8220;]Kurzes Video[\/vc_column_text][\/vc_column_inner][vc_column_inner width=&#8220;1\/2&#8243;][vc_video link=&#8220;https:\/\/youtu.be\/lNzF-r8NEF0&#8243; el_class=&#8220;video-border&#8220; css=&#8220;.vc_custom_1643112354864{border: 10px solid #000000 !important;}&#8220;][vc_column_text css=&#8220;.vc_custom_1643112364250{padding-top: 0px !important;padding-right: 10px !important;padding-bottom: 6px !important;padding-left: 10px !important;background-color: #0a0a0a !important;}&#8220; color=&#8220;#ffffff&#8220; text_align=&#8220;right&#8220;]Langes Video[\/vc_column_text][\/vc_column_inner][\/vc_row_inner]<style> style=\"height:20px;\"<\/style><div class=\"vcex-spacing wpex-w-100 wpex-clear\" style=\"height:20px;\"><\/div><div class=\"vc_custom_1643114728157 wpex-clr\"><div class=\"theme-button-wrap textcenter theme-button-block-wrap wpex-block wpex-clear wpex-clr\"><a href=\"\/de\/video-cartridges\" class=\"vcex-button theme-button large align-center block wpex-flex-shrink-0\" style=\"background:#fc9a00;padding-top:15px;padding-right:0px;padding-bottom:15px;padding-left:0px;color:#f2f2f2;width:300px;\" data-wpex-hover='{&quot;background&quot;:&quot;#f48e00&quot;}' target=\"_blank\" rel=\"noopener noreferrer\"><span class=\"vcex-button-inner theme-button-inner\">Zur Clipauswahl<\/span><\/a><\/div><\/div> [\/vc_column][\/vc_row][vc_row full_width=&#8220;stretch_row&#8220; css=&#8220;.vc_custom_1642411686032{background-color: #3d3d3d !important;}&#8220;][vc_column]<style> style=\"height:40px;\"<\/style><div class=\"vcex-spacing wpex-w-100 wpex-clear\" style=\"height:40px;\"><\/div><style>.vcex-heading.vcex_69f2ac53e9f78 .vcex-heading-inner{border-color:#fc9a00;}.vcex-heading.vcex_69f2ac53e9f78{border-color:#e2e2e2;}<\/style><h2 class=\"vcex-heading vcex-heading-bottom-border-w-color vcex-module wpex-heading wpex-text-2xl vc_custom_1643115161943 wpex-border-b-2 wpex-border-solid wpex-border-main vcex_69f2ac53e9f78\"><span class=\"vcex-heading-inner wpex-inline-block wpex-relative wpex-pb-5 wpex-border-b-2 wpex-border-solid wpex-border-accent\">Emotionen wecken durch Musik<\/span><\/h2>[vc_column_text]<span data-sheets-value=\"{&quot;1&quot;:2,&quot;2&quot;:&quot;Autos werden \u00fcber Emotionen verkauft. Studien* zeigen, dass Musik dabei einen hohen Stellenwert einnimmt und Werbung mit Musik besser funktioniert als ohne Musik. Mit unserem Videofeature k\u00f6nnen Sie die Sinne von Interessenten nun auch auf diesem Weg \\&quot;ansprechen\\&quot;. W\u00e4hlen Sie hierzu aus unserer Audiothek die passende Hintergrundmusik f\u00fcr Ihre Videos aus.\\nSie haben bereits einen eigenen Jingle oder eigene Musik, die Sie in Ihrer Werbung einsetzen? Dann kontaktieren Sie unseren Support und wir pr\u00fcfen, ob diese f\u00fcr die Videos genutzt werden k\u00f6nnen.\\n\\n* https:\/\/www.nielsen.com\/us\/en\/insights\/article\/2015\/i-second-that-emotion-the-emotive-power-of-music-in-advertising\/&quot;}\" data-sheets-userformat=\"{&quot;2&quot;:1049473,&quot;3&quot;:{&quot;1&quot;:0},&quot;10&quot;:0,&quot;11&quot;:4,&quot;12&quot;:0,&quot;23&quot;:1}\" data-sheets-textstyleruns=\"{&quot;1&quot;:0}\uee10{&quot;1&quot;:551,&quot;2&quot;:{&quot;2&quot;:{&quot;1&quot;:2,&quot;2&quot;:0}}}\uee10{&quot;1&quot;:554,&quot;2&quot;:{&quot;2&quot;:{&quot;1&quot;:2,&quot;2&quot;:1136076},&quot;9&quot;:1}}\" data-sheets-hyperlinkruns=\"{&quot;1&quot;:551,&quot;2&quot;:&quot;https:\/\/www.nielsen.com\/us\/en\/insights\/article\/2015\/i-second-that-emotion-the-emotive-power-of-music-in-advertising\/&quot;}\uee10{&quot;1&quot;:667}\">Autos werden \u00fcber Emotionen verkauft. <a href=\"https:\/\/www.nielsen.com\/us\/en\/insights\/article\/2015\/i-second-that-emotion-the-emotive-power-of-music-in-advertising\/\" target=\"_blank\" rel=\"noopener noreferrer\">Studien<\/a> zeigen, dass Musik dabei einen hohen Stellenwert einnimmt und Werbung mit Musik besser funktioniert als ohne. Mit unserem Videofeature k\u00f6nnen Sie die Sinne der Interessenten nun auch auf diesem Weg ansprechen. W\u00e4hlen Sie hierzu aus unserer Audiothek die passende Hintergrundmusik f\u00fcr Ihre Videos aus.<br \/>\nSie haben bereits einen eigenen Jingle oder eigene Musik, die Sie in Ihrer Werbung einsetzen? Dann kontaktieren Sie unseren Support und wir pr\u00fcfen, ob diese f\u00fcr die Videos genutzt werden k\u00f6nnen.<br \/>\n<\/span>[\/vc_column_text]<style> style=\"height:20px;\"<\/style><div class=\"vcex-spacing wpex-w-100 wpex-clear\" style=\"height:20px;\"><\/div><div class=\"vc_custom_1643112432119 wpex-clr\"><div class=\"theme-button-wrap textcenter theme-button-block-wrap wpex-block wpex-clear wpex-clr\"><a href=\"\/de\/musikauswahl\/\" class=\"vcex-button theme-button clean large align-center block wpex-flex-shrink-0\" style=\"background:#fc9a00;padding-top:15px;padding-right:0px;padding-bottom:15px;padding-left:0px;color:#f2f2f2;border:0;width:300px;\" data-wpex-hover='{&quot;background&quot;:&quot;#f48e00&quot;}' target=\"_blank\" rel=\"noopener noreferrer\"><span class=\"vcex-button-inner theme-button-inner\">Zur Musikauswahl<\/span><\/a><\/div><\/div> [\/vc_column][\/vc_row][vc_row full_width=&#8220;stretch_row&#8220; css=&#8220;.vc_custom_1668518333266{background-color: #1e1e1e !important;}&#8220;][vc_column]<div class=\"templatera_shortcode\"><div class=\"vc_row wpb_row vc_row-fluid no-bottom-margins\"><div class=\"wpb_column vc_column_container vc_col-sm-12\"><div class=\"vc_column-inner\"><div class=\"wpb_wrapper\"><div class=\"vc_empty_space\"   style=\"height: 40px\"><span class=\"vc_empty_space_inner\"><\/span><\/div><style>.vcex-heading.vcex_69f2ac53eaf86 .vcex-heading-inner{border-color:#fc9a00;}.vcex-heading.vcex_69f2ac53eaf86{border-color:#e2e2e2;}<\/style><h2 class=\"vcex-heading vcex-heading-bottom-border-w-color vcex-module wpex-heading wpex-text-2xl wpex-border-b-2 wpex-border-solid wpex-border-main vcex_69f2ac53eaf86\"><span class=\"vcex-heading-inner wpex-inline-block wpex-relative wpex-pb-5 wpex-border-b-2 wpex-border-solid wpex-border-accent\">Piranha App Download<\/span><\/h2><div class=\"vc_empty_space\"   style=\"height: 20px\"><span class=\"vc_empty_space_inner\"><\/span><\/div><div class=\"vc_row wpb_row vc_inner vc_row-fluid vc_column-gap-10\"><div class=\"wpb_column vc_column_container vc_col-sm-4\"><div class=\"vc_column-inner\"><div class=\"wpb_wrapper\">\n\t<div  class=\"wpb_single_image wpb_content_element vc_align_ wpb_content_element\">\n\t\t\n\t\t<figure class=\"wpb_wrapper vc_figure\">\n\t\t\t<a href=\"https:\/\/play.google.com\/store\/apps\/details?id=tools.octopus.piranha\" target=\"_blank\" class=\"vc_single_image-wrapper wpex-image-hover opacity   vc_box_border_grey\"><img width=\"452\" height=\"136\" src=\"https:\/\/www.octopus.tools\/wp-content\/uploads\/2018\/03\/app-dl-android.png\" class=\"vc_single_image-img attachment-full\" alt=\"\" title=\"app-dl-android\" srcset=\"https:\/\/www.octopus.tools\/wp-content\/uploads\/2018\/03\/app-dl-android.png 452w, https:\/\/www.octopus.tools\/wp-content\/uploads\/2018\/03\/app-dl-android-150x45.png 150w, https:\/\/www.octopus.tools\/wp-content\/uploads\/2018\/03\/app-dl-android-300x90.png 300w\" sizes=\"(max-width: 452px) 100vw, 452px\" \/><\/a>\n\t\t<\/figure>\n\t<\/div>\n<\/div><\/div><\/div><div class=\"wpb_column vc_column_container vc_col-sm-4\"><div class=\"vc_column-inner\"><div class=\"wpb_wrapper\">\n\t<div  class=\"wpb_single_image wpb_content_element vc_align_ wpb_content_element\">\n\t\t\n\t\t<figure class=\"wpb_wrapper vc_figure\">\n\t\t\t<a href=\"https:\/\/itunes.apple.com\/de\/app\/piranha-app\/id1370806374\" target=\"_blank\" class=\"vc_single_image-wrapper wpex-image-hover opacity   vc_box_border_grey\"><img width=\"452\" height=\"136\" src=\"https:\/\/www.octopus.tools\/wp-content\/uploads\/2018\/03\/app-dl-ios.png\" class=\"vc_single_image-img attachment-full\" alt=\"\" title=\"app-dl-ios\" srcset=\"https:\/\/www.octopus.tools\/wp-content\/uploads\/2018\/03\/app-dl-ios.png 452w, https:\/\/www.octopus.tools\/wp-content\/uploads\/2018\/03\/app-dl-ios-150x45.png 150w, https:\/\/www.octopus.tools\/wp-content\/uploads\/2018\/03\/app-dl-ios-300x90.png 300w\" sizes=\"(max-width: 452px) 100vw, 452px\" \/><\/a>\n\t\t<\/figure>\n\t<\/div>\n<\/div><\/div><\/div><div class=\"wpb_column vc_column_container vc_col-sm-4\"><div class=\"vc_column-inner\"><div class=\"wpb_wrapper\">\n\t<div  class=\"wpb_single_image wpb_content_element vc_align_ wpb_content_element\">\n\t\t\n\t\t<figure class=\"wpb_wrapper vc_figure\">\n\t\t\t<a href=\"https:\/\/appgallery.huawei.com\/#\/app\/C103541489\" target=\"_blank\" class=\"vc_single_image-wrapper wpex-image-hover opacity   vc_box_border_grey\"><img width=\"452\" height=\"136\" src=\"https:\/\/www.octopus.tools\/wp-content\/uploads\/2021\/12\/app-dl-huawei.png\" class=\"vc_single_image-img attachment-full\" alt=\"\" title=\"app-dl-huawei\" srcset=\"https:\/\/www.octopus.tools\/wp-content\/uploads\/2021\/12\/app-dl-huawei.png 452w, https:\/\/www.octopus.tools\/wp-content\/uploads\/2021\/12\/app-dl-huawei-300x90.png 300w, https:\/\/www.octopus.tools\/wp-content\/uploads\/2021\/12\/app-dl-huawei-150x45.png 150w, https:\/\/www.octopus.tools\/wp-content\/uploads\/2021\/12\/app-dl-huawei-100x30.png 100w\" sizes=\"(max-width: 452px) 100vw, 452px\" \/><\/a>\n\t\t<\/figure>\n\t<\/div>\n<\/div><\/div><\/div><\/div><\/div><\/div><\/div><\/div>\r\n<\/div>[\/vc_column][\/vc_row]\n<\/div>","protected":false},"excerpt":{"rendered":"Automobilfotografie per App Mit Piranha k\u00f6nnen Sie nun Fotos, 360\u00b0 Interiors [Innenansichten], 360\u00b0 Spins [Au\u00dfenansichten] und Videos erstellen - Alles in einer App. Damit schaffen Sie volle Transparenz dem Fahrzeuginteressenten gegen\u00fcber. Er kann sich exakt anschauen, was ihn interessiert - egal ob im Innenraum oder an der Au\u00dfenseite. Foto Video 360\u00b0 Spin 360\u00b0 Interior Foto&hellip;","protected":false},"author":11,"featured_media":0,"parent":0,"menu_order":0,"comment_status":"closed","ping_status":"closed","template":"","meta":{"content-type":"","inline_featured_image":false,"footnotes":""},"class_list":["post-12077","page","type-page","status-publish","hentry","entry","no-media"],"yoast_head":"<!-- This site is optimized with the Yoast SEO plugin v24.0 - https:\/\/yoast.com\/wordpress\/plugins\/seo\/ -->\n<title>Video - Octopus tools - automotive imagery solutions<\/title>\n<meta name=\"robots\" content=\"index, follow, max-snippet:-1, max-image-preview:large, max-video-preview:-1\" \/>\n<link rel=\"canonical\" href=\"https:\/\/www.octopus.tools\/de\/video\/\" \/>\n<meta property=\"og:locale\" content=\"de_DE\" \/>\n<meta property=\"og:type\" content=\"article\" \/>\n<meta property=\"og:title\" content=\"Video - Octopus tools - automotive imagery solutions\" \/>\n<meta property=\"og:url\" content=\"https:\/\/www.octopus.tools\/de\/video\/\" \/>\n<meta property=\"og:site_name\" content=\"Octopus tools - automotive imagery solutions\" \/>\n<meta property=\"article:publisher\" content=\"https:\/\/www.facebook.com\/yoozoo.de\" \/>\n<meta property=\"article:modified_time\" content=\"2022-11-22T14:31:48+00:00\" \/>\n<meta property=\"og:image\" content=\"https:\/\/www.octopus.tools\/wp-content\/uploads\/2018\/04\/social-share-thumb.jpg\" \/>\n\t<meta property=\"og:image:width\" content=\"900\" \/>\n\t<meta property=\"og:image:height\" content=\"900\" \/>\n\t<meta property=\"og:image:type\" content=\"image\/jpeg\" \/>\n<meta name=\"twitter:card\" content=\"summary_large_image\" \/>\n<meta name=\"twitter:site\" content=\"@yoozoo_de\" \/>\n<meta name=\"twitter:label1\" content=\"Gesch\u00e4tzte Lesezeit\" \/>\n\t<meta name=\"twitter:data1\" content=\"5\u00a0Minuten\" \/>\n<script type=\"application\/ld+json\" class=\"yoast-schema-graph\">{\"@context\":\"https:\/\/schema.org\",\"@graph\":[{\"@type\":\"WebPage\",\"@id\":\"https:\/\/www.octopus.tools\/de\/video\/\",\"url\":\"https:\/\/www.octopus.tools\/de\/video\/\",\"name\":\"Video - Octopus tools - automotive imagery solutions\",\"isPartOf\":{\"@id\":\"https:\/\/www.octopus.tools\/de\/#website\"},\"datePublished\":\"2021-11-16T15:08:18+00:00\",\"dateModified\":\"2022-11-22T14:31:48+00:00\",\"breadcrumb\":{\"@id\":\"https:\/\/www.octopus.tools\/de\/video\/#breadcrumb\"},\"inLanguage\":\"de\",\"potentialAction\":[{\"@type\":\"ReadAction\",\"target\":[\"https:\/\/www.octopus.tools\/de\/video\/\"]}]},{\"@type\":\"BreadcrumbList\",\"@id\":\"https:\/\/www.octopus.tools\/de\/video\/#breadcrumb\",\"itemListElement\":[{\"@type\":\"ListItem\",\"position\":1,\"name\":\"Home\",\"item\":\"https:\/\/www.octopus.tools\/de\/\"},{\"@type\":\"ListItem\",\"position\":2,\"name\":\"Video\"}]},{\"@type\":\"WebSite\",\"@id\":\"https:\/\/www.octopus.tools\/de\/#website\",\"url\":\"https:\/\/www.octopus.tools\/de\/\",\"name\":\"Octopus tools - automotive imagery solutions\",\"description\":\"yoozoo GmbH software\",\"publisher\":{\"@id\":\"https:\/\/www.octopus.tools\/de\/#organization\"},\"potentialAction\":[{\"@type\":\"SearchAction\",\"target\":{\"@type\":\"EntryPoint\",\"urlTemplate\":\"https:\/\/www.octopus.tools\/de\/?s={search_term_string}\"},\"query-input\":{\"@type\":\"PropertyValueSpecification\",\"valueRequired\":true,\"valueName\":\"search_term_string\"}}],\"inLanguage\":\"de\"},{\"@type\":\"Organization\",\"@id\":\"https:\/\/www.octopus.tools\/de\/#organization\",\"name\":\"Octopus.tools [by yoozoo GmbH]\",\"url\":\"https:\/\/www.octopus.tools\/de\/\",\"logo\":{\"@type\":\"ImageObject\",\"inLanguage\":\"de\",\"@id\":\"https:\/\/www.octopus.tools\/de\/#\/schema\/logo\/image\/\",\"url\":\"https:\/\/www.octopus.tools\/wp-content\/uploads\/2018\/02\/website-octopus-tools-08.svg\",\"contentUrl\":\"https:\/\/www.octopus.tools\/wp-content\/uploads\/2018\/02\/website-octopus-tools-08.svg\",\"caption\":\"Octopus.tools [by yoozoo GmbH]\"},\"image\":{\"@id\":\"https:\/\/www.octopus.tools\/de\/#\/schema\/logo\/image\/\"},\"sameAs\":[\"https:\/\/www.facebook.com\/yoozoo.de\",\"https:\/\/x.com\/yoozoo_de\"]}]}<\/script>\n<!-- \/ Yoast SEO plugin. -->","yoast_head_json":{"title":"Video - Octopus tools - automotive imagery solutions","robots":{"index":"index","follow":"follow","max-snippet":"max-snippet:-1","max-image-preview":"max-image-preview:large","max-video-preview":"max-video-preview:-1"},"canonical":"https:\/\/www.octopus.tools\/de\/video\/","og_locale":"de_DE","og_type":"article","og_title":"Video - Octopus tools - automotive imagery solutions","og_url":"https:\/\/www.octopus.tools\/de\/video\/","og_site_name":"Octopus tools - automotive imagery solutions","article_publisher":"https:\/\/www.facebook.com\/yoozoo.de","article_modified_time":"2022-11-22T14:31:48+00:00","og_image":[{"width":900,"height":900,"url":"https:\/\/www.octopus.tools\/wp-content\/uploads\/2018\/04\/social-share-thumb.jpg","type":"image\/jpeg"}],"twitter_card":"summary_large_image","twitter_site":"@yoozoo_de","twitter_misc":{"Gesch\u00e4tzte Lesezeit":"5\u00a0Minuten"},"schema":{"@context":"https:\/\/schema.org","@graph":[{"@type":"WebPage","@id":"https:\/\/www.octopus.tools\/de\/video\/","url":"https:\/\/www.octopus.tools\/de\/video\/","name":"Video - Octopus tools - automotive imagery solutions","isPartOf":{"@id":"https:\/\/www.octopus.tools\/de\/#website"},"datePublished":"2021-11-16T15:08:18+00:00","dateModified":"2022-11-22T14:31:48+00:00","breadcrumb":{"@id":"https:\/\/www.octopus.tools\/de\/video\/#breadcrumb"},"inLanguage":"de","potentialAction":[{"@type":"ReadAction","target":["https:\/\/www.octopus.tools\/de\/video\/"]}]},{"@type":"BreadcrumbList","@id":"https:\/\/www.octopus.tools\/de\/video\/#breadcrumb","itemListElement":[{"@type":"ListItem","position":1,"name":"Home","item":"https:\/\/www.octopus.tools\/de\/"},{"@type":"ListItem","position":2,"name":"Video"}]},{"@type":"WebSite","@id":"https:\/\/www.octopus.tools\/de\/#website","url":"https:\/\/www.octopus.tools\/de\/","name":"Octopus tools - automotive imagery solutions","description":"yoozoo GmbH software","publisher":{"@id":"https:\/\/www.octopus.tools\/de\/#organization"},"potentialAction":[{"@type":"SearchAction","target":{"@type":"EntryPoint","urlTemplate":"https:\/\/www.octopus.tools\/de\/?s={search_term_string}"},"query-input":{"@type":"PropertyValueSpecification","valueRequired":true,"valueName":"search_term_string"}}],"inLanguage":"de"},{"@type":"Organization","@id":"https:\/\/www.octopus.tools\/de\/#organization","name":"Octopus.tools [by yoozoo GmbH]","url":"https:\/\/www.octopus.tools\/de\/","logo":{"@type":"ImageObject","inLanguage":"de","@id":"https:\/\/www.octopus.tools\/de\/#\/schema\/logo\/image\/","url":"https:\/\/www.octopus.tools\/wp-content\/uploads\/2018\/02\/website-octopus-tools-08.svg","contentUrl":"https:\/\/www.octopus.tools\/wp-content\/uploads\/2018\/02\/website-octopus-tools-08.svg","caption":"Octopus.tools [by yoozoo GmbH]"},"image":{"@id":"https:\/\/www.octopus.tools\/de\/#\/schema\/logo\/image\/"},"sameAs":["https:\/\/www.facebook.com\/yoozoo.de","https:\/\/x.com\/yoozoo_de"]}]}},"_links":{"self":[{"href":"https:\/\/www.octopus.tools\/de\/wp-json\/wp\/v2\/pages\/12077","targetHints":{"allow":["GET"]}}],"collection":[{"href":"https:\/\/www.octopus.tools\/de\/wp-json\/wp\/v2\/pages"}],"about":[{"href":"https:\/\/www.octopus.tools\/de\/wp-json\/wp\/v2\/types\/page"}],"author":[{"embeddable":true,"href":"https:\/\/www.octopus.tools\/de\/wp-json\/wp\/v2\/users\/11"}],"replies":[{"embeddable":true,"href":"https:\/\/www.octopus.tools\/de\/wp-json\/wp\/v2\/comments?post=12077"}],"version-history":[{"count":0,"href":"https:\/\/www.octopus.tools\/de\/wp-json\/wp\/v2\/pages\/12077\/revisions"}],"wp:attachment":[{"href":"https:\/\/www.octopus.tools\/de\/wp-json\/wp\/v2\/media?parent=12077"}],"curies":[{"name":"wp","href":"https:\/\/api.w.org\/{rel}","templated":true}]}}