{"id":13344,"date":"2022-01-24T15:35:04","date_gmt":"2022-01-24T15:35:04","guid":{"rendered":"https:\/\/octopus.tools\/musikauswahl\/"},"modified":"2025-01-30T22:35:28","modified_gmt":"2025-01-30T21:35:28","slug":"musikauswahl","status":"publish","type":"page","link":"https:\/\/www.octopus.tools\/de\/musikauswahl\/","title":{"rendered":"Musikauswahl"},"content":{"rendered":"<div class=\"wpb-content-wrapper\">[vc_row full_width=&#8220;stretch_row_content&#8220; content_placement=&#8220;middle&#8220; column_spacing=&#8220;0px&#8220;][vc_column][vc_empty_space height=&#8220;40px&#8220;][\/vc_column][\/vc_row][vc_row remove_bottom_col_margin=&#8220;true&#8220;][vc_column]<style>.vcex-heading.vcex_69f2c45d428cf .vcex-heading-inner{border-color:#fc9a00;}.vcex-heading.vcex_69f2c45d428cf{border-color:#e2e2e2;}<\/style><h2 class=\"vcex-heading vcex-heading-bottom-border-w-color vcex-module wpex-heading wpex-text-2xl vc_custom_1637074359256 wpex-border-b-2 wpex-border-solid wpex-border-main vcex_69f2c45d428cf\"><span class=\"vcex-heading-inner wpex-inline-block wpex-relative wpex-pb-5 wpex-border-b-2 wpex-border-solid wpex-border-accent\">Musikauswahl<\/span><\/h2>[vc_column_text]Hier k\u00f6nnen Sie die Musik f\u00fcr Ihre Videos w\u00e4hlen. Wir erweitern unsere Audiothek st\u00e4ndig. Sollten Sie nichts Passendes finden, sprechen Sie uns bitte an.[\/vc_column_text][vc_empty_space height=&#8220;20px&#8220;][\/vc_column][\/vc_row][vc_row][vc_column width=&#8220;1\/2&#8243;][vc_column_text]\n<h4 style=\"text-align: right;\">01 &#8211; Trap<\/h4>\n[\/vc_column_text][vc_column_text css=&#8220;&#8220;]<script type='text\/javascript'>FWDEAPUtils.onReady(function(){fwdeapPlayer0= new FWDEAP({instanceName:'fwdeapPlayer0',parentId:'fwdeapdiv0',mainFolderPath:'https:\/\/www.octopus.tools\/wp-content\/plugins\/fwdeap\/content',skinPath:'classic_skin_dark',sourcePath:'encrypt:aHR0cHM6Ly93d3cub2N0b3B1cy50b29scy93cC1jb250ZW50L3VwbG9hZHMvMjAyMi8wMS9UcmFwMDEtMS5tcDM=',useOnlyAPI:'no',autoPlay:'no',rightClickContextMenu:'disabled',loop:'no',useVectorIcons:'no',useHEXColorsForSkin:'yes',normalHEXButtonsColor:'#c32e6e',normalHEXButtonsColor2:'#dedede',maxWidth:521,showToolTips:'yes',toolTipBackgroundColor:'#5b5b5b',toolTipTextColor:'#d1d1d1',volume:0.8,animateOnIntro:'no',showOnlyPlayButton:'no',showBackgroundBar:'yes',showMainScrubber:'yes',showFacebookButton:'yes',showVolumeButton:'yes',soundCloudAPIKey:'',initializeOnlyWhenVisible:'no',addKeyboardSupport:'yes',showTime:'yes',repeatBackground:'yes',showTime:'yes',repeatBackground:'yes',controllerHeight:43,startSpaceBetweenButtons:11,spaceBetweenButtons:10,volumeScrubberWidth:80,scrubbersOffsetWidth:3,scrubbersOffestTotalWidth:0,timeOffsetLeftWidth:3,timeOffsetRightWidth:2,timeOffsetTop:-1,timeOffestTotalWidth:0,timeColor:'#bdbdbd',useVisualizer:'yes',visualizerRandomPreset:'no',visualizerPreset:'bars1',visualizerColor:['#c32e6e','#5b6f88','#984798','#4a8da7','#fc9a00'],visualizerCapColor:'#c32e6e'})});<\/script><div id='fwdeapdiv0'><\/div>[\/vc_column_text][\/vc_column][vc_column width=&#8220;1\/2&#8243;][vc_column_text]\n<h4 style=\"text-align: right;\">02 &#8211; Reggae<\/h4>\n[\/vc_column_text][vc_column_text css=&#8220;&#8220;]<script type='text\/javascript'>FWDEAPUtils.onReady(function(){fwdeapPlayer1= new FWDEAP({instanceName:'fwdeapPlayer1',parentId:'fwdeapdiv1',mainFolderPath:'https:\/\/www.octopus.tools\/wp-content\/plugins\/fwdeap\/content',skinPath:'classic_skin_dark',sourcePath:'encrypt:aHR0cHM6Ly93d3cub2N0b3B1cy50b29scy93cC1jb250ZW50L3VwbG9hZHMvMjAyMi8wMS9SZWdnYWUwMS0xLm1wMw==',useOnlyAPI:'no',autoPlay:'no',rightClickContextMenu:'disabled',loop:'no',useVectorIcons:'no',useHEXColorsForSkin:'yes',normalHEXButtonsColor:'#28fd0b',normalHEXButtonsColor2:'#dedede',maxWidth:521,showToolTips:'yes',toolTipBackgroundColor:'#5b5b5b',toolTipTextColor:'#d1d1d1',volume:0.8,animateOnIntro:'no',showOnlyPlayButton:'no',showBackgroundBar:'yes',showMainScrubber:'yes',showFacebookButton:'yes',showVolumeButton:'yes',soundCloudAPIKey:'',initializeOnlyWhenVisible:'no',addKeyboardSupport:'yes',showTime:'yes',repeatBackground:'yes',showTime:'yes',repeatBackground:'yes',controllerHeight:43,startSpaceBetweenButtons:11,spaceBetweenButtons:10,volumeScrubberWidth:80,scrubbersOffsetWidth:3,scrubbersOffestTotalWidth:0,timeOffsetLeftWidth:3,timeOffsetRightWidth:2,timeOffsetTop:-1,timeOffestTotalWidth:0,timeColor:'#bdbdbd',useVisualizer:'yes',visualizerRandomPreset:'no',visualizerPreset:'bars1',visualizerColor:['#af0000','#d90000','#fd040b','#fbfd09','#28fd0b'],visualizerCapColor:'#c32e6e'})});<\/script><div id='fwdeapdiv1'><\/div>[\/vc_column_text][\/vc_column][\/vc_row][vc_row][vc_column width=&#8220;1\/2&#8243;][vc_column_text]\n<h4 style=\"text-align: right;\">03 &#8211; Hip Hop<\/h4>\n[\/vc_column_text][vc_column_text css=&#8220;&#8220;]<script type='text\/javascript'>FWDEAPUtils.onReady(function(){fwdeapPlayer2= new FWDEAP({instanceName:'fwdeapPlayer2',parentId:'fwdeapdiv2',mainFolderPath:'https:\/\/www.octopus.tools\/wp-content\/plugins\/fwdeap\/content',skinPath:'classic_skin_dark',sourcePath:'encrypt:aHR0cHM6Ly93d3cub2N0b3B1cy50b29scy93cC1jb250ZW50L3VwbG9hZHMvMjAyMi8wMS9IaXBIb3AwMS0xLm1wMw==',useOnlyAPI:'no',autoPlay:'no',rightClickContextMenu:'disabled',loop:'no',useVectorIcons:'no',useHEXColorsForSkin:'yes',normalHEXButtonsColor:'#fc9a00',normalHEXButtonsColor2:'#dedede',maxWidth:521,showToolTips:'yes',toolTipBackgroundColor:'#5b5b5b',toolTipTextColor:'#d1d1d1',volume:0.8,animateOnIntro:'no',showOnlyPlayButton:'no',showBackgroundBar:'yes',showMainScrubber:'yes',showFacebookButton:'yes',showVolumeButton:'yes',soundCloudAPIKey:'',initializeOnlyWhenVisible:'no',addKeyboardSupport:'yes',showTime:'yes',repeatBackground:'yes',showTime:'yes',repeatBackground:'yes',controllerHeight:43,startSpaceBetweenButtons:11,spaceBetweenButtons:10,volumeScrubberWidth:80,scrubbersOffsetWidth:3,scrubbersOffestTotalWidth:0,timeOffsetLeftWidth:3,timeOffsetRightWidth:2,timeOffsetTop:-1,timeOffestTotalWidth:0,timeColor:'#bdbdbd',useVisualizer:'yes',visualizerRandomPreset:'no',visualizerPreset:'bars1',visualizerColor:['#c32e6e','#5b6f88','#984798','#4a8da7','#fc9a00'],visualizerCapColor:'#c32e6e'})});<\/script><div id='fwdeapdiv2'><\/div>[\/vc_column_text][\/vc_column][vc_column width=&#8220;1\/2&#8243;][vc_column_text]\n<h4 style=\"text-align: right;\">04 &#8211; Chillout<\/h4>\n[\/vc_column_text][vc_column_text css=&#8220;&#8220;]<script type='text\/javascript'>FWDEAPUtils.onReady(function(){fwdeapPlayer3= new FWDEAP({instanceName:'fwdeapPlayer3',parentId:'fwdeapdiv3',mainFolderPath:'https:\/\/www.octopus.tools\/wp-content\/plugins\/fwdeap\/content',skinPath:'classic_skin_dark',sourcePath:'encrypt:aHR0cHM6Ly93d3cub2N0b3B1cy50b29scy93cC1jb250ZW50L3VwbG9hZHMvMjAyMi8wMS9DaGlsbG91dDA1LTEubXAz',useOnlyAPI:'no',autoPlay:'no',rightClickContextMenu:'disabled',loop:'no',useVectorIcons:'no',useHEXColorsForSkin:'yes',normalHEXButtonsColor:'#096fc6',normalHEXButtonsColor2:'#dedede',maxWidth:521,showToolTips:'yes',toolTipBackgroundColor:'#5b5b5b',toolTipTextColor:'#d1d1d1',volume:0.8,animateOnIntro:'no',showOnlyPlayButton:'no',showBackgroundBar:'yes',showMainScrubber:'yes',showFacebookButton:'yes',showVolumeButton:'yes',soundCloudAPIKey:'',initializeOnlyWhenVisible:'no',addKeyboardSupport:'yes',showTime:'yes',repeatBackground:'yes',showTime:'yes',repeatBackground:'yes',controllerHeight:43,startSpaceBetweenButtons:11,spaceBetweenButtons:10,volumeScrubberWidth:80,scrubbersOffsetWidth:3,scrubbersOffestTotalWidth:0,timeOffsetLeftWidth:3,timeOffsetRightWidth:2,timeOffsetTop:-1,timeOffestTotalWidth:0,timeColor:'#bdbdbd',useVisualizer:'yes',visualizerRandomPreset:'no',visualizerPreset:'bars1',visualizerColor:['#c32e6e','#5b6f88','#984798','#4a8da7','#fc9a00'],visualizerCapColor:'#c32e6e'})});<\/script><div id='fwdeapdiv3'><\/div>[\/vc_column_text][\/vc_column][\/vc_row][vc_row][vc_column width=&#8220;1\/2&#8243;][vc_column_text]\n<h4 style=\"text-align: right;\">05 &#8211; Chillout<\/h4>\n[\/vc_column_text][vc_column_text css=&#8220;&#8220;]<script type='text\/javascript'>FWDEAPUtils.onReady(function(){fwdeapPlayer4= new FWDEAP({instanceName:'fwdeapPlayer4',parentId:'fwdeapdiv4',mainFolderPath:'https:\/\/www.octopus.tools\/wp-content\/plugins\/fwdeap\/content',skinPath:'classic_skin_dark',sourcePath:'encrypt:aHR0cHM6Ly93d3cub2N0b3B1cy50b29scy93cC1jb250ZW50L3VwbG9hZHMvMjAyMi8wMS9DaGlsbG91dDA0LTEubXAz',useOnlyAPI:'no',autoPlay:'no',rightClickContextMenu:'disabled',loop:'no',useVectorIcons:'no',useHEXColorsForSkin:'yes',normalHEXButtonsColor:'#db0036',normalHEXButtonsColor2:'#dedede',maxWidth:521,showToolTips:'yes',toolTipBackgroundColor:'#5b5b5b',toolTipTextColor:'#d1d1d1',volume:0.8,animateOnIntro:'no',showOnlyPlayButton:'no',showBackgroundBar:'yes',showMainScrubber:'yes',showFacebookButton:'yes',showVolumeButton:'yes',soundCloudAPIKey:'',initializeOnlyWhenVisible:'no',addKeyboardSupport:'yes',showTime:'yes',repeatBackground:'yes',showTime:'yes',repeatBackground:'yes',controllerHeight:43,startSpaceBetweenButtons:11,spaceBetweenButtons:10,volumeScrubberWidth:80,scrubbersOffsetWidth:3,scrubbersOffestTotalWidth:0,timeOffsetLeftWidth:3,timeOffsetRightWidth:2,timeOffsetTop:-1,timeOffestTotalWidth:0,timeColor:'#bdbdbd',useVisualizer:'yes',visualizerRandomPreset:'no',visualizerPreset:'bars1',visualizerColor:['#c32e6e','#5b6f88','#984798','#4a8da7','#fc9a00'],visualizerCapColor:'#c32e6e'})});<\/script><div id='fwdeapdiv4'><\/div>[\/vc_column_text][\/vc_column][vc_column width=&#8220;1\/2&#8243;][vc_column_text]\n<h4 style=\"text-align: right;\">06 &#8211; Chillout<\/h4>\n[\/vc_column_text][vc_column_text css=&#8220;&#8220;]<script type='text\/javascript'>FWDEAPUtils.onReady(function(){fwdeapPlayer5= new FWDEAP({instanceName:'fwdeapPlayer5',parentId:'fwdeapdiv5',mainFolderPath:'https:\/\/www.octopus.tools\/wp-content\/plugins\/fwdeap\/content',skinPath:'classic_skin_dark',sourcePath:'encrypt:aHR0cHM6Ly93d3cub2N0b3B1cy50b29scy93cC1jb250ZW50L3VwbG9hZHMvMjAyMi8wMS9DaGlsbG91dDAyLTEubXAz',useOnlyAPI:'no',autoPlay:'no',rightClickContextMenu:'disabled',loop:'no',useVectorIcons:'no',useHEXColorsForSkin:'yes',normalHEXButtonsColor:'#e6ed07',normalHEXButtonsColor2:'#dedede',maxWidth:521,showToolTips:'yes',toolTipBackgroundColor:'#5b5b5b',toolTipTextColor:'#d1d1d1',volume:0.8,animateOnIntro:'no',showOnlyPlayButton:'no',showBackgroundBar:'yes',showMainScrubber:'yes',showFacebookButton:'yes',showVolumeButton:'yes',soundCloudAPIKey:'',initializeOnlyWhenVisible:'no',addKeyboardSupport:'yes',showTime:'yes',repeatBackground:'yes',showTime:'yes',repeatBackground:'yes',controllerHeight:43,startSpaceBetweenButtons:11,spaceBetweenButtons:10,volumeScrubberWidth:80,scrubbersOffsetWidth:3,scrubbersOffestTotalWidth:0,timeOffsetLeftWidth:3,timeOffsetRightWidth:2,timeOffsetTop:-1,timeOffestTotalWidth:0,timeColor:'#bdbdbd',useVisualizer:'yes',visualizerRandomPreset:'no',visualizerPreset:'bars1',visualizerColor:['#c32e6e','#5b6f88','#984798','#4a8da7','#fc9a00'],visualizerCapColor:'#c32e6e'})});<\/script><div id='fwdeapdiv5'><\/div>[\/vc_column_text][\/vc_column][\/vc_row][vc_row][vc_column][vc_empty_space height=&#8220;20px&#8220;][\/vc_column][\/vc_row]\n<\/div>","protected":false},"excerpt":{"rendered":"<p>[vc_row full_width=&#8220;stretch_row_content&#8220; content_placement=&#8220;middle&#8220; column_spacing=&#8220;0px&#8220;][vc_column][vc_empty_space height=&#8220;40px&#8220;][\/vc_column][\/vc_row][vc_row remove_bottom_col_margin=&#8220;true&#8220;][vc_column][vc_column_text]Hier k\u00f6nnen Sie die Musik f\u00fcr Ihre Videos w\u00e4hlen. Wir erweitern unsere Audiothek st\u00e4ndig. Sollten Sie nichts Passendes finden, sprechen Sie uns bitte an.[\/vc_column_text][vc_empty_space height=&#8220;20px&#8220;][\/vc_column][\/vc_row][vc_row][vc_column width=&#8220;1\/2&#8243;][vc_column_text] 01 &#8211; Trap [\/vc_column_text][vc_column_text css=&#8220;&#8220;][\/vc_column_text][\/vc_column][vc_column width=&#8220;1\/2&#8243;][vc_column_text] 02 &#8211; Reggae [\/vc_column_text][vc_column_text css=&#8220;&#8220;][\/vc_column_text][\/vc_column][\/vc_row][vc_row][vc_column width=&#8220;1\/2&#8243;][vc_column_text] 03 &#8211; Hip Hop [\/vc_column_text][vc_column_text css=&#8220;&#8220;][\/vc_column_text][\/vc_column][vc_column width=&#8220;1\/2&#8243;][vc_column_text] 04 &#8211; Chillout [\/vc_column_text][vc_column_text css=&#8220;&#8220;][\/vc_column_text][\/vc_column][\/vc_row][vc_row][vc_column&hellip;<\/p>\n","protected":false},"author":1,"featured_media":0,"parent":0,"menu_order":0,"comment_status":"closed","ping_status":"closed","template":"","meta":{"content-type":"","inline_featured_image":false,"footnotes":""},"class_list":["post-13344","page","type-page","status-publish","hentry","entry","no-media"],"yoast_head":"<!-- This site is optimized with the Yoast SEO plugin v24.0 - https:\/\/yoast.com\/wordpress\/plugins\/seo\/ -->\n<title>Musikauswahl - Octopus tools - automotive imagery solutions<\/title>\n<meta name=\"robots\" content=\"index, follow, max-snippet:-1, max-image-preview:large, max-video-preview:-1\" \/>\n<link rel=\"canonical\" href=\"https:\/\/www.octopus.tools\/de\/musikauswahl\/\" \/>\n<meta property=\"og:locale\" content=\"de_DE\" \/>\n<meta property=\"og:type\" content=\"article\" \/>\n<meta property=\"og:title\" content=\"Musikauswahl - Octopus tools - automotive imagery solutions\" \/>\n<meta property=\"og:description\" content=\"[vc_row full_width=&#8220;stretch_row_content&#8220; content_placement=&#8220;middle&#8220; column_spacing=&#8220;0px&#8220;][vc_column][vc_empty_space height=&#8220;40px&#8220;][\/vc_column][\/vc_row][vc_row remove_bottom_col_margin=&#8220;true&#8220;][vc_column][vc_column_text]Hier k\u00f6nnen Sie die Musik f\u00fcr Ihre Videos w\u00e4hlen. Wir erweitern unsere Audiothek st\u00e4ndig. Sollten Sie nichts Passendes finden, sprechen Sie uns bitte an.[\/vc_column_text][vc_empty_space height=&#8220;20px&#8220;][\/vc_column][\/vc_row][vc_row][vc_column width=&#8220;1\/2&#8243;][vc_column_text] 01 &#8211; Trap [\/vc_column_text][vc_column_text css=&#8220;&#8220;][\/vc_column_text][\/vc_column][vc_column width=&#8220;1\/2&#8243;][vc_column_text] 02 &#8211; Reggae [\/vc_column_text][vc_column_text css=&#8220;&#8220;][\/vc_column_text][\/vc_column][\/vc_row][vc_row][vc_column width=&#8220;1\/2&#8243;][vc_column_text] 03 &#8211; Hip Hop [\/vc_column_text][vc_column_text css=&#8220;&#8220;][\/vc_column_text][\/vc_column][vc_column width=&#8220;1\/2&#8243;][vc_column_text] 04 &#8211; Chillout [\/vc_column_text][vc_column_text css=&#8220;&#8220;][\/vc_column_text][\/vc_column][\/vc_row][vc_row][vc_column&hellip;\" \/>\n<meta property=\"og:url\" content=\"https:\/\/www.octopus.tools\/de\/musikauswahl\/\" \/>\n<meta property=\"og:site_name\" content=\"Octopus tools - automotive imagery solutions\" \/>\n<meta property=\"article:publisher\" content=\"https:\/\/www.facebook.com\/yoozoo.de\" \/>\n<meta property=\"article:modified_time\" content=\"2025-01-30T21:35:28+00:00\" \/>\n<meta property=\"og:image\" content=\"https:\/\/www.octopus.tools\/wp-content\/uploads\/2018\/04\/social-share-thumb.jpg\" \/>\n\t<meta property=\"og:image:width\" content=\"900\" \/>\n\t<meta property=\"og:image:height\" content=\"900\" \/>\n\t<meta property=\"og:image:type\" content=\"image\/jpeg\" \/>\n<meta name=\"twitter:card\" content=\"summary_large_image\" \/>\n<meta name=\"twitter:site\" content=\"@yoozoo_de\" \/>\n<meta name=\"twitter:label1\" content=\"Gesch\u00e4tzte Lesezeit\" \/>\n\t<meta name=\"twitter:data1\" content=\"1\u00a0Minute\" \/>\n<script type=\"application\/ld+json\" class=\"yoast-schema-graph\">{\"@context\":\"https:\/\/schema.org\",\"@graph\":[{\"@type\":\"WebPage\",\"@id\":\"https:\/\/www.octopus.tools\/de\/musikauswahl\/\",\"url\":\"https:\/\/www.octopus.tools\/de\/musikauswahl\/\",\"name\":\"Musikauswahl - Octopus tools - automotive imagery solutions\",\"isPartOf\":{\"@id\":\"https:\/\/www.octopus.tools\/de\/#website\"},\"datePublished\":\"2022-01-24T15:35:04+00:00\",\"dateModified\":\"2025-01-30T21:35:28+00:00\",\"breadcrumb\":{\"@id\":\"https:\/\/www.octopus.tools\/de\/musikauswahl\/#breadcrumb\"},\"inLanguage\":\"de\",\"potentialAction\":[{\"@type\":\"ReadAction\",\"target\":[\"https:\/\/www.octopus.tools\/de\/musikauswahl\/\"]}]},{\"@type\":\"BreadcrumbList\",\"@id\":\"https:\/\/www.octopus.tools\/de\/musikauswahl\/#breadcrumb\",\"itemListElement\":[{\"@type\":\"ListItem\",\"position\":1,\"name\":\"Home\",\"item\":\"https:\/\/www.octopus.tools\/de\/\"},{\"@type\":\"ListItem\",\"position\":2,\"name\":\"Musikauswahl\"}]},{\"@type\":\"WebSite\",\"@id\":\"https:\/\/www.octopus.tools\/de\/#website\",\"url\":\"https:\/\/www.octopus.tools\/de\/\",\"name\":\"Octopus tools - automotive imagery solutions\",\"description\":\"yoozoo GmbH software\",\"publisher\":{\"@id\":\"https:\/\/www.octopus.tools\/de\/#organization\"},\"potentialAction\":[{\"@type\":\"SearchAction\",\"target\":{\"@type\":\"EntryPoint\",\"urlTemplate\":\"https:\/\/www.octopus.tools\/de\/?s={search_term_string}\"},\"query-input\":{\"@type\":\"PropertyValueSpecification\",\"valueRequired\":true,\"valueName\":\"search_term_string\"}}],\"inLanguage\":\"de\"},{\"@type\":\"Organization\",\"@id\":\"https:\/\/www.octopus.tools\/de\/#organization\",\"name\":\"Octopus.tools [by yoozoo GmbH]\",\"url\":\"https:\/\/www.octopus.tools\/de\/\",\"logo\":{\"@type\":\"ImageObject\",\"inLanguage\":\"de\",\"@id\":\"https:\/\/www.octopus.tools\/de\/#\/schema\/logo\/image\/\",\"url\":\"https:\/\/www.octopus.tools\/wp-content\/uploads\/2018\/02\/website-octopus-tools-08.svg\",\"contentUrl\":\"https:\/\/www.octopus.tools\/wp-content\/uploads\/2018\/02\/website-octopus-tools-08.svg\",\"caption\":\"Octopus.tools [by yoozoo GmbH]\"},\"image\":{\"@id\":\"https:\/\/www.octopus.tools\/de\/#\/schema\/logo\/image\/\"},\"sameAs\":[\"https:\/\/www.facebook.com\/yoozoo.de\",\"https:\/\/x.com\/yoozoo_de\"]}]}<\/script>\n<!-- \/ Yoast SEO plugin. -->","yoast_head_json":{"title":"Musikauswahl - Octopus tools - automotive imagery solutions","robots":{"index":"index","follow":"follow","max-snippet":"max-snippet:-1","max-image-preview":"max-image-preview:large","max-video-preview":"max-video-preview:-1"},"canonical":"https:\/\/www.octopus.tools\/de\/musikauswahl\/","og_locale":"de_DE","og_type":"article","og_title":"Musikauswahl - Octopus tools - automotive imagery solutions","og_description":"[vc_row full_width=&#8220;stretch_row_content&#8220; content_placement=&#8220;middle&#8220; column_spacing=&#8220;0px&#8220;][vc_column][vc_empty_space height=&#8220;40px&#8220;][\/vc_column][\/vc_row][vc_row remove_bottom_col_margin=&#8220;true&#8220;][vc_column][vc_column_text]Hier k\u00f6nnen Sie die Musik f\u00fcr Ihre Videos w\u00e4hlen. Wir erweitern unsere Audiothek st\u00e4ndig. Sollten Sie nichts Passendes finden, sprechen Sie uns bitte an.[\/vc_column_text][vc_empty_space height=&#8220;20px&#8220;][\/vc_column][\/vc_row][vc_row][vc_column width=&#8220;1\/2&#8243;][vc_column_text] 01 &#8211; Trap [\/vc_column_text][vc_column_text css=&#8220;&#8220;][\/vc_column_text][\/vc_column][vc_column width=&#8220;1\/2&#8243;][vc_column_text] 02 &#8211; Reggae [\/vc_column_text][vc_column_text css=&#8220;&#8220;][\/vc_column_text][\/vc_column][\/vc_row][vc_row][vc_column width=&#8220;1\/2&#8243;][vc_column_text] 03 &#8211; Hip Hop [\/vc_column_text][vc_column_text css=&#8220;&#8220;][\/vc_column_text][\/vc_column][vc_column width=&#8220;1\/2&#8243;][vc_column_text] 04 &#8211; Chillout [\/vc_column_text][vc_column_text css=&#8220;&#8220;][\/vc_column_text][\/vc_column][\/vc_row][vc_row][vc_column&hellip;","og_url":"https:\/\/www.octopus.tools\/de\/musikauswahl\/","og_site_name":"Octopus tools - automotive imagery solutions","article_publisher":"https:\/\/www.facebook.com\/yoozoo.de","article_modified_time":"2025-01-30T21:35:28+00:00","og_image":[{"width":900,"height":900,"url":"https:\/\/www.octopus.tools\/wp-content\/uploads\/2018\/04\/social-share-thumb.jpg","type":"image\/jpeg"}],"twitter_card":"summary_large_image","twitter_site":"@yoozoo_de","twitter_misc":{"Gesch\u00e4tzte Lesezeit":"1\u00a0Minute"},"schema":{"@context":"https:\/\/schema.org","@graph":[{"@type":"WebPage","@id":"https:\/\/www.octopus.tools\/de\/musikauswahl\/","url":"https:\/\/www.octopus.tools\/de\/musikauswahl\/","name":"Musikauswahl - Octopus tools - automotive imagery solutions","isPartOf":{"@id":"https:\/\/www.octopus.tools\/de\/#website"},"datePublished":"2022-01-24T15:35:04+00:00","dateModified":"2025-01-30T21:35:28+00:00","breadcrumb":{"@id":"https:\/\/www.octopus.tools\/de\/musikauswahl\/#breadcrumb"},"inLanguage":"de","potentialAction":[{"@type":"ReadAction","target":["https:\/\/www.octopus.tools\/de\/musikauswahl\/"]}]},{"@type":"BreadcrumbList","@id":"https:\/\/www.octopus.tools\/de\/musikauswahl\/#breadcrumb","itemListElement":[{"@type":"ListItem","position":1,"name":"Home","item":"https:\/\/www.octopus.tools\/de\/"},{"@type":"ListItem","position":2,"name":"Musikauswahl"}]},{"@type":"WebSite","@id":"https:\/\/www.octopus.tools\/de\/#website","url":"https:\/\/www.octopus.tools\/de\/","name":"Octopus tools - automotive imagery solutions","description":"yoozoo GmbH software","publisher":{"@id":"https:\/\/www.octopus.tools\/de\/#organization"},"potentialAction":[{"@type":"SearchAction","target":{"@type":"EntryPoint","urlTemplate":"https:\/\/www.octopus.tools\/de\/?s={search_term_string}"},"query-input":{"@type":"PropertyValueSpecification","valueRequired":true,"valueName":"search_term_string"}}],"inLanguage":"de"},{"@type":"Organization","@id":"https:\/\/www.octopus.tools\/de\/#organization","name":"Octopus.tools [by yoozoo GmbH]","url":"https:\/\/www.octopus.tools\/de\/","logo":{"@type":"ImageObject","inLanguage":"de","@id":"https:\/\/www.octopus.tools\/de\/#\/schema\/logo\/image\/","url":"https:\/\/www.octopus.tools\/wp-content\/uploads\/2018\/02\/website-octopus-tools-08.svg","contentUrl":"https:\/\/www.octopus.tools\/wp-content\/uploads\/2018\/02\/website-octopus-tools-08.svg","caption":"Octopus.tools [by yoozoo GmbH]"},"image":{"@id":"https:\/\/www.octopus.tools\/de\/#\/schema\/logo\/image\/"},"sameAs":["https:\/\/www.facebook.com\/yoozoo.de","https:\/\/x.com\/yoozoo_de"]}]}},"_links":{"self":[{"href":"https:\/\/www.octopus.tools\/de\/wp-json\/wp\/v2\/pages\/13344","targetHints":{"allow":["GET"]}}],"collection":[{"href":"https:\/\/www.octopus.tools\/de\/wp-json\/wp\/v2\/pages"}],"about":[{"href":"https:\/\/www.octopus.tools\/de\/wp-json\/wp\/v2\/types\/page"}],"author":[{"embeddable":true,"href":"https:\/\/www.octopus.tools\/de\/wp-json\/wp\/v2\/users\/1"}],"replies":[{"embeddable":true,"href":"https:\/\/www.octopus.tools\/de\/wp-json\/wp\/v2\/comments?post=13344"}],"version-history":[{"count":1,"href":"https:\/\/www.octopus.tools\/de\/wp-json\/wp\/v2\/pages\/13344\/revisions"}],"predecessor-version":[{"id":25690,"href":"https:\/\/www.octopus.tools\/de\/wp-json\/wp\/v2\/pages\/13344\/revisions\/25690"}],"wp:attachment":[{"href":"https:\/\/www.octopus.tools\/de\/wp-json\/wp\/v2\/media?parent=13344"}],"curies":[{"name":"wp","href":"https:\/\/api.w.org\/{rel}","templated":true}]}}