{"id":18549,"date":"2023-03-07T16:40:24","date_gmt":"2023-03-07T15:40:24","guid":{"rendered":"https:\/\/octopus.tools\/?page_id=18549"},"modified":"2024-03-28T13:45:57","modified_gmt":"2024-03-28T12:45:57","slug":"autos-fotografieren-und-autobilder-bearbeiten-per-app","status":"publish","type":"page","link":"https:\/\/www.octopus.tools\/de\/autos-fotografieren-und-autobilder-bearbeiten-per-app\/","title":{"rendered":"Autos fotografieren und Autobilder bearbeiten per App"},"content":{"rendered":"<div class=\"wpb-content-wrapper\">[vc_row][vc_column][vc_empty_space height=&#8220;60px&#8220;][\/vc_column][\/vc_row][vc_row][vc_column width=&#8220;1\/4&#8243;][vc_single_image image=&#8220;22799&#8243; onclick=&#8220;custom_link&#8220; link=&#8220;\/de\/piranha\/&#8220;][\/vc_column][vc_column width=&#8220;3\/4&#8243;]<style>.vcex-heading.vcex_69fe07b635bc2 .vcex-heading-inner{border-color:#fc9a00;}.vcex-heading.vcex_69fe07b635bc2{border-color:#e2e2e2;}<\/style><h1 class=\"vcex-heading vcex-heading-bottom-border-w-color vcex-module wpex-heading wpex-text-2xl wpex-text-left wpex-border-b-2 wpex-border-solid wpex-border-main vcex_69fe07b635bc2\"><span class=\"vcex-heading-inner wpex-inline-block wpex-relative wpex-pb-5 wpex-border-b-2 wpex-border-solid wpex-border-accent\">Autofotografie und Autofreisteller per App<\/span><\/h1>[vc_empty_space height=&#8220;30px&#8220;][vc_column_text]Beim Autokauf sind Professionalit\u00e4t und Image zwei entscheidende Faktoren, die die Kaufentscheidung eines Kunden ma\u00dfgeblich beeinflussen. Autohersteller und Autoh\u00e4ndler achten deshalb penibel auf die perfekte Pr\u00e4sentation ihrer Fahrzeuge im Haus und im Netz. Professionelle Autobilder und Autofreisteller sind das A und O f\u00fcr eine \u00fcberzeugende Pr\u00e4sentation &#8211; ein einheitlicher Look mit professioneller <a href=\"https:\/\/octopus.tools\/de\/bildbearbeitung\/\">Autofreistellung<\/a> im Hintergrund setzt Ihre Fahrzeuge elegant in Szene und st\u00e4rkt den Wiedererkennungseffekt Ihres Unternehmens.<br \/>\n<i>Octopus.tools<\/i>\u00a0liefert mit der innovativen\u00a0<a href=\"https:\/\/octopus.tools\/de\/piranha\/\">Piranha App<\/a>\u00a0f\u00fcr Automobilfotografie ein handliches Werkzeug f\u00fcr professionelle Autobilder, die sich bestens zur Freistellung eignen. Fahrzeugbilder freistellen war noch nie so einfach und kosteng\u00fcnstig &#8211; alle Informationen rund um die clevere App finden Sie hier.[\/vc_column_text][\/vc_column][\/vc_row][vc_row][vc_column][vc_empty_space height=&#8220;10px&#8220;][vc_cta h2=&#8220;Piranha App jetzt testen&#8220; txt_align=&#8220;center&#8220; add_button=&#8220;bottom&#8220; btn_title=&#8220;Kontakt&#8220; btn_style=&#8220;custom&#8220; btn_custom_background=&#8220;#fc9a00&#8243; btn_custom_text=&#8220;#ffffff&#8220; btn_size=&#8220;lg&#8220; btn_align=&#8220;center&#8220; css_animation=&#8220;fadeInUp&#8220; btn_link=&#8220;url:https%3A%2F%2Foctopus.tools%2Fde%2Fkontakt%2F&#8220; el_id=&#8220;p-cta&#8220; css=&#8220;.vc_custom_1680609687518{background-color: #c42d6e !important;}&#8220; btn_el_class=&#8220;lp-cta&#8220;]Holen Sie sich jetzt Ihren kostenlosen Testaccount und optimieren Ihre Fahrzeugfotografie.[\/vc_cta][\/vc_column][\/vc_row][vc_row remove_bottom_col_margin=&#8220;true&#8220;][vc_column width=&#8220;3\/4&#8243;]<style>.vcex-heading.vcex_69fe07b635fed .vcex-heading-inner{border-color:#fc9a00;}.vcex-heading.vcex_69fe07b635fed{border-color:#e2e2e2;}<\/style><h2 class=\"vcex-heading vcex-heading-bottom-border-w-color vcex-module wpex-heading wpex-text-2xl wpex-text-left wpex-border-b-2 wpex-border-solid wpex-border-main vcex_69fe07b635fed\"><span class=\"vcex-heading-inner wpex-inline-block wpex-relative wpex-pb-5 wpex-border-b-2 wpex-border-solid wpex-border-accent\">Wie funktioniert die Freistellung von Autobildern?<\/span><\/h2>[vc_empty_space height=&#8220;30px&#8220;][vc_column_text]Die <a href=\"https:\/\/www.octopus.tools\/de\/piranha\/\">Piranha App<\/a> funktioniert auf allen modernen Smartphones und Tablets und ist f\u00fcr iOS-Ger\u00e4te im <a href=\"https:\/\/itunes.apple.com\/de\/app\/piranha-app\/id1370806374\">Apple Appstore<\/a> und f\u00fcr Android-Ger\u00e4te im <a target=\"_blank\" href=\"https:\/\/play.google.com\/store\/apps\/details?id=tools.octopus.piranha\" rel=\"noopener\">Google Play Store<\/a> verf\u00fcgbar. Die App nutzt die hochwertigen Kameras aktueller Handys oder Tablets und optimiert alle Schritte der professionellen Automobilfotografie.\u00a0Beim Fotografieren stellt die <a href=\"https:\/\/www.octopus.tools\/de\/piranha\/\">Piranha App<\/a> neben der einheitlichen Belichtung sicher, dass alle Autos aus der richtigen Distanz und im passenden Winkel aufgenommen werden. Die automatisierte Bezeichnung der Bilder, z.B. basierend auf der Fahrzeugidentnummer (kurz: FIN, ehemals Fahrgestellnummer), erleichtert das sp\u00e4tere Zuordnen der einzelnen Bilder, falls Sie mehrere Autos nacheinander aufnehmen m\u00f6chten. Hilfslinien im Bild zeigen die optimale Position f\u00fcr das Fahrzeug an. Ihr Sortiment kann so einheitlich pr\u00e4sentiert werden und die Autos werden sp\u00e4ter vergleichbar abgebildet und steigern Ihren Wiedererkennungswert. Nach der Aufnahme k\u00f6nnen Sie die Bilder zur <a href=\"https:\/\/octopus.tools\/de\/bildbearbeitung\/\">professionellen Bearbeitung<\/a> senden. Sollten Sie mit mehreren unterschiedlichen <a href=\"https:\/\/octopus.tools\/de\/gecko-gallery\/\">Hintergr\u00fcnden<\/a> f\u00fcr die Fahrzeugpr\u00e4sentation arbeiten, so k\u00f6nnen Sie den gew\u00fcnschten je Auto vor dem Absenden ausw\u00e4hlen. Die Bild\u00fcbertragung l\u00e4uft direkt \u00fcber die App und erfordert keine umst\u00e4ndliche Daten\u00fcbertragung per USB-Kabel oder Karte. Unsere Grafik-Experten \u00fcberpr\u00fcfen abschlie\u00dfend, wenn gew\u00fcnscht, die Qualit\u00e4t aller Bilder und setzen im Rahmen der Fahrzeugfreistellung den einheitlichen <a href=\"https:\/\/www.octopus.tools\/de\/gecko-old\/\">Wunschhintergrund<\/a> und Logos Ihrer Wahl ein. In der <a href=\"https:\/\/octopus.tools\/de\/piranha\/\">Piranha App f\u00fcr Fahrzeugfotografie<\/a> k\u00f6nnen Sie die verbleibende Lieferzeit jederzeit pr\u00fcfen. Des Weiteren k\u00f6nnen Sie Zeit und Kosten f\u00fcr Fotografen einsparen und ihre Fahrzeuge trotzdem professionell und einheitlich pr\u00e4sentieren.[\/vc_column_text][\/vc_column][vc_column width=&#8220;1\/4&#8243;][vc_single_image image=&#8220;20445&#8243; onclick=&#8220;custom_link&#8220; link=&#8220;\/piranha&#8220;][\/vc_column][\/vc_row][vc_row][vc_column][vc_empty_space height=&#8220;10px&#8220;][\/vc_column][\/vc_row][vc_row][vc_column width=&#8220;1\/4&#8243;][vc_single_image image=&#8220;20453&#8243; onclick=&#8220;custom_link&#8220; link=&#8220;\/piranha&#8220;][\/vc_column][vc_column width=&#8220;3\/4&#8243;]<style>.vcex-heading.vcex_69fe07b636305 .vcex-heading-inner{border-color:#fc9a00;}.vcex-heading.vcex_69fe07b636305{border-color:#e2e2e2;}<\/style><h2 class=\"vcex-heading vcex-heading-bottom-border-w-color vcex-module wpex-heading wpex-text-2xl wpex-text-left wpex-border-b-2 wpex-border-solid wpex-border-main vcex_69fe07b636305\"><span class=\"vcex-heading-inner wpex-inline-block wpex-relative wpex-pb-5 wpex-border-b-2 wpex-border-solid wpex-border-accent\">Bildbearbeitung f\u00fcr professionelle Autobilder<\/span><\/h2>[vc_empty_space height=&#8220;30px&#8220;][vc_column_text]Die <a href=\"https:\/\/octopus.tools\/de\/piranha\/\">Piranha App<\/a> bietet verschiedene n\u00fctzliche Features f\u00fcr die optimale Darstellung von Autobildern. Das anschlie\u00dfende Freistellen der Autobilder kann als Normal Cut oder als Complete Cut umgesetzt werden \u2013 so kann neben dem Hintergrund auch der Untergrund ver\u00e4ndert werden. Zum Freistellen geh\u00f6rt selbstverst\u00e4ndlich auch die Bearbeitung der transparenten Fensterfl\u00e4chen, sodass der <a href=\"https:\/\/octopus.tools\/de\/gecko-gallery\/\">neue Hintergrund<\/a> auch durch die Fenster scheint. F\u00fcr h\u00f6here Wiedererkennungswerte k\u00f6nnen Sie farbige Banner und Logos einf\u00fcgen. Unerw\u00fcnschte Aufkleber und Nummernschilder k\u00f6nnen digital entfernt werden. Das Fahrzeugbild l\u00e4sst sich einfach an Ihren bestehenden Katalog anpassen und stellt die Vorz\u00fcge des gezeigten Wagens in den Mittelpunkt. Neue Fahrzeuge k\u00f6nnen so deutlich schneller und optisch passend in den Katalog eingef\u00fcgt werden und lassen sich so auch deutlich besser an den Kunden vermitteln.[\/vc_column_text][\/vc_column][\/vc_row][vc_row remove_bottom_col_margin=&#8220;true&#8220;][vc_column width=&#8220;3\/4&#8243;]<style>.vcex-heading.vcex_69fe07b6365f2 .vcex-heading-inner{border-color:#fc9a00;}.vcex-heading.vcex_69fe07b6365f2{border-color:#e2e2e2;}<\/style><h2 class=\"vcex-heading vcex-heading-bottom-border-w-color vcex-module wpex-heading wpex-text-2xl wpex-text-left wpex-border-b-2 wpex-border-solid wpex-border-main vcex_69fe07b6365f2\"><span class=\"vcex-heading-inner wpex-inline-block wpex-relative wpex-pb-5 wpex-border-b-2 wpex-border-solid wpex-border-accent\">Bildbearbeitung durch k\u00fcnstliche Intelligenz<\/span><\/h2>[vc_empty_space height=&#8220;30px&#8220;][vc_column_text]M\u00f6chten Sie Ihre Bilder noch schneller und effizienter online bringen? Kein Problem. Mit unserem professionellen Service k\u00f6nnen Sie sich auf unsere <a href=\"https:\/\/octopus.tools\/de\/natas-ai\/\">k\u00fcnstliche Intelligenz<\/a> verlassen, um die Bildbearbeitung schnell und effektiv umzusetzen. Auf Wunsch erstellen wir Ihnen ein Set, das speziell auf Ihre Bed\u00fcrfnisse zugeschnitten ist und unsere intelligente Technologie nutzt, um Ihnen hochwertige Ergebnisse in einem Bruchteil der Zeit zu liefern.<\/p>\n<p>Unser Team von erfahrenen Experten hat eine fortschrittliche Technologie entwickelt, die die Bildbearbeitung vollst\u00e4ndig automatisiert und somit den Prozess beschleunigt. Mit unserer KI-gest\u00fctzten Bildbearbeitung k\u00f6nnen Sie sicher sein, dass Ihre Bilder in k\u00fcrzester Zeit bearbeitet werden, ohne dass dabei die Qualit\u00e4t beeintr\u00e4chtigt wird.<\/p>\n<p>Egal, ob Sie ein kleines Unternehmen, ein Fotograf oder ein Influencer sind &#8211; unsere Bildbearbeitungsdienste sind f\u00fcr jeden zug\u00e4nglich und bieten eine schnelle und kosteneffektive L\u00f6sung f\u00fcr die Optimierung Ihrer Bilder. Probieren Sie es noch heute aus und erleben Sie, wie einfach und effektiv unsere <a href=\"https:\/\/octopus.tools\/de\/natas-ai\/\">KI-gest\u00fctzte Bildbearbeitung<\/a> ist.[\/vc_column_text][\/vc_column][vc_column width=&#8220;1\/4&#8243;][vc_single_image image=&#8220;20167&#8243; onclick=&#8220;custom_link&#8220; link=&#8220;\/piranha&#8220;][\/vc_column][\/vc_row][vc_row][vc_column][vc_empty_space height=&#8220;10px&#8220;][\/vc_column][\/vc_row][vc_row remove_bottom_col_margin=&#8220;true&#8220;][vc_column width=&#8220;1\/4&#8243;][vc_single_image image=&#8220;20461&#8243; onclick=&#8220;custom_link&#8220; link=&#8220;\/piranha&#8220;][\/vc_column][vc_column width=&#8220;3\/4&#8243;]<style>.vcex-heading.vcex_69fe07b636906 .vcex-heading-inner{border-color:#fc9a00;}.vcex-heading.vcex_69fe07b636906{border-color:#e2e2e2;}<\/style><h2 class=\"vcex-heading vcex-heading-bottom-border-w-color vcex-module wpex-heading wpex-text-2xl wpex-text-left wpex-border-b-2 wpex-border-solid wpex-border-main vcex_69fe07b636906\"><span class=\"vcex-heading-inner wpex-inline-block wpex-relative wpex-pb-5 wpex-border-b-2 wpex-border-solid wpex-border-accent\">Wo kann ich die freigestellten Autobilder einsetzen?<\/span><\/h2>[vc_empty_space height=&#8220;30px&#8220;][vc_column_text]Die Rechte f\u00fcr alle Ihre Produktbilder bleiben nat\u00fcrlich bei Ihnen. Autoh\u00e4user und Hersteller nutzen die App zur Erstellung von Fahrzeugbildern im eigenen Design und mit hohem Wiedererkennungswert f\u00fcr Ihre Online-Auftritte. Dabei macht es keinen Unterschied, ob die Bilder f\u00fcr die eigene Internetseite, oder f\u00fcr die g\u00e4ngigen Automobilb\u00f6rsen, z.B. Autoscout24, mobile.de oder ebayMotors ben\u00f6tigt werden. Nutzen Sie Ihre Bilder auch im Printbereich, k\u00f6nnen Sie Ihre neuen, einheitlichen Fahrzeugbilder aus der <a href=\"https:\/\/octopus.tools\/de\/piranha\/\">Piranha App<\/a> auch dort einsetzen und Ihre Fahrzeugexpos\u00e9s, Flyer, Werbesendungen oder Zeitungsanzeigen mit einem hohen Wiedererkennungswert versehen.[\/vc_column_text][\/vc_column][\/vc_row][vc_row][vc_column][vc_empty_space height=&#8220;10px&#8220;][\/vc_column][\/vc_row][vc_row][vc_column width=&#8220;3\/4&#8243;]<style>.vcex-heading.vcex_69fe07b636c10 .vcex-heading-inner{border-color:#fc9a00;}.vcex-heading.vcex_69fe07b636c10{border-color:#e2e2e2;}<\/style><h2 class=\"vcex-heading vcex-heading-bottom-border-w-color vcex-module wpex-heading wpex-text-2xl wpex-text-left wpex-border-b-2 wpex-border-solid wpex-border-main vcex_69fe07b636c10\"><span class=\"vcex-heading-inner wpex-inline-block wpex-relative wpex-pb-5 wpex-border-b-2 wpex-border-solid wpex-border-accent\">Die Piranha App und die Bildbearbeitung kurz erkl\u00e4rt:<\/span><\/h2>[vc_empty_space height=&#8220;30px&#8220;]<div class=\"vcex-module vcex-bullets vcex-bullets-check\">\n<ul>\n<li>Einheitliche, professionelle Autofreisteller<\/li>\n<li>Kosteng\u00fcnstige Bildbearbeitung vom Profi<\/li>\n<li>Normal Cut (Horizont freigestellt) und Complete Cut (Horizont und Boden fregestellt) sind m\u00f6glich<\/li>\n<li>Optimierung\u00a0von Kontrast, Sch\u00e4rfe, Farbton und Farbs\u00e4ttigung<\/li>\n<li>Inklusive Freistellung von Fenstern und transparenten Fl\u00e4chen<\/li>\n<li>Banner, Logos und Nummernschilder einf\u00fcgen<\/li>\n<li>Zeitersparnis durch automatischen Upload<\/li>\n<li>Zeitersparnis durch intelligente Bildreihenfolgen-Unterst\u00fctzung<\/li>\n<li>Autobilder manuell freistellen innerhalb von maximal 24 Stunden oder:<\/li>\n<li>Bildbearbeitung durch k\u00fcnstliche Intelligenz in wenigen Minuten<\/li>\n<li>Bis zu 82% Zeitersparnis<\/li>\n<\/ul>\n<\/div>[\/vc_column][vc_column width=&#8220;1\/4&#8243;][vc_single_image image=&#8220;20469&#8243; onclick=&#8220;custom_link&#8220; link=&#8220;\/piranha&#8220;][\/vc_column][\/vc_row]\n<\/div>","protected":false},"excerpt":{"rendered":"<p>[vc_row][vc_column][vc_empty_space height=&#8220;60px&#8220;][\/vc_column][\/vc_row][vc_row][vc_column width=&#8220;1\/4&#8243;][vc_single_image image=&#8220;22799&#8243; onclick=&#8220;custom_link&#8220; link=&#8220;\/de\/piranha\/&#8220;][\/vc_column][vc_column width=&#8220;3\/4&#8243;][vc_empty_space height=&#8220;30px&#8220;][vc_column_text]Beim Autokauf sind Professionalit\u00e4t und Image zwei entscheidende Faktoren, die die Kaufentscheidung eines Kunden ma\u00dfgeblich beeinflussen. Autohersteller und Autoh\u00e4ndler achten deshalb penibel auf die perfekte Pr\u00e4sentation ihrer Fahrzeuge im Haus und im Netz. Professionelle Autobilder und Autofreisteller sind das A und O f\u00fcr eine \u00fcberzeugende Pr\u00e4sentation &#8211; ein&hellip;<\/p>\n","protected":false},"author":1,"featured_media":0,"parent":0,"menu_order":0,"comment_status":"closed","ping_status":"closed","template":"","meta":{"content-type":"","inline_featured_image":false,"footnotes":""},"class_list":["post-18549","page","type-page","status-publish","hentry","entry","no-media"],"yoast_head":"<!-- This site is optimized with the Yoast SEO plugin v24.0 - https:\/\/yoast.com\/wordpress\/plugins\/seo\/ -->\n<title>Autos fotografieren und Autobilder bearbeiten per App - Octopus tools - automotive imagery solutions<\/title>\n<meta name=\"robots\" content=\"index, follow, max-snippet:-1, max-image-preview:large, max-video-preview:-1\" \/>\n<link rel=\"canonical\" href=\"https:\/\/www.octopus.tools\/de\/autos-fotografieren-und-autobilder-bearbeiten-per-app\/\" \/>\n<meta property=\"og:locale\" content=\"de_DE\" \/>\n<meta property=\"og:type\" content=\"article\" \/>\n<meta property=\"og:title\" content=\"Autos fotografieren und Autobilder bearbeiten per App - Octopus tools - automotive imagery solutions\" \/>\n<meta property=\"og:description\" content=\"[vc_row][vc_column][vc_empty_space height=&#8220;60px&#8220;][\/vc_column][\/vc_row][vc_row][vc_column width=&#8220;1\/4&#8243;][vc_single_image image=&#8220;22799&#8243; onclick=&#8220;custom_link&#8220; link=&#8220;\/de\/piranha\/&#8220;][\/vc_column][vc_column width=&#8220;3\/4&#8243;][vc_empty_space height=&#8220;30px&#8220;][vc_column_text]Beim Autokauf sind Professionalit\u00e4t und Image zwei entscheidende Faktoren, die die Kaufentscheidung eines Kunden ma\u00dfgeblich beeinflussen. Autohersteller und Autoh\u00e4ndler achten deshalb penibel auf die perfekte Pr\u00e4sentation ihrer Fahrzeuge im Haus und im Netz. Professionelle Autobilder und Autofreisteller sind das A und O f\u00fcr eine \u00fcberzeugende Pr\u00e4sentation &#8211; ein&hellip;\" \/>\n<meta property=\"og:url\" content=\"https:\/\/www.octopus.tools\/de\/autos-fotografieren-und-autobilder-bearbeiten-per-app\/\" \/>\n<meta property=\"og:site_name\" content=\"Octopus tools - automotive imagery solutions\" \/>\n<meta property=\"article:publisher\" content=\"https:\/\/www.facebook.com\/yoozoo.de\" \/>\n<meta property=\"article:modified_time\" content=\"2024-03-28T12:45:57+00:00\" \/>\n<meta property=\"og:image\" content=\"https:\/\/www.octopus.tools\/wp-content\/uploads\/2018\/04\/social-share-thumb.jpg\" \/>\n\t<meta property=\"og:image:width\" content=\"900\" \/>\n\t<meta property=\"og:image:height\" content=\"900\" \/>\n\t<meta property=\"og:image:type\" content=\"image\/jpeg\" \/>\n<meta name=\"twitter:card\" content=\"summary_large_image\" \/>\n<meta name=\"twitter:site\" content=\"@yoozoo_de\" \/>\n<meta name=\"twitter:label1\" content=\"Gesch\u00e4tzte Lesezeit\" \/>\n\t<meta name=\"twitter:data1\" content=\"7\u00a0Minuten\" \/>\n<script type=\"application\/ld+json\" class=\"yoast-schema-graph\">{\"@context\":\"https:\/\/schema.org\",\"@graph\":[{\"@type\":\"WebPage\",\"@id\":\"https:\/\/www.octopus.tools\/de\/autos-fotografieren-und-autobilder-bearbeiten-per-app\/\",\"url\":\"https:\/\/www.octopus.tools\/de\/autos-fotografieren-und-autobilder-bearbeiten-per-app\/\",\"name\":\"Autos fotografieren und Autobilder bearbeiten per App - Octopus tools - automotive imagery solutions\",\"isPartOf\":{\"@id\":\"https:\/\/www.octopus.tools\/de\/#website\"},\"datePublished\":\"2023-03-07T15:40:24+00:00\",\"dateModified\":\"2024-03-28T12:45:57+00:00\",\"breadcrumb\":{\"@id\":\"https:\/\/www.octopus.tools\/de\/autos-fotografieren-und-autobilder-bearbeiten-per-app\/#breadcrumb\"},\"inLanguage\":\"de\",\"potentialAction\":[{\"@type\":\"ReadAction\",\"target\":[\"https:\/\/www.octopus.tools\/de\/autos-fotografieren-und-autobilder-bearbeiten-per-app\/\"]}]},{\"@type\":\"BreadcrumbList\",\"@id\":\"https:\/\/www.octopus.tools\/de\/autos-fotografieren-und-autobilder-bearbeiten-per-app\/#breadcrumb\",\"itemListElement\":[{\"@type\":\"ListItem\",\"position\":1,\"name\":\"Home\",\"item\":\"https:\/\/www.octopus.tools\/de\/\"},{\"@type\":\"ListItem\",\"position\":2,\"name\":\"Autos fotografieren und Autobilder bearbeiten per App\"}]},{\"@type\":\"WebSite\",\"@id\":\"https:\/\/www.octopus.tools\/de\/#website\",\"url\":\"https:\/\/www.octopus.tools\/de\/\",\"name\":\"Octopus tools - automotive imagery solutions\",\"description\":\"yoozoo GmbH software\",\"publisher\":{\"@id\":\"https:\/\/www.octopus.tools\/de\/#organization\"},\"potentialAction\":[{\"@type\":\"SearchAction\",\"target\":{\"@type\":\"EntryPoint\",\"urlTemplate\":\"https:\/\/www.octopus.tools\/de\/?s={search_term_string}\"},\"query-input\":{\"@type\":\"PropertyValueSpecification\",\"valueRequired\":true,\"valueName\":\"search_term_string\"}}],\"inLanguage\":\"de\"},{\"@type\":\"Organization\",\"@id\":\"https:\/\/www.octopus.tools\/de\/#organization\",\"name\":\"Octopus.tools [by yoozoo GmbH]\",\"url\":\"https:\/\/www.octopus.tools\/de\/\",\"logo\":{\"@type\":\"ImageObject\",\"inLanguage\":\"de\",\"@id\":\"https:\/\/www.octopus.tools\/de\/#\/schema\/logo\/image\/\",\"url\":\"https:\/\/www.octopus.tools\/wp-content\/uploads\/2018\/02\/website-octopus-tools-08.svg\",\"contentUrl\":\"https:\/\/www.octopus.tools\/wp-content\/uploads\/2018\/02\/website-octopus-tools-08.svg\",\"caption\":\"Octopus.tools [by yoozoo GmbH]\"},\"image\":{\"@id\":\"https:\/\/www.octopus.tools\/de\/#\/schema\/logo\/image\/\"},\"sameAs\":[\"https:\/\/www.facebook.com\/yoozoo.de\",\"https:\/\/x.com\/yoozoo_de\"]}]}<\/script>\n<!-- \/ Yoast SEO plugin. -->","yoast_head_json":{"title":"Autos fotografieren und Autobilder bearbeiten per App - Octopus tools - automotive imagery solutions","robots":{"index":"index","follow":"follow","max-snippet":"max-snippet:-1","max-image-preview":"max-image-preview:large","max-video-preview":"max-video-preview:-1"},"canonical":"https:\/\/www.octopus.tools\/de\/autos-fotografieren-und-autobilder-bearbeiten-per-app\/","og_locale":"de_DE","og_type":"article","og_title":"Autos fotografieren und Autobilder bearbeiten per App - Octopus tools - automotive imagery solutions","og_description":"[vc_row][vc_column][vc_empty_space height=&#8220;60px&#8220;][\/vc_column][\/vc_row][vc_row][vc_column width=&#8220;1\/4&#8243;][vc_single_image image=&#8220;22799&#8243; onclick=&#8220;custom_link&#8220; link=&#8220;\/de\/piranha\/&#8220;][\/vc_column][vc_column width=&#8220;3\/4&#8243;][vc_empty_space height=&#8220;30px&#8220;][vc_column_text]Beim Autokauf sind Professionalit\u00e4t und Image zwei entscheidende Faktoren, die die Kaufentscheidung eines Kunden ma\u00dfgeblich beeinflussen. Autohersteller und Autoh\u00e4ndler achten deshalb penibel auf die perfekte Pr\u00e4sentation ihrer Fahrzeuge im Haus und im Netz. Professionelle Autobilder und Autofreisteller sind das A und O f\u00fcr eine \u00fcberzeugende Pr\u00e4sentation &#8211; ein&hellip;","og_url":"https:\/\/www.octopus.tools\/de\/autos-fotografieren-und-autobilder-bearbeiten-per-app\/","og_site_name":"Octopus tools - automotive imagery solutions","article_publisher":"https:\/\/www.facebook.com\/yoozoo.de","article_modified_time":"2024-03-28T12:45:57+00:00","og_image":[{"width":900,"height":900,"url":"https:\/\/www.octopus.tools\/wp-content\/uploads\/2018\/04\/social-share-thumb.jpg","type":"image\/jpeg"}],"twitter_card":"summary_large_image","twitter_site":"@yoozoo_de","twitter_misc":{"Gesch\u00e4tzte Lesezeit":"7\u00a0Minuten"},"schema":{"@context":"https:\/\/schema.org","@graph":[{"@type":"WebPage","@id":"https:\/\/www.octopus.tools\/de\/autos-fotografieren-und-autobilder-bearbeiten-per-app\/","url":"https:\/\/www.octopus.tools\/de\/autos-fotografieren-und-autobilder-bearbeiten-per-app\/","name":"Autos fotografieren und Autobilder bearbeiten per App - Octopus tools - automotive imagery solutions","isPartOf":{"@id":"https:\/\/www.octopus.tools\/de\/#website"},"datePublished":"2023-03-07T15:40:24+00:00","dateModified":"2024-03-28T12:45:57+00:00","breadcrumb":{"@id":"https:\/\/www.octopus.tools\/de\/autos-fotografieren-und-autobilder-bearbeiten-per-app\/#breadcrumb"},"inLanguage":"de","potentialAction":[{"@type":"ReadAction","target":["https:\/\/www.octopus.tools\/de\/autos-fotografieren-und-autobilder-bearbeiten-per-app\/"]}]},{"@type":"BreadcrumbList","@id":"https:\/\/www.octopus.tools\/de\/autos-fotografieren-und-autobilder-bearbeiten-per-app\/#breadcrumb","itemListElement":[{"@type":"ListItem","position":1,"name":"Home","item":"https:\/\/www.octopus.tools\/de\/"},{"@type":"ListItem","position":2,"name":"Autos fotografieren und Autobilder bearbeiten per App"}]},{"@type":"WebSite","@id":"https:\/\/www.octopus.tools\/de\/#website","url":"https:\/\/www.octopus.tools\/de\/","name":"Octopus tools - automotive imagery solutions","description":"yoozoo GmbH software","publisher":{"@id":"https:\/\/www.octopus.tools\/de\/#organization"},"potentialAction":[{"@type":"SearchAction","target":{"@type":"EntryPoint","urlTemplate":"https:\/\/www.octopus.tools\/de\/?s={search_term_string}"},"query-input":{"@type":"PropertyValueSpecification","valueRequired":true,"valueName":"search_term_string"}}],"inLanguage":"de"},{"@type":"Organization","@id":"https:\/\/www.octopus.tools\/de\/#organization","name":"Octopus.tools [by yoozoo GmbH]","url":"https:\/\/www.octopus.tools\/de\/","logo":{"@type":"ImageObject","inLanguage":"de","@id":"https:\/\/www.octopus.tools\/de\/#\/schema\/logo\/image\/","url":"https:\/\/www.octopus.tools\/wp-content\/uploads\/2018\/02\/website-octopus-tools-08.svg","contentUrl":"https:\/\/www.octopus.tools\/wp-content\/uploads\/2018\/02\/website-octopus-tools-08.svg","caption":"Octopus.tools [by yoozoo GmbH]"},"image":{"@id":"https:\/\/www.octopus.tools\/de\/#\/schema\/logo\/image\/"},"sameAs":["https:\/\/www.facebook.com\/yoozoo.de","https:\/\/x.com\/yoozoo_de"]}]}},"_links":{"self":[{"href":"https:\/\/www.octopus.tools\/de\/wp-json\/wp\/v2\/pages\/18549","targetHints":{"allow":["GET"]}}],"collection":[{"href":"https:\/\/www.octopus.tools\/de\/wp-json\/wp\/v2\/pages"}],"about":[{"href":"https:\/\/www.octopus.tools\/de\/wp-json\/wp\/v2\/types\/page"}],"author":[{"embeddable":true,"href":"https:\/\/www.octopus.tools\/de\/wp-json\/wp\/v2\/users\/1"}],"replies":[{"embeddable":true,"href":"https:\/\/www.octopus.tools\/de\/wp-json\/wp\/v2\/comments?post=18549"}],"version-history":[{"count":8,"href":"https:\/\/www.octopus.tools\/de\/wp-json\/wp\/v2\/pages\/18549\/revisions"}],"predecessor-version":[{"id":22845,"href":"https:\/\/www.octopus.tools\/de\/wp-json\/wp\/v2\/pages\/18549\/revisions\/22845"}],"wp:attachment":[{"href":"https:\/\/www.octopus.tools\/de\/wp-json\/wp\/v2\/media?parent=18549"}],"curies":[{"name":"wp","href":"https:\/\/api.w.org\/{rel}","templated":true}]}}