{"id":20508,"date":"2023-05-09T16:12:25","date_gmt":"2023-05-09T15:12:25","guid":{"rendered":"https:\/\/octopus.tools\/?page_id=20508"},"modified":"2023-07-12T14:19:23","modified_gmt":"2023-07-12T13:19:23","slug":"piranha-tipps-tricks","status":"publish","type":"page","link":"https:\/\/www.octopus.tools\/de\/piranha-tipps-tricks\/","title":{"rendered":"Piranha tipps &#038; tricks"},"content":{"rendered":"<div class=\"wpb-content-wrapper\">[vc_row css=&#8220;.vc_custom_1683634410643{padding-top: 60px !important;}&#8220;][vc_column]<div class=\"vcex-heading vcex-heading-bottom-border-w-color vcex-module wpex-heading wpex-text-2xl wpex-mb-20 wpex-border-b-2 wpex-border-solid wpex-border-main\"><span class=\"vcex-heading-inner wpex-inline-block wpex-relative wpex-pb-5 wpex-border-b-2 wpex-border-solid wpex-border-accent\">Tipps &amp; Tricks<\/span><\/div>[vc_column_text]Willkommen auf unserer Tipps und Tricks Seite f\u00fcr die Fahrzeugfotografie mit unserer <a href=\"https:\/\/www.octopus.tools\/de\/piranha\/\">Piranha App<\/a>! Hier finden Sie eine Sammlung von Beitr\u00e4gen, die Ihnen helfen sollen, das Beste aus der App herauszuholen und Ihre Fotografie-Erfahrung zu verbessern. Wir wissen, dass das Fotografieren mit einem Smartphone manchmal eine Herausforderung sein kann, aber mit ein paar einfachen Tipps und Tricks k\u00f6nnen Sie schnell bessere Ergebnisse erzielen. Wir haben eine Vielzahl von Themen abgedeckt, von der Belichtung und Fokussierung bis hin zur Komposition und Bildbearbeitung.[\/vc_column_text][\/vc_column][\/vc_row][vc_row full_width=&#8220;stretch_row&#8220; css=&#8220;.vc_custom_1683708424672{padding-top: 50px !important;background-color: #3d3d3d !important;}&#8220;][vc_column][vc_text_separator title=&#8220;Belichtung&#8220; color=&#8220;custom&#8220; accent_color=&#8220;#fc9a00&#8243; css=&#8220;.vc_custom_1689167926879{padding-bottom: 25px !important;}&#8220;][vc_column_text]Egal ob tr\u00fcber Tag oder strahlender Sonnenschein, mit ein paar Tricks schaffen Sie bei jedem Wetter eine gute Basis f\u00fcr die Bildbearbeitung.[\/vc_column_text][\/vc_column][\/vc_row][vc_row full_width=&#8220;stretch_row&#8220; css=&#8220;.vc_custom_1683708511765{background-color: #3d3d3d !important;}&#8220;][vc_column width=&#8220;1\/2&#8243;]<figure class=\"vcex-image vcex-module\"><div class=\"vcex-image-inner wpex-relative wpex-inline-block\"><img width=\"600\" height=\"277\" src=\"https:\/\/www.octopus.tools\/wp-content\/uploads\/2023\/05\/touch-1.gif\" class=\"vcex-image-img wpex-align-middle\" alt=\"Fotografieren mit App, Belichtung und KI Unterst\u00fctzung\" loading=\"lazy\" decoding=\"async\" \/><\/div><\/figure><div class=\"vcex-spacing wpex-w-100 wpex-clear\"><\/div><figure class=\"vcex-image vcex-module\"><div class=\"vcex-image-inner wpex-relative wpex-inline-block\"><img width=\"600\" height=\"277\" src=\"https:\/\/www.octopus.tools\/wp-content\/uploads\/2023\/06\/app-view-1.gif\" class=\"vcex-image-img wpex-align-middle\" alt=\"Belichtungkorrektur in der App per touch\" loading=\"lazy\" decoding=\"async\" \/><\/div><\/figure>[\/vc_column][vc_column width=&#8220;1\/2&#8243;][vc_column_text]In unserer App haben wir eine n\u00fctzliche Funktion implementiert, die Ihnen helfen kann, bessere Ergebnisse bei der Aufnahme von Fotos zu erzielen. Wenn Sie das Vorschaubild in der App ber\u00fchren, wird der Belichtungsschwerpunkt an der dunkelsten Stelle des Bildes gesetzt. Durch das Ber\u00fchren des dunkelsten Bereichs k\u00f6nnen Sie sicherstellen, dass das Bild optimal belichtet wird und die Details in den Schattenbereichen erhalten bleiben. Diese Funktion ist besonders n\u00fctzlich in Situationen mit starken Kontrasten, wie z.B. bei Sonnenunterg\u00e4ngen oder in Innenr\u00e4umen mit starken Lichtquellen. Optional blenden Sie einfach die Konturlinien mit einem Klick auf das Ghost-Symbol aus.[\/vc_column_text][\/vc_column][\/vc_row][vc_row full_width=&#8220;stretch_row&#8220; css=&#8220;.vc_custom_1683708500108{background-color: #3d3d3d !important;}&#8220;][vc_column width=&#8220;1\/2&#8243;]<figure class=\"vcex-image vcex-module\"><div class=\"vcex-image-inner wpex-relative wpex-inline-block\"><img width=\"600\" height=\"450\" src=\"https:\/\/www.octopus.tools\/wp-content\/uploads\/2023\/06\/without-touch.webp\" class=\"vcex-image-img wpex-align-middle\" alt=\"\" loading=\"lazy\" decoding=\"async\" srcset=\"https:\/\/www.octopus.tools\/wp-content\/uploads\/2023\/06\/without-touch.webp 600w, https:\/\/www.octopus.tools\/wp-content\/uploads\/2023\/06\/without-touch-300x225.webp 300w, https:\/\/www.octopus.tools\/wp-content\/uploads\/2023\/06\/without-touch-150x113.webp 150w, https:\/\/www.octopus.tools\/wp-content\/uploads\/2023\/06\/without-touch-100x75.webp 100w\" sizes=\"auto, (max-width: 600px) 100vw, 600px\" \/><\/div><figcaption class=\"vcex-image-caption wpex-mt-10\">Standard Einstellung, die Kamera hat versucht aus dem Gesamtbild einen Belichtungsdurchschnitt zu erzielen. Dadurch wirken Teile des Bildes zu dunkel.<\/figcaption><\/figure>[\/vc_column][vc_column width=&#8220;1\/2&#8243;]<figure class=\"vcex-image vcex-module\"><div class=\"vcex-image-inner wpex-relative wpex-inline-block\"><img width=\"600\" height=\"450\" src=\"https:\/\/www.octopus.tools\/wp-content\/uploads\/2023\/06\/with-touch.webp\" class=\"vcex-image-img wpex-align-middle\" alt=\"\" loading=\"lazy\" decoding=\"async\" srcset=\"https:\/\/www.octopus.tools\/wp-content\/uploads\/2023\/06\/with-touch.webp 600w, https:\/\/www.octopus.tools\/wp-content\/uploads\/2023\/06\/with-touch-300x225.webp 300w, https:\/\/www.octopus.tools\/wp-content\/uploads\/2023\/06\/with-touch-150x113.webp 150w, https:\/\/www.octopus.tools\/wp-content\/uploads\/2023\/06\/with-touch-100x75.webp 100w\" sizes=\"auto, (max-width: 600px) 100vw, 600px\" \/><\/div><figcaption class=\"vcex-image-caption wpex-mt-10\">Ein Touch aufs Vorschaubild hat den Belichtungsschwerpunkt auf die gew\u00fcnschte Stelle gesetzt. Das Bild ist perfekt belichtet.<\/figcaption><\/figure>[\/vc_column][\/vc_row][vc_row full_width=&#8220;stretch_row&#8220; css=&#8220;.vc_custom_1683708125461{padding-top: 50px !important;}&#8220;][vc_column][vc_text_separator title=&#8220;Abstand&#8220; color=&#8220;custom&#8220; accent_color=&#8220;#fc9a00&#8243; css=&#8220;.vc_custom_1689167842247{padding-bottom: 25px !important;}&#8220;][vc_column_text]In der Piranha App bekommen Sie in Ihrem Set genaue Vorgaben zu Abstand und Winkel die n\u00f6tig sind, um ein ideales Bild zu fotografieren. [\/vc_column_text][\/vc_column][\/vc_row][vc_row full_width=&#8220;stretch_row&#8220; css=&#8220;.vc_custom_1683708133826{margin-bottom: 50px !important;}&#8220;][vc_column width=&#8220;1\/2&#8243;]<figure class=\"vcex-image vcex-module\"><div class=\"vcex-image-inner wpex-relative wpex-inline-block\"><img width=\"800\" height=\"600\" src=\"https:\/\/www.octopus.tools\/wp-content\/uploads\/2023\/05\/close_distance.webp\" class=\"vcex-image-img wpex-align-middle\" alt=\"\" loading=\"lazy\" decoding=\"async\" srcset=\"https:\/\/www.octopus.tools\/wp-content\/uploads\/2023\/05\/close_distance.webp 800w, https:\/\/www.octopus.tools\/wp-content\/uploads\/2023\/05\/close_distance-300x225.webp 300w, https:\/\/www.octopus.tools\/wp-content\/uploads\/2023\/05\/close_distance-150x113.webp 150w, https:\/\/www.octopus.tools\/wp-content\/uploads\/2023\/05\/close_distance-768x576.webp 768w, https:\/\/www.octopus.tools\/wp-content\/uploads\/2023\/05\/close_distance-100x75.webp 100w\" sizes=\"auto, (max-width: 800px) 100vw, 800px\" \/><\/div><figcaption class=\"vcex-image-caption wpex-mt-10\">Zu geringe Entfernung l\u00e4sst das Fahrzeug unf\u00f6rmig aussehen.<\/figcaption><\/figure>[\/vc_column][vc_column width=&#8220;1\/2&#8243;]<figure class=\"vcex-image vcex-module\"><div class=\"vcex-image-inner wpex-relative wpex-inline-block\"><img width=\"800\" height=\"600\" src=\"https:\/\/www.octopus.tools\/wp-content\/uploads\/2023\/05\/optimal_distance.webp\" class=\"vcex-image-img wpex-align-middle\" alt=\"\" loading=\"lazy\" decoding=\"async\" srcset=\"https:\/\/www.octopus.tools\/wp-content\/uploads\/2023\/05\/optimal_distance.webp 800w, https:\/\/www.octopus.tools\/wp-content\/uploads\/2023\/05\/optimal_distance-300x225.webp 300w, https:\/\/www.octopus.tools\/wp-content\/uploads\/2023\/05\/optimal_distance-150x113.webp 150w, https:\/\/www.octopus.tools\/wp-content\/uploads\/2023\/05\/optimal_distance-768x576.webp 768w, https:\/\/www.octopus.tools\/wp-content\/uploads\/2023\/05\/optimal_distance-100x75.webp 100w\" sizes=\"auto, (max-width: 800px) 100vw, 800px\" \/><\/div><figcaption class=\"vcex-image-caption wpex-mt-10\">optimale Entfernung, nach Bearbeitung perfekt platziertes Fahrzeug.<\/figcaption><\/figure>[\/vc_column][\/vc_row][vc_row full_width=&#8220;stretch_row&#8220; css=&#8220;.vc_custom_1683708401125{padding-top: 50px !important;background-color: #3d3d3d !important;}&#8220;][vc_column][vc_text_separator title=&#8220;Fahrzeug nicht ideal aufgenommen&#8220; color=&#8220;custom&#8220; accent_color=&#8220;#fc9a00&#8243; css=&#8220;.vc_custom_1689167958589{padding-bottom: 25px !important;}&#8220;][vc_column_text]Um sicherzustellen, dass keine Teile des Fahrzeugs abgeschnitten oder verdeckt sind, wird Ihnen stets ein Kontrollbildschirm angezeigt.[\/vc_column_text][\/vc_column][\/vc_row][vc_row full_width=&#8220;stretch_row&#8220; css=&#8220;.vc_custom_1683708411795{background-color: #3d3d3d !important;}&#8220;][vc_column el_class=&#8220;vnbild&#8220;]<figure class=\"vcex-image vcex-module\"><div class=\"vcex-image-inner wpex-relative wpex-inline-block\"><img width=\"1200\" height=\"554\" src=\"https:\/\/www.octopus.tools\/wp-content\/uploads\/2023\/06\/compare.webp\" class=\"vcex-image-img wpex-align-middle\" alt=\"\" loading=\"lazy\" decoding=\"async\" srcset=\"https:\/\/www.octopus.tools\/wp-content\/uploads\/2023\/06\/compare.webp 1200w, https:\/\/www.octopus.tools\/wp-content\/uploads\/2023\/06\/compare-300x139.webp 300w, https:\/\/www.octopus.tools\/wp-content\/uploads\/2023\/06\/compare-1024x473.webp 1024w, https:\/\/www.octopus.tools\/wp-content\/uploads\/2023\/06\/compare-150x69.webp 150w, https:\/\/www.octopus.tools\/wp-content\/uploads\/2023\/06\/compare-768x355.webp 768w, https:\/\/www.octopus.tools\/wp-content\/uploads\/2023\/06\/compare-100x46.webp 100w\" sizes=\"auto, (max-width: 1200px) 100vw, 1200px\" \/><\/div><figcaption class=\"vcex-image-caption wpex-mt-10\">Der orangefarbene Rahmen zeigt an, wo sich das Fahrzeug idealerweise auf dem Bild befinden sollte. \u00dcberpr\u00fcfen Sie, ob sich das gesamte Fahrzeug innerhalb des Rahmens befindet. Durch Ber\u00fchren des Vorschaubildes k\u00f6nnen Sie eine Vollbildansicht des Bildes aufrufen.<\/figcaption><\/figure>[\/vc_column][\/vc_row][vc_row full_width=&#8220;stretch_row&#8220; css=&#8220;.vc_custom_1687346971690{padding-top: 50px !important;}&#8220;][vc_column][vc_text_separator title=&#8220;Fahrzeug verdeckt&#8220; color=&#8220;custom&#8220; accent_color=&#8220;#fc9a00&#8243; css=&#8220;.vc_custom_1689167882493{padding-bottom: 25px !important;}&#8220;][vc_column_text]Oft \u00fcbersieht man schnell mal einen Aufsteller, ein Preisschild oder \u00e4hnliches vor dem Auto. Was im Bild verdeckt ist, kann auch in der Bildbearbeitung nicht sichtbar werden.[\/vc_column_text][\/vc_column][\/vc_row][vc_row full_width=&#8220;stretch_row&#8220;][vc_column width=&#8220;1\/2&#8243; el_class=&#8220;vnbild&#8220;]<style>.vcex-image-ba-wrap.vcex_6a09aba32f52e{--handle-border-width:3px;}<\/style><div class=\"vcex-image-ba-wrap vcex_6a09aba32f52e\"><figure class=\"vcex-module vcex-image-ba vcex-image-ba-handle-outline twentytwenty-container\" data-options=\"{&quot;orientation&quot;:&quot;horizontal&quot;,&quot;default_offset_pct&quot;:&quot;0.5&quot;,&quot;no_overlay&quot;:false,&quot;before_label&quot;:&quot;Before&quot;,&quot;after_label&quot;:&quot;After&quot;}\"><img width=\"600\" height=\"450\" src=\"https:\/\/www.octopus.tools\/wp-content\/uploads\/2023\/05\/grass-before.webp\" class=\"vcex-before skip-lazy\" alt=\"\" data-no-lazy=\"1\" srcset=\"https:\/\/www.octopus.tools\/wp-content\/uploads\/2023\/05\/grass-before.webp 600w, https:\/\/www.octopus.tools\/wp-content\/uploads\/2023\/05\/grass-before-300x225.webp 300w, https:\/\/www.octopus.tools\/wp-content\/uploads\/2023\/05\/grass-before-150x113.webp 150w, https:\/\/www.octopus.tools\/wp-content\/uploads\/2023\/05\/grass-before-100x75.webp 100w\" sizes=\"(max-width: 600px) 100vw, 600px\" \/><img width=\"600\" height=\"450\" src=\"https:\/\/www.octopus.tools\/wp-content\/uploads\/2023\/05\/grass-after.webp\" class=\"vcex-after skip-lazy\" alt=\"\" data-no-lazy=\"1\" srcset=\"https:\/\/www.octopus.tools\/wp-content\/uploads\/2023\/05\/grass-after.webp 600w, https:\/\/www.octopus.tools\/wp-content\/uploads\/2023\/05\/grass-after-300x225.webp 300w, https:\/\/www.octopus.tools\/wp-content\/uploads\/2023\/05\/grass-after-150x113.webp 150w, https:\/\/www.octopus.tools\/wp-content\/uploads\/2023\/05\/grass-after-100x75.webp 100w\" sizes=\"(max-width: 600px) 100vw, 600px\" \/><\/figure><\/div>[vc_column_text]Gras verdeckt Teile der Reifen. [\/vc_column_text][\/vc_column][vc_column width=&#8220;1\/2&#8243;]<figure class=\"vcex-image vcex-module\"><div class=\"vcex-image-inner wpex-relative wpex-inline-block\"><img width=\"600\" height=\"450\" src=\"https:\/\/www.octopus.tools\/wp-content\/uploads\/2023\/05\/verdeckt.webp\" class=\"vcex-image-img wpex-align-middle\" alt=\"\" loading=\"lazy\" decoding=\"async\" srcset=\"https:\/\/www.octopus.tools\/wp-content\/uploads\/2023\/05\/verdeckt.webp 600w, https:\/\/www.octopus.tools\/wp-content\/uploads\/2023\/05\/verdeckt-300x225.webp 300w, https:\/\/www.octopus.tools\/wp-content\/uploads\/2023\/05\/verdeckt-150x113.webp 150w, https:\/\/www.octopus.tools\/wp-content\/uploads\/2023\/05\/verdeckt-100x75.webp 100w\" sizes=\"auto, (max-width: 600px) 100vw, 600px\" \/><\/div><figcaption class=\"vcex-image-caption wpex-mt-10\">Ein Aufsteller verdeckt das Fahrzeug. Bearbeitung unm\u00f6glich.<\/figcaption><\/figure>[\/vc_column][\/vc_row][vc_row full_width=&#8220;stretch_row&#8220; css=&#8220;.vc_custom_1683708125461{padding-top: 50px !important;}&#8220;][vc_column][vc_text_separator title=&#8220;Setbezeichnung&#8220; color=&#8220;custom&#8220; accent_color=&#8220;#fc9a00&#8243; css=&#8220;.vc_custom_1689167892505{padding-bottom: 25px !important;}&#8220;][vc_column_text]Um eine klare Identifizierung Ihrer Bilder sicherzustellen, ist es wichtig, eine eindeutige Setbezeichnung zu verwenden.[\/vc_column_text][\/vc_column][\/vc_row][vc_row full_width=&#8220;stretch_row&#8220; css=&#8220;.vc_custom_1683708133826{margin-bottom: 50px !important;}&#8220;][vc_column width=&#8220;2\/3&#8243;]<figure class=\"vcex-image vcex-module\"><div class=\"vcex-image-inner wpex-relative wpex-inline-block\"><img width=\"2480\" height=\"1748\" src=\"https:\/\/www.octopus.tools\/wp-content\/uploads\/2023\/06\/vin-scanner.webp\" class=\"vcex-image-img wpex-align-middle\" alt=\"\" loading=\"lazy\" decoding=\"async\" srcset=\"https:\/\/www.octopus.tools\/wp-content\/uploads\/2023\/06\/vin-scanner.webp 2480w, https:\/\/www.octopus.tools\/wp-content\/uploads\/2023\/06\/vin-scanner-300x211.webp 300w, https:\/\/www.octopus.tools\/wp-content\/uploads\/2023\/06\/vin-scanner-1024x722.webp 1024w, https:\/\/www.octopus.tools\/wp-content\/uploads\/2023\/06\/vin-scanner-150x106.webp 150w, https:\/\/www.octopus.tools\/wp-content\/uploads\/2023\/06\/vin-scanner-768x541.webp 768w, https:\/\/www.octopus.tools\/wp-content\/uploads\/2023\/06\/vin-scanner-1536x1083.webp 1536w, https:\/\/www.octopus.tools\/wp-content\/uploads\/2023\/06\/vin-scanner-2048x1444.webp 2048w, https:\/\/www.octopus.tools\/wp-content\/uploads\/2023\/06\/vin-scanner-100x70.webp 100w\" sizes=\"auto, (max-width: 2480px) 100vw, 2480px\" \/><\/div><\/figure>[\/vc_column][vc_column width=&#8220;1\/3&#8243;][vc_column_text]Neben der manuellen Eingabe des Set-Namens k\u00f6nnen Sie hierzu auch auf einen QR-Code-, einen Barcode-, einen Kennzeichen- oder einen Texterkennungsscanner zur\u00fcckgreifen.<br \/>\nDie erstellten Fahrzeugbilder werden dann nach dem Set-Namen benannt, also z.B. FIN_01.png, FIN_02.png usw.[\/vc_column_text][\/vc_column][\/vc_row][vc_row full_width=&#8220;stretch_row&#8220; css=&#8220;.vc_custom_1683708133826{margin-bottom: 50px !important;}&#8220;][vc_column width=&#8220;1\/3&#8243;][vc_column_text]Abh\u00e4ngig von der Schnittstelle zu Ihrem DMS haben Sie unter &#8222;Entw\u00fcrfe&#8220; Zugriff auf eine To-Do-Liste. Diese Liste zeigt Ihnen Fahrzeuge an, die in Ihrem System noch keine Bilder haben. Mit einem Klick auf einen Eintrag k\u00f6nnen Sie die korrekte Fahrzeugbezeichnung \u00fcbernehmen.[\/vc_column_text][\/vc_column][vc_column width=&#8220;2\/3&#8243;]<figure class=\"vcex-image vcex-module\"><div class=\"vcex-image-inner wpex-relative wpex-inline-block\"><img width=\"2480\" height=\"1748\" src=\"https:\/\/www.octopus.tools\/wp-content\/uploads\/2023\/06\/piranha-toDo.webp\" class=\"vcex-image-img wpex-align-middle\" alt=\"\" loading=\"lazy\" decoding=\"async\" srcset=\"https:\/\/www.octopus.tools\/wp-content\/uploads\/2023\/06\/piranha-toDo.webp 2480w, https:\/\/www.octopus.tools\/wp-content\/uploads\/2023\/06\/piranha-toDo-300x211.webp 300w, https:\/\/www.octopus.tools\/wp-content\/uploads\/2023\/06\/piranha-toDo-1024x722.webp 1024w, https:\/\/www.octopus.tools\/wp-content\/uploads\/2023\/06\/piranha-toDo-150x106.webp 150w, https:\/\/www.octopus.tools\/wp-content\/uploads\/2023\/06\/piranha-toDo-768x541.webp 768w, https:\/\/www.octopus.tools\/wp-content\/uploads\/2023\/06\/piranha-toDo-1536x1083.webp 1536w, https:\/\/www.octopus.tools\/wp-content\/uploads\/2023\/06\/piranha-toDo-2048x1444.webp 2048w, https:\/\/www.octopus.tools\/wp-content\/uploads\/2023\/06\/piranha-toDo-100x70.webp 100w\" sizes=\"auto, (max-width: 2480px) 100vw, 2480px\" \/><\/div><\/figure>[\/vc_column][\/vc_row]\n<\/div>","protected":false},"excerpt":{"rendered":"<p>[vc_row css=&#8220;.vc_custom_1683634410643{padding-top: 60px !important;}&#8220;][vc_column][vc_column_text]Willkommen auf unserer Tipps und Tricks Seite f\u00fcr die Fahrzeugfotografie mit unserer Piranha App! Hier finden Sie eine Sammlung von Beitr\u00e4gen, die Ihnen helfen sollen, das Beste aus der App herauszuholen und Ihre Fotografie-Erfahrung zu verbessern. Wir wissen, dass das Fotografieren mit einem Smartphone manchmal eine Herausforderung sein kann, aber mit ein&hellip;<\/p>\n","protected":false},"author":1,"featured_media":0,"parent":0,"menu_order":0,"comment_status":"closed","ping_status":"closed","template":"","meta":{"content-type":"","inline_featured_image":false,"footnotes":""},"class_list":["post-20508","page","type-page","status-publish","hentry","entry","no-media"],"yoast_head":"<!-- This site is optimized with the Yoast SEO plugin v24.0 - https:\/\/yoast.com\/wordpress\/plugins\/seo\/ -->\n<title>Piranha tipps &amp; tricks - Octopus tools - automotive imagery solutions<\/title>\n<meta name=\"robots\" content=\"index, follow, max-snippet:-1, max-image-preview:large, max-video-preview:-1\" \/>\n<link rel=\"canonical\" href=\"https:\/\/www.octopus.tools\/de\/piranha-tipps-tricks\/\" \/>\n<meta property=\"og:locale\" content=\"de_DE\" \/>\n<meta property=\"og:type\" content=\"article\" \/>\n<meta property=\"og:title\" content=\"Piranha tipps &amp; tricks - Octopus tools - automotive imagery solutions\" \/>\n<meta property=\"og:description\" content=\"[vc_row css=&#8220;.vc_custom_1683634410643{padding-top: 60px !important;}&#8220;][vc_column][vc_column_text]Willkommen auf unserer Tipps und Tricks Seite f\u00fcr die Fahrzeugfotografie mit unserer Piranha App! Hier finden Sie eine Sammlung von Beitr\u00e4gen, die Ihnen helfen sollen, das Beste aus der App herauszuholen und Ihre Fotografie-Erfahrung zu verbessern. Wir wissen, dass das Fotografieren mit einem Smartphone manchmal eine Herausforderung sein kann, aber mit ein&hellip;\" \/>\n<meta property=\"og:url\" content=\"https:\/\/www.octopus.tools\/de\/piranha-tipps-tricks\/\" \/>\n<meta property=\"og:site_name\" content=\"Octopus tools - automotive imagery solutions\" \/>\n<meta property=\"article:publisher\" content=\"https:\/\/www.facebook.com\/yoozoo.de\" \/>\n<meta property=\"article:modified_time\" content=\"2023-07-12T13:19:23+00:00\" \/>\n<meta property=\"og:image\" content=\"https:\/\/www.octopus.tools\/wp-content\/uploads\/2018\/04\/social-share-thumb.jpg\" \/>\n\t<meta property=\"og:image:width\" content=\"900\" \/>\n\t<meta property=\"og:image:height\" content=\"900\" \/>\n\t<meta property=\"og:image:type\" content=\"image\/jpeg\" \/>\n<meta name=\"twitter:card\" content=\"summary_large_image\" \/>\n<meta name=\"twitter:site\" content=\"@yoozoo_de\" \/>\n<meta name=\"twitter:label1\" content=\"Gesch\u00e4tzte Lesezeit\" \/>\n\t<meta name=\"twitter:data1\" content=\"5\u00a0Minuten\" \/>\n<script type=\"application\/ld+json\" class=\"yoast-schema-graph\">{\"@context\":\"https:\/\/schema.org\",\"@graph\":[{\"@type\":\"WebPage\",\"@id\":\"https:\/\/www.octopus.tools\/de\/piranha-tipps-tricks\/\",\"url\":\"https:\/\/www.octopus.tools\/de\/piranha-tipps-tricks\/\",\"name\":\"Piranha tipps & tricks - Octopus tools - automotive imagery solutions\",\"isPartOf\":{\"@id\":\"https:\/\/www.octopus.tools\/de\/#website\"},\"datePublished\":\"2023-05-09T15:12:25+00:00\",\"dateModified\":\"2023-07-12T13:19:23+00:00\",\"breadcrumb\":{\"@id\":\"https:\/\/www.octopus.tools\/de\/piranha-tipps-tricks\/#breadcrumb\"},\"inLanguage\":\"de\",\"potentialAction\":[{\"@type\":\"ReadAction\",\"target\":[\"https:\/\/www.octopus.tools\/de\/piranha-tipps-tricks\/\"]}]},{\"@type\":\"BreadcrumbList\",\"@id\":\"https:\/\/www.octopus.tools\/de\/piranha-tipps-tricks\/#breadcrumb\",\"itemListElement\":[{\"@type\":\"ListItem\",\"position\":1,\"name\":\"Home\",\"item\":\"https:\/\/www.octopus.tools\/de\/\"},{\"@type\":\"ListItem\",\"position\":2,\"name\":\"Piranha tipps &#038; tricks\"}]},{\"@type\":\"WebSite\",\"@id\":\"https:\/\/www.octopus.tools\/de\/#website\",\"url\":\"https:\/\/www.octopus.tools\/de\/\",\"name\":\"Octopus tools - automotive imagery solutions\",\"description\":\"yoozoo GmbH software\",\"publisher\":{\"@id\":\"https:\/\/www.octopus.tools\/de\/#organization\"},\"potentialAction\":[{\"@type\":\"SearchAction\",\"target\":{\"@type\":\"EntryPoint\",\"urlTemplate\":\"https:\/\/www.octopus.tools\/de\/?s={search_term_string}\"},\"query-input\":{\"@type\":\"PropertyValueSpecification\",\"valueRequired\":true,\"valueName\":\"search_term_string\"}}],\"inLanguage\":\"de\"},{\"@type\":\"Organization\",\"@id\":\"https:\/\/www.octopus.tools\/de\/#organization\",\"name\":\"Octopus.tools [by yoozoo GmbH]\",\"url\":\"https:\/\/www.octopus.tools\/de\/\",\"logo\":{\"@type\":\"ImageObject\",\"inLanguage\":\"de\",\"@id\":\"https:\/\/www.octopus.tools\/de\/#\/schema\/logo\/image\/\",\"url\":\"https:\/\/www.octopus.tools\/wp-content\/uploads\/2018\/02\/website-octopus-tools-08.svg\",\"contentUrl\":\"https:\/\/www.octopus.tools\/wp-content\/uploads\/2018\/02\/website-octopus-tools-08.svg\",\"caption\":\"Octopus.tools [by yoozoo GmbH]\"},\"image\":{\"@id\":\"https:\/\/www.octopus.tools\/de\/#\/schema\/logo\/image\/\"},\"sameAs\":[\"https:\/\/www.facebook.com\/yoozoo.de\",\"https:\/\/x.com\/yoozoo_de\"]}]}<\/script>\n<!-- \/ Yoast SEO plugin. -->","yoast_head_json":{"title":"Piranha tipps & tricks - Octopus tools - automotive imagery solutions","robots":{"index":"index","follow":"follow","max-snippet":"max-snippet:-1","max-image-preview":"max-image-preview:large","max-video-preview":"max-video-preview:-1"},"canonical":"https:\/\/www.octopus.tools\/de\/piranha-tipps-tricks\/","og_locale":"de_DE","og_type":"article","og_title":"Piranha tipps & tricks - Octopus tools - automotive imagery solutions","og_description":"[vc_row css=&#8220;.vc_custom_1683634410643{padding-top: 60px !important;}&#8220;][vc_column][vc_column_text]Willkommen auf unserer Tipps und Tricks Seite f\u00fcr die Fahrzeugfotografie mit unserer Piranha App! Hier finden Sie eine Sammlung von Beitr\u00e4gen, die Ihnen helfen sollen, das Beste aus der App herauszuholen und Ihre Fotografie-Erfahrung zu verbessern. Wir wissen, dass das Fotografieren mit einem Smartphone manchmal eine Herausforderung sein kann, aber mit ein&hellip;","og_url":"https:\/\/www.octopus.tools\/de\/piranha-tipps-tricks\/","og_site_name":"Octopus tools - automotive imagery solutions","article_publisher":"https:\/\/www.facebook.com\/yoozoo.de","article_modified_time":"2023-07-12T13:19:23+00:00","og_image":[{"width":900,"height":900,"url":"https:\/\/www.octopus.tools\/wp-content\/uploads\/2018\/04\/social-share-thumb.jpg","type":"image\/jpeg"}],"twitter_card":"summary_large_image","twitter_site":"@yoozoo_de","twitter_misc":{"Gesch\u00e4tzte Lesezeit":"5\u00a0Minuten"},"schema":{"@context":"https:\/\/schema.org","@graph":[{"@type":"WebPage","@id":"https:\/\/www.octopus.tools\/de\/piranha-tipps-tricks\/","url":"https:\/\/www.octopus.tools\/de\/piranha-tipps-tricks\/","name":"Piranha tipps & tricks - Octopus tools - automotive imagery solutions","isPartOf":{"@id":"https:\/\/www.octopus.tools\/de\/#website"},"datePublished":"2023-05-09T15:12:25+00:00","dateModified":"2023-07-12T13:19:23+00:00","breadcrumb":{"@id":"https:\/\/www.octopus.tools\/de\/piranha-tipps-tricks\/#breadcrumb"},"inLanguage":"de","potentialAction":[{"@type":"ReadAction","target":["https:\/\/www.octopus.tools\/de\/piranha-tipps-tricks\/"]}]},{"@type":"BreadcrumbList","@id":"https:\/\/www.octopus.tools\/de\/piranha-tipps-tricks\/#breadcrumb","itemListElement":[{"@type":"ListItem","position":1,"name":"Home","item":"https:\/\/www.octopus.tools\/de\/"},{"@type":"ListItem","position":2,"name":"Piranha tipps &#038; tricks"}]},{"@type":"WebSite","@id":"https:\/\/www.octopus.tools\/de\/#website","url":"https:\/\/www.octopus.tools\/de\/","name":"Octopus tools - automotive imagery solutions","description":"yoozoo GmbH software","publisher":{"@id":"https:\/\/www.octopus.tools\/de\/#organization"},"potentialAction":[{"@type":"SearchAction","target":{"@type":"EntryPoint","urlTemplate":"https:\/\/www.octopus.tools\/de\/?s={search_term_string}"},"query-input":{"@type":"PropertyValueSpecification","valueRequired":true,"valueName":"search_term_string"}}],"inLanguage":"de"},{"@type":"Organization","@id":"https:\/\/www.octopus.tools\/de\/#organization","name":"Octopus.tools [by yoozoo GmbH]","url":"https:\/\/www.octopus.tools\/de\/","logo":{"@type":"ImageObject","inLanguage":"de","@id":"https:\/\/www.octopus.tools\/de\/#\/schema\/logo\/image\/","url":"https:\/\/www.octopus.tools\/wp-content\/uploads\/2018\/02\/website-octopus-tools-08.svg","contentUrl":"https:\/\/www.octopus.tools\/wp-content\/uploads\/2018\/02\/website-octopus-tools-08.svg","caption":"Octopus.tools [by yoozoo GmbH]"},"image":{"@id":"https:\/\/www.octopus.tools\/de\/#\/schema\/logo\/image\/"},"sameAs":["https:\/\/www.facebook.com\/yoozoo.de","https:\/\/x.com\/yoozoo_de"]}]}},"_links":{"self":[{"href":"https:\/\/www.octopus.tools\/de\/wp-json\/wp\/v2\/pages\/20508","targetHints":{"allow":["GET"]}}],"collection":[{"href":"https:\/\/www.octopus.tools\/de\/wp-json\/wp\/v2\/pages"}],"about":[{"href":"https:\/\/www.octopus.tools\/de\/wp-json\/wp\/v2\/types\/page"}],"author":[{"embeddable":true,"href":"https:\/\/www.octopus.tools\/de\/wp-json\/wp\/v2\/users\/1"}],"replies":[{"embeddable":true,"href":"https:\/\/www.octopus.tools\/de\/wp-json\/wp\/v2\/comments?post=20508"}],"version-history":[{"count":0,"href":"https:\/\/www.octopus.tools\/de\/wp-json\/wp\/v2\/pages\/20508\/revisions"}],"wp:attachment":[{"href":"https:\/\/www.octopus.tools\/de\/wp-json\/wp\/v2\/media?parent=20508"}],"curies":[{"name":"wp","href":"https:\/\/api.w.org\/{rel}","templated":true}]}}