{"id":25037,"date":"2025-01-16T20:58:45","date_gmt":"2025-01-16T19:58:45","guid":{"rendered":"https:\/\/www.octopus.tools\/?page_id=25037"},"modified":"2026-02-21T18:37:48","modified_gmt":"2026-02-21T17:37:48","slug":"piranha-ansichten-uk","status":"publish","type":"page","link":"https:\/\/www.octopus.tools\/de\/piranha-ansichten-uk\/","title":{"rendered":"Ansichten &#8211; UK"},"content":{"rendered":"<div class=\"wpb-content-wrapper\">[vc_row full_width=&#8220;stretch_row&#8220; css=&#8220;.vc_custom_1621507431085{background-color: #3d3d3d !important;}&#8220;][vc_column][vc_empty_space height=&#8220;60px&#8220;]<style>.vcex-heading.vcex_69d0e66086f32 .vcex-heading-inner{border-color:#fc9a00;}.vcex-heading.vcex_69d0e66086f32{border-color:#e2e2e2;}<\/style><h2 class=\"vcex-heading vcex-heading-bottom-border-w-color vcex-module wpex-heading wpex-text-2xl wpex-text-left wpex-border-b-2 wpex-border-solid wpex-border-main vcex_69d0e66086f32\"><span class=\"vcex-heading-inner wpex-inline-block wpex-relative wpex-pb-5 wpex-border-b-2 wpex-border-solid wpex-border-accent\">Ansichten - UK<\/span><\/h2>[vc_empty_space height=&#8220;30px&#8220;][vc_column_text]Hier finden Sie alle aktuell verf\u00fcgbaren Ansichten, aus denen Sie sich Ihr ganz pers\u00f6nliches Piranha-Set zusammenstellen k\u00f6nnen.<\/p>\n[\/vc_column_text][vc_empty_space height=&#8220;20px&#8220;][\/vc_column][\/vc_row][vc_row full_width=&#8220;stretch_row_content&#8220; css=&#8220;.vc_custom_1737048473504{background-color: #3d3d3d !important;}&#8220; el_class=&#8220;mn-views&#8220;][vc_column el_class=&#8220;mn-vc-tta&#8220;][vc_tta_tabs style=&#8220;total&#8220; alignment=&#8220;center&#8220; active_section=&#8220;1&#8243;][vc_tta_section title=&#8220;PKW UK&#8220; tab_id=&#8220;pkw&#8220; el_class=&#8220;mn-vc-grid&#8220;][vc_row_inner css=&#8220;.vc_custom_1678704012787{margin-bottom: 0px !important;}&#8220;][vc_column_inner css=&#8220;.vc_custom_1678704086340{margin-bottom: 10px !important;}&#8220;]<style> style=\"height:20px;\"<\/style><div class=\"vcex-spacing wpex-w-100 wpex-clear\" style=\"height:20px;\"><\/div>[vc_column_text text_align=&#8220;center&#8220;]Bilder, die mit dem <img loading=\"lazy\" decoding=\"async\" class=\"\" src=\"https:\/\/www.octopus.tools\/wp-content\/uploads\/2019\/11\/icon-natas.svg\" width=\"20\" height=\"20\" \/>-Symbol gekennzeichnet sind, eignen sich f\u00fcr Sets, die mit k\u00fcnstlicher Intelligenz bearbeitet werden k\u00f6nnen.[\/vc_column_text]<style> style=\"height:10px;\"<\/style><div class=\"vcex-spacing wpex-w-100 wpex-clear\" style=\"height:10px;\"><\/div>[\/vc_column_inner][\/vc_row_inner][vc_basic_grid post_type=&#8220;essential_grid&#8220; max_items=&#8220;-1&#8243; show_filter=&#8220;yes&#8220; element_width=&#8220;3&#8243; gap=&#8220;0&#8243; orderby=&#8220;title&#8220; order=&#8220;ASC&#8220; item=&#8220;24975&#8243; css=&#8220;&#8220; grid_id=&#8220;vc_gid:1771695426884-09f72910-d4ae-7&#8243; filter_source=&#8220;essential_grid_category&#8220; el_class=&#8220;new_views&#8220; exclude_filter=&#8220;2189, 2131, 2102, 2104, 2103, 2258, 2106, 2264, 2251, 2123, 2259, 2259, 2131&#8243; taxonomies=&#8220;2131, 2214, 2173, 2132, 2120&#8243;][\/vc_tta_section][vc_tta_section title=&#8220;Van&#8220; tab_id=&#8220;vans&#8220;][vc_row_inner css=&#8220;.vc_custom_1678704012787{margin-bottom: 0px !important;}&#8220;][vc_column_inner css=&#8220;.vc_custom_1678704086340{margin-bottom: 10px !important;}&#8220;]<style> style=\"height:20px;\"<\/style><div class=\"vcex-spacing wpex-w-100 wpex-clear\" style=\"height:20px;\"><\/div>[vc_column_text text_align=&#8220;center&#8220;]Bilder, die mit dem <img loading=\"lazy\" decoding=\"async\" class=\"\" src=\"https:\/\/www.octopus.tools\/wp-content\/uploads\/2019\/11\/icon-natas.svg\" width=\"20\" height=\"20\" \/>-Symbol gekennzeichnet sind, eignen sich f\u00fcr Sets, die mit k\u00fcnstlicher Intelligenz bearbeitet werden k\u00f6nnen.[\/vc_column_text]<style> style=\"height:10px;\"<\/style><div class=\"vcex-spacing wpex-w-100 wpex-clear\" style=\"height:10px;\"><\/div>[\/vc_column_inner][\/vc_row_inner][vc_basic_grid post_type=&#8220;essential_grid&#8220; max_items=&#8220;-1&#8243; show_filter=&#8220;yes&#8220; element_width=&#8220;3&#8243; gap=&#8220;0&#8243; orderby=&#8220;title&#8220; order=&#8220;ASC&#8220; item=&#8220;24975&#8243; css=&#8220;&#8220; grid_id=&#8220;vc_gid:1771695426888-d5e0afb3-d027-5&#8243; taxonomies=&#8220;2123, 2251, 2259&#8243; el_class=&#8220;new_views&#8220; filter_source=&#8220;essential_grid_category&#8220; exclude_filter=&#8220;2189, 2258, 2106, 2264, 2259&#8243;][\/vc_tta_section][vc_tta_section title=&#8220;Truck&#8220; tab_id=&#8220;truck&#8220; el_class=&#8220;mn-vc-grid&#8220;][vc_basic_grid post_type=&#8220;essential_grid&#8220; max_items=&#8220;-1&#8243; element_width=&#8220;3&#8243; gap=&#8220;20&#8243; orderby=&#8220;title&#8220; order=&#8220;ASC&#8220; item=&#8220;24975&#8243; css=&#8220;&#8220; grid_id=&#8220;vc_gid:1771695426888-f53edb65-8c19-8&#8243; taxonomies=&#8220;2172&#8243; el_class=&#8220;new_views&#8220;][\/vc_tta_section][vc_tta_section title=&#8220;Zweirad&#8220; tab_id=&#8220;scooter&#8220; el_class=&#8220;mn-vc-grid&#8220;][vc_basic_grid post_type=&#8220;essential_grid&#8220; max_items=&#8220;-1&#8243; show_filter=&#8220;yes&#8220; element_width=&#8220;3&#8243; gap=&#8220;20&#8243; orderby=&#8220;title&#8220; order=&#8220;ASC&#8220; item=&#8220;24975&#8243; css=&#8220;&#8220; grid_id=&#8220;vc_gid:1771695426889-d020a0ee-8c5d-8&#8243; taxonomies=&#8220;2160, 2125&#8243; el_class=&#8220;new_views&#8220; filter_source=&#8220;essential_grid_category&#8220; exclude_filter=&#8220;2105, 2161&#8243;][\/vc_tta_section][vc_tta_section title=&#8220;AI-ready (Natas)&#8220; tab_id=&#8220;natas-ready&#8220;][vc_basic_grid post_type=&#8220;essential_grid&#8220; max_items=&#8220;-1&#8243; element_width=&#8220;3&#8243; gap=&#8220;20&#8243; orderby=&#8220;title&#8220; order=&#8220;ASC&#8220; item=&#8220;24975&#8243; css=&#8220;&#8220; grid_id=&#8220;vc_gid:1771695426890-1a123264-2308-1&#8243; taxonomies=&#8220;2212&#8243; el_class=&#8220;new_views&#8220;][\/vc_tta_section][\/vc_tta_tabs][\/vc_column][\/vc_row]\n<\/div>","protected":false},"excerpt":{"rendered":"<p>[vc_row full_width=&#8220;stretch_row&#8220; css=&#8220;.vc_custom_1621507431085{background-color: #3d3d3d !important;}&#8220;][vc_column][vc_empty_space height=&#8220;60px&#8220;][vc_empty_space height=&#8220;30px&#8220;][vc_column_text]Hier finden Sie alle aktuell verf\u00fcgbaren Ansichten, aus denen Sie sich Ihr ganz pers\u00f6nliches Piranha-Set zusammenstellen k\u00f6nnen. [\/vc_column_text][vc_empty_space height=&#8220;20px&#8220;][\/vc_column][\/vc_row][vc_row full_width=&#8220;stretch_row_content&#8220; css=&#8220;.vc_custom_1737048473504{background-color: #3d3d3d !important;}&#8220; el_class=&#8220;mn-views&#8220;][vc_column el_class=&#8220;mn-vc-tta&#8220;][vc_tta_tabs style=&#8220;total&#8220; alignment=&#8220;center&#8220; active_section=&#8220;1&#8243;][vc_tta_section title=&#8220;PKW UK&#8220; tab_id=&#8220;pkw&#8220; el_class=&#8220;mn-vc-grid&#8220;][vc_row_inner css=&#8220;.vc_custom_1678704012787{margin-bottom: 0px !important;}&#8220;][vc_column_inner css=&#8220;.vc_custom_1678704086340{margin-bottom: 10px !important;}&#8220;][vc_column_text text_align=&#8220;center&#8220;]Bilder, die mit dem -Symbol gekennzeichnet sind, eignen sich f\u00fcr Sets,&hellip;<\/p>\n","protected":false},"author":4,"featured_media":0,"parent":0,"menu_order":0,"comment_status":"closed","ping_status":"closed","template":"","meta":{"content-type":"","inline_featured_image":false,"footnotes":""},"class_list":["post-25037","page","type-page","status-publish","hentry","entry","no-media"],"yoast_head":"<!-- This site is optimized with the Yoast SEO plugin v24.0 - https:\/\/yoast.com\/wordpress\/plugins\/seo\/ -->\n<title>Ansichten - UK - Octopus tools - automotive imagery solutions<\/title>\n<meta name=\"robots\" content=\"index, follow, max-snippet:-1, max-image-preview:large, max-video-preview:-1\" \/>\n<link rel=\"canonical\" href=\"https:\/\/www.octopus.tools\/de\/piranha-ansichten-uk\/\" \/>\n<meta property=\"og:locale\" content=\"de_DE\" \/>\n<meta property=\"og:type\" content=\"article\" \/>\n<meta property=\"og:title\" content=\"Ansichten - UK - Octopus tools - automotive imagery solutions\" \/>\n<meta property=\"og:description\" content=\"[vc_row full_width=&#8220;stretch_row&#8220; css=&#8220;.vc_custom_1621507431085{background-color: #3d3d3d !important;}&#8220;][vc_column][vc_empty_space height=&#8220;60px&#8220;][vc_empty_space height=&#8220;30px&#8220;][vc_column_text]Hier finden Sie alle aktuell verf\u00fcgbaren Ansichten, aus denen Sie sich Ihr ganz pers\u00f6nliches Piranha-Set zusammenstellen k\u00f6nnen. [\/vc_column_text][vc_empty_space height=&#8220;20px&#8220;][\/vc_column][\/vc_row][vc_row full_width=&#8220;stretch_row_content&#8220; css=&#8220;.vc_custom_1737048473504{background-color: #3d3d3d !important;}&#8220; el_class=&#8220;mn-views&#8220;][vc_column el_class=&#8220;mn-vc-tta&#8220;][vc_tta_tabs style=&#8220;total&#8220; alignment=&#8220;center&#8220; active_section=&#8220;1&#8243;][vc_tta_section title=&#8220;PKW UK&#8220; tab_id=&#8220;pkw&#8220; el_class=&#8220;mn-vc-grid&#8220;][vc_row_inner css=&#8220;.vc_custom_1678704012787{margin-bottom: 0px !important;}&#8220;][vc_column_inner css=&#8220;.vc_custom_1678704086340{margin-bottom: 10px !important;}&#8220;][vc_column_text text_align=&#8220;center&#8220;]Bilder, die mit dem -Symbol gekennzeichnet sind, eignen sich f\u00fcr Sets,&hellip;\" \/>\n<meta property=\"og:url\" content=\"https:\/\/www.octopus.tools\/de\/piranha-ansichten-uk\/\" \/>\n<meta property=\"og:site_name\" content=\"Octopus tools - automotive imagery solutions\" \/>\n<meta property=\"article:publisher\" content=\"https:\/\/www.facebook.com\/yoozoo.de\" \/>\n<meta property=\"article:modified_time\" content=\"2026-02-21T17:37:48+00:00\" \/>\n<meta property=\"og:image\" content=\"https:\/\/www.octopus.tools\/wp-content\/uploads\/2019\/11\/icon-natas.svg\" \/>\n<meta name=\"twitter:card\" content=\"summary_large_image\" \/>\n<meta name=\"twitter:site\" content=\"@yoozoo_de\" \/>\n<meta name=\"twitter:label1\" content=\"Gesch\u00e4tzte Lesezeit\" \/>\n\t<meta name=\"twitter:data1\" content=\"2\u00a0Minuten\" \/>\n<script type=\"application\/ld+json\" class=\"yoast-schema-graph\">{\"@context\":\"https:\/\/schema.org\",\"@graph\":[{\"@type\":\"WebPage\",\"@id\":\"https:\/\/www.octopus.tools\/de\/piranha-ansichten-uk\/\",\"url\":\"https:\/\/www.octopus.tools\/de\/piranha-ansichten-uk\/\",\"name\":\"Ansichten - UK - Octopus tools - automotive imagery solutions\",\"isPartOf\":{\"@id\":\"https:\/\/www.octopus.tools\/de\/#website\"},\"primaryImageOfPage\":{\"@id\":\"https:\/\/www.octopus.tools\/de\/piranha-ansichten-uk\/#primaryimage\"},\"image\":{\"@id\":\"https:\/\/www.octopus.tools\/de\/piranha-ansichten-uk\/#primaryimage\"},\"thumbnailUrl\":\"https:\/\/www.octopus.tools\/wp-content\/uploads\/2019\/11\/icon-natas.svg\",\"datePublished\":\"2025-01-16T19:58:45+00:00\",\"dateModified\":\"2026-02-21T17:37:48+00:00\",\"breadcrumb\":{\"@id\":\"https:\/\/www.octopus.tools\/de\/piranha-ansichten-uk\/#breadcrumb\"},\"inLanguage\":\"de\",\"potentialAction\":[{\"@type\":\"ReadAction\",\"target\":[\"https:\/\/www.octopus.tools\/de\/piranha-ansichten-uk\/\"]}]},{\"@type\":\"ImageObject\",\"inLanguage\":\"de\",\"@id\":\"https:\/\/www.octopus.tools\/de\/piranha-ansichten-uk\/#primaryimage\",\"url\":\"https:\/\/www.octopus.tools\/wp-content\/uploads\/2019\/11\/icon-natas.svg\",\"contentUrl\":\"https:\/\/www.octopus.tools\/wp-content\/uploads\/2019\/11\/icon-natas.svg\"},{\"@type\":\"BreadcrumbList\",\"@id\":\"https:\/\/www.octopus.tools\/de\/piranha-ansichten-uk\/#breadcrumb\",\"itemListElement\":[{\"@type\":\"ListItem\",\"position\":1,\"name\":\"Home\",\"item\":\"https:\/\/www.octopus.tools\/de\/\"},{\"@type\":\"ListItem\",\"position\":2,\"name\":\"Ansichten &#8211; UK\"}]},{\"@type\":\"WebSite\",\"@id\":\"https:\/\/www.octopus.tools\/de\/#website\",\"url\":\"https:\/\/www.octopus.tools\/de\/\",\"name\":\"Octopus tools - automotive imagery solutions\",\"description\":\"yoozoo GmbH software\",\"publisher\":{\"@id\":\"https:\/\/www.octopus.tools\/de\/#organization\"},\"potentialAction\":[{\"@type\":\"SearchAction\",\"target\":{\"@type\":\"EntryPoint\",\"urlTemplate\":\"https:\/\/www.octopus.tools\/de\/?s={search_term_string}\"},\"query-input\":{\"@type\":\"PropertyValueSpecification\",\"valueRequired\":true,\"valueName\":\"search_term_string\"}}],\"inLanguage\":\"de\"},{\"@type\":\"Organization\",\"@id\":\"https:\/\/www.octopus.tools\/de\/#organization\",\"name\":\"Octopus.tools [by yoozoo GmbH]\",\"url\":\"https:\/\/www.octopus.tools\/de\/\",\"logo\":{\"@type\":\"ImageObject\",\"inLanguage\":\"de\",\"@id\":\"https:\/\/www.octopus.tools\/de\/#\/schema\/logo\/image\/\",\"url\":\"https:\/\/www.octopus.tools\/wp-content\/uploads\/2018\/02\/website-octopus-tools-08.svg\",\"contentUrl\":\"https:\/\/www.octopus.tools\/wp-content\/uploads\/2018\/02\/website-octopus-tools-08.svg\",\"caption\":\"Octopus.tools [by yoozoo GmbH]\"},\"image\":{\"@id\":\"https:\/\/www.octopus.tools\/de\/#\/schema\/logo\/image\/\"},\"sameAs\":[\"https:\/\/www.facebook.com\/yoozoo.de\",\"https:\/\/x.com\/yoozoo_de\"]}]}<\/script>\n<!-- \/ Yoast SEO plugin. -->","yoast_head_json":{"title":"Ansichten - UK - Octopus tools - automotive imagery solutions","robots":{"index":"index","follow":"follow","max-snippet":"max-snippet:-1","max-image-preview":"max-image-preview:large","max-video-preview":"max-video-preview:-1"},"canonical":"https:\/\/www.octopus.tools\/de\/piranha-ansichten-uk\/","og_locale":"de_DE","og_type":"article","og_title":"Ansichten - UK - Octopus tools - automotive imagery solutions","og_description":"[vc_row full_width=&#8220;stretch_row&#8220; css=&#8220;.vc_custom_1621507431085{background-color: #3d3d3d !important;}&#8220;][vc_column][vc_empty_space height=&#8220;60px&#8220;][vc_empty_space height=&#8220;30px&#8220;][vc_column_text]Hier finden Sie alle aktuell verf\u00fcgbaren Ansichten, aus denen Sie sich Ihr ganz pers\u00f6nliches Piranha-Set zusammenstellen k\u00f6nnen. [\/vc_column_text][vc_empty_space height=&#8220;20px&#8220;][\/vc_column][\/vc_row][vc_row full_width=&#8220;stretch_row_content&#8220; css=&#8220;.vc_custom_1737048473504{background-color: #3d3d3d !important;}&#8220; el_class=&#8220;mn-views&#8220;][vc_column el_class=&#8220;mn-vc-tta&#8220;][vc_tta_tabs style=&#8220;total&#8220; alignment=&#8220;center&#8220; active_section=&#8220;1&#8243;][vc_tta_section title=&#8220;PKW UK&#8220; tab_id=&#8220;pkw&#8220; el_class=&#8220;mn-vc-grid&#8220;][vc_row_inner css=&#8220;.vc_custom_1678704012787{margin-bottom: 0px !important;}&#8220;][vc_column_inner css=&#8220;.vc_custom_1678704086340{margin-bottom: 10px !important;}&#8220;][vc_column_text text_align=&#8220;center&#8220;]Bilder, die mit dem -Symbol gekennzeichnet sind, eignen sich f\u00fcr Sets,&hellip;","og_url":"https:\/\/www.octopus.tools\/de\/piranha-ansichten-uk\/","og_site_name":"Octopus tools - automotive imagery solutions","article_publisher":"https:\/\/www.facebook.com\/yoozoo.de","article_modified_time":"2026-02-21T17:37:48+00:00","og_image":[{"url":"https:\/\/www.octopus.tools\/wp-content\/uploads\/2019\/11\/icon-natas.svg","type":"","width":"","height":""}],"twitter_card":"summary_large_image","twitter_site":"@yoozoo_de","twitter_misc":{"Gesch\u00e4tzte Lesezeit":"2\u00a0Minuten"},"schema":{"@context":"https:\/\/schema.org","@graph":[{"@type":"WebPage","@id":"https:\/\/www.octopus.tools\/de\/piranha-ansichten-uk\/","url":"https:\/\/www.octopus.tools\/de\/piranha-ansichten-uk\/","name":"Ansichten - UK - Octopus tools - automotive imagery solutions","isPartOf":{"@id":"https:\/\/www.octopus.tools\/de\/#website"},"primaryImageOfPage":{"@id":"https:\/\/www.octopus.tools\/de\/piranha-ansichten-uk\/#primaryimage"},"image":{"@id":"https:\/\/www.octopus.tools\/de\/piranha-ansichten-uk\/#primaryimage"},"thumbnailUrl":"https:\/\/www.octopus.tools\/wp-content\/uploads\/2019\/11\/icon-natas.svg","datePublished":"2025-01-16T19:58:45+00:00","dateModified":"2026-02-21T17:37:48+00:00","breadcrumb":{"@id":"https:\/\/www.octopus.tools\/de\/piranha-ansichten-uk\/#breadcrumb"},"inLanguage":"de","potentialAction":[{"@type":"ReadAction","target":["https:\/\/www.octopus.tools\/de\/piranha-ansichten-uk\/"]}]},{"@type":"ImageObject","inLanguage":"de","@id":"https:\/\/www.octopus.tools\/de\/piranha-ansichten-uk\/#primaryimage","url":"https:\/\/www.octopus.tools\/wp-content\/uploads\/2019\/11\/icon-natas.svg","contentUrl":"https:\/\/www.octopus.tools\/wp-content\/uploads\/2019\/11\/icon-natas.svg"},{"@type":"BreadcrumbList","@id":"https:\/\/www.octopus.tools\/de\/piranha-ansichten-uk\/#breadcrumb","itemListElement":[{"@type":"ListItem","position":1,"name":"Home","item":"https:\/\/www.octopus.tools\/de\/"},{"@type":"ListItem","position":2,"name":"Ansichten &#8211; UK"}]},{"@type":"WebSite","@id":"https:\/\/www.octopus.tools\/de\/#website","url":"https:\/\/www.octopus.tools\/de\/","name":"Octopus tools - automotive imagery solutions","description":"yoozoo GmbH software","publisher":{"@id":"https:\/\/www.octopus.tools\/de\/#organization"},"potentialAction":[{"@type":"SearchAction","target":{"@type":"EntryPoint","urlTemplate":"https:\/\/www.octopus.tools\/de\/?s={search_term_string}"},"query-input":{"@type":"PropertyValueSpecification","valueRequired":true,"valueName":"search_term_string"}}],"inLanguage":"de"},{"@type":"Organization","@id":"https:\/\/www.octopus.tools\/de\/#organization","name":"Octopus.tools [by yoozoo GmbH]","url":"https:\/\/www.octopus.tools\/de\/","logo":{"@type":"ImageObject","inLanguage":"de","@id":"https:\/\/www.octopus.tools\/de\/#\/schema\/logo\/image\/","url":"https:\/\/www.octopus.tools\/wp-content\/uploads\/2018\/02\/website-octopus-tools-08.svg","contentUrl":"https:\/\/www.octopus.tools\/wp-content\/uploads\/2018\/02\/website-octopus-tools-08.svg","caption":"Octopus.tools [by yoozoo GmbH]"},"image":{"@id":"https:\/\/www.octopus.tools\/de\/#\/schema\/logo\/image\/"},"sameAs":["https:\/\/www.facebook.com\/yoozoo.de","https:\/\/x.com\/yoozoo_de"]}]}},"_links":{"self":[{"href":"https:\/\/www.octopus.tools\/de\/wp-json\/wp\/v2\/pages\/25037","targetHints":{"allow":["GET"]}}],"collection":[{"href":"https:\/\/www.octopus.tools\/de\/wp-json\/wp\/v2\/pages"}],"about":[{"href":"https:\/\/www.octopus.tools\/de\/wp-json\/wp\/v2\/types\/page"}],"author":[{"embeddable":true,"href":"https:\/\/www.octopus.tools\/de\/wp-json\/wp\/v2\/users\/4"}],"replies":[{"embeddable":true,"href":"https:\/\/www.octopus.tools\/de\/wp-json\/wp\/v2\/comments?post=25037"}],"version-history":[{"count":32,"href":"https:\/\/www.octopus.tools\/de\/wp-json\/wp\/v2\/pages\/25037\/revisions"}],"predecessor-version":[{"id":28829,"href":"https:\/\/www.octopus.tools\/de\/wp-json\/wp\/v2\/pages\/25037\/revisions\/28829"}],"wp:attachment":[{"href":"https:\/\/www.octopus.tools\/de\/wp-json\/wp\/v2\/media?parent=25037"}],"curies":[{"name":"wp","href":"https:\/\/api.w.org\/{rel}","templated":true}]}}