{"id":4327,"date":"2018-05-02T07:54:10","date_gmt":"2018-05-02T07:54:10","guid":{"rendered":"https:\/\/octopus.tools\/?page_id=4327"},"modified":"2026-01-23T10:30:06","modified_gmt":"2026-01-23T09:30:06","slug":"fahrzeugfreisteller-per-piranha-app","status":"publish","type":"page","link":"https:\/\/www.octopus.tools\/de\/fahrzeugfreisteller-per-piranha-app\/","title":{"rendered":"Fahrzeugfotografie und Fahrzeugfreisteller per App"},"content":{"rendered":"<div class=\"wpb-content-wrapper\">[vc_row][vc_column][vc_empty_space height=&#8220;60px&#8220;][\/vc_column][\/vc_row][vc_row][vc_column width=&#8220;1\/4&#8243;][vc_single_image image=&#8220;22799&#8243; onclick=&#8220;custom_link&#8220; link=&#8220;\/de\/piranha\/&#8220;][\/vc_column][vc_column width=&#8220;3\/4&#8243;]<style>.vcex-heading.vcex_6a020d679b8e9 .vcex-heading-inner{border-color:#fc9a00;}.vcex-heading.vcex_6a020d679b8e9{border-color:#e2e2e2;}<\/style><h1 class=\"vcex-heading vcex-heading-bottom-border-w-color vcex-module wpex-heading wpex-text-2xl wpex-text-left wpex-border-b-2 wpex-border-solid wpex-border-main vcex_6a020d679b8e9\"><span class=\"vcex-heading-inner wpex-inline-block wpex-relative wpex-pb-5 wpex-border-b-2 wpex-border-solid wpex-border-accent\">Fahrzeugfotografie und Fahrzeugfreisteller per App<\/span><\/h1>[vc_empty_space height=&#8220;30px&#8220;][vc_column_text css=&#8220;&#8220;]Beim Autokauf sind Professionalit\u00e4t und Image zwei entscheidende Faktoren, die die Kaufentscheidung des Kunden ma\u00dfgeblich beeinflussen. Automobilhersteller und Autoh\u00e4user achten deshalb penibel auf die perfekte Pr\u00e4sentation ihrer Ware im Haus und im Netz. Professionelle Fahrzeugbilder und Fahrzeugfreisteller sind das A und O f\u00fcr eine \u00fcberzeugende Pr\u00e4sentation &#8211; ein einheitlicher Look mit professioneller <a href=\"https:\/\/www.octopus.tools\/de\/bildbearbeitung\/\">Fahrzeugfreistellung<\/a> im Hintergrund setzt Ihre Ware elegant in Szene und st\u00e4rkt den Wiedererkennungswert des Unternehmens.<br \/>\n<i>Octopus.tools<\/i>\u00a0liefert mit der innovativen\u00a0<a href=\"https:\/\/www.octopus.tools\/de\/piranha\/\">Piranha App<\/a>\u00a0f\u00fcr Fahrzeugfotografie ein handliches Werkzeug f\u00fcr professionelle Fahrzeugbilder, die sich bestens zur Freistellung eignen. Autobilder freistellen war noch nie so einfach und kosteng\u00fcnstig &#8211; alle Informationen rund um die clevere App <a href=\"https:\/\/www.octopus.tools\/de\/piranha\/\">finden Sie hier.<\/a>[\/vc_column_text][\/vc_column][\/vc_row][vc_row][vc_column][vc_empty_space height=&#8220;30px&#8220;][vc_cta h2=&#8220;Piranha App jetzt testen&#8220; txt_align=&#8220;center&#8220; add_button=&#8220;bottom&#8220; btn_title=&#8220;Kontakt&#8220; btn_style=&#8220;custom&#8220; btn_custom_background=&#8220;#fc9a00&#8243; btn_custom_text=&#8220;#ffffff&#8220; btn_size=&#8220;lg&#8220; btn_align=&#8220;center&#8220; css_animation=&#8220;fadeInUp&#8220; css=&#8220;.vc_custom_1769160605126{background-color: #c42d6e !important;}&#8220; btn_link=&#8220;url:https%3A%2F%2Fwww.octopus.tools%2Fde%2Fkontakt%2F|title:Kontakt&#8220; el_id=&#8220;p-cta&#8220; btn_el_class=&#8220;lp-cta&#8220;]Holen Sie sich jetzt Ihren kostenlosen Testaccount und optimieren Ihre Fahrzeugfotografie.[\/vc_cta][\/vc_column][\/vc_row][vc_row][vc_column width=&#8220;1\/4&#8243;][vc_single_image image=&#8220;4338&#8243; onclick=&#8220;custom_link&#8220; link=&#8220;\/piranha&#8220;][\/vc_column][vc_column width=&#8220;3\/4&#8243;]<style>.vcex-heading.vcex_6a020d679bcac .vcex-heading-inner{border-color:#fc9a00;}.vcex-heading.vcex_6a020d679bcac{border-color:#e2e2e2;}<\/style><h2 class=\"vcex-heading vcex-heading-bottom-border-w-color vcex-module wpex-heading wpex-text-2xl wpex-text-left wpex-border-b-2 wpex-border-solid wpex-border-main vcex_6a020d679bcac\"><span class=\"vcex-heading-inner wpex-inline-block wpex-relative wpex-pb-5 wpex-border-b-2 wpex-border-solid wpex-border-accent\">Wie funktioniert die Fahrzeugfreistellung?<\/span><\/h2>[vc_empty_space height=&#8220;30px&#8220;][vc_column_text]Die <a href=\"https:\/\/www.octopus.tools\/de\/piranha\/\">Piranha App<\/a> funktioniert auf allen g\u00e4ngigen Smartphones und Tabletts und ist f\u00fcr iOS-Ger\u00e4te im <a href=\"https:\/\/itunes.apple.com\/de\/app\/piranha-app\/id1370806374\">Apple Appstore<\/a> und f\u00fcr Android-Ger\u00e4te im <a href=\"https:\/\/play.google.com\/store\/apps\/details?id=tools.octopus.piranha\" target=\"_blank\" rel=\"noopener\">Google Play Store<\/a> verf\u00fcgbar. Die App nutzt die hochwertigen Kameras aktueller Handys oder Tablets und optimiert alle Schritte der professionellen Automobilfotografie.\u00a0Beim Fotografieren stellt die <a href=\"https:\/\/www.octopus.tools\/de\/piranha\/\">Piranha App<\/a> neben der einheitlichen Belichtung sicher, dass alle Fahrzeuge aus der richtigen Distanz und im passenden Winkel aufgenommen werden. Die automatisierte Benennung der Bilder, z.B. basierend auf der Fahrzeugidentnummer (kurz: FIN, ehemals Fahrgestellnummer), erleichtert das sp\u00e4tere Zuordnen der einzelnen Bilder, falls Sie mehrere Fahrzeuge nacheinander aufnehmen m\u00f6chten. Hilfslinien im Bild zeigen die optimale Position f\u00fcr den Wagen an. Ihr Sortiment kann so einheitlich pr\u00e4sentiert werden und die Automobile werden sp\u00e4ter vergleichbar abgebildet und steigern Ihren Wiedererkennungswert. Nach der Aufnahme k\u00f6nnen Sie die Bilder zur <a href=\"https:\/\/www.octopus.tools\/de\/bildbearbeitung\/\">professionellen Bearbeitung<\/a> senden. Sollten Sie mit mehreren unterschiedlichen <a href=\"https:\/\/www.octopus.tools\/de\/gecko-old\/\">Hintergr\u00fcnden<\/a> f\u00fcr die Fahrzeugpr\u00e4sentation arbeiten, so k\u00f6nnen Sie den gew\u00fcnschten je Fahrzeug vor dem Absenden ausw\u00e4hlen. Die Bild\u00fcbertragung l\u00e4uft direkt \u00fcber die App und erfordert keine umst\u00e4ndliche Daten\u00fcbertragung per USB-Kabel oder Karte. Unsere Grafik-Experten \u00fcberpr\u00fcfen abschlie\u00dfend die Qualit\u00e4t aller Bilder und setzen im Rahmen der Fahrzeugfreistellung den einheitlichen <a href=\"https:\/\/www.octopus.tools\/de\/gecko-old\/\">Wunschhintergrund<\/a> und Logos Ihrer Wahl ein. In der <a href=\"https:\/\/www.octopus.tools\/de\/piranha\/\">Piranha App f\u00fcr Fahrzeugfotografie<\/a> k\u00f6nnen Sie die verbleibende Lieferzeit jederzeit pr\u00fcfen. Des Weiteren k\u00f6nnen Sie Zeit und Kosten f\u00fcr Fotografen einsparen und ihre Produkte trotzdem professionell und einheitlich pr\u00e4sentieren.[\/vc_column_text][\/vc_column][\/vc_row][vc_row][vc_column][vc_empty_space height=&#8220;30px&#8220;][\/vc_column][\/vc_row][vc_row][vc_column width=&#8220;1\/4&#8243;][vc_single_image image=&#8220;4362&#8243; onclick=&#8220;custom_link&#8220; link=&#8220;\/piranha&#8220;][\/vc_column][vc_column width=&#8220;3\/4&#8243;]<style>.vcex-heading.vcex_6a020d679bf8d .vcex-heading-inner{border-color:#fc9a00;}.vcex-heading.vcex_6a020d679bf8d{border-color:#e2e2e2;}<\/style><h2 class=\"vcex-heading vcex-heading-bottom-border-w-color vcex-module wpex-heading wpex-text-2xl wpex-text-left wpex-border-b-2 wpex-border-solid wpex-border-main vcex_6a020d679bf8d\"><span class=\"vcex-heading-inner wpex-inline-block wpex-relative wpex-pb-5 wpex-border-b-2 wpex-border-solid wpex-border-accent\">Bildbearbeitung f\u00fcr professionelle Fahrzeugaufnahmen<\/span><\/h2>[vc_empty_space height=&#8220;30px&#8220;][vc_column_text]Die <a href=\"https:\/\/www.octopus.tools\/de\/piranha\/\">Piranha App<\/a> bietet verschiedene n\u00fctzliche Features f\u00fcr die optimale Darstellung von Fahrzeugbildern. Das anschlie\u00dfende Freistellen der Autobilder kann als Normal Cut oder als Complete Cut umgesetzt werden \u2013 so kann neben dem Hintergrund auch der Untergrund ver\u00e4ndert werden. Zum Freistellen geh\u00f6rt selbstverst\u00e4ndlich auch die Bearbeitung der transparenten Fensterfl\u00e4chen, sodass der <a href=\"https:\/\/www.octopus.tools\/de\/gecko-old\/\">neue Hintergrund<\/a> auch durch die Fenster scheint. F\u00fcr h\u00f6here Wiedererkennungswerte k\u00f6nnen Sie farbige Banner und Logos einf\u00fcgen. Unerw\u00fcnschte Aufkleber und Nummernschilder k\u00f6nnen digital entfernt werden. Das Produktbild l\u00e4sst sich einfach an Ihren bestehenden Katalog anpassen und stellt die Vorz\u00fcge des gezeigten Wagens in den Mittelpunkt. Neue Fahrzeuge k\u00f6nnen so deutlich schneller und optisch passend in den Katalog eingef\u00fcgt werden und lassen sich so auch deutlich besser an den Kunden vermitteln.[\/vc_column_text][\/vc_column][\/vc_row][vc_row][vc_column][vc_empty_space height=&#8220;30px&#8220;][\/vc_column][\/vc_row][vc_row][vc_column width=&#8220;1\/4&#8243;][vc_single_image image=&#8220;9045&#8243; onclick=&#8220;custom_link&#8220; link=&#8220;\/piranha&#8220;][\/vc_column][vc_column width=&#8220;3\/4&#8243;]<style>.vcex-heading.vcex_6a020d679c27e .vcex-heading-inner{border-color:#fc9a00;}.vcex-heading.vcex_6a020d679c27e{border-color:#e2e2e2;}<\/style><h2 class=\"vcex-heading vcex-heading-bottom-border-w-color vcex-module wpex-heading wpex-text-2xl wpex-text-left wpex-border-b-2 wpex-border-solid wpex-border-main vcex_6a020d679c27e\"><span class=\"vcex-heading-inner wpex-inline-block wpex-relative wpex-pb-5 wpex-border-b-2 wpex-border-solid wpex-border-accent\">Wo kann ich die freigestellten Autobilder einsetzen?<\/span><\/h2>[vc_empty_space height=&#8220;30px&#8220;][vc_column_text]Die Rechte f\u00fcr alle Ihre Produktbilder bleiben nat\u00fcrlich bei Ihnen. Autoh\u00e4user und Hersteller nutzen die App zur Erstellung von Fahrzeugbildern im eigenen Design und mit hohem Wiedererkennungswert f\u00fcr Ihre Online-Auftritte. Dabei macht es keinen Unterschied, ob die Bilder f\u00fcr die eigene Internetseite, oder f\u00fcr die g\u00e4ngigen Automobilb\u00f6rsen, z.B. Autoscout24, mobile.de oder ebayMotors ben\u00f6tigt werden. Nutzen Sie Ihre Bilder auch im Printbereich, k\u00f6nnen Sie Ihre neuen, einheitlichen Fahrzeugbilder aus der <a href=\"https:\/\/www.octopus.tools\/de\/piranha\/\">Piranha App<\/a> auch dort einsetzen und Ihre Fahrzeugexpos\u00e9s, Flyer, Werbesendungen oder Zeitungsanzeigen mit einem hohen Wiedererkennungswert versehen.[\/vc_column_text][\/vc_column][\/vc_row][vc_row][vc_column][vc_empty_space height=&#8220;30px&#8220;][\/vc_column][\/vc_row][vc_row][vc_column width=&#8220;1\/4&#8243;][vc_single_image image=&#8220;2853&#8243; onclick=&#8220;custom_link&#8220; link=&#8220;\/piranha&#8220;][\/vc_column][vc_column width=&#8220;3\/4&#8243;]<style>.vcex-heading.vcex_6a020d679c525 .vcex-heading-inner{border-color:#fc9a00;}.vcex-heading.vcex_6a020d679c525{border-color:#e2e2e2;}<\/style><h2 class=\"vcex-heading vcex-heading-bottom-border-w-color vcex-module wpex-heading wpex-text-2xl wpex-text-left wpex-border-b-2 wpex-border-solid wpex-border-main vcex_6a020d679c525\"><span class=\"vcex-heading-inner wpex-inline-block wpex-relative wpex-pb-5 wpex-border-b-2 wpex-border-solid wpex-border-accent\">Die Piranha App und die Bildbearbeitung kurz erkl\u00e4rt:<\/span><\/h2>[vc_empty_space height=&#8220;30px&#8220;]<div class=\"vcex-module vcex-bullets vcex-bullets-check\">\n<ul>\n<li>Einheitliche, professionelle Fahrzeugfreisteller<\/li>\n<li>Kosteng\u00fcnstige Bildbearbeitung vom Profi<\/li>\n<li>Normal Cut (Horizont freigestellt) und Complete Cut (Horizont und Boden fregestellt) sind m\u00f6glich<\/li>\n<li>Optimierung\u00a0von Kontrast, Sch\u00e4rfe, Farbton und Farbs\u00e4ttigung<\/li>\n<li>Inklusive Freistellung von Fenstern und transparenten Fl\u00e4chen<\/li>\n<li>Banner, Logos und Nummernschilder einf\u00fcgen<\/li>\n<li>Zeitersparnis durch automatischen Upload<\/li>\n<li>Zeitersparnis durch intelligente Bildreihenfolgen-Unterst\u00fctzung<\/li>\n<li>Autobilder freistellen innerhalb von 24 Stunden<\/li>\n<li>Bis zu 82% Zeitersparnis<\/li>\n<\/ul>\n<\/div>[\/vc_column][\/vc_row]\n<\/div>","protected":false},"excerpt":{"rendered":"<p>[vc_row][vc_column][vc_empty_space height=&#8220;60px&#8220;][\/vc_column][\/vc_row][vc_row][vc_column width=&#8220;1\/4&#8243;][vc_single_image image=&#8220;22799&#8243; onclick=&#8220;custom_link&#8220; link=&#8220;\/de\/piranha\/&#8220;][\/vc_column][vc_column width=&#8220;3\/4&#8243;][vc_empty_space height=&#8220;30px&#8220;][vc_column_text css=&#8220;&#8220;]Beim Autokauf sind Professionalit\u00e4t und Image zwei entscheidende Faktoren, die die Kaufentscheidung des Kunden ma\u00dfgeblich beeinflussen. Automobilhersteller und Autoh\u00e4user achten deshalb penibel auf die perfekte Pr\u00e4sentation ihrer Ware im Haus und im Netz. Professionelle Fahrzeugbilder und Fahrzeugfreisteller sind das A und O f\u00fcr eine \u00fcberzeugende Pr\u00e4sentation &#8211;&hellip;<\/p>\n","protected":false},"author":1,"featured_media":0,"parent":0,"menu_order":0,"comment_status":"closed","ping_status":"closed","template":"","meta":{"content-type":"","inline_featured_image":false,"footnotes":""},"class_list":["post-4327","page","type-page","status-publish","hentry","entry","no-media"],"yoast_head":"<!-- This site is optimized with the Yoast SEO plugin v24.0 - https:\/\/yoast.com\/wordpress\/plugins\/seo\/ -->\n<title>Fahrzeugfotografie und Fahrzeugfreisteller mit der Piranha-App<\/title>\n<meta name=\"description\" content=\"Fahrzeugfotografie per App und Fahrzeugfreisteller erm\u00f6glichen eine einheitliche und saubere Pr\u00e4sentation Ihres Angebots.\" \/>\n<meta name=\"robots\" content=\"index, follow, max-snippet:-1, max-image-preview:large, max-video-preview:-1\" \/>\n<link rel=\"canonical\" href=\"https:\/\/www.octopus.tools\/de\/fahrzeugfreisteller-per-piranha-app\/\" \/>\n<meta property=\"og:locale\" content=\"de_DE\" \/>\n<meta property=\"og:type\" content=\"article\" \/>\n<meta property=\"og:title\" content=\"Fahrzeugfotografie und Fahrzeugfreisteller mit der Piranha-App\" \/>\n<meta property=\"og:description\" content=\"Fahrzeugfotografie per App und Fahrzeugfreisteller erm\u00f6glichen eine einheitliche und saubere Pr\u00e4sentation Ihres Angebots.\" \/>\n<meta property=\"og:url\" content=\"https:\/\/www.octopus.tools\/de\/fahrzeugfreisteller-per-piranha-app\/\" \/>\n<meta property=\"og:site_name\" content=\"Octopus tools - automotive imagery solutions\" \/>\n<meta property=\"article:publisher\" content=\"https:\/\/www.facebook.com\/yoozoo.de\" \/>\n<meta property=\"article:modified_time\" content=\"2026-01-23T09:30:06+00:00\" \/>\n<meta property=\"og:image\" content=\"https:\/\/www.octopus.tools\/wp-content\/uploads\/2018\/04\/social-share-thumb.jpg\" \/>\n\t<meta property=\"og:image:width\" content=\"900\" \/>\n\t<meta property=\"og:image:height\" content=\"900\" \/>\n\t<meta property=\"og:image:type\" content=\"image\/jpeg\" \/>\n<meta name=\"twitter:card\" content=\"summary_large_image\" \/>\n<meta name=\"twitter:site\" content=\"@yoozoo_de\" \/>\n<meta name=\"twitter:label1\" content=\"Gesch\u00e4tzte Lesezeit\" \/>\n\t<meta name=\"twitter:data1\" content=\"5\u00a0Minuten\" \/>\n<script type=\"application\/ld+json\" class=\"yoast-schema-graph\">{\"@context\":\"https:\/\/schema.org\",\"@graph\":[{\"@type\":\"WebPage\",\"@id\":\"https:\/\/www.octopus.tools\/de\/fahrzeugfreisteller-per-piranha-app\/\",\"url\":\"https:\/\/www.octopus.tools\/de\/fahrzeugfreisteller-per-piranha-app\/\",\"name\":\"Fahrzeugfotografie und Fahrzeugfreisteller mit der Piranha-App\",\"isPartOf\":{\"@id\":\"https:\/\/www.octopus.tools\/de\/#website\"},\"datePublished\":\"2018-05-02T07:54:10+00:00\",\"dateModified\":\"2026-01-23T09:30:06+00:00\",\"description\":\"Fahrzeugfotografie per App und Fahrzeugfreisteller erm\u00f6glichen eine einheitliche und saubere Pr\u00e4sentation Ihres Angebots.\",\"breadcrumb\":{\"@id\":\"https:\/\/www.octopus.tools\/de\/fahrzeugfreisteller-per-piranha-app\/#breadcrumb\"},\"inLanguage\":\"de\",\"potentialAction\":[{\"@type\":\"ReadAction\",\"target\":[\"https:\/\/www.octopus.tools\/de\/fahrzeugfreisteller-per-piranha-app\/\"]}]},{\"@type\":\"BreadcrumbList\",\"@id\":\"https:\/\/www.octopus.tools\/de\/fahrzeugfreisteller-per-piranha-app\/#breadcrumb\",\"itemListElement\":[{\"@type\":\"ListItem\",\"position\":1,\"name\":\"Home\",\"item\":\"https:\/\/www.octopus.tools\/de\/\"},{\"@type\":\"ListItem\",\"position\":2,\"name\":\"Fahrzeugfotografie und Fahrzeugfreisteller per App\"}]},{\"@type\":\"WebSite\",\"@id\":\"https:\/\/www.octopus.tools\/de\/#website\",\"url\":\"https:\/\/www.octopus.tools\/de\/\",\"name\":\"Octopus tools - automotive imagery solutions\",\"description\":\"yoozoo GmbH software\",\"publisher\":{\"@id\":\"https:\/\/www.octopus.tools\/de\/#organization\"},\"potentialAction\":[{\"@type\":\"SearchAction\",\"target\":{\"@type\":\"EntryPoint\",\"urlTemplate\":\"https:\/\/www.octopus.tools\/de\/?s={search_term_string}\"},\"query-input\":{\"@type\":\"PropertyValueSpecification\",\"valueRequired\":true,\"valueName\":\"search_term_string\"}}],\"inLanguage\":\"de\"},{\"@type\":\"Organization\",\"@id\":\"https:\/\/www.octopus.tools\/de\/#organization\",\"name\":\"Octopus.tools [by yoozoo GmbH]\",\"url\":\"https:\/\/www.octopus.tools\/de\/\",\"logo\":{\"@type\":\"ImageObject\",\"inLanguage\":\"de\",\"@id\":\"https:\/\/www.octopus.tools\/de\/#\/schema\/logo\/image\/\",\"url\":\"https:\/\/www.octopus.tools\/wp-content\/uploads\/2018\/02\/website-octopus-tools-08.svg\",\"contentUrl\":\"https:\/\/www.octopus.tools\/wp-content\/uploads\/2018\/02\/website-octopus-tools-08.svg\",\"caption\":\"Octopus.tools [by yoozoo GmbH]\"},\"image\":{\"@id\":\"https:\/\/www.octopus.tools\/de\/#\/schema\/logo\/image\/\"},\"sameAs\":[\"https:\/\/www.facebook.com\/yoozoo.de\",\"https:\/\/x.com\/yoozoo_de\"]}]}<\/script>\n<!-- \/ Yoast SEO plugin. -->","yoast_head_json":{"title":"Fahrzeugfotografie und Fahrzeugfreisteller mit der Piranha-App","description":"Fahrzeugfotografie per App und Fahrzeugfreisteller erm\u00f6glichen eine einheitliche und saubere Pr\u00e4sentation Ihres Angebots.","robots":{"index":"index","follow":"follow","max-snippet":"max-snippet:-1","max-image-preview":"max-image-preview:large","max-video-preview":"max-video-preview:-1"},"canonical":"https:\/\/www.octopus.tools\/de\/fahrzeugfreisteller-per-piranha-app\/","og_locale":"de_DE","og_type":"article","og_title":"Fahrzeugfotografie und Fahrzeugfreisteller mit der Piranha-App","og_description":"Fahrzeugfotografie per App und Fahrzeugfreisteller erm\u00f6glichen eine einheitliche und saubere Pr\u00e4sentation Ihres Angebots.","og_url":"https:\/\/www.octopus.tools\/de\/fahrzeugfreisteller-per-piranha-app\/","og_site_name":"Octopus tools - automotive imagery solutions","article_publisher":"https:\/\/www.facebook.com\/yoozoo.de","article_modified_time":"2026-01-23T09:30:06+00:00","og_image":[{"width":900,"height":900,"url":"https:\/\/www.octopus.tools\/wp-content\/uploads\/2018\/04\/social-share-thumb.jpg","type":"image\/jpeg"}],"twitter_card":"summary_large_image","twitter_site":"@yoozoo_de","twitter_misc":{"Gesch\u00e4tzte Lesezeit":"5\u00a0Minuten"},"schema":{"@context":"https:\/\/schema.org","@graph":[{"@type":"WebPage","@id":"https:\/\/www.octopus.tools\/de\/fahrzeugfreisteller-per-piranha-app\/","url":"https:\/\/www.octopus.tools\/de\/fahrzeugfreisteller-per-piranha-app\/","name":"Fahrzeugfotografie und Fahrzeugfreisteller mit der Piranha-App","isPartOf":{"@id":"https:\/\/www.octopus.tools\/de\/#website"},"datePublished":"2018-05-02T07:54:10+00:00","dateModified":"2026-01-23T09:30:06+00:00","description":"Fahrzeugfotografie per App und Fahrzeugfreisteller erm\u00f6glichen eine einheitliche und saubere Pr\u00e4sentation Ihres Angebots.","breadcrumb":{"@id":"https:\/\/www.octopus.tools\/de\/fahrzeugfreisteller-per-piranha-app\/#breadcrumb"},"inLanguage":"de","potentialAction":[{"@type":"ReadAction","target":["https:\/\/www.octopus.tools\/de\/fahrzeugfreisteller-per-piranha-app\/"]}]},{"@type":"BreadcrumbList","@id":"https:\/\/www.octopus.tools\/de\/fahrzeugfreisteller-per-piranha-app\/#breadcrumb","itemListElement":[{"@type":"ListItem","position":1,"name":"Home","item":"https:\/\/www.octopus.tools\/de\/"},{"@type":"ListItem","position":2,"name":"Fahrzeugfotografie und Fahrzeugfreisteller per App"}]},{"@type":"WebSite","@id":"https:\/\/www.octopus.tools\/de\/#website","url":"https:\/\/www.octopus.tools\/de\/","name":"Octopus tools - automotive imagery solutions","description":"yoozoo GmbH software","publisher":{"@id":"https:\/\/www.octopus.tools\/de\/#organization"},"potentialAction":[{"@type":"SearchAction","target":{"@type":"EntryPoint","urlTemplate":"https:\/\/www.octopus.tools\/de\/?s={search_term_string}"},"query-input":{"@type":"PropertyValueSpecification","valueRequired":true,"valueName":"search_term_string"}}],"inLanguage":"de"},{"@type":"Organization","@id":"https:\/\/www.octopus.tools\/de\/#organization","name":"Octopus.tools [by yoozoo GmbH]","url":"https:\/\/www.octopus.tools\/de\/","logo":{"@type":"ImageObject","inLanguage":"de","@id":"https:\/\/www.octopus.tools\/de\/#\/schema\/logo\/image\/","url":"https:\/\/www.octopus.tools\/wp-content\/uploads\/2018\/02\/website-octopus-tools-08.svg","contentUrl":"https:\/\/www.octopus.tools\/wp-content\/uploads\/2018\/02\/website-octopus-tools-08.svg","caption":"Octopus.tools [by yoozoo GmbH]"},"image":{"@id":"https:\/\/www.octopus.tools\/de\/#\/schema\/logo\/image\/"},"sameAs":["https:\/\/www.facebook.com\/yoozoo.de","https:\/\/x.com\/yoozoo_de"]}]}},"_links":{"self":[{"href":"https:\/\/www.octopus.tools\/de\/wp-json\/wp\/v2\/pages\/4327","targetHints":{"allow":["GET"]}}],"collection":[{"href":"https:\/\/www.octopus.tools\/de\/wp-json\/wp\/v2\/pages"}],"about":[{"href":"https:\/\/www.octopus.tools\/de\/wp-json\/wp\/v2\/types\/page"}],"author":[{"embeddable":true,"href":"https:\/\/www.octopus.tools\/de\/wp-json\/wp\/v2\/users\/1"}],"replies":[{"embeddable":true,"href":"https:\/\/www.octopus.tools\/de\/wp-json\/wp\/v2\/comments?post=4327"}],"version-history":[{"count":5,"href":"https:\/\/www.octopus.tools\/de\/wp-json\/wp\/v2\/pages\/4327\/revisions"}],"predecessor-version":[{"id":22841,"href":"https:\/\/www.octopus.tools\/de\/wp-json\/wp\/v2\/pages\/4327\/revisions\/22841"}],"wp:attachment":[{"href":"https:\/\/www.octopus.tools\/de\/wp-json\/wp\/v2\/media?parent=4327"}],"curies":[{"name":"wp","href":"https:\/\/api.w.org\/{rel}","templated":true}]}}