{"id":601,"date":"2017-10-13T15:38:39","date_gmt":"2017-10-13T15:38:39","guid":{"rendered":"http:\/\/octopus.tools\/eagle\/"},"modified":"2023-09-12T13:02:29","modified_gmt":"2023-09-12T12:02:29","slug":"eagle","status":"publish","type":"page","link":"https:\/\/www.octopus.tools\/de\/eagle\/","title":{"rendered":"Eagle"},"content":{"rendered":"<div class=\"wpb-content-wrapper\">[vc_row full_width=&#8220;stretch_row&#8220; gap=&#8220;20&#8243; equal_height=&#8220;yes&#8220; css=&#8220;.vc_custom_1523490905541{padding-top: 40px !important;background-color: #1e1e1e !important;}&#8220;][vc_column width=&#8220;1\/3&#8243; css=&#8220;.vc_custom_1523490844470{background-color: #232323 !important;border: 1px solid #f1f1f1 !important;border-radius: 5px !important;}&#8220;]<div class=\"vcex-module vcex-icon-box vcex-icon-box-four wpex-block wpex-text-center wpex-p-30 wpex-bordered vc_custom_1694520123683\"><div class=\"vcex-icon-box-symbol wpex-mb-20\" style=\"margin-bottom:10px;\"><div class=\"vcex-icon-box-icon wpex-inline-flex wpex-items-center wpex-justify-center wpex-child-inherit-color wpex-text-center wpex-leading-none wpex-text-1\" style=\"color:#904d16;font-size:30px;\"><span class=\"ticon ticon-check-square\" aria-hidden=\"true\"><\/span><\/div><\/div><div class=\"vcex-icon-box-text\"><h1 class=\"vcex-icon-box-heading wpex-heading\" style=\"color:#f2f2f2;--wpex-hover-heading-link-color:#f2f2f2;font-size:25px;margin-bottom:0px;text-transform:none;\">Absolut transparent<\/h1><div class=\"vcex-icon-box-content wpex-last-mb-0 wpex-clr\" style=\"color:#f2f2f2;\"><p>Mit dem Eagle behalten Sie zu jeder Zeit den \u00dcberblick.<\/p>\n<\/div><\/div><\/div>[\/vc_column][vc_column width=&#8220;1\/3&#8243; css=&#8220;.vc_custom_1523490867511{background-color: #232323 !important;border: 1px solid #f1f1f1 !important;border-radius: 5px !important;}&#8220;]<div class=\"vcex-module vcex-icon-box vcex-icon-box-four wpex-block wpex-text-center wpex-p-30 wpex-bordered vc_custom_1694520135073\"><div class=\"vcex-icon-box-symbol wpex-mb-20\" style=\"margin-bottom:10px;\"><div class=\"vcex-icon-box-icon wpex-inline-flex wpex-items-center wpex-justify-center wpex-child-inherit-color wpex-text-center wpex-leading-none wpex-text-1\" style=\"color:#904d16;font-size:30px;\"><span class=\"ticon ticon-check-square\" aria-hidden=\"true\"><\/span><\/div><\/div><div class=\"vcex-icon-box-text\"><h1 class=\"vcex-icon-box-heading wpex-heading\" style=\"color:#f2f2f2;--wpex-hover-heading-link-color:#f2f2f2;font-size:25px;margin-bottom:0px;text-transform:none;\">Anpassbar<\/h1><div class=\"vcex-icon-box-content wpex-last-mb-0 wpex-clr\" style=\"color:#f2f2f2;\"><p>Sie bestimmen welche Infos Sie sehen m\u00f6chten.<\/p>\n<\/div><\/div><\/div>[\/vc_column][vc_column width=&#8220;1\/3&#8243; css=&#8220;.vc_custom_1523490893138{background-color: #232323 !important;border: 1px solid #f1f1f1 !important;border-radius: 5px !important;}&#8220;]<div class=\"vcex-module vcex-icon-box vcex-icon-box-four wpex-block wpex-text-center wpex-p-30 wpex-bordered vc_custom_1694520144422\"><div class=\"vcex-icon-box-symbol wpex-mb-20\" style=\"margin-bottom:10px;\"><div class=\"vcex-icon-box-icon wpex-inline-flex wpex-items-center wpex-justify-center wpex-child-inherit-color wpex-text-center wpex-leading-none wpex-text-1\" style=\"color:#904d16;font-size:30px;\"><span class=\"ticon ticon-check-square\" aria-hidden=\"true\"><\/span><\/div><\/div><div class=\"vcex-icon-box-text\"><h1 class=\"vcex-icon-box-heading wpex-heading\" style=\"color:#f2f2f2;--wpex-hover-heading-link-color:#f2f2f2;font-size:25px;margin-bottom:0px;text-transform:none;\">Vollkommen responsiv<\/h1><div class=\"vcex-icon-box-content wpex-last-mb-0 wpex-clr\" style=\"color:#f2f2f2;\"><p>Der Eagle l\u00e4uft auf all Ihren Ger\u00e4ten.<\/p>\n<\/div><\/div><\/div>[\/vc_column][\/vc_row][vc_row full_width=&#8220;stretch_row&#8220; css=&#8220;.vc_custom_1523490950742{background-color: #3d3d3d !important;}&#8220;][vc_column][vc_empty_space height=&#8220;40px&#8220;]<style>.vcex-heading.vcex_69d094a6f2ad1 .vcex-heading-inner{border-color:#fc9a00;}.vcex-heading.vcex_69d094a6f2ad1{border-color:#e2e2e2;}<\/style><h2 class=\"vcex-heading vcex-heading-bottom-border-w-color vcex-module wpex-heading wpex-text-2xl wpex-border-b-2 wpex-border-solid wpex-border-main vcex_69d094a6f2ad1\"><span class=\"vcex-heading-inner wpex-inline-block wpex-relative wpex-pb-5 wpex-border-b-2 wpex-border-solid wpex-border-accent\">Was ist der Eagle?<\/span><\/h2>[vc_empty_space height=&#8220;20&#8243;][vc_column_text]Der Eagle ist das perfekte Tool f\u00fcr mittlere und gro\u00dfe Betriebe, aber auch f\u00fcr Reseller um den \u00dcberblick zu behalten. Das Eagle Cockpit zeigt Ihnen alle relevanten Infos im Zusammenhang mit Ihrer Automobil-Fotografie und -Retusche auf einen Blick und kann dabei ganz auf Ihre W\u00fcnsche und Bed\u00fcrfnisse zugeschnitten werden. Sie sind f\u00fcr die Fotografie oder Onlinepr\u00e4sentation Ihrer Fahrzeuge zust\u00e4ndig? Dann d\u00fcrften die folgenden Infos f\u00fcr Sie von Interesse sein: &#8211; Welche Fahrzeugbilder befinden sich derzeit in Bearbeitung? &#8211; Wann werden diese Bilder voraussichtlich fertig sein? &#8211; Vorher-Nachher-Vergleich der Bilder zum Zwecke der Qualit\u00e4tssicherung. Sie sind Gesch\u00e4ftsf\u00fchrer eines Autohauses? Dann d\u00fcrfte Sie interessieren: &#8211; wie lange es im Schnitt dauert, bis die fertigen Bilder zur\u00fcck kommen. &#8211; welche Kosten im laufen Monat oder Vormonat f\u00fcr die Bildretusche aufgelaufen sind. &#8211; die Auswertungen gesplittet nach Niederlassungen, Mitarbeitern, Bearbeitungsart, &#8230; zu erhalten. Als Vertriebspartner m\u00fcssen Sie nat\u00fcrlich immer wissen: &#8211; wieviele Fahrzeugbilder aktuell welcher Kunde bearbeiten l\u00e4sst. &#8211; wie die Lieferzeit f\u00fcr die bearbeiteten Bilder bei Ihren Kunden ist. &#8211; welche Ums\u00e4tze im Zeitraum X mit der Bildretusche generiert wurden. Dabei haben Sie die freie Auswahl, das Eagle Cockpit von Ihrem Rechner aus zu betrachten, es auf einem gro\u00dfen Screen \/ TV \/ Beamer laufen zu lassen, oder den aktuellen Stand mal schnell unterwegs auf Tablet oder Smartphone zu pr\u00fcfen. Neben den oben aufgef\u00fchrten Auswertungen k\u00f6nnen noch viele weitere Informationen im Cockpit angezeigt werden, z.B. die Anzahl der Fahrzeuge in Ihrem Bestand, die noch ohne Fahrzeugbilder sind. Oder wie lange es durchschnittlich dauert bis ein neues Fahrzeug von Ihren Mitarbeitern mit Bildern versehen wird. Grundlage hierf\u00fcr ist nat\u00fcrlich, dass entsprechende Rohdaten aus Ihren Systemen \u00fcber die Fox Schnittstelle zur Verf\u00fcgung gestellt werden. Aus diesen Rohdaten k\u00f6nnte ganz nebenbei z.B. auch eine &#8222;To-Do-Liste&#8220; in der Piranha App oder im Orca Web-Upload erstellt werden, so dass Ihre Mitarbeiter direkt wissen, welche Fahrzeuge als n\u00e4chstes zu fotografieren sind.<\/p>\n[\/vc_column_text][\/vc_column][\/vc_row]\n<\/div>","protected":false},"excerpt":{"rendered":"<p>[vc_row full_width=&#8220;stretch_row&#8220; gap=&#8220;20&#8243; equal_height=&#8220;yes&#8220; css=&#8220;.vc_custom_1523490905541{padding-top: 40px !important;background-color: #1e1e1e !important;}&#8220;][vc_column width=&#8220;1\/3&#8243; css=&#8220;.vc_custom_1523490844470{background-color: #232323 !important;border: 1px solid #f1f1f1 !important;border-radius: 5px !important;}&#8220;][\/vc_column][vc_column width=&#8220;1\/3&#8243; css=&#8220;.vc_custom_1523490867511{background-color: #232323 !important;border: 1px solid #f1f1f1 !important;border-radius: 5px !important;}&#8220;][\/vc_column][vc_column width=&#8220;1\/3&#8243; css=&#8220;.vc_custom_1523490893138{background-color: #232323 !important;border: 1px solid #f1f1f1 !important;border-radius: 5px !important;}&#8220;][\/vc_column][\/vc_row][vc_row full_width=&#8220;stretch_row&#8220; css=&#8220;.vc_custom_1523490950742{background-color: #3d3d3d !important;}&#8220;][vc_column][vc_empty_space height=&#8220;40px&#8220;][vc_empty_space height=&#8220;20&#8243;][vc_column_text]Der Eagle ist das perfekte Tool f\u00fcr mittlere und gro\u00dfe Betriebe,&hellip;<\/p>\n","protected":false},"author":1,"featured_media":0,"parent":0,"menu_order":0,"comment_status":"closed","ping_status":"closed","template":"","meta":{"content-type":"","inline_featured_image":false,"footnotes":""},"class_list":["post-601","page","type-page","status-publish","hentry","entry","no-media"],"yoast_head":"<!-- This site is optimized with the Yoast SEO plugin v24.0 - https:\/\/yoast.com\/wordpress\/plugins\/seo\/ -->\n<title>Eagle - Octopus tools - automotive imagery solutions<\/title>\n<meta name=\"robots\" content=\"index, follow, max-snippet:-1, max-image-preview:large, max-video-preview:-1\" \/>\n<link rel=\"canonical\" href=\"https:\/\/www.octopus.tools\/de\/eagle\/\" \/>\n<meta property=\"og:locale\" content=\"de_DE\" \/>\n<meta property=\"og:type\" content=\"article\" \/>\n<meta property=\"og:title\" content=\"Eagle - Octopus tools - automotive imagery solutions\" \/>\n<meta property=\"og:description\" content=\"[vc_row full_width=&#8220;stretch_row&#8220; gap=&#8220;20&#8243; equal_height=&#8220;yes&#8220; css=&#8220;.vc_custom_1523490905541{padding-top: 40px !important;background-color: #1e1e1e !important;}&#8220;][vc_column width=&#8220;1\/3&#8243; css=&#8220;.vc_custom_1523490844470{background-color: #232323 !important;border: 1px solid #f1f1f1 !important;border-radius: 5px !important;}&#8220;][\/vc_column][vc_column width=&#8220;1\/3&#8243; css=&#8220;.vc_custom_1523490867511{background-color: #232323 !important;border: 1px solid #f1f1f1 !important;border-radius: 5px !important;}&#8220;][\/vc_column][vc_column width=&#8220;1\/3&#8243; css=&#8220;.vc_custom_1523490893138{background-color: #232323 !important;border: 1px solid #f1f1f1 !important;border-radius: 5px !important;}&#8220;][\/vc_column][\/vc_row][vc_row full_width=&#8220;stretch_row&#8220; css=&#8220;.vc_custom_1523490950742{background-color: #3d3d3d !important;}&#8220;][vc_column][vc_empty_space height=&#8220;40px&#8220;][vc_empty_space height=&#8220;20&#8243;][vc_column_text]Der Eagle ist das perfekte Tool f\u00fcr mittlere und gro\u00dfe Betriebe,&hellip;\" \/>\n<meta property=\"og:url\" content=\"https:\/\/www.octopus.tools\/de\/eagle\/\" \/>\n<meta property=\"og:site_name\" content=\"Octopus tools - automotive imagery solutions\" \/>\n<meta property=\"article:publisher\" content=\"https:\/\/www.facebook.com\/yoozoo.de\" \/>\n<meta property=\"article:modified_time\" content=\"2023-09-12T12:02:29+00:00\" \/>\n<meta property=\"og:image\" content=\"https:\/\/www.octopus.tools\/wp-content\/uploads\/2018\/04\/social-share-thumb.jpg\" \/>\n\t<meta property=\"og:image:width\" content=\"900\" \/>\n\t<meta property=\"og:image:height\" content=\"900\" \/>\n\t<meta property=\"og:image:type\" content=\"image\/jpeg\" \/>\n<meta name=\"twitter:card\" content=\"summary_large_image\" \/>\n<meta name=\"twitter:site\" content=\"@yoozoo_de\" \/>\n<meta name=\"twitter:label1\" content=\"Gesch\u00e4tzte Lesezeit\" \/>\n\t<meta name=\"twitter:data1\" content=\"4\u00a0Minuten\" \/>\n<script type=\"application\/ld+json\" class=\"yoast-schema-graph\">{\"@context\":\"https:\/\/schema.org\",\"@graph\":[{\"@type\":\"WebPage\",\"@id\":\"https:\/\/www.octopus.tools\/de\/eagle\/\",\"url\":\"https:\/\/www.octopus.tools\/de\/eagle\/\",\"name\":\"Eagle - Octopus tools - automotive imagery solutions\",\"isPartOf\":{\"@id\":\"https:\/\/www.octopus.tools\/de\/#website\"},\"datePublished\":\"2017-10-13T15:38:39+00:00\",\"dateModified\":\"2023-09-12T12:02:29+00:00\",\"breadcrumb\":{\"@id\":\"https:\/\/www.octopus.tools\/de\/eagle\/#breadcrumb\"},\"inLanguage\":\"de\",\"potentialAction\":[{\"@type\":\"ReadAction\",\"target\":[\"https:\/\/www.octopus.tools\/de\/eagle\/\"]}]},{\"@type\":\"BreadcrumbList\",\"@id\":\"https:\/\/www.octopus.tools\/de\/eagle\/#breadcrumb\",\"itemListElement\":[{\"@type\":\"ListItem\",\"position\":1,\"name\":\"Home\",\"item\":\"https:\/\/www.octopus.tools\/de\/\"},{\"@type\":\"ListItem\",\"position\":2,\"name\":\"Eagle\"}]},{\"@type\":\"WebSite\",\"@id\":\"https:\/\/www.octopus.tools\/de\/#website\",\"url\":\"https:\/\/www.octopus.tools\/de\/\",\"name\":\"Octopus tools - automotive imagery solutions\",\"description\":\"yoozoo GmbH software\",\"publisher\":{\"@id\":\"https:\/\/www.octopus.tools\/de\/#organization\"},\"potentialAction\":[{\"@type\":\"SearchAction\",\"target\":{\"@type\":\"EntryPoint\",\"urlTemplate\":\"https:\/\/www.octopus.tools\/de\/?s={search_term_string}\"},\"query-input\":{\"@type\":\"PropertyValueSpecification\",\"valueRequired\":true,\"valueName\":\"search_term_string\"}}],\"inLanguage\":\"de\"},{\"@type\":\"Organization\",\"@id\":\"https:\/\/www.octopus.tools\/de\/#organization\",\"name\":\"Octopus.tools [by yoozoo GmbH]\",\"url\":\"https:\/\/www.octopus.tools\/de\/\",\"logo\":{\"@type\":\"ImageObject\",\"inLanguage\":\"de\",\"@id\":\"https:\/\/www.octopus.tools\/de\/#\/schema\/logo\/image\/\",\"url\":\"https:\/\/www.octopus.tools\/wp-content\/uploads\/2018\/02\/website-octopus-tools-08.svg\",\"contentUrl\":\"https:\/\/www.octopus.tools\/wp-content\/uploads\/2018\/02\/website-octopus-tools-08.svg\",\"caption\":\"Octopus.tools [by yoozoo GmbH]\"},\"image\":{\"@id\":\"https:\/\/www.octopus.tools\/de\/#\/schema\/logo\/image\/\"},\"sameAs\":[\"https:\/\/www.facebook.com\/yoozoo.de\",\"https:\/\/x.com\/yoozoo_de\"]}]}<\/script>\n<!-- \/ Yoast SEO plugin. -->","yoast_head_json":{"title":"Eagle - Octopus tools - automotive imagery solutions","robots":{"index":"index","follow":"follow","max-snippet":"max-snippet:-1","max-image-preview":"max-image-preview:large","max-video-preview":"max-video-preview:-1"},"canonical":"https:\/\/www.octopus.tools\/de\/eagle\/","og_locale":"de_DE","og_type":"article","og_title":"Eagle - Octopus tools - automotive imagery solutions","og_description":"[vc_row full_width=&#8220;stretch_row&#8220; gap=&#8220;20&#8243; equal_height=&#8220;yes&#8220; css=&#8220;.vc_custom_1523490905541{padding-top: 40px !important;background-color: #1e1e1e !important;}&#8220;][vc_column width=&#8220;1\/3&#8243; css=&#8220;.vc_custom_1523490844470{background-color: #232323 !important;border: 1px solid #f1f1f1 !important;border-radius: 5px !important;}&#8220;][\/vc_column][vc_column width=&#8220;1\/3&#8243; css=&#8220;.vc_custom_1523490867511{background-color: #232323 !important;border: 1px solid #f1f1f1 !important;border-radius: 5px !important;}&#8220;][\/vc_column][vc_column width=&#8220;1\/3&#8243; css=&#8220;.vc_custom_1523490893138{background-color: #232323 !important;border: 1px solid #f1f1f1 !important;border-radius: 5px !important;}&#8220;][\/vc_column][\/vc_row][vc_row full_width=&#8220;stretch_row&#8220; css=&#8220;.vc_custom_1523490950742{background-color: #3d3d3d !important;}&#8220;][vc_column][vc_empty_space height=&#8220;40px&#8220;][vc_empty_space height=&#8220;20&#8243;][vc_column_text]Der Eagle ist das perfekte Tool f\u00fcr mittlere und gro\u00dfe Betriebe,&hellip;","og_url":"https:\/\/www.octopus.tools\/de\/eagle\/","og_site_name":"Octopus tools - automotive imagery solutions","article_publisher":"https:\/\/www.facebook.com\/yoozoo.de","article_modified_time":"2023-09-12T12:02:29+00:00","og_image":[{"width":900,"height":900,"url":"https:\/\/www.octopus.tools\/wp-content\/uploads\/2018\/04\/social-share-thumb.jpg","type":"image\/jpeg"}],"twitter_card":"summary_large_image","twitter_site":"@yoozoo_de","twitter_misc":{"Gesch\u00e4tzte Lesezeit":"4\u00a0Minuten"},"schema":{"@context":"https:\/\/schema.org","@graph":[{"@type":"WebPage","@id":"https:\/\/www.octopus.tools\/de\/eagle\/","url":"https:\/\/www.octopus.tools\/de\/eagle\/","name":"Eagle - Octopus tools - automotive imagery solutions","isPartOf":{"@id":"https:\/\/www.octopus.tools\/de\/#website"},"datePublished":"2017-10-13T15:38:39+00:00","dateModified":"2023-09-12T12:02:29+00:00","breadcrumb":{"@id":"https:\/\/www.octopus.tools\/de\/eagle\/#breadcrumb"},"inLanguage":"de","potentialAction":[{"@type":"ReadAction","target":["https:\/\/www.octopus.tools\/de\/eagle\/"]}]},{"@type":"BreadcrumbList","@id":"https:\/\/www.octopus.tools\/de\/eagle\/#breadcrumb","itemListElement":[{"@type":"ListItem","position":1,"name":"Home","item":"https:\/\/www.octopus.tools\/de\/"},{"@type":"ListItem","position":2,"name":"Eagle"}]},{"@type":"WebSite","@id":"https:\/\/www.octopus.tools\/de\/#website","url":"https:\/\/www.octopus.tools\/de\/","name":"Octopus tools - automotive imagery solutions","description":"yoozoo GmbH software","publisher":{"@id":"https:\/\/www.octopus.tools\/de\/#organization"},"potentialAction":[{"@type":"SearchAction","target":{"@type":"EntryPoint","urlTemplate":"https:\/\/www.octopus.tools\/de\/?s={search_term_string}"},"query-input":{"@type":"PropertyValueSpecification","valueRequired":true,"valueName":"search_term_string"}}],"inLanguage":"de"},{"@type":"Organization","@id":"https:\/\/www.octopus.tools\/de\/#organization","name":"Octopus.tools [by yoozoo GmbH]","url":"https:\/\/www.octopus.tools\/de\/","logo":{"@type":"ImageObject","inLanguage":"de","@id":"https:\/\/www.octopus.tools\/de\/#\/schema\/logo\/image\/","url":"https:\/\/www.octopus.tools\/wp-content\/uploads\/2018\/02\/website-octopus-tools-08.svg","contentUrl":"https:\/\/www.octopus.tools\/wp-content\/uploads\/2018\/02\/website-octopus-tools-08.svg","caption":"Octopus.tools [by yoozoo GmbH]"},"image":{"@id":"https:\/\/www.octopus.tools\/de\/#\/schema\/logo\/image\/"},"sameAs":["https:\/\/www.facebook.com\/yoozoo.de","https:\/\/x.com\/yoozoo_de"]}]}},"_links":{"self":[{"href":"https:\/\/www.octopus.tools\/de\/wp-json\/wp\/v2\/pages\/601","targetHints":{"allow":["GET"]}}],"collection":[{"href":"https:\/\/www.octopus.tools\/de\/wp-json\/wp\/v2\/pages"}],"about":[{"href":"https:\/\/www.octopus.tools\/de\/wp-json\/wp\/v2\/types\/page"}],"author":[{"embeddable":true,"href":"https:\/\/www.octopus.tools\/de\/wp-json\/wp\/v2\/users\/1"}],"replies":[{"embeddable":true,"href":"https:\/\/www.octopus.tools\/de\/wp-json\/wp\/v2\/comments?post=601"}],"version-history":[{"count":0,"href":"https:\/\/www.octopus.tools\/de\/wp-json\/wp\/v2\/pages\/601\/revisions"}],"wp:attachment":[{"href":"https:\/\/www.octopus.tools\/de\/wp-json\/wp\/v2\/media?parent=601"}],"curies":[{"name":"wp","href":"https:\/\/api.w.org\/{rel}","templated":true}]}}