{"id":626,"date":"2018-01-31T14:14:37","date_gmt":"2018-01-31T14:14:37","guid":{"rendered":"http:\/\/octopus.tools\/home-de\/"},"modified":"2026-01-28T13:18:52","modified_gmt":"2026-01-28T12:18:52","slug":"start","status":"publish","type":"page","link":"https:\/\/www.octopus.tools\/de\/","title":{"rendered":"Home"},"content":{"rendered":"<div class=\"wpb-content-wrapper\">[vc_row][vc_column][vc_empty_space height=&#8220;60px&#8220;]<style>.vcex-heading.vcex_69d58990b8ba9 .vcex-heading-inner{border-color:#fc9a00;}.vcex-heading.vcex_69d58990b8ba9{border-color:#e2e2e2;}<\/style><h1 class=\"vcex-heading vcex-heading-bottom-border-w-color vcex-module wpex-heading wpex-text-2xl wpex-text-left wpex-border-b-2 wpex-border-solid wpex-border-main vcex_69d58990b8ba9\"><span class=\"vcex-heading-inner wpex-inline-block wpex-relative wpex-pb-5 wpex-border-b-2 wpex-border-solid wpex-border-accent\">Professionelle Fahrzeugfreisteller und innovative Nextgen-Softwarel\u00f6sungen<\/span><\/h1>[vc_empty_space height=&#8220;30px&#8220;][vc_column_text]Wir bieten Fahrzeugfreisteller und <a href=\"https:\/\/octopus.tools\/de\/bildbearbeitung\/\">Bildbearbeitung in h\u00f6chster Qualit\u00e4t<\/a> in Kombination mit innovativen Nextgen-Softwarel\u00f6sungen. Fotografieren Sie Ihren Fahrzeugbestand ab sofort mit unserer <a href=\"https:\/\/octopus.tools\/de\/piranha\/\">Piranha App<\/a> und profitieren Sie von den Vorteilen professioneller Bilder und enormer Zeitersparnis.[\/vc_column_text][vc_empty_space height=&#8220;20px&#8220;][\/vc_column][\/vc_row][vc_row equal_height=&#8220;yes&#8220;][vc_column width=&#8220;1\/2&#8243;]<figure class=\"vcex-image vcex-module\"><div class=\"vcex-image-inner wpex-relative wpex-inline-block hvr hvr-float vc_custom_1694767905679\"><a href=\"https:\/\/octopus.tools\/piranha\/\"><img width=\"1400\" height=\"700\" src=\"https:\/\/www.octopus.tools\/wp-content\/uploads\/2023\/09\/solution_piranha_2023-1.webp\" class=\"vcex-image-img wpex-align-middle\" alt=\"Ansicht der Piranha App auf einem Handy\" loading=\"lazy\" decoding=\"async\" srcset=\"https:\/\/www.octopus.tools\/wp-content\/uploads\/2023\/09\/solution_piranha_2023-1.webp 1400w, https:\/\/www.octopus.tools\/wp-content\/uploads\/2023\/09\/solution_piranha_2023-1-300x150.webp 300w, https:\/\/www.octopus.tools\/wp-content\/uploads\/2023\/09\/solution_piranha_2023-1-1024x512.webp 1024w, https:\/\/www.octopus.tools\/wp-content\/uploads\/2023\/09\/solution_piranha_2023-1-150x75.webp 150w, https:\/\/www.octopus.tools\/wp-content\/uploads\/2023\/09\/solution_piranha_2023-1-768x384.webp 768w, https:\/\/www.octopus.tools\/wp-content\/uploads\/2023\/09\/solution_piranha_2023-1-100x50.webp 100w\" sizes=\"auto, (max-width: 1400px) 100vw, 1400px\" \/><\/a><\/div><\/figure><div class=\"vcex-module vcex-icon-box vcex-icon-box-one wpex-flex wpex-text-left vc_custom_1676451132374\"><div class=\"vcex-icon-box-symbol wpex-flex-shrink-0 wpex-mr-20\"><a href=\"\/piranha\" class=\"wpex-no-underline\"><img loading=\"lazy\" class=\"vcex-icon-box-image wpex-align-middle\" style=\"width:100px;\" decoding=\"async\" src=\"https:\/\/www.octopus.tools\/wp-content\/uploads\/2018\/02\/icon-piranha-1.svg\" alt=\"\" width=\"1\" height=\"1\"><\/a><\/div><div class=\"vcex-icon-box-text wpex-flex-grow\"><h2 class=\"vcex-icon-box-heading wpex-heading wpex-mb-10\" style=\"color:#ffffff;--wpex-hover-heading-link-color:#ffffff;font-size:25px;\"><a href=\"\/piranha\" class=\"vcex-icon-box-link wpex-no-underline\">Piranha<\/a><\/h2><div class=\"vcex-icon-box-content wpex-last-mb-0 wpex-clr\" style=\"color:#ffffff;\"><p>Die Piranha App wurde entwickelt um die Automobil-Fotografie so einfach und intuitiv wie m\u00f6glich zu gestalten.<br \/>\n<a href=\"https:\/\/octopus.tools\/de\/piranha\/\">Mehr erfahren &gt;&gt;<\/a><\/p>\n<\/div><\/div><\/div>[\/vc_column][vc_column width=&#8220;1\/2&#8243;]<figure class=\"vcex-image vcex-module\"><div class=\"vcex-image-inner wpex-relative wpex-inline-block hvr hvr-float vc_custom_1580207022500\"><a href=\"http:\/\/www.natas.ai\" target=\"_blank\" rel=\"noopener noreferrer\"><img width=\"800\" height=\"400\" src=\"https:\/\/www.octopus.tools\/wp-content\/uploads\/2020\/01\/solution-teaser-natas-01.gif\" class=\"vcex-image-img wpex-align-middle\" alt=\"\" loading=\"lazy\" decoding=\"async\" \/><\/a><\/div><\/figure><div class=\"vcex-module vcex-icon-box vcex-icon-box-one wpex-flex wpex-text-left vc_custom_1707815663719\"><div class=\"vcex-icon-box-symbol wpex-flex-shrink-0 wpex-mr-20\"><img loading=\"lazy\" class=\"vcex-icon-box-image wpex-align-middle\" style=\"width:110px;\" decoding=\"async\" src=\"https:\/\/www.octopus.tools\/wp-content\/uploads\/2020\/01\/natas.svg\" alt=\"\" width=\"1\" height=\"1\"><\/div><div class=\"vcex-icon-box-text wpex-flex-grow\"><h2 class=\"vcex-icon-box-heading wpex-heading wpex-mb-10\" style=\"color:#ffffff;--wpex-hover-heading-link-color:#ffffff;font-size:25px;\">Natas<\/h2><div class=\"vcex-icon-box-content wpex-last-mb-0 wpex-clr\" style=\"color:#ffffff;\"><p>Natas ist unsere k\u00fcnstliche Intelligenz, die Fahrzeuge komplett automatisiert freistellt.<br \/>\n<a href=\"https:\/\/www.octopus.tools\/de\/natas-ai\/\">Mehr erfahren &gt;&gt;<\/a><\/p>\n<\/div><\/div><\/div>[\/vc_column][\/vc_row][vc_row][vc_column width=&#8220;1\/2&#8243;]<figure class=\"vcex-image vcex-module\"><div class=\"vcex-image-inner wpex-relative wpex-inline-block hvr hvr-float vc_custom_1565703344564\"><a href=\"https:\/\/octopus.tools\/meg\/\" title=\"MEG\"><img width=\"1000\" height=\"500\" src=\"https:\/\/www.octopus.tools\/wp-content\/uploads\/2019\/08\/solution-teaser-meg-03.jpg\" class=\"vcex-image-img wpex-align-middle\" alt=\"\" loading=\"lazy\" decoding=\"async\" srcset=\"https:\/\/www.octopus.tools\/wp-content\/uploads\/2019\/08\/solution-teaser-meg-03.jpg 1000w, https:\/\/www.octopus.tools\/wp-content\/uploads\/2019\/08\/solution-teaser-meg-03-150x75.jpg 150w, https:\/\/www.octopus.tools\/wp-content\/uploads\/2019\/08\/solution-teaser-meg-03-300x150.jpg 300w, https:\/\/www.octopus.tools\/wp-content\/uploads\/2019\/08\/solution-teaser-meg-03-768x384.jpg 768w, https:\/\/www.octopus.tools\/wp-content\/uploads\/2019\/08\/solution-teaser-meg-03-100x50.jpg 100w\" sizes=\"auto, (max-width: 1000px) 100vw, 1000px\" \/><\/a><\/div><\/figure><div class=\"vcex-module vcex-icon-box vcex-icon-box-one wpex-flex wpex-text-left vc_custom_1565565089958\"><div class=\"vcex-icon-box-symbol wpex-flex-shrink-0 wpex-mr-20\"><a href=\"\/meg\" class=\"wpex-no-underline\"><img loading=\"lazy\" class=\"vcex-icon-box-image wpex-align-middle\" style=\"width:100px;\" decoding=\"async\" src=\"https:\/\/www.octopus.tools\/wp-content\/uploads\/2019\/08\/icon-meg-2.svg\" alt=\"\" width=\"1\" height=\"1\"><\/a><\/div><div class=\"vcex-icon-box-text wpex-flex-grow\"><h2 class=\"vcex-icon-box-heading wpex-heading wpex-mb-10\" style=\"color:#ffffff;--wpex-hover-heading-link-color:#ffffff;font-size:25px;\"><a href=\"\/meg\" class=\"vcex-icon-box-link wpex-no-underline\">MEG<\/a><\/h2><div class=\"vcex-icon-box-content wpex-last-mb-0 wpex-clr\" style=\"color:#ffffff;\"><p>Der MEG verbindet unsere Anwendungen mit Ihren Systemen um manuelle Schritte zu vermeiden.<br \/>\n<a href=\"https:\/\/octopus.tools\/de\/fox\/\">Mehr erfahren &gt;&gt;<\/a><\/p>\n<\/div><\/div><\/div>[\/vc_column][vc_column width=&#8220;1\/2&#8243;]<figure class=\"vcex-image vcex-module\"><div class=\"vcex-image-inner wpex-relative wpex-inline-block hvr hvr-float vc_custom_1694508847558\"><a href=\"https:\/\/octopus.tools\/eagle\/\"><img width=\"1400\" height=\"700\" src=\"https:\/\/www.octopus.tools\/wp-content\/uploads\/2023\/09\/solution_eagle_2023.webp\" class=\"vcex-image-img wpex-align-middle\" alt=\"Ansicht Eagle, Ihre Fahrzeugbilder in der Bildbearbeitung\" loading=\"lazy\" decoding=\"async\" srcset=\"https:\/\/www.octopus.tools\/wp-content\/uploads\/2023\/09\/solution_eagle_2023.webp 1400w, https:\/\/www.octopus.tools\/wp-content\/uploads\/2023\/09\/solution_eagle_2023-300x150.webp 300w, https:\/\/www.octopus.tools\/wp-content\/uploads\/2023\/09\/solution_eagle_2023-1024x512.webp 1024w, https:\/\/www.octopus.tools\/wp-content\/uploads\/2023\/09\/solution_eagle_2023-150x75.webp 150w, https:\/\/www.octopus.tools\/wp-content\/uploads\/2023\/09\/solution_eagle_2023-768x384.webp 768w, https:\/\/www.octopus.tools\/wp-content\/uploads\/2023\/09\/solution_eagle_2023-100x50.webp 100w\" sizes=\"auto, (max-width: 1400px) 100vw, 1400px\" \/><\/a><\/div><\/figure><div class=\"vcex-module vcex-icon-box vcex-icon-box-one wpex-flex wpex-text-left vc_custom_1519865069769\"><div class=\"vcex-icon-box-symbol wpex-flex-shrink-0 wpex-mr-20\"><a href=\"\/eagle\" class=\"wpex-no-underline\"><img loading=\"lazy\" class=\"vcex-icon-box-image wpex-align-middle\" style=\"width:100px;\" decoding=\"async\" src=\"https:\/\/www.octopus.tools\/wp-content\/uploads\/2018\/02\/icon-eagle-1.svg\" alt=\"\" width=\"1\" height=\"1\"><\/a><\/div><div class=\"vcex-icon-box-text wpex-flex-grow\"><h2 class=\"vcex-icon-box-heading wpex-heading wpex-mb-10\" style=\"color:#ffffff;--wpex-hover-heading-link-color:#ffffff;font-size:25px;\"><a href=\"\/eagle\" class=\"vcex-icon-box-link wpex-no-underline\">Eagle<\/a><\/h2><div class=\"vcex-icon-box-content wpex-last-mb-0 wpex-clr\" style=\"color:#ffffff;\"><p>Das Eagle Cockpit gew\u00e4hrt Ihnen \u00dcberblick \u00fcber all Ihre Vorg\u00e4nge in der Automobilfotografie.<br \/>\n<a href=\"https:\/\/octopus.tools\/de\/eagle\/\">Mehr erfahren &gt;&gt;<\/a><\/p>\n<\/div><\/div><\/div>[\/vc_column][\/vc_row][vc_row][vc_column width=&#8220;1\/2&#8243;]<figure class=\"vcex-image vcex-module\"><div class=\"vcex-image-inner wpex-relative wpex-inline-block hvr hvr-float vc_custom_1695026745453\"><a href=\"https:\/\/octopus.tools\/gecko\/\"><img width=\"1400\" height=\"700\" src=\"https:\/\/www.octopus.tools\/wp-content\/uploads\/2023\/09\/solution_gecko_2023.nng_.webp\" class=\"vcex-image-img wpex-align-middle\" alt=\"Gecko Galerie f\u00fcr Hintergr\u00fcnde zur Bildbearbeitung Ihres Fahrzeugs\" loading=\"lazy\" decoding=\"async\" srcset=\"https:\/\/www.octopus.tools\/wp-content\/uploads\/2023\/09\/solution_gecko_2023.nng_.webp 1400w, https:\/\/www.octopus.tools\/wp-content\/uploads\/2023\/09\/solution_gecko_2023.nng_-300x150.webp 300w, https:\/\/www.octopus.tools\/wp-content\/uploads\/2023\/09\/solution_gecko_2023.nng_-1024x512.webp 1024w, https:\/\/www.octopus.tools\/wp-content\/uploads\/2023\/09\/solution_gecko_2023.nng_-150x75.webp 150w, https:\/\/www.octopus.tools\/wp-content\/uploads\/2023\/09\/solution_gecko_2023.nng_-768x384.webp 768w, https:\/\/www.octopus.tools\/wp-content\/uploads\/2023\/09\/solution_gecko_2023.nng_-100x50.webp 100w\" sizes=\"auto, (max-width: 1400px) 100vw, 1400px\" \/><\/a><\/div><\/figure><div class=\"vcex-module vcex-icon-box vcex-icon-box-one wpex-flex wpex-text-left vc_custom_1694782728184\"><div class=\"vcex-icon-box-symbol wpex-flex-shrink-0 wpex-mr-20\"><a href=\"\/gecko\" class=\"wpex-no-underline\"><img loading=\"lazy\" class=\"vcex-icon-box-image wpex-align-middle\" style=\"width:100px;\" decoding=\"async\" src=\"https:\/\/www.octopus.tools\/wp-content\/uploads\/2018\/02\/icon-gecko.svg\" alt=\"\" width=\"1\" height=\"1\"><\/a><\/div><div class=\"vcex-icon-box-text wpex-flex-grow\"><h2 class=\"vcex-icon-box-heading wpex-heading wpex-mb-10\" style=\"color:#ffffff;--wpex-hover-heading-link-color:#ffffff;font-size:25px;\"><a href=\"\/gecko\" class=\"vcex-icon-box-link wpex-no-underline\">Gecko<\/a><\/h2><div class=\"vcex-icon-box-content wpex-last-mb-0 wpex-clr\" style=\"color:#ffffff;\"><p>Konfigurieren Sie sich Ihren individuellen Backdrop in unserer Gecko Galerie.<br \/>\n<a href=\"https:\/\/octopus.tools\/de\/gecko-gallery\/\">Mehr erfahren &gt;&gt;<\/a><\/p>\n<\/div><\/div><\/div>[\/vc_column][vc_column width=&#8220;1\/2&#8243;]<figure class=\"vcex-image vcex-module\"><div class=\"vcex-image-inner wpex-relative wpex-inline-block hvr hvr-float vc_custom_1694508869247\"><a href=\"https:\/\/octopus.tools\/orca\/\"><img width=\"1400\" height=\"700\" src=\"https:\/\/www.octopus.tools\/wp-content\/uploads\/2023\/09\/solution_orca_2023.webp\" class=\"vcex-image-img wpex-align-middle\" alt=\"Ansicht Orca, Ihre Fahrzeugbilder\" loading=\"lazy\" decoding=\"async\" srcset=\"https:\/\/www.octopus.tools\/wp-content\/uploads\/2023\/09\/solution_orca_2023.webp 1400w, https:\/\/www.octopus.tools\/wp-content\/uploads\/2023\/09\/solution_orca_2023-300x150.webp 300w, https:\/\/www.octopus.tools\/wp-content\/uploads\/2023\/09\/solution_orca_2023-1024x512.webp 1024w, https:\/\/www.octopus.tools\/wp-content\/uploads\/2023\/09\/solution_orca_2023-150x75.webp 150w, https:\/\/www.octopus.tools\/wp-content\/uploads\/2023\/09\/solution_orca_2023-768x384.webp 768w, https:\/\/www.octopus.tools\/wp-content\/uploads\/2023\/09\/solution_orca_2023-100x50.webp 100w\" sizes=\"auto, (max-width: 1400px) 100vw, 1400px\" \/><\/a><\/div><\/figure><div class=\"vcex-module vcex-icon-box vcex-icon-box-one wpex-flex wpex-text-left vc_custom_1524569704367\"><div class=\"vcex-icon-box-symbol wpex-flex-shrink-0 wpex-mr-20\"><a href=\"\/orca\" class=\"wpex-no-underline\"><img src=\"https:\/\/www.octopus.tools\/wp-content\/uploads\/2018\/02\/icon-orca.svg\" alt=\"\" class=\"vcex-icon-box-image wpex-align-middle\" loading=\"lazy\" decoding=\"async\" style=\"width:100px;height:100px;\" width=\"100\" height=\"100\"><\/a><\/div><div class=\"vcex-icon-box-text wpex-flex-grow\"><h2 class=\"vcex-icon-box-heading wpex-heading wpex-mb-10\" style=\"color:#ffffff;--wpex-hover-heading-link-color:#ffffff;font-size:25px;\"><a href=\"\/orca\" class=\"vcex-icon-box-link wpex-no-underline\">Orca<\/a><\/h2><div class=\"vcex-icon-box-content wpex-last-mb-0 wpex-clr\" style=\"color:#ffffff;\"><p>Orca ist die browserbasierte Alternative zur Piranha App um Bilder zum Bearbeiten zu \u00fcbermitteln.<br \/>\n<a href=\"https:\/\/octopus.tools\/de\/orca\/\">Mehr erfahren &gt;&gt;<\/a><\/p>\n<\/div><\/div><\/div>[\/vc_column][\/vc_row][vc_row][vc_column]<div class=\"vcex-module vcex-icon-box vcex-icon-box-one wpex-flex wpex-text-left vc_custom_1583179707918\"><div class=\"vcex-icon-box-symbol wpex-flex-shrink-0 wpex-mr-20\"><a href=\"\/about-us\" class=\"wpex-no-underline\"><img loading=\"lazy\" class=\"vcex-icon-box-image wpex-align-middle\" style=\"width:100px;\" alt=\"Get More Info About The Team Behind The Scenes\" decoding=\"async\" src=\"https:\/\/www.octopus.tools\/wp-content\/uploads\/2017\/11\/logo-octopus.svg\" width=\"1\" height=\"1\"><\/a><\/div><div class=\"vcex-icon-box-text wpex-flex-grow\"><h2 class=\"vcex-icon-box-heading wpex-heading wpex-mb-10\" style=\"color:#ffffff;--wpex-hover-heading-link-color:#ffffff;font-size:25px;\"><a href=\"\/about-us\" class=\"vcex-icon-box-link wpex-no-underline\">Octopus<\/a><\/h2><div class=\"vcex-icon-box-content wpex-last-mb-0 wpex-clr\" style=\"color:#ffffff;\"><p>Wir haben f\u00fcr jeden Anwendungsfall in der Automobil-Fotografie ein passendes Tool parat. Der Octopus stellt das R\u00fcckgrat all dieser Tools dar und vernetzt sie perfekt miteinander. Daneben dient der Octopus als Backendsystem, welches alle Prozesse w\u00e4hrend der Bildbearbeitung inklusive z.B. Qualit\u00e4tskontrolle und Auswertungen abbildet.<\/p>\n<\/div><\/div><\/div>[\/vc_column][\/vc_row]\n<\/div>","protected":false},"excerpt":{"rendered":"<p>[vc_row][vc_column][vc_empty_space height=&#8220;60px&#8220;][vc_empty_space height=&#8220;30px&#8220;][vc_column_text]Wir bieten Fahrzeugfreisteller und Bildbearbeitung in h\u00f6chster Qualit\u00e4t in Kombination mit innovativen Nextgen-Softwarel\u00f6sungen. Fotografieren Sie Ihren Fahrzeugbestand ab sofort mit unserer Piranha App und profitieren Sie von den Vorteilen professioneller Bilder und enormer Zeitersparnis.[\/vc_column_text][vc_empty_space height=&#8220;20px&#8220;][\/vc_column][\/vc_row][vc_row equal_height=&#8220;yes&#8220;][vc_column width=&#8220;1\/2&#8243;][\/vc_column][vc_column width=&#8220;1\/2&#8243;][\/vc_column][\/vc_row][vc_row][vc_column width=&#8220;1\/2&#8243;][\/vc_column][vc_column width=&#8220;1\/2&#8243;][\/vc_column][\/vc_row][vc_row][vc_column width=&#8220;1\/2&#8243;][\/vc_column][vc_column width=&#8220;1\/2&#8243;][\/vc_column][\/vc_row][vc_row][vc_column][\/vc_column][\/vc_row]<\/p>\n","protected":false},"author":1,"featured_media":0,"parent":0,"menu_order":0,"comment_status":"closed","ping_status":"open","template":"","meta":{"content-type":"","inline_featured_image":false,"footnotes":""},"class_list":["post-626","page","type-page","status-publish","hentry","entry","no-media"],"yoast_head":"<!-- This site is optimized with the Yoast SEO plugin v24.0 - https:\/\/yoast.com\/wordpress\/plugins\/seo\/ -->\n<title>Piranha App Fahrzeugfotografie<\/title>\n<meta name=\"description\" content=\"Fahrzeugfotografie f\u00fcr Autoh\u00e4user. Einheitliche Fahrzeugfotos mit der Piranha App erstellen und Fahrzeuge schneller verkaufen.\" \/>\n<meta name=\"robots\" content=\"index, follow, max-snippet:-1, max-image-preview:large, max-video-preview:-1\" \/>\n<link rel=\"canonical\" href=\"https:\/\/www.octopus.tools\/de\/\" \/>\n<meta property=\"og:locale\" content=\"de_DE\" \/>\n<meta property=\"og:type\" content=\"article\" \/>\n<meta property=\"og:title\" content=\"Piranha App Fahrzeugfotografie\" \/>\n<meta property=\"og:description\" content=\"Fahrzeugfotografie f\u00fcr Autoh\u00e4user. Einheitliche Fahrzeugfotos mit der Piranha App erstellen und Fahrzeuge schneller verkaufen.\" \/>\n<meta property=\"og:url\" content=\"https:\/\/www.octopus.tools\/de\/\" \/>\n<meta property=\"og:site_name\" content=\"Octopus tools - automotive imagery solutions\" \/>\n<meta property=\"article:publisher\" content=\"https:\/\/www.facebook.com\/yoozoo.de\" \/>\n<meta property=\"article:modified_time\" content=\"2026-01-28T12:18:52+00:00\" \/>\n<meta property=\"og:image\" content=\"https:\/\/www.octopus.tools\/wp-content\/uploads\/2018\/04\/social-share-thumb.jpg\" \/>\n\t<meta property=\"og:image:width\" content=\"900\" \/>\n\t<meta property=\"og:image:height\" content=\"900\" \/>\n\t<meta property=\"og:image:type\" content=\"image\/jpeg\" \/>\n<meta name=\"twitter:card\" content=\"summary_large_image\" \/>\n<meta name=\"twitter:site\" content=\"@yoozoo_de\" \/>\n<meta name=\"twitter:label1\" content=\"Gesch\u00e4tzte Lesezeit\" \/>\n\t<meta name=\"twitter:data1\" content=\"2\u00a0Minuten\" \/>\n<script type=\"application\/ld+json\" class=\"yoast-schema-graph\">{\"@context\":\"https:\/\/schema.org\",\"@graph\":[{\"@type\":\"WebPage\",\"@id\":\"https:\/\/www.octopus.tools\/de\/\",\"url\":\"https:\/\/www.octopus.tools\/de\/\",\"name\":\"Piranha App Fahrzeugfotografie\",\"isPartOf\":{\"@id\":\"https:\/\/www.octopus.tools\/de\/#website\"},\"datePublished\":\"2018-01-31T14:14:37+00:00\",\"dateModified\":\"2026-01-28T12:18:52+00:00\",\"description\":\"Fahrzeugfotografie f\u00fcr Autoh\u00e4user. Einheitliche Fahrzeugfotos mit der Piranha App erstellen und Fahrzeuge schneller verkaufen.\",\"breadcrumb\":{\"@id\":\"https:\/\/www.octopus.tools\/de\/#breadcrumb\"},\"inLanguage\":\"de\",\"potentialAction\":[{\"@type\":\"ReadAction\",\"target\":[\"https:\/\/www.octopus.tools\/de\/\"]}]},{\"@type\":\"BreadcrumbList\",\"@id\":\"https:\/\/www.octopus.tools\/de\/#breadcrumb\",\"itemListElement\":[{\"@type\":\"ListItem\",\"position\":1,\"name\":\"Home\",\"item\":\"https:\/\/www.octopus.tools\/de\/\"},{\"@type\":\"ListItem\",\"position\":2,\"name\":\"Home\"}]},{\"@type\":\"WebSite\",\"@id\":\"https:\/\/www.octopus.tools\/de\/#website\",\"url\":\"https:\/\/www.octopus.tools\/de\/\",\"name\":\"Octopus tools - automotive imagery solutions\",\"description\":\"yoozoo GmbH software\",\"publisher\":{\"@id\":\"https:\/\/www.octopus.tools\/de\/#organization\"},\"potentialAction\":[{\"@type\":\"SearchAction\",\"target\":{\"@type\":\"EntryPoint\",\"urlTemplate\":\"https:\/\/www.octopus.tools\/de\/?s={search_term_string}\"},\"query-input\":{\"@type\":\"PropertyValueSpecification\",\"valueRequired\":true,\"valueName\":\"search_term_string\"}}],\"inLanguage\":\"de\"},{\"@type\":\"Organization\",\"@id\":\"https:\/\/www.octopus.tools\/de\/#organization\",\"name\":\"Octopus.tools [by yoozoo GmbH]\",\"url\":\"https:\/\/www.octopus.tools\/de\/\",\"logo\":{\"@type\":\"ImageObject\",\"inLanguage\":\"de\",\"@id\":\"https:\/\/www.octopus.tools\/de\/#\/schema\/logo\/image\/\",\"url\":\"https:\/\/www.octopus.tools\/wp-content\/uploads\/2018\/02\/website-octopus-tools-08.svg\",\"contentUrl\":\"https:\/\/www.octopus.tools\/wp-content\/uploads\/2018\/02\/website-octopus-tools-08.svg\",\"caption\":\"Octopus.tools [by yoozoo GmbH]\"},\"image\":{\"@id\":\"https:\/\/www.octopus.tools\/de\/#\/schema\/logo\/image\/\"},\"sameAs\":[\"https:\/\/www.facebook.com\/yoozoo.de\",\"https:\/\/x.com\/yoozoo_de\"]}]}<\/script>\n<!-- \/ Yoast SEO plugin. -->","yoast_head_json":{"title":"Piranha App Fahrzeugfotografie","description":"Fahrzeugfotografie f\u00fcr Autoh\u00e4user. Einheitliche Fahrzeugfotos mit der Piranha App erstellen und Fahrzeuge schneller verkaufen.","robots":{"index":"index","follow":"follow","max-snippet":"max-snippet:-1","max-image-preview":"max-image-preview:large","max-video-preview":"max-video-preview:-1"},"canonical":"https:\/\/www.octopus.tools\/de\/","og_locale":"de_DE","og_type":"article","og_title":"Piranha App Fahrzeugfotografie","og_description":"Fahrzeugfotografie f\u00fcr Autoh\u00e4user. Einheitliche Fahrzeugfotos mit der Piranha App erstellen und Fahrzeuge schneller verkaufen.","og_url":"https:\/\/www.octopus.tools\/de\/","og_site_name":"Octopus tools - automotive imagery solutions","article_publisher":"https:\/\/www.facebook.com\/yoozoo.de","article_modified_time":"2026-01-28T12:18:52+00:00","og_image":[{"width":900,"height":900,"url":"https:\/\/www.octopus.tools\/wp-content\/uploads\/2018\/04\/social-share-thumb.jpg","type":"image\/jpeg"}],"twitter_card":"summary_large_image","twitter_site":"@yoozoo_de","twitter_misc":{"Gesch\u00e4tzte Lesezeit":"2\u00a0Minuten"},"schema":{"@context":"https:\/\/schema.org","@graph":[{"@type":"WebPage","@id":"https:\/\/www.octopus.tools\/de\/","url":"https:\/\/www.octopus.tools\/de\/","name":"Piranha App Fahrzeugfotografie","isPartOf":{"@id":"https:\/\/www.octopus.tools\/de\/#website"},"datePublished":"2018-01-31T14:14:37+00:00","dateModified":"2026-01-28T12:18:52+00:00","description":"Fahrzeugfotografie f\u00fcr Autoh\u00e4user. Einheitliche Fahrzeugfotos mit der Piranha App erstellen und Fahrzeuge schneller verkaufen.","breadcrumb":{"@id":"https:\/\/www.octopus.tools\/de\/#breadcrumb"},"inLanguage":"de","potentialAction":[{"@type":"ReadAction","target":["https:\/\/www.octopus.tools\/de\/"]}]},{"@type":"BreadcrumbList","@id":"https:\/\/www.octopus.tools\/de\/#breadcrumb","itemListElement":[{"@type":"ListItem","position":1,"name":"Home","item":"https:\/\/www.octopus.tools\/de\/"},{"@type":"ListItem","position":2,"name":"Home"}]},{"@type":"WebSite","@id":"https:\/\/www.octopus.tools\/de\/#website","url":"https:\/\/www.octopus.tools\/de\/","name":"Octopus tools - automotive imagery solutions","description":"yoozoo GmbH software","publisher":{"@id":"https:\/\/www.octopus.tools\/de\/#organization"},"potentialAction":[{"@type":"SearchAction","target":{"@type":"EntryPoint","urlTemplate":"https:\/\/www.octopus.tools\/de\/?s={search_term_string}"},"query-input":{"@type":"PropertyValueSpecification","valueRequired":true,"valueName":"search_term_string"}}],"inLanguage":"de"},{"@type":"Organization","@id":"https:\/\/www.octopus.tools\/de\/#organization","name":"Octopus.tools [by yoozoo GmbH]","url":"https:\/\/www.octopus.tools\/de\/","logo":{"@type":"ImageObject","inLanguage":"de","@id":"https:\/\/www.octopus.tools\/de\/#\/schema\/logo\/image\/","url":"https:\/\/www.octopus.tools\/wp-content\/uploads\/2018\/02\/website-octopus-tools-08.svg","contentUrl":"https:\/\/www.octopus.tools\/wp-content\/uploads\/2018\/02\/website-octopus-tools-08.svg","caption":"Octopus.tools [by yoozoo GmbH]"},"image":{"@id":"https:\/\/www.octopus.tools\/de\/#\/schema\/logo\/image\/"},"sameAs":["https:\/\/www.facebook.com\/yoozoo.de","https:\/\/x.com\/yoozoo_de"]}]}},"_links":{"self":[{"href":"https:\/\/www.octopus.tools\/de\/wp-json\/wp\/v2\/pages\/626","targetHints":{"allow":["GET"]}}],"collection":[{"href":"https:\/\/www.octopus.tools\/de\/wp-json\/wp\/v2\/pages"}],"about":[{"href":"https:\/\/www.octopus.tools\/de\/wp-json\/wp\/v2\/types\/page"}],"author":[{"embeddable":true,"href":"https:\/\/www.octopus.tools\/de\/wp-json\/wp\/v2\/users\/1"}],"replies":[{"embeddable":true,"href":"https:\/\/www.octopus.tools\/de\/wp-json\/wp\/v2\/comments?post=626"}],"version-history":[{"count":1,"href":"https:\/\/www.octopus.tools\/de\/wp-json\/wp\/v2\/pages\/626\/revisions"}],"predecessor-version":[{"id":22723,"href":"https:\/\/www.octopus.tools\/de\/wp-json\/wp\/v2\/pages\/626\/revisions\/22723"}],"wp:attachment":[{"href":"https:\/\/www.octopus.tools\/de\/wp-json\/wp\/v2\/media?parent=626"}],"curies":[{"name":"wp","href":"https:\/\/api.w.org\/{rel}","templated":true}]}}