{"id":633,"date":"2018-02-08T15:06:38","date_gmt":"2018-02-08T15:06:38","guid":{"rendered":"http:\/\/octopus.tools\/fox-de\/"},"modified":"2020-03-04T15:02:30","modified_gmt":"2020-03-04T15:02:30","slug":"meg","status":"publish","type":"page","link":"https:\/\/www.octopus.tools\/de\/meg\/","title":{"rendered":"MEG"},"content":{"rendered":"<div class=\"wpb-content-wrapper\">[vc_row full_width=&#8220;stretch_row&#8220;][vc_column][vc_empty_space height=&#8220;40px&#8220;]<style>.vcex-heading.vcex_69eb809d70bb7 .vcex-heading-inner{border-color:#fc9a00;}.vcex-heading.vcex_69eb809d70bb7{border-color:#e2e2e2;}<\/style><h2 class=\"vcex-heading vcex-heading-bottom-border-w-color vcex-module wpex-heading wpex-text-2xl wpex-border-b-2 wpex-border-solid wpex-border-main vcex_69eb809d70bb7\"><span class=\"vcex-heading-inner wpex-inline-block wpex-relative wpex-pb-5 wpex-border-b-2 wpex-border-solid wpex-border-accent\">Let's connect<\/span><\/h2>[vc_empty_space height=&#8220;20px&#8220;][vc_column_text]Wenn Sie hohe St\u00fcckzahlen haben und automatisierte Prozesse lieben, k\u00f6nnen Sie Ihre Bilder auch automatisiert \u00fcbermitteln und empfangen, indem Sie Ihr System \u00fcber die MEG RESTful API mit dem Octopus kommunizieren lassen.<\/p>\n<p>Der MEG Connector [ein Untermodul der MEG API] ist in der Lage Dropbox, FTP, Clouds, etc. mit dem Octopus zu verbinden und Dateien zu synchronisieren.<\/p>\n<p>Die MEG API kann auch mit den anderen Modulen kombiniert werden. So k\u00f6nnen Piranha oder Orca alle Fahrzeuge laden, die fotografiert werden m\u00fcssen und diese dann auflisten. Auf diesem Wege m\u00fcssen Fahrzeug-IDs nicht mehr manuell erfasst oder gescannt werden und die bearbeiteten Bilder werden automatisch zugeordnet.[\/vc_column_text][\/vc_column][\/vc_row][vc_row full_width=&#8220;stretch_row&#8220;][vc_column][vc_single_image image=&#8220;7387&#8243;][\/vc_column][\/vc_row]\n<\/div>","protected":false},"excerpt":{"rendered":"<p>[vc_row full_width=&#8220;stretch_row&#8220;][vc_column][vc_empty_space height=&#8220;40px&#8220;][vc_empty_space height=&#8220;20px&#8220;][vc_column_text]Wenn Sie hohe St\u00fcckzahlen haben und automatisierte Prozesse lieben, k\u00f6nnen Sie Ihre Bilder auch automatisiert \u00fcbermitteln und empfangen, indem Sie Ihr System \u00fcber die MEG RESTful API mit dem Octopus kommunizieren lassen. Der MEG Connector [ein Untermodul der MEG API] ist in der Lage Dropbox, FTP, Clouds, etc. mit dem Octopus zu&hellip;<\/p>\n","protected":false},"author":1,"featured_media":0,"parent":0,"menu_order":0,"comment_status":"closed","ping_status":"closed","template":"","meta":{"content-type":"","inline_featured_image":false,"footnotes":""},"class_list":["post-633","page","type-page","status-publish","hentry","entry","no-media"],"yoast_head":"<!-- This site is optimized with the Yoast SEO plugin v24.0 - https:\/\/yoast.com\/wordpress\/plugins\/seo\/ -->\n<title>MEG - Octopus tools - automotive imagery solutions<\/title>\n<meta name=\"robots\" content=\"index, follow, max-snippet:-1, max-image-preview:large, max-video-preview:-1\" \/>\n<link rel=\"canonical\" href=\"https:\/\/www.octopus.tools\/de\/meg\/\" \/>\n<meta property=\"og:locale\" content=\"de_DE\" \/>\n<meta property=\"og:type\" content=\"article\" \/>\n<meta property=\"og:title\" content=\"MEG - Octopus tools - automotive imagery solutions\" \/>\n<meta property=\"og:description\" content=\"[vc_row full_width=&#8220;stretch_row&#8220;][vc_column][vc_empty_space height=&#8220;40px&#8220;][vc_empty_space height=&#8220;20px&#8220;][vc_column_text]Wenn Sie hohe St\u00fcckzahlen haben und automatisierte Prozesse lieben, k\u00f6nnen Sie Ihre Bilder auch automatisiert \u00fcbermitteln und empfangen, indem Sie Ihr System \u00fcber die MEG RESTful API mit dem Octopus kommunizieren lassen. Der MEG Connector [ein Untermodul der MEG API] ist in der Lage Dropbox, FTP, Clouds, etc. mit dem Octopus zu&hellip;\" \/>\n<meta property=\"og:url\" content=\"https:\/\/www.octopus.tools\/de\/meg\/\" \/>\n<meta property=\"og:site_name\" content=\"Octopus tools - automotive imagery solutions\" \/>\n<meta property=\"article:publisher\" content=\"https:\/\/www.facebook.com\/yoozoo.de\" \/>\n<meta property=\"article:modified_time\" content=\"2020-03-04T15:02:30+00:00\" \/>\n<meta property=\"og:image\" content=\"https:\/\/www.octopus.tools\/wp-content\/uploads\/2018\/04\/social-share-thumb.jpg\" \/>\n\t<meta property=\"og:image:width\" content=\"900\" \/>\n\t<meta property=\"og:image:height\" content=\"900\" \/>\n\t<meta property=\"og:image:type\" content=\"image\/jpeg\" \/>\n<meta name=\"twitter:card\" content=\"summary_large_image\" \/>\n<meta name=\"twitter:site\" content=\"@yoozoo_de\" \/>\n<meta name=\"twitter:label1\" content=\"Gesch\u00e4tzte Lesezeit\" \/>\n\t<meta name=\"twitter:data1\" content=\"1\u00a0Minute\" \/>\n<script type=\"application\/ld+json\" class=\"yoast-schema-graph\">{\"@context\":\"https:\/\/schema.org\",\"@graph\":[{\"@type\":\"WebPage\",\"@id\":\"https:\/\/www.octopus.tools\/de\/meg\/\",\"url\":\"https:\/\/www.octopus.tools\/de\/meg\/\",\"name\":\"MEG - Octopus tools - automotive imagery solutions\",\"isPartOf\":{\"@id\":\"https:\/\/www.octopus.tools\/de\/#website\"},\"datePublished\":\"2018-02-08T15:06:38+00:00\",\"dateModified\":\"2020-03-04T15:02:30+00:00\",\"breadcrumb\":{\"@id\":\"https:\/\/www.octopus.tools\/de\/meg\/#breadcrumb\"},\"inLanguage\":\"de\",\"potentialAction\":[{\"@type\":\"ReadAction\",\"target\":[\"https:\/\/www.octopus.tools\/de\/meg\/\"]}]},{\"@type\":\"BreadcrumbList\",\"@id\":\"https:\/\/www.octopus.tools\/de\/meg\/#breadcrumb\",\"itemListElement\":[{\"@type\":\"ListItem\",\"position\":1,\"name\":\"Home\",\"item\":\"https:\/\/www.octopus.tools\/de\/\"},{\"@type\":\"ListItem\",\"position\":2,\"name\":\"MEG\"}]},{\"@type\":\"WebSite\",\"@id\":\"https:\/\/www.octopus.tools\/de\/#website\",\"url\":\"https:\/\/www.octopus.tools\/de\/\",\"name\":\"Octopus tools - automotive imagery solutions\",\"description\":\"yoozoo GmbH software\",\"publisher\":{\"@id\":\"https:\/\/www.octopus.tools\/de\/#organization\"},\"potentialAction\":[{\"@type\":\"SearchAction\",\"target\":{\"@type\":\"EntryPoint\",\"urlTemplate\":\"https:\/\/www.octopus.tools\/de\/?s={search_term_string}\"},\"query-input\":{\"@type\":\"PropertyValueSpecification\",\"valueRequired\":true,\"valueName\":\"search_term_string\"}}],\"inLanguage\":\"de\"},{\"@type\":\"Organization\",\"@id\":\"https:\/\/www.octopus.tools\/de\/#organization\",\"name\":\"Octopus.tools [by yoozoo GmbH]\",\"url\":\"https:\/\/www.octopus.tools\/de\/\",\"logo\":{\"@type\":\"ImageObject\",\"inLanguage\":\"de\",\"@id\":\"https:\/\/www.octopus.tools\/de\/#\/schema\/logo\/image\/\",\"url\":\"https:\/\/www.octopus.tools\/wp-content\/uploads\/2018\/02\/website-octopus-tools-08.svg\",\"contentUrl\":\"https:\/\/www.octopus.tools\/wp-content\/uploads\/2018\/02\/website-octopus-tools-08.svg\",\"caption\":\"Octopus.tools [by yoozoo GmbH]\"},\"image\":{\"@id\":\"https:\/\/www.octopus.tools\/de\/#\/schema\/logo\/image\/\"},\"sameAs\":[\"https:\/\/www.facebook.com\/yoozoo.de\",\"https:\/\/x.com\/yoozoo_de\"]}]}<\/script>\n<!-- \/ Yoast SEO plugin. -->","yoast_head_json":{"title":"MEG - Octopus tools - automotive imagery solutions","robots":{"index":"index","follow":"follow","max-snippet":"max-snippet:-1","max-image-preview":"max-image-preview:large","max-video-preview":"max-video-preview:-1"},"canonical":"https:\/\/www.octopus.tools\/de\/meg\/","og_locale":"de_DE","og_type":"article","og_title":"MEG - Octopus tools - automotive imagery solutions","og_description":"[vc_row full_width=&#8220;stretch_row&#8220;][vc_column][vc_empty_space height=&#8220;40px&#8220;][vc_empty_space height=&#8220;20px&#8220;][vc_column_text]Wenn Sie hohe St\u00fcckzahlen haben und automatisierte Prozesse lieben, k\u00f6nnen Sie Ihre Bilder auch automatisiert \u00fcbermitteln und empfangen, indem Sie Ihr System \u00fcber die MEG RESTful API mit dem Octopus kommunizieren lassen. Der MEG Connector [ein Untermodul der MEG API] ist in der Lage Dropbox, FTP, Clouds, etc. mit dem Octopus zu&hellip;","og_url":"https:\/\/www.octopus.tools\/de\/meg\/","og_site_name":"Octopus tools - automotive imagery solutions","article_publisher":"https:\/\/www.facebook.com\/yoozoo.de","article_modified_time":"2020-03-04T15:02:30+00:00","og_image":[{"width":900,"height":900,"url":"https:\/\/www.octopus.tools\/wp-content\/uploads\/2018\/04\/social-share-thumb.jpg","type":"image\/jpeg"}],"twitter_card":"summary_large_image","twitter_site":"@yoozoo_de","twitter_misc":{"Gesch\u00e4tzte Lesezeit":"1\u00a0Minute"},"schema":{"@context":"https:\/\/schema.org","@graph":[{"@type":"WebPage","@id":"https:\/\/www.octopus.tools\/de\/meg\/","url":"https:\/\/www.octopus.tools\/de\/meg\/","name":"MEG - Octopus tools - automotive imagery solutions","isPartOf":{"@id":"https:\/\/www.octopus.tools\/de\/#website"},"datePublished":"2018-02-08T15:06:38+00:00","dateModified":"2020-03-04T15:02:30+00:00","breadcrumb":{"@id":"https:\/\/www.octopus.tools\/de\/meg\/#breadcrumb"},"inLanguage":"de","potentialAction":[{"@type":"ReadAction","target":["https:\/\/www.octopus.tools\/de\/meg\/"]}]},{"@type":"BreadcrumbList","@id":"https:\/\/www.octopus.tools\/de\/meg\/#breadcrumb","itemListElement":[{"@type":"ListItem","position":1,"name":"Home","item":"https:\/\/www.octopus.tools\/de\/"},{"@type":"ListItem","position":2,"name":"MEG"}]},{"@type":"WebSite","@id":"https:\/\/www.octopus.tools\/de\/#website","url":"https:\/\/www.octopus.tools\/de\/","name":"Octopus tools - automotive imagery solutions","description":"yoozoo GmbH software","publisher":{"@id":"https:\/\/www.octopus.tools\/de\/#organization"},"potentialAction":[{"@type":"SearchAction","target":{"@type":"EntryPoint","urlTemplate":"https:\/\/www.octopus.tools\/de\/?s={search_term_string}"},"query-input":{"@type":"PropertyValueSpecification","valueRequired":true,"valueName":"search_term_string"}}],"inLanguage":"de"},{"@type":"Organization","@id":"https:\/\/www.octopus.tools\/de\/#organization","name":"Octopus.tools [by yoozoo GmbH]","url":"https:\/\/www.octopus.tools\/de\/","logo":{"@type":"ImageObject","inLanguage":"de","@id":"https:\/\/www.octopus.tools\/de\/#\/schema\/logo\/image\/","url":"https:\/\/www.octopus.tools\/wp-content\/uploads\/2018\/02\/website-octopus-tools-08.svg","contentUrl":"https:\/\/www.octopus.tools\/wp-content\/uploads\/2018\/02\/website-octopus-tools-08.svg","caption":"Octopus.tools [by yoozoo GmbH]"},"image":{"@id":"https:\/\/www.octopus.tools\/de\/#\/schema\/logo\/image\/"},"sameAs":["https:\/\/www.facebook.com\/yoozoo.de","https:\/\/x.com\/yoozoo_de"]}]}},"_links":{"self":[{"href":"https:\/\/www.octopus.tools\/de\/wp-json\/wp\/v2\/pages\/633","targetHints":{"allow":["GET"]}}],"collection":[{"href":"https:\/\/www.octopus.tools\/de\/wp-json\/wp\/v2\/pages"}],"about":[{"href":"https:\/\/www.octopus.tools\/de\/wp-json\/wp\/v2\/types\/page"}],"author":[{"embeddable":true,"href":"https:\/\/www.octopus.tools\/de\/wp-json\/wp\/v2\/users\/1"}],"replies":[{"embeddable":true,"href":"https:\/\/www.octopus.tools\/de\/wp-json\/wp\/v2\/comments?post=633"}],"version-history":[{"count":1,"href":"https:\/\/www.octopus.tools\/de\/wp-json\/wp\/v2\/pages\/633\/revisions"}],"predecessor-version":[{"id":22728,"href":"https:\/\/www.octopus.tools\/de\/wp-json\/wp\/v2\/pages\/633\/revisions\/22728"}],"wp:attachment":[{"href":"https:\/\/www.octopus.tools\/de\/wp-json\/wp\/v2\/media?parent=633"}],"curies":[{"name":"wp","href":"https:\/\/api.w.org\/{rel}","templated":true}]}}