{"id":645,"date":"2018-02-08T15:52:12","date_gmt":"2018-02-08T15:52:12","guid":{"rendered":"http:\/\/octopus.tools\/orca-de\/"},"modified":"2023-09-12T12:48:59","modified_gmt":"2023-09-12T11:48:59","slug":"orca","status":"publish","type":"page","link":"https:\/\/www.octopus.tools\/de\/orca\/","title":{"rendered":"Orca"},"content":{"rendered":"<div class=\"wpb-content-wrapper\">[vc_row full_width=&#8220;stretch_row&#8220; gap=&#8220;20&#8243; equal_height=&#8220;yes&#8220; css=&#8220;.vc_custom_1523489545106{padding-top: 40px !important;background-color: #1e1e1e !important;}&#8220;][vc_column width=&#8220;1\/3&#8243; css=&#8220;.vc_custom_1523489613380{border-top-width: 1px !important;border-right-width: 1px !important;border-bottom-width: 1px !important;border-left-width: 1px !important;background-color: #232323 !important;border-left-color: #f1f1f1 !important;border-left-style: solid !important;border-right-color: #f1f1f1 !important;border-right-style: solid !important;border-top-color: #f1f1f1 !important;border-top-style: solid !important;border-bottom-color: #f1f1f1 !important;border-bottom-style: solid !important;border-radius: 5px !important;}&#8220;]<div class=\"vcex-module vcex-icon-box vcex-icon-box-four wpex-block wpex-text-center wpex-p-30 wpex-bordered vc_custom_1694519310967\"><div class=\"vcex-icon-box-symbol wpex-mb-20\" style=\"margin-bottom:10px;\"><div class=\"vcex-icon-box-icon wpex-inline-flex wpex-items-center wpex-justify-center wpex-child-inherit-color wpex-text-center wpex-leading-none wpex-text-1\" style=\"color:#586773;font-size:30px;\"><span class=\"ticon ticon-check-square\" aria-hidden=\"true\"><\/span><\/div><\/div><div class=\"vcex-icon-box-text\"><h1 class=\"vcex-icon-box-heading wpex-heading\" style=\"color:#f2f2f2;--wpex-hover-heading-link-color:#f2f2f2;font-size:25px;margin-bottom:0px;text-transform:none;\">Einfach<\/h1><div class=\"vcex-icon-box-content wpex-last-mb-0 wpex-clr\" style=\"color:#f2f2f2;\"><p>Einfaches Hochladen, Umbenennen, Sortieren und Herunterladen Ihrer Bilder. Der Orca unterst\u00fctzt drag&#8217;n&#8217;drop.<\/p>\n<\/div><\/div><\/div>[\/vc_column][vc_column width=&#8220;1\/3&#8243; css=&#8220;.vc_custom_1523489635351{border-top-width: 1px !important;border-right-width: 1px !important;border-bottom-width: 1px !important;border-left-width: 1px !important;background-color: #232323 !important;border-left-color: #f1f1f1 !important;border-left-style: solid !important;border-right-color: #f1f1f1 !important;border-right-style: solid !important;border-top-color: #f1f1f1 !important;border-top-style: solid !important;border-bottom-color: #f1f1f1 !important;border-bottom-style: solid !important;border-radius: 5px !important;}&#8220;]<div class=\"vcex-module vcex-icon-box vcex-icon-box-four wpex-block wpex-text-center wpex-p-30 wpex-bordered vc_custom_1694519321374\"><div class=\"vcex-icon-box-symbol wpex-mb-20\" style=\"margin-bottom:10px;\"><div class=\"vcex-icon-box-icon wpex-inline-flex wpex-items-center wpex-justify-center wpex-child-inherit-color wpex-text-center wpex-leading-none wpex-text-1\" style=\"color:#586773;font-size:30px;\"><span class=\"ticon ticon-check-square\" aria-hidden=\"true\"><\/span><\/div><\/div><div class=\"vcex-icon-box-text\"><h1 class=\"vcex-icon-box-heading wpex-heading\" style=\"color:#f2f2f2;--wpex-hover-heading-link-color:#f2f2f2;font-size:25px;margin-bottom:0px;text-transform:none;\">Transparent<\/h1><div class=\"vcex-icon-box-content wpex-last-mb-0 wpex-clr\" style=\"color:#f2f2f2;\"><p>Jedes hochgeladene Medienset hat seinen eigenen Timer, sodass Sie immer sehen k\u00f6nnen, wann Ihre Bilder geliefert werden.<\/p>\n<\/div><\/div><\/div>[\/vc_column][vc_column width=&#8220;1\/3&#8243; css=&#8220;.vc_custom_1523489502162{background-color: #232323 !important;border: 1px solid #f1f1f1 !important;border-radius: 5px !important;}&#8220;]<div class=\"vcex-module vcex-icon-box vcex-icon-box-four wpex-block wpex-text-center wpex-p-30 wpex-bordered vc_custom_1694519332129\"><div class=\"vcex-icon-box-symbol wpex-mb-20\" style=\"margin-bottom:10px;\"><div class=\"vcex-icon-box-icon wpex-inline-flex wpex-items-center wpex-justify-center wpex-child-inherit-color wpex-text-center wpex-leading-none wpex-text-1\" style=\"color:#586773;font-size:30px;\"><span class=\"ticon ticon-check-square\" aria-hidden=\"true\"><\/span><\/div><\/div><div class=\"vcex-icon-box-text\"><h1 class=\"vcex-icon-box-heading wpex-heading\" style=\"color:#f2f2f2;--wpex-hover-heading-link-color:#f2f2f2;font-size:25px;margin-bottom:0px;text-transform:none;\">Browserbasiert<\/h1><div class=\"vcex-icon-box-content wpex-last-mb-0 wpex-clr\" style=\"color:#f2f2f2;\"><p>Laden Sie Ihre Bilder komfortabel hoch und runter und managen Sie diese, jederzeit und von jedem Ort.<\/p>\n<\/div><\/div><\/div>[\/vc_column][\/vc_row][vc_row full_width=&#8220;stretch_row&#8220; css=&#8220;.vc_custom_1523546785060{background-color: #3d3d3d !important;}&#8220;][vc_column][vc_empty_space height=&#8220;40px&#8220;]<style>.vcex-heading.vcex_69d5a47a47c43 .vcex-heading-inner{border-color:#fc9a00;}.vcex-heading.vcex_69d5a47a47c43{border-color:#e2e2e2;}<\/style><h2 class=\"vcex-heading vcex-heading-bottom-border-w-color vcex-module wpex-heading wpex-text-2xl wpex-border-b-2 wpex-border-solid wpex-border-main vcex_69d5a47a47c43\"><span class=\"vcex-heading-inner wpex-inline-block wpex-relative wpex-pb-5 wpex-border-b-2 wpex-border-solid wpex-border-accent\">Was ist der Orca?<\/span><\/h2>[vc_empty_space height=&#8220;20px&#8220;][vc_column_text]Der Orca ist die browserbasierte Alternative zur\u00a0<a href=\"https:\/\/www.octopus.tools\/de\/piranha\/\">Piranha app<\/a>. Er kommt zum Einsatz wenn Kameras statt Smartphones f\u00fcr die Fotografie genutzt werden. Der Orca erm\u00f6glicht es Ihnen, Ihre Fahrzeugbilder komfortabel hochzuladen und zu verwalten [sortieren, umbenennen].<\/p>\n<p>Nach einer schnellen, automatisierten Validierung [korrekte Anzahl an Bildern, Bildabmessungen und Format] k\u00f6nnen Sie die Bilder zur Retusche \u00fcbermitteln.<\/p>\n<p>Alle Auftr\u00e4ge, inklusive der Lieferzeiten, sind im Bereich &#8222;Auftr\u00e4ge&#8220; aufgelistet. Sobald die Bilder bearbeitet sind, erscheinen Sie im Bereich &#8222;Fertige Sets [Bereit zum Download]&#8220;.[\/vc_column_text][\/vc_column][\/vc_row][vc_row][vc_column][vc_empty_space height=&#8220;40px&#8220;]<style>.vcex-heading.vcex_69d5a47a48014 .vcex-heading-inner{border-color:#fc9a00;}.vcex-heading.vcex_69d5a47a48014{border-color:#e2e2e2;}<\/style><h2 class=\"vcex-heading vcex-heading-bottom-border-w-color vcex-module wpex-heading wpex-text-2xl wpex-border-b-2 wpex-border-solid wpex-border-main vcex_69d5a47a48014\"><span class=\"vcex-heading-inner wpex-inline-block wpex-relative wpex-pb-5 wpex-border-b-2 wpex-border-solid wpex-border-accent\">Schritte<\/span><\/h2>[vc_empty_space height=&#8220;20px&#8220;][vc_tta_tour style=&#8220;flat&#8220; spacing=&#8220;5&#8243; autoplay=&#8220;3&#8243; active_section=&#8220;1&#8243; el_class=&#8220;norbert&#8220;][vc_tta_section title=&#8220;1. Bilder auf den Computer \u00fcbertragen&#8220; tab_id=&#8220;1519773896367-69dd6635-2110&#8243;][vc_column_text]Nehmen Sie Ihre Fotos auf und \u00fcbertragen Sie diese auf Ihren Computer. Es muss keinerlei Sortierung vorab erfolgen.[\/vc_column_text][vc_single_image image=&#8220;3212&#8243; css=&#8220;.vc_custom_1520618964016{padding-top: 20px !important;}&#8220;][\/vc_tta_section][vc_tta_section title=&#8220;2. Im Orca anmelden&#8220; tab_id=&#8220;1519773896388-95d25cf1-4e42&#8243;][vc_column_text]Melden Sie sich im Orca mit den erhaltenen Zugangsdaten an.[\/vc_column_text][vc_single_image image=&#8220;3218&#8243; css=&#8220;.vc_custom_1520619001196{padding-top: 20px !important;}&#8220;][\/vc_tta_section][vc_tta_section title=&#8220;3. Produkt w\u00e4hlen&#8220; tab_id=&#8220;1519773922184-bd0ac028-5462&#8243;][vc_column_text]W\u00e4hlen Sie aus Ihren Produkten das Passende aus. Das Produkt enth\u00e4lt s\u00e4mtliche Informationen, wie z.B. die Anzahl an Bildern pro Set, die Aufl\u00f6sung der Bilder, sowie den ausgew\u00e4hlten Hintergrund.[\/vc_column_text][vc_single_image image=&#8220;3224&#8243; css=&#8220;.vc_custom_1520619019327{padding-top: 20px !important;}&#8220;][\/vc_tta_section][vc_tta_section title=&#8220;4. Bilder hochladen&#8220; tab_id=&#8220;1519775004421-68eb5de0-830e&#8220;][vc_column_text]Laden Sie Ihre Bilder einfach per Drag&#8217;n&#8217;Drop hoch. W\u00e4hrend des Hochladens werden die Bilder auf Ihre Bearbeitbarkeit hin \u00fcberpr\u00fcft. Alle zusammengeh\u00f6renden Bilder werden in einem Medienset zusammengefasst.[\/vc_column_text][vc_single_image image=&#8220;3230&#8243; css=&#8220;.vc_custom_1520619051177{padding-top: 20px !important;}&#8220;][\/vc_tta_section][vc_tta_section title=&#8220;5. Medienset umbenennen&#8220; tab_id=&#8220;1519773923174-69e6c33d-f2a9&#8243;][vc_column_text]Sofern erforderlich k\u00f6nnen Sie das Medienset umbenennen. Alle Bilder werden automatisch, basierend auf Ihrer Sortierung, umbenannt. Die Sortierung der Bilder kann per Drag&#8217;n&#8217;Drop ge\u00e4ndert werden.[\/vc_column_text][vc_single_image image=&#8220;3236&#8243; css=&#8220;.vc_custom_1520619075797{padding-top: 20px !important;}&#8220;][\/vc_tta_section][vc_tta_section title=&#8220;6. Bilder \u00fcbertragen&#8220; tab_id=&#8220;1519775446476-0ea5d564-2a10&#8243;][vc_column_text]Sobald alle Set-Anforderungen erf\u00fcllt sind (Mindest- und H\u00f6chstanzahl an Bildern, Minimum- und Maximumaufl\u00f6sung der Bilder usw.) k\u00f6nnen die Bilder zur Bearbeitung \u00fcbermittelt werden.[\/vc_column_text][vc_single_image image=&#8220;3242&#8243; css=&#8220;.vc_custom_1520619102393{padding-top: 20px !important;}&#8220;][\/vc_tta_section][vc_tta_section title=&#8220;7. \u00dcberblick behalten&#8220; tab_id=&#8220;1519776057407-182ecaff-0576&#8243;][vc_column_text]W\u00e4hrend Sie auf die Bearbeitung Ihrer Bilder warten, k\u00f6nnen Sie den Status Ihrer Auftr\u00e4ge jederzeit \u00fcber den Orca nachverfolgen.[\/vc_column_text][vc_single_image image=&#8220;3248&#8243; css=&#8220;.vc_custom_1520619119814{padding-top: 20px !important;}&#8220;][\/vc_tta_section][vc_tta_section title=&#8220;8. Bilder herunterladen&#8220; tab_id=&#8220;1519776073694-c0862289-73d6&#8243;][vc_column_text]Sobald Ihre Bilder fertig bearbeitet sind informieren wir Sie hier\u00fcber per E-Mail. Nun k\u00f6nnen Sie sich die bearbeiteten Bilder online im Vorher-Nachher-Vergleich anschauen oder direkt herunterladen.[\/vc_column_text][vc_single_image image=&#8220;3254&#8243; css=&#8220;.vc_custom_1520619139673{padding-top: 20px !important;}&#8220;][\/vc_tta_section][\/vc_tta_tour][\/vc_column][\/vc_row][vc_row full_width=&#8220;stretch_row&#8220; css=&#8220;.vc_custom_1523546960875{background-color: #3d3d3d !important;}&#8220;][vc_column][vc_empty_space height=&#8220;40px&#8220;]<style>.vcex-heading.vcex_69d5a47a48349 .vcex-heading-inner{border-color:#fc9a00;}.vcex-heading.vcex_69d5a47a48349{border-color:#e2e2e2;}<\/style><h2 class=\"vcex-heading vcex-heading-bottom-border-w-color vcex-module wpex-heading wpex-text-2xl wpex-border-b-2 wpex-border-solid wpex-border-main vcex_69d5a47a48349\"><span class=\"vcex-heading-inner wpex-inline-block wpex-relative wpex-pb-5 wpex-border-b-2 wpex-border-solid wpex-border-accent\">Orca-Features<\/span><\/h2>[vc_empty_space height=&#8220;20px&#8220;][vc_column_text]\n<ul>\n<li>Browserbasiert<\/li>\n<li>Sortierung<\/li>\n<li>Umbenennung<\/li>\n<li>Mehrsprachig<\/li>\n<li>Mehrere Produkte \/ Filialen<\/li>\n<li>Mehrere Hintergr\u00fcnde<\/li>\n<\/ul>\n[\/vc_column_text][\/vc_column][\/vc_row]\n<\/div>","protected":false},"excerpt":{"rendered":"<p>[vc_row full_width=&#8220;stretch_row&#8220; gap=&#8220;20&#8243; equal_height=&#8220;yes&#8220; css=&#8220;.vc_custom_1523489545106{padding-top: 40px !important;background-color: #1e1e1e !important;}&#8220;][vc_column width=&#8220;1\/3&#8243; css=&#8220;.vc_custom_1523489613380{border-top-width: 1px !important;border-right-width: 1px !important;border-bottom-width: 1px !important;border-left-width: 1px !important;background-color: #232323 !important;border-left-color: #f1f1f1 !important;border-left-style: solid !important;border-right-color: #f1f1f1 !important;border-right-style: solid !important;border-top-color: #f1f1f1 !important;border-top-style: solid !important;border-bottom-color: #f1f1f1 !important;border-bottom-style: solid !important;border-radius: 5px !important;}&#8220;][\/vc_column][vc_column width=&#8220;1\/3&#8243; css=&#8220;.vc_custom_1523489635351{border-top-width: 1px !important;border-right-width: 1px !important;border-bottom-width: 1px !important;border-left-width: 1px !important;background-color: #232323 !important;border-left-color: #f1f1f1 !important;border-left-style: solid !important;border-right-color:&hellip;<\/p>\n","protected":false},"author":1,"featured_media":525,"parent":0,"menu_order":0,"comment_status":"closed","ping_status":"closed","template":"","meta":{"content-type":"","inline_featured_image":false,"footnotes":""},"class_list":["post-645","page","type-page","status-publish","has-post-thumbnail","hentry","entry","has-media"],"yoast_head":"<!-- This site is optimized with the Yoast SEO plugin v24.0 - https:\/\/yoast.com\/wordpress\/plugins\/seo\/ -->\n<title>Orca - Octopus tools - automotive imagery solutions<\/title>\n<meta name=\"robots\" content=\"index, follow, max-snippet:-1, max-image-preview:large, max-video-preview:-1\" \/>\n<link rel=\"canonical\" href=\"https:\/\/www.octopus.tools\/de\/orca\/\" \/>\n<meta property=\"og:locale\" content=\"de_DE\" \/>\n<meta property=\"og:type\" content=\"article\" \/>\n<meta property=\"og:title\" content=\"Orca - Octopus tools - automotive imagery solutions\" \/>\n<meta property=\"og:description\" content=\"[vc_row full_width=&#8220;stretch_row&#8220; gap=&#8220;20&#8243; equal_height=&#8220;yes&#8220; css=&#8220;.vc_custom_1523489545106{padding-top: 40px !important;background-color: #1e1e1e !important;}&#8220;][vc_column width=&#8220;1\/3&#8243; css=&#8220;.vc_custom_1523489613380{border-top-width: 1px !important;border-right-width: 1px !important;border-bottom-width: 1px !important;border-left-width: 1px !important;background-color: #232323 !important;border-left-color: #f1f1f1 !important;border-left-style: solid !important;border-right-color: #f1f1f1 !important;border-right-style: solid !important;border-top-color: #f1f1f1 !important;border-top-style: solid !important;border-bottom-color: #f1f1f1 !important;border-bottom-style: solid !important;border-radius: 5px !important;}&#8220;][\/vc_column][vc_column width=&#8220;1\/3&#8243; css=&#8220;.vc_custom_1523489635351{border-top-width: 1px !important;border-right-width: 1px !important;border-bottom-width: 1px !important;border-left-width: 1px !important;background-color: #232323 !important;border-left-color: #f1f1f1 !important;border-left-style: solid !important;border-right-color:&hellip;\" \/>\n<meta property=\"og:url\" content=\"https:\/\/www.octopus.tools\/de\/orca\/\" \/>\n<meta property=\"og:site_name\" content=\"Octopus tools - automotive imagery solutions\" \/>\n<meta property=\"article:publisher\" content=\"https:\/\/www.facebook.com\/yoozoo.de\" \/>\n<meta property=\"article:modified_time\" content=\"2023-09-12T11:48:59+00:00\" \/>\n<meta property=\"og:image\" content=\"https:\/\/www.octopus.tools\/wp-content\/uploads\/2018\/04\/social-share-thumb.jpg\" \/>\n\t<meta property=\"og:image:width\" content=\"900\" \/>\n\t<meta property=\"og:image:height\" content=\"900\" \/>\n\t<meta property=\"og:image:type\" content=\"image\/jpeg\" \/>\n<meta name=\"twitter:card\" content=\"summary_large_image\" \/>\n<meta name=\"twitter:site\" content=\"@yoozoo_de\" \/>\n<meta name=\"twitter:label1\" content=\"Gesch\u00e4tzte Lesezeit\" \/>\n\t<meta name=\"twitter:data1\" content=\"6\u00a0Minuten\" \/>\n<script type=\"application\/ld+json\" class=\"yoast-schema-graph\">{\"@context\":\"https:\/\/schema.org\",\"@graph\":[{\"@type\":\"WebPage\",\"@id\":\"https:\/\/www.octopus.tools\/de\/orca\/\",\"url\":\"https:\/\/www.octopus.tools\/de\/orca\/\",\"name\":\"Orca - Octopus tools - automotive imagery solutions\",\"isPartOf\":{\"@id\":\"https:\/\/www.octopus.tools\/de\/#website\"},\"primaryImageOfPage\":{\"@id\":\"https:\/\/www.octopus.tools\/de\/orca\/#primaryimage\"},\"image\":{\"@id\":\"https:\/\/www.octopus.tools\/de\/orca\/#primaryimage\"},\"thumbnailUrl\":\"https:\/\/www.octopus.tools\/wp-content\/uploads\/2017\/11\/logo-orca.svg\",\"datePublished\":\"2018-02-08T15:52:12+00:00\",\"dateModified\":\"2023-09-12T11:48:59+00:00\",\"breadcrumb\":{\"@id\":\"https:\/\/www.octopus.tools\/de\/orca\/#breadcrumb\"},\"inLanguage\":\"de\",\"potentialAction\":[{\"@type\":\"ReadAction\",\"target\":[\"https:\/\/www.octopus.tools\/de\/orca\/\"]}]},{\"@type\":\"ImageObject\",\"inLanguage\":\"de\",\"@id\":\"https:\/\/www.octopus.tools\/de\/orca\/#primaryimage\",\"url\":\"https:\/\/www.octopus.tools\/wp-content\/uploads\/2017\/11\/logo-orca.svg\",\"contentUrl\":\"https:\/\/www.octopus.tools\/wp-content\/uploads\/2017\/11\/logo-orca.svg\"},{\"@type\":\"BreadcrumbList\",\"@id\":\"https:\/\/www.octopus.tools\/de\/orca\/#breadcrumb\",\"itemListElement\":[{\"@type\":\"ListItem\",\"position\":1,\"name\":\"Home\",\"item\":\"https:\/\/www.octopus.tools\/de\/\"},{\"@type\":\"ListItem\",\"position\":2,\"name\":\"Orca\"}]},{\"@type\":\"WebSite\",\"@id\":\"https:\/\/www.octopus.tools\/de\/#website\",\"url\":\"https:\/\/www.octopus.tools\/de\/\",\"name\":\"Octopus tools - automotive imagery solutions\",\"description\":\"yoozoo GmbH software\",\"publisher\":{\"@id\":\"https:\/\/www.octopus.tools\/de\/#organization\"},\"potentialAction\":[{\"@type\":\"SearchAction\",\"target\":{\"@type\":\"EntryPoint\",\"urlTemplate\":\"https:\/\/www.octopus.tools\/de\/?s={search_term_string}\"},\"query-input\":{\"@type\":\"PropertyValueSpecification\",\"valueRequired\":true,\"valueName\":\"search_term_string\"}}],\"inLanguage\":\"de\"},{\"@type\":\"Organization\",\"@id\":\"https:\/\/www.octopus.tools\/de\/#organization\",\"name\":\"Octopus.tools [by yoozoo GmbH]\",\"url\":\"https:\/\/www.octopus.tools\/de\/\",\"logo\":{\"@type\":\"ImageObject\",\"inLanguage\":\"de\",\"@id\":\"https:\/\/www.octopus.tools\/de\/#\/schema\/logo\/image\/\",\"url\":\"https:\/\/www.octopus.tools\/wp-content\/uploads\/2018\/02\/website-octopus-tools-08.svg\",\"contentUrl\":\"https:\/\/www.octopus.tools\/wp-content\/uploads\/2018\/02\/website-octopus-tools-08.svg\",\"caption\":\"Octopus.tools [by yoozoo GmbH]\"},\"image\":{\"@id\":\"https:\/\/www.octopus.tools\/de\/#\/schema\/logo\/image\/\"},\"sameAs\":[\"https:\/\/www.facebook.com\/yoozoo.de\",\"https:\/\/x.com\/yoozoo_de\"]}]}<\/script>\n<!-- \/ Yoast SEO plugin. -->","yoast_head_json":{"title":"Orca - Octopus tools - automotive imagery solutions","robots":{"index":"index","follow":"follow","max-snippet":"max-snippet:-1","max-image-preview":"max-image-preview:large","max-video-preview":"max-video-preview:-1"},"canonical":"https:\/\/www.octopus.tools\/de\/orca\/","og_locale":"de_DE","og_type":"article","og_title":"Orca - Octopus tools - automotive imagery solutions","og_description":"[vc_row full_width=&#8220;stretch_row&#8220; gap=&#8220;20&#8243; equal_height=&#8220;yes&#8220; css=&#8220;.vc_custom_1523489545106{padding-top: 40px !important;background-color: #1e1e1e !important;}&#8220;][vc_column width=&#8220;1\/3&#8243; css=&#8220;.vc_custom_1523489613380{border-top-width: 1px !important;border-right-width: 1px !important;border-bottom-width: 1px !important;border-left-width: 1px !important;background-color: #232323 !important;border-left-color: #f1f1f1 !important;border-left-style: solid !important;border-right-color: #f1f1f1 !important;border-right-style: solid !important;border-top-color: #f1f1f1 !important;border-top-style: solid !important;border-bottom-color: #f1f1f1 !important;border-bottom-style: solid !important;border-radius: 5px !important;}&#8220;][\/vc_column][vc_column width=&#8220;1\/3&#8243; css=&#8220;.vc_custom_1523489635351{border-top-width: 1px !important;border-right-width: 1px !important;border-bottom-width: 1px !important;border-left-width: 1px !important;background-color: #232323 !important;border-left-color: #f1f1f1 !important;border-left-style: solid !important;border-right-color:&hellip;","og_url":"https:\/\/www.octopus.tools\/de\/orca\/","og_site_name":"Octopus tools - automotive imagery solutions","article_publisher":"https:\/\/www.facebook.com\/yoozoo.de","article_modified_time":"2023-09-12T11:48:59+00:00","og_image":[{"width":900,"height":900,"url":"https:\/\/www.octopus.tools\/wp-content\/uploads\/2018\/04\/social-share-thumb.jpg","type":"image\/jpeg"}],"twitter_card":"summary_large_image","twitter_site":"@yoozoo_de","twitter_misc":{"Gesch\u00e4tzte Lesezeit":"6\u00a0Minuten"},"schema":{"@context":"https:\/\/schema.org","@graph":[{"@type":"WebPage","@id":"https:\/\/www.octopus.tools\/de\/orca\/","url":"https:\/\/www.octopus.tools\/de\/orca\/","name":"Orca - Octopus tools - automotive imagery solutions","isPartOf":{"@id":"https:\/\/www.octopus.tools\/de\/#website"},"primaryImageOfPage":{"@id":"https:\/\/www.octopus.tools\/de\/orca\/#primaryimage"},"image":{"@id":"https:\/\/www.octopus.tools\/de\/orca\/#primaryimage"},"thumbnailUrl":"https:\/\/www.octopus.tools\/wp-content\/uploads\/2017\/11\/logo-orca.svg","datePublished":"2018-02-08T15:52:12+00:00","dateModified":"2023-09-12T11:48:59+00:00","breadcrumb":{"@id":"https:\/\/www.octopus.tools\/de\/orca\/#breadcrumb"},"inLanguage":"de","potentialAction":[{"@type":"ReadAction","target":["https:\/\/www.octopus.tools\/de\/orca\/"]}]},{"@type":"ImageObject","inLanguage":"de","@id":"https:\/\/www.octopus.tools\/de\/orca\/#primaryimage","url":"https:\/\/www.octopus.tools\/wp-content\/uploads\/2017\/11\/logo-orca.svg","contentUrl":"https:\/\/www.octopus.tools\/wp-content\/uploads\/2017\/11\/logo-orca.svg"},{"@type":"BreadcrumbList","@id":"https:\/\/www.octopus.tools\/de\/orca\/#breadcrumb","itemListElement":[{"@type":"ListItem","position":1,"name":"Home","item":"https:\/\/www.octopus.tools\/de\/"},{"@type":"ListItem","position":2,"name":"Orca"}]},{"@type":"WebSite","@id":"https:\/\/www.octopus.tools\/de\/#website","url":"https:\/\/www.octopus.tools\/de\/","name":"Octopus tools - automotive imagery solutions","description":"yoozoo GmbH software","publisher":{"@id":"https:\/\/www.octopus.tools\/de\/#organization"},"potentialAction":[{"@type":"SearchAction","target":{"@type":"EntryPoint","urlTemplate":"https:\/\/www.octopus.tools\/de\/?s={search_term_string}"},"query-input":{"@type":"PropertyValueSpecification","valueRequired":true,"valueName":"search_term_string"}}],"inLanguage":"de"},{"@type":"Organization","@id":"https:\/\/www.octopus.tools\/de\/#organization","name":"Octopus.tools [by yoozoo GmbH]","url":"https:\/\/www.octopus.tools\/de\/","logo":{"@type":"ImageObject","inLanguage":"de","@id":"https:\/\/www.octopus.tools\/de\/#\/schema\/logo\/image\/","url":"https:\/\/www.octopus.tools\/wp-content\/uploads\/2018\/02\/website-octopus-tools-08.svg","contentUrl":"https:\/\/www.octopus.tools\/wp-content\/uploads\/2018\/02\/website-octopus-tools-08.svg","caption":"Octopus.tools [by yoozoo GmbH]"},"image":{"@id":"https:\/\/www.octopus.tools\/de\/#\/schema\/logo\/image\/"},"sameAs":["https:\/\/www.facebook.com\/yoozoo.de","https:\/\/x.com\/yoozoo_de"]}]}},"_links":{"self":[{"href":"https:\/\/www.octopus.tools\/de\/wp-json\/wp\/v2\/pages\/645","targetHints":{"allow":["GET"]}}],"collection":[{"href":"https:\/\/www.octopus.tools\/de\/wp-json\/wp\/v2\/pages"}],"about":[{"href":"https:\/\/www.octopus.tools\/de\/wp-json\/wp\/v2\/types\/page"}],"author":[{"embeddable":true,"href":"https:\/\/www.octopus.tools\/de\/wp-json\/wp\/v2\/users\/1"}],"replies":[{"embeddable":true,"href":"https:\/\/www.octopus.tools\/de\/wp-json\/wp\/v2\/comments?post=645"}],"version-history":[{"count":0,"href":"https:\/\/www.octopus.tools\/de\/wp-json\/wp\/v2\/pages\/645\/revisions"}],"wp:featuredmedia":[{"embeddable":true,"href":"https:\/\/www.octopus.tools\/de\/wp-json\/wp\/v2\/media\/525"}],"wp:attachment":[{"href":"https:\/\/www.octopus.tools\/de\/wp-json\/wp\/v2\/media?parent=645"}],"curies":[{"name":"wp","href":"https:\/\/api.w.org\/{rel}","templated":true}]}}