{"id":7176,"date":"2019-06-13T19:35:09","date_gmt":"2019-06-13T19:35:09","guid":{"rendered":"https:\/\/octopus.tools\/?page_id=7176"},"modified":"2025-08-26T13:09:53","modified_gmt":"2025-08-26T12:09:53","slug":"jobs","status":"publish","type":"page","link":"https:\/\/www.octopus.tools\/de\/jobs\/","title":{"rendered":"Jobs"},"content":{"rendered":"<div class=\"wpb-content-wrapper\">[vc_row][vc_column]<style> style=\"height:40px;\"<\/style><div class=\"vcex-spacing wpex-w-100 wpex-clear\" style=\"height:40px;\"><\/div>[vc_column_text css=&#8220;&#8220;]<span style=\"font-weight: 400;\">Die yoozoo GmbH ist Entwickler von L\u00f6sungen und Dienstleistungen, insbesondere im Bereich der Fahrzeugfotografie und Fahrzeugbildbearbeitung, die wir unter der Marke \u201cOctopus.tools\u201d anbieten.<\/span><\/p>\n<p><span style=\"font-weight: 400;\">Unser Hauptprodukt, die Piranha App, wird jeden Monat von mehr als 1000 Kunden aus der Automobilbranche genutzt. Sie unterst\u00fctzt H\u00e4ndler dabei, Fahrzeuge schnell und einfach f\u00fcr die Onlinevermarktung zu fotografieren und manuelle Prozesse zu digitalisieren. Bei der optionalen Bildbearbeitung k\u00f6nnen Kunden zwischen qualitativ hochwertiger, manueller Bildbearbeitung und noch schnellerer, g\u00fcnstigerer Bildbearbeitung per KI (K\u00fcnstlicher Intelligenz) w\u00e4hlen.<\/span><\/p>\n<p><span style=\"font-weight: 400;\">Der Gro\u00dfteil unserer Kunden sitzt in Deutschland, aber auch in 15 weiteren L\u00e4ndern konnten wir bereits Kundenst\u00e4mme aufbauen. F\u00fcr unser weiteres Wachstum \u2013 national und international \u2013 suchen wir zum n\u00e4chstm\u00f6glichen Termin:<\/span>[\/vc_column_text][\/vc_column][\/vc_row][vc_row full_width=&#8220;stretch_row&#8220; css=&#8220;.vc_custom_1708084604194{background-color: #3d3d3d !important;}&#8220;][vc_column]<style> style=\"height:40px;\"<\/style><div class=\"vcex-spacing wpex-w-100 wpex-clear\" style=\"height:40px;\"><\/div><style>.vcex-heading.vcex_69eb80d2eca43 .vcex-heading-inner{border-color:#fc9a00;}<\/style><div class=\"vcex-heading vcex-heading-bottom-border-w-color vcex-module wpex-heading wpex-text-2xl wpex-text-left wpex-border-b-2 wpex-border-solid wpex-border-main vcex_69eb80d2eca43\"><span class=\"vcex-heading-inner wpex-inline-block wpex-relative wpex-pb-5 wpex-border-b-2 wpex-border-solid wpex-border-accent\">Sales Manager B2B (m\/w\/d)<\/span><\/div><style> style=\"height:20px;\"<\/style><div class=\"vcex-spacing wpex-w-100 wpex-clear\" style=\"height:20px;\"><\/div>[vc_column_text css=&#8220;&#8220;]\n<h5><b>Deine Aufgaben:<\/b><\/h5>\n<ul>\n<li style=\"font-weight: 400;\" aria-level=\"1\"><span style=\"font-weight: 400;\">Du \u00fcberzeugst mit deiner Begeisterung und fundierten Kenntnissen Interessent*innen von unseren L\u00f6sungen<\/span><\/li>\n<li style=\"font-weight: 400;\" aria-level=\"1\"><span style=\"font-weight: 400;\">Du bist die erste Ansprechperson f\u00fcr die Interessent*innen, die ihnen mit einem sicheren Auftreten und einer offenen Kommunikation zur Seite steht<\/span><\/li>\n<li style=\"font-weight: 400;\" aria-level=\"1\"><span style=\"font-weight: 400;\">Du akquirierst telefonisch kontinuierlich neue Kund*innen und baust die Beziehung zu unseren Bestandskund*innen auf und aus<\/span><\/li>\n<li style=\"font-weight: 400;\" aria-level=\"1\"><span style=\"font-weight: 400;\">Du erstellst eigenst\u00e4ndig Angebote und begleitest die Kund*innen von Anfang bis Ende als erster Ansprechpartner<\/span><\/li>\n<li style=\"font-weight: 400;\" aria-level=\"1\"><span style=\"font-weight: 400;\">In einem wachsenden Team entwickelst du neue Prozesse und Sales-Workflows aktiv mit<\/span><\/li>\n<li style=\"font-weight: 400;\" aria-level=\"1\"><span style=\"font-weight: 400;\">Du begleitest unsere erfahrenen Sales Manager*innen auf Kundenterminen, Events und Messen und unterst\u00fctzt bei der Vorbereitung von Pr\u00e4sentationen und dem Aufbereiten von Unterlagen<\/span><\/li>\n<li style=\"font-weight: 400;\" aria-level=\"1\"><span style=\"font-weight: 400;\">Durch deinen Input tr\u00e4gst du ma\u00dfgeblich zur zukunftsorientierten Weiterentwicklung unserer innovativen L\u00f6sungen bei<\/span><\/li>\n<\/ul>\n<h5><\/h5>\n<h5><b>Das bringst du mit:<\/b><\/h5>\n<ul>\n<li style=\"font-weight: 400;\" aria-level=\"1\"><span style=\"font-weight: 400;\">Sehr gute Deutschkenntnisse (in Wort und Schrift), sowie gute Englischkenntnisse<\/span><\/li>\n<li style=\"font-weight: 400;\" aria-level=\"1\"><span style=\"font-weight: 400;\">Eine Leidenschaft f\u00fcr den Kundenkontakt und die serviceorientierte Kundenansprache, Spa\u00df am Telefonieren<\/span><\/li>\n<li style=\"font-weight: 400;\" aria-level=\"1\"><span style=\"font-weight: 400;\">Selbst\u00e4ndiges, strukturiertes und l\u00f6sungsorientiertes Arbeiten zeichnet dich aus, du bist proaktiv und \u00fcbernimmst gern Verantwortung<\/span><\/li>\n<li style=\"font-weight: 400;\" aria-level=\"1\"><span style=\"font-weight: 400;\">Du bist ein*e Teamplayer*in und verf\u00fcgst \u00fcber gute Organisationsf\u00e4higkeit und Kommunikationsst\u00e4rke<\/span><\/li>\n<li style=\"font-weight: 400;\" aria-level=\"1\"><span style=\"font-weight: 400;\">Idealerweise kannst du Erfahrungen und Erfolge im Vertrieb vorweisen.\u00a0Wir begr\u00fc\u00dfen auch Quer- und Neueinsteiger*innen, die eine Hands-on-Mentalit\u00e4t mitbringen.<\/span><\/li>\n<\/ul>\n<h5><\/h5>\n<h5><b>Das bieten wir dir:<\/b><\/h5>\n<ul>\n<li style=\"font-weight: 400;\" aria-level=\"1\"><span style=\"font-weight: 400;\">Ein Arbeitsverh\u00e4ltnis in unbefristeter Festanstellung mit der M\u00f6glichkeit der beruflichen Entwicklung<\/span><\/li>\n<li style=\"font-weight: 400;\" aria-level=\"1\"><span style=\"font-weight: 400;\">Du arbeitest bei uns in einem internationalen, engagierten und erfolgreichen Team mit direktem Austausch, viel Eigenverantwortung und Gestaltungsspielraum<\/span><\/li>\n<li style=\"font-weight: 400;\" aria-level=\"1\"><span style=\"font-weight: 400;\">Eine freundliche und offene Arbeitsatmosph\u00e4re mit flachen Hierarchien, kurzen Entscheidungswegen und <\/span><span style=\"font-weight: 400;\">regelm\u00e4\u00dfigen Firmenevents\u00a0<\/span><\/li>\n<li style=\"font-weight: 400;\" aria-level=\"1\"><span style=\"font-weight: 400;\">Ein B\u00fcro in Berlin-Sch\u00f6neberg, flexible Arbeitszeiten und die M\u00f6glichkeit zur Arbeit im Home Office<\/span><\/li>\n<li style=\"font-weight: 400;\" aria-level=\"1\"><span style=\"font-weight: 400;\">Konkurrenzf\u00e4higes Gehalt, nach Probezeit Aussicht auf ungedeckeltes Gehalt<\/span><\/li>\n<li style=\"font-weight: 400;\" aria-level=\"1\"><span style=\"font-weight: 400;\">Zufriedene Kunden! Nat\u00fcrlich l\u00e4uft auch bei uns mal etwas schief, unsere Kund*innen lieben aber unseren schnellen, l\u00f6sungsorientierten und unb\u00fcrokratischen Support<\/span><\/li>\n<\/ul>\n<p>&nbsp;<\/p>\n<p>Haben wir dein Interesse geweckt? Dann freuen wir uns auf deine vollst\u00e4ndigen Bewerbungsunterlagen an <a href=\"mailto:jobs@octopus.tools\">jobs@octopus.tools<\/a>[\/vc_column_text][\/vc_column][vc_column][\/vc_column][\/vc_row]\n<\/div>","protected":false},"excerpt":{"rendered":"<p>[vc_row][vc_column][vc_column_text css=&#8220;&#8220;]Die yoozoo GmbH ist Entwickler von L\u00f6sungen und Dienstleistungen, insbesondere im Bereich der Fahrzeugfotografie und Fahrzeugbildbearbeitung, die wir unter der Marke \u201cOctopus.tools\u201d anbieten. Unser Hauptprodukt, die Piranha App, wird jeden Monat von mehr als 1000 Kunden aus der Automobilbranche genutzt. Sie unterst\u00fctzt H\u00e4ndler dabei, Fahrzeuge schnell und einfach f\u00fcr die Onlinevermarktung zu fotografieren und&hellip;<\/p>\n","protected":false},"author":1,"featured_media":0,"parent":0,"menu_order":0,"comment_status":"closed","ping_status":"closed","template":"","meta":{"content-type":"","inline_featured_image":false,"footnotes":""},"class_list":["post-7176","page","type-page","status-publish","hentry","entry","no-media"],"yoast_head":"<!-- This site is optimized with the Yoast SEO plugin v24.0 - https:\/\/yoast.com\/wordpress\/plugins\/seo\/ -->\n<title>Jobs - Octopus tools - automotive imagery solutions<\/title>\n<meta name=\"robots\" content=\"index, follow, max-snippet:-1, max-image-preview:large, max-video-preview:-1\" \/>\n<link rel=\"canonical\" href=\"https:\/\/www.octopus.tools\/de\/jobs\/\" \/>\n<meta property=\"og:locale\" content=\"de_DE\" \/>\n<meta property=\"og:type\" content=\"article\" \/>\n<meta property=\"og:title\" content=\"Jobs - Octopus tools - automotive imagery solutions\" \/>\n<meta property=\"og:description\" content=\"[vc_row][vc_column][vc_column_text css=&#8220;&#8220;]Die yoozoo GmbH ist Entwickler von L\u00f6sungen und Dienstleistungen, insbesondere im Bereich der Fahrzeugfotografie und Fahrzeugbildbearbeitung, die wir unter der Marke \u201cOctopus.tools\u201d anbieten. Unser Hauptprodukt, die Piranha App, wird jeden Monat von mehr als 1000 Kunden aus der Automobilbranche genutzt. Sie unterst\u00fctzt H\u00e4ndler dabei, Fahrzeuge schnell und einfach f\u00fcr die Onlinevermarktung zu fotografieren und&hellip;\" \/>\n<meta property=\"og:url\" content=\"https:\/\/www.octopus.tools\/de\/jobs\/\" \/>\n<meta property=\"og:site_name\" content=\"Octopus tools - automotive imagery solutions\" \/>\n<meta property=\"article:publisher\" content=\"https:\/\/www.facebook.com\/yoozoo.de\" \/>\n<meta property=\"article:modified_time\" content=\"2025-08-26T12:09:53+00:00\" \/>\n<meta property=\"og:image\" content=\"https:\/\/www.octopus.tools\/wp-content\/uploads\/2018\/04\/social-share-thumb.jpg\" \/>\n\t<meta property=\"og:image:width\" content=\"900\" \/>\n\t<meta property=\"og:image:height\" content=\"900\" \/>\n\t<meta property=\"og:image:type\" content=\"image\/jpeg\" \/>\n<meta name=\"twitter:card\" content=\"summary_large_image\" \/>\n<meta name=\"twitter:site\" content=\"@yoozoo_de\" \/>\n<meta name=\"twitter:label1\" content=\"Gesch\u00e4tzte Lesezeit\" \/>\n\t<meta name=\"twitter:data1\" content=\"2\u00a0Minuten\" \/>\n<script type=\"application\/ld+json\" class=\"yoast-schema-graph\">{\"@context\":\"https:\/\/schema.org\",\"@graph\":[{\"@type\":\"WebPage\",\"@id\":\"https:\/\/www.octopus.tools\/de\/jobs\/\",\"url\":\"https:\/\/www.octopus.tools\/de\/jobs\/\",\"name\":\"Jobs - Octopus tools - automotive imagery solutions\",\"isPartOf\":{\"@id\":\"https:\/\/www.octopus.tools\/de\/#website\"},\"datePublished\":\"2019-06-13T19:35:09+00:00\",\"dateModified\":\"2025-08-26T12:09:53+00:00\",\"breadcrumb\":{\"@id\":\"https:\/\/www.octopus.tools\/de\/jobs\/#breadcrumb\"},\"inLanguage\":\"de\",\"potentialAction\":[{\"@type\":\"ReadAction\",\"target\":[\"https:\/\/www.octopus.tools\/de\/jobs\/\"]}]},{\"@type\":\"BreadcrumbList\",\"@id\":\"https:\/\/www.octopus.tools\/de\/jobs\/#breadcrumb\",\"itemListElement\":[{\"@type\":\"ListItem\",\"position\":1,\"name\":\"Home\",\"item\":\"https:\/\/www.octopus.tools\/de\/\"},{\"@type\":\"ListItem\",\"position\":2,\"name\":\"Jobs\"}]},{\"@type\":\"WebSite\",\"@id\":\"https:\/\/www.octopus.tools\/de\/#website\",\"url\":\"https:\/\/www.octopus.tools\/de\/\",\"name\":\"Octopus tools - automotive imagery solutions\",\"description\":\"yoozoo GmbH software\",\"publisher\":{\"@id\":\"https:\/\/www.octopus.tools\/de\/#organization\"},\"potentialAction\":[{\"@type\":\"SearchAction\",\"target\":{\"@type\":\"EntryPoint\",\"urlTemplate\":\"https:\/\/www.octopus.tools\/de\/?s={search_term_string}\"},\"query-input\":{\"@type\":\"PropertyValueSpecification\",\"valueRequired\":true,\"valueName\":\"search_term_string\"}}],\"inLanguage\":\"de\"},{\"@type\":\"Organization\",\"@id\":\"https:\/\/www.octopus.tools\/de\/#organization\",\"name\":\"Octopus.tools [by yoozoo GmbH]\",\"url\":\"https:\/\/www.octopus.tools\/de\/\",\"logo\":{\"@type\":\"ImageObject\",\"inLanguage\":\"de\",\"@id\":\"https:\/\/www.octopus.tools\/de\/#\/schema\/logo\/image\/\",\"url\":\"https:\/\/www.octopus.tools\/wp-content\/uploads\/2018\/02\/website-octopus-tools-08.svg\",\"contentUrl\":\"https:\/\/www.octopus.tools\/wp-content\/uploads\/2018\/02\/website-octopus-tools-08.svg\",\"caption\":\"Octopus.tools [by yoozoo GmbH]\"},\"image\":{\"@id\":\"https:\/\/www.octopus.tools\/de\/#\/schema\/logo\/image\/\"},\"sameAs\":[\"https:\/\/www.facebook.com\/yoozoo.de\",\"https:\/\/x.com\/yoozoo_de\"]}]}<\/script>\n<!-- \/ Yoast SEO plugin. -->","yoast_head_json":{"title":"Jobs - Octopus tools - automotive imagery solutions","robots":{"index":"index","follow":"follow","max-snippet":"max-snippet:-1","max-image-preview":"max-image-preview:large","max-video-preview":"max-video-preview:-1"},"canonical":"https:\/\/www.octopus.tools\/de\/jobs\/","og_locale":"de_DE","og_type":"article","og_title":"Jobs - Octopus tools - automotive imagery solutions","og_description":"[vc_row][vc_column][vc_column_text css=&#8220;&#8220;]Die yoozoo GmbH ist Entwickler von L\u00f6sungen und Dienstleistungen, insbesondere im Bereich der Fahrzeugfotografie und Fahrzeugbildbearbeitung, die wir unter der Marke \u201cOctopus.tools\u201d anbieten. Unser Hauptprodukt, die Piranha App, wird jeden Monat von mehr als 1000 Kunden aus der Automobilbranche genutzt. Sie unterst\u00fctzt H\u00e4ndler dabei, Fahrzeuge schnell und einfach f\u00fcr die Onlinevermarktung zu fotografieren und&hellip;","og_url":"https:\/\/www.octopus.tools\/de\/jobs\/","og_site_name":"Octopus tools - automotive imagery solutions","article_publisher":"https:\/\/www.facebook.com\/yoozoo.de","article_modified_time":"2025-08-26T12:09:53+00:00","og_image":[{"width":900,"height":900,"url":"https:\/\/www.octopus.tools\/wp-content\/uploads\/2018\/04\/social-share-thumb.jpg","type":"image\/jpeg"}],"twitter_card":"summary_large_image","twitter_site":"@yoozoo_de","twitter_misc":{"Gesch\u00e4tzte Lesezeit":"2\u00a0Minuten"},"schema":{"@context":"https:\/\/schema.org","@graph":[{"@type":"WebPage","@id":"https:\/\/www.octopus.tools\/de\/jobs\/","url":"https:\/\/www.octopus.tools\/de\/jobs\/","name":"Jobs - Octopus tools - automotive imagery solutions","isPartOf":{"@id":"https:\/\/www.octopus.tools\/de\/#website"},"datePublished":"2019-06-13T19:35:09+00:00","dateModified":"2025-08-26T12:09:53+00:00","breadcrumb":{"@id":"https:\/\/www.octopus.tools\/de\/jobs\/#breadcrumb"},"inLanguage":"de","potentialAction":[{"@type":"ReadAction","target":["https:\/\/www.octopus.tools\/de\/jobs\/"]}]},{"@type":"BreadcrumbList","@id":"https:\/\/www.octopus.tools\/de\/jobs\/#breadcrumb","itemListElement":[{"@type":"ListItem","position":1,"name":"Home","item":"https:\/\/www.octopus.tools\/de\/"},{"@type":"ListItem","position":2,"name":"Jobs"}]},{"@type":"WebSite","@id":"https:\/\/www.octopus.tools\/de\/#website","url":"https:\/\/www.octopus.tools\/de\/","name":"Octopus tools - automotive imagery solutions","description":"yoozoo GmbH software","publisher":{"@id":"https:\/\/www.octopus.tools\/de\/#organization"},"potentialAction":[{"@type":"SearchAction","target":{"@type":"EntryPoint","urlTemplate":"https:\/\/www.octopus.tools\/de\/?s={search_term_string}"},"query-input":{"@type":"PropertyValueSpecification","valueRequired":true,"valueName":"search_term_string"}}],"inLanguage":"de"},{"@type":"Organization","@id":"https:\/\/www.octopus.tools\/de\/#organization","name":"Octopus.tools [by yoozoo GmbH]","url":"https:\/\/www.octopus.tools\/de\/","logo":{"@type":"ImageObject","inLanguage":"de","@id":"https:\/\/www.octopus.tools\/de\/#\/schema\/logo\/image\/","url":"https:\/\/www.octopus.tools\/wp-content\/uploads\/2018\/02\/website-octopus-tools-08.svg","contentUrl":"https:\/\/www.octopus.tools\/wp-content\/uploads\/2018\/02\/website-octopus-tools-08.svg","caption":"Octopus.tools [by yoozoo GmbH]"},"image":{"@id":"https:\/\/www.octopus.tools\/de\/#\/schema\/logo\/image\/"},"sameAs":["https:\/\/www.facebook.com\/yoozoo.de","https:\/\/x.com\/yoozoo_de"]}]}},"_links":{"self":[{"href":"https:\/\/www.octopus.tools\/de\/wp-json\/wp\/v2\/pages\/7176","targetHints":{"allow":["GET"]}}],"collection":[{"href":"https:\/\/www.octopus.tools\/de\/wp-json\/wp\/v2\/pages"}],"about":[{"href":"https:\/\/www.octopus.tools\/de\/wp-json\/wp\/v2\/types\/page"}],"author":[{"embeddable":true,"href":"https:\/\/www.octopus.tools\/de\/wp-json\/wp\/v2\/users\/1"}],"replies":[{"embeddable":true,"href":"https:\/\/www.octopus.tools\/de\/wp-json\/wp\/v2\/comments?post=7176"}],"version-history":[{"count":12,"href":"https:\/\/www.octopus.tools\/de\/wp-json\/wp\/v2\/pages\/7176\/revisions"}],"predecessor-version":[{"id":27270,"href":"https:\/\/www.octopus.tools\/de\/wp-json\/wp\/v2\/pages\/7176\/revisions\/27270"}],"wp:attachment":[{"href":"https:\/\/www.octopus.tools\/de\/wp-json\/wp\/v2\/media?parent=7176"}],"curies":[{"name":"wp","href":"https:\/\/api.w.org\/{rel}","templated":true}]}}