{"id":13589,"date":"2022-03-15T12:51:18","date_gmt":"2022-03-15T12:51:18","guid":{"rendered":"https:\/\/octopus.tools\/video\/"},"modified":"2022-11-15T13:20:51","modified_gmt":"2022-11-15T13:20:51","slug":"video","status":"publish","type":"page","link":"https:\/\/www.octopus.tools\/es\/video\/","title":{"rendered":"V\u00eddeo"},"content":{"rendered":"<div class=\"wpb-content-wrapper\">[vc_row remove_bottom_col_margin=\u00bbtrue\u00bb][vc_column]<div class=\"templatera_shortcode\"><style type=\"text\/css\" data-type=\"vc_shortcodes-custom-css\">.vc_custom_1593697701051{background-color: #1e1e1e !important;}<\/style><div data-vc-full-width=\"true\" data-vc-full-width-init=\"false\" class=\"vc_row wpb_row vc_row-fluid vc_custom_1593697701051 wpex-vc_row-has-fill wpex-vc-row-stretched no-bottom-margins\"><div class=\"wpb_column vc_column_container vc_col-sm-12\"><div class=\"vc_column-inner\"><div class=\"wpb_wrapper\"><style> style=\"height:40px;\"<\/style><div class=\"vcex-spacing wpex-w-100 wpex-clear\" style=\"height:40px;\"><\/div><style>.vcex-heading.vcex_69deb27fa970c .vcex-heading-inner{border-color:#fc9a00;}.vcex-heading.vcex_69deb27fa970c{border-color:#e2e2e2;}<\/style><h1 class=\"vcex-heading vcex-heading-bottom-border-w-color vcex-module wpex-heading wpex-text-2xl wpex-border-b-2 wpex-border-solid wpex-border-main vcex_69deb27fa970c\"><span class=\"vcex-heading-inner wpex-inline-block wpex-relative wpex-pb-5 wpex-border-b-2 wpex-border-solid wpex-border-accent\">Caracter\u00edsticas de la aplicaci\u00f3n Piranha<\/span><\/h1><style> style=\"height:20px;\"<\/style><div class=\"vcex-spacing wpex-w-100 wpex-clear\" style=\"height:20px;\"><\/div>\n\t<div class=\"wpb_text_column wpb_content_element\" >\n\t\t<div class=\"wpb_wrapper\">\n\t\t\t<div class=\"wpb_text_column wpb_content_element \">\n<div class=\"wpb_wrapper\">\n<p>Piranha ahora te permite tomar\u00a0<a href=\"https:\/\/www.octopus.tools\/es\/piranha\/\">fotos<\/a>,\u00a0<a href=\"https:\/\/www.octopus.tools\/es\/360-spins\/\">360\u00b0 Spins<\/a>\u00a0e\u00a0<a href=\"https:\/\/www.octopus.tools\/360-interior\/\">360\u00b0 Interiors<\/a> y grabar <a href=\"https:\/\/www.octopus.tools\/es\/video\/\">Videos<\/a>, todo con la misma aplicaci\u00f3n. Si desea brindar transparencia a sus clientes potenciales y mostrarles los veh\u00edculos con todo detalle, tanto en el interior como en el exterior, nuestra aplicaci\u00f3n Piranha es su soluci\u00f3n.<\/div>\n<\/div>\n\n\t\t<\/div>\n\t<\/div>\n<style> style=\"height:20px;\"<\/style><div class=\"vcex-spacing wpex-w-100 wpex-clear\" style=\"height:20px;\"><\/div><\/div><\/div><\/div><\/div><div class=\"vc_row-full-width vc_clearfix\"><\/div>\r\n<\/div><style> style=\"height:40px;\"<\/style><div class=\"vcex-spacing wpex-w-100 wpex-clear\" style=\"height:40px;\"><\/div>[\/vc_column][\/vc_row][vc_row remove_bottom_col_margin=\u00bbtrue\u00bb][vc_column offset=\u00bbvc_hidden-lg vc_hidden-md vc_hidden-sm\u00bb][vc_wp_custommenu nav_menu=\u00bb1780&#8243; el_class=\u00bbpiranha-subnav-mobile\u00bb][\/vc_column][\/vc_row][vc_row remove_bottom_col_margin=\u00bbtrue\u00bb][vc_column offset=\u00bbvc_hidden-xs\u00bb][vc_wp_custommenu nav_menu=\u00bb1780&#8243; el_class=\u00bbpiranha-subnav\u00bb][\/vc_column][\/vc_row][vc_row full_width=\u00bbstretch_row\u00bb css=\u00bb.vc_custom_1637073373917{background-color: #3d3d3d !important;}\u00bb][vc_column]<style> style=\"height:40px;\"<\/style><div class=\"vcex-spacing wpex-w-100 wpex-clear\" style=\"height:40px;\"><\/div><style>.vcex-heading.vcex_69deb27fac35a .vcex-heading-inner{border-color:#fc9a00;}.vcex-heading.vcex_69deb27fac35a{border-color:#e2e2e2;}<\/style><h2 class=\"vcex-heading vcex-heading-bottom-border-w-color vcex-module wpex-heading wpex-text-2xl vc_custom_1643113455375 wpex-border-b-2 wpex-border-solid wpex-border-main vcex_69deb27fac35a\"><span class=\"vcex-heading-inner wpex-inline-block wpex-relative wpex-pb-5 wpex-border-b-2 wpex-border-solid wpex-border-accent\">V\u00eddeos reales en vez de presentaciones de diapositivas<\/span><\/h2>[vc_column_text]En cuanto al tema de v\u00eddeos en el sector de la automoci\u00f3n, estos sol\u00edan ser simplemente presentaciones de diapositivas: im\u00e1genes existentes de un veh\u00edculo presentadas de forma consecutiva, a veces acompa\u00f1adas por m\u00fasica y\/o informaci\u00f3n adicional sobre este en forma de texto. Una funci\u00f3n que ofrecen muchos proveedores de sistemas y plataformas, pero que no aporta ning\u00fan valor agregado al espectador. Grabar v\u00eddeos reales, editarlos y publicarlos, adem\u00e1s de manejar grandes cantidades de datos, sol\u00eda ser poco pr\u00e1ctico y requerir demasiado esfuerzo.<\/p>\n<p>A partir de ahora es muy sencillo: con la ayuda de la Piranha App ahora solo hace falta grabar varios v\u00eddeos cortos, los cuales son editados autom\u00e1ticamente al ritmo de la m\u00fasica y combinados con efectos de transici\u00f3n, as\u00ed como con una introducci\u00f3n y un final. El v\u00eddeo terminado proporciona a los clientes potenciales una mirada m\u00e1s clara y precisa del veh\u00edculo.[\/vc_column_text]<style> style=\"height:20px;\"<\/style><div class=\"vcex-spacing wpex-w-100 wpex-clear\" style=\"height:20px;\"><\/div>[vc_video link=\u00bbhttps:\/\/www.youtube.com\/watch?v=rdWSF2-Uwbs\u00bb el_class=\u00bbvideo-border\u00bb css=\u00bb.vc_custom_1643112282864{border: 10px solid #000000 !important;}\u00bb][\/vc_column][\/vc_row][vc_row full_width=\u00bbstretch_row\u00bb][vc_column]<style> style=\"height:40px;\"<\/style><div class=\"vcex-spacing wpex-w-100 wpex-clear\" style=\"height:40px;\"><\/div><style>.vcex-heading.vcex_69deb27fac744 .vcex-heading-inner{border-color:#fc9a00;}.vcex-heading.vcex_69deb27fac744{border-color:#e2e2e2;}<\/style><h2 class=\"vcex-heading vcex-heading-bottom-border-w-color vcex-module wpex-heading wpex-text-2xl vc_custom_1643113518718 wpex-border-b-2 wpex-border-solid wpex-border-main vcex_69deb27fac744\"><span class=\"vcex-heading-inner wpex-inline-block wpex-relative wpex-pb-5 wpex-border-b-2 wpex-border-solid wpex-border-accent\">\u00a1Y\u2026 acci\u00f3n!<\/span><\/h2>[vc_column_text]Cree su propio guion combinando cortos clips en un v\u00eddeo individualizado de su producto. As\u00ed puede mostrar al cliente el veh\u00edculo de forma virtual como lo har\u00eda si estuviera en su sala de exposici\u00f3n.<br \/>\nComo toque final, puede agregar una superposici\u00f3n personalizada con la marca del veh\u00edculo, informaci\u00f3n de contacto y m\u00e1s. Con gusto le ayudaremos a crear su producto personalizado.[\/vc_column_text]<style> style=\"height:20px;\"<\/style><div class=\"vcex-spacing wpex-w-100 wpex-clear\" style=\"height:20px;\"><\/div>[vc_row_inner remove_bottom_col_margin=\u00bbtrue\u00bb][vc_column_inner width=\u00bb1\/2&#8243;][vc_video link=\u00bbhttps:\/\/youtu.be\/s7w1Nqc4bio\u00bb el_class=\u00bbvideo-border\u00bb css=\u00bb.vc_custom_1643112313599{border: 10px solid #000000 !important;}\u00bb][vc_column_text css=\u00bb.vc_custom_1643112370213{padding-top: 0px !important;padding-right: 10px !important;padding-bottom: 6px !important;padding-left: 10px !important;background-color: #0a0a0a !important;}\u00bb color=\u00bb#ffffff\u00bb text_align=\u00bbleft\u00bb width=\u00bbauto\u00bb]v\u00eddeo corto[\/vc_column_text][\/vc_column_inner][vc_column_inner width=\u00bb1\/2&#8243;][vc_video link=\u00bbhttps:\/\/youtu.be\/lNzF-r8NEF0&#8243; el_class=\u00bbvideo-border\u00bb css=\u00bb.vc_custom_1643112354864{border: 10px solid #000000 !important;}\u00bb][vc_column_text css=\u00bb.vc_custom_1643112364250{padding-top: 0px !important;padding-right: 10px !important;padding-bottom: 6px !important;padding-left: 10px !important;background-color: #0a0a0a !important;}\u00bb color=\u00bb#ffffff\u00bb text_align=\u00bbright\u00bb]v\u00eddeo largo[\/vc_column_text][\/vc_column_inner][\/vc_row_inner]<style> style=\"height:20px;\"<\/style><div class=\"vcex-spacing wpex-w-100 wpex-clear\" style=\"height:20px;\"><\/div><div class=\"vc_custom_1647352378056 wpex-clr\"><div class=\"theme-button-wrap textcenter theme-button-block-wrap wpex-block wpex-clear wpex-clr\"><a href=\"\/es\/video-cartridges\" class=\"vcex-button theme-button large align-center block wpex-flex-shrink-0\" style=\"background:#fc9a00;padding-top:15px;padding-right:0px;padding-bottom:15px;padding-left:0px;color:#f2f2f2;width:300px;\" data-wpex-hover='{&quot;background&quot;:&quot;#f48e00&quot;}' target=\"_blank\" rel=\"noopener noreferrer\"><span class=\"vcex-button-inner theme-button-inner\">mostrar v\u00eddeoclips<\/span><\/a><\/div><\/div> [\/vc_column][\/vc_row][vc_row full_width=\u00bbstretch_row\u00bb css=\u00bb.vc_custom_1642411686032{background-color: #3d3d3d !important;}\u00bb][vc_column]<style> style=\"height:40px;\"<\/style><div class=\"vcex-spacing wpex-w-100 wpex-clear\" style=\"height:40px;\"><\/div><style>.vcex-heading.vcex_69deb27fad155 .vcex-heading-inner{border-color:#fc9a00;}.vcex-heading.vcex_69deb27fad155{border-color:#e2e2e2;}<\/style><h2 class=\"vcex-heading vcex-heading-bottom-border-w-color vcex-module wpex-heading wpex-text-2xl vc_custom_1643115161943 wpex-border-b-2 wpex-border-solid wpex-border-main vcex_69deb27fad155\"><span class=\"vcex-heading-inner wpex-inline-block wpex-relative wpex-pb-5 wpex-border-b-2 wpex-border-solid wpex-border-accent\">Establezca una conexi\u00f3n emocional a trav\u00e9s de la m\u00fasica<\/span><\/h2>[vc_column_text]La venta de veh\u00edculos es realizada a trav\u00e9s de las emociones. <a href=\"https:\/\/www.nielsen.com\/us\/en\/insights\/article\/2015\/i-second-that-emotion-the-emotive-power-of-music-in-advertising\/\">Estudios<\/a> demuestran que la m\u00fasica desempe\u00f1a un papel muy importante en crear esas emociones, y que la publicidad funciona mejor con m\u00fasica que sin ella. Con nuestra funci\u00f3n de v\u00eddeo puede llegar a los clientes por medio de estas sensaciones. Solo tiene que elegir la m\u00fasica de fondo adecuada para sus v\u00eddeos en nuestra audioteca.<br \/>\n\u00bfYa cuenta con su propia melod\u00eda o m\u00fasica que usa en su publicidad? Por favor p\u00f3ngase en contacto con nuestro equipo de soporte y verificaremos si es posible utilizarla para crear sus v\u00eddeos.[\/vc_column_text]<style> style=\"height:20px;\"<\/style><div class=\"vcex-spacing wpex-w-100 wpex-clear\" style=\"height:20px;\"><\/div><div class=\"vc_custom_1647352401183 wpex-clr\"><div class=\"theme-button-wrap textcenter theme-button-block-wrap wpex-block wpex-clear wpex-clr\"><a href=\"\/es\/audioteca\/\" class=\"vcex-button theme-button clean large align-center block wpex-flex-shrink-0\" style=\"background:#fc9a00;padding-top:15px;padding-right:0px;padding-bottom:15px;padding-left:0px;color:#f2f2f2;border:0;width:300px;\" data-wpex-hover='{&quot;background&quot;:&quot;#f48e00&quot;}' target=\"_blank\" rel=\"noopener noreferrer\"><span class=\"vcex-button-inner theme-button-inner\">mostrar audioteca<\/span><\/a><\/div><\/div> [\/vc_column][\/vc_row][vc_row full_width=\u00bbstretch_row\u00bb css=\u00bb.vc_custom_1668518447118{background-color: #1e1e1e !important;}\u00bb][vc_column]<div class=\"templatera_shortcode\"><div class=\"vc_row wpb_row vc_row-fluid no-bottom-margins\"><div class=\"wpb_column vc_column_container vc_col-sm-12\"><div class=\"vc_column-inner\"><div class=\"wpb_wrapper\"><div class=\"vc_empty_space\"   style=\"height: 40px\"><span class=\"vc_empty_space_inner\"><\/span><\/div><style>.vcex-heading.vcex_69deb27fae24d .vcex-heading-inner{border-color:#fc9a00;}.vcex-heading.vcex_69deb27fae24d{border-color:#e2e2e2;}<\/style><h2 class=\"vcex-heading vcex-heading-bottom-border-w-color vcex-module wpex-heading wpex-text-2xl wpex-border-b-2 wpex-border-solid wpex-border-main vcex_69deb27fae24d\"><span class=\"vcex-heading-inner wpex-inline-block wpex-relative wpex-pb-5 wpex-border-b-2 wpex-border-solid wpex-border-accent\">Enlaces de descarga de la App Piranha<\/span><\/h2><div class=\"vc_empty_space\"   style=\"height: 20px\"><span class=\"vc_empty_space_inner\"><\/span><\/div><div class=\"vc_row wpb_row vc_inner vc_row-fluid vc_column-gap-10\"><div class=\"wpb_column vc_column_container vc_col-sm-4\"><div class=\"vc_column-inner\"><div class=\"wpb_wrapper\">\n\t<div  class=\"wpb_single_image wpb_content_element vc_align_ wpb_content_element\">\n\t\t\n\t\t<figure class=\"wpb_wrapper vc_figure\">\n\t\t\t<a href=\"https:\/\/play.google.com\/store\/apps\/details?id=tools.octopus.piranha\" target=\"_blank\" class=\"vc_single_image-wrapper wpex-image-hover opacity   vc_box_border_grey\"><img width=\"452\" height=\"136\" src=\"https:\/\/www.octopus.tools\/wp-content\/uploads\/2018\/03\/app-dl-android.png\" class=\"vc_single_image-img attachment-full\" alt=\"\" title=\"app-dl-android\" srcset=\"https:\/\/www.octopus.tools\/wp-content\/uploads\/2018\/03\/app-dl-android.png 452w, https:\/\/www.octopus.tools\/wp-content\/uploads\/2018\/03\/app-dl-android-150x45.png 150w, https:\/\/www.octopus.tools\/wp-content\/uploads\/2018\/03\/app-dl-android-300x90.png 300w\" sizes=\"(max-width: 452px) 100vw, 452px\" \/><\/a>\n\t\t<\/figure>\n\t<\/div>\n<\/div><\/div><\/div><div class=\"wpb_column vc_column_container vc_col-sm-4\"><div class=\"vc_column-inner\"><div class=\"wpb_wrapper\">\n\t<div  class=\"wpb_single_image wpb_content_element vc_align_ wpb_content_element\">\n\t\t\n\t\t<figure class=\"wpb_wrapper vc_figure\">\n\t\t\t<a href=\"https:\/\/itunes.apple.com\/de\/app\/piranha-app\/id1370806374\" target=\"_blank\" class=\"vc_single_image-wrapper wpex-image-hover opacity   vc_box_border_grey\"><img width=\"452\" height=\"136\" src=\"https:\/\/www.octopus.tools\/wp-content\/uploads\/2018\/03\/app-dl-ios.png\" class=\"vc_single_image-img attachment-full\" alt=\"\" title=\"app-dl-ios\" srcset=\"https:\/\/www.octopus.tools\/wp-content\/uploads\/2018\/03\/app-dl-ios.png 452w, https:\/\/www.octopus.tools\/wp-content\/uploads\/2018\/03\/app-dl-ios-150x45.png 150w, https:\/\/www.octopus.tools\/wp-content\/uploads\/2018\/03\/app-dl-ios-300x90.png 300w\" sizes=\"(max-width: 452px) 100vw, 452px\" \/><\/a>\n\t\t<\/figure>\n\t<\/div>\n<\/div><\/div><\/div><div class=\"wpb_column vc_column_container vc_col-sm-4\"><div class=\"vc_column-inner\"><div class=\"wpb_wrapper\">\n\t<div  class=\"wpb_single_image wpb_content_element vc_align_ wpb_content_element\">\n\t\t\n\t\t<figure class=\"wpb_wrapper vc_figure\">\n\t\t\t<a href=\"https:\/\/appgallery.huawei.com\/#\/app\/C103541489\" target=\"_blank\" class=\"vc_single_image-wrapper wpex-image-hover opacity   vc_box_border_grey\"><img width=\"452\" height=\"136\" src=\"https:\/\/www.octopus.tools\/wp-content\/uploads\/2021\/12\/app-dl-huawei.png\" class=\"vc_single_image-img attachment-full\" alt=\"\" title=\"app-dl-huawei\" srcset=\"https:\/\/www.octopus.tools\/wp-content\/uploads\/2021\/12\/app-dl-huawei.png 452w, https:\/\/www.octopus.tools\/wp-content\/uploads\/2021\/12\/app-dl-huawei-300x90.png 300w, https:\/\/www.octopus.tools\/wp-content\/uploads\/2021\/12\/app-dl-huawei-150x45.png 150w, https:\/\/www.octopus.tools\/wp-content\/uploads\/2021\/12\/app-dl-huawei-100x30.png 100w\" sizes=\"(max-width: 452px) 100vw, 452px\" \/><\/a>\n\t\t<\/figure>\n\t<\/div>\n<\/div><\/div><\/div><\/div><\/div><\/div><\/div><\/div>\r\n<\/div>[\/vc_column][\/vc_row]\n<\/div>","protected":false},"excerpt":{"rendered":"Caracter\u00edsticas de la aplicaci\u00f3n Piranha Piranha ahora te permite tomar\u00a0fotos,\u00a0360\u00b0 Spins\u00a0e\u00a0360\u00b0 Interiors y grabar Videos, todo con la misma aplicaci\u00f3n. Si desea brindar transparencia a sus clientes potenciales y mostrarles los veh\u00edculos con todo detalle, tanto en el interior como en el exterior, nuestra aplicaci\u00f3n Piranha es su soluci\u00f3n. Foto V\u00eddeo 360\u00b0 Spin 360\u00ba Interior&hellip;","protected":false},"author":11,"featured_media":0,"parent":0,"menu_order":0,"comment_status":"closed","ping_status":"closed","template":"","meta":{"content-type":"","inline_featured_image":false,"footnotes":""},"class_list":["post-13589","page","type-page","status-publish","hentry","entry","no-media"],"yoast_head":"<!-- This site is optimized with the Yoast SEO plugin v24.0 - https:\/\/yoast.com\/wordpress\/plugins\/seo\/ -->\n<title>V\u00eddeo - Octopus tools - automotive imagery solutions<\/title>\n<meta name=\"robots\" content=\"index, follow, max-snippet:-1, max-image-preview:large, max-video-preview:-1\" \/>\n<link rel=\"canonical\" href=\"https:\/\/www.octopus.tools\/es\/video\/\" \/>\n<meta property=\"og:locale\" content=\"es_ES\" \/>\n<meta property=\"og:type\" content=\"article\" \/>\n<meta property=\"og:title\" content=\"V\u00eddeo - Octopus tools - automotive imagery solutions\" \/>\n<meta property=\"og:url\" content=\"https:\/\/www.octopus.tools\/es\/video\/\" \/>\n<meta property=\"og:site_name\" content=\"Octopus tools - automotive imagery solutions\" \/>\n<meta property=\"article:publisher\" content=\"https:\/\/www.facebook.com\/yoozoo.de\" \/>\n<meta property=\"article:modified_time\" content=\"2022-11-15T13:20:51+00:00\" \/>\n<meta property=\"og:image\" content=\"https:\/\/www.octopus.tools\/wp-content\/uploads\/2018\/04\/social-share-thumb.jpg\" \/>\n\t<meta property=\"og:image:width\" content=\"900\" \/>\n\t<meta property=\"og:image:height\" content=\"900\" \/>\n\t<meta property=\"og:image:type\" content=\"image\/jpeg\" \/>\n<meta name=\"twitter:card\" content=\"summary_large_image\" \/>\n<meta name=\"twitter:site\" content=\"@yoozoo_de\" \/>\n<meta name=\"twitter:label1\" content=\"Tiempo de lectura\" \/>\n\t<meta name=\"twitter:data1\" content=\"5 minutos\" \/>\n<script type=\"application\/ld+json\" class=\"yoast-schema-graph\">{\"@context\":\"https:\/\/schema.org\",\"@graph\":[{\"@type\":\"WebPage\",\"@id\":\"https:\/\/www.octopus.tools\/es\/video\/\",\"url\":\"https:\/\/www.octopus.tools\/es\/video\/\",\"name\":\"V\u00eddeo - Octopus tools - automotive imagery solutions\",\"isPartOf\":{\"@id\":\"https:\/\/www.octopus.tools\/es\/#website\"},\"datePublished\":\"2022-03-15T12:51:18+00:00\",\"dateModified\":\"2022-11-15T13:20:51+00:00\",\"breadcrumb\":{\"@id\":\"https:\/\/www.octopus.tools\/es\/video\/#breadcrumb\"},\"inLanguage\":\"es\",\"potentialAction\":[{\"@type\":\"ReadAction\",\"target\":[\"https:\/\/www.octopus.tools\/es\/video\/\"]}]},{\"@type\":\"BreadcrumbList\",\"@id\":\"https:\/\/www.octopus.tools\/es\/video\/#breadcrumb\",\"itemListElement\":[{\"@type\":\"ListItem\",\"position\":1,\"name\":\"Home\",\"item\":\"https:\/\/www.octopus.tools\/es\/\"},{\"@type\":\"ListItem\",\"position\":2,\"name\":\"V\u00eddeo\"}]},{\"@type\":\"WebSite\",\"@id\":\"https:\/\/www.octopus.tools\/es\/#website\",\"url\":\"https:\/\/www.octopus.tools\/es\/\",\"name\":\"Octopus tools - automotive imagery solutions\",\"description\":\"yoozoo GmbH software\",\"publisher\":{\"@id\":\"https:\/\/www.octopus.tools\/es\/#organization\"},\"potentialAction\":[{\"@type\":\"SearchAction\",\"target\":{\"@type\":\"EntryPoint\",\"urlTemplate\":\"https:\/\/www.octopus.tools\/es\/?s={search_term_string}\"},\"query-input\":{\"@type\":\"PropertyValueSpecification\",\"valueRequired\":true,\"valueName\":\"search_term_string\"}}],\"inLanguage\":\"es\"},{\"@type\":\"Organization\",\"@id\":\"https:\/\/www.octopus.tools\/es\/#organization\",\"name\":\"Octopus.tools [by yoozoo GmbH]\",\"url\":\"https:\/\/www.octopus.tools\/es\/\",\"logo\":{\"@type\":\"ImageObject\",\"inLanguage\":\"es\",\"@id\":\"https:\/\/www.octopus.tools\/es\/#\/schema\/logo\/image\/\",\"url\":\"https:\/\/www.octopus.tools\/wp-content\/uploads\/2018\/02\/website-octopus-tools-08.svg\",\"contentUrl\":\"https:\/\/www.octopus.tools\/wp-content\/uploads\/2018\/02\/website-octopus-tools-08.svg\",\"caption\":\"Octopus.tools [by yoozoo GmbH]\"},\"image\":{\"@id\":\"https:\/\/www.octopus.tools\/es\/#\/schema\/logo\/image\/\"},\"sameAs\":[\"https:\/\/www.facebook.com\/yoozoo.de\",\"https:\/\/x.com\/yoozoo_de\"]}]}<\/script>\n<!-- \/ Yoast SEO plugin. -->","yoast_head_json":{"title":"V\u00eddeo - Octopus tools - automotive imagery solutions","robots":{"index":"index","follow":"follow","max-snippet":"max-snippet:-1","max-image-preview":"max-image-preview:large","max-video-preview":"max-video-preview:-1"},"canonical":"https:\/\/www.octopus.tools\/es\/video\/","og_locale":"es_ES","og_type":"article","og_title":"V\u00eddeo - Octopus tools - automotive imagery solutions","og_url":"https:\/\/www.octopus.tools\/es\/video\/","og_site_name":"Octopus tools - automotive imagery solutions","article_publisher":"https:\/\/www.facebook.com\/yoozoo.de","article_modified_time":"2022-11-15T13:20:51+00:00","og_image":[{"width":900,"height":900,"url":"https:\/\/www.octopus.tools\/wp-content\/uploads\/2018\/04\/social-share-thumb.jpg","type":"image\/jpeg"}],"twitter_card":"summary_large_image","twitter_site":"@yoozoo_de","twitter_misc":{"Tiempo de lectura":"5 minutos"},"schema":{"@context":"https:\/\/schema.org","@graph":[{"@type":"WebPage","@id":"https:\/\/www.octopus.tools\/es\/video\/","url":"https:\/\/www.octopus.tools\/es\/video\/","name":"V\u00eddeo - Octopus tools - automotive imagery solutions","isPartOf":{"@id":"https:\/\/www.octopus.tools\/es\/#website"},"datePublished":"2022-03-15T12:51:18+00:00","dateModified":"2022-11-15T13:20:51+00:00","breadcrumb":{"@id":"https:\/\/www.octopus.tools\/es\/video\/#breadcrumb"},"inLanguage":"es","potentialAction":[{"@type":"ReadAction","target":["https:\/\/www.octopus.tools\/es\/video\/"]}]},{"@type":"BreadcrumbList","@id":"https:\/\/www.octopus.tools\/es\/video\/#breadcrumb","itemListElement":[{"@type":"ListItem","position":1,"name":"Home","item":"https:\/\/www.octopus.tools\/es\/"},{"@type":"ListItem","position":2,"name":"V\u00eddeo"}]},{"@type":"WebSite","@id":"https:\/\/www.octopus.tools\/es\/#website","url":"https:\/\/www.octopus.tools\/es\/","name":"Octopus tools - automotive imagery solutions","description":"yoozoo GmbH software","publisher":{"@id":"https:\/\/www.octopus.tools\/es\/#organization"},"potentialAction":[{"@type":"SearchAction","target":{"@type":"EntryPoint","urlTemplate":"https:\/\/www.octopus.tools\/es\/?s={search_term_string}"},"query-input":{"@type":"PropertyValueSpecification","valueRequired":true,"valueName":"search_term_string"}}],"inLanguage":"es"},{"@type":"Organization","@id":"https:\/\/www.octopus.tools\/es\/#organization","name":"Octopus.tools [by yoozoo GmbH]","url":"https:\/\/www.octopus.tools\/es\/","logo":{"@type":"ImageObject","inLanguage":"es","@id":"https:\/\/www.octopus.tools\/es\/#\/schema\/logo\/image\/","url":"https:\/\/www.octopus.tools\/wp-content\/uploads\/2018\/02\/website-octopus-tools-08.svg","contentUrl":"https:\/\/www.octopus.tools\/wp-content\/uploads\/2018\/02\/website-octopus-tools-08.svg","caption":"Octopus.tools [by yoozoo GmbH]"},"image":{"@id":"https:\/\/www.octopus.tools\/es\/#\/schema\/logo\/image\/"},"sameAs":["https:\/\/www.facebook.com\/yoozoo.de","https:\/\/x.com\/yoozoo_de"]}]}},"_links":{"self":[{"href":"https:\/\/www.octopus.tools\/es\/wp-json\/wp\/v2\/pages\/13589","targetHints":{"allow":["GET"]}}],"collection":[{"href":"https:\/\/www.octopus.tools\/es\/wp-json\/wp\/v2\/pages"}],"about":[{"href":"https:\/\/www.octopus.tools\/es\/wp-json\/wp\/v2\/types\/page"}],"author":[{"embeddable":true,"href":"https:\/\/www.octopus.tools\/es\/wp-json\/wp\/v2\/users\/11"}],"replies":[{"embeddable":true,"href":"https:\/\/www.octopus.tools\/es\/wp-json\/wp\/v2\/comments?post=13589"}],"version-history":[{"count":0,"href":"https:\/\/www.octopus.tools\/es\/wp-json\/wp\/v2\/pages\/13589\/revisions"}],"wp:attachment":[{"href":"https:\/\/www.octopus.tools\/es\/wp-json\/wp\/v2\/media?parent=13589"}],"curies":[{"name":"wp","href":"https:\/\/api.w.org\/{rel}","templated":true}]}}