{"id":28414,"date":"2026-01-22T20:15:44","date_gmt":"2026-01-22T19:15:44","guid":{"rendered":"https:\/\/www.octopus.tools\/fahrzeugfotografie-und-fahrzeugfreisteller-per-app\/"},"modified":"2026-01-22T20:23:58","modified_gmt":"2026-01-22T19:23:58","slug":"fotografia-de-vehiculos-y-recorte-de-coches-mediante-app","status":"publish","type":"page","link":"https:\/\/www.octopus.tools\/es\/fotografia-de-vehiculos-y-recorte-de-coches-mediante-app\/","title":{"rendered":"Fotograf\u00eda de veh\u00edculos y recorte de coches mediante app"},"content":{"rendered":"<div class=\"wpb-content-wrapper\">[vc_row][vc_column][vc_empty_space height=\u00bb60px\u00bb][\/vc_column][\/vc_row][vc_row][vc_column width=\u00bb1\/4&#8243;][vc_single_image image=\u00bb22804&#8243; onclick=\u00bbcustom_link\u00bb link=\u00bbhttps:\/\/www.octopus.tools\/es\/piranha\/\u00bb][\/vc_column][vc_column width=\u00bb3\/4&#8243;]<style>.vcex-heading.vcex_6a020d7062e15 .vcex-heading-inner{border-color:#fc9a00;}.vcex-heading.vcex_6a020d7062e15{border-color:#e2e2e2;}<\/style><h1 class=\"vcex-heading vcex-heading-bottom-border-w-color vcex-module wpex-heading wpex-text-2xl wpex-text-left wpex-border-b-2 wpex-border-solid wpex-border-main vcex_6a020d7062e15\"><span class=\"vcex-heading-inner wpex-inline-block wpex-relative wpex-pb-5 wpex-border-b-2 wpex-border-solid wpex-border-accent\">Fotograf\u00eda de veh\u00edculos y recorte de coches con la app Piranha<\/span><\/h1>[vc_empty_space height=\u00bb30px\u00bb][vc_column_text css=\u00bb\u00bb]En la compra de un autom\u00f3vil, la profesionalidad y la imagen son dos factores decisivos que influyen de manera significativa en la decisi\u00f3n de compra del cliente. Por ello, los fabricantes de autom\u00f3viles y los concesionarios cuidan con especial atenci\u00f3n la presentaci\u00f3n perfecta de sus veh\u00edculos tanto en el punto de venta como en internet. Las fotograf\u00edas profesionales de veh\u00edculos y el recorte de coches son fundamentales para una presentaci\u00f3n convincente: una apariencia uniforme con una <a href=\"https:\/\/www.octopus.tools\/es\/edicion-de-imagenes\/\">separaci\u00f3n profesional del veh\u00edculo<\/a> en el fondo presenta su oferta de forma elegante y refuerza el reconocimiento de marca de la empresa. <i>Octopus.tools<\/i> ofrece, con la innovadora <a href=\"https:\/\/www.octopus.tools\/es\/piranha\/\">Piranha App<\/a> para fotograf\u00eda de veh\u00edculos, una herramienta pr\u00e1ctica para crear im\u00e1genes profesionales de coches, perfectamente adecuadas para el recorte. Recortar im\u00e1genes de autom\u00f3viles nunca ha sido tan f\u00e1cil ni tan rentable: toda la informaci\u00f3n sobre esta app inteligente <a href=\"https:\/\/www.octopus.tools\/es\/piranha\/\">la encontrar\u00e1 aqu\u00ed.<\/a><br \/>[\/vc_column_text][\/vc_column][\/vc_row][vc_row][vc_column][vc_empty_space height=\u00bb30px\u00bb][vc_cta h2=\u00bbProbar la Piranha App ahora\u00bb txt_align=\u00bbcenter\u00bb add_button=\u00bbbottom\u00bb btn_title=\u00bbContacto\u00bb btn_style=\u00bbcustom\u00bb btn_custom_background=\u00bb#fc9a00&#8243; btn_custom_text=\u00bb#ffffff\u00bb btn_size=\u00bblg\u00bb btn_align=\u00bbcenter\u00bb css_animation=\u00bbfadeInUp\u00bb css=\u00bb.vc_custom_1680609687518{background-color: #c42d6e !important;}\u00bb btn_link=\u00bburl:https%3A%2F%2Foctopus.tools%2Fes%2Fcontacto%2F|\u00bb el_id=\u00bbp-cta\u00bb btn_el_class=\u00bblp-cta\u00bb]Obtenga ahora su cuenta de prueba gratuita y optimice su fotograf\u00eda de veh\u00edculos.<br \/>[\/vc_cta][\/vc_column][\/vc_row][vc_row][vc_column width=\u00bb1\/4&#8243;][vc_single_image image=\u00bb4338&#8243; onclick=\u00bbcustom_link\u00bb link=\u00bbhttps:\/\/octopus.tools\/es\/piranha\/\u00bb][\/vc_column][vc_column width=\u00bb3\/4&#8243;]<style>.vcex-heading.vcex_6a020d70632e4 .vcex-heading-inner{border-color:#fc9a00;}.vcex-heading.vcex_6a020d70632e4{border-color:#e2e2e2;}<\/style><h2 class=\"vcex-heading vcex-heading-bottom-border-w-color vcex-module wpex-heading wpex-text-2xl wpex-text-left wpex-border-b-2 wpex-border-solid wpex-border-main vcex_6a020d70632e4\"><span class=\"vcex-heading-inner wpex-inline-block wpex-relative wpex-pb-5 wpex-border-b-2 wpex-border-solid wpex-border-accent\">\u00bfC\u00f3mo funciona el recorte de veh\u00edculos?<\/span><\/h2>[vc_empty_space height=\u00bb30px\u00bb][vc_column_text]La <a href=\"https:\/\/www.octopus.tools\/es\/piranha\/\">Piranha App<\/a> funciona en todos los smartphones y tablets habituales y est\u00e1 disponible para dispositivos iOS en el Apple App Store y para dispositivos Android en el Google Play Store. La app aprovecha las c\u00e1maras de alta calidad de los tel\u00e9fonos y tablets actuales y optimiza todos los pasos de la fotograf\u00eda profesional de automoci\u00f3n.<br \/>Al tomar las fotos, la <a href=\"https:\/\/www.octopus.tools\/es\/piranha\/\">Piranha App<\/a> garantiza, adem\u00e1s de una exposici\u00f3n uniforme, que todos los veh\u00edculos se capturen desde la distancia correcta y en el \u00e1ngulo adecuado. La denominaci\u00f3n autom\u00e1tica de las im\u00e1genes, por ejemplo basada en el n\u00famero de identificaci\u00f3n del veh\u00edculo (VIN; anteriormente n\u00famero de bastidor), facilita la asignaci\u00f3n posterior de cada imagen si se fotograf\u00edan varios veh\u00edculos consecutivamente. Las l\u00edneas gu\u00eda en la imagen muestran la posici\u00f3n \u00f3ptima del coche. De este modo, su cat\u00e1logo se presenta de forma uniforme, los veh\u00edculos se muestran de manera comparable y se incrementa el reconocimiento de marca.<\/p>\n<p>Tras la captura, puede enviar las im\u00e1genes para su <a href=\"https:\/\/www.octopus.tools\/es\/edicion-de-imagenes\/\">edici\u00f3n profesional<\/a>. Si trabaja con varios <a href=\"https:\/\/www.octopus.tools\/es\/gecko-old\/\">fondos<\/a> para la presentaci\u00f3n de los veh\u00edculos, puede seleccionar el fondo deseado para cada coche antes del env\u00edo. La transferencia de im\u00e1genes se realiza directamente a trav\u00e9s de la app y no requiere una engorrosa transferencia de datos mediante cable USB o tarjeta. Nuestros expertos gr\u00e1ficos revisan finalmente la calidad de todas las im\u00e1genes y aplican, como parte del recorte del veh\u00edculo, el <a href=\"https:\/\/www.octopus.tools\/es\/gecko-old\/\">fondo deseado<\/a> uniforme y los logotipos de su elecci\u00f3n.<\/p>\n<p>En la <a href=\"https:\/\/www.octopus.tools\/es\/piranha\/\">Piranha App para fotograf\u00eda de veh\u00edculos<\/a> puede consultar en cualquier momento el tiempo de entrega restante. Adem\u00e1s, podr\u00e1 ahorrar tiempo y costes en fot\u00f3grafos y seguir presentando sus productos de forma profesional y uniforme.<br \/>[\/vc_column_text][\/vc_column][\/vc_row][vc_row][vc_column][vc_empty_space height=\u00bb30px\u00bb][\/vc_column][\/vc_row][vc_row][vc_column width=\u00bb1\/4&#8243;][vc_single_image image=\u00bb4362&#8243; onclick=\u00bbcustom_link\u00bb link=\u00bbhttps:\/\/octopus.tools\/es\/piranha\/\u00bb][\/vc_column][vc_column width=\u00bb3\/4&#8243;]<style>.vcex-heading.vcex_6a020d70636b9 .vcex-heading-inner{border-color:#fc9a00;}.vcex-heading.vcex_6a020d70636b9{border-color:#e2e2e2;}<\/style><h2 class=\"vcex-heading vcex-heading-bottom-border-w-color vcex-module wpex-heading wpex-text-2xl wpex-text-left wpex-border-b-2 wpex-border-solid wpex-border-main vcex_6a020d70636b9\"><span class=\"vcex-heading-inner wpex-inline-block wpex-relative wpex-pb-5 wpex-border-b-2 wpex-border-solid wpex-border-accent\">Edici\u00f3n de im\u00e1genes para fotograf\u00edas profesionales de veh\u00edculos<\/span><\/h2>[vc_empty_space height=\u00bb30px\u00bb][vc_column_text]La <a href=\"https:\/\/www.octopus.tools\/es\/piranha\/\">Piranha App<\/a> ofrece diversas funciones \u00fatiles para la presentaci\u00f3n \u00f3ptima de im\u00e1genes de veh\u00edculos. El recorte posterior de las fotos de coches puede realizarse como **Normal Cut** o **Complete Cut**, lo que permite modificar no solo el fondo, sino tambi\u00e9n el suelo. El proceso de recorte incluye, por supuesto, la edici\u00f3n de las superficies acristaladas y transparentes, de modo que el <a href=\"https:\/\/www.octopus.tools\/es\/gecko-old\/\">nuevo fondo<\/a> tambi\u00e9n se refleje a trav\u00e9s de las ventanas. Para aumentar el reconocimiento, puede a\u00f1adir banners y logotipos en color. Los adhesivos no deseados y las matr\u00edculas pueden eliminarse digitalmente. La imagen del producto se adapta f\u00e1cilmente a su cat\u00e1logo existente y destaca claramente las ventajas del veh\u00edculo mostrado. De este modo, los nuevos veh\u00edculos pueden integrarse mucho m\u00e1s r\u00e1pido y de forma visualmente coherente en el cat\u00e1logo, facilitando adem\u00e1s una mejor comunicaci\u00f3n del producto al cliente.[\/vc_column_text][\/vc_column][\/vc_row][vc_row][vc_column][vc_empty_space height=\u00bb30px\u00bb][\/vc_column][\/vc_row][vc_row][vc_column width=\u00bb1\/4&#8243;][vc_single_image image=\u00bb9049&#8243; onclick=\u00bbcustom_link\u00bb link=\u00bbhttps:\/\/octopus.tools\/es\/piranha\/\u00bb][\/vc_column][vc_column width=\u00bb3\/4&#8243;]<style>.vcex-heading.vcex_6a020d7063a1c .vcex-heading-inner{border-color:#fc9a00;}.vcex-heading.vcex_6a020d7063a1c{border-color:#e2e2e2;}<\/style><h2 class=\"vcex-heading vcex-heading-bottom-border-w-color vcex-module wpex-heading wpex-text-2xl wpex-text-left wpex-border-b-2 wpex-border-solid wpex-border-main vcex_6a020d7063a1c\"><span class=\"vcex-heading-inner wpex-inline-block wpex-relative wpex-pb-5 wpex-border-b-2 wpex-border-solid wpex-border-accent\">\u00bfD\u00f3nde puedo utilizar las im\u00e1genes de coches recortadas?<\/span><\/h2>[vc_empty_space height=\u00bb30px\u00bb][vc_column_text]Los derechos de todas sus im\u00e1genes de producto permanecen, por supuesto, en su poder. Los concesionarios y fabricantes utilizan la app para crear im\u00e1genes de veh\u00edculos con su propio dise\u00f1o y un alto nivel de reconocimiento para sus apariciones online. No importa si las im\u00e1genes se necesitan para su propio sitio web o para los portales habituales de automoci\u00f3n, como AutoScout24, mobile.de o eBay Motors.<br \/>Si tambi\u00e9n utiliza sus im\u00e1genes en el \u00e1mbito impreso, puede emplear igualmente sus nuevas im\u00e1genes de veh\u00edculos, uniformes y creadas con la <a href=\"https:\/\/www.octopus.tools\/es\/piranha\/\">Piranha App<\/a>, para dotar de un alto reconocimiento a sus expos\u00e9s de veh\u00edculos, folletos, env\u00edos publicitarios o anuncios en prensa.<br \/>[\/vc_column_text][\/vc_column][\/vc_row][vc_row][vc_column][vc_empty_space height=\u00bb30px\u00bb][\/vc_column][\/vc_row][vc_row][vc_column width=\u00bb1\/4&#8243;][vc_single_image image=\u00bb2853&#8243; onclick=\u00bbcustom_link\u00bb link=\u00bbhttps:\/\/octopus.tools\/es\/piranha\/\u00bb][\/vc_column][vc_column width=\u00bb3\/4&#8243;]<style>.vcex-heading.vcex_6a020d7063d40 .vcex-heading-inner{border-color:#fc9a00;}.vcex-heading.vcex_6a020d7063d40{border-color:#e2e2e2;}<\/style><h2 class=\"vcex-heading vcex-heading-bottom-border-w-color vcex-module wpex-heading wpex-text-2xl wpex-text-left wpex-border-b-2 wpex-border-solid wpex-border-main vcex_6a020d7063d40\"><span class=\"vcex-heading-inner wpex-inline-block wpex-relative wpex-pb-5 wpex-border-b-2 wpex-border-solid wpex-border-accent\">La Piranha App y la edici\u00f3n de im\u00e1genes, explicado brevemente:<\/span><\/h2>[vc_empty_space height=\u00bb30px\u00bb]<div class=\"vcex-module vcex-bullets vcex-bullets-check\">\n<ul>\n<li>Recorte de veh\u00edculos uniforme y profesional<\/li>\n<li>Edici\u00f3n de im\u00e1genes rentable realizada por profesionales<\/li>\n<li>Posibilidad de Normal Cut (horizonte recortado) y Complete Cut (horizonte y suelo recortados)<\/li>\n<li>Optimizaci\u00f3n de contraste, nitidez, tono y saturaci\u00f3n de color<\/li>\n<li>Incluye el recorte de ventanas y superficies transparentes<\/li>\n<li>Inserci\u00f3n de banners, logotipos y matr\u00edculas<\/li>\n<li>Ahorro de tiempo gracias a la carga autom\u00e1tica<\/li>\n<li>Ahorro de tiempo gracias a la asistencia inteligente en la secuencia de im\u00e1genes<\/li>\n<li>Recorte de im\u00e1genes de coches en un plazo de 24 horas<\/li>\n<li>Hasta un 82 % de ahorro de tiempo<\/li>\n<\/ul>\n<\/div>[\/vc_column][\/vc_row]\n<\/div>","protected":false},"excerpt":{"rendered":"<p>[vc_row][vc_column][vc_empty_space height=\u00bb60px\u00bb][\/vc_column][\/vc_row][vc_row][vc_column width=\u00bb1\/4&#8243;][vc_single_image image=\u00bb22804&#8243; onclick=\u00bbcustom_link\u00bb link=\u00bbhttps:\/\/www.octopus.tools\/es\/piranha\/\u00bb][\/vc_column][vc_column width=\u00bb3\/4&#8243;][vc_empty_space height=\u00bb30px\u00bb][vc_column_text css=\u00bb\u00bb]En la compra de un autom\u00f3vil, la profesionalidad y la imagen son dos factores decisivos que influyen de manera significativa en la decisi\u00f3n de compra del cliente. Por ello, los fabricantes de autom\u00f3viles y los concesionarios cuidan con especial atenci\u00f3n la presentaci\u00f3n perfecta de sus veh\u00edculos tanto&hellip;<\/p>\n","protected":false},"author":1,"featured_media":0,"parent":0,"menu_order":0,"comment_status":"closed","ping_status":"closed","template":"","meta":{"content-type":"","inline_featured_image":false,"footnotes":""},"class_list":["post-28414","page","type-page","status-publish","hentry","entry","no-media"],"yoast_head":"<!-- This site is optimized with the Yoast SEO plugin v24.0 - https:\/\/yoast.com\/wordpress\/plugins\/seo\/ -->\n<title>Fotograf\u00eda de veh\u00edculos y recorte de coches mediante app<\/title>\n<meta name=\"description\" content=\"La fotograf\u00eda de veh\u00edculos mediante app y el recorte de coches permiten una presentaci\u00f3n uniforme y limpia de su oferta.\" \/>\n<meta name=\"robots\" content=\"index, follow, max-snippet:-1, max-image-preview:large, max-video-preview:-1\" \/>\n<link rel=\"canonical\" href=\"https:\/\/www.octopus.tools\/es\/fotografia-de-vehiculos-y-recorte-de-coches-mediante-app\/\" \/>\n<meta property=\"og:locale\" content=\"es_ES\" \/>\n<meta property=\"og:type\" content=\"article\" \/>\n<meta property=\"og:title\" content=\"Fotograf\u00eda de veh\u00edculos y recorte de coches mediante app\" \/>\n<meta property=\"og:description\" content=\"La fotograf\u00eda de veh\u00edculos mediante app y el recorte de coches permiten una presentaci\u00f3n uniforme y limpia de su oferta.\" \/>\n<meta property=\"og:url\" content=\"https:\/\/www.octopus.tools\/es\/fotografia-de-vehiculos-y-recorte-de-coches-mediante-app\/\" \/>\n<meta property=\"og:site_name\" content=\"Octopus tools - automotive imagery solutions\" \/>\n<meta property=\"article:publisher\" content=\"https:\/\/www.facebook.com\/yoozoo.de\" \/>\n<meta property=\"article:modified_time\" content=\"2026-01-22T19:23:58+00:00\" \/>\n<meta property=\"og:image\" content=\"https:\/\/www.octopus.tools\/wp-content\/uploads\/2018\/04\/social-share-thumb.jpg\" \/>\n\t<meta property=\"og:image:width\" content=\"900\" \/>\n\t<meta property=\"og:image:height\" content=\"900\" \/>\n\t<meta property=\"og:image:type\" content=\"image\/jpeg\" \/>\n<meta name=\"twitter:card\" content=\"summary_large_image\" \/>\n<meta name=\"twitter:site\" content=\"@yoozoo_de\" \/>\n<meta name=\"twitter:label1\" content=\"Tiempo de lectura\" \/>\n\t<meta name=\"twitter:data1\" content=\"4 minutos\" \/>\n<script type=\"application\/ld+json\" class=\"yoast-schema-graph\">{\"@context\":\"https:\/\/schema.org\",\"@graph\":[{\"@type\":\"WebPage\",\"@id\":\"https:\/\/www.octopus.tools\/es\/fotografia-de-vehiculos-y-recorte-de-coches-mediante-app\/\",\"url\":\"https:\/\/www.octopus.tools\/es\/fotografia-de-vehiculos-y-recorte-de-coches-mediante-app\/\",\"name\":\"Fotograf\u00eda de veh\u00edculos y recorte de coches mediante app\",\"isPartOf\":{\"@id\":\"https:\/\/www.octopus.tools\/es\/#website\"},\"datePublished\":\"2026-01-22T19:15:44+00:00\",\"dateModified\":\"2026-01-22T19:23:58+00:00\",\"description\":\"La fotograf\u00eda de veh\u00edculos mediante app y el recorte de coches permiten una presentaci\u00f3n uniforme y limpia de su oferta.\",\"breadcrumb\":{\"@id\":\"https:\/\/www.octopus.tools\/es\/fotografia-de-vehiculos-y-recorte-de-coches-mediante-app\/#breadcrumb\"},\"inLanguage\":\"es\",\"potentialAction\":[{\"@type\":\"ReadAction\",\"target\":[\"https:\/\/www.octopus.tools\/es\/fotografia-de-vehiculos-y-recorte-de-coches-mediante-app\/\"]}]},{\"@type\":\"BreadcrumbList\",\"@id\":\"https:\/\/www.octopus.tools\/es\/fotografia-de-vehiculos-y-recorte-de-coches-mediante-app\/#breadcrumb\",\"itemListElement\":[{\"@type\":\"ListItem\",\"position\":1,\"name\":\"Home\",\"item\":\"https:\/\/www.octopus.tools\/es\/\"},{\"@type\":\"ListItem\",\"position\":2,\"name\":\"Fotograf\u00eda de veh\u00edculos y recorte de coches mediante app\"}]},{\"@type\":\"WebSite\",\"@id\":\"https:\/\/www.octopus.tools\/es\/#website\",\"url\":\"https:\/\/www.octopus.tools\/es\/\",\"name\":\"Octopus tools - automotive imagery solutions\",\"description\":\"yoozoo GmbH software\",\"publisher\":{\"@id\":\"https:\/\/www.octopus.tools\/es\/#organization\"},\"potentialAction\":[{\"@type\":\"SearchAction\",\"target\":{\"@type\":\"EntryPoint\",\"urlTemplate\":\"https:\/\/www.octopus.tools\/es\/?s={search_term_string}\"},\"query-input\":{\"@type\":\"PropertyValueSpecification\",\"valueRequired\":true,\"valueName\":\"search_term_string\"}}],\"inLanguage\":\"es\"},{\"@type\":\"Organization\",\"@id\":\"https:\/\/www.octopus.tools\/es\/#organization\",\"name\":\"Octopus.tools [by yoozoo GmbH]\",\"url\":\"https:\/\/www.octopus.tools\/es\/\",\"logo\":{\"@type\":\"ImageObject\",\"inLanguage\":\"es\",\"@id\":\"https:\/\/www.octopus.tools\/es\/#\/schema\/logo\/image\/\",\"url\":\"https:\/\/www.octopus.tools\/wp-content\/uploads\/2018\/02\/website-octopus-tools-08.svg\",\"contentUrl\":\"https:\/\/www.octopus.tools\/wp-content\/uploads\/2018\/02\/website-octopus-tools-08.svg\",\"caption\":\"Octopus.tools [by yoozoo GmbH]\"},\"image\":{\"@id\":\"https:\/\/www.octopus.tools\/es\/#\/schema\/logo\/image\/\"},\"sameAs\":[\"https:\/\/www.facebook.com\/yoozoo.de\",\"https:\/\/x.com\/yoozoo_de\"]}]}<\/script>\n<!-- \/ Yoast SEO plugin. -->","yoast_head_json":{"title":"Fotograf\u00eda de veh\u00edculos y recorte de coches mediante app","description":"La fotograf\u00eda de veh\u00edculos mediante app y el recorte de coches permiten una presentaci\u00f3n uniforme y limpia de su oferta.","robots":{"index":"index","follow":"follow","max-snippet":"max-snippet:-1","max-image-preview":"max-image-preview:large","max-video-preview":"max-video-preview:-1"},"canonical":"https:\/\/www.octopus.tools\/es\/fotografia-de-vehiculos-y-recorte-de-coches-mediante-app\/","og_locale":"es_ES","og_type":"article","og_title":"Fotograf\u00eda de veh\u00edculos y recorte de coches mediante app","og_description":"La fotograf\u00eda de veh\u00edculos mediante app y el recorte de coches permiten una presentaci\u00f3n uniforme y limpia de su oferta.","og_url":"https:\/\/www.octopus.tools\/es\/fotografia-de-vehiculos-y-recorte-de-coches-mediante-app\/","og_site_name":"Octopus tools - automotive imagery solutions","article_publisher":"https:\/\/www.facebook.com\/yoozoo.de","article_modified_time":"2026-01-22T19:23:58+00:00","og_image":[{"width":900,"height":900,"url":"https:\/\/www.octopus.tools\/wp-content\/uploads\/2018\/04\/social-share-thumb.jpg","type":"image\/jpeg"}],"twitter_card":"summary_large_image","twitter_site":"@yoozoo_de","twitter_misc":{"Tiempo de lectura":"4 minutos"},"schema":{"@context":"https:\/\/schema.org","@graph":[{"@type":"WebPage","@id":"https:\/\/www.octopus.tools\/es\/fotografia-de-vehiculos-y-recorte-de-coches-mediante-app\/","url":"https:\/\/www.octopus.tools\/es\/fotografia-de-vehiculos-y-recorte-de-coches-mediante-app\/","name":"Fotograf\u00eda de veh\u00edculos y recorte de coches mediante app","isPartOf":{"@id":"https:\/\/www.octopus.tools\/es\/#website"},"datePublished":"2026-01-22T19:15:44+00:00","dateModified":"2026-01-22T19:23:58+00:00","description":"La fotograf\u00eda de veh\u00edculos mediante app y el recorte de coches permiten una presentaci\u00f3n uniforme y limpia de su oferta.","breadcrumb":{"@id":"https:\/\/www.octopus.tools\/es\/fotografia-de-vehiculos-y-recorte-de-coches-mediante-app\/#breadcrumb"},"inLanguage":"es","potentialAction":[{"@type":"ReadAction","target":["https:\/\/www.octopus.tools\/es\/fotografia-de-vehiculos-y-recorte-de-coches-mediante-app\/"]}]},{"@type":"BreadcrumbList","@id":"https:\/\/www.octopus.tools\/es\/fotografia-de-vehiculos-y-recorte-de-coches-mediante-app\/#breadcrumb","itemListElement":[{"@type":"ListItem","position":1,"name":"Home","item":"https:\/\/www.octopus.tools\/es\/"},{"@type":"ListItem","position":2,"name":"Fotograf\u00eda de veh\u00edculos y recorte de coches mediante app"}]},{"@type":"WebSite","@id":"https:\/\/www.octopus.tools\/es\/#website","url":"https:\/\/www.octopus.tools\/es\/","name":"Octopus tools - automotive imagery solutions","description":"yoozoo GmbH software","publisher":{"@id":"https:\/\/www.octopus.tools\/es\/#organization"},"potentialAction":[{"@type":"SearchAction","target":{"@type":"EntryPoint","urlTemplate":"https:\/\/www.octopus.tools\/es\/?s={search_term_string}"},"query-input":{"@type":"PropertyValueSpecification","valueRequired":true,"valueName":"search_term_string"}}],"inLanguage":"es"},{"@type":"Organization","@id":"https:\/\/www.octopus.tools\/es\/#organization","name":"Octopus.tools [by yoozoo GmbH]","url":"https:\/\/www.octopus.tools\/es\/","logo":{"@type":"ImageObject","inLanguage":"es","@id":"https:\/\/www.octopus.tools\/es\/#\/schema\/logo\/image\/","url":"https:\/\/www.octopus.tools\/wp-content\/uploads\/2018\/02\/website-octopus-tools-08.svg","contentUrl":"https:\/\/www.octopus.tools\/wp-content\/uploads\/2018\/02\/website-octopus-tools-08.svg","caption":"Octopus.tools [by yoozoo GmbH]"},"image":{"@id":"https:\/\/www.octopus.tools\/es\/#\/schema\/logo\/image\/"},"sameAs":["https:\/\/www.facebook.com\/yoozoo.de","https:\/\/x.com\/yoozoo_de"]}]}},"_links":{"self":[{"href":"https:\/\/www.octopus.tools\/es\/wp-json\/wp\/v2\/pages\/28414","targetHints":{"allow":["GET"]}}],"collection":[{"href":"https:\/\/www.octopus.tools\/es\/wp-json\/wp\/v2\/pages"}],"about":[{"href":"https:\/\/www.octopus.tools\/es\/wp-json\/wp\/v2\/types\/page"}],"author":[{"embeddable":true,"href":"https:\/\/www.octopus.tools\/es\/wp-json\/wp\/v2\/users\/1"}],"replies":[{"embeddable":true,"href":"https:\/\/www.octopus.tools\/es\/wp-json\/wp\/v2\/comments?post=28414"}],"version-history":[{"count":7,"href":"https:\/\/www.octopus.tools\/es\/wp-json\/wp\/v2\/pages\/28414\/revisions"}],"predecessor-version":[{"id":28426,"href":"https:\/\/www.octopus.tools\/es\/wp-json\/wp\/v2\/pages\/28414\/revisions\/28426"}],"wp:attachment":[{"href":"https:\/\/www.octopus.tools\/es\/wp-json\/wp\/v2\/media?parent=28414"}],"curies":[{"name":"wp","href":"https:\/\/api.w.org\/{rel}","templated":true}]}}