{"id":4522,"date":"2018-07-04T14:52:34","date_gmt":"2018-07-04T14:52:34","guid":{"rendered":"https:\/\/octopus.tools\/ilwejfpoidjkw\/"},"modified":"2023-09-18T09:50:08","modified_gmt":"2023-09-18T08:50:08","slug":"ilwejfpoidjkw","status":"publish","type":"page","link":"https:\/\/www.octopus.tools\/es\/","title":{"rendered":"Inicio"},"content":{"rendered":"<div class=\"wpb-content-wrapper\">[vc_row][vc_column][vc_empty_space height=\u00bb60px\u00bb]<style>.vcex-heading.vcex_69de5dcc26178 .vcex-heading-inner{border-color:#fc9a00;}.vcex-heading.vcex_69de5dcc26178{border-color:#e2e2e2;}<\/style><h2 class=\"vcex-heading vcex-heading-bottom-border-w-color vcex-module wpex-heading wpex-text-2xl wpex-text-left wpex-border-b-2 wpex-border-solid wpex-border-main vcex_69de5dcc26178\"><span class=\"vcex-heading-inner wpex-inline-block wpex-relative wpex-pb-5 wpex-border-b-2 wpex-border-solid wpex-border-accent\">Edici\u00f3n de im\u00e1genes profesional y herramientas de \u00faltima generaci\u00f3n<\/span><\/h2>[vc_empty_space height=\u00bb30px\u00bb][vc_column_text]Ofrecemos una\u00a0<a href=\"https:\/\/octopus.tools\/es\/edicion-de-imagenes\/\">edici\u00f3n de im\u00e1genes<\/a>\u00a0de calidad superior en combinaci\u00f3n con innovadoras soluciones de software de \u00faltima generaci\u00f3n que le har\u00e1n destacar entre sus competidores.<br \/>\nFotograf\u00ede su inventario de veh\u00edculos con nuestra <a href=\"https:\/\/octopus.tools\/es\/piranha\/\">App Piranha<\/a>, env\u00ede las im\u00e1genes f\u00e1cilmente con tan solo pulsar un bot\u00f3n y reciba los resultados uniformes y profesionales en 24 horas.[\/vc_column_text][vc_empty_space height=\u00bb20px\u00bb][\/vc_column][\/vc_row][vc_row equal_height=\u00bbyes\u00bb][vc_column width=\u00bb1\/2&#8243;]<figure class=\"vcex-image vcex-module\"><div class=\"vcex-image-inner wpex-relative wpex-inline-block hvr hvr-float vc_custom_1694768114578\"><a href=\"https:\/\/octopus.tools\/piranha\/\"><img width=\"1400\" height=\"700\" src=\"https:\/\/www.octopus.tools\/wp-content\/uploads\/2023\/09\/solution_piranha_2023-1.webp\" class=\"vcex-image-img wpex-align-middle\" alt=\"Ansicht der Piranha App auf einem Handy\" loading=\"lazy\" decoding=\"async\" srcset=\"https:\/\/www.octopus.tools\/wp-content\/uploads\/2023\/09\/solution_piranha_2023-1.webp 1400w, https:\/\/www.octopus.tools\/wp-content\/uploads\/2023\/09\/solution_piranha_2023-1-300x150.webp 300w, https:\/\/www.octopus.tools\/wp-content\/uploads\/2023\/09\/solution_piranha_2023-1-1024x512.webp 1024w, https:\/\/www.octopus.tools\/wp-content\/uploads\/2023\/09\/solution_piranha_2023-1-150x75.webp 150w, https:\/\/www.octopus.tools\/wp-content\/uploads\/2023\/09\/solution_piranha_2023-1-768x384.webp 768w, https:\/\/www.octopus.tools\/wp-content\/uploads\/2023\/09\/solution_piranha_2023-1-100x50.webp 100w\" sizes=\"auto, (max-width: 1400px) 100vw, 1400px\" \/><\/a><\/div><\/figure><div class=\"vcex-module vcex-icon-box vcex-icon-box-one wpex-flex wpex-text-left vc_custom_1524841054118\"><div class=\"vcex-icon-box-symbol wpex-flex-shrink-0 wpex-mr-20\"><a href=\"\/piranha\" class=\"wpex-no-underline\"><img loading=\"lazy\" class=\"vcex-icon-box-image wpex-align-middle\" style=\"width:100px;\" decoding=\"async\" src=\"https:\/\/www.octopus.tools\/wp-content\/uploads\/2018\/02\/icon-piranha-1.svg\" alt=\"\" width=\"1\" height=\"1\"><\/a><\/div><div class=\"vcex-icon-box-text wpex-flex-grow\"><h2 class=\"vcex-icon-box-heading wpex-heading wpex-mb-10\" style=\"color:#ffffff;--wpex-hover-heading-link-color:#ffffff;font-size:25px;\"><a href=\"\/piranha\" class=\"vcex-icon-box-link wpex-no-underline\">Piranha<\/a><\/h2><div class=\"vcex-icon-box-content wpex-last-mb-0 wpex-clr\" style=\"color:#ffffff;\"><p>La App Piranha ha creado el proceso de fotograf\u00eda autom\u00f3vil m\u00e1s sencillo e intuitivo posible.<br \/>\n<a href=\"https:\/\/octopus.tools\/es\/piranha\/\">M\u00e1s &gt;&gt;<\/a><\/p>\n<\/div><\/div><\/div>[\/vc_column][vc_column width=\u00bb1\/2&#8243;]<figure class=\"vcex-image vcex-module\"><div class=\"vcex-image-inner wpex-relative wpex-inline-block hvr hvr-float vc_custom_1580207022500\"><a href=\"http:\/\/www.natas.ai\" target=\"_blank\" rel=\"noopener noreferrer\"><img width=\"800\" height=\"400\" src=\"https:\/\/www.octopus.tools\/wp-content\/uploads\/2020\/01\/solution-teaser-natas-01.gif\" class=\"vcex-image-img wpex-align-middle\" alt=\"\" loading=\"lazy\" decoding=\"async\" \/><\/a><\/div><\/figure><div class=\"vcex-module vcex-icon-box vcex-icon-box-one wpex-flex wpex-text-left vc_custom_1580219686832\"><div class=\"vcex-icon-box-symbol wpex-flex-shrink-0 wpex-mr-20\"><img loading=\"lazy\" class=\"vcex-icon-box-image wpex-align-middle\" style=\"width:110px;\" decoding=\"async\" src=\"https:\/\/www.octopus.tools\/wp-content\/uploads\/2020\/01\/natas.svg\" alt=\"\" width=\"1\" height=\"1\"><\/div><div class=\"vcex-icon-box-text wpex-flex-grow\"><h2 class=\"vcex-icon-box-heading wpex-heading wpex-mb-10\" style=\"color:#ffffff;--wpex-hover-heading-link-color:#ffffff;font-size:25px;\">Natas<\/h2><div class=\"vcex-icon-box-content wpex-last-mb-0 wpex-clr\" style=\"color:#ffffff;\"><p>Natas es nuestra inteligencia artificial que retoca im\u00e1genes automovil\u00edsticas de forma totalmente autom\u00e1tica en segundos.<br \/>\n<a target=\"_blank\" href=\"http:\/\/www.natas.ai\" rel=\"noopener\">M\u00e1s &gt;&gt;<\/a><\/p>\n<\/div><\/div><\/div>[\/vc_column][\/vc_row][vc_row][vc_column width=\u00bb1\/2&#8243;]<figure class=\"vcex-image vcex-module\"><div class=\"vcex-image-inner wpex-relative wpex-inline-block hvr hvr-float vc_custom_1565703344564\"><a href=\"https:\/\/octopus.tools\/meg\/\" title=\"MEG\"><img width=\"1000\" height=\"500\" src=\"https:\/\/www.octopus.tools\/wp-content\/uploads\/2019\/08\/solution-teaser-meg-03.jpg\" class=\"vcex-image-img wpex-align-middle\" alt=\"\" loading=\"lazy\" decoding=\"async\" srcset=\"https:\/\/www.octopus.tools\/wp-content\/uploads\/2019\/08\/solution-teaser-meg-03.jpg 1000w, https:\/\/www.octopus.tools\/wp-content\/uploads\/2019\/08\/solution-teaser-meg-03-150x75.jpg 150w, https:\/\/www.octopus.tools\/wp-content\/uploads\/2019\/08\/solution-teaser-meg-03-300x150.jpg 300w, https:\/\/www.octopus.tools\/wp-content\/uploads\/2019\/08\/solution-teaser-meg-03-768x384.jpg 768w, https:\/\/www.octopus.tools\/wp-content\/uploads\/2019\/08\/solution-teaser-meg-03-100x50.jpg 100w\" sizes=\"auto, (max-width: 1000px) 100vw, 1000px\" \/><\/a><\/div><\/figure><div class=\"vcex-module vcex-icon-box vcex-icon-box-one wpex-flex wpex-text-left vc_custom_1565565089958\"><div class=\"vcex-icon-box-symbol wpex-flex-shrink-0 wpex-mr-20\"><a href=\"\/meg\" class=\"wpex-no-underline\"><img loading=\"lazy\" class=\"vcex-icon-box-image wpex-align-middle\" style=\"width:100px;\" decoding=\"async\" src=\"https:\/\/www.octopus.tools\/wp-content\/uploads\/2019\/08\/icon-meg-2.svg\" alt=\"\" width=\"1\" height=\"1\"><\/a><\/div><div class=\"vcex-icon-box-text wpex-flex-grow\"><h2 class=\"vcex-icon-box-heading wpex-heading wpex-mb-10\" style=\"color:#ffffff;--wpex-hover-heading-link-color:#ffffff;font-size:25px;\"><a href=\"\/meg\" class=\"vcex-icon-box-link wpex-no-underline\">MEG<\/a><\/h2><div class=\"vcex-icon-box-content wpex-last-mb-0 wpex-clr\" style=\"color:#ffffff;\"><p>MEG enlaza todas nuestras aplicaciones con su sistema para evitar pasos manuales.<br \/>\n<a href=\"https:\/\/octopus.tools\/es\/fox\/\">M\u00e1s &gt;&gt;<\/a><\/p>\n<\/div><\/div><\/div>[\/vc_column][vc_column width=\u00bb1\/2&#8243;]<figure class=\"vcex-image vcex-module\"><div class=\"vcex-image-inner wpex-relative wpex-inline-block hvr hvr-float vc_custom_1694768127232\"><a href=\"https:\/\/octopus.tools\/eagle\/\"><img width=\"1400\" height=\"700\" src=\"https:\/\/www.octopus.tools\/wp-content\/uploads\/2023\/09\/solution_eagle_2023-1.webp\" class=\"vcex-image-img wpex-align-middle\" alt=\"Eagle Ansicht zur Fahrzeugverwaltung\" loading=\"lazy\" decoding=\"async\" srcset=\"https:\/\/www.octopus.tools\/wp-content\/uploads\/2023\/09\/solution_eagle_2023-1.webp 1400w, https:\/\/www.octopus.tools\/wp-content\/uploads\/2023\/09\/solution_eagle_2023-1-300x150.webp 300w, https:\/\/www.octopus.tools\/wp-content\/uploads\/2023\/09\/solution_eagle_2023-1-1024x512.webp 1024w, https:\/\/www.octopus.tools\/wp-content\/uploads\/2023\/09\/solution_eagle_2023-1-150x75.webp 150w, https:\/\/www.octopus.tools\/wp-content\/uploads\/2023\/09\/solution_eagle_2023-1-768x384.webp 768w, https:\/\/www.octopus.tools\/wp-content\/uploads\/2023\/09\/solution_eagle_2023-1-100x50.webp 100w\" sizes=\"auto, (max-width: 1400px) 100vw, 1400px\" \/><\/a><\/div><\/figure><div class=\"vcex-module vcex-icon-box vcex-icon-box-one wpex-flex wpex-text-left vc_custom_1519865069769\"><div class=\"vcex-icon-box-symbol wpex-flex-shrink-0 wpex-mr-20\"><a href=\"\/eagle\" class=\"wpex-no-underline\"><img loading=\"lazy\" class=\"vcex-icon-box-image wpex-align-middle\" style=\"width:100px;\" decoding=\"async\" src=\"https:\/\/www.octopus.tools\/wp-content\/uploads\/2018\/02\/icon-eagle-1.svg\" alt=\"\" width=\"1\" height=\"1\"><\/a><\/div><div class=\"vcex-icon-box-text wpex-flex-grow\"><h2 class=\"vcex-icon-box-heading wpex-heading wpex-mb-10\" style=\"color:#ffffff;--wpex-hover-heading-link-color:#ffffff;font-size:25px;\"><a href=\"\/eagle\" class=\"vcex-icon-box-link wpex-no-underline\">Eagle<\/a><\/h2><div class=\"vcex-icon-box-content wpex-last-mb-0 wpex-clr\" style=\"color:#ffffff;\"><p>Eagle le permite una visi\u00f3n general de todos los procesos de la fotograf\u00eda autom\u00f3vil.<br \/>\n<a href=\"https:\/\/octopus.tools\/es\/eagle\/\">M\u00e1s &gt;&gt;<\/a><\/p>\n<\/div><\/div><\/div>[\/vc_column][\/vc_row][vc_row][vc_column width=\u00bb1\/2&#8243;]<figure class=\"vcex-image vcex-module\"><div class=\"vcex-image-inner wpex-relative wpex-inline-block hvr hvr-float vc_custom_1695026993681\"><a href=\"https:\/\/octopus.tools\/gecko\/\"><img width=\"1400\" height=\"700\" src=\"https:\/\/www.octopus.tools\/wp-content\/uploads\/2023\/09\/solution_gecko_2023.nng_.webp\" class=\"vcex-image-img wpex-align-middle\" alt=\"Gecko Galerie f\u00fcr Hintergr\u00fcnde zur Bildbearbeitung Ihres Fahrzeugs\" loading=\"lazy\" decoding=\"async\" srcset=\"https:\/\/www.octopus.tools\/wp-content\/uploads\/2023\/09\/solution_gecko_2023.nng_.webp 1400w, https:\/\/www.octopus.tools\/wp-content\/uploads\/2023\/09\/solution_gecko_2023.nng_-300x150.webp 300w, https:\/\/www.octopus.tools\/wp-content\/uploads\/2023\/09\/solution_gecko_2023.nng_-1024x512.webp 1024w, https:\/\/www.octopus.tools\/wp-content\/uploads\/2023\/09\/solution_gecko_2023.nng_-150x75.webp 150w, https:\/\/www.octopus.tools\/wp-content\/uploads\/2023\/09\/solution_gecko_2023.nng_-768x384.webp 768w, https:\/\/www.octopus.tools\/wp-content\/uploads\/2023\/09\/solution_gecko_2023.nng_-100x50.webp 100w\" sizes=\"auto, (max-width: 1400px) 100vw, 1400px\" \/><\/a><\/div><\/figure><div class=\"vcex-module vcex-icon-box vcex-icon-box-one wpex-flex wpex-text-left vc_custom_1694782913766\"><div class=\"vcex-icon-box-symbol wpex-flex-shrink-0 wpex-mr-20\"><a href=\"\/gecko\" class=\"wpex-no-underline\"><img loading=\"lazy\" class=\"vcex-icon-box-image wpex-align-middle\" style=\"width:100px;\" decoding=\"async\" src=\"https:\/\/www.octopus.tools\/wp-content\/uploads\/2018\/02\/icon-gecko.svg\" alt=\"\" width=\"1\" height=\"1\"><\/a><\/div><div class=\"vcex-icon-box-text wpex-flex-grow\"><h2 class=\"vcex-icon-box-heading wpex-heading wpex-mb-10\" style=\"color:#ffffff;--wpex-hover-heading-link-color:#ffffff;font-size:25px;\"><a href=\"\/gecko\" class=\"vcex-icon-box-link wpex-no-underline\">Gecko<\/a><\/h2><div class=\"vcex-icon-box-content wpex-last-mb-0 wpex-clr\" style=\"color:#ffffff;\"><p>Configure su fondo personalizado en nuestra galer\u00eda Gecko.<br \/>\n<a href=\"https:\/\/octopus.tools\/es\/gecko-gallery\/\">M\u00e1s &gt;&gt;<\/a><\/p>\n<\/div><\/div><\/div>[\/vc_column][vc_column width=\u00bb1\/2&#8243;]<figure class=\"vcex-image vcex-module\"><div class=\"vcex-image-inner wpex-relative wpex-inline-block hvr hvr-float vc_custom_1694768147874\"><a href=\"https:\/\/octopus.tools\/orca\/\"><img width=\"1400\" height=\"700\" src=\"https:\/\/www.octopus.tools\/wp-content\/uploads\/2023\/09\/solution_orca_2023.webp\" class=\"vcex-image-img wpex-align-middle\" alt=\"Ansicht Orca, Ihre Fahrzeugbilder\" loading=\"lazy\" decoding=\"async\" srcset=\"https:\/\/www.octopus.tools\/wp-content\/uploads\/2023\/09\/solution_orca_2023.webp 1400w, https:\/\/www.octopus.tools\/wp-content\/uploads\/2023\/09\/solution_orca_2023-300x150.webp 300w, https:\/\/www.octopus.tools\/wp-content\/uploads\/2023\/09\/solution_orca_2023-1024x512.webp 1024w, https:\/\/www.octopus.tools\/wp-content\/uploads\/2023\/09\/solution_orca_2023-150x75.webp 150w, https:\/\/www.octopus.tools\/wp-content\/uploads\/2023\/09\/solution_orca_2023-768x384.webp 768w, https:\/\/www.octopus.tools\/wp-content\/uploads\/2023\/09\/solution_orca_2023-100x50.webp 100w\" sizes=\"auto, (max-width: 1400px) 100vw, 1400px\" \/><\/a><\/div><\/figure><div class=\"vcex-module vcex-icon-box vcex-icon-box-one wpex-flex wpex-text-left vc_custom_1524569704367\"><div class=\"vcex-icon-box-symbol wpex-flex-shrink-0 wpex-mr-20\"><a href=\"\/orca\" class=\"wpex-no-underline\"><img src=\"https:\/\/www.octopus.tools\/wp-content\/uploads\/2018\/02\/icon-orca.svg\" alt=\"\" class=\"vcex-icon-box-image wpex-align-middle\" loading=\"lazy\" decoding=\"async\" style=\"width:100px;height:100px;\" width=\"100\" height=\"100\"><\/a><\/div><div class=\"vcex-icon-box-text wpex-flex-grow\"><h2 class=\"vcex-icon-box-heading wpex-heading wpex-mb-10\" style=\"color:#ffffff;--wpex-hover-heading-link-color:#ffffff;font-size:25px;\"><a href=\"\/orca\" class=\"vcex-icon-box-link wpex-no-underline\">Orca<\/a><\/h2><div class=\"vcex-icon-box-content wpex-last-mb-0 wpex-clr\" style=\"color:#ffffff;\"><p>Orca es la alternativa online a la App Piranha para enviar im\u00e1genes para su edici\u00f3n.<br \/>\n<a href=\"https:\/\/octopus.tools\/es\/orca\/\">M\u00e1s &gt;&gt;<\/a><\/p>\n<\/div><\/div><\/div>[\/vc_column][\/vc_row][vc_row][vc_column]<div class=\"vcex-module vcex-icon-box vcex-icon-box-one wpex-flex wpex-text-left vc_custom_1583179707918\"><div class=\"vcex-icon-box-symbol wpex-flex-shrink-0 wpex-mr-20\"><a href=\"\/about-us\" class=\"wpex-no-underline\"><img loading=\"lazy\" class=\"vcex-icon-box-image wpex-align-middle\" style=\"width:100px;\" alt=\"Get More Info About The Team Behind The Scenes\" decoding=\"async\" src=\"https:\/\/www.octopus.tools\/wp-content\/uploads\/2017\/11\/logo-octopus.svg\" width=\"1\" height=\"1\"><\/a><\/div><div class=\"vcex-icon-box-text wpex-flex-grow\"><h2 class=\"vcex-icon-box-heading wpex-heading wpex-mb-10\" style=\"color:#ffffff;--wpex-hover-heading-link-color:#ffffff;font-size:25px;\"><a href=\"\/about-us\" class=\"vcex-icon-box-link wpex-no-underline\">Octopus<\/a><\/h2><div class=\"vcex-icon-box-content wpex-last-mb-0 wpex-clr\" style=\"color:#ffffff;\"><p>Tenemos una herramienta preparada para cada uso de la fotograf\u00eda autom\u00f3vil. Octopus es el sistema central de todas estas herramientas y las conecta entre ellas de forma perfecta. Adem\u00e1s, sirve de sistema de backend que muestra todos los procesos de la edici\u00f3n de im\u00e1genes incluyendo, por ejemplo, el control de calidad y las evaluaciones.<\/p>\n<\/div><\/div><\/div>[\/vc_column][\/vc_row]\n<\/div>","protected":false},"excerpt":{"rendered":"<p>[vc_row][vc_column][vc_empty_space height=\u00bb60px\u00bb][vc_empty_space height=\u00bb30px\u00bb][vc_column_text]Ofrecemos una\u00a0edici\u00f3n de im\u00e1genes\u00a0de calidad superior en combinaci\u00f3n con innovadoras soluciones de software de \u00faltima generaci\u00f3n que le har\u00e1n destacar entre sus competidores. Fotograf\u00ede su inventario de veh\u00edculos con nuestra App Piranha, env\u00ede las im\u00e1genes f\u00e1cilmente con tan solo pulsar un bot\u00f3n y reciba los resultados uniformes y profesionales en 24 horas.[\/vc_column_text][vc_empty_space height=\u00bb20px\u00bb][\/vc_column][\/vc_row][vc_row&hellip;<\/p>\n","protected":false},"author":1,"featured_media":0,"parent":0,"menu_order":0,"comment_status":"closed","ping_status":"open","template":"","meta":{"content-type":"","inline_featured_image":false,"footnotes":""},"class_list":["post-4522","page","type-page","status-publish","hentry","entry","no-media"],"yoast_head":"<!-- This site is optimized with the Yoast SEO plugin v24.0 - https:\/\/yoast.com\/wordpress\/plugins\/seo\/ -->\n<title>Octopus.tools - Fotograf\u00eda de autom\u00f3viles con la App y edici\u00f3n profesional<\/title>\n<meta name=\"description\" content=\"Ofrecemos recortes de veh\u00edculos y edici\u00f3n de im\u00e1genes de calidad superior en combinaci\u00f3n con innovadoras soluciones de software de \u00faltima generaci\u00f3n. Fotograf\u00ede su inventario de veh\u00edculos a partir de ahora con nuestra App Piranha\u00a0y s\u00e1quele partido a la profesionalidad de las im\u00e1genes y al ahorro de tiempo de hasta un 82%.\" \/>\n<meta name=\"robots\" content=\"index, follow, max-snippet:-1, max-image-preview:large, max-video-preview:-1\" \/>\n<link rel=\"canonical\" href=\"https:\/\/www.octopus.tools\/es\/\" \/>\n<meta property=\"og:locale\" content=\"es_ES\" \/>\n<meta property=\"og:type\" content=\"article\" \/>\n<meta property=\"og:title\" content=\"Octopus.tools - Fotograf\u00eda de autom\u00f3viles con la App y edici\u00f3n profesional\" \/>\n<meta property=\"og:description\" content=\"Ofrecemos recortes de veh\u00edculos y edici\u00f3n de im\u00e1genes de calidad superior en combinaci\u00f3n con innovadoras soluciones de software de \u00faltima generaci\u00f3n. Fotograf\u00ede su inventario de veh\u00edculos a partir de ahora con nuestra App Piranha\u00a0y s\u00e1quele partido a la profesionalidad de las im\u00e1genes y al ahorro de tiempo de hasta un 82%.\" \/>\n<meta property=\"og:url\" content=\"https:\/\/www.octopus.tools\/es\/\" \/>\n<meta property=\"og:site_name\" content=\"Octopus tools - automotive imagery solutions\" \/>\n<meta property=\"article:publisher\" content=\"https:\/\/www.facebook.com\/yoozoo.de\" \/>\n<meta property=\"article:modified_time\" content=\"2023-09-18T08:50:08+00:00\" \/>\n<meta property=\"og:image\" content=\"https:\/\/www.octopus.tools\/wp-content\/uploads\/2018\/04\/social-share-thumb.jpg\" \/>\n\t<meta property=\"og:image:width\" content=\"900\" \/>\n\t<meta property=\"og:image:height\" content=\"900\" \/>\n\t<meta property=\"og:image:type\" content=\"image\/jpeg\" \/>\n<meta name=\"twitter:card\" content=\"summary_large_image\" \/>\n<meta name=\"twitter:site\" content=\"@yoozoo_de\" \/>\n<meta name=\"twitter:label1\" content=\"Tiempo de lectura\" \/>\n\t<meta name=\"twitter:data1\" content=\"5 minutos\" \/>\n<script type=\"application\/ld+json\" class=\"yoast-schema-graph\">{\"@context\":\"https:\/\/schema.org\",\"@graph\":[{\"@type\":\"WebPage\",\"@id\":\"https:\/\/www.octopus.tools\/es\/\",\"url\":\"https:\/\/www.octopus.tools\/es\/\",\"name\":\"Octopus.tools - Fotograf\u00eda de autom\u00f3viles con la App y edici\u00f3n profesional\",\"isPartOf\":{\"@id\":\"https:\/\/www.octopus.tools\/es\/#website\"},\"datePublished\":\"2018-07-04T14:52:34+00:00\",\"dateModified\":\"2023-09-18T08:50:08+00:00\",\"description\":\"Ofrecemos recortes de veh\u00edculos y edici\u00f3n de im\u00e1genes de calidad superior en combinaci\u00f3n con innovadoras soluciones de software de \u00faltima generaci\u00f3n. Fotograf\u00ede su inventario de veh\u00edculos a partir de ahora con nuestra App Piranha\u00a0y s\u00e1quele partido a la profesionalidad de las im\u00e1genes y al ahorro de tiempo de hasta un 82%.\",\"breadcrumb\":{\"@id\":\"https:\/\/www.octopus.tools\/es\/#breadcrumb\"},\"inLanguage\":\"es\",\"potentialAction\":[{\"@type\":\"ReadAction\",\"target\":[\"https:\/\/www.octopus.tools\/es\/\"]}]},{\"@type\":\"BreadcrumbList\",\"@id\":\"https:\/\/www.octopus.tools\/es\/#breadcrumb\",\"itemListElement\":[{\"@type\":\"ListItem\",\"position\":1,\"name\":\"Home\",\"item\":\"https:\/\/www.octopus.tools\/es\/\"},{\"@type\":\"ListItem\",\"position\":2,\"name\":\"Inicio\"}]},{\"@type\":\"WebSite\",\"@id\":\"https:\/\/www.octopus.tools\/es\/#website\",\"url\":\"https:\/\/www.octopus.tools\/es\/\",\"name\":\"Octopus tools - automotive imagery solutions\",\"description\":\"yoozoo GmbH software\",\"publisher\":{\"@id\":\"https:\/\/www.octopus.tools\/es\/#organization\"},\"potentialAction\":[{\"@type\":\"SearchAction\",\"target\":{\"@type\":\"EntryPoint\",\"urlTemplate\":\"https:\/\/www.octopus.tools\/es\/?s={search_term_string}\"},\"query-input\":{\"@type\":\"PropertyValueSpecification\",\"valueRequired\":true,\"valueName\":\"search_term_string\"}}],\"inLanguage\":\"es\"},{\"@type\":\"Organization\",\"@id\":\"https:\/\/www.octopus.tools\/es\/#organization\",\"name\":\"Octopus.tools [by yoozoo GmbH]\",\"url\":\"https:\/\/www.octopus.tools\/es\/\",\"logo\":{\"@type\":\"ImageObject\",\"inLanguage\":\"es\",\"@id\":\"https:\/\/www.octopus.tools\/es\/#\/schema\/logo\/image\/\",\"url\":\"https:\/\/www.octopus.tools\/wp-content\/uploads\/2018\/02\/website-octopus-tools-08.svg\",\"contentUrl\":\"https:\/\/www.octopus.tools\/wp-content\/uploads\/2018\/02\/website-octopus-tools-08.svg\",\"caption\":\"Octopus.tools [by yoozoo GmbH]\"},\"image\":{\"@id\":\"https:\/\/www.octopus.tools\/es\/#\/schema\/logo\/image\/\"},\"sameAs\":[\"https:\/\/www.facebook.com\/yoozoo.de\",\"https:\/\/x.com\/yoozoo_de\"]}]}<\/script>\n<!-- \/ Yoast SEO plugin. -->","yoast_head_json":{"title":"Octopus.tools - Fotograf\u00eda de autom\u00f3viles con la App y edici\u00f3n profesional","description":"Ofrecemos recortes de veh\u00edculos y edici\u00f3n de im\u00e1genes de calidad superior en combinaci\u00f3n con innovadoras soluciones de software de \u00faltima generaci\u00f3n. Fotograf\u00ede su inventario de veh\u00edculos a partir de ahora con nuestra App Piranha\u00a0y s\u00e1quele partido a la profesionalidad de las im\u00e1genes y al ahorro de tiempo de hasta un 82%.","robots":{"index":"index","follow":"follow","max-snippet":"max-snippet:-1","max-image-preview":"max-image-preview:large","max-video-preview":"max-video-preview:-1"},"canonical":"https:\/\/www.octopus.tools\/es\/","og_locale":"es_ES","og_type":"article","og_title":"Octopus.tools - Fotograf\u00eda de autom\u00f3viles con la App y edici\u00f3n profesional","og_description":"Ofrecemos recortes de veh\u00edculos y edici\u00f3n de im\u00e1genes de calidad superior en combinaci\u00f3n con innovadoras soluciones de software de \u00faltima generaci\u00f3n. Fotograf\u00ede su inventario de veh\u00edculos a partir de ahora con nuestra App Piranha\u00a0y s\u00e1quele partido a la profesionalidad de las im\u00e1genes y al ahorro de tiempo de hasta un 82%.","og_url":"https:\/\/www.octopus.tools\/es\/","og_site_name":"Octopus tools - automotive imagery solutions","article_publisher":"https:\/\/www.facebook.com\/yoozoo.de","article_modified_time":"2023-09-18T08:50:08+00:00","og_image":[{"width":900,"height":900,"url":"https:\/\/www.octopus.tools\/wp-content\/uploads\/2018\/04\/social-share-thumb.jpg","type":"image\/jpeg"}],"twitter_card":"summary_large_image","twitter_site":"@yoozoo_de","twitter_misc":{"Tiempo de lectura":"5 minutos"},"schema":{"@context":"https:\/\/schema.org","@graph":[{"@type":"WebPage","@id":"https:\/\/www.octopus.tools\/es\/","url":"https:\/\/www.octopus.tools\/es\/","name":"Octopus.tools - Fotograf\u00eda de autom\u00f3viles con la App y edici\u00f3n profesional","isPartOf":{"@id":"https:\/\/www.octopus.tools\/es\/#website"},"datePublished":"2018-07-04T14:52:34+00:00","dateModified":"2023-09-18T08:50:08+00:00","description":"Ofrecemos recortes de veh\u00edculos y edici\u00f3n de im\u00e1genes de calidad superior en combinaci\u00f3n con innovadoras soluciones de software de \u00faltima generaci\u00f3n. Fotograf\u00ede su inventario de veh\u00edculos a partir de ahora con nuestra App Piranha\u00a0y s\u00e1quele partido a la profesionalidad de las im\u00e1genes y al ahorro de tiempo de hasta un 82%.","breadcrumb":{"@id":"https:\/\/www.octopus.tools\/es\/#breadcrumb"},"inLanguage":"es","potentialAction":[{"@type":"ReadAction","target":["https:\/\/www.octopus.tools\/es\/"]}]},{"@type":"BreadcrumbList","@id":"https:\/\/www.octopus.tools\/es\/#breadcrumb","itemListElement":[{"@type":"ListItem","position":1,"name":"Home","item":"https:\/\/www.octopus.tools\/es\/"},{"@type":"ListItem","position":2,"name":"Inicio"}]},{"@type":"WebSite","@id":"https:\/\/www.octopus.tools\/es\/#website","url":"https:\/\/www.octopus.tools\/es\/","name":"Octopus tools - automotive imagery solutions","description":"yoozoo GmbH software","publisher":{"@id":"https:\/\/www.octopus.tools\/es\/#organization"},"potentialAction":[{"@type":"SearchAction","target":{"@type":"EntryPoint","urlTemplate":"https:\/\/www.octopus.tools\/es\/?s={search_term_string}"},"query-input":{"@type":"PropertyValueSpecification","valueRequired":true,"valueName":"search_term_string"}}],"inLanguage":"es"},{"@type":"Organization","@id":"https:\/\/www.octopus.tools\/es\/#organization","name":"Octopus.tools [by yoozoo GmbH]","url":"https:\/\/www.octopus.tools\/es\/","logo":{"@type":"ImageObject","inLanguage":"es","@id":"https:\/\/www.octopus.tools\/es\/#\/schema\/logo\/image\/","url":"https:\/\/www.octopus.tools\/wp-content\/uploads\/2018\/02\/website-octopus-tools-08.svg","contentUrl":"https:\/\/www.octopus.tools\/wp-content\/uploads\/2018\/02\/website-octopus-tools-08.svg","caption":"Octopus.tools [by yoozoo GmbH]"},"image":{"@id":"https:\/\/www.octopus.tools\/es\/#\/schema\/logo\/image\/"},"sameAs":["https:\/\/www.facebook.com\/yoozoo.de","https:\/\/x.com\/yoozoo_de"]}]}},"_links":{"self":[{"href":"https:\/\/www.octopus.tools\/es\/wp-json\/wp\/v2\/pages\/4522","targetHints":{"allow":["GET"]}}],"collection":[{"href":"https:\/\/www.octopus.tools\/es\/wp-json\/wp\/v2\/pages"}],"about":[{"href":"https:\/\/www.octopus.tools\/es\/wp-json\/wp\/v2\/types\/page"}],"author":[{"embeddable":true,"href":"https:\/\/www.octopus.tools\/es\/wp-json\/wp\/v2\/users\/1"}],"replies":[{"embeddable":true,"href":"https:\/\/www.octopus.tools\/es\/wp-json\/wp\/v2\/comments?post=4522"}],"version-history":[{"count":0,"href":"https:\/\/www.octopus.tools\/es\/wp-json\/wp\/v2\/pages\/4522\/revisions"}],"wp:attachment":[{"href":"https:\/\/www.octopus.tools\/es\/wp-json\/wp\/v2\/media?parent=4522"}],"curies":[{"name":"wp","href":"https:\/\/api.w.org\/{rel}","templated":true}]}}