{"id":4565,"date":"2018-07-04T16:39:26","date_gmt":"2018-07-04T16:39:26","guid":{"rendered":"https:\/\/octopus.tools\/contacto\/"},"modified":"2023-11-23T11:33:19","modified_gmt":"2023-11-23T10:33:19","slug":"contacto","status":"publish","type":"page","link":"https:\/\/www.octopus.tools\/es\/contacto\/","title":{"rendered":"Contacto"},"content":{"rendered":"<div class=\"wpb-content-wrapper\">[vc_row][vc_column][vc_empty_space height=\u00bb40px\u00bb][\/vc_column][\/vc_row][vc_row gap=\u00bb20&#8243; el_class=\u00bbdark-text\u00bb][vc_column width=\u00bb2\/3&#8243; css=\u00bb.vc_custom_1523475994408{border-top-width: 1px !important;border-right-width: 1px !important;border-bottom-width: 1px !important;border-left-width: 1px !important;padding-top: 40px !important;padding-right: 40px !important;padding-bottom: 40px !important;padding-left: 40px !important;background-color: #ffffff !important;border-left-color: #e8e8e8 !important;border-left-style: solid !important;border-right-color: #e8e8e8 !important;border-right-style: solid !important;border-top-color: #e8e8e8 !important;border-top-style: solid !important;border-bottom-color: #e8e8e8 !important;border-bottom-style: solid !important;border-radius: 5px !important;}\u00bb]<style>.vcex-heading.vcex_69d341049dae8 .vcex-heading-inner{border-color:#fc9a00;}.vcex-heading.vcex_69d341049dae8{border-color:#e2e2e2;color:#1e1e1e;}<\/style><h2 class=\"vcex-heading vcex-heading-bottom-border-w-color vcex-module wpex-heading wpex-text-2xl wpex-border-b-2 wpex-border-solid wpex-border-main vcex_69d341049dae8\"><span class=\"vcex-heading-inner wpex-inline-block wpex-relative wpex-pb-5 wpex-border-b-2 wpex-border-solid wpex-border-accent\">Formulario de contacto<\/span><\/h2>[vc_empty_space height=\u00bb20px\u00bb][vc_column_text]M\u00e1ndenos un mensaje a trav\u00e9s del siguiente formulario, env\u00edenos un correo electr\u00f3nico o ll\u00e1menos y le orientaremos para encontrar las herramientas que mejor se adapten a sus necesidades. \u00a1Estamos deseando conocerlo![\/vc_column_text][vc_empty_space height=\u00bb40px\u00bb]<div class=\"vcex-shortcode wpex-clr\">\n\t\t\t\t\t\t<script>\n\t\t\t\t\t\t\twindow.hsFormsOnReady = window.hsFormsOnReady || [];\n\t\t\t\t\t\t\twindow.hsFormsOnReady.push(()=>{\n\t\t\t\t\t\t\t\thbspt.forms.create({\n\t\t\t\t\t\t\t\t\tportalId: 4685406,\n\t\t\t\t\t\t\t\t\tformId: \"da5c35c7-0cbd-483a-8441-aab547fd10a9\",\n\t\t\t\t\t\t\t\t\ttarget: \"#hbspt-form-1775452420000-9078255960\",\n\t\t\t\t\t\t\t\t\tregion: \"na1\",\n\t\t\t\t\t\t\t\t\t\n\t\t\t\t\t\t\t})});\n\t\t\t\t\t\t<\/script>\n\t\t\t\t\t\t<div class=\"hbspt-form\" id=\"hbspt-form-1775452420000-9078255960\"><\/div><\/div>[\/vc_column][vc_column width=\u00bb1\/3&#8243; css=\u00bb.vc_custom_1523476174420{border-top-width: 1px !important;border-right-width: 1px !important;border-bottom-width: 1px !important;border-left-width: 1px !important;padding-top: 40px !important;padding-right: 40px !important;padding-bottom: 40px !important;padding-left: 40px !important;background-color: #ffffff !important;border-left-color: #e8e8e8 !important;border-left-style: solid !important;border-right-color: #e8e8e8 !important;border-right-style: solid !important;border-top-color: #e8e8e8 !important;border-top-style: solid !important;border-bottom-color: #e8e8e8 !important;border-bottom-style: solid !important;border-radius: 5px !important;}\u00bb][vc_single_image image=\u00bb2852&#8243; css_animation=\u00bbbounceIn\u00bb img_hover=\u00bbgrow\u00bb][vc_empty_space height=\u00bb20px\u00bb]<style>.vcex-heading.vcex_69d341049e3fd .vcex-heading-inner{border-color:#fc9a00;}.vcex-heading.vcex_69d341049e3fd{border-color:#e2e2e2;color:#1e1e1e;}<\/style><h2 class=\"vcex-heading vcex-heading-bottom-border-w-color vcex-module wpex-heading wpex-text-2xl wpex-border-b-2 wpex-border-solid wpex-border-main vcex_69d341049e3fd\"><span class=\"vcex-heading-inner wpex-inline-block wpex-relative wpex-pb-5 wpex-border-b-2 wpex-border-solid wpex-border-accent\">Contacto<\/span><\/h2>[vc_empty_space height=\u00bb20px\u00bb][vc_column_text color=\u00bbaccent\u00bb font_size=\u00bb14&#8243;]<a href=\"tel:+34635296529\">+34 635 29 65 29<\/a><br \/>\n<a href=\"mailto:support@octopus.tools\">support@octopus.tools<\/a>[\/vc_column_text][\/vc_column][\/vc_row]\n<\/div>","protected":false},"excerpt":{"rendered":"<p>[vc_row][vc_column][vc_empty_space height=\u00bb40px\u00bb][\/vc_column][\/vc_row][vc_row gap=\u00bb20&#8243; el_class=\u00bbdark-text\u00bb][vc_column width=\u00bb2\/3&#8243; css=\u00bb.vc_custom_1523475994408{border-top-width: 1px !important;border-right-width: 1px !important;border-bottom-width: 1px !important;border-left-width: 1px !important;padding-top: 40px !important;padding-right: 40px !important;padding-bottom: 40px !important;padding-left: 40px !important;background-color: #ffffff !important;border-left-color: #e8e8e8 !important;border-left-style: solid !important;border-right-color: #e8e8e8 !important;border-right-style: solid !important;border-top-color: #e8e8e8 !important;border-top-style: solid !important;border-bottom-color: #e8e8e8 !important;border-bottom-style: solid !important;border-radius: 5px !important;}\u00bb][vc_empty_space height=\u00bb20px\u00bb][vc_column_text]M\u00e1ndenos un mensaje a trav\u00e9s del siguiente formulario, env\u00edenos un correo electr\u00f3nico o&hellip;<\/p>\n","protected":false},"author":1,"featured_media":0,"parent":0,"menu_order":0,"comment_status":"closed","ping_status":"closed","template":"","meta":{"content-type":"","inline_featured_image":false,"footnotes":""},"class_list":["post-4565","page","type-page","status-publish","hentry","entry","no-media"],"yoast_head":"<!-- This site is optimized with the Yoast SEO plugin v24.0 - https:\/\/yoast.com\/wordpress\/plugins\/seo\/ -->\n<title>Contacto - Octopus tools - automotive imagery solutions<\/title>\n<meta name=\"robots\" content=\"index, follow, max-snippet:-1, max-image-preview:large, max-video-preview:-1\" \/>\n<link rel=\"canonical\" href=\"https:\/\/www.octopus.tools\/es\/contacto\/\" \/>\n<meta property=\"og:locale\" content=\"es_ES\" \/>\n<meta property=\"og:type\" content=\"article\" \/>\n<meta property=\"og:title\" content=\"Contacto - Octopus tools - automotive imagery solutions\" \/>\n<meta property=\"og:description\" content=\"[vc_row][vc_column][vc_empty_space height=\u00bb40px\u00bb][\/vc_column][\/vc_row][vc_row gap=\u00bb20&#8243; el_class=\u00bbdark-text\u00bb][vc_column width=\u00bb2\/3&#8243; css=\u00bb.vc_custom_1523475994408{border-top-width: 1px !important;border-right-width: 1px !important;border-bottom-width: 1px !important;border-left-width: 1px !important;padding-top: 40px !important;padding-right: 40px !important;padding-bottom: 40px !important;padding-left: 40px !important;background-color: #ffffff !important;border-left-color: #e8e8e8 !important;border-left-style: solid !important;border-right-color: #e8e8e8 !important;border-right-style: solid !important;border-top-color: #e8e8e8 !important;border-top-style: solid !important;border-bottom-color: #e8e8e8 !important;border-bottom-style: solid !important;border-radius: 5px !important;}\u00bb][vc_empty_space height=\u00bb20px\u00bb][vc_column_text]M\u00e1ndenos un mensaje a trav\u00e9s del siguiente formulario, env\u00edenos un correo electr\u00f3nico o&hellip;\" \/>\n<meta property=\"og:url\" content=\"https:\/\/www.octopus.tools\/es\/contacto\/\" \/>\n<meta property=\"og:site_name\" content=\"Octopus tools - automotive imagery solutions\" \/>\n<meta property=\"article:publisher\" content=\"https:\/\/www.facebook.com\/yoozoo.de\" \/>\n<meta property=\"article:modified_time\" content=\"2023-11-23T10:33:19+00:00\" \/>\n<meta property=\"og:image\" content=\"https:\/\/www.octopus.tools\/wp-content\/uploads\/2018\/04\/social-share-thumb.jpg\" \/>\n\t<meta property=\"og:image:width\" content=\"900\" \/>\n\t<meta property=\"og:image:height\" content=\"900\" \/>\n\t<meta property=\"og:image:type\" content=\"image\/jpeg\" \/>\n<meta name=\"twitter:card\" content=\"summary_large_image\" \/>\n<meta name=\"twitter:site\" content=\"@yoozoo_de\" \/>\n<meta name=\"twitter:label1\" content=\"Tiempo de lectura\" \/>\n\t<meta name=\"twitter:data1\" content=\"2 minutos\" \/>\n<script type=\"application\/ld+json\" class=\"yoast-schema-graph\">{\"@context\":\"https:\/\/schema.org\",\"@graph\":[{\"@type\":\"WebPage\",\"@id\":\"https:\/\/www.octopus.tools\/es\/contacto\/\",\"url\":\"https:\/\/www.octopus.tools\/es\/contacto\/\",\"name\":\"Contacto - Octopus tools - automotive imagery solutions\",\"isPartOf\":{\"@id\":\"https:\/\/www.octopus.tools\/es\/#website\"},\"datePublished\":\"2018-07-04T16:39:26+00:00\",\"dateModified\":\"2023-11-23T10:33:19+00:00\",\"breadcrumb\":{\"@id\":\"https:\/\/www.octopus.tools\/es\/contacto\/#breadcrumb\"},\"inLanguage\":\"es\",\"potentialAction\":[{\"@type\":\"ReadAction\",\"target\":[\"https:\/\/www.octopus.tools\/es\/contacto\/\"]}]},{\"@type\":\"BreadcrumbList\",\"@id\":\"https:\/\/www.octopus.tools\/es\/contacto\/#breadcrumb\",\"itemListElement\":[{\"@type\":\"ListItem\",\"position\":1,\"name\":\"Home\",\"item\":\"https:\/\/www.octopus.tools\/es\/\"},{\"@type\":\"ListItem\",\"position\":2,\"name\":\"Contacto\"}]},{\"@type\":\"WebSite\",\"@id\":\"https:\/\/www.octopus.tools\/es\/#website\",\"url\":\"https:\/\/www.octopus.tools\/es\/\",\"name\":\"Octopus tools - automotive imagery solutions\",\"description\":\"yoozoo GmbH software\",\"publisher\":{\"@id\":\"https:\/\/www.octopus.tools\/es\/#organization\"},\"potentialAction\":[{\"@type\":\"SearchAction\",\"target\":{\"@type\":\"EntryPoint\",\"urlTemplate\":\"https:\/\/www.octopus.tools\/es\/?s={search_term_string}\"},\"query-input\":{\"@type\":\"PropertyValueSpecification\",\"valueRequired\":true,\"valueName\":\"search_term_string\"}}],\"inLanguage\":\"es\"},{\"@type\":\"Organization\",\"@id\":\"https:\/\/www.octopus.tools\/es\/#organization\",\"name\":\"Octopus.tools [by yoozoo GmbH]\",\"url\":\"https:\/\/www.octopus.tools\/es\/\",\"logo\":{\"@type\":\"ImageObject\",\"inLanguage\":\"es\",\"@id\":\"https:\/\/www.octopus.tools\/es\/#\/schema\/logo\/image\/\",\"url\":\"https:\/\/www.octopus.tools\/wp-content\/uploads\/2018\/02\/website-octopus-tools-08.svg\",\"contentUrl\":\"https:\/\/www.octopus.tools\/wp-content\/uploads\/2018\/02\/website-octopus-tools-08.svg\",\"caption\":\"Octopus.tools [by yoozoo GmbH]\"},\"image\":{\"@id\":\"https:\/\/www.octopus.tools\/es\/#\/schema\/logo\/image\/\"},\"sameAs\":[\"https:\/\/www.facebook.com\/yoozoo.de\",\"https:\/\/x.com\/yoozoo_de\"]}]}<\/script>\n<!-- \/ Yoast SEO plugin. -->","yoast_head_json":{"title":"Contacto - Octopus tools - automotive imagery solutions","robots":{"index":"index","follow":"follow","max-snippet":"max-snippet:-1","max-image-preview":"max-image-preview:large","max-video-preview":"max-video-preview:-1"},"canonical":"https:\/\/www.octopus.tools\/es\/contacto\/","og_locale":"es_ES","og_type":"article","og_title":"Contacto - Octopus tools - automotive imagery solutions","og_description":"[vc_row][vc_column][vc_empty_space height=\u00bb40px\u00bb][\/vc_column][\/vc_row][vc_row gap=\u00bb20&#8243; el_class=\u00bbdark-text\u00bb][vc_column width=\u00bb2\/3&#8243; css=\u00bb.vc_custom_1523475994408{border-top-width: 1px !important;border-right-width: 1px !important;border-bottom-width: 1px !important;border-left-width: 1px !important;padding-top: 40px !important;padding-right: 40px !important;padding-bottom: 40px !important;padding-left: 40px !important;background-color: #ffffff !important;border-left-color: #e8e8e8 !important;border-left-style: solid !important;border-right-color: #e8e8e8 !important;border-right-style: solid !important;border-top-color: #e8e8e8 !important;border-top-style: solid !important;border-bottom-color: #e8e8e8 !important;border-bottom-style: solid !important;border-radius: 5px !important;}\u00bb][vc_empty_space height=\u00bb20px\u00bb][vc_column_text]M\u00e1ndenos un mensaje a trav\u00e9s del siguiente formulario, env\u00edenos un correo electr\u00f3nico o&hellip;","og_url":"https:\/\/www.octopus.tools\/es\/contacto\/","og_site_name":"Octopus tools - automotive imagery solutions","article_publisher":"https:\/\/www.facebook.com\/yoozoo.de","article_modified_time":"2023-11-23T10:33:19+00:00","og_image":[{"width":900,"height":900,"url":"https:\/\/www.octopus.tools\/wp-content\/uploads\/2018\/04\/social-share-thumb.jpg","type":"image\/jpeg"}],"twitter_card":"summary_large_image","twitter_site":"@yoozoo_de","twitter_misc":{"Tiempo de lectura":"2 minutos"},"schema":{"@context":"https:\/\/schema.org","@graph":[{"@type":"WebPage","@id":"https:\/\/www.octopus.tools\/es\/contacto\/","url":"https:\/\/www.octopus.tools\/es\/contacto\/","name":"Contacto - Octopus tools - automotive imagery solutions","isPartOf":{"@id":"https:\/\/www.octopus.tools\/es\/#website"},"datePublished":"2018-07-04T16:39:26+00:00","dateModified":"2023-11-23T10:33:19+00:00","breadcrumb":{"@id":"https:\/\/www.octopus.tools\/es\/contacto\/#breadcrumb"},"inLanguage":"es","potentialAction":[{"@type":"ReadAction","target":["https:\/\/www.octopus.tools\/es\/contacto\/"]}]},{"@type":"BreadcrumbList","@id":"https:\/\/www.octopus.tools\/es\/contacto\/#breadcrumb","itemListElement":[{"@type":"ListItem","position":1,"name":"Home","item":"https:\/\/www.octopus.tools\/es\/"},{"@type":"ListItem","position":2,"name":"Contacto"}]},{"@type":"WebSite","@id":"https:\/\/www.octopus.tools\/es\/#website","url":"https:\/\/www.octopus.tools\/es\/","name":"Octopus tools - automotive imagery solutions","description":"yoozoo GmbH software","publisher":{"@id":"https:\/\/www.octopus.tools\/es\/#organization"},"potentialAction":[{"@type":"SearchAction","target":{"@type":"EntryPoint","urlTemplate":"https:\/\/www.octopus.tools\/es\/?s={search_term_string}"},"query-input":{"@type":"PropertyValueSpecification","valueRequired":true,"valueName":"search_term_string"}}],"inLanguage":"es"},{"@type":"Organization","@id":"https:\/\/www.octopus.tools\/es\/#organization","name":"Octopus.tools [by yoozoo GmbH]","url":"https:\/\/www.octopus.tools\/es\/","logo":{"@type":"ImageObject","inLanguage":"es","@id":"https:\/\/www.octopus.tools\/es\/#\/schema\/logo\/image\/","url":"https:\/\/www.octopus.tools\/wp-content\/uploads\/2018\/02\/website-octopus-tools-08.svg","contentUrl":"https:\/\/www.octopus.tools\/wp-content\/uploads\/2018\/02\/website-octopus-tools-08.svg","caption":"Octopus.tools [by yoozoo GmbH]"},"image":{"@id":"https:\/\/www.octopus.tools\/es\/#\/schema\/logo\/image\/"},"sameAs":["https:\/\/www.facebook.com\/yoozoo.de","https:\/\/x.com\/yoozoo_de"]}]}},"_links":{"self":[{"href":"https:\/\/www.octopus.tools\/es\/wp-json\/wp\/v2\/pages\/4565","targetHints":{"allow":["GET"]}}],"collection":[{"href":"https:\/\/www.octopus.tools\/es\/wp-json\/wp\/v2\/pages"}],"about":[{"href":"https:\/\/www.octopus.tools\/es\/wp-json\/wp\/v2\/types\/page"}],"author":[{"embeddable":true,"href":"https:\/\/www.octopus.tools\/es\/wp-json\/wp\/v2\/users\/1"}],"replies":[{"embeddable":true,"href":"https:\/\/www.octopus.tools\/es\/wp-json\/wp\/v2\/comments?post=4565"}],"version-history":[{"count":2,"href":"https:\/\/www.octopus.tools\/es\/wp-json\/wp\/v2\/pages\/4565\/revisions"}],"predecessor-version":[{"id":22508,"href":"https:\/\/www.octopus.tools\/es\/wp-json\/wp\/v2\/pages\/4565\/revisions\/22508"}],"wp:attachment":[{"href":"https:\/\/www.octopus.tools\/es\/wp-json\/wp\/v2\/media?parent=4565"}],"curies":[{"name":"wp","href":"https:\/\/api.w.org\/{rel}","templated":true}]}}