{"id":4569,"date":"2018-07-04T17:09:13","date_gmt":"2018-07-04T17:09:13","guid":{"rendered":"https:\/\/octopus.tools\/eagle\/"},"modified":"2023-09-12T13:05:18","modified_gmt":"2023-09-12T12:05:18","slug":"eagle","status":"publish","type":"page","link":"https:\/\/www.octopus.tools\/es\/eagle\/","title":{"rendered":"Eagle"},"content":{"rendered":"<div class=\"wpb-content-wrapper\">[vc_row full_width=\u00bbstretch_row\u00bb gap=\u00bb20&#8243; equal_height=\u00bbyes\u00bb css=\u00bb.vc_custom_1523490905541{padding-top: 40px !important;background-color: #1e1e1e !important;}\u00bb][vc_column width=\u00bb1\/3&#8243; css=\u00bb.vc_custom_1523490844470{background-color: #232323 !important;border: 1px solid #f1f1f1 !important;border-radius: 5px !important;}\u00bb]<div class=\"vcex-module vcex-icon-box vcex-icon-box-four wpex-block wpex-text-center wpex-p-30 wpex-bordered vc_custom_1694520269290\"><div class=\"vcex-icon-box-symbol wpex-mb-20\" style=\"margin-bottom:10px;\"><div class=\"vcex-icon-box-icon wpex-inline-flex wpex-items-center wpex-justify-center wpex-child-inherit-color wpex-text-center wpex-leading-none wpex-text-1\" style=\"color:#904d16;font-size:30px;\"><span class=\"ticon ticon-check-square\" aria-hidden=\"true\"><\/span><\/div><\/div><div class=\"vcex-icon-box-text\"><h1 class=\"vcex-icon-box-heading wpex-heading\" style=\"color:#f2f2f2;--wpex-hover-heading-link-color:#f2f2f2;font-size:25px;margin-bottom:0px;text-transform:none;\">Transparencia total<\/h1><div class=\"vcex-icon-box-content wpex-last-mb-0 wpex-clr\" style=\"color:#f2f2f2;\"><p>La herramienta Eagle le permite una transparencia total en todo momento.<\/p>\n<\/div><\/div><\/div>[\/vc_column][vc_column width=\u00bb1\/3&#8243; css=\u00bb.vc_custom_1523490867511{background-color: #232323 !important;border: 1px solid #f1f1f1 !important;border-radius: 5px !important;}\u00bb]<div class=\"vcex-module vcex-icon-box vcex-icon-box-four wpex-block wpex-text-center wpex-p-30 wpex-bordered vc_custom_1694520304432\"><div class=\"vcex-icon-box-symbol wpex-mb-20\" style=\"margin-bottom:10px;\"><div class=\"vcex-icon-box-icon wpex-inline-flex wpex-items-center wpex-justify-center wpex-child-inherit-color wpex-text-center wpex-leading-none wpex-text-1\" style=\"color:#904d16;font-size:30px;\"><span class=\"ticon ticon-check-square\" aria-hidden=\"true\"><\/span><\/div><\/div><div class=\"vcex-icon-box-text\"><h1 class=\"vcex-icon-box-heading wpex-heading\" style=\"color:#f2f2f2;--wpex-hover-heading-link-color:#f2f2f2;font-size:25px;margin-bottom:0px;text-transform:none;\">Personalizable<\/h1><div class=\"vcex-icon-box-content wpex-last-mb-0 wpex-clr\" style=\"color:#f2f2f2;\"><p>Usted define qu\u00e9 informaci\u00f3n desea ver.<\/p>\n<\/div><\/div><\/div>[\/vc_column][vc_column width=\u00bb1\/3&#8243; css=\u00bb.vc_custom_1523490893138{background-color: #232323 !important;border: 1px solid #f1f1f1 !important;border-radius: 5px !important;}\u00bb]<div class=\"vcex-module vcex-icon-box vcex-icon-box-four wpex-block wpex-text-center wpex-p-30 wpex-bordered vc_custom_1694520312280\"><div class=\"vcex-icon-box-symbol wpex-mb-20\" style=\"margin-bottom:10px;\"><div class=\"vcex-icon-box-icon wpex-inline-flex wpex-items-center wpex-justify-center wpex-child-inherit-color wpex-text-center wpex-leading-none wpex-text-1\" style=\"color:#904d16;font-size:30px;\"><span class=\"ticon ticon-check-square\" aria-hidden=\"true\"><\/span><\/div><\/div><div class=\"vcex-icon-box-text\"><h1 class=\"vcex-icon-box-heading wpex-heading\" style=\"color:#f2f2f2;--wpex-hover-heading-link-color:#f2f2f2;font-size:25px;margin-bottom:0px;text-transform:none;\">Totalmente adaptativo<\/h1><div class=\"vcex-icon-box-content wpex-last-mb-0 wpex-clr\" style=\"color:#f2f2f2;\"><p>La herramienta Eagle funcionar\u00e1 en todos sus dispositivos.<\/p>\n<\/div><\/div><\/div>[\/vc_column][\/vc_row][vc_row full_width=\u00bbstretch_row\u00bb css=\u00bb.vc_custom_1523490950742{background-color: #3d3d3d !important;}\u00bb][vc_column][vc_empty_space height=\u00bb40px\u00bb]<style>.vcex-heading.vcex_69de90961cb21 .vcex-heading-inner{border-color:#fc9a00;}.vcex-heading.vcex_69de90961cb21{border-color:#e2e2e2;}<\/style><h2 class=\"vcex-heading vcex-heading-bottom-border-w-color vcex-module wpex-heading wpex-text-2xl wpex-border-b-2 wpex-border-solid wpex-border-main vcex_69de90961cb21\"><span class=\"vcex-heading-inner wpex-inline-block wpex-relative wpex-pb-5 wpex-border-b-2 wpex-border-solid wpex-border-accent\">\u00bfQu\u00e9 es la herramienta Eagle?<\/span><\/h2>[vc_empty_space height=\u00bb20&#8243;][vc_column_text]Eagle es la herramienta perfecta para empresas medianas y grandes, al igual que para distribuidores, para mantener el registro y control de sus actividades de fotograf\u00eda. La herramienta Eagle le muestra de un solo vistazo toda la informaci\u00f3n relevante relacionada con su fotograf\u00eda y edici\u00f3n y puede ser ajustada a sus deseos y necesidades.<\/p>\n<p>\u00bfEs usted la persona responsable de la fotograf\u00eda y representaci\u00f3n online de sus veh\u00edculos? Entonces la siguiente informaci\u00f3n puede ser de su inter\u00e9s:<br \/>\n&#8211; \u00bfQu\u00e9 im\u00e1genes de veh\u00edculos se est\u00e1n procesando en estos momentos?<br \/>\n&#8211; \u00bfCu\u00e1ndo est\u00e1 previsto que est\u00e9n listas las im\u00e1genes?<br \/>\n-Comparaci\u00f3n del antes y despu\u00e9s de las im\u00e1genes para asegurar la calidad.<\/p>\n<p>\u00bfEs usted \u00e9l\/la director\/a de un concesionario? Entonces le puede interesar:<br \/>\n-Cu\u00e1nto tardan de media las im\u00e1genes en estar listas y disponibles.<br \/>\n-Qu\u00e9 costes se han producido este mes por retocar las fotos.<br \/>\n-Tener un informe dividido por sucursales, empleados, tio de procesamiento&#8230;<\/p>\n<p>Por supuesto, como distribuidor\/a, siempre desea saber:<br \/>\n-Cu\u00e1ntas im\u00e1genes se est\u00e1n retocando en estos momentos para qu\u00e9 cliente.<br \/>\n-Cu\u00e1les son los tiempos de entrega de las im\u00e1genes para sus clientes.<br \/>\n-Qu\u00e9 ventas se han producido en el periodo X mediante el retoque de im\u00e1genes.<\/p>\n<p>Tiene la opci\u00f3n de visualizar la herramienta Eagle en su ordenador, proyectarlo en una pantalla grande, televisi\u00f3n o proyector o simplemente acceder a \u00e9l desde su tablet o m\u00f3vil.<\/p>\n<p>A parte de los informes mencionados anteriormente, esta herramienta puede mostrar tambi\u00e9n otros datos como, por ejemplo, el n\u00famero de veh\u00edculos de su flota que a\u00fan no han sido fotografiados. O, por ejemplo, cu\u00e1nto tardan sus empleados de media en tomar nuevas im\u00e1genes de nuevos veh\u00edculos. La base de estas funcionalidades es, por supuesto, que facilite los datos correspondiente mediante la interfaz Fox.<\/p>\n<p>Mediante estos datos tambi\u00e9n es posible crear, por ejemplo, listados de tareas en la App Piranha o en Orca, para que sus empleados sepan directamente qu\u00e9 veh\u00edculos deben fotografiar a continuaci\u00f3n.[\/vc_column_text][\/vc_column][\/vc_row]\n<\/div>","protected":false},"excerpt":{"rendered":"<p>[vc_row full_width=\u00bbstretch_row\u00bb gap=\u00bb20&#8243; equal_height=\u00bbyes\u00bb css=\u00bb.vc_custom_1523490905541{padding-top: 40px !important;background-color: #1e1e1e !important;}\u00bb][vc_column width=\u00bb1\/3&#8243; css=\u00bb.vc_custom_1523490844470{background-color: #232323 !important;border: 1px solid #f1f1f1 !important;border-radius: 5px !important;}\u00bb][\/vc_column][vc_column width=\u00bb1\/3&#8243; css=\u00bb.vc_custom_1523490867511{background-color: #232323 !important;border: 1px solid #f1f1f1 !important;border-radius: 5px !important;}\u00bb][\/vc_column][vc_column width=\u00bb1\/3&#8243; css=\u00bb.vc_custom_1523490893138{background-color: #232323 !important;border: 1px solid #f1f1f1 !important;border-radius: 5px !important;}\u00bb][\/vc_column][\/vc_row][vc_row full_width=\u00bbstretch_row\u00bb css=\u00bb.vc_custom_1523490950742{background-color: #3d3d3d !important;}\u00bb][vc_column][vc_empty_space height=\u00bb40px\u00bb][vc_empty_space height=\u00bb20&#8243;][vc_column_text]Eagle es la herramienta perfecta para empresas medianas y grandes, al&hellip;<\/p>\n","protected":false},"author":1,"featured_media":0,"parent":0,"menu_order":0,"comment_status":"closed","ping_status":"closed","template":"","meta":{"content-type":"","inline_featured_image":false,"footnotes":""},"class_list":["post-4569","page","type-page","status-publish","hentry","entry","no-media"],"yoast_head":"<!-- This site is optimized with the Yoast SEO plugin v24.0 - https:\/\/yoast.com\/wordpress\/plugins\/seo\/ -->\n<title>Eagle - Octopus tools - automotive imagery solutions<\/title>\n<meta name=\"robots\" content=\"index, follow, max-snippet:-1, max-image-preview:large, max-video-preview:-1\" \/>\n<link rel=\"canonical\" href=\"https:\/\/www.octopus.tools\/es\/eagle\/\" \/>\n<meta property=\"og:locale\" content=\"es_ES\" \/>\n<meta property=\"og:type\" content=\"article\" \/>\n<meta property=\"og:title\" content=\"Eagle - Octopus tools - automotive imagery solutions\" \/>\n<meta property=\"og:description\" content=\"[vc_row full_width=\u00bbstretch_row\u00bb gap=\u00bb20&#8243; equal_height=\u00bbyes\u00bb css=\u00bb.vc_custom_1523490905541{padding-top: 40px !important;background-color: #1e1e1e !important;}\u00bb][vc_column width=\u00bb1\/3&#8243; css=\u00bb.vc_custom_1523490844470{background-color: #232323 !important;border: 1px solid #f1f1f1 !important;border-radius: 5px !important;}\u00bb][\/vc_column][vc_column width=\u00bb1\/3&#8243; css=\u00bb.vc_custom_1523490867511{background-color: #232323 !important;border: 1px solid #f1f1f1 !important;border-radius: 5px !important;}\u00bb][\/vc_column][vc_column width=\u00bb1\/3&#8243; css=\u00bb.vc_custom_1523490893138{background-color: #232323 !important;border: 1px solid #f1f1f1 !important;border-radius: 5px !important;}\u00bb][\/vc_column][\/vc_row][vc_row full_width=\u00bbstretch_row\u00bb css=\u00bb.vc_custom_1523490950742{background-color: #3d3d3d !important;}\u00bb][vc_column][vc_empty_space height=\u00bb40px\u00bb][vc_empty_space height=\u00bb20&#8243;][vc_column_text]Eagle es la herramienta perfecta para empresas medianas y grandes, al&hellip;\" \/>\n<meta property=\"og:url\" content=\"https:\/\/www.octopus.tools\/es\/eagle\/\" \/>\n<meta property=\"og:site_name\" content=\"Octopus tools - automotive imagery solutions\" \/>\n<meta property=\"article:publisher\" content=\"https:\/\/www.facebook.com\/yoozoo.de\" \/>\n<meta property=\"article:modified_time\" content=\"2023-09-12T12:05:18+00:00\" \/>\n<meta property=\"og:image\" content=\"https:\/\/www.octopus.tools\/wp-content\/uploads\/2018\/04\/social-share-thumb.jpg\" \/>\n\t<meta property=\"og:image:width\" content=\"900\" \/>\n\t<meta property=\"og:image:height\" content=\"900\" \/>\n\t<meta property=\"og:image:type\" content=\"image\/jpeg\" \/>\n<meta name=\"twitter:card\" content=\"summary_large_image\" \/>\n<meta name=\"twitter:site\" content=\"@yoozoo_de\" \/>\n<meta name=\"twitter:label1\" content=\"Tiempo de lectura\" \/>\n\t<meta name=\"twitter:data1\" content=\"4 minutos\" \/>\n<script type=\"application\/ld+json\" class=\"yoast-schema-graph\">{\"@context\":\"https:\/\/schema.org\",\"@graph\":[{\"@type\":\"WebPage\",\"@id\":\"https:\/\/www.octopus.tools\/es\/eagle\/\",\"url\":\"https:\/\/www.octopus.tools\/es\/eagle\/\",\"name\":\"Eagle - Octopus tools - automotive imagery solutions\",\"isPartOf\":{\"@id\":\"https:\/\/www.octopus.tools\/es\/#website\"},\"datePublished\":\"2018-07-04T17:09:13+00:00\",\"dateModified\":\"2023-09-12T12:05:18+00:00\",\"breadcrumb\":{\"@id\":\"https:\/\/www.octopus.tools\/es\/eagle\/#breadcrumb\"},\"inLanguage\":\"es\",\"potentialAction\":[{\"@type\":\"ReadAction\",\"target\":[\"https:\/\/www.octopus.tools\/es\/eagle\/\"]}]},{\"@type\":\"BreadcrumbList\",\"@id\":\"https:\/\/www.octopus.tools\/es\/eagle\/#breadcrumb\",\"itemListElement\":[{\"@type\":\"ListItem\",\"position\":1,\"name\":\"Home\",\"item\":\"https:\/\/www.octopus.tools\/es\/\"},{\"@type\":\"ListItem\",\"position\":2,\"name\":\"Eagle\"}]},{\"@type\":\"WebSite\",\"@id\":\"https:\/\/www.octopus.tools\/es\/#website\",\"url\":\"https:\/\/www.octopus.tools\/es\/\",\"name\":\"Octopus tools - automotive imagery solutions\",\"description\":\"yoozoo GmbH software\",\"publisher\":{\"@id\":\"https:\/\/www.octopus.tools\/es\/#organization\"},\"potentialAction\":[{\"@type\":\"SearchAction\",\"target\":{\"@type\":\"EntryPoint\",\"urlTemplate\":\"https:\/\/www.octopus.tools\/es\/?s={search_term_string}\"},\"query-input\":{\"@type\":\"PropertyValueSpecification\",\"valueRequired\":true,\"valueName\":\"search_term_string\"}}],\"inLanguage\":\"es\"},{\"@type\":\"Organization\",\"@id\":\"https:\/\/www.octopus.tools\/es\/#organization\",\"name\":\"Octopus.tools [by yoozoo GmbH]\",\"url\":\"https:\/\/www.octopus.tools\/es\/\",\"logo\":{\"@type\":\"ImageObject\",\"inLanguage\":\"es\",\"@id\":\"https:\/\/www.octopus.tools\/es\/#\/schema\/logo\/image\/\",\"url\":\"https:\/\/www.octopus.tools\/wp-content\/uploads\/2018\/02\/website-octopus-tools-08.svg\",\"contentUrl\":\"https:\/\/www.octopus.tools\/wp-content\/uploads\/2018\/02\/website-octopus-tools-08.svg\",\"caption\":\"Octopus.tools [by yoozoo GmbH]\"},\"image\":{\"@id\":\"https:\/\/www.octopus.tools\/es\/#\/schema\/logo\/image\/\"},\"sameAs\":[\"https:\/\/www.facebook.com\/yoozoo.de\",\"https:\/\/x.com\/yoozoo_de\"]}]}<\/script>\n<!-- \/ Yoast SEO plugin. -->","yoast_head_json":{"title":"Eagle - Octopus tools - automotive imagery solutions","robots":{"index":"index","follow":"follow","max-snippet":"max-snippet:-1","max-image-preview":"max-image-preview:large","max-video-preview":"max-video-preview:-1"},"canonical":"https:\/\/www.octopus.tools\/es\/eagle\/","og_locale":"es_ES","og_type":"article","og_title":"Eagle - Octopus tools - automotive imagery solutions","og_description":"[vc_row full_width=\u00bbstretch_row\u00bb gap=\u00bb20&#8243; equal_height=\u00bbyes\u00bb css=\u00bb.vc_custom_1523490905541{padding-top: 40px !important;background-color: #1e1e1e !important;}\u00bb][vc_column width=\u00bb1\/3&#8243; css=\u00bb.vc_custom_1523490844470{background-color: #232323 !important;border: 1px solid #f1f1f1 !important;border-radius: 5px !important;}\u00bb][\/vc_column][vc_column width=\u00bb1\/3&#8243; css=\u00bb.vc_custom_1523490867511{background-color: #232323 !important;border: 1px solid #f1f1f1 !important;border-radius: 5px !important;}\u00bb][\/vc_column][vc_column width=\u00bb1\/3&#8243; css=\u00bb.vc_custom_1523490893138{background-color: #232323 !important;border: 1px solid #f1f1f1 !important;border-radius: 5px !important;}\u00bb][\/vc_column][\/vc_row][vc_row full_width=\u00bbstretch_row\u00bb css=\u00bb.vc_custom_1523490950742{background-color: #3d3d3d !important;}\u00bb][vc_column][vc_empty_space height=\u00bb40px\u00bb][vc_empty_space height=\u00bb20&#8243;][vc_column_text]Eagle es la herramienta perfecta para empresas medianas y grandes, al&hellip;","og_url":"https:\/\/www.octopus.tools\/es\/eagle\/","og_site_name":"Octopus tools - automotive imagery solutions","article_publisher":"https:\/\/www.facebook.com\/yoozoo.de","article_modified_time":"2023-09-12T12:05:18+00:00","og_image":[{"width":900,"height":900,"url":"https:\/\/www.octopus.tools\/wp-content\/uploads\/2018\/04\/social-share-thumb.jpg","type":"image\/jpeg"}],"twitter_card":"summary_large_image","twitter_site":"@yoozoo_de","twitter_misc":{"Tiempo de lectura":"4 minutos"},"schema":{"@context":"https:\/\/schema.org","@graph":[{"@type":"WebPage","@id":"https:\/\/www.octopus.tools\/es\/eagle\/","url":"https:\/\/www.octopus.tools\/es\/eagle\/","name":"Eagle - Octopus tools - automotive imagery solutions","isPartOf":{"@id":"https:\/\/www.octopus.tools\/es\/#website"},"datePublished":"2018-07-04T17:09:13+00:00","dateModified":"2023-09-12T12:05:18+00:00","breadcrumb":{"@id":"https:\/\/www.octopus.tools\/es\/eagle\/#breadcrumb"},"inLanguage":"es","potentialAction":[{"@type":"ReadAction","target":["https:\/\/www.octopus.tools\/es\/eagle\/"]}]},{"@type":"BreadcrumbList","@id":"https:\/\/www.octopus.tools\/es\/eagle\/#breadcrumb","itemListElement":[{"@type":"ListItem","position":1,"name":"Home","item":"https:\/\/www.octopus.tools\/es\/"},{"@type":"ListItem","position":2,"name":"Eagle"}]},{"@type":"WebSite","@id":"https:\/\/www.octopus.tools\/es\/#website","url":"https:\/\/www.octopus.tools\/es\/","name":"Octopus tools - automotive imagery solutions","description":"yoozoo GmbH software","publisher":{"@id":"https:\/\/www.octopus.tools\/es\/#organization"},"potentialAction":[{"@type":"SearchAction","target":{"@type":"EntryPoint","urlTemplate":"https:\/\/www.octopus.tools\/es\/?s={search_term_string}"},"query-input":{"@type":"PropertyValueSpecification","valueRequired":true,"valueName":"search_term_string"}}],"inLanguage":"es"},{"@type":"Organization","@id":"https:\/\/www.octopus.tools\/es\/#organization","name":"Octopus.tools [by yoozoo GmbH]","url":"https:\/\/www.octopus.tools\/es\/","logo":{"@type":"ImageObject","inLanguage":"es","@id":"https:\/\/www.octopus.tools\/es\/#\/schema\/logo\/image\/","url":"https:\/\/www.octopus.tools\/wp-content\/uploads\/2018\/02\/website-octopus-tools-08.svg","contentUrl":"https:\/\/www.octopus.tools\/wp-content\/uploads\/2018\/02\/website-octopus-tools-08.svg","caption":"Octopus.tools [by yoozoo GmbH]"},"image":{"@id":"https:\/\/www.octopus.tools\/es\/#\/schema\/logo\/image\/"},"sameAs":["https:\/\/www.facebook.com\/yoozoo.de","https:\/\/x.com\/yoozoo_de"]}]}},"_links":{"self":[{"href":"https:\/\/www.octopus.tools\/es\/wp-json\/wp\/v2\/pages\/4569","targetHints":{"allow":["GET"]}}],"collection":[{"href":"https:\/\/www.octopus.tools\/es\/wp-json\/wp\/v2\/pages"}],"about":[{"href":"https:\/\/www.octopus.tools\/es\/wp-json\/wp\/v2\/types\/page"}],"author":[{"embeddable":true,"href":"https:\/\/www.octopus.tools\/es\/wp-json\/wp\/v2\/users\/1"}],"replies":[{"embeddable":true,"href":"https:\/\/www.octopus.tools\/es\/wp-json\/wp\/v2\/comments?post=4569"}],"version-history":[{"count":0,"href":"https:\/\/www.octopus.tools\/es\/wp-json\/wp\/v2\/pages\/4569\/revisions"}],"wp:attachment":[{"href":"https:\/\/www.octopus.tools\/es\/wp-json\/wp\/v2\/media?parent=4569"}],"curies":[{"name":"wp","href":"https:\/\/api.w.org\/{rel}","templated":true}]}}