{"id":4589,"date":"2018-07-04T18:32:49","date_gmt":"2018-07-04T18:32:49","guid":{"rendered":"https:\/\/octopus.tools\/aviso-legal\/"},"modified":"2020-03-02T21:57:51","modified_gmt":"2020-03-02T21:57:51","slug":"aviso-legal","status":"publish","type":"page","link":"https:\/\/www.octopus.tools\/es\/aviso-legal\/","title":{"rendered":"Aviso legal"},"content":{"rendered":"<div class=\"wpb-content-wrapper\">[vc_row][vc_column][vc_empty_space height=\u00bb40px\u00bb][\/vc_column][\/vc_row][vc_row][vc_column width=\u00bb1\/2&#8243;][vc_column_text]<strong>Conforme a \u00a7 5 TMG:<\/strong><br \/>\nOctopus.tools es un producto de yoozoo GmbH<br \/>\nyoozoo GmbH<br \/>\nSalzburger Stra\u00dfe 18<br \/>\n10825 Berlin<\/p>\n<p><strong>Representado por:<\/strong><br \/>\nJochen Heine[\/vc_column_text][\/vc_column][vc_column width=\u00bb1\/2&#8243;][vc_column_text]<strong>Contacto:<\/strong><br \/>\nTel\u00e9fono: <a href=\"tel:+34 647 888 215\">+34 647 888 215<\/a><\/p>\n<p>Correo electr\u00f3nico:<br \/>\n[wpml_mailto email=\u201dinfo@yoozoo.de\u201d]info@yoozoo.de[\/wpml_mailto]\nSitio web: <a href=\"http:\/\/www.yoozoo.de\" target=\"_blank\" rel=\"noopener noreferrer\">www.yoozoo.de<\/a><\/p>\n<p><strong>Registro:<\/strong><br \/>\nRegistrado en el registro comercial.<br \/>\nRegistro: Amtsgericht Charlottenburg<br \/>\nN\u00famero de registro: HRB 156421B<br \/>\nN\u00famero de identificaci\u00f3n de impuestos conforme al \u00a727 a de la ley de ventas: DE265269110[\/vc_column_text][\/vc_column][\/vc_row][vc_row][vc_column][vc_column_text]El contenido de este sitio web ha sido desarrollado de acuerdo con nuestras mejores intenciones y conocimientos. No nos hacemos responsables del uso de la informaci\u00f3n y la informaci\u00f3n que contiene este sitio web. Si tiene dudas acerca de alg\u00fan punto en concreto, p\u00f3ngase en contacto con nosotros por tel\u00e9fono, fax o correo electr\u00f3nico.<\/p>\n<p>El contenido de otros sitios web a los que reenv\u00eda este sitio web est\u00e1 fuera del control y responsabilidad de la persona responsable de este sitio web. Siga estos enlaces bajo su propio riesgo.<\/p>\n<p>Reproducci\u00f3n, procesamiento, distribuci\u00f3n y cualquier tipo de explotaci\u00f3n del contenido y trabajo creado por nosotros en este sitio web no est\u00e1 permitido sin nuestro permiso expl\u00edcito por escrito. Descargas y copias de este sitio web solo para uso privado y no comercial.[\/vc_column_text][\/vc_column][\/vc_row]\n<\/div>","protected":false},"excerpt":{"rendered":"<p>[vc_row][vc_column][vc_empty_space height=\u00bb40px\u00bb][\/vc_column][\/vc_row][vc_row][vc_column width=\u00bb1\/2&#8243;][vc_column_text]Conforme a \u00a7 5 TMG: Octopus.tools es un producto de yoozoo GmbH yoozoo GmbH Salzburger Stra\u00dfe 18 10825 Berlin Representado por: Jochen Heine[\/vc_column_text][\/vc_column][vc_column width=\u00bb1\/2&#8243;][vc_column_text]Contacto: Tel\u00e9fono: +34 647 888 215 Correo electr\u00f3nico: [wpml_mailto email=\u201dinfo@yoozoo.de\u201d]info@yoozoo.de[\/wpml_mailto] Sitio web: www.yoozoo.de Registro: Registrado en el registro comercial. Registro: Amtsgericht Charlottenburg N\u00famero de registro: HRB 156421B N\u00famero de identificaci\u00f3n&hellip;<\/p>\n","protected":false},"author":1,"featured_media":0,"parent":0,"menu_order":0,"comment_status":"closed","ping_status":"closed","template":"","meta":{"content-type":"","inline_featured_image":false,"footnotes":""},"class_list":["post-4589","page","type-page","status-publish","hentry","entry","no-media"],"yoast_head":"<!-- This site is optimized with the Yoast SEO plugin v24.0 - https:\/\/yoast.com\/wordpress\/plugins\/seo\/ -->\n<title>Aviso legal - Octopus tools - automotive imagery solutions<\/title>\n<meta name=\"robots\" content=\"index, follow, max-snippet:-1, max-image-preview:large, max-video-preview:-1\" \/>\n<link rel=\"canonical\" href=\"https:\/\/www.octopus.tools\/es\/aviso-legal\/\" \/>\n<meta property=\"og:locale\" content=\"es_ES\" \/>\n<meta property=\"og:type\" content=\"article\" \/>\n<meta property=\"og:title\" content=\"Aviso legal - Octopus tools - automotive imagery solutions\" \/>\n<meta property=\"og:description\" content=\"[vc_row][vc_column][vc_empty_space height=\u00bb40px\u00bb][\/vc_column][\/vc_row][vc_row][vc_column width=\u00bb1\/2&#8243;][vc_column_text]Conforme a \u00a7 5 TMG: Octopus.tools es un producto de yoozoo GmbH yoozoo GmbH Salzburger Stra\u00dfe 18 10825 Berlin Representado por: Jochen Heine[\/vc_column_text][\/vc_column][vc_column width=\u00bb1\/2&#8243;][vc_column_text]Contacto: Tel\u00e9fono: +34 647 888 215 Correo electr\u00f3nico: [wpml_mailto email=\u201dinfo@yoozoo.de\u201d]info@yoozoo.de[\/wpml_mailto] Sitio web: www.yoozoo.de Registro: Registrado en el registro comercial. Registro: Amtsgericht Charlottenburg N\u00famero de registro: HRB 156421B N\u00famero de identificaci\u00f3n&hellip;\" \/>\n<meta property=\"og:url\" content=\"https:\/\/www.octopus.tools\/es\/aviso-legal\/\" \/>\n<meta property=\"og:site_name\" content=\"Octopus tools - automotive imagery solutions\" \/>\n<meta property=\"article:publisher\" content=\"https:\/\/www.facebook.com\/yoozoo.de\" \/>\n<meta property=\"article:modified_time\" content=\"2020-03-02T21:57:51+00:00\" \/>\n<meta property=\"og:image\" content=\"https:\/\/www.octopus.tools\/wp-content\/uploads\/2018\/04\/social-share-thumb.jpg\" \/>\n\t<meta property=\"og:image:width\" content=\"900\" \/>\n\t<meta property=\"og:image:height\" content=\"900\" \/>\n\t<meta property=\"og:image:type\" content=\"image\/jpeg\" \/>\n<meta name=\"twitter:card\" content=\"summary_large_image\" \/>\n<meta name=\"twitter:site\" content=\"@yoozoo_de\" \/>\n<meta name=\"twitter:label1\" content=\"Tiempo de lectura\" \/>\n\t<meta name=\"twitter:data1\" content=\"1 minuto\" \/>\n<script type=\"application\/ld+json\" class=\"yoast-schema-graph\">{\"@context\":\"https:\/\/schema.org\",\"@graph\":[{\"@type\":\"WebPage\",\"@id\":\"https:\/\/www.octopus.tools\/es\/aviso-legal\/\",\"url\":\"https:\/\/www.octopus.tools\/es\/aviso-legal\/\",\"name\":\"Aviso legal - Octopus tools - automotive imagery solutions\",\"isPartOf\":{\"@id\":\"https:\/\/www.octopus.tools\/es\/#website\"},\"datePublished\":\"2018-07-04T18:32:49+00:00\",\"dateModified\":\"2020-03-02T21:57:51+00:00\",\"breadcrumb\":{\"@id\":\"https:\/\/www.octopus.tools\/es\/aviso-legal\/#breadcrumb\"},\"inLanguage\":\"es\",\"potentialAction\":[{\"@type\":\"ReadAction\",\"target\":[\"https:\/\/www.octopus.tools\/es\/aviso-legal\/\"]}]},{\"@type\":\"BreadcrumbList\",\"@id\":\"https:\/\/www.octopus.tools\/es\/aviso-legal\/#breadcrumb\",\"itemListElement\":[{\"@type\":\"ListItem\",\"position\":1,\"name\":\"Home\",\"item\":\"https:\/\/www.octopus.tools\/es\/\"},{\"@type\":\"ListItem\",\"position\":2,\"name\":\"Aviso legal\"}]},{\"@type\":\"WebSite\",\"@id\":\"https:\/\/www.octopus.tools\/es\/#website\",\"url\":\"https:\/\/www.octopus.tools\/es\/\",\"name\":\"Octopus tools - automotive imagery solutions\",\"description\":\"yoozoo GmbH software\",\"publisher\":{\"@id\":\"https:\/\/www.octopus.tools\/es\/#organization\"},\"potentialAction\":[{\"@type\":\"SearchAction\",\"target\":{\"@type\":\"EntryPoint\",\"urlTemplate\":\"https:\/\/www.octopus.tools\/es\/?s={search_term_string}\"},\"query-input\":{\"@type\":\"PropertyValueSpecification\",\"valueRequired\":true,\"valueName\":\"search_term_string\"}}],\"inLanguage\":\"es\"},{\"@type\":\"Organization\",\"@id\":\"https:\/\/www.octopus.tools\/es\/#organization\",\"name\":\"Octopus.tools [by yoozoo GmbH]\",\"url\":\"https:\/\/www.octopus.tools\/es\/\",\"logo\":{\"@type\":\"ImageObject\",\"inLanguage\":\"es\",\"@id\":\"https:\/\/www.octopus.tools\/es\/#\/schema\/logo\/image\/\",\"url\":\"https:\/\/www.octopus.tools\/wp-content\/uploads\/2018\/02\/website-octopus-tools-08.svg\",\"contentUrl\":\"https:\/\/www.octopus.tools\/wp-content\/uploads\/2018\/02\/website-octopus-tools-08.svg\",\"caption\":\"Octopus.tools [by yoozoo GmbH]\"},\"image\":{\"@id\":\"https:\/\/www.octopus.tools\/es\/#\/schema\/logo\/image\/\"},\"sameAs\":[\"https:\/\/www.facebook.com\/yoozoo.de\",\"https:\/\/x.com\/yoozoo_de\"]}]}<\/script>\n<!-- \/ Yoast SEO plugin. -->","yoast_head_json":{"title":"Aviso legal - Octopus tools - automotive imagery solutions","robots":{"index":"index","follow":"follow","max-snippet":"max-snippet:-1","max-image-preview":"max-image-preview:large","max-video-preview":"max-video-preview:-1"},"canonical":"https:\/\/www.octopus.tools\/es\/aviso-legal\/","og_locale":"es_ES","og_type":"article","og_title":"Aviso legal - Octopus tools - automotive imagery solutions","og_description":"[vc_row][vc_column][vc_empty_space height=\u00bb40px\u00bb][\/vc_column][\/vc_row][vc_row][vc_column width=\u00bb1\/2&#8243;][vc_column_text]Conforme a \u00a7 5 TMG: Octopus.tools es un producto de yoozoo GmbH yoozoo GmbH Salzburger Stra\u00dfe 18 10825 Berlin Representado por: Jochen Heine[\/vc_column_text][\/vc_column][vc_column width=\u00bb1\/2&#8243;][vc_column_text]Contacto: Tel\u00e9fono: +34 647 888 215 Correo electr\u00f3nico: [wpml_mailto email=\u201dinfo@yoozoo.de\u201d]info@yoozoo.de[\/wpml_mailto] Sitio web: www.yoozoo.de Registro: Registrado en el registro comercial. Registro: Amtsgericht Charlottenburg N\u00famero de registro: HRB 156421B N\u00famero de identificaci\u00f3n&hellip;","og_url":"https:\/\/www.octopus.tools\/es\/aviso-legal\/","og_site_name":"Octopus tools - automotive imagery solutions","article_publisher":"https:\/\/www.facebook.com\/yoozoo.de","article_modified_time":"2020-03-02T21:57:51+00:00","og_image":[{"width":900,"height":900,"url":"https:\/\/www.octopus.tools\/wp-content\/uploads\/2018\/04\/social-share-thumb.jpg","type":"image\/jpeg"}],"twitter_card":"summary_large_image","twitter_site":"@yoozoo_de","twitter_misc":{"Tiempo de lectura":"1 minuto"},"schema":{"@context":"https:\/\/schema.org","@graph":[{"@type":"WebPage","@id":"https:\/\/www.octopus.tools\/es\/aviso-legal\/","url":"https:\/\/www.octopus.tools\/es\/aviso-legal\/","name":"Aviso legal - Octopus tools - automotive imagery solutions","isPartOf":{"@id":"https:\/\/www.octopus.tools\/es\/#website"},"datePublished":"2018-07-04T18:32:49+00:00","dateModified":"2020-03-02T21:57:51+00:00","breadcrumb":{"@id":"https:\/\/www.octopus.tools\/es\/aviso-legal\/#breadcrumb"},"inLanguage":"es","potentialAction":[{"@type":"ReadAction","target":["https:\/\/www.octopus.tools\/es\/aviso-legal\/"]}]},{"@type":"BreadcrumbList","@id":"https:\/\/www.octopus.tools\/es\/aviso-legal\/#breadcrumb","itemListElement":[{"@type":"ListItem","position":1,"name":"Home","item":"https:\/\/www.octopus.tools\/es\/"},{"@type":"ListItem","position":2,"name":"Aviso legal"}]},{"@type":"WebSite","@id":"https:\/\/www.octopus.tools\/es\/#website","url":"https:\/\/www.octopus.tools\/es\/","name":"Octopus tools - automotive imagery solutions","description":"yoozoo GmbH software","publisher":{"@id":"https:\/\/www.octopus.tools\/es\/#organization"},"potentialAction":[{"@type":"SearchAction","target":{"@type":"EntryPoint","urlTemplate":"https:\/\/www.octopus.tools\/es\/?s={search_term_string}"},"query-input":{"@type":"PropertyValueSpecification","valueRequired":true,"valueName":"search_term_string"}}],"inLanguage":"es"},{"@type":"Organization","@id":"https:\/\/www.octopus.tools\/es\/#organization","name":"Octopus.tools [by yoozoo GmbH]","url":"https:\/\/www.octopus.tools\/es\/","logo":{"@type":"ImageObject","inLanguage":"es","@id":"https:\/\/www.octopus.tools\/es\/#\/schema\/logo\/image\/","url":"https:\/\/www.octopus.tools\/wp-content\/uploads\/2018\/02\/website-octopus-tools-08.svg","contentUrl":"https:\/\/www.octopus.tools\/wp-content\/uploads\/2018\/02\/website-octopus-tools-08.svg","caption":"Octopus.tools [by yoozoo GmbH]"},"image":{"@id":"https:\/\/www.octopus.tools\/es\/#\/schema\/logo\/image\/"},"sameAs":["https:\/\/www.facebook.com\/yoozoo.de","https:\/\/x.com\/yoozoo_de"]}]}},"_links":{"self":[{"href":"https:\/\/www.octopus.tools\/es\/wp-json\/wp\/v2\/pages\/4589","targetHints":{"allow":["GET"]}}],"collection":[{"href":"https:\/\/www.octopus.tools\/es\/wp-json\/wp\/v2\/pages"}],"about":[{"href":"https:\/\/www.octopus.tools\/es\/wp-json\/wp\/v2\/types\/page"}],"author":[{"embeddable":true,"href":"https:\/\/www.octopus.tools\/es\/wp-json\/wp\/v2\/users\/1"}],"replies":[{"embeddable":true,"href":"https:\/\/www.octopus.tools\/es\/wp-json\/wp\/v2\/comments?post=4589"}],"version-history":[{"count":0,"href":"https:\/\/www.octopus.tools\/es\/wp-json\/wp\/v2\/pages\/4589\/revisions"}],"wp:attachment":[{"href":"https:\/\/www.octopus.tools\/es\/wp-json\/wp\/v2\/media?parent=4589"}],"curies":[{"name":"wp","href":"https:\/\/api.w.org\/{rel}","templated":true}]}}