{"id":4617,"date":"2018-07-09T13:04:59","date_gmt":"2018-07-09T13:04:59","guid":{"rendered":"https:\/\/octopus.tools\/fox\/"},"modified":"2024-04-17T10:48:11","modified_gmt":"2024-04-17T09:48:11","slug":"meg","status":"publish","type":"page","link":"https:\/\/www.octopus.tools\/es\/meg\/","title":{"rendered":"MEG"},"content":{"rendered":"<div class=\"wpb-content-wrapper\">[vc_row full_width=\u00bbstretch_row\u00bb][vc_column][vc_empty_space height=\u00bb40px\u00bb]<style>.vcex-heading.vcex_69de90961c8d3 .vcex-heading-inner{border-color:#fc9a00;}.vcex-heading.vcex_69de90961c8d3{border-color:#e2e2e2;}<\/style><h2 class=\"vcex-heading vcex-heading-bottom-border-w-color vcex-module wpex-heading wpex-text-2xl wpex-border-b-2 wpex-border-solid wpex-border-main vcex_69de90961c8d3\"><span class=\"vcex-heading-inner wpex-inline-block wpex-relative wpex-pb-5 wpex-border-b-2 wpex-border-solid wpex-border-accent\">\u00a1Conect\u00e9monos!<\/span><\/h2>[vc_empty_space height=\u00bb20px\u00bb][vc_column_text]Si tiene un volumen de veh\u00edculos alto y le encantan los procesos automatizados puede transferir y recibir sus im\u00e1genes autom\u00e1ticamente conectando su sistema al Octopus mediante la MEG REST API.<\/p>\n<p>El conector MEG [que es un subm\u00f3dulo de la MEG API] es capaz de conectar y sincronizar documentos entre Dropbox, MEG, nubes, etc., y el Octopus.<\/p>\n<p>La MEG API puede ser combinada, adem\u00e1s, con otros m\u00f3dulos. De este modo, el Piranha o el Orca pueden cargar todos los veh\u00edculos que deben ser fotografiados y crear un listado. As\u00ed no har\u00e1 falta introducir el n\u00famero de identificaci\u00f3n del veh\u00edculo manualmente y las im\u00e1genes procesadas ser\u00e1n asignadas autom\u00e1ticamente a los veh\u00edculos correspondientes.[\/vc_column_text][\/vc_column][\/vc_row][vc_row full_width=\u00bbstretch_row\u00bb][vc_column][vc_single_image image=\u00bb7389&#8243;][\/vc_column][\/vc_row]\n<\/div>","protected":false},"excerpt":{"rendered":"<p>[vc_row full_width=\u00bbstretch_row\u00bb][vc_column][vc_empty_space height=\u00bb40px\u00bb][vc_empty_space height=\u00bb20px\u00bb][vc_column_text]Si tiene un volumen de veh\u00edculos alto y le encantan los procesos automatizados puede transferir y recibir sus im\u00e1genes autom\u00e1ticamente conectando su sistema al Octopus mediante la MEG REST API. El conector MEG [que es un subm\u00f3dulo de la MEG API] es capaz de conectar y sincronizar documentos entre Dropbox, MEG, nubes,&hellip;<\/p>\n","protected":false},"author":1,"featured_media":0,"parent":0,"menu_order":0,"comment_status":"closed","ping_status":"closed","template":"","meta":{"content-type":"","inline_featured_image":false,"footnotes":""},"class_list":["post-4617","page","type-page","status-publish","hentry","entry","no-media"],"yoast_head":"<!-- This site is optimized with the Yoast SEO plugin v24.0 - https:\/\/yoast.com\/wordpress\/plugins\/seo\/ -->\n<title>MEG - Octopus tools - automotive imagery solutions<\/title>\n<meta name=\"robots\" content=\"index, follow, max-snippet:-1, max-image-preview:large, max-video-preview:-1\" \/>\n<link rel=\"canonical\" href=\"https:\/\/www.octopus.tools\/es\/meg\/\" \/>\n<meta property=\"og:locale\" content=\"es_ES\" \/>\n<meta property=\"og:type\" content=\"article\" \/>\n<meta property=\"og:title\" content=\"MEG - Octopus tools - automotive imagery solutions\" \/>\n<meta property=\"og:description\" content=\"[vc_row full_width=\u00bbstretch_row\u00bb][vc_column][vc_empty_space height=\u00bb40px\u00bb][vc_empty_space height=\u00bb20px\u00bb][vc_column_text]Si tiene un volumen de veh\u00edculos alto y le encantan los procesos automatizados puede transferir y recibir sus im\u00e1genes autom\u00e1ticamente conectando su sistema al Octopus mediante la MEG REST API. El conector MEG [que es un subm\u00f3dulo de la MEG API] es capaz de conectar y sincronizar documentos entre Dropbox, MEG, nubes,&hellip;\" \/>\n<meta property=\"og:url\" content=\"https:\/\/www.octopus.tools\/es\/meg\/\" \/>\n<meta property=\"og:site_name\" content=\"Octopus tools - automotive imagery solutions\" \/>\n<meta property=\"article:publisher\" content=\"https:\/\/www.facebook.com\/yoozoo.de\" \/>\n<meta property=\"article:modified_time\" content=\"2024-04-17T09:48:11+00:00\" \/>\n<meta property=\"og:image\" content=\"https:\/\/www.octopus.tools\/wp-content\/uploads\/2018\/04\/social-share-thumb.jpg\" \/>\n\t<meta property=\"og:image:width\" content=\"900\" \/>\n\t<meta property=\"og:image:height\" content=\"900\" \/>\n\t<meta property=\"og:image:type\" content=\"image\/jpeg\" \/>\n<meta name=\"twitter:card\" content=\"summary_large_image\" \/>\n<meta name=\"twitter:site\" content=\"@yoozoo_de\" \/>\n<meta name=\"twitter:label1\" content=\"Tiempo de lectura\" \/>\n\t<meta name=\"twitter:data1\" content=\"1 minuto\" \/>\n<script type=\"application\/ld+json\" class=\"yoast-schema-graph\">{\"@context\":\"https:\/\/schema.org\",\"@graph\":[{\"@type\":\"WebPage\",\"@id\":\"https:\/\/www.octopus.tools\/es\/meg\/\",\"url\":\"https:\/\/www.octopus.tools\/es\/meg\/\",\"name\":\"MEG - Octopus tools - automotive imagery solutions\",\"isPartOf\":{\"@id\":\"https:\/\/www.octopus.tools\/es\/#website\"},\"datePublished\":\"2018-07-09T13:04:59+00:00\",\"dateModified\":\"2024-04-17T09:48:11+00:00\",\"breadcrumb\":{\"@id\":\"https:\/\/www.octopus.tools\/es\/meg\/#breadcrumb\"},\"inLanguage\":\"es\",\"potentialAction\":[{\"@type\":\"ReadAction\",\"target\":[\"https:\/\/www.octopus.tools\/es\/meg\/\"]}]},{\"@type\":\"BreadcrumbList\",\"@id\":\"https:\/\/www.octopus.tools\/es\/meg\/#breadcrumb\",\"itemListElement\":[{\"@type\":\"ListItem\",\"position\":1,\"name\":\"Home\",\"item\":\"https:\/\/www.octopus.tools\/es\/\"},{\"@type\":\"ListItem\",\"position\":2,\"name\":\"MEG\"}]},{\"@type\":\"WebSite\",\"@id\":\"https:\/\/www.octopus.tools\/es\/#website\",\"url\":\"https:\/\/www.octopus.tools\/es\/\",\"name\":\"Octopus tools - automotive imagery solutions\",\"description\":\"yoozoo GmbH software\",\"publisher\":{\"@id\":\"https:\/\/www.octopus.tools\/es\/#organization\"},\"potentialAction\":[{\"@type\":\"SearchAction\",\"target\":{\"@type\":\"EntryPoint\",\"urlTemplate\":\"https:\/\/www.octopus.tools\/es\/?s={search_term_string}\"},\"query-input\":{\"@type\":\"PropertyValueSpecification\",\"valueRequired\":true,\"valueName\":\"search_term_string\"}}],\"inLanguage\":\"es\"},{\"@type\":\"Organization\",\"@id\":\"https:\/\/www.octopus.tools\/es\/#organization\",\"name\":\"Octopus.tools [by yoozoo GmbH]\",\"url\":\"https:\/\/www.octopus.tools\/es\/\",\"logo\":{\"@type\":\"ImageObject\",\"inLanguage\":\"es\",\"@id\":\"https:\/\/www.octopus.tools\/es\/#\/schema\/logo\/image\/\",\"url\":\"https:\/\/www.octopus.tools\/wp-content\/uploads\/2018\/02\/website-octopus-tools-08.svg\",\"contentUrl\":\"https:\/\/www.octopus.tools\/wp-content\/uploads\/2018\/02\/website-octopus-tools-08.svg\",\"caption\":\"Octopus.tools [by yoozoo GmbH]\"},\"image\":{\"@id\":\"https:\/\/www.octopus.tools\/es\/#\/schema\/logo\/image\/\"},\"sameAs\":[\"https:\/\/www.facebook.com\/yoozoo.de\",\"https:\/\/x.com\/yoozoo_de\"]}]}<\/script>\n<!-- \/ Yoast SEO plugin. -->","yoast_head_json":{"title":"MEG - Octopus tools - automotive imagery solutions","robots":{"index":"index","follow":"follow","max-snippet":"max-snippet:-1","max-image-preview":"max-image-preview:large","max-video-preview":"max-video-preview:-1"},"canonical":"https:\/\/www.octopus.tools\/es\/meg\/","og_locale":"es_ES","og_type":"article","og_title":"MEG - Octopus tools - automotive imagery solutions","og_description":"[vc_row full_width=\u00bbstretch_row\u00bb][vc_column][vc_empty_space height=\u00bb40px\u00bb][vc_empty_space height=\u00bb20px\u00bb][vc_column_text]Si tiene un volumen de veh\u00edculos alto y le encantan los procesos automatizados puede transferir y recibir sus im\u00e1genes autom\u00e1ticamente conectando su sistema al Octopus mediante la MEG REST API. El conector MEG [que es un subm\u00f3dulo de la MEG API] es capaz de conectar y sincronizar documentos entre Dropbox, MEG, nubes,&hellip;","og_url":"https:\/\/www.octopus.tools\/es\/meg\/","og_site_name":"Octopus tools - automotive imagery solutions","article_publisher":"https:\/\/www.facebook.com\/yoozoo.de","article_modified_time":"2024-04-17T09:48:11+00:00","og_image":[{"width":900,"height":900,"url":"https:\/\/www.octopus.tools\/wp-content\/uploads\/2018\/04\/social-share-thumb.jpg","type":"image\/jpeg"}],"twitter_card":"summary_large_image","twitter_site":"@yoozoo_de","twitter_misc":{"Tiempo de lectura":"1 minuto"},"schema":{"@context":"https:\/\/schema.org","@graph":[{"@type":"WebPage","@id":"https:\/\/www.octopus.tools\/es\/meg\/","url":"https:\/\/www.octopus.tools\/es\/meg\/","name":"MEG - Octopus tools - automotive imagery solutions","isPartOf":{"@id":"https:\/\/www.octopus.tools\/es\/#website"},"datePublished":"2018-07-09T13:04:59+00:00","dateModified":"2024-04-17T09:48:11+00:00","breadcrumb":{"@id":"https:\/\/www.octopus.tools\/es\/meg\/#breadcrumb"},"inLanguage":"es","potentialAction":[{"@type":"ReadAction","target":["https:\/\/www.octopus.tools\/es\/meg\/"]}]},{"@type":"BreadcrumbList","@id":"https:\/\/www.octopus.tools\/es\/meg\/#breadcrumb","itemListElement":[{"@type":"ListItem","position":1,"name":"Home","item":"https:\/\/www.octopus.tools\/es\/"},{"@type":"ListItem","position":2,"name":"MEG"}]},{"@type":"WebSite","@id":"https:\/\/www.octopus.tools\/es\/#website","url":"https:\/\/www.octopus.tools\/es\/","name":"Octopus tools - automotive imagery solutions","description":"yoozoo GmbH software","publisher":{"@id":"https:\/\/www.octopus.tools\/es\/#organization"},"potentialAction":[{"@type":"SearchAction","target":{"@type":"EntryPoint","urlTemplate":"https:\/\/www.octopus.tools\/es\/?s={search_term_string}"},"query-input":{"@type":"PropertyValueSpecification","valueRequired":true,"valueName":"search_term_string"}}],"inLanguage":"es"},{"@type":"Organization","@id":"https:\/\/www.octopus.tools\/es\/#organization","name":"Octopus.tools [by yoozoo GmbH]","url":"https:\/\/www.octopus.tools\/es\/","logo":{"@type":"ImageObject","inLanguage":"es","@id":"https:\/\/www.octopus.tools\/es\/#\/schema\/logo\/image\/","url":"https:\/\/www.octopus.tools\/wp-content\/uploads\/2018\/02\/website-octopus-tools-08.svg","contentUrl":"https:\/\/www.octopus.tools\/wp-content\/uploads\/2018\/02\/website-octopus-tools-08.svg","caption":"Octopus.tools [by yoozoo GmbH]"},"image":{"@id":"https:\/\/www.octopus.tools\/es\/#\/schema\/logo\/image\/"},"sameAs":["https:\/\/www.facebook.com\/yoozoo.de","https:\/\/x.com\/yoozoo_de"]}]}},"_links":{"self":[{"href":"https:\/\/www.octopus.tools\/es\/wp-json\/wp\/v2\/pages\/4617","targetHints":{"allow":["GET"]}}],"collection":[{"href":"https:\/\/www.octopus.tools\/es\/wp-json\/wp\/v2\/pages"}],"about":[{"href":"https:\/\/www.octopus.tools\/es\/wp-json\/wp\/v2\/types\/page"}],"author":[{"embeddable":true,"href":"https:\/\/www.octopus.tools\/es\/wp-json\/wp\/v2\/users\/1"}],"replies":[{"embeddable":true,"href":"https:\/\/www.octopus.tools\/es\/wp-json\/wp\/v2\/comments?post=4617"}],"version-history":[{"count":1,"href":"https:\/\/www.octopus.tools\/es\/wp-json\/wp\/v2\/pages\/4617\/revisions"}],"predecessor-version":[{"id":22869,"href":"https:\/\/www.octopus.tools\/es\/wp-json\/wp\/v2\/pages\/4617\/revisions\/22869"}],"wp:attachment":[{"href":"https:\/\/www.octopus.tools\/es\/wp-json\/wp\/v2\/media?parent=4617"}],"curies":[{"name":"wp","href":"https:\/\/api.w.org\/{rel}","templated":true}]}}