{"id":4689,"date":"2018-07-09T14:31:37","date_gmt":"2018-07-09T14:31:37","guid":{"rendered":"https:\/\/octopus.tools\/orca\/"},"modified":"2023-09-12T12:46:37","modified_gmt":"2023-09-12T11:46:37","slug":"orca","status":"publish","type":"page","link":"https:\/\/www.octopus.tools\/es\/orca\/","title":{"rendered":"Orca"},"content":{"rendered":"<div class=\"wpb-content-wrapper\">[vc_row full_width=\u00bbstretch_row\u00bb gap=\u00bb20&#8243; equal_height=\u00bbyes\u00bb css=\u00bb.vc_custom_1523489545106{padding-top: 40px !important;background-color: #1e1e1e !important;}\u00bb][vc_column width=\u00bb1\/3&#8243; css=\u00bb.vc_custom_1523489613380{border-top-width: 1px !important;border-right-width: 1px !important;border-bottom-width: 1px !important;border-left-width: 1px !important;background-color: #232323 !important;border-left-color: #f1f1f1 !important;border-left-style: solid !important;border-right-color: #f1f1f1 !important;border-right-style: solid !important;border-top-color: #f1f1f1 !important;border-top-style: solid !important;border-bottom-color: #f1f1f1 !important;border-bottom-style: solid !important;border-radius: 5px !important;}\u00bb]<div class=\"vcex-module vcex-icon-box vcex-icon-box-four wpex-block wpex-text-center wpex-p-30 wpex-bordered vc_custom_1694519165767\"><div class=\"vcex-icon-box-symbol wpex-mb-20\" style=\"margin-bottom:10px;\"><div class=\"vcex-icon-box-icon wpex-inline-flex wpex-items-center wpex-justify-center wpex-child-inherit-color wpex-text-center wpex-leading-none wpex-text-1\" style=\"color:#586773;font-size:30px;\"><span class=\"ticon ticon-check-square\" aria-hidden=\"true\"><\/span><\/div><\/div><div class=\"vcex-icon-box-text\"><h1 class=\"vcex-icon-box-heading wpex-heading\" style=\"color:#f2f2f2;--wpex-hover-heading-link-color:#f2f2f2;font-size:25px;margin-bottom:0px;text-transform:none;\">Simple<\/h1><div class=\"vcex-icon-box-content wpex-last-mb-0 wpex-clr\" style=\"color:#f2f2f2;\"><p>Suba, cambie el nombre, ordene y descargue sus im\u00e1genes con facilidad. Orca utiliza la funci\u00f3n de arrastrar y soltar.<\/p>\n<\/div><\/div><\/div>[\/vc_column][vc_column width=\u00bb1\/3&#8243; css=\u00bb.vc_custom_1523489635351{border-top-width: 1px !important;border-right-width: 1px !important;border-bottom-width: 1px !important;border-left-width: 1px !important;background-color: #232323 !important;border-left-color: #f1f1f1 !important;border-left-style: solid !important;border-right-color: #f1f1f1 !important;border-right-style: solid !important;border-top-color: #f1f1f1 !important;border-top-style: solid !important;border-bottom-color: #f1f1f1 !important;border-bottom-style: solid !important;border-radius: 5px !important;}\u00bb]<div class=\"vcex-module vcex-icon-box vcex-icon-box-four wpex-block wpex-text-center wpex-p-30 wpex-bordered vc_custom_1694519176231\"><div class=\"vcex-icon-box-symbol wpex-mb-20\" style=\"margin-bottom:10px;\"><div class=\"vcex-icon-box-icon wpex-inline-flex wpex-items-center wpex-justify-center wpex-child-inherit-color wpex-text-center wpex-leading-none wpex-text-1\" style=\"color:#586773;font-size:30px;\"><span class=\"ticon ticon-check-square\" aria-hidden=\"true\"><\/span><\/div><\/div><div class=\"vcex-icon-box-text\"><h1 class=\"vcex-icon-box-heading wpex-heading\" style=\"color:#f2f2f2;--wpex-hover-heading-link-color:#f2f2f2;font-size:25px;margin-bottom:0px;text-transform:none;\">Transparente<\/h1><div class=\"vcex-icon-box-content wpex-last-mb-0 wpex-clr\" style=\"color:#f2f2f2;\"><p>Cada serie de im\u00e1genes subida tiene su propio temporizador para que sepa en todo momento cu\u00e1ndo estar\u00e1n listas sus im\u00e1genes.<\/p>\n<\/div><\/div><\/div>[\/vc_column][vc_column width=\u00bb1\/3&#8243; css=\u00bb.vc_custom_1523489502162{background-color: #232323 !important;border: 1px solid #f1f1f1 !important;border-radius: 5px !important;}\u00bb]<div class=\"vcex-module vcex-icon-box vcex-icon-box-four wpex-block wpex-text-center wpex-p-30 wpex-bordered vc_custom_1694519186797\"><div class=\"vcex-icon-box-symbol wpex-mb-20\" style=\"margin-bottom:10px;\"><div class=\"vcex-icon-box-icon wpex-inline-flex wpex-items-center wpex-justify-center wpex-child-inherit-color wpex-text-center wpex-leading-none wpex-text-1\" style=\"color:#586773;font-size:30px;\"><span class=\"ticon ticon-check-square\" aria-hidden=\"true\"><\/span><\/div><\/div><div class=\"vcex-icon-box-text\"><h1 class=\"vcex-icon-box-heading wpex-heading\" style=\"color:#f2f2f2;--wpex-hover-heading-link-color:#f2f2f2;font-size:25px;margin-bottom:0px;text-transform:none;\">Online<\/h1><div class=\"vcex-icon-box-content wpex-last-mb-0 wpex-clr\" style=\"color:#f2f2f2;\"><p>Suba, gestione y descargue sus im\u00e1genes en cualquier momento y en cualquier lugar.<\/p>\n<\/div><\/div><\/div>[\/vc_column][\/vc_row][vc_row full_width=\u00bbstretch_row\u00bb css=\u00bb.vc_custom_1523546785060{background-color: #3d3d3d !important;}\u00bb][vc_column][vc_empty_space height=\u00bb40px\u00bb]<style>.vcex-heading.vcex_69de90d4250b2 .vcex-heading-inner{border-color:#fc9a00;}.vcex-heading.vcex_69de90d4250b2{border-color:#e2e2e2;}<\/style><h2 class=\"vcex-heading vcex-heading-bottom-border-w-color vcex-module wpex-heading wpex-text-2xl wpex-border-b-2 wpex-border-solid wpex-border-main vcex_69de90d4250b2\"><span class=\"vcex-heading-inner wpex-inline-block wpex-relative wpex-pb-5 wpex-border-b-2 wpex-border-solid wpex-border-accent\">\u00bfQu\u00e9 es Orca?<\/span><\/h2>[vc_empty_space height=\u00bb20px\u00bb][vc_column_text]Orca es una alternativa online a la\u00a0<a href=\"https:\/\/www.octopus.tools\/es\/piranha\/\">App Piranha<\/a>. Se utiliza cuando las fotograf\u00edas son tomadas con una c\u00e1mara digital en vez de tel\u00e9fonos m\u00f3viles. Le permite subir y gestionar c\u00f3modamente [ordenar, cambiar el nombre] las im\u00e1genes de sus veh\u00edculos.<\/p>\n<p>Tras una r\u00e1pida validaci\u00f3n autom\u00e1tica [n\u00famero de im\u00e1genes, tama\u00f1os] puede enviar las im\u00e1genes para ser retocadas.<\/p>\n<p>Todos los encargos se pueden ver en la secci\u00f3n \u00abEncargos\u00bb junto con su tiempo de entrega. Una vez procesados, se mover\u00e1n a la secci\u00f3n \u00abListos para la descarga\u00bb.[\/vc_column_text][\/vc_column][\/vc_row][vc_row][vc_column][vc_empty_space height=\u00bb40px\u00bb]<style>.vcex-heading.vcex_69de90d4253f0 .vcex-heading-inner{border-color:#fc9a00;}.vcex-heading.vcex_69de90d4253f0{border-color:#e2e2e2;}<\/style><h2 class=\"vcex-heading vcex-heading-bottom-border-w-color vcex-module wpex-heading wpex-text-2xl wpex-border-b-2 wpex-border-solid wpex-border-main vcex_69de90d4253f0\"><span class=\"vcex-heading-inner wpex-inline-block wpex-relative wpex-pb-5 wpex-border-b-2 wpex-border-solid wpex-border-accent\">Flujo de trabajo<\/span><\/h2>[vc_empty_space height=\u00bb20px\u00bb][vc_tta_tour style=\u00bbflat\u00bb spacing=\u00bb5&#8243; autoplay=\u00bb3&#8243; active_section=\u00bb1&#8243; el_class=\u00bbnorbert\u00bb][vc_tta_section title=\u00bb1. Transfiera sus im\u00e1genes a su ordenador\u00bb tab_id=\u00bb1519773896367-69dd6635-2110&#8243;][vc_column_text]Transfiera las im\u00e1genes de su veh\u00edculo a su ordenador. No es necesario que las ordene previamente.[\/vc_column_text][vc_single_image image=\u00bb4706&#8243; css=\u00bb.vc_custom_1520618964016{padding-top: 20px !important;}\u00bb][\/vc_tta_section][vc_tta_section title=\u00bb2. Inicie sesi\u00f3n en Orca\u00bb tab_id=\u00bb1519773896388-95d25cf1-4e42&#8243;][vc_column_text]Inicie sesi\u00f3n en Orca con las credenciales de usuario que le proporcionemos.[\/vc_column_text][vc_single_image image=\u00bb4705&#8243; css=\u00bb.vc_custom_1520619001196{padding-top: 20px !important;}\u00bb][\/vc_tta_section][vc_tta_section title=\u00bb3. Seleccione su producto\u00bb tab_id=\u00bb1519773922184-bd0ac028-5462&#8243;][vc_column_text]Escoja el producto que desee. El producto contiene toda la informaci\u00f3n, como el n\u00famero de im\u00e1genes, la resoluci\u00f3n de las im\u00e1genes y el fondo escogido.[\/vc_column_text][vc_single_image image=\u00bb4704&#8243; css=\u00bb.vc_custom_1520619019327{padding-top: 20px !important;}\u00bb][\/vc_tta_section][vc_tta_section title=\u00bb4. Suba las im\u00e1genes\u00bb tab_id=\u00bb1519775004421-68eb5de0-830e\u00bb][vc_column_text]Suba sus im\u00e1genes simplemente arrastr\u00e1ndolas y solt\u00e1ndolas. Durante la carga se comprueba si las im\u00e1genes pueden ser procesadas. Todas las im\u00e1genes que van juntas se unir\u00e1n en una serie de im\u00e1genes.[\/vc_column_text][vc_single_image image=\u00bb4703&#8243; css=\u00bb.vc_custom_1520619051177{padding-top: 20px !important;}\u00bb][\/vc_tta_section][vc_tta_section title=\u00bb5. Cambie el nombre de la serie de im\u00e1genes\u00bb tab_id=\u00bb1519773923174-69e6c33d-f2a9&#8243;][vc_column_text]En el caso de que sea necesario puede cambiar el nombre del set de im\u00e1genes. Los nombres de todas las im\u00e1genes se cambiar\u00e1n autom\u00e1ticamente de acuerdo con su orden. Este se puede cambiar simplemente arrastrando y soltando las im\u00e1genes.[\/vc_column_text][vc_single_image image=\u00bb4702&#8243; css=\u00bb.vc_custom_1520619075797{padding-top: 20px !important;}\u00bb][\/vc_tta_section][vc_tta_section title=\u00bb6. Transfiera sus im\u00e1genes\u00bb tab_id=\u00bb1519775446476-0ea5d564-2a10&#8243;][vc_column_text]Si las condiciones de la serie se cumplen (n\u00famero m\u00ednimo y m\u00e1ximo de im\u00e1genes, m\u00ednimo y m\u00e1ximo de resoluci\u00f3n de las im\u00e1genes, etc.) las im\u00e1genes se podr\u00e1n transferir para ser retocadas.[\/vc_column_text][vc_single_image image=\u00bb4701&#8243; css=\u00bb.vc_custom_1520619102393{padding-top: 20px !important;}\u00bb][\/vc_tta_section][vc_tta_section title=\u00bb7. Mantenga el control\u00bb tab_id=\u00bb1519776057407-182ecaff-0576&#8243;][vc_column_text]Mientras espera que sus im\u00e1genes sean retocadas puede comprobar su estatus desde la App web de Orca en cualquier momento.[\/vc_column_text][vc_single_image image=\u00bb4700&#8243; css=\u00bb.vc_custom_1520619119814{padding-top: 20px !important;}\u00bb][\/vc_tta_section][vc_tta_section title=\u00bb8. Descargue sus im\u00e1genes\u00bb tab_id=\u00bb1519776073694-c0862289-73d6&#8243;][vc_column_text]Una vez que sus im\u00e1genes est\u00e9n listas ser\u00e1 notificado por correo electr\u00f3nico. Podr\u00e1 ver sus im\u00e1genes retocadas para comparar el antes y el despu\u00e9s y descargarlas directamente.[\/vc_column_text][vc_single_image image=\u00bb4699&#8243; css=\u00bb.vc_custom_1520619139673{padding-top: 20px !important;}\u00bb][\/vc_tta_section][\/vc_tta_tour][\/vc_column][\/vc_row][vc_row full_width=\u00bbstretch_row\u00bb css=\u00bb.vc_custom_1523546960875{background-color: #3d3d3d !important;}\u00bb][vc_column][vc_empty_space height=\u00bb40px\u00bb]<style>.vcex-heading.vcex_69de90d4256c0 .vcex-heading-inner{border-color:#fc9a00;}.vcex-heading.vcex_69de90d4256c0{border-color:#e2e2e2;}<\/style><h2 class=\"vcex-heading vcex-heading-bottom-border-w-color vcex-module wpex-heading wpex-text-2xl wpex-border-b-2 wpex-border-solid wpex-border-main vcex_69de90d4256c0\"><span class=\"vcex-heading-inner wpex-inline-block wpex-relative wpex-pb-5 wpex-border-b-2 wpex-border-solid wpex-border-accent\">Caracter\u00edsticas de Orca<\/span><\/h2>[vc_empty_space height=\u00bb20px\u00bb][vc_column_text]\n<ul>\n<li>Online<\/li>\n<li>Orden<\/li>\n<li>Cambio de nombre de la serie<\/li>\n<li>Varios idiomas<\/li>\n<li>Varios productos\/sectores<\/li>\n<li>Varios fondos<\/li>\n<\/ul>\n[\/vc_column_text][\/vc_column][\/vc_row]\n<\/div>","protected":false},"excerpt":{"rendered":"<p>[vc_row full_width=\u00bbstretch_row\u00bb gap=\u00bb20&#8243; equal_height=\u00bbyes\u00bb css=\u00bb.vc_custom_1523489545106{padding-top: 40px !important;background-color: #1e1e1e !important;}\u00bb][vc_column width=\u00bb1\/3&#8243; css=\u00bb.vc_custom_1523489613380{border-top-width: 1px !important;border-right-width: 1px !important;border-bottom-width: 1px !important;border-left-width: 1px !important;background-color: #232323 !important;border-left-color: #f1f1f1 !important;border-left-style: solid !important;border-right-color: #f1f1f1 !important;border-right-style: solid !important;border-top-color: #f1f1f1 !important;border-top-style: solid !important;border-bottom-color: #f1f1f1 !important;border-bottom-style: solid !important;border-radius: 5px !important;}\u00bb][\/vc_column][vc_column width=\u00bb1\/3&#8243; css=\u00bb.vc_custom_1523489635351{border-top-width: 1px !important;border-right-width: 1px !important;border-bottom-width: 1px !important;border-left-width: 1px !important;background-color: #232323 !important;border-left-color: #f1f1f1 !important;border-left-style: solid !important;border-right-color:&hellip;<\/p>\n","protected":false},"author":1,"featured_media":0,"parent":0,"menu_order":0,"comment_status":"closed","ping_status":"closed","template":"","meta":{"content-type":"","inline_featured_image":false,"footnotes":""},"class_list":["post-4689","page","type-page","status-publish","hentry","entry","no-media"],"yoast_head":"<!-- This site is optimized with the Yoast SEO plugin v24.0 - https:\/\/yoast.com\/wordpress\/plugins\/seo\/ -->\n<title>Orca - Octopus tools - automotive imagery solutions<\/title>\n<meta name=\"robots\" content=\"index, follow, max-snippet:-1, max-image-preview:large, max-video-preview:-1\" \/>\n<link rel=\"canonical\" href=\"https:\/\/www.octopus.tools\/es\/orca\/\" \/>\n<meta property=\"og:locale\" content=\"es_ES\" \/>\n<meta property=\"og:type\" content=\"article\" \/>\n<meta property=\"og:title\" content=\"Orca - Octopus tools - automotive imagery solutions\" \/>\n<meta property=\"og:description\" content=\"[vc_row full_width=\u00bbstretch_row\u00bb gap=\u00bb20&#8243; equal_height=\u00bbyes\u00bb css=\u00bb.vc_custom_1523489545106{padding-top: 40px !important;background-color: #1e1e1e !important;}\u00bb][vc_column width=\u00bb1\/3&#8243; css=\u00bb.vc_custom_1523489613380{border-top-width: 1px !important;border-right-width: 1px !important;border-bottom-width: 1px !important;border-left-width: 1px !important;background-color: #232323 !important;border-left-color: #f1f1f1 !important;border-left-style: solid !important;border-right-color: #f1f1f1 !important;border-right-style: solid !important;border-top-color: #f1f1f1 !important;border-top-style: solid !important;border-bottom-color: #f1f1f1 !important;border-bottom-style: solid !important;border-radius: 5px !important;}\u00bb][\/vc_column][vc_column width=\u00bb1\/3&#8243; css=\u00bb.vc_custom_1523489635351{border-top-width: 1px !important;border-right-width: 1px !important;border-bottom-width: 1px !important;border-left-width: 1px !important;background-color: #232323 !important;border-left-color: #f1f1f1 !important;border-left-style: solid !important;border-right-color:&hellip;\" \/>\n<meta property=\"og:url\" content=\"https:\/\/www.octopus.tools\/es\/orca\/\" \/>\n<meta property=\"og:site_name\" content=\"Octopus tools - automotive imagery solutions\" \/>\n<meta property=\"article:publisher\" content=\"https:\/\/www.facebook.com\/yoozoo.de\" \/>\n<meta property=\"article:modified_time\" content=\"2023-09-12T11:46:37+00:00\" \/>\n<meta property=\"og:image\" content=\"https:\/\/www.octopus.tools\/wp-content\/uploads\/2018\/04\/social-share-thumb.jpg\" \/>\n\t<meta property=\"og:image:width\" content=\"900\" \/>\n\t<meta property=\"og:image:height\" content=\"900\" \/>\n\t<meta property=\"og:image:type\" content=\"image\/jpeg\" \/>\n<meta name=\"twitter:card\" content=\"summary_large_image\" \/>\n<meta name=\"twitter:site\" content=\"@yoozoo_de\" \/>\n<meta name=\"twitter:label1\" content=\"Tiempo de lectura\" \/>\n\t<meta name=\"twitter:data1\" content=\"6 minutos\" \/>\n<script type=\"application\/ld+json\" class=\"yoast-schema-graph\">{\"@context\":\"https:\/\/schema.org\",\"@graph\":[{\"@type\":\"WebPage\",\"@id\":\"https:\/\/www.octopus.tools\/es\/orca\/\",\"url\":\"https:\/\/www.octopus.tools\/es\/orca\/\",\"name\":\"Orca - Octopus tools - automotive imagery solutions\",\"isPartOf\":{\"@id\":\"https:\/\/www.octopus.tools\/es\/#website\"},\"datePublished\":\"2018-07-09T14:31:37+00:00\",\"dateModified\":\"2023-09-12T11:46:37+00:00\",\"breadcrumb\":{\"@id\":\"https:\/\/www.octopus.tools\/es\/orca\/#breadcrumb\"},\"inLanguage\":\"es\",\"potentialAction\":[{\"@type\":\"ReadAction\",\"target\":[\"https:\/\/www.octopus.tools\/es\/orca\/\"]}]},{\"@type\":\"BreadcrumbList\",\"@id\":\"https:\/\/www.octopus.tools\/es\/orca\/#breadcrumb\",\"itemListElement\":[{\"@type\":\"ListItem\",\"position\":1,\"name\":\"Home\",\"item\":\"https:\/\/www.octopus.tools\/es\/\"},{\"@type\":\"ListItem\",\"position\":2,\"name\":\"Orca\"}]},{\"@type\":\"WebSite\",\"@id\":\"https:\/\/www.octopus.tools\/es\/#website\",\"url\":\"https:\/\/www.octopus.tools\/es\/\",\"name\":\"Octopus tools - automotive imagery solutions\",\"description\":\"yoozoo GmbH software\",\"publisher\":{\"@id\":\"https:\/\/www.octopus.tools\/es\/#organization\"},\"potentialAction\":[{\"@type\":\"SearchAction\",\"target\":{\"@type\":\"EntryPoint\",\"urlTemplate\":\"https:\/\/www.octopus.tools\/es\/?s={search_term_string}\"},\"query-input\":{\"@type\":\"PropertyValueSpecification\",\"valueRequired\":true,\"valueName\":\"search_term_string\"}}],\"inLanguage\":\"es\"},{\"@type\":\"Organization\",\"@id\":\"https:\/\/www.octopus.tools\/es\/#organization\",\"name\":\"Octopus.tools [by yoozoo GmbH]\",\"url\":\"https:\/\/www.octopus.tools\/es\/\",\"logo\":{\"@type\":\"ImageObject\",\"inLanguage\":\"es\",\"@id\":\"https:\/\/www.octopus.tools\/es\/#\/schema\/logo\/image\/\",\"url\":\"https:\/\/www.octopus.tools\/wp-content\/uploads\/2018\/02\/website-octopus-tools-08.svg\",\"contentUrl\":\"https:\/\/www.octopus.tools\/wp-content\/uploads\/2018\/02\/website-octopus-tools-08.svg\",\"caption\":\"Octopus.tools [by yoozoo GmbH]\"},\"image\":{\"@id\":\"https:\/\/www.octopus.tools\/es\/#\/schema\/logo\/image\/\"},\"sameAs\":[\"https:\/\/www.facebook.com\/yoozoo.de\",\"https:\/\/x.com\/yoozoo_de\"]}]}<\/script>\n<!-- \/ Yoast SEO plugin. -->","yoast_head_json":{"title":"Orca - Octopus tools - automotive imagery solutions","robots":{"index":"index","follow":"follow","max-snippet":"max-snippet:-1","max-image-preview":"max-image-preview:large","max-video-preview":"max-video-preview:-1"},"canonical":"https:\/\/www.octopus.tools\/es\/orca\/","og_locale":"es_ES","og_type":"article","og_title":"Orca - Octopus tools - automotive imagery solutions","og_description":"[vc_row full_width=\u00bbstretch_row\u00bb gap=\u00bb20&#8243; equal_height=\u00bbyes\u00bb css=\u00bb.vc_custom_1523489545106{padding-top: 40px !important;background-color: #1e1e1e !important;}\u00bb][vc_column width=\u00bb1\/3&#8243; css=\u00bb.vc_custom_1523489613380{border-top-width: 1px !important;border-right-width: 1px !important;border-bottom-width: 1px !important;border-left-width: 1px !important;background-color: #232323 !important;border-left-color: #f1f1f1 !important;border-left-style: solid !important;border-right-color: #f1f1f1 !important;border-right-style: solid !important;border-top-color: #f1f1f1 !important;border-top-style: solid !important;border-bottom-color: #f1f1f1 !important;border-bottom-style: solid !important;border-radius: 5px !important;}\u00bb][\/vc_column][vc_column width=\u00bb1\/3&#8243; css=\u00bb.vc_custom_1523489635351{border-top-width: 1px !important;border-right-width: 1px !important;border-bottom-width: 1px !important;border-left-width: 1px !important;background-color: #232323 !important;border-left-color: #f1f1f1 !important;border-left-style: solid !important;border-right-color:&hellip;","og_url":"https:\/\/www.octopus.tools\/es\/orca\/","og_site_name":"Octopus tools - automotive imagery solutions","article_publisher":"https:\/\/www.facebook.com\/yoozoo.de","article_modified_time":"2023-09-12T11:46:37+00:00","og_image":[{"width":900,"height":900,"url":"https:\/\/www.octopus.tools\/wp-content\/uploads\/2018\/04\/social-share-thumb.jpg","type":"image\/jpeg"}],"twitter_card":"summary_large_image","twitter_site":"@yoozoo_de","twitter_misc":{"Tiempo de lectura":"6 minutos"},"schema":{"@context":"https:\/\/schema.org","@graph":[{"@type":"WebPage","@id":"https:\/\/www.octopus.tools\/es\/orca\/","url":"https:\/\/www.octopus.tools\/es\/orca\/","name":"Orca - Octopus tools - automotive imagery solutions","isPartOf":{"@id":"https:\/\/www.octopus.tools\/es\/#website"},"datePublished":"2018-07-09T14:31:37+00:00","dateModified":"2023-09-12T11:46:37+00:00","breadcrumb":{"@id":"https:\/\/www.octopus.tools\/es\/orca\/#breadcrumb"},"inLanguage":"es","potentialAction":[{"@type":"ReadAction","target":["https:\/\/www.octopus.tools\/es\/orca\/"]}]},{"@type":"BreadcrumbList","@id":"https:\/\/www.octopus.tools\/es\/orca\/#breadcrumb","itemListElement":[{"@type":"ListItem","position":1,"name":"Home","item":"https:\/\/www.octopus.tools\/es\/"},{"@type":"ListItem","position":2,"name":"Orca"}]},{"@type":"WebSite","@id":"https:\/\/www.octopus.tools\/es\/#website","url":"https:\/\/www.octopus.tools\/es\/","name":"Octopus tools - automotive imagery solutions","description":"yoozoo GmbH software","publisher":{"@id":"https:\/\/www.octopus.tools\/es\/#organization"},"potentialAction":[{"@type":"SearchAction","target":{"@type":"EntryPoint","urlTemplate":"https:\/\/www.octopus.tools\/es\/?s={search_term_string}"},"query-input":{"@type":"PropertyValueSpecification","valueRequired":true,"valueName":"search_term_string"}}],"inLanguage":"es"},{"@type":"Organization","@id":"https:\/\/www.octopus.tools\/es\/#organization","name":"Octopus.tools [by yoozoo GmbH]","url":"https:\/\/www.octopus.tools\/es\/","logo":{"@type":"ImageObject","inLanguage":"es","@id":"https:\/\/www.octopus.tools\/es\/#\/schema\/logo\/image\/","url":"https:\/\/www.octopus.tools\/wp-content\/uploads\/2018\/02\/website-octopus-tools-08.svg","contentUrl":"https:\/\/www.octopus.tools\/wp-content\/uploads\/2018\/02\/website-octopus-tools-08.svg","caption":"Octopus.tools [by yoozoo GmbH]"},"image":{"@id":"https:\/\/www.octopus.tools\/es\/#\/schema\/logo\/image\/"},"sameAs":["https:\/\/www.facebook.com\/yoozoo.de","https:\/\/x.com\/yoozoo_de"]}]}},"_links":{"self":[{"href":"https:\/\/www.octopus.tools\/es\/wp-json\/wp\/v2\/pages\/4689","targetHints":{"allow":["GET"]}}],"collection":[{"href":"https:\/\/www.octopus.tools\/es\/wp-json\/wp\/v2\/pages"}],"about":[{"href":"https:\/\/www.octopus.tools\/es\/wp-json\/wp\/v2\/types\/page"}],"author":[{"embeddable":true,"href":"https:\/\/www.octopus.tools\/es\/wp-json\/wp\/v2\/users\/1"}],"replies":[{"embeddable":true,"href":"https:\/\/www.octopus.tools\/es\/wp-json\/wp\/v2\/comments?post=4689"}],"version-history":[{"count":0,"href":"https:\/\/www.octopus.tools\/es\/wp-json\/wp\/v2\/pages\/4689\/revisions"}],"wp:attachment":[{"href":"https:\/\/www.octopus.tools\/es\/wp-json\/wp\/v2\/media?parent=4689"}],"curies":[{"name":"wp","href":"https:\/\/api.w.org\/{rel}","templated":true}]}}