{"id":10001,"date":"2021-03-24T13:13:38","date_gmt":"2021-03-24T13:13:38","guid":{"rendered":"https:\/\/octopus.tools\/?page_id=10001"},"modified":"2023-02-09T09:40:28","modified_gmt":"2023-02-09T08:40:28","slug":"solutions","status":"publish","type":"page","link":"https:\/\/www.octopus.tools\/fr\/solutions\/","title":{"rendered":"Solutions"},"content":{"rendered":"<div class=\"wpb-content-wrapper\">[vc_row][vc_column][\/vc_column][\/vc_row][vc_row][vc_column width=\u00a0\u00bb1\/2&Prime;][vc_single_image image=\u00a0\u00bb9694&Prime; onclick=\u00a0\u00bbcustom_link\u00a0\u00bb el_class=\u00a0\u00bbrounded-box\u00a0\u00bb css=\u00a0\u00bb.vc_custom_1663326496444{background-color: #193d61 !important;}\u00a0\u00bb img_hover=\u00a0\u00bbopacity\u00a0\u00bb link=\u00a0\u00bb\/piranha\u00a0\u00bb]<div class=\"vcex-module vcex-icon-box vcex-icon-box-one wpex-flex wpex-text-left vc_custom_1519842522244\"><div class=\"vcex-icon-box-symbol wpex-flex-shrink-0 wpex-mr-20\"><a href=\"\/piranha\" class=\"wpex-no-underline\"><img loading=\"lazy\" class=\"vcex-icon-box-image wpex-align-middle\" style=\"width:100px;\" decoding=\"async\" src=\"https:\/\/www.octopus.tools\/wp-content\/uploads\/2018\/02\/icon-piranha-1.svg\" alt=\"\" width=\"1\" height=\"1\"><\/a><\/div><div class=\"vcex-icon-box-text wpex-flex-grow\"><h2 class=\"vcex-icon-box-heading wpex-heading wpex-mb-10\" style=\"color:#ffffff;--wpex-hover-heading-link-color:#ffffff;font-size:25px;\"><a href=\"\/piranha\" class=\"vcex-icon-box-link wpex-no-underline\">Piranha<\/a><\/h2><div class=\"vcex-icon-box-content wpex-last-mb-0 wpex-clr\" style=\"color:#ffffff;\"><p>Piranha app est con\u00e7ue pour rendre la photographie automobile aussi simple et intuitive que possible. <a href=\"https:\/\/www.octopus.tools\/fr\/piranha\/\">D\u00e9couvrir le minerai &gt;&gt;<\/a><\/p>\n<\/div><\/div><\/div>[\/vc_column][vc_column width=\u00a0\u00bb1\/2&Prime;][vc_single_image image=\u00a0\u00bb9700&Prime; onclick=\u00a0\u00bbcustom_link\u00a0\u00bb el_class=\u00a0\u00bbrounded-box\u00a0\u00bb css=\u00a0\u00bb.vc_custom_1519970174394{background-color: #444f59 !important;}\u00a0\u00bb img_hover=\u00a0\u00bbopacity\u00a0\u00bb link=\u00a0\u00bb\/orca\u00a0\u00bb]<div class=\"vcex-module vcex-icon-box vcex-icon-box-one wpex-flex wpex-text-left vc_custom_1520009085766\"><div class=\"vcex-icon-box-symbol wpex-flex-shrink-0 wpex-mr-20\"><a href=\"\/orca\" class=\"wpex-no-underline\"><img src=\"https:\/\/www.octopus.tools\/wp-content\/uploads\/2018\/02\/icon-orca.svg\" alt=\"\" class=\"vcex-icon-box-image wpex-align-middle\" loading=\"lazy\" decoding=\"async\" style=\"width:100px;height:100px;\" width=\"100\" height=\"100\"><\/a><\/div><div class=\"vcex-icon-box-text wpex-flex-grow\"><h2 class=\"vcex-icon-box-heading wpex-heading wpex-mb-10\" style=\"color:#ffffff;--wpex-hover-heading-link-color:#ffffff;font-size:25px;\"><a href=\"\/orca\" class=\"vcex-icon-box-link wpex-no-underline\">Orca<\/a><\/h2><div class=\"vcex-icon-box-content wpex-last-mb-0 wpex-clr\" style=\"color:#ffffff;\"><p>Orca est l&rsquo;alternative Web \u00e0 l&rsquo;application Piranha pour t\u00e9l\u00e9charger vos photos \u00e0 retoucher. <a href=\"https:\/\/www.octopus.tools\/fr\/orca\/\">D\u00e9couvrir le minerai &gt;&gt;<\/a><\/p>\n<\/div><\/div><\/div>[\/vc_column][\/vc_row][vc_row][vc_column width=\u00a0\u00bb1\/2&Prime;][vc_single_image image=\u00a0\u00bb14620&Prime; onclick=\u00a0\u00bbcustom_link\u00a0\u00bb el_class=\u00a0\u00bbrounded-box\u00a0\u00bb css=\u00a0\u00bb.vc_custom_1663327000187{background-color: #df6115 !important;}\u00a0\u00bb img_hover=\u00a0\u00bbopacity\u00a0\u00bb link=\u00a0\u00bb\/meg\u00a0\u00bb]<div class=\"vcex-module vcex-icon-box vcex-icon-box-one wpex-flex wpex-text-left vc_custom_1663326627397\"><div class=\"vcex-icon-box-symbol wpex-flex-shrink-0 wpex-mr-20\"><a href=\"\/meg\" class=\"wpex-no-underline\"><img loading=\"lazy\" class=\"vcex-icon-box-image wpex-align-middle\" style=\"width:100px;\" alt=\"Meg\" decoding=\"async\" src=\"https:\/\/www.octopus.tools\/wp-content\/uploads\/2022\/09\/icon-meg-2.svg\" width=\"1\" height=\"1\"><\/a><\/div><div class=\"vcex-icon-box-text wpex-flex-grow\"><h2 class=\"vcex-icon-box-heading wpex-heading wpex-mb-10\" style=\"color:#ffffff;--wpex-hover-heading-link-color:#ffffff;font-size:25px;\"><a href=\"\/meg\" class=\"vcex-icon-box-link wpex-no-underline\">Meg<\/a><\/h2><div class=\"vcex-icon-box-content wpex-last-mb-0 wpex-clr\" style=\"color:#ffffff;\"><p>Le Meg connecte nos outils \u00e0 votre architecture syst\u00e8me afin d&rsquo;\u00e9viter les \u00e9tapes de travail manuel. <a href=\"https:\/\/www.octopus.tools\/fr\/meg\/\"> D\u00e9couvrir le minerai &gt;&gt;<\/a><\/p>\n<\/div><\/div><\/div>[\/vc_column][vc_column width=\u00a0\u00bb1\/2&Prime;][vc_single_image image=\u00a0\u00bb9703&Prime; onclick=\u00a0\u00bbcustom_link\u00a0\u00bb el_class=\u00a0\u00bbrounded-box\u00a0\u00bb css=\u00a0\u00bb.vc_custom_1519968726909{background-color: #91582c !important;}\u00a0\u00bb img_hover=\u00a0\u00bbopacity\u00a0\u00bb link=\u00a0\u00bb\/eagle\u00a0\u00bb]<div class=\"vcex-module vcex-icon-box vcex-icon-box-one wpex-flex wpex-text-left vc_custom_1519865069769\"><div class=\"vcex-icon-box-symbol wpex-flex-shrink-0 wpex-mr-20\"><a href=\"\/eagle\" class=\"wpex-no-underline\"><img loading=\"lazy\" class=\"vcex-icon-box-image wpex-align-middle\" style=\"width:100px;\" decoding=\"async\" src=\"https:\/\/www.octopus.tools\/wp-content\/uploads\/2018\/02\/icon-eagle-1.svg\" alt=\"\" width=\"1\" height=\"1\"><\/a><\/div><div class=\"vcex-icon-box-text wpex-flex-grow\"><h2 class=\"vcex-icon-box-heading wpex-heading wpex-mb-10\" style=\"color:#ffffff;--wpex-hover-heading-link-color:#ffffff;font-size:25px;\"><a href=\"\/eagle\" class=\"vcex-icon-box-link wpex-no-underline\">Eagle<\/a><\/h2><div class=\"vcex-icon-box-content wpex-last-mb-0 wpex-clr\" style=\"color:#ffffff;\"><p>Le cockpit Eagle vous donne un aper\u00e7u de toutes vos op\u00e9rations d&rsquo;imagerie automobile en un coup d&rsquo;\u0153il. <a href=\"https:\/\/www.octopus.tools\/fr\/eagle\/\"> D\u00e9couvrir le minerai &gt;&gt;<\/a><\/p>\n<\/div><\/div><\/div>[\/vc_column][\/vc_row][vc_row][vc_column width=\u00a0\u00bb1\/2&Prime;][vc_single_image image=\u00a0\u00bb9701&Prime; onclick=\u00a0\u00bbcustom_link\u00a0\u00bb el_class=\u00a0\u00bbrounded-box\u00a0\u00bb css=\u00a0\u00bb.vc_custom_1519969279786{background-color: #fe970a !important;}\u00a0\u00bb img_hover=\u00a0\u00bbopacity\u00a0\u00bb link=\u00a0\u00bb\/gecko\u00a0\u00bb]<div class=\"vcex-module vcex-icon-box vcex-icon-box-one wpex-flex wpex-text-left vc_custom_1675932022856\"><div class=\"vcex-icon-box-symbol wpex-flex-shrink-0 wpex-mr-20\"><a href=\"\/gecko\" class=\"wpex-no-underline\"><img loading=\"lazy\" class=\"vcex-icon-box-image wpex-align-middle\" style=\"width:100px;\" decoding=\"async\" src=\"https:\/\/www.octopus.tools\/wp-content\/uploads\/2018\/02\/icon-gecko.svg\" alt=\"\" width=\"1\" height=\"1\"><\/a><\/div><div class=\"vcex-icon-box-text wpex-flex-grow\"><h2 class=\"vcex-icon-box-heading wpex-heading wpex-mb-10\" style=\"color:#ffffff;--wpex-hover-heading-link-color:#ffffff;font-size:25px;\"><a href=\"\/gecko\" class=\"vcex-icon-box-link wpex-no-underline\">Gecko<\/a><\/h2><div class=\"vcex-icon-box-content wpex-last-mb-0 wpex-clr\" style=\"color:#ffffff;\"><p>Choisissez parmi plus de 300 fonds d&rsquo;\u00e9cran de la galerie Gecko pour une pr\u00e9sentation parfaite de vos voitures. <a href=\"\/fr\/gecko\/\">D\u00e9couvrir le minerai &gt;&gt;<\/a><\/p>\n<\/div><\/div><\/div>[\/vc_column][vc_column width=\u00a0\u00bb1\/2&Prime;][vc_single_image image=\u00a0\u00bb9697&Prime; onclick=\u00a0\u00bbcustom_link\u00a0\u00bb el_class=\u00a0\u00bbrounded-box\u00a0\u00bb css=\u00a0\u00bb.vc_custom_1519970838428{background-color: #6f6f6f !important;}\u00a0\u00bb img_hover=\u00a0\u00bbopacity\u00a0\u00bb link=\u00a0\u00bbhttp:\/\/\u00a0\u00bb]<div class=\"vcex-module vcex-icon-box vcex-icon-box-one wpex-flex wpex-text-left vc_custom_1520009329669\"><div class=\"vcex-icon-box-symbol wpex-flex-shrink-0 wpex-mr-20\"><img loading=\"lazy\" class=\"vcex-icon-box-image wpex-align-middle\" style=\"width:110px;\" decoding=\"async\" src=\"https:\/\/www.octopus.tools\/wp-content\/uploads\/2018\/02\/rhino.svg\" alt=\"\" width=\"1\" height=\"1\"><\/div><div class=\"vcex-icon-box-text wpex-flex-grow\"><h2 class=\"vcex-icon-box-heading wpex-heading wpex-mb-10\" style=\"color:#ffffff;--wpex-hover-heading-link-color:#ffffff;font-size:25px;\">Rhino<\/h2><div class=\"vcex-icon-box-content wpex-last-mb-0 wpex-clr\" style=\"color:#ffffff;\"><p>Une autre bonne id\u00e9e est en route. Nous travaillons constamment sur de nouveaux modules pour nos outils Octopus.Restez \u00e0 l&rsquo;aff\u00fbt des nouvelles!<\/p>\n<\/div><\/div><\/div>[\/vc_column][\/vc_row][vc_row][vc_column]<div class=\"vcex-module vcex-icon-box vcex-icon-box-one wpex-flex wpex-text-left vc_custom_1520009828359\" data-wpex-hover=\"{&quot;background&quot;:&quot;#935e17&quot;}\"><div class=\"vcex-icon-box-symbol wpex-flex-shrink-0 wpex-mr-20\"><a href=\"\/about-us\" class=\"wpex-no-underline\"><img loading=\"lazy\" class=\"vcex-icon-box-image wpex-align-middle\" style=\"width:100px;\" alt=\"Get More Info About The Team Behind The Scenes\" decoding=\"async\" src=\"https:\/\/www.octopus.tools\/wp-content\/uploads\/2017\/11\/logo-octopus.svg\" width=\"1\" height=\"1\"><\/a><\/div><div class=\"vcex-icon-box-text wpex-flex-grow\"><h2 class=\"vcex-icon-box-heading wpex-heading wpex-text-md wpex-mb-10\" style=\"color:#ffffff;--wpex-hover-heading-link-color:#ffffff;\"><a href=\"\/about-us\" class=\"vcex-icon-box-link wpex-no-underline\">Octopus<\/a><\/h2><div class=\"vcex-icon-box-content wpex-last-mb-0 wpex-clr\" style=\"color:#ffffff;\"><p>L&rsquo;Octopus est le syst\u00e8me central auquel tous nos modules d&rsquo;images automobiles sont connect\u00e9s. Il s&rsquo;agit d&rsquo;un syst\u00e8me backend unique et \u00e9volutif, qui prend en charge tous les probl\u00e8mes li\u00e9s au traitement de photos, y compris (mais sans s&rsquo;y limiter) le contr\u00f4le de la qualit\u00e9 et les rapports. <a href=\"https:\/\/www.octopus.tools\/fr\/de-nous\/\"> D\u00e9couvrir le minerai &gt;&gt;<\/a><\/p>\n<\/div><\/div><\/div>[\/vc_column][\/vc_row]\n<\/div>","protected":false},"excerpt":{"rendered":"<p>[vc_row][vc_column][\/vc_column][\/vc_row][vc_row][vc_column width=\u00a0\u00bb1\/2&Prime;][vc_single_image image=\u00a0\u00bb9694&Prime; onclick=\u00a0\u00bbcustom_link\u00a0\u00bb el_class=\u00a0\u00bbrounded-box\u00a0\u00bb css=\u00a0\u00bb.vc_custom_1663326496444{background-color: #193d61 !important;}\u00a0\u00bb img_hover=\u00a0\u00bbopacity\u00a0\u00bb link=\u00a0\u00bb\/piranha\u00a0\u00bb][\/vc_column][vc_column width=\u00a0\u00bb1\/2&Prime;][vc_single_image image=\u00a0\u00bb9700&Prime; onclick=\u00a0\u00bbcustom_link\u00a0\u00bb el_class=\u00a0\u00bbrounded-box\u00a0\u00bb css=\u00a0\u00bb.vc_custom_1519970174394{background-color: #444f59 !important;}\u00a0\u00bb img_hover=\u00a0\u00bbopacity\u00a0\u00bb link=\u00a0\u00bb\/orca\u00a0\u00bb][\/vc_column][\/vc_row][vc_row][vc_column width=\u00a0\u00bb1\/2&Prime;][vc_single_image image=\u00a0\u00bb14620&Prime; onclick=\u00a0\u00bbcustom_link\u00a0\u00bb el_class=\u00a0\u00bbrounded-box\u00a0\u00bb css=\u00a0\u00bb.vc_custom_1663327000187{background-color: #df6115 !important;}\u00a0\u00bb img_hover=\u00a0\u00bbopacity\u00a0\u00bb link=\u00a0\u00bb\/meg\u00a0\u00bb][\/vc_column][vc_column width=\u00a0\u00bb1\/2&Prime;][vc_single_image image=\u00a0\u00bb9703&Prime; onclick=\u00a0\u00bbcustom_link\u00a0\u00bb el_class=\u00a0\u00bbrounded-box\u00a0\u00bb css=\u00a0\u00bb.vc_custom_1519968726909{background-color: #91582c !important;}\u00a0\u00bb img_hover=\u00a0\u00bbopacity\u00a0\u00bb link=\u00a0\u00bb\/eagle\u00a0\u00bb][\/vc_column][\/vc_row][vc_row][vc_column width=\u00a0\u00bb1\/2&Prime;][vc_single_image image=\u00a0\u00bb9701&Prime; onclick=\u00a0\u00bbcustom_link\u00a0\u00bb el_class=\u00a0\u00bbrounded-box\u00a0\u00bb css=\u00a0\u00bb.vc_custom_1519969279786{background-color: #fe970a !important;}\u00a0\u00bb img_hover=\u00a0\u00bbopacity\u00a0\u00bb link=\u00a0\u00bb\/gecko\u00a0\u00bb][\/vc_column][vc_column width=\u00a0\u00bb1\/2&Prime;][vc_single_image image=\u00a0\u00bb9697&Prime; onclick=\u00a0\u00bbcustom_link\u00a0\u00bb el_class=\u00a0\u00bbrounded-box\u00a0\u00bb css=\u00a0\u00bb.vc_custom_1519970838428{background-color: #6f6f6f !important;}\u00a0\u00bb img_hover=\u00a0\u00bbopacity\u00a0\u00bb link=\u00a0\u00bbhttp:\/\/\u00a0\u00bb][\/vc_column][\/vc_row][vc_row][vc_column][\/vc_column][\/vc_row]<\/p>\n","protected":false},"author":1,"featured_media":0,"parent":0,"menu_order":0,"comment_status":"closed","ping_status":"closed","template":"","meta":{"content-type":"","inline_featured_image":false,"footnotes":""},"class_list":["post-10001","page","type-page","status-publish","hentry","entry","no-media"],"yoast_head":"<!-- This site is optimized with the Yoast SEO plugin v24.0 - https:\/\/yoast.com\/wordpress\/plugins\/seo\/ -->\n<title>Solutions - Octopus tools - automotive imagery solutions<\/title>\n<meta name=\"robots\" content=\"index, follow, max-snippet:-1, max-image-preview:large, max-video-preview:-1\" \/>\n<link rel=\"canonical\" href=\"https:\/\/www.octopus.tools\/fr\/solutions\/\" \/>\n<meta property=\"og:locale\" content=\"fr_FR\" \/>\n<meta property=\"og:type\" content=\"article\" \/>\n<meta property=\"og:title\" content=\"Solutions - Octopus tools - automotive imagery solutions\" \/>\n<meta property=\"og:description\" content=\"[vc_row][vc_column][\/vc_column][\/vc_row][vc_row][vc_column width=\u00a0\u00bb1\/2&Prime;][vc_single_image image=\u00a0\u00bb9694&Prime; onclick=\u00a0\u00bbcustom_link\u00a0\u00bb el_class=\u00a0\u00bbrounded-box\u00a0\u00bb css=\u00a0\u00bb.vc_custom_1663326496444{background-color: #193d61 !important;}\u00a0\u00bb img_hover=\u00a0\u00bbopacity\u00a0\u00bb link=\u00a0\u00bb\/piranha\u00a0\u00bb][\/vc_column][vc_column width=\u00a0\u00bb1\/2&Prime;][vc_single_image image=\u00a0\u00bb9700&Prime; onclick=\u00a0\u00bbcustom_link\u00a0\u00bb el_class=\u00a0\u00bbrounded-box\u00a0\u00bb css=\u00a0\u00bb.vc_custom_1519970174394{background-color: #444f59 !important;}\u00a0\u00bb img_hover=\u00a0\u00bbopacity\u00a0\u00bb link=\u00a0\u00bb\/orca\u00a0\u00bb][\/vc_column][\/vc_row][vc_row][vc_column width=\u00a0\u00bb1\/2&Prime;][vc_single_image image=\u00a0\u00bb14620&Prime; onclick=\u00a0\u00bbcustom_link\u00a0\u00bb el_class=\u00a0\u00bbrounded-box\u00a0\u00bb css=\u00a0\u00bb.vc_custom_1663327000187{background-color: #df6115 !important;}\u00a0\u00bb img_hover=\u00a0\u00bbopacity\u00a0\u00bb link=\u00a0\u00bb\/meg\u00a0\u00bb][\/vc_column][vc_column width=\u00a0\u00bb1\/2&Prime;][vc_single_image image=\u00a0\u00bb9703&Prime; onclick=\u00a0\u00bbcustom_link\u00a0\u00bb el_class=\u00a0\u00bbrounded-box\u00a0\u00bb css=\u00a0\u00bb.vc_custom_1519968726909{background-color: #91582c !important;}\u00a0\u00bb img_hover=\u00a0\u00bbopacity\u00a0\u00bb link=\u00a0\u00bb\/eagle\u00a0\u00bb][\/vc_column][\/vc_row][vc_row][vc_column width=\u00a0\u00bb1\/2&Prime;][vc_single_image image=\u00a0\u00bb9701&Prime; onclick=\u00a0\u00bbcustom_link\u00a0\u00bb el_class=\u00a0\u00bbrounded-box\u00a0\u00bb css=\u00a0\u00bb.vc_custom_1519969279786{background-color: #fe970a !important;}\u00a0\u00bb img_hover=\u00a0\u00bbopacity\u00a0\u00bb link=\u00a0\u00bb\/gecko\u00a0\u00bb][\/vc_column][vc_column width=\u00a0\u00bb1\/2&Prime;][vc_single_image image=\u00a0\u00bb9697&Prime; onclick=\u00a0\u00bbcustom_link\u00a0\u00bb el_class=\u00a0\u00bbrounded-box\u00a0\u00bb css=\u00a0\u00bb.vc_custom_1519970838428{background-color: #6f6f6f !important;}\u00a0\u00bb img_hover=\u00a0\u00bbopacity\u00a0\u00bb link=\u00a0\u00bbhttp:\/\/\u00a0\u00bb][\/vc_column][\/vc_row][vc_row][vc_column][\/vc_column][\/vc_row]\" \/>\n<meta property=\"og:url\" content=\"https:\/\/www.octopus.tools\/fr\/solutions\/\" \/>\n<meta property=\"og:site_name\" content=\"Octopus tools - automotive imagery solutions\" \/>\n<meta property=\"article:publisher\" content=\"https:\/\/www.facebook.com\/yoozoo.de\" \/>\n<meta property=\"article:modified_time\" content=\"2023-02-09T08:40:28+00:00\" \/>\n<meta property=\"og:image\" content=\"https:\/\/www.octopus.tools\/wp-content\/uploads\/2018\/04\/social-share-thumb.jpg\" \/>\n\t<meta property=\"og:image:width\" content=\"900\" \/>\n\t<meta property=\"og:image:height\" content=\"900\" \/>\n\t<meta property=\"og:image:type\" content=\"image\/jpeg\" \/>\n<meta name=\"twitter:card\" content=\"summary_large_image\" \/>\n<meta name=\"twitter:site\" content=\"@yoozoo_de\" \/>\n<meta name=\"twitter:label1\" content=\"Dur\u00e9e de lecture estim\u00e9e\" \/>\n\t<meta name=\"twitter:data1\" content=\"4 minutes\" \/>\n<script type=\"application\/ld+json\" class=\"yoast-schema-graph\">{\"@context\":\"https:\/\/schema.org\",\"@graph\":[{\"@type\":\"WebPage\",\"@id\":\"https:\/\/www.octopus.tools\/fr\/solutions\/\",\"url\":\"https:\/\/www.octopus.tools\/fr\/solutions\/\",\"name\":\"Solutions - Octopus tools - automotive imagery solutions\",\"isPartOf\":{\"@id\":\"https:\/\/www.octopus.tools\/fr\/#website\"},\"datePublished\":\"2021-03-24T13:13:38+00:00\",\"dateModified\":\"2023-02-09T08:40:28+00:00\",\"breadcrumb\":{\"@id\":\"https:\/\/www.octopus.tools\/fr\/solutions\/#breadcrumb\"},\"inLanguage\":\"fr-FR\",\"potentialAction\":[{\"@type\":\"ReadAction\",\"target\":[\"https:\/\/www.octopus.tools\/fr\/solutions\/\"]}]},{\"@type\":\"BreadcrumbList\",\"@id\":\"https:\/\/www.octopus.tools\/fr\/solutions\/#breadcrumb\",\"itemListElement\":[{\"@type\":\"ListItem\",\"position\":1,\"name\":\"Home\",\"item\":\"https:\/\/www.octopus.tools\/fr\/\"},{\"@type\":\"ListItem\",\"position\":2,\"name\":\"Solutions\"}]},{\"@type\":\"WebSite\",\"@id\":\"https:\/\/www.octopus.tools\/fr\/#website\",\"url\":\"https:\/\/www.octopus.tools\/fr\/\",\"name\":\"Octopus tools - automotive imagery solutions\",\"description\":\"yoozoo GmbH software\",\"publisher\":{\"@id\":\"https:\/\/www.octopus.tools\/fr\/#organization\"},\"potentialAction\":[{\"@type\":\"SearchAction\",\"target\":{\"@type\":\"EntryPoint\",\"urlTemplate\":\"https:\/\/www.octopus.tools\/fr\/?s={search_term_string}\"},\"query-input\":{\"@type\":\"PropertyValueSpecification\",\"valueRequired\":true,\"valueName\":\"search_term_string\"}}],\"inLanguage\":\"fr-FR\"},{\"@type\":\"Organization\",\"@id\":\"https:\/\/www.octopus.tools\/fr\/#organization\",\"name\":\"Octopus.tools [by yoozoo GmbH]\",\"url\":\"https:\/\/www.octopus.tools\/fr\/\",\"logo\":{\"@type\":\"ImageObject\",\"inLanguage\":\"fr-FR\",\"@id\":\"https:\/\/www.octopus.tools\/fr\/#\/schema\/logo\/image\/\",\"url\":\"https:\/\/www.octopus.tools\/wp-content\/uploads\/2018\/02\/website-octopus-tools-08.svg\",\"contentUrl\":\"https:\/\/www.octopus.tools\/wp-content\/uploads\/2018\/02\/website-octopus-tools-08.svg\",\"caption\":\"Octopus.tools [by yoozoo GmbH]\"},\"image\":{\"@id\":\"https:\/\/www.octopus.tools\/fr\/#\/schema\/logo\/image\/\"},\"sameAs\":[\"https:\/\/www.facebook.com\/yoozoo.de\",\"https:\/\/x.com\/yoozoo_de\"]}]}<\/script>\n<!-- \/ Yoast SEO plugin. -->","yoast_head_json":{"title":"Solutions - Octopus tools - automotive imagery solutions","robots":{"index":"index","follow":"follow","max-snippet":"max-snippet:-1","max-image-preview":"max-image-preview:large","max-video-preview":"max-video-preview:-1"},"canonical":"https:\/\/www.octopus.tools\/fr\/solutions\/","og_locale":"fr_FR","og_type":"article","og_title":"Solutions - Octopus tools - automotive imagery solutions","og_description":"[vc_row][vc_column][\/vc_column][\/vc_row][vc_row][vc_column width=\u00a0\u00bb1\/2&Prime;][vc_single_image image=\u00a0\u00bb9694&Prime; onclick=\u00a0\u00bbcustom_link\u00a0\u00bb el_class=\u00a0\u00bbrounded-box\u00a0\u00bb css=\u00a0\u00bb.vc_custom_1663326496444{background-color: #193d61 !important;}\u00a0\u00bb img_hover=\u00a0\u00bbopacity\u00a0\u00bb link=\u00a0\u00bb\/piranha\u00a0\u00bb][\/vc_column][vc_column width=\u00a0\u00bb1\/2&Prime;][vc_single_image image=\u00a0\u00bb9700&Prime; onclick=\u00a0\u00bbcustom_link\u00a0\u00bb el_class=\u00a0\u00bbrounded-box\u00a0\u00bb css=\u00a0\u00bb.vc_custom_1519970174394{background-color: #444f59 !important;}\u00a0\u00bb img_hover=\u00a0\u00bbopacity\u00a0\u00bb link=\u00a0\u00bb\/orca\u00a0\u00bb][\/vc_column][\/vc_row][vc_row][vc_column width=\u00a0\u00bb1\/2&Prime;][vc_single_image image=\u00a0\u00bb14620&Prime; onclick=\u00a0\u00bbcustom_link\u00a0\u00bb el_class=\u00a0\u00bbrounded-box\u00a0\u00bb css=\u00a0\u00bb.vc_custom_1663327000187{background-color: #df6115 !important;}\u00a0\u00bb img_hover=\u00a0\u00bbopacity\u00a0\u00bb link=\u00a0\u00bb\/meg\u00a0\u00bb][\/vc_column][vc_column width=\u00a0\u00bb1\/2&Prime;][vc_single_image image=\u00a0\u00bb9703&Prime; onclick=\u00a0\u00bbcustom_link\u00a0\u00bb el_class=\u00a0\u00bbrounded-box\u00a0\u00bb css=\u00a0\u00bb.vc_custom_1519968726909{background-color: #91582c !important;}\u00a0\u00bb img_hover=\u00a0\u00bbopacity\u00a0\u00bb link=\u00a0\u00bb\/eagle\u00a0\u00bb][\/vc_column][\/vc_row][vc_row][vc_column width=\u00a0\u00bb1\/2&Prime;][vc_single_image image=\u00a0\u00bb9701&Prime; onclick=\u00a0\u00bbcustom_link\u00a0\u00bb el_class=\u00a0\u00bbrounded-box\u00a0\u00bb css=\u00a0\u00bb.vc_custom_1519969279786{background-color: #fe970a !important;}\u00a0\u00bb img_hover=\u00a0\u00bbopacity\u00a0\u00bb link=\u00a0\u00bb\/gecko\u00a0\u00bb][\/vc_column][vc_column width=\u00a0\u00bb1\/2&Prime;][vc_single_image image=\u00a0\u00bb9697&Prime; onclick=\u00a0\u00bbcustom_link\u00a0\u00bb el_class=\u00a0\u00bbrounded-box\u00a0\u00bb css=\u00a0\u00bb.vc_custom_1519970838428{background-color: #6f6f6f !important;}\u00a0\u00bb img_hover=\u00a0\u00bbopacity\u00a0\u00bb link=\u00a0\u00bbhttp:\/\/\u00a0\u00bb][\/vc_column][\/vc_row][vc_row][vc_column][\/vc_column][\/vc_row]","og_url":"https:\/\/www.octopus.tools\/fr\/solutions\/","og_site_name":"Octopus tools - automotive imagery solutions","article_publisher":"https:\/\/www.facebook.com\/yoozoo.de","article_modified_time":"2023-02-09T08:40:28+00:00","og_image":[{"width":900,"height":900,"url":"https:\/\/www.octopus.tools\/wp-content\/uploads\/2018\/04\/social-share-thumb.jpg","type":"image\/jpeg"}],"twitter_card":"summary_large_image","twitter_site":"@yoozoo_de","twitter_misc":{"Dur\u00e9e de lecture estim\u00e9e":"4 minutes"},"schema":{"@context":"https:\/\/schema.org","@graph":[{"@type":"WebPage","@id":"https:\/\/www.octopus.tools\/fr\/solutions\/","url":"https:\/\/www.octopus.tools\/fr\/solutions\/","name":"Solutions - Octopus tools - automotive imagery solutions","isPartOf":{"@id":"https:\/\/www.octopus.tools\/fr\/#website"},"datePublished":"2021-03-24T13:13:38+00:00","dateModified":"2023-02-09T08:40:28+00:00","breadcrumb":{"@id":"https:\/\/www.octopus.tools\/fr\/solutions\/#breadcrumb"},"inLanguage":"fr-FR","potentialAction":[{"@type":"ReadAction","target":["https:\/\/www.octopus.tools\/fr\/solutions\/"]}]},{"@type":"BreadcrumbList","@id":"https:\/\/www.octopus.tools\/fr\/solutions\/#breadcrumb","itemListElement":[{"@type":"ListItem","position":1,"name":"Home","item":"https:\/\/www.octopus.tools\/fr\/"},{"@type":"ListItem","position":2,"name":"Solutions"}]},{"@type":"WebSite","@id":"https:\/\/www.octopus.tools\/fr\/#website","url":"https:\/\/www.octopus.tools\/fr\/","name":"Octopus tools - automotive imagery solutions","description":"yoozoo GmbH software","publisher":{"@id":"https:\/\/www.octopus.tools\/fr\/#organization"},"potentialAction":[{"@type":"SearchAction","target":{"@type":"EntryPoint","urlTemplate":"https:\/\/www.octopus.tools\/fr\/?s={search_term_string}"},"query-input":{"@type":"PropertyValueSpecification","valueRequired":true,"valueName":"search_term_string"}}],"inLanguage":"fr-FR"},{"@type":"Organization","@id":"https:\/\/www.octopus.tools\/fr\/#organization","name":"Octopus.tools [by yoozoo GmbH]","url":"https:\/\/www.octopus.tools\/fr\/","logo":{"@type":"ImageObject","inLanguage":"fr-FR","@id":"https:\/\/www.octopus.tools\/fr\/#\/schema\/logo\/image\/","url":"https:\/\/www.octopus.tools\/wp-content\/uploads\/2018\/02\/website-octopus-tools-08.svg","contentUrl":"https:\/\/www.octopus.tools\/wp-content\/uploads\/2018\/02\/website-octopus-tools-08.svg","caption":"Octopus.tools [by yoozoo GmbH]"},"image":{"@id":"https:\/\/www.octopus.tools\/fr\/#\/schema\/logo\/image\/"},"sameAs":["https:\/\/www.facebook.com\/yoozoo.de","https:\/\/x.com\/yoozoo_de"]}]}},"_links":{"self":[{"href":"https:\/\/www.octopus.tools\/fr\/wp-json\/wp\/v2\/pages\/10001","targetHints":{"allow":["GET"]}}],"collection":[{"href":"https:\/\/www.octopus.tools\/fr\/wp-json\/wp\/v2\/pages"}],"about":[{"href":"https:\/\/www.octopus.tools\/fr\/wp-json\/wp\/v2\/types\/page"}],"author":[{"embeddable":true,"href":"https:\/\/www.octopus.tools\/fr\/wp-json\/wp\/v2\/users\/1"}],"replies":[{"embeddable":true,"href":"https:\/\/www.octopus.tools\/fr\/wp-json\/wp\/v2\/comments?post=10001"}],"version-history":[{"count":0,"href":"https:\/\/www.octopus.tools\/fr\/wp-json\/wp\/v2\/pages\/10001\/revisions"}],"wp:attachment":[{"href":"https:\/\/www.octopus.tools\/fr\/wp-json\/wp\/v2\/media?parent=10001"}],"curies":[{"name":"wp","href":"https:\/\/api.w.org\/{rel}","templated":true}]}}