{"id":10187,"date":"2021-03-26T10:36:12","date_gmt":"2021-03-26T10:36:12","guid":{"rendered":"https:\/\/octopus.tools\/imprimer\/"},"modified":"2021-03-26T10:36:14","modified_gmt":"2021-03-26T10:36:14","slug":"imprimer","status":"publish","type":"page","link":"https:\/\/www.octopus.tools\/fr\/imprimer\/","title":{"rendered":"Imprimer"},"content":{"rendered":"<div class=\"wpb-content-wrapper\">[vc_row][vc_column][vc_empty_space height=\u00a0\u00bb40px\u00a0\u00bb][\/vc_column][\/vc_row][vc_row][vc_column width=\u00a0\u00bb1\/2&Prime;][vc_column_text]<strong>Selon \u00a7 5 TMG :<br \/>\nOctopus.tools est un produit de yoozoo GmbH<br \/>\nyoozoo GmbH<br \/>\n18 Salzburger Stra\u00dfe<br \/>\n10825 Berlin<\/p>\n<p><strong>Repr\u00e9sent\u00e9 par:<\/strong><br \/>\nJochen Heine[\/vc_column_text][\/vc_column][vc_column width=\u00a0\u00bb1\/2&Prime;][vc_column_text]<strong>Contacter:<\/strong><br \/>\nT\u00e9l\u00e9phone: +49 (0) 30 588 444 44<\/p>\n<p>Courriel: [wpml_mailto email=\u201dinfo@yoozoo.de\u201d]info@yoozoo.de[\/wpml_mailto]\nSite Web: <a href=\"http:\/\/www.yoozoo.de\" target=\"_blank\" rel=\"noopener noreferrer\">www.yoozoo.de<\/a><\/p>\n<p><strong>S&rsquo;inscrire:<\/strong><br \/>\nInscription au registre du commerce.<br \/>\nTribunal d&rsquo;enregistrement: Amtsgericht Charlottenburg<br \/>\nNum\u00e9ro d&rsquo;enregistrement: HRB 156421B<br \/>\nNum\u00e9ro d&rsquo;identification TVA selon \u00a727 une loi sur la taxe de vente: DE265269110[\/vc_column_text][\/vc_column][\/vc_row][vc_row][vc_column][vc_column_text]Le contenu de ce site a \u00e9t\u00e9 compil\u00e9 au mieux de nos connaissances et de nos croyances. La responsabilit\u00e9 pour l&rsquo;utilisation des informations et les informations contenues sur ce site Web est exclue. Si vous avez des questions sp\u00e9cifiques sur des sujets sp\u00e9cifiques, veuillez nous contacter par t\u00e9l\u00e9phone, fax ou e-mail.<\/p>\n<p>Le contenu des autres sites vers lesquels des hyperliens de ce site \u00e9chappent au contr\u00f4le et \u00e0 la responsabilit\u00e9 de la personne qui en est responsable. Suivez ces liens, c&rsquo;est \u00e0 vos risques et p\u00e9rils.<\/p>\n<p>La reproduction, le traitement, la distribution et tout type d&rsquo;exploitation du contenu et des \u0153uvres que nous avons cr\u00e9\u00e9s sur ce site Web ne sont pas autoris\u00e9s sans notre consentement \u00e9crit. Les t\u00e9l\u00e9chargements et les copies de ce site sont r\u00e9serv\u00e9s \u00e0 un usage priv\u00e9 et non commercial.[\/vc_column_text][\/vc_column][\/vc_row]\n<\/div>","protected":false},"excerpt":{"rendered":"<p>[vc_row][vc_column][vc_empty_space height=\u00a0\u00bb40px\u00a0\u00bb][\/vc_column][\/vc_row][vc_row][vc_column width=\u00a0\u00bb1\/2&Prime;][vc_column_text]Selon \u00a7 5 TMG : Octopus.tools est un produit de yoozoo GmbH yoozoo GmbH 18 Salzburger Stra\u00dfe 10825 Berlin Repr\u00e9sent\u00e9 par: Jochen Heine[\/vc_column_text][\/vc_column][vc_column width=\u00a0\u00bb1\/2&Prime;][vc_column_text]Contacter: T\u00e9l\u00e9phone: +49 (0) 30 588 444 44 Courriel: [wpml_mailto email=\u201dinfo@yoozoo.de\u201d]info@yoozoo.de[\/wpml_mailto] Site Web: www.yoozoo.de S&rsquo;inscrire: Inscription au registre du commerce. Tribunal d&rsquo;enregistrement: Amtsgericht Charlottenburg Num\u00e9ro d&rsquo;enregistrement: HRB 156421B Num\u00e9ro d&rsquo;identification&hellip;<\/p>\n","protected":false},"author":1,"featured_media":0,"parent":0,"menu_order":0,"comment_status":"closed","ping_status":"closed","template":"","meta":{"content-type":"","inline_featured_image":false,"footnotes":""},"class_list":["post-10187","page","type-page","status-publish","hentry","entry","no-media"],"yoast_head":"<!-- This site is optimized with the Yoast SEO plugin v24.0 - https:\/\/yoast.com\/wordpress\/plugins\/seo\/ -->\n<title>Imprimer - Octopus tools - automotive imagery solutions<\/title>\n<meta name=\"robots\" content=\"index, follow, max-snippet:-1, max-image-preview:large, max-video-preview:-1\" \/>\n<link rel=\"canonical\" href=\"https:\/\/www.octopus.tools\/fr\/imprimer\/\" \/>\n<meta property=\"og:locale\" content=\"fr_FR\" \/>\n<meta property=\"og:type\" content=\"article\" \/>\n<meta property=\"og:title\" content=\"Imprimer - Octopus tools - automotive imagery solutions\" \/>\n<meta property=\"og:description\" content=\"[vc_row][vc_column][vc_empty_space height=\u00a0\u00bb40px\u00a0\u00bb][\/vc_column][\/vc_row][vc_row][vc_column width=\u00a0\u00bb1\/2&Prime;][vc_column_text]Selon \u00a7 5 TMG : Octopus.tools est un produit de yoozoo GmbH yoozoo GmbH 18 Salzburger Stra\u00dfe 10825 Berlin Repr\u00e9sent\u00e9 par: Jochen Heine[\/vc_column_text][\/vc_column][vc_column width=\u00a0\u00bb1\/2&Prime;][vc_column_text]Contacter: T\u00e9l\u00e9phone: +49 (0) 30 588 444 44 Courriel: [wpml_mailto email=\u201dinfo@yoozoo.de\u201d]info@yoozoo.de[\/wpml_mailto] Site Web: www.yoozoo.de S&rsquo;inscrire: Inscription au registre du commerce. Tribunal d&rsquo;enregistrement: Amtsgericht Charlottenburg Num\u00e9ro d&rsquo;enregistrement: HRB 156421B Num\u00e9ro d&rsquo;identification&hellip;\" \/>\n<meta property=\"og:url\" content=\"https:\/\/www.octopus.tools\/fr\/imprimer\/\" \/>\n<meta property=\"og:site_name\" content=\"Octopus tools - automotive imagery solutions\" \/>\n<meta property=\"article:publisher\" content=\"https:\/\/www.facebook.com\/yoozoo.de\" \/>\n<meta property=\"article:modified_time\" content=\"2021-03-26T10:36:14+00:00\" \/>\n<meta property=\"og:image\" content=\"https:\/\/www.octopus.tools\/wp-content\/uploads\/2018\/04\/social-share-thumb.jpg\" \/>\n\t<meta property=\"og:image:width\" content=\"900\" \/>\n\t<meta property=\"og:image:height\" content=\"900\" \/>\n\t<meta property=\"og:image:type\" content=\"image\/jpeg\" \/>\n<meta name=\"twitter:card\" content=\"summary_large_image\" \/>\n<meta name=\"twitter:site\" content=\"@yoozoo_de\" \/>\n<meta name=\"twitter:label1\" content=\"Dur\u00e9e de lecture estim\u00e9e\" \/>\n\t<meta name=\"twitter:data1\" content=\"1 minute\" \/>\n<script type=\"application\/ld+json\" class=\"yoast-schema-graph\">{\"@context\":\"https:\/\/schema.org\",\"@graph\":[{\"@type\":\"WebPage\",\"@id\":\"https:\/\/www.octopus.tools\/fr\/imprimer\/\",\"url\":\"https:\/\/www.octopus.tools\/fr\/imprimer\/\",\"name\":\"Imprimer - Octopus tools - automotive imagery solutions\",\"isPartOf\":{\"@id\":\"https:\/\/www.octopus.tools\/fr\/#website\"},\"datePublished\":\"2021-03-26T10:36:12+00:00\",\"dateModified\":\"2021-03-26T10:36:14+00:00\",\"breadcrumb\":{\"@id\":\"https:\/\/www.octopus.tools\/fr\/imprimer\/#breadcrumb\"},\"inLanguage\":\"fr-FR\",\"potentialAction\":[{\"@type\":\"ReadAction\",\"target\":[\"https:\/\/www.octopus.tools\/fr\/imprimer\/\"]}]},{\"@type\":\"BreadcrumbList\",\"@id\":\"https:\/\/www.octopus.tools\/fr\/imprimer\/#breadcrumb\",\"itemListElement\":[{\"@type\":\"ListItem\",\"position\":1,\"name\":\"Home\",\"item\":\"https:\/\/www.octopus.tools\/fr\/\"},{\"@type\":\"ListItem\",\"position\":2,\"name\":\"Imprimer\"}]},{\"@type\":\"WebSite\",\"@id\":\"https:\/\/www.octopus.tools\/fr\/#website\",\"url\":\"https:\/\/www.octopus.tools\/fr\/\",\"name\":\"Octopus tools - automotive imagery solutions\",\"description\":\"yoozoo GmbH software\",\"publisher\":{\"@id\":\"https:\/\/www.octopus.tools\/fr\/#organization\"},\"potentialAction\":[{\"@type\":\"SearchAction\",\"target\":{\"@type\":\"EntryPoint\",\"urlTemplate\":\"https:\/\/www.octopus.tools\/fr\/?s={search_term_string}\"},\"query-input\":{\"@type\":\"PropertyValueSpecification\",\"valueRequired\":true,\"valueName\":\"search_term_string\"}}],\"inLanguage\":\"fr-FR\"},{\"@type\":\"Organization\",\"@id\":\"https:\/\/www.octopus.tools\/fr\/#organization\",\"name\":\"Octopus.tools [by yoozoo GmbH]\",\"url\":\"https:\/\/www.octopus.tools\/fr\/\",\"logo\":{\"@type\":\"ImageObject\",\"inLanguage\":\"fr-FR\",\"@id\":\"https:\/\/www.octopus.tools\/fr\/#\/schema\/logo\/image\/\",\"url\":\"https:\/\/www.octopus.tools\/wp-content\/uploads\/2018\/02\/website-octopus-tools-08.svg\",\"contentUrl\":\"https:\/\/www.octopus.tools\/wp-content\/uploads\/2018\/02\/website-octopus-tools-08.svg\",\"caption\":\"Octopus.tools [by yoozoo GmbH]\"},\"image\":{\"@id\":\"https:\/\/www.octopus.tools\/fr\/#\/schema\/logo\/image\/\"},\"sameAs\":[\"https:\/\/www.facebook.com\/yoozoo.de\",\"https:\/\/x.com\/yoozoo_de\"]}]}<\/script>\n<!-- \/ Yoast SEO plugin. -->","yoast_head_json":{"title":"Imprimer - Octopus tools - automotive imagery solutions","robots":{"index":"index","follow":"follow","max-snippet":"max-snippet:-1","max-image-preview":"max-image-preview:large","max-video-preview":"max-video-preview:-1"},"canonical":"https:\/\/www.octopus.tools\/fr\/imprimer\/","og_locale":"fr_FR","og_type":"article","og_title":"Imprimer - Octopus tools - automotive imagery solutions","og_description":"[vc_row][vc_column][vc_empty_space height=\u00a0\u00bb40px\u00a0\u00bb][\/vc_column][\/vc_row][vc_row][vc_column width=\u00a0\u00bb1\/2&Prime;][vc_column_text]Selon \u00a7 5 TMG : Octopus.tools est un produit de yoozoo GmbH yoozoo GmbH 18 Salzburger Stra\u00dfe 10825 Berlin Repr\u00e9sent\u00e9 par: Jochen Heine[\/vc_column_text][\/vc_column][vc_column width=\u00a0\u00bb1\/2&Prime;][vc_column_text]Contacter: T\u00e9l\u00e9phone: +49 (0) 30 588 444 44 Courriel: [wpml_mailto email=\u201dinfo@yoozoo.de\u201d]info@yoozoo.de[\/wpml_mailto] Site Web: www.yoozoo.de S&rsquo;inscrire: Inscription au registre du commerce. Tribunal d&rsquo;enregistrement: Amtsgericht Charlottenburg Num\u00e9ro d&rsquo;enregistrement: HRB 156421B Num\u00e9ro d&rsquo;identification&hellip;","og_url":"https:\/\/www.octopus.tools\/fr\/imprimer\/","og_site_name":"Octopus tools - automotive imagery solutions","article_publisher":"https:\/\/www.facebook.com\/yoozoo.de","article_modified_time":"2021-03-26T10:36:14+00:00","og_image":[{"width":900,"height":900,"url":"https:\/\/www.octopus.tools\/wp-content\/uploads\/2018\/04\/social-share-thumb.jpg","type":"image\/jpeg"}],"twitter_card":"summary_large_image","twitter_site":"@yoozoo_de","twitter_misc":{"Dur\u00e9e de lecture estim\u00e9e":"1 minute"},"schema":{"@context":"https:\/\/schema.org","@graph":[{"@type":"WebPage","@id":"https:\/\/www.octopus.tools\/fr\/imprimer\/","url":"https:\/\/www.octopus.tools\/fr\/imprimer\/","name":"Imprimer - Octopus tools - automotive imagery solutions","isPartOf":{"@id":"https:\/\/www.octopus.tools\/fr\/#website"},"datePublished":"2021-03-26T10:36:12+00:00","dateModified":"2021-03-26T10:36:14+00:00","breadcrumb":{"@id":"https:\/\/www.octopus.tools\/fr\/imprimer\/#breadcrumb"},"inLanguage":"fr-FR","potentialAction":[{"@type":"ReadAction","target":["https:\/\/www.octopus.tools\/fr\/imprimer\/"]}]},{"@type":"BreadcrumbList","@id":"https:\/\/www.octopus.tools\/fr\/imprimer\/#breadcrumb","itemListElement":[{"@type":"ListItem","position":1,"name":"Home","item":"https:\/\/www.octopus.tools\/fr\/"},{"@type":"ListItem","position":2,"name":"Imprimer"}]},{"@type":"WebSite","@id":"https:\/\/www.octopus.tools\/fr\/#website","url":"https:\/\/www.octopus.tools\/fr\/","name":"Octopus tools - automotive imagery solutions","description":"yoozoo GmbH software","publisher":{"@id":"https:\/\/www.octopus.tools\/fr\/#organization"},"potentialAction":[{"@type":"SearchAction","target":{"@type":"EntryPoint","urlTemplate":"https:\/\/www.octopus.tools\/fr\/?s={search_term_string}"},"query-input":{"@type":"PropertyValueSpecification","valueRequired":true,"valueName":"search_term_string"}}],"inLanguage":"fr-FR"},{"@type":"Organization","@id":"https:\/\/www.octopus.tools\/fr\/#organization","name":"Octopus.tools [by yoozoo GmbH]","url":"https:\/\/www.octopus.tools\/fr\/","logo":{"@type":"ImageObject","inLanguage":"fr-FR","@id":"https:\/\/www.octopus.tools\/fr\/#\/schema\/logo\/image\/","url":"https:\/\/www.octopus.tools\/wp-content\/uploads\/2018\/02\/website-octopus-tools-08.svg","contentUrl":"https:\/\/www.octopus.tools\/wp-content\/uploads\/2018\/02\/website-octopus-tools-08.svg","caption":"Octopus.tools [by yoozoo GmbH]"},"image":{"@id":"https:\/\/www.octopus.tools\/fr\/#\/schema\/logo\/image\/"},"sameAs":["https:\/\/www.facebook.com\/yoozoo.de","https:\/\/x.com\/yoozoo_de"]}]}},"_links":{"self":[{"href":"https:\/\/www.octopus.tools\/fr\/wp-json\/wp\/v2\/pages\/10187","targetHints":{"allow":["GET"]}}],"collection":[{"href":"https:\/\/www.octopus.tools\/fr\/wp-json\/wp\/v2\/pages"}],"about":[{"href":"https:\/\/www.octopus.tools\/fr\/wp-json\/wp\/v2\/types\/page"}],"author":[{"embeddable":true,"href":"https:\/\/www.octopus.tools\/fr\/wp-json\/wp\/v2\/users\/1"}],"replies":[{"embeddable":true,"href":"https:\/\/www.octopus.tools\/fr\/wp-json\/wp\/v2\/comments?post=10187"}],"version-history":[{"count":0,"href":"https:\/\/www.octopus.tools\/fr\/wp-json\/wp\/v2\/pages\/10187\/revisions"}],"wp:attachment":[{"href":"https:\/\/www.octopus.tools\/fr\/wp-json\/wp\/v2\/media?parent=10187"}],"curies":[{"name":"wp","href":"https:\/\/api.w.org\/{rel}","templated":true}]}}