{"id":14659,"date":"2022-11-15T12:55:12","date_gmt":"2022-11-15T12:55:12","guid":{"rendered":"https:\/\/octopus.tools\/?page_id=14659"},"modified":"2022-11-15T13:10:08","modified_gmt":"2022-11-15T13:10:08","slug":"video","status":"publish","type":"page","link":"https:\/\/www.octopus.tools\/fr\/video\/","title":{"rendered":"Video"},"content":{"rendered":"<div class=\"wpb-content-wrapper\">[vc_row remove_bottom_col_margin=\u00a0\u00bbtrue\u00a0\u00bb][vc_column]<div class=\"templatera_shortcode\"><style type=\"text\/css\" data-type=\"vc_shortcodes-custom-css\">.vc_custom_1593697701051{background-color: #1e1e1e !important;}<\/style><div data-vc-full-width=\"true\" data-vc-full-width-init=\"false\" class=\"vc_row wpb_row vc_row-fluid vc_custom_1593697701051 wpex-vc_row-has-fill wpex-vc-row-stretched no-bottom-margins\"><div class=\"wpb_column vc_column_container vc_col-sm-12\"><div class=\"vc_column-inner\"><div class=\"wpb_wrapper\"><style> style=\"height:40px;\"<\/style><div class=\"vcex-spacing wpex-w-100 wpex-clear\" style=\"height:40px;\"><\/div><style>.vcex-heading.vcex_69de8d0f23467 .vcex-heading-inner{border-color:#fc9a00;}.vcex-heading.vcex_69de8d0f23467{border-color:#e2e2e2;}<\/style><h2 class=\"vcex-heading vcex-heading-bottom-border-w-color vcex-module wpex-heading wpex-text-2xl wpex-border-b-2 wpex-border-solid wpex-border-main vcex_69de8d0f23467\"><span class=\"vcex-heading-inner wpex-inline-block wpex-relative wpex-pb-5 wpex-border-b-2 wpex-border-solid wpex-border-accent\">Fonctionnalit\u00e9s de l'application Piranha<\/span><\/h2><style> style=\"height:20px;\"<\/style><div class=\"vcex-spacing wpex-w-100 wpex-clear\" style=\"height:20px;\"><\/div>\n\t<div class=\"wpb_text_column wpb_content_element\" >\n\t\t<div class=\"wpb_wrapper\">\n\t\t\t<p>Piranha vous permet d\u00e9sormais de prendre des\u00a0<a href=\"https:\/\/www.octopus.tools\/de\/piranha\/\">Photos<\/a>, des\u00a0<a href=\"https:\/\/www.octopus.tools\/de\/360-aussenansicht\/\">360\u00b0 Spins<\/a>, des <a href=\"https:\/\/www.octopus.tools\/de\/360-innen\/\">360\u00b0 Interiors<\/a> et des <a href=\"https:\/\/www.octopus.tools\/video\/\">Videos<\/a> - le tout avec la m\u00eame application. Si vous souhaitez offrir de la transparence \u00e0 vos clients potentiels et leur montrer les v\u00e9hicules en d\u00e9tail - \u00e0 la fois int\u00e9rieur et ext\u00e9rieur - notre application Piranha est votre solution.<\/p>\n\n\t\t<\/div>\n\t<\/div>\n<style> style=\"height:20px;\"<\/style><div class=\"vcex-spacing wpex-w-100 wpex-clear\" style=\"height:20px;\"><\/div><\/div><\/div><\/div><\/div><div class=\"vc_row-full-width vc_clearfix\"><\/div><\/div><style> style=\"height:40px;\"<\/style><div class=\"vcex-spacing wpex-w-100 wpex-clear\" style=\"height:40px;\"><\/div>[\/vc_column][\/vc_row][vc_row remove_bottom_col_margin=\u00a0\u00bbtrue\u00a0\u00bb][vc_column offset=\u00a0\u00bbvc_hidden-lg vc_hidden-md vc_hidden-sm\u00a0\u00bb][vc_wp_custommenu nav_menu=\u00a0\u00bb2078&Prime; el_class=\u00a0\u00bbpiranha-subnav-mobile\u00a0\u00bb][\/vc_column][\/vc_row][vc_row remove_bottom_col_margin=\u00a0\u00bbtrue\u00a0\u00bb][vc_column offset=\u00a0\u00bbvc_hidden-xs\u00a0\u00bb][vc_wp_custommenu nav_menu=\u00a0\u00bb2078&Prime; el_class=\u00a0\u00bbpiranha-subnav\u00a0\u00bb][\/vc_column][\/vc_row][vc_row full_width=\u00a0\u00bbstretch_row\u00a0\u00bb css=\u00a0\u00bb.vc_custom_1637073373917{background-color: #3d3d3d !important;}\u00a0\u00bb][vc_column]<style> style=\"height:40px;\"<\/style><div class=\"vcex-spacing wpex-w-100 wpex-clear\" style=\"height:40px;\"><\/div><style>.vcex-heading.vcex_69de8d0f24a30 .vcex-heading-inner{border-color:#fc9a00;}.vcex-heading.vcex_69de8d0f24a30{border-color:#e2e2e2;}<\/style><h2 class=\"vcex-heading vcex-heading-bottom-border-w-color vcex-module wpex-heading wpex-text-2xl vc_custom_1668516073640 wpex-border-b-2 wpex-border-solid wpex-border-main vcex_69de8d0f24a30\"><span class=\"vcex-heading-inner wpex-inline-block wpex-relative wpex-pb-5 wpex-border-b-2 wpex-border-solid wpex-border-accent\">De vraies vid\u00e9os - pas des diaporamas<\/span><\/h2>[vc_column_text]En parlant de vid\u00e9os dans le secteur des concessionnaires automobiles, ces vid\u00e9os sont g\u00e9n\u00e9ralement de simples diaporamas : les images existantes d&rsquo;un v\u00e9hicule sont assembl\u00e9es et pr\u00e9sent\u00e9es les unes apr\u00e8s les autres, parfois avec de la musique et parfois avec des informations sur le v\u00e9hicule ajout\u00e9es sous forme de texte. Cette option est propos\u00e9e par de nombreux fournisseurs de syst\u00e8mes et plates-formes, mais elle n&rsquo;ajoute pas beaucoup de valeur au spectateur. Filmer, \u00e9diter et publier de vraies vid\u00e9os, ainsi que g\u00e9rer la quantit\u00e9 de donn\u00e9es \u00e9tait peu pratique et demandait beaucoup d&rsquo;efforts.<\/p>\n<p>Plus maintenant : tout ce que vous avez \u00e0 faire est d&rsquo;enregistrer plusieurs courtes vid\u00e9os pendant que l&rsquo;application Piranha vous guide en douceur tout au long de ce processus. Ces vid\u00e9os seront ensuite coup\u00e9es au rythme choisi et combin\u00e9es dans la vid\u00e9o finale \u00e0 l&rsquo;aide de transitions, et une intro et une outro seront ajout\u00e9es. Le produit fini apportera de la transparence et donnera aux clients potentiels un aper\u00e7u suppl\u00e9mentaire sur le v\u00e9hicule.[\/vc_column_text]<style> style=\"height:20px;\"<\/style><div class=\"vcex-spacing wpex-w-100 wpex-clear\" style=\"height:20px;\"><\/div>[vc_video link=\u00a0\u00bbhttps:\/\/www.youtube.com\/watch?v=rdWSF2-Uwbs\u00a0\u00bb el_class=\u00a0\u00bbvideo-border\u00a0\u00bb css=\u00a0\u00bb.vc_custom_1643113119999{border: 10px solid #000000 !important;}\u00a0\u00bb][\/vc_column][\/vc_row][vc_row full_width=\u00a0\u00bbstretch_row\u00a0\u00bb][vc_column]<style> style=\"height:40px;\"<\/style><div class=\"vcex-spacing wpex-w-100 wpex-clear\" style=\"height:40px;\"><\/div><style>.vcex-heading.vcex_69de8d0f24fc9 .vcex-heading-inner{border-color:#fc9a00;}.vcex-heading.vcex_69de8d0f24fc9{border-color:#e2e2e2;}<\/style><h2 class=\"vcex-heading vcex-heading-bottom-border-w-color vcex-module wpex-heading wpex-text-2xl vc_custom_1668516118055 wpex-border-b-2 wpex-border-solid wpex-border-main vcex_69de8d0f24fc9\"><span class=\"vcex-heading-inner wpex-inline-block wpex-relative wpex-pb-5 wpex-border-b-2 wpex-border-solid wpex-border-accent\">Et... action !<\/span><\/h2>[vc_column_text]Cr\u00e9ez votre propre script en combinant votre produit vid\u00e9o individuel \u00e0 partir de plusieurs courts clips vid\u00e9o. De cette fa\u00e7on, vous pouvez montrer virtuellement vos v\u00e9hicules \u00e0 des clients potentiels, comme vous le feriez \u00e9galement sur place. Pour la touche finale, vous pouvez ajouter une superposition personnelle avec la marque, les informations de contact et plus encore.<br \/>\nQuels que soient vos besoins, nous serons ravis de vous aider \u00e0 cr\u00e9er votre produit ! Pour un d\u00e9marrage rapide, vous pouvez \u00e9galement choisir l&rsquo;un des deux pr\u00e9r\u00e9glages suivants.[\/vc_column_text]<style> style=\"height:20px;\"<\/style><div class=\"vcex-spacing wpex-w-100 wpex-clear\" style=\"height:20px;\"><\/div>[vc_row_inner remove_bottom_col_margin=\u00a0\u00bbtrue\u00a0\u00bb][vc_column_inner width=\u00a0\u00bb1\/2&Prime;][vc_video link=\u00a0\u00bbhttps:\/\/youtu.be\/J1lRX5_ORbE\u00a0\u00bb el_class=\u00a0\u00bbvideo-border\u00a0\u00bb css=\u00a0\u00bb.vc_custom_1643113139978{border: 10px solid #000000 !important;}\u00a0\u00bb][vc_column_text css=\u00a0\u00bb.vc_custom_1668516149674{padding-top: 0px !important;padding-right: 10px !important;padding-bottom: 6px !important;padding-left: 10px !important;background-color: #0a0a0a !important;}\u00a0\u00bb color=\u00a0\u00bb#ffffff\u00a0\u00bb text_align=\u00a0\u00bbleft\u00a0\u00bb width=\u00a0\u00bbauto\u00a0\u00bb]Courte vid\u00e9o[\/vc_column_text][\/vc_column_inner][vc_column_inner width=\u00a0\u00bb1\/2&Prime;][vc_video link=\u00a0\u00bbhttps:\/\/youtu.be\/4oOV0rPY-5E\u00a0\u00bb el_class=\u00a0\u00bbvideo-border\u00a0\u00bb css=\u00a0\u00bb.vc_custom_1643113165574{border: 10px solid #000000 !important;}\u00a0\u00bb][vc_column_text css=\u00a0\u00bb.vc_custom_1668516164138{padding-top: 0px !important;padding-right: 10px !important;padding-bottom: 6px !important;padding-left: 10px !important;background-color: #0a0a0a !important;}\u00a0\u00bb color=\u00a0\u00bb#ffffff\u00a0\u00bb text_align=\u00a0\u00bbright\u00a0\u00bb]Longue vid\u00e9o[\/vc_column_text][\/vc_column_inner][\/vc_row_inner]<style> style=\"height:20px;\"<\/style><div class=\"vcex-spacing wpex-w-100 wpex-clear\" style=\"height:20px;\"><\/div><div class=\"vc_custom_1668516775543 wpex-clr\"><div class=\"theme-button-wrap textcenter theme-button-block-wrap wpex-block wpex-clear wpex-clr\"><a href=\"\/video-cartridges\" class=\"vcex-button theme-button large align-center block wpex-flex-shrink-0\" style=\"background:#fc9a00;padding-top:15px;padding-right:0px;padding-bottom:15px;padding-left:0px;color:#f2f2f2;width:300px;\" data-wpex-hover='{&quot;background&quot;:&quot;#f48e00&quot;}' target=\"_blank\" rel=\"noopener noreferrer\"><span class=\"vcex-button-inner theme-button-inner\"> AFFICHER la s\u00e9lection de clips<\/span><\/a><\/div><\/div> [\/vc_column][\/vc_row][vc_row full_width=\u00a0\u00bbstretch_row\u00a0\u00bb css=\u00a0\u00bb.vc_custom_1642411686032{background-color: #3d3d3d !important;}\u00a0\u00bb][vc_column]<style> style=\"height:40px;\"<\/style><div class=\"vcex-spacing wpex-w-100 wpex-clear\" style=\"height:40px;\"><\/div><style>.vcex-heading.vcex_69de8d0f25eea .vcex-heading-inner{border-color:#fc9a00;}.vcex-heading.vcex_69de8d0f25eea{border-color:#e2e2e2;}<\/style><h2 class=\"vcex-heading vcex-heading-bottom-border-w-color vcex-module wpex-heading wpex-text-2xl vc_custom_1668516179816 wpex-border-b-2 wpex-border-solid wpex-border-main vcex_69de8d0f25eea\"><span class=\"vcex-heading-inner wpex-inline-block wpex-relative wpex-pb-5 wpex-border-b-2 wpex-border-solid wpex-border-accent\">\u00c9tablir des liens \u00e9motionnels avec la musique<\/span><\/h2>[vc_column_text]Les voitures sont vendues \u00e0 travers les \u00e9motions et les <a href=\"https:\/\/www.nielsen.com\/us\/en\/insights\/article\/2015\/i-second-that-emotion-the-emotive-power-of-music-in-advertising\/\">\u00e9tudes<\/a> montrent que la musique est un \u00e9l\u00e9ment important de la cr\u00e9ation de ces \u00e9motions, que les publicit\u00e9s fonctionnent mieux avec de la musique que sans. Avec notre fonction vid\u00e9o, vous pouvez ajouter de la musique et ainsi attirer des clients potentiels en utilisant un sens suppl\u00e9mentaire. Choisissez simplement une piste appropri\u00e9e pour vos vid\u00e9os dans notre biblioth\u00e8que audio.<br \/>\nVous avez d\u00e9j\u00e0 un jingle ou votre propre musique que vous aimeriez utiliser ? Informez simplement notre support et nous v\u00e9rifierons s&rsquo;il est possible de les utiliser.[\/vc_column_text]<style> style=\"height:20px;\"<\/style><div class=\"vcex-spacing wpex-w-100 wpex-clear\" style=\"height:20px;\"><\/div><div class=\"vc_custom_1668516764651 wpex-clr\"><div class=\"theme-button-wrap textcenter theme-button-block-wrap wpex-block wpex-clear wpex-clr\"><a href=\"https:\/\/octopus.tools\/music-library\/\" class=\"vcex-button theme-button clean large align-center block wpex-flex-shrink-0\" style=\"background:#fc9a00;padding-top:15px;padding-right:0px;padding-bottom:15px;padding-left:0px;color:#f2f2f2;border:0;width:300px;\" data-wpex-hover='{&quot;background&quot;:&quot;#f48e00&quot;}' target=\"_blank\" rel=\"noopener noreferrer\"><span class=\"vcex-button-inner theme-button-inner\"> LIBRAIRIE MUSICALE OUVERTE<\/span><\/a><\/div><\/div> [\/vc_column][\/vc_row][vc_row full_width=\u00a0\u00bbstretch_row\u00a0\u00bb css=\u00a0\u00bb.vc_custom_1668517702460{background-color: #1e1e1e !important;}\u00a0\u00bb][vc_column]<div class=\"templatera_shortcode\"><div class=\"vc_row wpb_row vc_row-fluid no-bottom-margins\"><div class=\"wpb_column vc_column_container vc_col-sm-12\"><div class=\"vc_column-inner\"><div class=\"wpb_wrapper\"><div class=\"vc_empty_space\"   style=\"height: 40px\"><span class=\"vc_empty_space_inner\"><\/span><\/div><style>.vcex-heading.vcex_69de8d0f273e4 .vcex-heading-inner{border-color:#fc9a00;}.vcex-heading.vcex_69de8d0f273e4{border-color:#e2e2e2;}<\/style><h2 class=\"vcex-heading vcex-heading-bottom-border-w-color vcex-module wpex-heading wpex-text-2xl wpex-border-b-2 wpex-border-solid wpex-border-main vcex_69de8d0f273e4\"><span class=\"vcex-heading-inner wpex-inline-block wpex-relative wpex-pb-5 wpex-border-b-2 wpex-border-solid wpex-border-accent\">Piranha App Liens de t\u00e9l\u00e9chargement<\/span><\/h2><div class=\"vc_empty_space\"   style=\"height: 20px\"><span class=\"vc_empty_space_inner\"><\/span><\/div><div class=\"vc_row wpb_row vc_inner vc_row-fluid vc_column-gap-10\"><div class=\"wpb_column vc_column_container vc_col-sm-4\"><div class=\"vc_column-inner\"><div class=\"wpb_wrapper\">\n\t<div  class=\"wpb_single_image wpb_content_element vc_align_ wpb_content_element\">\n\t\t\n\t\t<figure class=\"wpb_wrapper vc_figure\">\n\t\t\t<a href=\"https:\/\/play.google.com\/store\/apps\/details?id=tools.octopus.piranha\" target=\"_blank\" class=\"vc_single_image-wrapper wpex-image-hover opacity   vc_box_border_grey\"><img width=\"452\" height=\"136\" src=\"https:\/\/www.octopus.tools\/wp-content\/uploads\/2018\/03\/app-dl-android.png\" class=\"vc_single_image-img attachment-full\" alt=\"\" title=\"app-dl-android\" srcset=\"https:\/\/www.octopus.tools\/wp-content\/uploads\/2018\/03\/app-dl-android.png 452w, https:\/\/www.octopus.tools\/wp-content\/uploads\/2018\/03\/app-dl-android-150x45.png 150w, https:\/\/www.octopus.tools\/wp-content\/uploads\/2018\/03\/app-dl-android-300x90.png 300w\" sizes=\"(max-width: 452px) 100vw, 452px\" \/><\/a>\n\t\t<\/figure>\n\t<\/div>\n<\/div><\/div><\/div><div class=\"wpb_column vc_column_container vc_col-sm-4\"><div class=\"vc_column-inner\"><div class=\"wpb_wrapper\">\n\t<div  class=\"wpb_single_image wpb_content_element vc_align_ wpb_content_element\">\n\t\t\n\t\t<figure class=\"wpb_wrapper vc_figure\">\n\t\t\t<a href=\"https:\/\/itunes.apple.com\/de\/app\/piranha-app\/id1370806374\" target=\"_blank\" class=\"vc_single_image-wrapper wpex-image-hover opacity   vc_box_border_grey\"><img width=\"452\" height=\"136\" src=\"https:\/\/www.octopus.tools\/wp-content\/uploads\/2018\/03\/app-dl-ios.png\" class=\"vc_single_image-img attachment-full\" alt=\"\" title=\"app-dl-ios\" srcset=\"https:\/\/www.octopus.tools\/wp-content\/uploads\/2018\/03\/app-dl-ios.png 452w, https:\/\/www.octopus.tools\/wp-content\/uploads\/2018\/03\/app-dl-ios-150x45.png 150w, https:\/\/www.octopus.tools\/wp-content\/uploads\/2018\/03\/app-dl-ios-300x90.png 300w\" sizes=\"(max-width: 452px) 100vw, 452px\" \/><\/a>\n\t\t<\/figure>\n\t<\/div>\n<\/div><\/div><\/div><div class=\"wpb_column vc_column_container vc_col-sm-4\"><div class=\"vc_column-inner\"><div class=\"wpb_wrapper\">\n\t<div  class=\"wpb_single_image wpb_content_element vc_align_ wpb_content_element\">\n\t\t\n\t\t<figure class=\"wpb_wrapper vc_figure\">\n\t\t\t<a href=\"https:\/\/appgallery.huawei.com\/#\/app\/C103541489\" target=\"_blank\" class=\"vc_single_image-wrapper wpex-image-hover opacity   vc_box_border_grey\"><img width=\"452\" height=\"136\" src=\"https:\/\/www.octopus.tools\/wp-content\/uploads\/2021\/12\/app-dl-huawei.png\" class=\"vc_single_image-img attachment-full\" alt=\"\" title=\"app-dl-huawei\" srcset=\"https:\/\/www.octopus.tools\/wp-content\/uploads\/2021\/12\/app-dl-huawei.png 452w, https:\/\/www.octopus.tools\/wp-content\/uploads\/2021\/12\/app-dl-huawei-300x90.png 300w, https:\/\/www.octopus.tools\/wp-content\/uploads\/2021\/12\/app-dl-huawei-150x45.png 150w, https:\/\/www.octopus.tools\/wp-content\/uploads\/2021\/12\/app-dl-huawei-100x30.png 100w\" sizes=\"(max-width: 452px) 100vw, 452px\" \/><\/a>\n\t\t<\/figure>\n\t<\/div>\n<\/div><\/div><\/div><\/div><\/div><\/div><\/div><\/div>\r\n<\/div>[\/vc_column][\/vc_row]\n<\/div>","protected":false},"excerpt":{"rendered":"Fonctionnalit\u00e9s de l'application Piranha Piranha vous permet d\u00e9sormais de prendre des\u00a0Photos, des\u00a0360\u00b0 Spins, des 360\u00b0 Interiors et des Videos - le tout avec la m\u00eame application. Si vous souhaitez offrir de la transparence \u00e0 vos clients potentiels et leur montrer les v\u00e9hicules en d\u00e9tail - \u00e0 la fois int\u00e9rieur et ext\u00e9rieur - notre application Piranha&hellip;","protected":false},"author":11,"featured_media":0,"parent":0,"menu_order":0,"comment_status":"closed","ping_status":"closed","template":"","meta":{"content-type":"","inline_featured_image":false,"footnotes":""},"class_list":["post-14659","page","type-page","status-publish","hentry","entry","no-media"],"yoast_head":"<!-- This site is optimized with the Yoast SEO plugin v24.0 - https:\/\/yoast.com\/wordpress\/plugins\/seo\/ -->\n<title>Video - Octopus tools - automotive imagery solutions<\/title>\n<meta name=\"robots\" content=\"index, follow, max-snippet:-1, max-image-preview:large, max-video-preview:-1\" \/>\n<link rel=\"canonical\" href=\"https:\/\/www.octopus.tools\/fr\/video\/\" \/>\n<meta property=\"og:locale\" content=\"fr_FR\" \/>\n<meta property=\"og:type\" content=\"article\" \/>\n<meta property=\"og:title\" content=\"Video - Octopus tools - automotive imagery solutions\" \/>\n<meta property=\"og:url\" content=\"https:\/\/www.octopus.tools\/fr\/video\/\" \/>\n<meta property=\"og:site_name\" content=\"Octopus tools - automotive imagery solutions\" \/>\n<meta property=\"article:publisher\" content=\"https:\/\/www.facebook.com\/yoozoo.de\" \/>\n<meta property=\"article:modified_time\" content=\"2022-11-15T13:10:08+00:00\" \/>\n<meta property=\"og:image\" content=\"https:\/\/www.octopus.tools\/wp-content\/uploads\/2018\/04\/social-share-thumb.jpg\" \/>\n\t<meta property=\"og:image:width\" content=\"900\" \/>\n\t<meta property=\"og:image:height\" content=\"900\" \/>\n\t<meta property=\"og:image:type\" content=\"image\/jpeg\" \/>\n<meta name=\"twitter:card\" content=\"summary_large_image\" \/>\n<meta name=\"twitter:site\" content=\"@yoozoo_de\" \/>\n<meta name=\"twitter:label1\" content=\"Dur\u00e9e de lecture estim\u00e9e\" \/>\n\t<meta name=\"twitter:data1\" content=\"5 minutes\" \/>\n<script type=\"application\/ld+json\" class=\"yoast-schema-graph\">{\"@context\":\"https:\/\/schema.org\",\"@graph\":[{\"@type\":\"WebPage\",\"@id\":\"https:\/\/www.octopus.tools\/fr\/video\/\",\"url\":\"https:\/\/www.octopus.tools\/fr\/video\/\",\"name\":\"Video - Octopus tools - automotive imagery solutions\",\"isPartOf\":{\"@id\":\"https:\/\/www.octopus.tools\/fr\/#website\"},\"datePublished\":\"2022-11-15T12:55:12+00:00\",\"dateModified\":\"2022-11-15T13:10:08+00:00\",\"breadcrumb\":{\"@id\":\"https:\/\/www.octopus.tools\/fr\/video\/#breadcrumb\"},\"inLanguage\":\"fr-FR\",\"potentialAction\":[{\"@type\":\"ReadAction\",\"target\":[\"https:\/\/www.octopus.tools\/fr\/video\/\"]}]},{\"@type\":\"BreadcrumbList\",\"@id\":\"https:\/\/www.octopus.tools\/fr\/video\/#breadcrumb\",\"itemListElement\":[{\"@type\":\"ListItem\",\"position\":1,\"name\":\"Home\",\"item\":\"https:\/\/www.octopus.tools\/fr\/\"},{\"@type\":\"ListItem\",\"position\":2,\"name\":\"Video\"}]},{\"@type\":\"WebSite\",\"@id\":\"https:\/\/www.octopus.tools\/fr\/#website\",\"url\":\"https:\/\/www.octopus.tools\/fr\/\",\"name\":\"Octopus tools - automotive imagery solutions\",\"description\":\"yoozoo GmbH software\",\"publisher\":{\"@id\":\"https:\/\/www.octopus.tools\/fr\/#organization\"},\"potentialAction\":[{\"@type\":\"SearchAction\",\"target\":{\"@type\":\"EntryPoint\",\"urlTemplate\":\"https:\/\/www.octopus.tools\/fr\/?s={search_term_string}\"},\"query-input\":{\"@type\":\"PropertyValueSpecification\",\"valueRequired\":true,\"valueName\":\"search_term_string\"}}],\"inLanguage\":\"fr-FR\"},{\"@type\":\"Organization\",\"@id\":\"https:\/\/www.octopus.tools\/fr\/#organization\",\"name\":\"Octopus.tools [by yoozoo GmbH]\",\"url\":\"https:\/\/www.octopus.tools\/fr\/\",\"logo\":{\"@type\":\"ImageObject\",\"inLanguage\":\"fr-FR\",\"@id\":\"https:\/\/www.octopus.tools\/fr\/#\/schema\/logo\/image\/\",\"url\":\"https:\/\/www.octopus.tools\/wp-content\/uploads\/2018\/02\/website-octopus-tools-08.svg\",\"contentUrl\":\"https:\/\/www.octopus.tools\/wp-content\/uploads\/2018\/02\/website-octopus-tools-08.svg\",\"caption\":\"Octopus.tools [by yoozoo GmbH]\"},\"image\":{\"@id\":\"https:\/\/www.octopus.tools\/fr\/#\/schema\/logo\/image\/\"},\"sameAs\":[\"https:\/\/www.facebook.com\/yoozoo.de\",\"https:\/\/x.com\/yoozoo_de\"]}]}<\/script>\n<!-- \/ Yoast SEO plugin. -->","yoast_head_json":{"title":"Video - Octopus tools - automotive imagery solutions","robots":{"index":"index","follow":"follow","max-snippet":"max-snippet:-1","max-image-preview":"max-image-preview:large","max-video-preview":"max-video-preview:-1"},"canonical":"https:\/\/www.octopus.tools\/fr\/video\/","og_locale":"fr_FR","og_type":"article","og_title":"Video - Octopus tools - automotive imagery solutions","og_url":"https:\/\/www.octopus.tools\/fr\/video\/","og_site_name":"Octopus tools - automotive imagery solutions","article_publisher":"https:\/\/www.facebook.com\/yoozoo.de","article_modified_time":"2022-11-15T13:10:08+00:00","og_image":[{"width":900,"height":900,"url":"https:\/\/www.octopus.tools\/wp-content\/uploads\/2018\/04\/social-share-thumb.jpg","type":"image\/jpeg"}],"twitter_card":"summary_large_image","twitter_site":"@yoozoo_de","twitter_misc":{"Dur\u00e9e de lecture estim\u00e9e":"5 minutes"},"schema":{"@context":"https:\/\/schema.org","@graph":[{"@type":"WebPage","@id":"https:\/\/www.octopus.tools\/fr\/video\/","url":"https:\/\/www.octopus.tools\/fr\/video\/","name":"Video - Octopus tools - automotive imagery solutions","isPartOf":{"@id":"https:\/\/www.octopus.tools\/fr\/#website"},"datePublished":"2022-11-15T12:55:12+00:00","dateModified":"2022-11-15T13:10:08+00:00","breadcrumb":{"@id":"https:\/\/www.octopus.tools\/fr\/video\/#breadcrumb"},"inLanguage":"fr-FR","potentialAction":[{"@type":"ReadAction","target":["https:\/\/www.octopus.tools\/fr\/video\/"]}]},{"@type":"BreadcrumbList","@id":"https:\/\/www.octopus.tools\/fr\/video\/#breadcrumb","itemListElement":[{"@type":"ListItem","position":1,"name":"Home","item":"https:\/\/www.octopus.tools\/fr\/"},{"@type":"ListItem","position":2,"name":"Video"}]},{"@type":"WebSite","@id":"https:\/\/www.octopus.tools\/fr\/#website","url":"https:\/\/www.octopus.tools\/fr\/","name":"Octopus tools - automotive imagery solutions","description":"yoozoo GmbH software","publisher":{"@id":"https:\/\/www.octopus.tools\/fr\/#organization"},"potentialAction":[{"@type":"SearchAction","target":{"@type":"EntryPoint","urlTemplate":"https:\/\/www.octopus.tools\/fr\/?s={search_term_string}"},"query-input":{"@type":"PropertyValueSpecification","valueRequired":true,"valueName":"search_term_string"}}],"inLanguage":"fr-FR"},{"@type":"Organization","@id":"https:\/\/www.octopus.tools\/fr\/#organization","name":"Octopus.tools [by yoozoo GmbH]","url":"https:\/\/www.octopus.tools\/fr\/","logo":{"@type":"ImageObject","inLanguage":"fr-FR","@id":"https:\/\/www.octopus.tools\/fr\/#\/schema\/logo\/image\/","url":"https:\/\/www.octopus.tools\/wp-content\/uploads\/2018\/02\/website-octopus-tools-08.svg","contentUrl":"https:\/\/www.octopus.tools\/wp-content\/uploads\/2018\/02\/website-octopus-tools-08.svg","caption":"Octopus.tools [by yoozoo GmbH]"},"image":{"@id":"https:\/\/www.octopus.tools\/fr\/#\/schema\/logo\/image\/"},"sameAs":["https:\/\/www.facebook.com\/yoozoo.de","https:\/\/x.com\/yoozoo_de"]}]}},"_links":{"self":[{"href":"https:\/\/www.octopus.tools\/fr\/wp-json\/wp\/v2\/pages\/14659","targetHints":{"allow":["GET"]}}],"collection":[{"href":"https:\/\/www.octopus.tools\/fr\/wp-json\/wp\/v2\/pages"}],"about":[{"href":"https:\/\/www.octopus.tools\/fr\/wp-json\/wp\/v2\/types\/page"}],"author":[{"embeddable":true,"href":"https:\/\/www.octopus.tools\/fr\/wp-json\/wp\/v2\/users\/11"}],"replies":[{"embeddable":true,"href":"https:\/\/www.octopus.tools\/fr\/wp-json\/wp\/v2\/comments?post=14659"}],"version-history":[{"count":0,"href":"https:\/\/www.octopus.tools\/fr\/wp-json\/wp\/v2\/pages\/14659\/revisions"}],"wp:attachment":[{"href":"https:\/\/www.octopus.tools\/fr\/wp-json\/wp\/v2\/media?parent=14659"}],"curies":[{"name":"wp","href":"https:\/\/api.w.org\/{rel}","templated":true}]}}