{"id":24418,"date":"2024-06-19T10:38:32","date_gmt":"2024-06-19T09:38:32","guid":{"rendered":"https:\/\/octopus.tools\/?page_id=24418"},"modified":"2024-06-19T10:47:59","modified_gmt":"2024-06-19T09:47:59","slug":"gecko","status":"publish","type":"page","link":"https:\/\/www.octopus.tools\/fr\/gecko\/","title":{"rendered":"Gecko"},"content":{"rendered":"<div class=\"wpb-content-wrapper\">[vc_row full_width=\u00a0\u00bbstretch_row\u00a0\u00bb remove_bottom_col_margin=\u00a0\u00bbtrue\u00a0\u00bb css=\u00a0\u00bb.vc_custom_1523483593463{background-color: #3d3d3d !important;}\u00a0\u00bb][vc_column][vc_empty_space height=\u00a0\u00bb50&Prime;]<style>.vcex-heading.vcex_69eb80e74e82c .vcex-heading-inner{border-color:#fc9a00;}.vcex-heading.vcex_69eb80e74e82c{border-color:#e2e2e2;}<\/style><h2 class=\"vcex-heading vcex-heading-bottom-border-w-color vcex-module wpex-heading wpex-text-2xl wpex-border-b-2 wpex-border-solid wpex-border-main vcex_69eb80e74e82c\"><span class=\"vcex-heading-inner wpex-inline-block wpex-relative wpex-pb-5 wpex-border-b-2 wpex-border-solid wpex-border-accent\">Configurateur d\u2019arri\u00e8re-plan Gecko<\/span><\/h2>[vc_empty_space height=\u00a0\u00bb20px\u00a0\u00bb][vc_column_text css=\u00a0\u00bb\u00a0\u00bb]Cet outil vous permet de cr\u00e9er votre propre arri\u00e8re-plan personnalis\u00e9 et combinaison de route.[\/vc_column_text][vc_empty_space height=\u00a0\u00bb20px\u00a0\u00bb]<div class=\"vc_custom_1718706780450 wpex-clr\"><div class=\"theme-button-wrap textcenter theme-button-block-wrap wpex-block wpex-clear wpex-clr\"><a href=\"\/fr\/gecko-gallery\" class=\"vcex-button theme-button large align-center block wpex-flex-shrink-0\" style=\"background:#fc9a00;padding-top:15px;padding-right:0px;padding-bottom:15px;padding-left:0px;color:#f2f2f2;width:300px;\" data-wpex-hover='{&quot;background&quot;:&quot;#f48e00&quot;}' target=\"_blank\" rel=\"noopener noreferrer\"><span class=\"vcex-button-inner theme-button-inner\">OUVRIR LE CONFIGURATEUR<\/span><\/a><\/div><\/div> [vc_empty_space height=\u00a0\u00bb40&Prime;]<style>.vcex-heading.vcex_69eb80e74f357 .vcex-heading-inner{border-color:#fc9a00;}.vcex-heading.vcex_69eb80e74f357{border-color:#e2e2e2;}<\/style><h2 class=\"vcex-heading vcex-heading-bottom-border-w-color vcex-module wpex-heading wpex-text-2xl wpex-border-b-2 wpex-border-solid wpex-border-main vcex_69eb80e74f357\"><span class=\"vcex-heading-inner wpex-inline-block wpex-relative wpex-pb-5 wpex-border-b-2 wpex-border-solid wpex-border-accent\">Gecko 3D-Showroom<\/span><\/h2>[vc_empty_space height=\u00a0\u00bb20px\u00a0\u00bb][vc_column_text css=\u00a0\u00bb\u00a0\u00bb]Toutes nos showrooms virtuelles 3D en un seul endroit. Des fonds qui s&rsquo;adapteront \u00e0 la vue sp\u00e9cifique.[\/vc_column_text][vc_empty_space height=\u00a0\u00bb20px\u00a0\u00bb]<div class=\"vc_custom_1718717196879 wpex-clr\"><div class=\"theme-button-wrap textcenter theme-button-block-wrap wpex-block wpex-clear wpex-clr\"><a href=\"\/fr\/3d-showroom\" class=\"vcex-button theme-button large align-center block wpex-flex-shrink-0\" style=\"background:#fc9a00;padding-top:15px;padding-right:0px;padding-bottom:15px;padding-left:0px;color:#f2f2f2;width:300px;\" data-wpex-hover='{&quot;background&quot;:&quot;#f48e00&quot;}' target=\"_blank\" rel=\"noopener noreferrer\"><span class=\"vcex-button-inner theme-button-inner\">OUVREZ LE SHOWROOM<\/span><\/a><\/div><\/div> [vc_empty_space height=\u00a0\u00bb60&Prime;][\/vc_column][\/vc_row]\n<\/div>","protected":false},"excerpt":{"rendered":"<p>[vc_row full_width=\u00a0\u00bbstretch_row\u00a0\u00bb remove_bottom_col_margin=\u00a0\u00bbtrue\u00a0\u00bb css=\u00a0\u00bb.vc_custom_1523483593463{background-color: #3d3d3d !important;}\u00a0\u00bb][vc_column][vc_empty_space height=\u00a0\u00bb50&Prime;][vc_empty_space height=\u00a0\u00bb20px\u00a0\u00bb][vc_column_text css=\u00a0\u00bb\u00a0\u00bb]Cet outil vous permet de cr\u00e9er votre propre arri\u00e8re-plan personnalis\u00e9 et combinaison de route.[\/vc_column_text][vc_empty_space height=\u00a0\u00bb20px\u00a0\u00bb][vc_empty_space height=\u00a0\u00bb40&Prime;][vc_empty_space height=\u00a0\u00bb20px\u00a0\u00bb][vc_column_text css=\u00a0\u00bb\u00a0\u00bb]Toutes nos showrooms virtuelles 3D en un seul endroit. Des fonds qui s&rsquo;adapteront \u00e0 la vue sp\u00e9cifique.[\/vc_column_text][vc_empty_space height=\u00a0\u00bb20px\u00a0\u00bb][vc_empty_space height=\u00a0\u00bb60&Prime;][\/vc_column][\/vc_row]<\/p>\n","protected":false},"author":11,"featured_media":0,"parent":0,"menu_order":0,"comment_status":"closed","ping_status":"closed","template":"","meta":{"content-type":"","inline_featured_image":false,"footnotes":""},"class_list":["post-24418","page","type-page","status-publish","hentry","entry","no-media"],"yoast_head":"<!-- This site is optimized with the Yoast SEO plugin v24.0 - https:\/\/yoast.com\/wordpress\/plugins\/seo\/ -->\n<title>Gecko - Octopus tools - automotive imagery solutions<\/title>\n<meta name=\"robots\" content=\"index, follow, max-snippet:-1, max-image-preview:large, max-video-preview:-1\" \/>\n<link rel=\"canonical\" href=\"https:\/\/www.octopus.tools\/fr\/gecko\/\" \/>\n<meta property=\"og:locale\" content=\"fr_FR\" \/>\n<meta property=\"og:type\" content=\"article\" \/>\n<meta property=\"og:title\" content=\"Gecko - Octopus tools - automotive imagery solutions\" \/>\n<meta property=\"og:description\" content=\"[vc_row full_width=\u00a0\u00bbstretch_row\u00a0\u00bb remove_bottom_col_margin=\u00a0\u00bbtrue\u00a0\u00bb css=\u00a0\u00bb.vc_custom_1523483593463{background-color: #3d3d3d !important;}\u00a0\u00bb][vc_column][vc_empty_space height=\u00a0\u00bb50&Prime;][vc_empty_space height=\u00a0\u00bb20px\u00a0\u00bb][vc_column_text css=\u00a0\u00bb\u00a0\u00bb]Cet outil vous permet de cr\u00e9er votre propre arri\u00e8re-plan personnalis\u00e9 et combinaison de route.[\/vc_column_text][vc_empty_space height=\u00a0\u00bb20px\u00a0\u00bb][vc_empty_space height=\u00a0\u00bb40&Prime;][vc_empty_space height=\u00a0\u00bb20px\u00a0\u00bb][vc_column_text css=\u00a0\u00bb\u00a0\u00bb]Toutes nos showrooms virtuelles 3D en un seul endroit. Des fonds qui s&rsquo;adapteront \u00e0 la vue sp\u00e9cifique.[\/vc_column_text][vc_empty_space height=\u00a0\u00bb20px\u00a0\u00bb][vc_empty_space height=\u00a0\u00bb60&Prime;][\/vc_column][\/vc_row]\" \/>\n<meta property=\"og:url\" content=\"https:\/\/www.octopus.tools\/fr\/gecko\/\" \/>\n<meta property=\"og:site_name\" content=\"Octopus tools - automotive imagery solutions\" \/>\n<meta property=\"article:publisher\" content=\"https:\/\/www.facebook.com\/yoozoo.de\" \/>\n<meta property=\"article:modified_time\" content=\"2024-06-19T09:47:59+00:00\" \/>\n<meta property=\"og:image\" content=\"https:\/\/www.octopus.tools\/wp-content\/uploads\/2018\/04\/social-share-thumb.jpg\" \/>\n\t<meta property=\"og:image:width\" content=\"900\" \/>\n\t<meta property=\"og:image:height\" content=\"900\" \/>\n\t<meta property=\"og:image:type\" content=\"image\/jpeg\" \/>\n<meta name=\"twitter:card\" content=\"summary_large_image\" \/>\n<meta name=\"twitter:site\" content=\"@yoozoo_de\" \/>\n<meta name=\"twitter:label1\" content=\"Dur\u00e9e de lecture estim\u00e9e\" \/>\n\t<meta name=\"twitter:data1\" content=\"1 minute\" \/>\n<script type=\"application\/ld+json\" class=\"yoast-schema-graph\">{\"@context\":\"https:\/\/schema.org\",\"@graph\":[{\"@type\":\"WebPage\",\"@id\":\"https:\/\/www.octopus.tools\/fr\/gecko\/\",\"url\":\"https:\/\/www.octopus.tools\/fr\/gecko\/\",\"name\":\"Gecko - Octopus tools - automotive imagery solutions\",\"isPartOf\":{\"@id\":\"https:\/\/www.octopus.tools\/fr\/#website\"},\"datePublished\":\"2024-06-19T09:38:32+00:00\",\"dateModified\":\"2024-06-19T09:47:59+00:00\",\"breadcrumb\":{\"@id\":\"https:\/\/www.octopus.tools\/fr\/gecko\/#breadcrumb\"},\"inLanguage\":\"fr-FR\",\"potentialAction\":[{\"@type\":\"ReadAction\",\"target\":[\"https:\/\/www.octopus.tools\/fr\/gecko\/\"]}]},{\"@type\":\"BreadcrumbList\",\"@id\":\"https:\/\/www.octopus.tools\/fr\/gecko\/#breadcrumb\",\"itemListElement\":[{\"@type\":\"ListItem\",\"position\":1,\"name\":\"Home\",\"item\":\"https:\/\/www.octopus.tools\/fr\/\"},{\"@type\":\"ListItem\",\"position\":2,\"name\":\"Gecko\"}]},{\"@type\":\"WebSite\",\"@id\":\"https:\/\/www.octopus.tools\/fr\/#website\",\"url\":\"https:\/\/www.octopus.tools\/fr\/\",\"name\":\"Octopus tools - automotive imagery solutions\",\"description\":\"yoozoo GmbH software\",\"publisher\":{\"@id\":\"https:\/\/www.octopus.tools\/fr\/#organization\"},\"potentialAction\":[{\"@type\":\"SearchAction\",\"target\":{\"@type\":\"EntryPoint\",\"urlTemplate\":\"https:\/\/www.octopus.tools\/fr\/?s={search_term_string}\"},\"query-input\":{\"@type\":\"PropertyValueSpecification\",\"valueRequired\":true,\"valueName\":\"search_term_string\"}}],\"inLanguage\":\"fr-FR\"},{\"@type\":\"Organization\",\"@id\":\"https:\/\/www.octopus.tools\/fr\/#organization\",\"name\":\"Octopus.tools [by yoozoo GmbH]\",\"url\":\"https:\/\/www.octopus.tools\/fr\/\",\"logo\":{\"@type\":\"ImageObject\",\"inLanguage\":\"fr-FR\",\"@id\":\"https:\/\/www.octopus.tools\/fr\/#\/schema\/logo\/image\/\",\"url\":\"https:\/\/www.octopus.tools\/wp-content\/uploads\/2018\/02\/website-octopus-tools-08.svg\",\"contentUrl\":\"https:\/\/www.octopus.tools\/wp-content\/uploads\/2018\/02\/website-octopus-tools-08.svg\",\"caption\":\"Octopus.tools [by yoozoo GmbH]\"},\"image\":{\"@id\":\"https:\/\/www.octopus.tools\/fr\/#\/schema\/logo\/image\/\"},\"sameAs\":[\"https:\/\/www.facebook.com\/yoozoo.de\",\"https:\/\/x.com\/yoozoo_de\"]}]}<\/script>\n<!-- \/ Yoast SEO plugin. -->","yoast_head_json":{"title":"Gecko - Octopus tools - automotive imagery solutions","robots":{"index":"index","follow":"follow","max-snippet":"max-snippet:-1","max-image-preview":"max-image-preview:large","max-video-preview":"max-video-preview:-1"},"canonical":"https:\/\/www.octopus.tools\/fr\/gecko\/","og_locale":"fr_FR","og_type":"article","og_title":"Gecko - Octopus tools - automotive imagery solutions","og_description":"[vc_row full_width=\u00a0\u00bbstretch_row\u00a0\u00bb remove_bottom_col_margin=\u00a0\u00bbtrue\u00a0\u00bb css=\u00a0\u00bb.vc_custom_1523483593463{background-color: #3d3d3d !important;}\u00a0\u00bb][vc_column][vc_empty_space height=\u00a0\u00bb50&Prime;][vc_empty_space height=\u00a0\u00bb20px\u00a0\u00bb][vc_column_text css=\u00a0\u00bb\u00a0\u00bb]Cet outil vous permet de cr\u00e9er votre propre arri\u00e8re-plan personnalis\u00e9 et combinaison de route.[\/vc_column_text][vc_empty_space height=\u00a0\u00bb20px\u00a0\u00bb][vc_empty_space height=\u00a0\u00bb40&Prime;][vc_empty_space height=\u00a0\u00bb20px\u00a0\u00bb][vc_column_text css=\u00a0\u00bb\u00a0\u00bb]Toutes nos showrooms virtuelles 3D en un seul endroit. Des fonds qui s&rsquo;adapteront \u00e0 la vue sp\u00e9cifique.[\/vc_column_text][vc_empty_space height=\u00a0\u00bb20px\u00a0\u00bb][vc_empty_space height=\u00a0\u00bb60&Prime;][\/vc_column][\/vc_row]","og_url":"https:\/\/www.octopus.tools\/fr\/gecko\/","og_site_name":"Octopus tools - automotive imagery solutions","article_publisher":"https:\/\/www.facebook.com\/yoozoo.de","article_modified_time":"2024-06-19T09:47:59+00:00","og_image":[{"width":900,"height":900,"url":"https:\/\/www.octopus.tools\/wp-content\/uploads\/2018\/04\/social-share-thumb.jpg","type":"image\/jpeg"}],"twitter_card":"summary_large_image","twitter_site":"@yoozoo_de","twitter_misc":{"Dur\u00e9e de lecture estim\u00e9e":"1 minute"},"schema":{"@context":"https:\/\/schema.org","@graph":[{"@type":"WebPage","@id":"https:\/\/www.octopus.tools\/fr\/gecko\/","url":"https:\/\/www.octopus.tools\/fr\/gecko\/","name":"Gecko - Octopus tools - automotive imagery solutions","isPartOf":{"@id":"https:\/\/www.octopus.tools\/fr\/#website"},"datePublished":"2024-06-19T09:38:32+00:00","dateModified":"2024-06-19T09:47:59+00:00","breadcrumb":{"@id":"https:\/\/www.octopus.tools\/fr\/gecko\/#breadcrumb"},"inLanguage":"fr-FR","potentialAction":[{"@type":"ReadAction","target":["https:\/\/www.octopus.tools\/fr\/gecko\/"]}]},{"@type":"BreadcrumbList","@id":"https:\/\/www.octopus.tools\/fr\/gecko\/#breadcrumb","itemListElement":[{"@type":"ListItem","position":1,"name":"Home","item":"https:\/\/www.octopus.tools\/fr\/"},{"@type":"ListItem","position":2,"name":"Gecko"}]},{"@type":"WebSite","@id":"https:\/\/www.octopus.tools\/fr\/#website","url":"https:\/\/www.octopus.tools\/fr\/","name":"Octopus tools - automotive imagery solutions","description":"yoozoo GmbH software","publisher":{"@id":"https:\/\/www.octopus.tools\/fr\/#organization"},"potentialAction":[{"@type":"SearchAction","target":{"@type":"EntryPoint","urlTemplate":"https:\/\/www.octopus.tools\/fr\/?s={search_term_string}"},"query-input":{"@type":"PropertyValueSpecification","valueRequired":true,"valueName":"search_term_string"}}],"inLanguage":"fr-FR"},{"@type":"Organization","@id":"https:\/\/www.octopus.tools\/fr\/#organization","name":"Octopus.tools [by yoozoo GmbH]","url":"https:\/\/www.octopus.tools\/fr\/","logo":{"@type":"ImageObject","inLanguage":"fr-FR","@id":"https:\/\/www.octopus.tools\/fr\/#\/schema\/logo\/image\/","url":"https:\/\/www.octopus.tools\/wp-content\/uploads\/2018\/02\/website-octopus-tools-08.svg","contentUrl":"https:\/\/www.octopus.tools\/wp-content\/uploads\/2018\/02\/website-octopus-tools-08.svg","caption":"Octopus.tools [by yoozoo GmbH]"},"image":{"@id":"https:\/\/www.octopus.tools\/fr\/#\/schema\/logo\/image\/"},"sameAs":["https:\/\/www.facebook.com\/yoozoo.de","https:\/\/x.com\/yoozoo_de"]}]}},"_links":{"self":[{"href":"https:\/\/www.octopus.tools\/fr\/wp-json\/wp\/v2\/pages\/24418","targetHints":{"allow":["GET"]}}],"collection":[{"href":"https:\/\/www.octopus.tools\/fr\/wp-json\/wp\/v2\/pages"}],"about":[{"href":"https:\/\/www.octopus.tools\/fr\/wp-json\/wp\/v2\/types\/page"}],"author":[{"embeddable":true,"href":"https:\/\/www.octopus.tools\/fr\/wp-json\/wp\/v2\/users\/11"}],"replies":[{"embeddable":true,"href":"https:\/\/www.octopus.tools\/fr\/wp-json\/wp\/v2\/comments?post=24418"}],"version-history":[{"count":14,"href":"https:\/\/www.octopus.tools\/fr\/wp-json\/wp\/v2\/pages\/24418\/revisions"}],"predecessor-version":[{"id":24509,"href":"https:\/\/www.octopus.tools\/fr\/wp-json\/wp\/v2\/pages\/24418\/revisions\/24509"}],"wp:attachment":[{"href":"https:\/\/www.octopus.tools\/fr\/wp-json\/wp\/v2\/media?parent=24418"}],"curies":[{"name":"wp","href":"https:\/\/api.w.org\/{rel}","templated":true}]}}