{"id":28427,"date":"2026-01-23T10:20:21","date_gmt":"2026-01-23T09:20:21","guid":{"rendered":"https:\/\/www.octopus.tools\/photographie-de-vehicules-et-detourage-automobile-via-application\/"},"modified":"2026-01-23T10:20:23","modified_gmt":"2026-01-23T09:20:23","slug":"photographie-de-vehicules-et-detourage-automobile-via-application","status":"publish","type":"page","link":"https:\/\/www.octopus.tools\/fr\/photographie-de-vehicules-et-detourage-automobile-via-application\/","title":{"rendered":"Photographie de v\u00e9hicules et d\u00e9tourage automobile via application"},"content":{"rendered":"<div class=\"wpb-content-wrapper\">[vc_row][vc_column][vc_empty_space height=\u00a0\u00bb60px\u00a0\u00bb][\/vc_column][\/vc_row][vc_row][vc_column width=\u00a0\u00bb1\/4&Prime;][vc_single_image image=\u00a0\u00bb22801&Prime; onclick=\u00a0\u00bbcustom_link\u00a0\u00bb link=\u00a0\u00bbhttps:\/\/www.octopus.tools\/fr\/piranha\/\u00a0\u00bb][\/vc_column][vc_column width=\u00a0\u00bb3\/4&Prime;]<style>.vcex-heading.vcex_6a020d82bc7b3 .vcex-heading-inner{border-color:#fc9a00;}.vcex-heading.vcex_6a020d82bc7b3{border-color:#e2e2e2;}<\/style><h1 class=\"vcex-heading vcex-heading-bottom-border-w-color vcex-module wpex-heading wpex-text-2xl wpex-text-left wpex-border-b-2 wpex-border-solid wpex-border-main vcex_6a020d82bc7b3\"><span class=\"vcex-heading-inner wpex-inline-block wpex-relative wpex-pb-5 wpex-border-b-2 wpex-border-solid wpex-border-accent\">Photographie de v\u00e9hicules et d\u00e9tourage automobile via application<\/span><\/h1>[vc_empty_space height=\u00a0\u00bb30px\u00a0\u00bb][vc_column_text css=\u00a0\u00bb\u00a0\u00bb]Lors de l\u2019achat d\u2019une voiture, le professionnalisme et l\u2019image sont deux facteurs d\u00e9cisifs qui influencent fortement la d\u00e9cision d\u2019achat du client. Les constructeurs automobiles et les concessionnaires accordent donc une attention particuli\u00e8re \u00e0 la pr\u00e9sentation parfaite de leurs v\u00e9hicules, aussi bien en showroom que sur internet. Des photos professionnelles de v\u00e9hicules et un d\u00e9tourage automobile de qualit\u00e9 sont indispensables pour une pr\u00e9sentation convaincante : une apparence homog\u00e8ne avec un <a href=\"https:\/\/www.octopus.tools\/fr\/retouche-de-photo\/\">d\u00e9tourage professionnel du v\u00e9hicule<\/a> en arri\u00e8re-plan met votre offre \u00e9l\u00e9gamment en valeur et renforce la reconnaissance de la marque. <i>Octopus.tools<\/i> propose, avec l\u2019innovante <a href=\"https:\/\/www.octopus.tools\/fr\/piranha\/\">Piranha App<\/a> d\u00e9di\u00e9e \u00e0 la photographie automobile, un outil pratique pour cr\u00e9er des images professionnelles de v\u00e9hicules parfaitement adapt\u00e9es au d\u00e9tourage. D\u00e9tourer des photos de voitures n\u2019a jamais \u00e9t\u00e9 aussi simple et \u00e9conomique : toutes les informations sur cette application intelligente <a href=\"https:\/\/www.octopus.tools\/fr\/piranha\/\">sont disponibles ici.<\/a>[\/vc_column_text][\/vc_column][\/vc_row][vc_row][vc_column][vc_empty_space height=\u00a0\u00bb30px\u00a0\u00bb][vc_cta h2=\u00a0\u00bbTester l\u2019application Piranha maintenant\u00a0\u00bb txt_align=\u00a0\u00bbcenter\u00a0\u00bb add_button=\u00a0\u00bbbottom\u00a0\u00bb btn_title=\u00a0\u00bbContact\u00a0\u00bb btn_style=\u00a0\u00bbcustom\u00a0\u00bb btn_custom_background=\u00a0\u00bb#fc9a00&Prime; btn_custom_text=\u00a0\u00bb#ffffff\u00a0\u00bb btn_size=\u00a0\u00bblg\u00a0\u00bb btn_align=\u00a0\u00bbcenter\u00a0\u00bb css_animation=\u00a0\u00bbfadeInUp\u00a0\u00bb css=\u00a0\u00bb.vc_custom_1680609687518{background-color: #c42d6e !important;}\u00a0\u00bb btn_link=\u00a0\u00bburl:https%3A%2F%2Foctopus.tools%2Ffr%2Fcontact%2F|\u00a0\u00bb el_id=\u00a0\u00bbp-cta\u00a0\u00bb btn_el_class=\u00a0\u00bblp-cta\u00a0\u00bb]Obtenez d\u00e8s maintenant votre compte d\u2019essai gratuit et optimisez votre photographie de v\u00e9hicules.[\/vc_cta][\/vc_column][\/vc_row][vc_row][vc_column width=\u00a0\u00bb1\/4&Prime;][vc_single_image image=\u00a0\u00bb4338&Prime; onclick=\u00a0\u00bbcustom_link\u00a0\u00bb link=\u00a0\u00bbhttps:\/\/octopus.tools\/fr\/piranha\/\u00a0\u00bb][\/vc_column][vc_column width=\u00a0\u00bb3\/4&Prime;]<style>.vcex-heading.vcex_6a020d82bcb5c .vcex-heading-inner{border-color:#fc9a00;}.vcex-heading.vcex_6a020d82bcb5c{border-color:#e2e2e2;}<\/style><h2 class=\"vcex-heading vcex-heading-bottom-border-w-color vcex-module wpex-heading wpex-text-2xl wpex-text-left wpex-border-b-2 wpex-border-solid wpex-border-main vcex_6a020d82bcb5c\"><span class=\"vcex-heading-inner wpex-inline-block wpex-relative wpex-pb-5 wpex-border-b-2 wpex-border-solid wpex-border-accent\">Comment fonctionne le d\u00e9tourage de v\u00e9hicules ?<\/span><\/h2>[vc_empty_space height=\u00a0\u00bb30px\u00a0\u00bb][vc_column_text]La <a href=\"https:\/\/www.octopus.tools\/fr\/piranha\/\">Piranha App<\/a> fonctionne sur tous les smartphones et tablettes courants et est disponible pour les appareils iOS sur l\u2019<a href=\"https:\/\/itunes.apple.com\/de\/app\/piranha-app\/id1370806374\">Apple App Store<\/a> ainsi que pour les appareils Android sur le <a href=\"https:\/\/play.google.com\/store\/apps\/details?id=tools.octopus.piranha\" target=\"_blank\" rel=\"noopener\">Google Play Store<\/a>. L\u2019application exploite les cam\u00e9ras haute qualit\u00e9 des smartphones et tablettes actuels et optimise toutes les \u00e9tapes de la photographie automobile professionnelle.<br \/>Lors de la prise de vue, la <a href=\"https:\/\/www.octopus.tools\/fr\/piranha\/\">Piranha App<\/a> garantit, en plus d\u2019une exposition homog\u00e8ne, que tous les v\u00e9hicules soient photographi\u00e9s \u00e0 la bonne distance et sous le bon angle. Le nommage automatis\u00e9 des images, par exemple bas\u00e9 sur le num\u00e9ro d\u2019identification du v\u00e9hicule (VIN ; anciennement num\u00e9ro de ch\u00e2ssis), facilite l\u2019attribution ult\u00e9rieure des images lorsque plusieurs v\u00e9hicules sont photographi\u00e9s successivement. Des lignes d\u2019aide \u00e0 l\u2019\u00e9cran indiquent la position optimale du v\u00e9hicule. Votre gamme peut ainsi \u00eatre pr\u00e9sent\u00e9e de mani\u00e8re uniforme, les automobiles sont affich\u00e9es de fa\u00e7on comparable et la reconnaissance de la marque est renforc\u00e9e.<\/p>\n<p>Apr\u00e8s la prise de vue, vous pouvez envoyer les images pour une <a href=\"https:\/\/www.octopus.tools\/fr\/retouche-de-photo\/\">retouche professionnelle<\/a>. Si vous travaillez avec plusieurs <a href=\"https:\/\/www.octopus.tools\/fr\/gecko-old\/\">arri\u00e8re-plans<\/a> pour la pr\u00e9sentation des v\u00e9hicules, vous pouvez s\u00e9lectionner l\u2019arri\u00e8re-plan souhait\u00e9 pour chaque v\u00e9hicule avant l\u2019envoi. Le transfert des images s\u2019effectue directement via l\u2019application et ne n\u00e9cessite aucun transfert de donn\u00e9es complexe par c\u00e2ble USB ou carte m\u00e9moire. Nos experts graphiques v\u00e9rifient ensuite la qualit\u00e9 de toutes les images et appliquent, dans le cadre du d\u00e9tourage du v\u00e9hicule, l\u2019<a href=\"https:\/\/www.octopus.tools\/fr\/gecko-old\/\">arri\u00e8re-plan souhait\u00e9<\/a> uniforme ainsi que les logos de votre choix.<\/p>\n<p>Dans la <a href=\"https:\/\/www.octopus.tools\/fr\/piranha\/\">Piranha App pour la photographie automobile<\/a>, vous pouvez consulter \u00e0 tout moment le d\u00e9lai de livraison restant. Vous \u00e9conomisez en outre du temps et des co\u00fbts li\u00e9s aux photographes, tout en pr\u00e9sentant vos produits de mani\u00e8re professionnelle et homog\u00e8ne.[\/vc_column_text][\/vc_column][\/vc_row][vc_row][vc_column][vc_empty_space height=\u00a0\u00bb30px\u00a0\u00bb][\/vc_column][\/vc_row][vc_row][vc_column width=\u00a0\u00bb1\/4&Prime;][vc_single_image image=\u00a0\u00bb4362&Prime; onclick=\u00a0\u00bbcustom_link\u00a0\u00bb link=\u00a0\u00bbhttps:\/\/octopus.tools\/fr\/piranha\/\u00a0\u00bb][\/vc_column][vc_column width=\u00a0\u00bb3\/4&Prime;]<style>.vcex-heading.vcex_6a020d82bce13 .vcex-heading-inner{border-color:#fc9a00;}.vcex-heading.vcex_6a020d82bce13{border-color:#e2e2e2;}<\/style><h2 class=\"vcex-heading vcex-heading-bottom-border-w-color vcex-module wpex-heading wpex-text-2xl wpex-text-left wpex-border-b-2 wpex-border-solid wpex-border-main vcex_6a020d82bce13\"><span class=\"vcex-heading-inner wpex-inline-block wpex-relative wpex-pb-5 wpex-border-b-2 wpex-border-solid wpex-border-accent\">Retouche d\u2019images pour des prises de vue professionnelles de v\u00e9hicules<\/span><\/h2>[vc_empty_space height=\u00a0\u00bb30px\u00a0\u00bb][vc_column_text]La <a href=\"https:\/\/www.octopus.tools\/fr\/piranha\/\">Piranha App<\/a> fonctionne sur tous les smartphones et tablettes courants et est disponible pour les appareils iOS sur l\u2019<a href=\"https:\/\/itunes.apple.com\/de\/app\/piranha-app\/id1370806374\">Apple App Store<\/a> ainsi que pour les appareils Android sur le <a href=\"https:\/\/play.google.com\/store\/apps\/details?id=tools.octopus.piranha\" target=\"_blank\" rel=\"noopener\">Google Play Store<\/a>. L\u2019application exploite les cam\u00e9ras haute qualit\u00e9 des smartphones et tablettes actuels et optimise toutes les \u00e9tapes de la photographie automobile professionnelle.<br \/>Lors de la prise de vue, la <a href=\"https:\/\/www.octopus.tools\/fr\/piranha\/\">Piranha App<\/a> garantit, en plus d\u2019une exposition homog\u00e8ne, que tous les v\u00e9hicules soient photographi\u00e9s \u00e0 la bonne distance et sous le bon angle. Le nommage automatis\u00e9 des images, par exemple sur la base du num\u00e9ro d\u2019identification du v\u00e9hicule (VIN ; anciennement num\u00e9ro de ch\u00e2ssis), facilite l\u2019attribution ult\u00e9rieure des images si plusieurs v\u00e9hicules sont photographi\u00e9s successivement. Des lignes d\u2019aide \u00e0 l\u2019\u00e9cran indiquent la position optimale du v\u00e9hicule. Votre catalogue peut ainsi \u00eatre pr\u00e9sent\u00e9 de mani\u00e8re uniforme, les v\u00e9hicules sont affich\u00e9s de fa\u00e7on comparable et la reconnaissance de la marque s\u2019en trouve renforc\u00e9e.<\/p>\n<p>Apr\u00e8s la prise de vue, vous pouvez envoyer les images pour une <a href=\"https:\/\/www.octopus.tools\/fr\/retouche-de-photo\/\">\u00e9dition professionnelle<\/a>. Si vous travaillez avec plusieurs <a href=\"https:\/\/www.octopus.tools\/fr\/gecko-old\/\">arri\u00e8re-plans<\/a> pour la pr\u00e9sentation des v\u00e9hicules, vous pouvez s\u00e9lectionner l\u2019arri\u00e8re-plan souhait\u00e9 pour chaque v\u00e9hicule avant l\u2019envoi. Le transfert des images s\u2019effectue directement via l\u2019application et ne n\u00e9cessite aucun transfert de donn\u00e9es complexe par c\u00e2ble USB ou carte m\u00e9moire. Nos experts graphiques v\u00e9rifient ensuite la qualit\u00e9 de toutes les images et appliquent, dans le cadre du d\u00e9tourage du v\u00e9hicule, l\u2019<a href=\"https:\/\/www.octopus.tools\/fr\/gecko-old\/\">arri\u00e8re-plan souhait\u00e9<\/a> uniforme ainsi que les logos de votre choix.<\/p>\n<p>Dans la <a href=\"https:\/\/www.octopus.tools\/fr\/piranha\/\">Piranha App de photographie automobile<\/a>, vous pouvez consulter \u00e0 tout moment le d\u00e9lai de livraison restant. De plus, vous \u00e9conomisez du temps et des co\u00fbts li\u00e9s aux photographes tout en pr\u00e9sentant vos produits de mani\u00e8re professionnelle et homog\u00e8ne.[\/vc_column_text][\/vc_column][\/vc_row][vc_row][vc_column][vc_empty_space height=\u00a0\u00bb30px\u00a0\u00bb][\/vc_column][\/vc_row][vc_row][vc_column width=\u00a0\u00bb1\/4&Prime;][vc_single_image image=\u00a0\u00bb9045&Prime; onclick=\u00a0\u00bbcustom_link\u00a0\u00bb link=\u00a0\u00bbhttps:\/\/octopus.tools\/fr\/piranha\/\u00a0\u00bb][\/vc_column][vc_column width=\u00a0\u00bb3\/4&Prime;]<style>.vcex-heading.vcex_6a020d82bd0ca .vcex-heading-inner{border-color:#fc9a00;}.vcex-heading.vcex_6a020d82bd0ca{border-color:#e2e2e2;}<\/style><h2 class=\"vcex-heading vcex-heading-bottom-border-w-color vcex-module wpex-heading wpex-text-2xl wpex-text-left wpex-border-b-2 wpex-border-solid wpex-border-main vcex_6a020d82bd0ca\"><span class=\"vcex-heading-inner wpex-inline-block wpex-relative wpex-pb-5 wpex-border-b-2 wpex-border-solid wpex-border-accent\">O\u00f9 puis-je utiliser les images de voitures d\u00e9tour\u00e9es ?<\/span><\/h2>[vc_empty_space height=\u00a0\u00bb30px\u00a0\u00bb][vc_column_text]Les droits sur toutes vos images produits restent bien entendu votre propri\u00e9t\u00e9. Les concessionnaires et les constructeurs utilisent l\u2019application pour cr\u00e9er des images de v\u00e9hicules avec leur propre design et un fort niveau de reconnaissance pour leurs pr\u00e9sences en ligne. Peu importe que les images soient destin\u00e9es \u00e0 votre propre site internet ou aux plateformes automobiles courantes, telles que AutoScout24, mobile.de ou eBay Motors.<br \/>Si vous utilisez \u00e9galement vos images dans le domaine de l\u2019imprim\u00e9, vous pouvez y employer vos nouvelles images de v\u00e9hicules uniformes issues de la <a href=\"https:\/\/www.octopus.tools\/fr\/piranha\/\">Piranha App<\/a> et donner \u00e0 vos fiches v\u00e9hicules, flyers, envois publicitaires ou annonces presse un fort pouvoir de reconnaissance.[\/vc_column_text][\/vc_column][\/vc_row][vc_row][vc_column][vc_empty_space height=\u00a0\u00bb30px\u00a0\u00bb][\/vc_column][\/vc_row][vc_row][vc_column width=\u00a0\u00bb1\/4&Prime;][vc_single_image image=\u00a0\u00bb2853&Prime; onclick=\u00a0\u00bbcustom_link\u00a0\u00bb link=\u00a0\u00bbhttps:\/\/octopus.tools\/fr\/piranha\/\u00a0\u00bb][\/vc_column][vc_column width=\u00a0\u00bb3\/4&Prime;]<style>.vcex-heading.vcex_6a020d82bd36d .vcex-heading-inner{border-color:#fc9a00;}.vcex-heading.vcex_6a020d82bd36d{border-color:#e2e2e2;}<\/style><h2 class=\"vcex-heading vcex-heading-bottom-border-w-color vcex-module wpex-heading wpex-text-2xl wpex-text-left wpex-border-b-2 wpex-border-solid wpex-border-main vcex_6a020d82bd36d\"><span class=\"vcex-heading-inner wpex-inline-block wpex-relative wpex-pb-5 wpex-border-b-2 wpex-border-solid wpex-border-accent\">La Piranha App et le traitement d\u2019images, expliqu\u00e9s bri\u00e8vement :<\/span><\/h2>[vc_empty_space height=\u00a0\u00bb30px\u00a0\u00bb]<div class=\"vcex-module vcex-bullets vcex-bullets-check\">\n<ul>\n<li>D\u00e9tourage de v\u00e9hicules uniforme et professionnel<\/li>\n<li>Retouche d\u2019images \u00e9conomique r\u00e9alis\u00e9e par des professionnels<\/li>\n<li>Normal Cut (horizon d\u00e9tour\u00e9) et Complete Cut (horizon et sol d\u00e9tour\u00e9s) possibles<\/li>\n<li>Optimisation du contraste, de la nettet\u00e9, de la teinte et de la saturation des couleurs<\/li>\n<li>Inclut le d\u00e9tourage des vitres et des surfaces transparentes<\/li>\n<li>Insertion de banni\u00e8res, logos et plaques d\u2019immatriculation<\/li>\n<li>Gain de temps gr\u00e2ce au t\u00e9l\u00e9versement automatique<\/li>\n<li>Gain de temps gr\u00e2ce \u00e0 l\u2019assistance intelligente pour l\u2019ordre des images<\/li>\n<li>D\u00e9tourage des images de voitures sous 24 heures<\/li>\n<li>Jusqu\u2019\u00e0 82% de gain de temps<\/li>\n<\/ul>\n<\/div>[\/vc_column][\/vc_row]\n<\/div>","protected":false},"excerpt":{"rendered":"<p>[vc_row][vc_column][vc_empty_space height=\u00a0\u00bb60px\u00a0\u00bb][\/vc_column][\/vc_row][vc_row][vc_column width=\u00a0\u00bb1\/4&Prime;][vc_single_image image=\u00a0\u00bb22801&Prime; onclick=\u00a0\u00bbcustom_link\u00a0\u00bb link=\u00a0\u00bbhttps:\/\/www.octopus.tools\/fr\/piranha\/\u00a0\u00bb][\/vc_column][vc_column width=\u00a0\u00bb3\/4&Prime;][vc_empty_space height=\u00a0\u00bb30px\u00a0\u00bb][vc_column_text css=\u00a0\u00bb\u00a0\u00bb]Lors de l\u2019achat d\u2019une voiture, le professionnalisme et l\u2019image sont deux facteurs d\u00e9cisifs qui influencent fortement la d\u00e9cision d\u2019achat du client. Les constructeurs automobiles et les concessionnaires accordent donc une attention particuli\u00e8re \u00e0 la pr\u00e9sentation parfaite de leurs v\u00e9hicules, aussi bien en showroom que sur internet. Des&hellip;<\/p>\n","protected":false},"author":1,"featured_media":0,"parent":0,"menu_order":0,"comment_status":"closed","ping_status":"closed","template":"","meta":{"content-type":"","inline_featured_image":false,"footnotes":""},"class_list":["post-28427","page","type-page","status-publish","hentry","entry","no-media"],"yoast_head":"<!-- This site is optimized with the Yoast SEO plugin v24.0 - https:\/\/yoast.com\/wordpress\/plugins\/seo\/ -->\n<title>Photographie de v\u00e9hicules et d\u00e9tourage automobile avec l\u2019application Piranha<\/title>\n<meta name=\"description\" content=\"La photographie de v\u00e9hicules via une application et le d\u00e9tourage automobile permettent une pr\u00e9sentation homog\u00e8ne et soign\u00e9e de votre offre.\" \/>\n<meta name=\"robots\" content=\"index, follow, max-snippet:-1, max-image-preview:large, max-video-preview:-1\" \/>\n<link rel=\"canonical\" href=\"https:\/\/www.octopus.tools\/fr\/photographie-de-vehicules-et-detourage-automobile-via-application\/\" \/>\n<meta property=\"og:locale\" content=\"fr_FR\" \/>\n<meta property=\"og:type\" content=\"article\" \/>\n<meta property=\"og:title\" content=\"Photographie de v\u00e9hicules et d\u00e9tourage automobile avec l\u2019application Piranha\" \/>\n<meta property=\"og:description\" content=\"La photographie de v\u00e9hicules via une application et le d\u00e9tourage automobile permettent une pr\u00e9sentation homog\u00e8ne et soign\u00e9e de votre offre.\" \/>\n<meta property=\"og:url\" content=\"https:\/\/www.octopus.tools\/fr\/photographie-de-vehicules-et-detourage-automobile-via-application\/\" \/>\n<meta property=\"og:site_name\" content=\"Octopus tools - automotive imagery solutions\" \/>\n<meta property=\"article:publisher\" content=\"https:\/\/www.facebook.com\/yoozoo.de\" \/>\n<meta property=\"article:modified_time\" content=\"2026-01-23T09:20:23+00:00\" \/>\n<meta property=\"og:image\" content=\"https:\/\/www.octopus.tools\/wp-content\/uploads\/2018\/04\/social-share-thumb.jpg\" \/>\n\t<meta property=\"og:image:width\" content=\"900\" \/>\n\t<meta property=\"og:image:height\" content=\"900\" \/>\n\t<meta property=\"og:image:type\" content=\"image\/jpeg\" \/>\n<meta name=\"twitter:card\" content=\"summary_large_image\" \/>\n<meta name=\"twitter:site\" content=\"@yoozoo_de\" \/>\n<meta name=\"twitter:label1\" content=\"Dur\u00e9e de lecture estim\u00e9e\" \/>\n\t<meta name=\"twitter:data1\" content=\"8 minutes\" \/>\n<script type=\"application\/ld+json\" class=\"yoast-schema-graph\">{\"@context\":\"https:\/\/schema.org\",\"@graph\":[{\"@type\":\"WebPage\",\"@id\":\"https:\/\/www.octopus.tools\/fr\/photographie-de-vehicules-et-detourage-automobile-via-application\/\",\"url\":\"https:\/\/www.octopus.tools\/fr\/photographie-de-vehicules-et-detourage-automobile-via-application\/\",\"name\":\"Photographie de v\u00e9hicules et d\u00e9tourage automobile avec l\u2019application Piranha\",\"isPartOf\":{\"@id\":\"https:\/\/www.octopus.tools\/fr\/#website\"},\"datePublished\":\"2026-01-23T09:20:21+00:00\",\"dateModified\":\"2026-01-23T09:20:23+00:00\",\"description\":\"La photographie de v\u00e9hicules via une application et le d\u00e9tourage automobile permettent une pr\u00e9sentation homog\u00e8ne et soign\u00e9e de votre offre.\",\"breadcrumb\":{\"@id\":\"https:\/\/www.octopus.tools\/fr\/photographie-de-vehicules-et-detourage-automobile-via-application\/#breadcrumb\"},\"inLanguage\":\"fr-FR\",\"potentialAction\":[{\"@type\":\"ReadAction\",\"target\":[\"https:\/\/www.octopus.tools\/fr\/photographie-de-vehicules-et-detourage-automobile-via-application\/\"]}]},{\"@type\":\"BreadcrumbList\",\"@id\":\"https:\/\/www.octopus.tools\/fr\/photographie-de-vehicules-et-detourage-automobile-via-application\/#breadcrumb\",\"itemListElement\":[{\"@type\":\"ListItem\",\"position\":1,\"name\":\"Home\",\"item\":\"https:\/\/www.octopus.tools\/fr\/\"},{\"@type\":\"ListItem\",\"position\":2,\"name\":\"Photographie de v\u00e9hicules et d\u00e9tourage automobile via application\"}]},{\"@type\":\"WebSite\",\"@id\":\"https:\/\/www.octopus.tools\/fr\/#website\",\"url\":\"https:\/\/www.octopus.tools\/fr\/\",\"name\":\"Octopus tools - automotive imagery solutions\",\"description\":\"yoozoo GmbH software\",\"publisher\":{\"@id\":\"https:\/\/www.octopus.tools\/fr\/#organization\"},\"potentialAction\":[{\"@type\":\"SearchAction\",\"target\":{\"@type\":\"EntryPoint\",\"urlTemplate\":\"https:\/\/www.octopus.tools\/fr\/?s={search_term_string}\"},\"query-input\":{\"@type\":\"PropertyValueSpecification\",\"valueRequired\":true,\"valueName\":\"search_term_string\"}}],\"inLanguage\":\"fr-FR\"},{\"@type\":\"Organization\",\"@id\":\"https:\/\/www.octopus.tools\/fr\/#organization\",\"name\":\"Octopus.tools [by yoozoo GmbH]\",\"url\":\"https:\/\/www.octopus.tools\/fr\/\",\"logo\":{\"@type\":\"ImageObject\",\"inLanguage\":\"fr-FR\",\"@id\":\"https:\/\/www.octopus.tools\/fr\/#\/schema\/logo\/image\/\",\"url\":\"https:\/\/www.octopus.tools\/wp-content\/uploads\/2018\/02\/website-octopus-tools-08.svg\",\"contentUrl\":\"https:\/\/www.octopus.tools\/wp-content\/uploads\/2018\/02\/website-octopus-tools-08.svg\",\"caption\":\"Octopus.tools [by yoozoo GmbH]\"},\"image\":{\"@id\":\"https:\/\/www.octopus.tools\/fr\/#\/schema\/logo\/image\/\"},\"sameAs\":[\"https:\/\/www.facebook.com\/yoozoo.de\",\"https:\/\/x.com\/yoozoo_de\"]}]}<\/script>\n<!-- \/ Yoast SEO plugin. -->","yoast_head_json":{"title":"Photographie de v\u00e9hicules et d\u00e9tourage automobile avec l\u2019application Piranha","description":"La photographie de v\u00e9hicules via une application et le d\u00e9tourage automobile permettent une pr\u00e9sentation homog\u00e8ne et soign\u00e9e de votre offre.","robots":{"index":"index","follow":"follow","max-snippet":"max-snippet:-1","max-image-preview":"max-image-preview:large","max-video-preview":"max-video-preview:-1"},"canonical":"https:\/\/www.octopus.tools\/fr\/photographie-de-vehicules-et-detourage-automobile-via-application\/","og_locale":"fr_FR","og_type":"article","og_title":"Photographie de v\u00e9hicules et d\u00e9tourage automobile avec l\u2019application Piranha","og_description":"La photographie de v\u00e9hicules via une application et le d\u00e9tourage automobile permettent une pr\u00e9sentation homog\u00e8ne et soign\u00e9e de votre offre.","og_url":"https:\/\/www.octopus.tools\/fr\/photographie-de-vehicules-et-detourage-automobile-via-application\/","og_site_name":"Octopus tools - automotive imagery solutions","article_publisher":"https:\/\/www.facebook.com\/yoozoo.de","article_modified_time":"2026-01-23T09:20:23+00:00","og_image":[{"width":900,"height":900,"url":"https:\/\/www.octopus.tools\/wp-content\/uploads\/2018\/04\/social-share-thumb.jpg","type":"image\/jpeg"}],"twitter_card":"summary_large_image","twitter_site":"@yoozoo_de","twitter_misc":{"Dur\u00e9e de lecture estim\u00e9e":"8 minutes"},"schema":{"@context":"https:\/\/schema.org","@graph":[{"@type":"WebPage","@id":"https:\/\/www.octopus.tools\/fr\/photographie-de-vehicules-et-detourage-automobile-via-application\/","url":"https:\/\/www.octopus.tools\/fr\/photographie-de-vehicules-et-detourage-automobile-via-application\/","name":"Photographie de v\u00e9hicules et d\u00e9tourage automobile avec l\u2019application Piranha","isPartOf":{"@id":"https:\/\/www.octopus.tools\/fr\/#website"},"datePublished":"2026-01-23T09:20:21+00:00","dateModified":"2026-01-23T09:20:23+00:00","description":"La photographie de v\u00e9hicules via une application et le d\u00e9tourage automobile permettent une pr\u00e9sentation homog\u00e8ne et soign\u00e9e de votre offre.","breadcrumb":{"@id":"https:\/\/www.octopus.tools\/fr\/photographie-de-vehicules-et-detourage-automobile-via-application\/#breadcrumb"},"inLanguage":"fr-FR","potentialAction":[{"@type":"ReadAction","target":["https:\/\/www.octopus.tools\/fr\/photographie-de-vehicules-et-detourage-automobile-via-application\/"]}]},{"@type":"BreadcrumbList","@id":"https:\/\/www.octopus.tools\/fr\/photographie-de-vehicules-et-detourage-automobile-via-application\/#breadcrumb","itemListElement":[{"@type":"ListItem","position":1,"name":"Home","item":"https:\/\/www.octopus.tools\/fr\/"},{"@type":"ListItem","position":2,"name":"Photographie de v\u00e9hicules et d\u00e9tourage automobile via application"}]},{"@type":"WebSite","@id":"https:\/\/www.octopus.tools\/fr\/#website","url":"https:\/\/www.octopus.tools\/fr\/","name":"Octopus tools - automotive imagery solutions","description":"yoozoo GmbH software","publisher":{"@id":"https:\/\/www.octopus.tools\/fr\/#organization"},"potentialAction":[{"@type":"SearchAction","target":{"@type":"EntryPoint","urlTemplate":"https:\/\/www.octopus.tools\/fr\/?s={search_term_string}"},"query-input":{"@type":"PropertyValueSpecification","valueRequired":true,"valueName":"search_term_string"}}],"inLanguage":"fr-FR"},{"@type":"Organization","@id":"https:\/\/www.octopus.tools\/fr\/#organization","name":"Octopus.tools [by yoozoo GmbH]","url":"https:\/\/www.octopus.tools\/fr\/","logo":{"@type":"ImageObject","inLanguage":"fr-FR","@id":"https:\/\/www.octopus.tools\/fr\/#\/schema\/logo\/image\/","url":"https:\/\/www.octopus.tools\/wp-content\/uploads\/2018\/02\/website-octopus-tools-08.svg","contentUrl":"https:\/\/www.octopus.tools\/wp-content\/uploads\/2018\/02\/website-octopus-tools-08.svg","caption":"Octopus.tools [by yoozoo GmbH]"},"image":{"@id":"https:\/\/www.octopus.tools\/fr\/#\/schema\/logo\/image\/"},"sameAs":["https:\/\/www.facebook.com\/yoozoo.de","https:\/\/x.com\/yoozoo_de"]}]}},"_links":{"self":[{"href":"https:\/\/www.octopus.tools\/fr\/wp-json\/wp\/v2\/pages\/28427","targetHints":{"allow":["GET"]}}],"collection":[{"href":"https:\/\/www.octopus.tools\/fr\/wp-json\/wp\/v2\/pages"}],"about":[{"href":"https:\/\/www.octopus.tools\/fr\/wp-json\/wp\/v2\/types\/page"}],"author":[{"embeddable":true,"href":"https:\/\/www.octopus.tools\/fr\/wp-json\/wp\/v2\/users\/1"}],"replies":[{"embeddable":true,"href":"https:\/\/www.octopus.tools\/fr\/wp-json\/wp\/v2\/comments?post=28427"}],"version-history":[{"count":3,"href":"https:\/\/www.octopus.tools\/fr\/wp-json\/wp\/v2\/pages\/28427\/revisions"}],"predecessor-version":[{"id":28430,"href":"https:\/\/www.octopus.tools\/fr\/wp-json\/wp\/v2\/pages\/28427\/revisions\/28430"}],"wp:attachment":[{"href":"https:\/\/www.octopus.tools\/fr\/wp-json\/wp\/v2\/media?parent=28427"}],"curies":[{"name":"wp","href":"https:\/\/api.w.org\/{rel}","templated":true}]}}