{"id":9844,"date":"2021-03-23T11:56:08","date_gmt":"2021-03-23T11:56:08","guid":{"rendered":"https:\/\/octopus.tools\/eagle\/"},"modified":"2023-09-12T13:08:54","modified_gmt":"2023-09-12T12:08:54","slug":"eagle","status":"publish","type":"page","link":"https:\/\/www.octopus.tools\/fr\/eagle\/","title":{"rendered":"Eagle"},"content":{"rendered":"<div class=\"wpb-content-wrapper\">[vc_row full_width=\u00a0\u00bbstretch_row\u00a0\u00bb gap=\u00a0\u00bb20&Prime; equal_height=\u00a0\u00bbyes\u00a0\u00bb css=\u00a0\u00bb.vc_custom_1523490905541{padding-top: 40px !important;background-color: #1e1e1e !important;}\u00a0\u00bb][vc_column width=\u00a0\u00bb1\/3&Prime; css=\u00a0\u00bb.vc_custom_1523490844470{background-color: #232323 !important;border: 1px solid #f1f1f1 !important;border-radius: 5px !important;}\u00a0\u00bb]<div class=\"vcex-module vcex-icon-box vcex-icon-box-four wpex-block wpex-text-center wpex-p-30 wpex-bordered vc_custom_1694520502254\"><div class=\"vcex-icon-box-symbol wpex-mb-20\" style=\"margin-bottom:10px;\"><div class=\"vcex-icon-box-icon wpex-inline-flex wpex-items-center wpex-justify-center wpex-child-inherit-color wpex-text-center wpex-leading-none wpex-text-1\" style=\"color:#904d16;font-size:30px;\"><span class=\"ticon ticon-check-square\" aria-hidden=\"true\"><\/span><\/div><\/div><div class=\"vcex-icon-box-text\"><h1 class=\"vcex-icon-box-heading wpex-heading\" style=\"color:#f2f2f2;--wpex-hover-heading-link-color:#f2f2f2;font-size:25px;margin-bottom:0px;text-transform:none;\">Transparence totale<\/h1><div class=\"vcex-icon-box-content wpex-last-mb-0 wpex-clr\" style=\"color:#f2f2f2;\"><p>L&rsquo;Eagle vous garantit une transparence totale \u00e0 tout moment.<\/p>\n<\/div><\/div><\/div>[\/vc_column][vc_column width=\u00a0\u00bb1\/3&Prime; css=\u00a0\u00bb.vc_custom_1523490867511{background-color: #232323 !important;border: 1px solid #f1f1f1 !important;border-radius: 5px !important;}\u00a0\u00bb]<div class=\"vcex-module vcex-icon-box vcex-icon-box-four wpex-block wpex-text-center wpex-p-30 wpex-bordered vc_custom_1694520516050\"><div class=\"vcex-icon-box-symbol wpex-mb-20\" style=\"margin-bottom:10px;\"><div class=\"vcex-icon-box-icon wpex-inline-flex wpex-items-center wpex-justify-center wpex-child-inherit-color wpex-text-center wpex-leading-none wpex-text-1\" style=\"color:#904d16;font-size:30px;\"><span class=\"ticon ticon-check-square\" aria-hidden=\"true\"><\/span><\/div><\/div><div class=\"vcex-icon-box-text\"><h1 class=\"vcex-icon-box-heading wpex-heading\" style=\"color:#f2f2f2;--wpex-hover-heading-link-color:#f2f2f2;font-size:25px;margin-bottom:0px;text-transform:none;\">Personnalisable<\/h1><div class=\"vcex-icon-box-content wpex-last-mb-0 wpex-clr\" style=\"color:#f2f2f2;\"><p>Vous d\u00e9finissez les informations que vous voulez voir.<\/p>\n<\/div><\/div><\/div>[\/vc_column][vc_column width=\u00a0\u00bb1\/3&Prime; css=\u00a0\u00bb.vc_custom_1523490893138{background-color: #232323 !important;border: 1px solid #f1f1f1 !important;border-radius: 5px !important;}\u00a0\u00bb]<div class=\"vcex-module vcex-icon-box vcex-icon-box-four wpex-block wpex-text-center wpex-p-30 wpex-bordered vc_custom_1694520527515\"><div class=\"vcex-icon-box-symbol wpex-mb-20\" style=\"margin-bottom:10px;\"><div class=\"vcex-icon-box-icon wpex-inline-flex wpex-items-center wpex-justify-center wpex-child-inherit-color wpex-text-center wpex-leading-none wpex-text-1\" style=\"color:#904d16;font-size:30px;\"><span class=\"ticon ticon-check-square\" aria-hidden=\"true\"><\/span><\/div><\/div><div class=\"vcex-icon-box-text\"><h1 class=\"vcex-icon-box-heading wpex-heading\" style=\"color:#f2f2f2;--wpex-hover-heading-link-color:#f2f2f2;font-size:25px;margin-bottom:0px;text-transform:none;\">Enti\u00e8rement r\u00e9actif<\/h1><div class=\"vcex-icon-box-content wpex-last-mb-0 wpex-clr\" style=\"color:#f2f2f2;\"><p>Eagle fonctionnera sur tous vos appareils.<\/p>\n<\/div><\/div><\/div>[\/vc_column][\/vc_row][vc_row full_width=\u00a0\u00bbstretch_row\u00a0\u00bb css=\u00a0\u00bb.vc_custom_1523490950742{background-color: #3d3d3d !important;}\u00a0\u00bb][vc_column][vc_empty_space height=\u00a0\u00bb40px\u00a0\u00bb]<style>.vcex-heading.vcex_6a021c3a7739d .vcex-heading-inner{border-color:#fc9a00;}.vcex-heading.vcex_6a021c3a7739d{border-color:#e2e2e2;}<\/style><h2 class=\"vcex-heading vcex-heading-bottom-border-w-color vcex-module wpex-heading wpex-text-2xl wpex-border-b-2 wpex-border-solid wpex-border-main vcex_6a021c3a7739d\"><span class=\"vcex-heading-inner wpex-inline-block wpex-relative wpex-pb-5 wpex-border-b-2 wpex-border-solid wpex-border-accent\">Qu'est-ce que c'est l'Eagle ?<\/span><\/h2>[vc_empty_space height=\u00a0\u00bb20&Prime;][vc_column_text]\n<p>L&rsquo;Eagle est l&rsquo;outil parfait pour les moyennes et grandes entreprises, mais aussi pour les revendeurs pour garder une trace. L&rsquo;Eagle Cockpit vous pr\u00e9sente en un coup d&rsquo;\u0153il toutes les informations pertinentes en rapport avec votre photographie et votre retouche d&rsquo;automobile et il peut \u00eatre adapt\u00e9 \u00e0 vos souhaits et besoins. Vous \u00eates responsable de la photographie ou de la pr\u00e9sentation en ligne de vos v\u00e9hicules ? Les informations suivantes pourraient alors vous int\u00e9resser: &#8211; Quelles photos de v\u00e9hicules sont en cours de traitement? &#8211; Quand ces photosdevraient-elles \u00eatre termin\u00e9es? &#8211; Avant et apr\u00e8s la comparaison des images pour l&rsquo;assurance qualit\u00e9. Vous \u00eates le directeur d&rsquo;un concessionnaire d&rsquo;automobiles ? Alors vous pourriez \u00eatre int\u00e9ress\u00e9 par: &#8211; combien de temps cela prend en moyenne avant que les photos finies ne soient renvoy\u00e9es. &#8211; quels co\u00fbts se sont accumul\u00e9s au cours du mois ou du mois en cours pour la retouche d&rsquo;photos. &#8211; avoir les rapports divis\u00e9s selonles branches, les employ\u00e9s, le type de traitement \u2026 Bien s\u00fbr, en tant que partenaire commercial, vous devez toujours savoir: &#8211; combien de photos sont actuellement retouch\u00e9es par quel client. &#8211; quels sont les d\u00e9lais de livraison des images trait\u00e9es pour vos clients. &#8211; quelles ventes ont \u00e9t\u00e9 r\u00e9alis\u00e9es dans la p\u00e9riode X avec la retouche de photos. Vous avez le choix de regarder l&rsquo;Eagle Cockpit depuis votre ordinateur, de l&rsquo;ex\u00e9cuter sur un grand \u00e9cran \/ TV \/ vid\u00e9oprojecteur, ou de v\u00e9rifier rapidement l&rsquo;\u00e9tat actuel en d\u00e9placement sur une tablette ou un smartphone. En plus des rapports list\u00e9s ci-dessus, beaucoup plus d&rsquo;informations peuvent \u00eatre affich\u00e9es dans le cockpit, par ex. le nombre de v\u00e9hicules de votre flotte qui ne disposent pas encore de photos de v\u00e9hicules. Ou combien de temps il faut, en moyenne, avant que les employ\u00e9s obtiennent des photos d&rsquo;un nouveau v\u00e9hicule. La base pour cela, bien s\u00fbr, est que les donn\u00e9es brutes appropri\u00e9es \u00a0de vos syst\u00e8mes sont disponibles via l&rsquo;interface Fox. Incidemment, \u00e0 partir de ces donn\u00e9es brutes, par ex. Une \u00a0\u00bb liste de choses \u00e0 faire\u00a0\u00a0\u00bb\u00a0peut \u00e9galement \u00eatre cr\u00e9\u00e9e dans l&rsquo;application Piranha ou dans le t\u00e9l\u00e9visement Web d&rsquo;Orca, afin que vos employ\u00e9s sachent directement quels v\u00e9hicules doivent \u00eatre photographi\u00e9s ensuite.<\/p>\n[\/vc_column_text][\/vc_column][\/vc_row]\n<\/div>","protected":false},"excerpt":{"rendered":"<p>[vc_row full_width=\u00a0\u00bbstretch_row\u00a0\u00bb gap=\u00a0\u00bb20&Prime; equal_height=\u00a0\u00bbyes\u00a0\u00bb css=\u00a0\u00bb.vc_custom_1523490905541{padding-top: 40px !important;background-color: #1e1e1e !important;}\u00a0\u00bb][vc_column width=\u00a0\u00bb1\/3&Prime; css=\u00a0\u00bb.vc_custom_1523490844470{background-color: #232323 !important;border: 1px solid #f1f1f1 !important;border-radius: 5px !important;}\u00a0\u00bb][\/vc_column][vc_column width=\u00a0\u00bb1\/3&Prime; css=\u00a0\u00bb.vc_custom_1523490867511{background-color: #232323 !important;border: 1px solid #f1f1f1 !important;border-radius: 5px !important;}\u00a0\u00bb][\/vc_column][vc_column width=\u00a0\u00bb1\/3&Prime; css=\u00a0\u00bb.vc_custom_1523490893138{background-color: #232323 !important;border: 1px solid #f1f1f1 !important;border-radius: 5px !important;}\u00a0\u00bb][\/vc_column][\/vc_row][vc_row full_width=\u00a0\u00bbstretch_row\u00a0\u00bb css=\u00a0\u00bb.vc_custom_1523490950742{background-color: #3d3d3d !important;}\u00a0\u00bb][vc_column][vc_empty_space height=\u00a0\u00bb40px\u00a0\u00bb][vc_empty_space height=\u00a0\u00bb20&Prime;][vc_column_text] L&rsquo;Eagle est l&rsquo;outil parfait pour les moyennes et grandes entreprises,&hellip;<\/p>\n","protected":false},"author":1,"featured_media":0,"parent":0,"menu_order":0,"comment_status":"closed","ping_status":"closed","template":"","meta":{"content-type":"","inline_featured_image":false,"footnotes":""},"class_list":["post-9844","page","type-page","status-publish","hentry","entry","no-media"],"yoast_head":"<!-- This site is optimized with the Yoast SEO plugin v24.0 - https:\/\/yoast.com\/wordpress\/plugins\/seo\/ -->\n<title>Eagle - Octopus tools - automotive imagery solutions<\/title>\n<meta name=\"robots\" content=\"index, follow, max-snippet:-1, max-image-preview:large, max-video-preview:-1\" \/>\n<link rel=\"canonical\" href=\"https:\/\/www.octopus.tools\/fr\/eagle\/\" \/>\n<meta property=\"og:locale\" content=\"fr_FR\" \/>\n<meta property=\"og:type\" content=\"article\" \/>\n<meta property=\"og:title\" content=\"Eagle - Octopus tools - automotive imagery solutions\" \/>\n<meta property=\"og:description\" content=\"[vc_row full_width=\u00a0\u00bbstretch_row\u00a0\u00bb gap=\u00a0\u00bb20&Prime; equal_height=\u00a0\u00bbyes\u00a0\u00bb css=\u00a0\u00bb.vc_custom_1523490905541{padding-top: 40px !important;background-color: #1e1e1e !important;}\u00a0\u00bb][vc_column width=\u00a0\u00bb1\/3&Prime; css=\u00a0\u00bb.vc_custom_1523490844470{background-color: #232323 !important;border: 1px solid #f1f1f1 !important;border-radius: 5px !important;}\u00a0\u00bb][\/vc_column][vc_column width=\u00a0\u00bb1\/3&Prime; css=\u00a0\u00bb.vc_custom_1523490867511{background-color: #232323 !important;border: 1px solid #f1f1f1 !important;border-radius: 5px !important;}\u00a0\u00bb][\/vc_column][vc_column width=\u00a0\u00bb1\/3&Prime; css=\u00a0\u00bb.vc_custom_1523490893138{background-color: #232323 !important;border: 1px solid #f1f1f1 !important;border-radius: 5px !important;}\u00a0\u00bb][\/vc_column][\/vc_row][vc_row full_width=\u00a0\u00bbstretch_row\u00a0\u00bb css=\u00a0\u00bb.vc_custom_1523490950742{background-color: #3d3d3d !important;}\u00a0\u00bb][vc_column][vc_empty_space height=\u00a0\u00bb40px\u00a0\u00bb][vc_empty_space height=\u00a0\u00bb20&Prime;][vc_column_text] L&rsquo;Eagle est l&rsquo;outil parfait pour les moyennes et grandes entreprises,&hellip;\" \/>\n<meta property=\"og:url\" content=\"https:\/\/www.octopus.tools\/fr\/eagle\/\" \/>\n<meta property=\"og:site_name\" content=\"Octopus tools - automotive imagery solutions\" \/>\n<meta property=\"article:publisher\" content=\"https:\/\/www.facebook.com\/yoozoo.de\" \/>\n<meta property=\"article:modified_time\" content=\"2023-09-12T12:08:54+00:00\" \/>\n<meta property=\"og:image\" content=\"https:\/\/www.octopus.tools\/wp-content\/uploads\/2018\/04\/social-share-thumb.jpg\" \/>\n\t<meta property=\"og:image:width\" content=\"900\" \/>\n\t<meta property=\"og:image:height\" content=\"900\" \/>\n\t<meta property=\"og:image:type\" content=\"image\/jpeg\" \/>\n<meta name=\"twitter:card\" content=\"summary_large_image\" \/>\n<meta name=\"twitter:site\" content=\"@yoozoo_de\" \/>\n<meta name=\"twitter:label1\" content=\"Dur\u00e9e de lecture estim\u00e9e\" \/>\n\t<meta name=\"twitter:data1\" content=\"4 minutes\" \/>\n<script type=\"application\/ld+json\" class=\"yoast-schema-graph\">{\"@context\":\"https:\/\/schema.org\",\"@graph\":[{\"@type\":\"WebPage\",\"@id\":\"https:\/\/www.octopus.tools\/fr\/eagle\/\",\"url\":\"https:\/\/www.octopus.tools\/fr\/eagle\/\",\"name\":\"Eagle - Octopus tools - automotive imagery solutions\",\"isPartOf\":{\"@id\":\"https:\/\/www.octopus.tools\/fr\/#website\"},\"datePublished\":\"2021-03-23T11:56:08+00:00\",\"dateModified\":\"2023-09-12T12:08:54+00:00\",\"breadcrumb\":{\"@id\":\"https:\/\/www.octopus.tools\/fr\/eagle\/#breadcrumb\"},\"inLanguage\":\"fr-FR\",\"potentialAction\":[{\"@type\":\"ReadAction\",\"target\":[\"https:\/\/www.octopus.tools\/fr\/eagle\/\"]}]},{\"@type\":\"BreadcrumbList\",\"@id\":\"https:\/\/www.octopus.tools\/fr\/eagle\/#breadcrumb\",\"itemListElement\":[{\"@type\":\"ListItem\",\"position\":1,\"name\":\"Home\",\"item\":\"https:\/\/www.octopus.tools\/fr\/\"},{\"@type\":\"ListItem\",\"position\":2,\"name\":\"Eagle\"}]},{\"@type\":\"WebSite\",\"@id\":\"https:\/\/www.octopus.tools\/fr\/#website\",\"url\":\"https:\/\/www.octopus.tools\/fr\/\",\"name\":\"Octopus tools - automotive imagery solutions\",\"description\":\"yoozoo GmbH software\",\"publisher\":{\"@id\":\"https:\/\/www.octopus.tools\/fr\/#organization\"},\"potentialAction\":[{\"@type\":\"SearchAction\",\"target\":{\"@type\":\"EntryPoint\",\"urlTemplate\":\"https:\/\/www.octopus.tools\/fr\/?s={search_term_string}\"},\"query-input\":{\"@type\":\"PropertyValueSpecification\",\"valueRequired\":true,\"valueName\":\"search_term_string\"}}],\"inLanguage\":\"fr-FR\"},{\"@type\":\"Organization\",\"@id\":\"https:\/\/www.octopus.tools\/fr\/#organization\",\"name\":\"Octopus.tools [by yoozoo GmbH]\",\"url\":\"https:\/\/www.octopus.tools\/fr\/\",\"logo\":{\"@type\":\"ImageObject\",\"inLanguage\":\"fr-FR\",\"@id\":\"https:\/\/www.octopus.tools\/fr\/#\/schema\/logo\/image\/\",\"url\":\"https:\/\/www.octopus.tools\/wp-content\/uploads\/2018\/02\/website-octopus-tools-08.svg\",\"contentUrl\":\"https:\/\/www.octopus.tools\/wp-content\/uploads\/2018\/02\/website-octopus-tools-08.svg\",\"caption\":\"Octopus.tools [by yoozoo GmbH]\"},\"image\":{\"@id\":\"https:\/\/www.octopus.tools\/fr\/#\/schema\/logo\/image\/\"},\"sameAs\":[\"https:\/\/www.facebook.com\/yoozoo.de\",\"https:\/\/x.com\/yoozoo_de\"]}]}<\/script>\n<!-- \/ Yoast SEO plugin. -->","yoast_head_json":{"title":"Eagle - Octopus tools - automotive imagery solutions","robots":{"index":"index","follow":"follow","max-snippet":"max-snippet:-1","max-image-preview":"max-image-preview:large","max-video-preview":"max-video-preview:-1"},"canonical":"https:\/\/www.octopus.tools\/fr\/eagle\/","og_locale":"fr_FR","og_type":"article","og_title":"Eagle - Octopus tools - automotive imagery solutions","og_description":"[vc_row full_width=\u00a0\u00bbstretch_row\u00a0\u00bb gap=\u00a0\u00bb20&Prime; equal_height=\u00a0\u00bbyes\u00a0\u00bb css=\u00a0\u00bb.vc_custom_1523490905541{padding-top: 40px !important;background-color: #1e1e1e !important;}\u00a0\u00bb][vc_column width=\u00a0\u00bb1\/3&Prime; css=\u00a0\u00bb.vc_custom_1523490844470{background-color: #232323 !important;border: 1px solid #f1f1f1 !important;border-radius: 5px !important;}\u00a0\u00bb][\/vc_column][vc_column width=\u00a0\u00bb1\/3&Prime; css=\u00a0\u00bb.vc_custom_1523490867511{background-color: #232323 !important;border: 1px solid #f1f1f1 !important;border-radius: 5px !important;}\u00a0\u00bb][\/vc_column][vc_column width=\u00a0\u00bb1\/3&Prime; css=\u00a0\u00bb.vc_custom_1523490893138{background-color: #232323 !important;border: 1px solid #f1f1f1 !important;border-radius: 5px !important;}\u00a0\u00bb][\/vc_column][\/vc_row][vc_row full_width=\u00a0\u00bbstretch_row\u00a0\u00bb css=\u00a0\u00bb.vc_custom_1523490950742{background-color: #3d3d3d !important;}\u00a0\u00bb][vc_column][vc_empty_space height=\u00a0\u00bb40px\u00a0\u00bb][vc_empty_space height=\u00a0\u00bb20&Prime;][vc_column_text] L&rsquo;Eagle est l&rsquo;outil parfait pour les moyennes et grandes entreprises,&hellip;","og_url":"https:\/\/www.octopus.tools\/fr\/eagle\/","og_site_name":"Octopus tools - automotive imagery solutions","article_publisher":"https:\/\/www.facebook.com\/yoozoo.de","article_modified_time":"2023-09-12T12:08:54+00:00","og_image":[{"width":900,"height":900,"url":"https:\/\/www.octopus.tools\/wp-content\/uploads\/2018\/04\/social-share-thumb.jpg","type":"image\/jpeg"}],"twitter_card":"summary_large_image","twitter_site":"@yoozoo_de","twitter_misc":{"Dur\u00e9e de lecture estim\u00e9e":"4 minutes"},"schema":{"@context":"https:\/\/schema.org","@graph":[{"@type":"WebPage","@id":"https:\/\/www.octopus.tools\/fr\/eagle\/","url":"https:\/\/www.octopus.tools\/fr\/eagle\/","name":"Eagle - Octopus tools - automotive imagery solutions","isPartOf":{"@id":"https:\/\/www.octopus.tools\/fr\/#website"},"datePublished":"2021-03-23T11:56:08+00:00","dateModified":"2023-09-12T12:08:54+00:00","breadcrumb":{"@id":"https:\/\/www.octopus.tools\/fr\/eagle\/#breadcrumb"},"inLanguage":"fr-FR","potentialAction":[{"@type":"ReadAction","target":["https:\/\/www.octopus.tools\/fr\/eagle\/"]}]},{"@type":"BreadcrumbList","@id":"https:\/\/www.octopus.tools\/fr\/eagle\/#breadcrumb","itemListElement":[{"@type":"ListItem","position":1,"name":"Home","item":"https:\/\/www.octopus.tools\/fr\/"},{"@type":"ListItem","position":2,"name":"Eagle"}]},{"@type":"WebSite","@id":"https:\/\/www.octopus.tools\/fr\/#website","url":"https:\/\/www.octopus.tools\/fr\/","name":"Octopus tools - automotive imagery solutions","description":"yoozoo GmbH software","publisher":{"@id":"https:\/\/www.octopus.tools\/fr\/#organization"},"potentialAction":[{"@type":"SearchAction","target":{"@type":"EntryPoint","urlTemplate":"https:\/\/www.octopus.tools\/fr\/?s={search_term_string}"},"query-input":{"@type":"PropertyValueSpecification","valueRequired":true,"valueName":"search_term_string"}}],"inLanguage":"fr-FR"},{"@type":"Organization","@id":"https:\/\/www.octopus.tools\/fr\/#organization","name":"Octopus.tools [by yoozoo GmbH]","url":"https:\/\/www.octopus.tools\/fr\/","logo":{"@type":"ImageObject","inLanguage":"fr-FR","@id":"https:\/\/www.octopus.tools\/fr\/#\/schema\/logo\/image\/","url":"https:\/\/www.octopus.tools\/wp-content\/uploads\/2018\/02\/website-octopus-tools-08.svg","contentUrl":"https:\/\/www.octopus.tools\/wp-content\/uploads\/2018\/02\/website-octopus-tools-08.svg","caption":"Octopus.tools [by yoozoo GmbH]"},"image":{"@id":"https:\/\/www.octopus.tools\/fr\/#\/schema\/logo\/image\/"},"sameAs":["https:\/\/www.facebook.com\/yoozoo.de","https:\/\/x.com\/yoozoo_de"]}]}},"_links":{"self":[{"href":"https:\/\/www.octopus.tools\/fr\/wp-json\/wp\/v2\/pages\/9844","targetHints":{"allow":["GET"]}}],"collection":[{"href":"https:\/\/www.octopus.tools\/fr\/wp-json\/wp\/v2\/pages"}],"about":[{"href":"https:\/\/www.octopus.tools\/fr\/wp-json\/wp\/v2\/types\/page"}],"author":[{"embeddable":true,"href":"https:\/\/www.octopus.tools\/fr\/wp-json\/wp\/v2\/users\/1"}],"replies":[{"embeddable":true,"href":"https:\/\/www.octopus.tools\/fr\/wp-json\/wp\/v2\/comments?post=9844"}],"version-history":[{"count":0,"href":"https:\/\/www.octopus.tools\/fr\/wp-json\/wp\/v2\/pages\/9844\/revisions"}],"wp:attachment":[{"href":"https:\/\/www.octopus.tools\/fr\/wp-json\/wp\/v2\/media?parent=9844"}],"curies":[{"name":"wp","href":"https:\/\/api.w.org\/{rel}","templated":true}]}}