{"id":9847,"date":"2021-03-23T12:06:32","date_gmt":"2021-03-23T12:06:32","guid":{"rendered":"https:\/\/octopus.tools\/meg\/"},"modified":"2021-03-25T09:29:02","modified_gmt":"2021-03-25T09:29:02","slug":"meg","status":"publish","type":"page","link":"https:\/\/www.octopus.tools\/fr\/meg\/","title":{"rendered":"MEG"},"content":{"rendered":"<div class=\"wpb-content-wrapper\">[vc_row full_width=\u00a0\u00bbstretch_row\u00a0\u00bb][vc_column]\n\t\t\t<!-- START header MEG REVOLUTION SLIDER 6.7.28 --><p class=\"rs-p-wp-fix\"><\/p>\n\t\t\t<rs-module-wrap id=\"rev_slider_14_1_wrapper\" data-source=\"gallery\" style=\"visibility:hidden;background:transparent;padding:0;margin:0px auto;margin-top:0;margin-bottom:0;\">\n\t\t\t\t<rs-module id=\"rev_slider_14_1\" class=\" rs-ov-hidden\" style=\"\" data-version=\"6.7.28\">\n\t\t\t\t\t<rs-slides style=\"overflow: hidden; position: absolute;\">\n\t\t\t\t\t\t<rs-slide style=\"position: absolute;\" data-key=\"rs-400\" data-title=\"fox\" data-anim=\"adpr:false;\" data-in=\"o:0;y:-100%;e:power3.inOut;\" data-out=\"e:power3.inOut;\">\n\t\t\t\t\t\t\t<img src=\"\/\/www.octopus.tools\/wp-content\/plugins\/revslider\/sr6\/assets\/assets\/dummy.png\" alt=\"\" title=\"MEG\" class=\"rev-slidebg tp-rs-img rs-lazyload\" data-lazyload=\"\/\/octopus.tools\/wp-content\/\" data-parallax=\"off\" data-no-retina>\n\t\t\t\t\t\t\t<rs-bgvideo \n\t\t\t\t\t\t\t\tdata-video=\"w:100%;h:100%;nse:false;l:loopandnoslidestop;ptimer:false;vfc:true;do:2;\"\n\t\t\t\t\t\t\t\tdata-mp4=\"\/\/octopus.tools\/wp-content\/uploads\/2020\/03\/meg-bg.m4v\"\n\t\t\t\t\t\t\t><\/rs-bgvideo>\n<!--\n\t\t\t\t\t\t\t--><rs-layer\n\t\t\t\t\t\t\t\tid=\"slider-14-slide-400-layer-3\" \n\t\t\t\t\t\t\t\tclass=\"tp-shape tp-shapewrapper rs-pxl-3\"\n\t\t\t\t\t\t\t\tdata-type=\"shape\"\n\t\t\t\t\t\t\t\tdata-rsp_ch=\"on\"\n\t\t\t\t\t\t\t\tdata-xy=\"x:c;xo:0,-5px,-1px,0;yo:116px,95px,104px,81px;\"\n\t\t\t\t\t\t\t\tdata-dim=\"w:246px,243px,363px,208px;h:374px,322px,130px,262px;\"\n\t\t\t\t\t\t\t\tdata-border=\"bos:solid;boc:#f2f2f2;bow:1px,1px,1px,1px;bor:8px,8px,8px,8px;\"\n\t\t\t\t\t\t\t\tdata-frame_0=\"sX:0.8;sY:0.8;\"\n\t\t\t\t\t\t\t\tdata-frame_1=\"e:power4.out;st:1000;sp:1500;sR:1000;\"\n\t\t\t\t\t\t\t\tdata-frame_999=\"o:0;e:power4.in;st:w;sp:3000;sR:6500;\"\n\t\t\t\t\t\t\t\tstyle=\"z-index:14;background-color:#1e1e1e;\"\n\t\t\t\t\t\t\t> \n\t\t\t\t\t\t\t<\/rs-layer><!--\n\n\t\t\t\t\t\t\t--><rs-layer\n\t\t\t\t\t\t\t\tid=\"slider-14-slide-400-layer-4\" \n\t\t\t\t\t\t\t\tclass=\"Agency-SmallTitle rs-pxl-3\"\n\t\t\t\t\t\t\t\tdata-type=\"text\"\n\t\t\t\t\t\t\t\tdata-color=\"rgba(255, 255, 255, 1)\"\n\t\t\t\t\t\t\t\tdata-rsp_ch=\"on\"\n\t\t\t\t\t\t\t\tdata-xy=\"x:c;xo:1px,-4px,84px,1px;yo:351px,283px,143px,227px;\"\n\t\t\t\t\t\t\t\tdata-text=\"w:normal;s:41,40,42,31;l:30,22,22,22;ls:6px;a:center,center,left,center;\"\n\t\t\t\t\t\t\t\tdata-dim=\"w:195px,260px,260px,143px;\"\n\t\t\t\t\t\t\t\tdata-frame_0=\"y:-50px;\"\n\t\t\t\t\t\t\t\tdata-frame_1=\"e:power4.out;st:1500;sp:1000;sR:1500;\"\n\t\t\t\t\t\t\t\tdata-frame_999=\"o:0;e:power4.in;st:w;sp:3000;sR:6500;\"\n\t\t\t\t\t\t\t\tstyle=\"z-index:15;font-family:'Comfortaa';\"\n\t\t\t\t\t\t\t><span style=\"color:#7897a6;font-weight:700 !important;\">meg<\/span> \n\t\t\t\t\t\t\t<\/rs-layer><!--\n\n\t\t\t\t\t\t\t--><rs-layer\n\t\t\t\t\t\t\t\tid=\"slider-14-slide-400-layer-28\" \n\t\t\t\t\t\t\t\tclass=\"rs-pxl-3\"\n\t\t\t\t\t\t\t\tdata-type=\"image\"\n\t\t\t\t\t\t\t\tdata-rsp_ch=\"on\"\n\t\t\t\t\t\t\t\tdata-xy=\"x:c,c,c,l;xo:5px,-3px,-106px,199px;yo:157px,133px,129px,118px;\"\n\t\t\t\t\t\t\t\tdata-text=\"w:normal;l:22;a:inherit;\"\n\t\t\t\t\t\t\t\tdata-dim=\"w:165px,125px,83px,87px;h:165px,125px,83px,87px;\"\n\t\t\t\t\t\t\t\tdata-frame_0=\"y:-50px;\"\n\t\t\t\t\t\t\t\tdata-frame_1=\"e:power4.out;st:1700;sR:1700;\"\n\t\t\t\t\t\t\t\tdata-frame_999=\"o:0;e:power4.in;st:w;sR:7000;\"\n\t\t\t\t\t\t\t\tstyle=\"z-index:16;\"\n\t\t\t\t\t\t\t><img src=\"\/\/www.octopus.tools\/wp-content\/plugins\/revslider\/sr6\/assets\/assets\/dummy.png\" alt=\"\" class=\"tp-rs-img rs-lazyload\" data-lazyload=\"\/\/octopus.tools\/wp-content\/uploads\/2019\/08\/icon-meg-2.svg\" data-no-retina> \n\t\t\t\t\t\t\t<\/rs-layer><!--\n\n\t\t\t\t\t\t\t--><rs-layer\n\t\t\t\t\t\t\t\tid=\"slider-14-slide-400-layer-29\" \n\t\t\t\t\t\t\t\tclass=\"rs-pxl-3\"\n\t\t\t\t\t\t\t\tdata-type=\"text\"\n\t\t\t\t\t\t\t\tdata-rsp_ch=\"on\"\n\t\t\t\t\t\t\t\tdata-xy=\"x:c;xo:1px,-7px,108px,1px;yo:395px,326px,183px,267px;\"\n\t\t\t\t\t\t\t\tdata-text=\"w:normal;s:20,20,16,17;l:31,28,22,22;a:center,center,left,center;\"\n\t\t\t\t\t\t\t\tdata-dim=\"w:192px,192px,306px,158px;h:56px,56px,25px,auto;\"\n\t\t\t\t\t\t\t\tdata-frame_0=\"y:-50px;\"\n\t\t\t\t\t\t\t\tdata-frame_1=\"e:power4.out;st:2010;sR:2010;\"\n\t\t\t\t\t\t\t\tdata-frame_999=\"o:0;e:power4.in;st:w;sR:6690;\"\n\t\t\t\t\t\t\t\tstyle=\"z-index:17;font-family:'Comfortaa';\"\n\t\t\t\t\t\t\t>Syst\u00e8mes de connexion \n\t\t\t\t\t\t\t<\/rs-layer><!--\n\n\t\t\t\t\t\t\t--><rs-layer\n\t\t\t\t\t\t\t\tid=\"slider-14-slide-400-layer-30\" \n\t\t\t\t\t\t\t\tclass=\"rs-pxl-7\"\n\t\t\t\t\t\t\t\tdata-type=\"image\"\n\t\t\t\t\t\t\t\tdata-rsp_ch=\"on\"\n\t\t\t\t\t\t\t\tdata-xy=\"x:c;xo:-322px,-211px,-291px,-188px;y:m;yo:-92px,74px,-110px,-48px;\"\n\t\t\t\t\t\t\t\tdata-text=\"l:22;a:inherit;\"\n\t\t\t\t\t\t\t\tdata-dim=\"w:178px,88px,129px,78px;h:178px,88px,129px,78px;\"\n\t\t\t\t\t\t\t\tdata-frame_1=\"o:0.5;st:1990;sR:1990;blu:1px;\"\n\t\t\t\t\t\t\t\tdata-frame_999=\"o:0;st:w;sR:6710;\"\n\t\t\t\t\t\t\t\tdata-loop_0=\"oX:50;oY:50;\"\n\t\t\t\t\t\t\t\tdata-loop_999=\"rZ:-359;sp:10000;yym:t;yys:t;yyf:t;\"\n\t\t\t\t\t\t\t\tstyle=\"z-index:11;\"\n\t\t\t\t\t\t\t><img src=\"\/\/www.octopus.tools\/wp-content\/plugins\/revslider\/sr6\/assets\/assets\/dummy.png\" alt=\"\" class=\"tp-rs-img rs-lazyload\" data-lazyload=\"\/\/octopus.tools\/wp-content\/uploads\/2019\/08\/icon-meg-2.svg\" data-no-retina> \n\t\t\t\t\t\t\t<\/rs-layer><!--\n\n\t\t\t\t\t\t\t--><rs-layer\n\t\t\t\t\t\t\t\tid=\"slider-14-slide-400-layer-31\" \n\t\t\t\t\t\t\t\tclass=\"rs-pxl-7\"\n\t\t\t\t\t\t\t\tdata-type=\"image\"\n\t\t\t\t\t\t\t\tdata-rsp_ch=\"on\"\n\t\t\t\t\t\t\t\tdata-xy=\"x:c;xo:-245px,-118px,-159px,-169px;y:m;yo:25px,177px,-34px,-121px;\"\n\t\t\t\t\t\t\t\tdata-text=\"l:22;a:inherit;\"\n\t\t\t\t\t\t\t\tdata-dim=\"w:150px,106px,108px,62px;h:150px,106px,108px,62px;\"\n\t\t\t\t\t\t\t\tdata-blendmode=\"hard-light\"\n\t\t\t\t\t\t\t\tdata-frame_1=\"o:0.6;st:2140;sR:2140;blu:1px;\"\n\t\t\t\t\t\t\t\tdata-frame_999=\"o:0;st:w;sR:6560;\"\n\t\t\t\t\t\t\t\tdata-loop_0=\"oX:50;oY:50;\"\n\t\t\t\t\t\t\t\tdata-loop_999=\"rZ:359;sp:10000;yym:t;yys:t;yyf:t;\"\n\t\t\t\t\t\t\t\tstyle=\"z-index:12;\"\n\t\t\t\t\t\t\t><img src=\"\/\/www.octopus.tools\/wp-content\/plugins\/revslider\/sr6\/assets\/assets\/dummy.png\" alt=\"\" class=\"tp-rs-img rs-lazyload\" data-lazyload=\"\/\/octopus.tools\/wp-content\/uploads\/2019\/08\/icon-meg-2.svg\" data-no-retina> \n\t\t\t\t\t\t\t<\/rs-layer><!--\n\n\t\t\t\t\t\t\t--><rs-layer\n\t\t\t\t\t\t\t\tid=\"slider-14-slide-400-layer-32\" \n\t\t\t\t\t\t\t\tclass=\"rs-pxl-4\"\n\t\t\t\t\t\t\t\tdata-type=\"image\"\n\t\t\t\t\t\t\t\tdata-rsp_ch=\"on\"\n\t\t\t\t\t\t\t\tdata-xy=\"x:r;xo:209px,425px,303px,298px;y:m;yo:-39px,198px,-30px,14px;\"\n\t\t\t\t\t\t\t\tdata-text=\"l:22;a:inherit;\"\n\t\t\t\t\t\t\t\tdata-dim=\"w:353px,127px,183px,117px;h:353px,127px,183px,117px;\"\n\t\t\t\t\t\t\t\tdata-frame_1=\"o:0.5;st:2400;sR:2400;blu:1px;\"\n\t\t\t\t\t\t\t\tdata-frame_999=\"o:0;st:w;sR:6300;\"\n\t\t\t\t\t\t\t\tdata-loop_0=\"oX:50;oY:50;\"\n\t\t\t\t\t\t\t\tdata-loop_999=\"rZ:-359;sp:20000;yym:t;yys:t;yyf:t;\"\n\t\t\t\t\t\t\t\tstyle=\"z-index:13;\"\n\t\t\t\t\t\t\t><img src=\"\/\/www.octopus.tools\/wp-content\/plugins\/revslider\/sr6\/assets\/assets\/dummy.png\" alt=\"\" class=\"tp-rs-img rs-lazyload\" data-lazyload=\"\/\/octopus.tools\/wp-content\/uploads\/2019\/08\/icon-meg-2.svg\" data-no-retina> \n\t\t\t\t\t\t\t<\/rs-layer><!--\n\n\t\t\t\t\t\t\t--><rs-layer\n\t\t\t\t\t\t\t\tid=\"slider-14-slide-400-layer-33\" \n\t\t\t\t\t\t\t\tclass=\"rs-pxl-6\"\n\t\t\t\t\t\t\t\tdata-type=\"text\"\n\t\t\t\t\t\t\t\tdata-color=\"#7f99a5\"\n\t\t\t\t\t\t\t\tdata-rsp_ch=\"on\"\n\t\t\t\t\t\t\t\tdata-xy=\"xo:1019px,804px,589px,302px;yo:161px,155px,214px,219px;\"\n\t\t\t\t\t\t\t\tdata-text=\"s:50,50,50,56;l:50,50,50,56;fw:700;a:inherit;\"\n\t\t\t\t\t\t\t\tdata-dim=\"w:129px,129px,129px,143px;\"\n\t\t\t\t\t\t\t\tdata-padding=\"t:20,20,20,22;r:20,20,20,22;b:20,20,20,22;l:20,20,20,22;\"\n\t\t\t\t\t\t\t\tdata-border=\"bos:solid;boc:#7897a6;bow:10px,10px,10px,10px;\"\n\t\t\t\t\t\t\t\tdata-frame_0=\"rY:-20;rZ:4;oX:100%;oY:100%;oZ:100%;\"\n\t\t\t\t\t\t\t\tdata-frame_1=\"x:0,0,0,0px;y:0,0,0,0px;o:0.4;rY:-20;rZ:4;oX:100%;oY:100%;oZ:100%;st:2970;sR:2970;\"\n\t\t\t\t\t\t\t\tdata-frame_999=\"o:0;st:w;sR:5730;\"\n\t\t\t\t\t\t\t\tdata-loop_0=\"rZ:-20;oX:50;oY:50;\"\n\t\t\t\t\t\t\t\tdata-loop_999=\"rZ:20;sp:4000;yym:t;yyr:t;yys:t;yyf:t;\"\n\t\t\t\t\t\t\t\tstyle=\"z-index:5;background-color:rgba(10,10,10,0.5);font-family:'Impact', 'Charcoal', 'sans-serif';\"\n\t\t\t\t\t\t\t>API \n\t\t\t\t\t\t\t<\/rs-layer><!--\n\n\t\t\t\t\t\t\t--><rs-layer\n\t\t\t\t\t\t\t\tid=\"slider-14-slide-400-layer-34\" \n\t\t\t\t\t\t\t\tclass=\"rs-pxl-9\"\n\t\t\t\t\t\t\t\tdata-type=\"text\"\n\t\t\t\t\t\t\t\tdata-color=\"#7897a6\"\n\t\t\t\t\t\t\t\tdata-rsp_ch=\"on\"\n\t\t\t\t\t\t\t\tdata-xy=\"xo:157px,43px,19px,42px;yo:390px,360px,552px,490px;\"\n\t\t\t\t\t\t\t\tdata-text=\"s:50,50,38,32;l:50,50,38,32;fw:700;a:inherit;\"\n\t\t\t\t\t\t\t\tdata-dim=\"w:133px,133px,100px,84px;h:111px,111px,83px,70px;\"\n\t\t\t\t\t\t\t\tdata-padding=\"t:20,20,15,13;r:20,20,15,13;b:20,20,15,13;l:20,20,15,13;\"\n\t\t\t\t\t\t\t\tdata-border=\"bos:solid;boc:#7897a6;bow:10px,10px,10px,10px;\"\n\t\t\t\t\t\t\t\tdata-frame_0=\"z:-30;rY:-30;rZ:-12;tp:-700;\"\n\t\t\t\t\t\t\t\tdata-frame_1=\"x:0,0,0px,0px;y:0,0,0px,0px;z:-30;o:0.3;rY:-30;rZ:-12;tp:-700;st:2720;sR:2720;\"\n\t\t\t\t\t\t\t\tdata-frame_999=\"o:0;tp:-700;st:w;sR:5980;\"\n\t\t\t\t\t\t\t\tstyle=\"z-index:6;background-color:rgba(10,10,10,0.5);font-family:'Impact', 'Charcoal', 'sans-serif';\"\n\t\t\t\t\t\t\t>XML \n\t\t\t\t\t\t\t<\/rs-layer><!--\n\n\t\t\t\t\t\t\t--><rs-layer\n\t\t\t\t\t\t\t\tid=\"slider-14-slide-400-layer-35\" \n\t\t\t\t\t\t\t\tclass=\"rs-pxl-12\"\n\t\t\t\t\t\t\t\tdata-type=\"text\"\n\t\t\t\t\t\t\t\tdata-color=\"#7897a6\"\n\t\t\t\t\t\t\t\tdata-rsp_ch=\"on\"\n\t\t\t\t\t\t\t\tdata-xy=\"xo:967px,752px,449px,271px;yo:447px,409px,569px,525px;\"\n\t\t\t\t\t\t\t\tdata-text=\"s:50,48,48,38;l:50,48,48,38;fw:700;a:inherit;\"\n\t\t\t\t\t\t\t\tdata-dim=\"w:160px,152px,152px,120px;\"\n\t\t\t\t\t\t\t\tdata-padding=\"t:20,19,19,15;r:20,19,19,15;b:20,19,19,15;l:20,19,19,15;\"\n\t\t\t\t\t\t\t\tdata-border=\"bos:solid;boc:#7897a6;bow:10px,10px,10px,10px;\"\n\t\t\t\t\t\t\t\tdata-frame_0=\"z:20;rY:-23;rZ:22;oX:100%;oY:100%;oZ:100%;tp:700;\"\n\t\t\t\t\t\t\t\tdata-frame_1=\"x:0,0px,0px,0px;y:0,0px,0px,0px;z:20;o:0.3;rY:-23;rZ:22;oX:100%;oY:100%;oZ:100%;tp:700;st:2580;sR:2580;\"\n\t\t\t\t\t\t\t\tdata-frame_999=\"o:0;tp:700;st:w;sR:6120;\"\n\t\t\t\t\t\t\t\tdata-loop_0=\"y:10;\"\n\t\t\t\t\t\t\t\tdata-loop_999=\"sp:4000;e:power4.inOut;yym:t;yys:t;yyf:t;\"\n\t\t\t\t\t\t\t\tstyle=\"z-index:7;background-color:rgba(10,10,10,0.5);font-family:'Impact', 'Charcoal', 'sans-serif';\"\n\t\t\t\t\t\t\t>SOAP \n\t\t\t\t\t\t\t<\/rs-layer><!--\n\n\t\t\t\t\t\t\t--><span\n\t\t\t\t\t\t\t\tid=\"slider-14-slide-400-layer-36\" \n\t\t\t\t\t\t\t\tclass=\"rs-layer rs-pxl-8\"\n\t\t\t\t\t\t\t\tdata-type=\"text\"\n\t\t\t\t\t\t\t\tdata-color=\"#7897a6\"\n\t\t\t\t\t\t\t\tdata-rsp_ch=\"on\"\n\t\t\t\t\t\t\t\tdata-xy=\"x:c;xo:-314px,-258px,-266px,-144px;y:m;yo:-215px,-180px,-253px,-189px;\"\n\t\t\t\t\t\t\t\tdata-text=\"s:50,50,38,25;l:50,50,38,25;fw:700;\"\n\t\t\t\t\t\t\t\tdata-dim=\"w:163px,163px,122px,82px;\"\n\t\t\t\t\t\t\t\tdata-margin=\"t:10;r:10;b:10;l:10;\"\n\t\t\t\t\t\t\t\tdata-padding=\"t:20,20,15,10;r:20,20,15,10;b:20,20,15,10;l:20,20,15,10;\"\n\t\t\t\t\t\t\t\tdata-border=\"bos:solid;boc:#7897a6;bow:10px,10px,10px,10px;\"\n\t\t\t\t\t\t\t\tdata-frame_0=\"rY:40;rZ:16;oX:100%;oY:100%;oZ:100%;\"\n\t\t\t\t\t\t\t\tdata-frame_1=\"x:0,0,0px,0px;y:0,0,0px,0px;o:0.3;rY:40;rZ:16;oX:100%;oY:100%;oZ:100%;st:2380;sR:2380;\"\n\t\t\t\t\t\t\t\tdata-frame_999=\"o:0;st:w;sR:6320;\"\n\t\t\t\t\t\t\t\tdata-loop_0=\"xR:10;yR:10;oX:50;oY:50;\"\n\t\t\t\t\t\t\t\tdata-loop_999=\"xR:10;yR:10;crd:t;sp:8000;yys:t;yyf:t;\"\n\t\t\t\t\t\t\t\tstyle=\"z-index:8;background-color:rgba(10,10,10,0.5);font-family:'Impact', 'Charcoal', 'sans-serif';\"\n\t\t\t\t\t\t\t>REST \n\t\t\t\t\t\t\t<\/span><!--\n\n\t\t\t\t\t\t\t--><rs-layer\n\t\t\t\t\t\t\t\tid=\"slider-14-slide-400-layer-37\" \n\t\t\t\t\t\t\t\tclass=\"rs-pxl-5\"\n\t\t\t\t\t\t\t\tdata-type=\"text\"\n\t\t\t\t\t\t\t\tdata-color=\"#7897a6\"\n\t\t\t\t\t\t\t\tdata-rsp_ch=\"on\"\n\t\t\t\t\t\t\t\tdata-xy=\"xo:400px,1316px,270px,169px;yo:447px,390px,463px,418px;\"\n\t\t\t\t\t\t\t\tdata-text=\"s:50,50,42,38;l:50,50,42,38;fw:700;a:inherit;\"\n\t\t\t\t\t\t\t\tdata-dim=\"w:166px,166px,139px,125px;h:111px,111px,93px,83px;\"\n\t\t\t\t\t\t\t\tdata-padding=\"t:20,20,17,15;r:20,20,17,15;b:20,20,17,15;l:20,20,17,15;\"\n\t\t\t\t\t\t\t\tdata-border=\"bos:solid;boc:#7897a6;bow:10px,10px,10px,10px;\"\n\t\t\t\t\t\t\t\tdata-frame_0=\"z:100;rZ:-14;tp:-200;\"\n\t\t\t\t\t\t\t\tdata-frame_1=\"x:0,0,0px,0px;y:0,0,0px,0px;z:100;o:0.3;rZ:-14;tp:-200;st:2170;sR:2170;\"\n\t\t\t\t\t\t\t\tdata-frame_999=\"o:0;tp:-200;st:w;sR:6530;\"\n\t\t\t\t\t\t\t\tdata-loop_999=\"sX:1.2;sY:1.2;sp:4000;yym:t;yys:t;yyf:t;\"\n\t\t\t\t\t\t\t\tstyle=\"z-index:9;background-color:rgba(10,10,10,0.5);font-family:'Impact', 'Charcoal', 'sans-serif';\"\n\t\t\t\t\t\t\t>JSON \n\t\t\t\t\t\t\t<\/rs-layer><!--\n\n\t\t\t\t\t\t\t--><rs-layer\n\t\t\t\t\t\t\t\tid=\"slider-14-slide-400-layer-38\" \n\t\t\t\t\t\t\t\tclass=\"rs-pxl-4\"\n\t\t\t\t\t\t\t\tdata-type=\"image\"\n\t\t\t\t\t\t\t\tdata-rsp_ch=\"on\"\n\t\t\t\t\t\t\t\tdata-xy=\"x:r;xo:145px,145px,291px,231px;y:m;yo:-319px,-319px,-341px,-291px;\"\n\t\t\t\t\t\t\t\tdata-text=\"l:22;a:inherit;\"\n\t\t\t\t\t\t\t\tdata-dim=\"w:317px,317px,317px,161px;h:317px,317px,317px,161px;\"\n\t\t\t\t\t\t\t\tdata-frame_1=\"o:0.5;st:2400;sR:2400;bri:50%;blu:1px;\"\n\t\t\t\t\t\t\t\tdata-frame_999=\"o:0;st:w;sR:6300;\"\n\t\t\t\t\t\t\t\tdata-loop_0=\"oX:50;oY:50;\"\n\t\t\t\t\t\t\t\tdata-loop_999=\"rZ:359;sp:20000;yym:t;yys:t;yyf:t;\"\n\t\t\t\t\t\t\t\tstyle=\"z-index:10;\"\n\t\t\t\t\t\t\t><img src=\"\/\/www.octopus.tools\/wp-content\/plugins\/revslider\/sr6\/assets\/assets\/dummy.png\" alt=\"\" class=\"tp-rs-img rs-lazyload\" width=\"101\" height=\"101\" data-lazyload=\"\/\/octopus.tools\/wp-content\/uploads\/revslider\/parallax-hero\/particle.png\" data-no-retina> \n\t\t\t\t\t\t\t<\/rs-layer><!--\n-->\t\t\t\t\t<\/rs-slide>\n\t\t\t\t\t<\/rs-slides>\n\t\t\t\t<\/rs-module>\n\t\t\t\t<script>\n\t\t\t\t\tsetREVStartSize({c: 'rev_slider_14_1',rl:[1240,1024,778,480],el:[650,550,700,640],gw:[1240,1024,778,480],gh:[650,550,700,640],type:'standard',justify:'',layout:'fullwidth',mh:\"0\"});if (window.RS_MODULES!==undefined && window.RS_MODULES.modules!==undefined && window.RS_MODULES.modules[\"revslider141\"]!==undefined) {window.RS_MODULES.modules[\"revslider141\"].once = false;window.revapi14 = undefined;if (window.RS_MODULES.checkMinimal!==undefined) window.RS_MODULES.checkMinimal()}\n\t\t\t\t<\/script>\n\t\t\t<\/rs-module-wrap>\n\t\t\t<!-- END REVOLUTION SLIDER -->\n[vc_empty_space height=\u00a0\u00bb40px\u00a0\u00bb]<style>.vcex-heading.vcex_69de648beaae6 .vcex-heading-inner{border-color:#fc9a00;}.vcex-heading.vcex_69de648beaae6{border-color:#e2e2e2;}<\/style><h2 class=\"vcex-heading vcex-heading-bottom-border-w-color vcex-module wpex-heading wpex-text-2xl wpex-border-b-2 wpex-border-solid wpex-border-main vcex_69de648beaae6\"><span class=\"vcex-heading-inner wpex-inline-block wpex-relative wpex-pb-5 wpex-border-b-2 wpex-border-solid wpex-border-accent\">Connectez-vous<\/span><\/h2>[vc_empty_space height=\u00a0\u00bb20px\u00a0\u00bb][vc_column_text]Si vous avez des volumes \u00e9lev\u00e9s et vous aimez les processus automatis\u00e9s, vous pouvez transf\u00e9rer et recevoir vos photos automatiquement en connectant votre syst\u00e8me \u00e0 Octopus via l&rsquo;API MEG RESTful. Le MEG Connector [qui est un sous-module de l&rsquo;API MEG] est capable de connecter et de synchroniser des fichiers entre Dropbox, FTP, clouds, etc., et Octopus. L&rsquo;API MEG peut \u00e9galement \u00eatre combin\u00e9e avec les autres modules. De cette fa\u00e7on, le Piranha ou l&rsquo;Orca peut charger toutes les voitures qui doivent \u00eatre photographi\u00e9es et les r\u00e9pertorier. Il ne sera donc pas n\u00e9cessaire de saisir manuellement un identifiant de v\u00e9hicule ou en le scannant et les images trait\u00e9es seront automatiquement cartographi\u00e9es.[\/vc_column_text][\/vc_column][\/vc_row][vc_row full_width=\u00a0\u00bbstretch_row\u00a0\u00bb][vc_column][vc_single_image image=\u00a0\u00bb9856&Prime;][\/vc_column][\/vc_row]\n<\/div>","protected":false},"excerpt":{"rendered":"<p>[vc_row full_width=\u00a0\u00bbstretch_row\u00a0\u00bb][vc_column][vc_empty_space height=\u00a0\u00bb40px\u00a0\u00bb][vc_empty_space height=\u00a0\u00bb20px\u00a0\u00bb][vc_column_text]Si vous avez des volumes \u00e9lev\u00e9s et vous aimez les processus automatis\u00e9s, vous pouvez transf\u00e9rer et recevoir vos photos automatiquement en connectant votre syst\u00e8me \u00e0 Octopus via l&rsquo;API MEG RESTful. Le MEG Connector [qui est un sous-module de l&rsquo;API MEG] est capable de connecter et de synchroniser des fichiers entre Dropbox, FTP,&hellip;<\/p>\n","protected":false},"author":1,"featured_media":0,"parent":0,"menu_order":0,"comment_status":"closed","ping_status":"closed","template":"","meta":{"content-type":"","inline_featured_image":false,"footnotes":""},"class_list":["post-9847","page","type-page","status-publish","hentry","entry","no-media"],"yoast_head":"<!-- This site is optimized with the Yoast SEO plugin v24.0 - https:\/\/yoast.com\/wordpress\/plugins\/seo\/ -->\n<title>MEG - Octopus tools - automotive imagery solutions<\/title>\n<meta name=\"robots\" content=\"index, follow, max-snippet:-1, max-image-preview:large, max-video-preview:-1\" \/>\n<link rel=\"canonical\" href=\"https:\/\/www.octopus.tools\/fr\/meg\/\" \/>\n<meta property=\"og:locale\" content=\"fr_FR\" \/>\n<meta property=\"og:type\" content=\"article\" \/>\n<meta property=\"og:title\" content=\"MEG - Octopus tools - automotive imagery solutions\" \/>\n<meta property=\"og:description\" content=\"[vc_row full_width=\u00a0\u00bbstretch_row\u00a0\u00bb][vc_column][vc_empty_space height=\u00a0\u00bb40px\u00a0\u00bb][vc_empty_space height=\u00a0\u00bb20px\u00a0\u00bb][vc_column_text]Si vous avez des volumes \u00e9lev\u00e9s et vous aimez les processus automatis\u00e9s, vous pouvez transf\u00e9rer et recevoir vos photos automatiquement en connectant votre syst\u00e8me \u00e0 Octopus via l&rsquo;API MEG RESTful. Le MEG Connector [qui est un sous-module de l&rsquo;API MEG] est capable de connecter et de synchroniser des fichiers entre Dropbox, FTP,&hellip;\" \/>\n<meta property=\"og:url\" content=\"https:\/\/www.octopus.tools\/fr\/meg\/\" \/>\n<meta property=\"og:site_name\" content=\"Octopus tools - automotive imagery solutions\" \/>\n<meta property=\"article:publisher\" content=\"https:\/\/www.facebook.com\/yoozoo.de\" \/>\n<meta property=\"article:modified_time\" content=\"2021-03-25T09:29:02+00:00\" \/>\n<meta property=\"og:image\" content=\"https:\/\/www.octopus.tools\/wp-content\/uploads\/2018\/04\/social-share-thumb.jpg\" \/>\n\t<meta property=\"og:image:width\" content=\"900\" \/>\n\t<meta property=\"og:image:height\" content=\"900\" \/>\n\t<meta property=\"og:image:type\" content=\"image\/jpeg\" \/>\n<meta name=\"twitter:card\" content=\"summary_large_image\" \/>\n<meta name=\"twitter:site\" content=\"@yoozoo_de\" \/>\n<meta name=\"twitter:label1\" content=\"Dur\u00e9e de lecture estim\u00e9e\" \/>\n\t<meta name=\"twitter:data1\" content=\"1 minute\" \/>\n<script type=\"application\/ld+json\" class=\"yoast-schema-graph\">{\"@context\":\"https:\/\/schema.org\",\"@graph\":[{\"@type\":\"WebPage\",\"@id\":\"https:\/\/www.octopus.tools\/fr\/meg\/\",\"url\":\"https:\/\/www.octopus.tools\/fr\/meg\/\",\"name\":\"MEG - Octopus tools - automotive imagery solutions\",\"isPartOf\":{\"@id\":\"https:\/\/www.octopus.tools\/fr\/#website\"},\"datePublished\":\"2021-03-23T12:06:32+00:00\",\"dateModified\":\"2021-03-25T09:29:02+00:00\",\"breadcrumb\":{\"@id\":\"https:\/\/www.octopus.tools\/fr\/meg\/#breadcrumb\"},\"inLanguage\":\"fr-FR\",\"potentialAction\":[{\"@type\":\"ReadAction\",\"target\":[\"https:\/\/www.octopus.tools\/fr\/meg\/\"]}]},{\"@type\":\"BreadcrumbList\",\"@id\":\"https:\/\/www.octopus.tools\/fr\/meg\/#breadcrumb\",\"itemListElement\":[{\"@type\":\"ListItem\",\"position\":1,\"name\":\"Home\",\"item\":\"https:\/\/www.octopus.tools\/fr\/\"},{\"@type\":\"ListItem\",\"position\":2,\"name\":\"MEG\"}]},{\"@type\":\"WebSite\",\"@id\":\"https:\/\/www.octopus.tools\/fr\/#website\",\"url\":\"https:\/\/www.octopus.tools\/fr\/\",\"name\":\"Octopus tools - automotive imagery solutions\",\"description\":\"yoozoo GmbH software\",\"publisher\":{\"@id\":\"https:\/\/www.octopus.tools\/fr\/#organization\"},\"potentialAction\":[{\"@type\":\"SearchAction\",\"target\":{\"@type\":\"EntryPoint\",\"urlTemplate\":\"https:\/\/www.octopus.tools\/fr\/?s={search_term_string}\"},\"query-input\":{\"@type\":\"PropertyValueSpecification\",\"valueRequired\":true,\"valueName\":\"search_term_string\"}}],\"inLanguage\":\"fr-FR\"},{\"@type\":\"Organization\",\"@id\":\"https:\/\/www.octopus.tools\/fr\/#organization\",\"name\":\"Octopus.tools [by yoozoo GmbH]\",\"url\":\"https:\/\/www.octopus.tools\/fr\/\",\"logo\":{\"@type\":\"ImageObject\",\"inLanguage\":\"fr-FR\",\"@id\":\"https:\/\/www.octopus.tools\/fr\/#\/schema\/logo\/image\/\",\"url\":\"https:\/\/www.octopus.tools\/wp-content\/uploads\/2018\/02\/website-octopus-tools-08.svg\",\"contentUrl\":\"https:\/\/www.octopus.tools\/wp-content\/uploads\/2018\/02\/website-octopus-tools-08.svg\",\"caption\":\"Octopus.tools [by yoozoo GmbH]\"},\"image\":{\"@id\":\"https:\/\/www.octopus.tools\/fr\/#\/schema\/logo\/image\/\"},\"sameAs\":[\"https:\/\/www.facebook.com\/yoozoo.de\",\"https:\/\/x.com\/yoozoo_de\"]}]}<\/script>\n<!-- \/ Yoast SEO plugin. -->","yoast_head_json":{"title":"MEG - Octopus tools - automotive imagery solutions","robots":{"index":"index","follow":"follow","max-snippet":"max-snippet:-1","max-image-preview":"max-image-preview:large","max-video-preview":"max-video-preview:-1"},"canonical":"https:\/\/www.octopus.tools\/fr\/meg\/","og_locale":"fr_FR","og_type":"article","og_title":"MEG - Octopus tools - automotive imagery solutions","og_description":"[vc_row full_width=\u00a0\u00bbstretch_row\u00a0\u00bb][vc_column][vc_empty_space height=\u00a0\u00bb40px\u00a0\u00bb][vc_empty_space height=\u00a0\u00bb20px\u00a0\u00bb][vc_column_text]Si vous avez des volumes \u00e9lev\u00e9s et vous aimez les processus automatis\u00e9s, vous pouvez transf\u00e9rer et recevoir vos photos automatiquement en connectant votre syst\u00e8me \u00e0 Octopus via l&rsquo;API MEG RESTful. Le MEG Connector [qui est un sous-module de l&rsquo;API MEG] est capable de connecter et de synchroniser des fichiers entre Dropbox, FTP,&hellip;","og_url":"https:\/\/www.octopus.tools\/fr\/meg\/","og_site_name":"Octopus tools - automotive imagery solutions","article_publisher":"https:\/\/www.facebook.com\/yoozoo.de","article_modified_time":"2021-03-25T09:29:02+00:00","og_image":[{"width":900,"height":900,"url":"https:\/\/www.octopus.tools\/wp-content\/uploads\/2018\/04\/social-share-thumb.jpg","type":"image\/jpeg"}],"twitter_card":"summary_large_image","twitter_site":"@yoozoo_de","twitter_misc":{"Dur\u00e9e de lecture estim\u00e9e":"1 minute"},"schema":{"@context":"https:\/\/schema.org","@graph":[{"@type":"WebPage","@id":"https:\/\/www.octopus.tools\/fr\/meg\/","url":"https:\/\/www.octopus.tools\/fr\/meg\/","name":"MEG - Octopus tools - automotive imagery solutions","isPartOf":{"@id":"https:\/\/www.octopus.tools\/fr\/#website"},"datePublished":"2021-03-23T12:06:32+00:00","dateModified":"2021-03-25T09:29:02+00:00","breadcrumb":{"@id":"https:\/\/www.octopus.tools\/fr\/meg\/#breadcrumb"},"inLanguage":"fr-FR","potentialAction":[{"@type":"ReadAction","target":["https:\/\/www.octopus.tools\/fr\/meg\/"]}]},{"@type":"BreadcrumbList","@id":"https:\/\/www.octopus.tools\/fr\/meg\/#breadcrumb","itemListElement":[{"@type":"ListItem","position":1,"name":"Home","item":"https:\/\/www.octopus.tools\/fr\/"},{"@type":"ListItem","position":2,"name":"MEG"}]},{"@type":"WebSite","@id":"https:\/\/www.octopus.tools\/fr\/#website","url":"https:\/\/www.octopus.tools\/fr\/","name":"Octopus tools - automotive imagery solutions","description":"yoozoo GmbH software","publisher":{"@id":"https:\/\/www.octopus.tools\/fr\/#organization"},"potentialAction":[{"@type":"SearchAction","target":{"@type":"EntryPoint","urlTemplate":"https:\/\/www.octopus.tools\/fr\/?s={search_term_string}"},"query-input":{"@type":"PropertyValueSpecification","valueRequired":true,"valueName":"search_term_string"}}],"inLanguage":"fr-FR"},{"@type":"Organization","@id":"https:\/\/www.octopus.tools\/fr\/#organization","name":"Octopus.tools [by yoozoo GmbH]","url":"https:\/\/www.octopus.tools\/fr\/","logo":{"@type":"ImageObject","inLanguage":"fr-FR","@id":"https:\/\/www.octopus.tools\/fr\/#\/schema\/logo\/image\/","url":"https:\/\/www.octopus.tools\/wp-content\/uploads\/2018\/02\/website-octopus-tools-08.svg","contentUrl":"https:\/\/www.octopus.tools\/wp-content\/uploads\/2018\/02\/website-octopus-tools-08.svg","caption":"Octopus.tools [by yoozoo GmbH]"},"image":{"@id":"https:\/\/www.octopus.tools\/fr\/#\/schema\/logo\/image\/"},"sameAs":["https:\/\/www.facebook.com\/yoozoo.de","https:\/\/x.com\/yoozoo_de"]}]}},"_links":{"self":[{"href":"https:\/\/www.octopus.tools\/fr\/wp-json\/wp\/v2\/pages\/9847","targetHints":{"allow":["GET"]}}],"collection":[{"href":"https:\/\/www.octopus.tools\/fr\/wp-json\/wp\/v2\/pages"}],"about":[{"href":"https:\/\/www.octopus.tools\/fr\/wp-json\/wp\/v2\/types\/page"}],"author":[{"embeddable":true,"href":"https:\/\/www.octopus.tools\/fr\/wp-json\/wp\/v2\/users\/1"}],"replies":[{"embeddable":true,"href":"https:\/\/www.octopus.tools\/fr\/wp-json\/wp\/v2\/comments?post=9847"}],"version-history":[{"count":0,"href":"https:\/\/www.octopus.tools\/fr\/wp-json\/wp\/v2\/pages\/9847\/revisions"}],"wp:attachment":[{"href":"https:\/\/www.octopus.tools\/fr\/wp-json\/wp\/v2\/media?parent=9847"}],"curies":[{"name":"wp","href":"https:\/\/api.w.org\/{rel}","templated":true}]}}