{"id":9863,"date":"2021-03-23T12:15:27","date_gmt":"2021-03-23T12:15:27","guid":{"rendered":"https:\/\/octopus.tools\/orca\/"},"modified":"2023-09-12T12:44:35","modified_gmt":"2023-09-12T11:44:35","slug":"orca","status":"publish","type":"page","link":"https:\/\/www.octopus.tools\/fr\/orca\/","title":{"rendered":"Orca"},"content":{"rendered":"<div class=\"wpb-content-wrapper\">[vc_row full_width=\u00a0\u00bbstretch_row\u00a0\u00bb gap=\u00a0\u00bb20&Prime; equal_height=\u00a0\u00bbyes\u00a0\u00bb css=\u00a0\u00bb.vc_custom_1523489545106{padding-top: 40px !important;background-color: #1e1e1e !important;}\u00a0\u00bb][vc_column width=\u00a0\u00bb1\/3&Prime; css=\u00a0\u00bb.vc_custom_1523489613380{border-top-width: 1px !important;border-right-width: 1px !important;border-bottom-width: 1px !important;border-left-width: 1px !important;background-color: #232323 !important;border-left-color: #f1f1f1 !important;border-left-style: solid !important;border-right-color: #f1f1f1 !important;border-right-style: solid !important;border-top-color: #f1f1f1 !important;border-top-style: solid !important;border-bottom-color: #f1f1f1 !important;border-bottom-style: solid !important;border-radius: 5px !important;}\u00a0\u00bb]<div class=\"vcex-module vcex-icon-box vcex-icon-box-four wpex-block wpex-text-center wpex-p-30 wpex-bordered vc_custom_1694519038100\"><div class=\"vcex-icon-box-symbol wpex-mb-20\" style=\"margin-bottom:10px;\"><div class=\"vcex-icon-box-icon wpex-inline-flex wpex-items-center wpex-justify-center wpex-child-inherit-color wpex-text-center wpex-leading-none wpex-text-1\" style=\"color:#586773;font-size:30px;\"><span class=\"ticon ticon-check-square\" aria-hidden=\"true\"><\/span><\/div><\/div><div class=\"vcex-icon-box-text\"><h1 class=\"vcex-icon-box-heading wpex-heading\" style=\"color:#f2f2f2;--wpex-hover-heading-link-color:#f2f2f2;font-size:25px;margin-bottom:0px;text-transform:none;\">Simple<\/h1><div class=\"vcex-icon-box-content wpex-last-mb-0 wpex-clr\" style=\"color:#f2f2f2;\"><p>T\u00e9l\u00e9verser, renommer, trier et t\u00e9l\u00e9charger facilement vos photos. L&rsquo;Orca prend en charge le glisser-d\u00e9poser.<\/p>\n<\/div><\/div><\/div>[\/vc_column][vc_column width=\u00a0\u00bb1\/3&Prime; css=\u00a0\u00bb.vc_custom_1523489635351{border-top-width: 1px !important;border-right-width: 1px !important;border-bottom-width: 1px !important;border-left-width: 1px !important;background-color: #232323 !important;border-left-color: #f1f1f1 !important;border-left-style: solid !important;border-right-color: #f1f1f1 !important;border-right-style: solid !important;border-top-color: #f1f1f1 !important;border-top-style: solid !important;border-bottom-color: #f1f1f1 !important;border-bottom-style: solid !important;border-radius: 5px !important;}\u00a0\u00bb]<div class=\"vcex-module vcex-icon-box vcex-icon-box-four wpex-block wpex-text-center wpex-p-30 wpex-bordered vc_custom_1694519051556\"><div class=\"vcex-icon-box-symbol wpex-mb-20\" style=\"margin-bottom:10px;\"><div class=\"vcex-icon-box-icon wpex-inline-flex wpex-items-center wpex-justify-center wpex-child-inherit-color wpex-text-center wpex-leading-none wpex-text-1\" style=\"color:#586773;font-size:30px;\"><span class=\"ticon ticon-check-square\" aria-hidden=\"true\"><\/span><\/div><\/div><div class=\"vcex-icon-box-text\"><h1 class=\"vcex-icon-box-heading wpex-heading\" style=\"color:#f2f2f2;--wpex-hover-heading-link-color:#f2f2f2;font-size:25px;margin-bottom:0px;text-transform:none;\">Transparent<\/h1><div class=\"vcex-icon-box-content wpex-last-mb-0 wpex-clr\" style=\"color:#f2f2f2;\"><p>Chaque ensemble de photos t\u00e9l\u00e9vers\u00e9 poss\u00e8de son propre minuteur afin que vous sachiez toujours quand vos photos seront pr\u00eates.<\/p>\n<\/div><\/div><\/div>[\/vc_column][vc_column width=\u00a0\u00bb1\/3&Prime; css=\u00a0\u00bb.vc_custom_1523489502162{background-color: #232323 !important;border: 1px solid #f1f1f1 !important;border-radius: 5px !important;}\u00a0\u00bb]<div class=\"vcex-module vcex-icon-box vcex-icon-box-four wpex-block wpex-text-center wpex-p-30 wpex-bordered vc_custom_1694519062060\"><div class=\"vcex-icon-box-symbol wpex-mb-20\" style=\"margin-bottom:10px;\"><div class=\"vcex-icon-box-icon wpex-inline-flex wpex-items-center wpex-justify-center wpex-child-inherit-color wpex-text-center wpex-leading-none wpex-text-1\" style=\"color:#586773;font-size:30px;\"><span class=\"ticon ticon-check-square\" aria-hidden=\"true\"><\/span><\/div><\/div><div class=\"vcex-icon-box-text\"><h1 class=\"vcex-icon-box-heading wpex-heading\" style=\"color:#f2f2f2;--wpex-hover-heading-link-color:#f2f2f2;font-size:25px;margin-bottom:0px;text-transform:none;\">Bas\u00e9 sur le Web<\/h1><div class=\"vcex-icon-box-content wpex-last-mb-0 wpex-clr\" style=\"color:#f2f2f2;\"><p>T\u00e9l\u00e9verser, g\u00e9rer et t\u00e9l\u00e9charger facilement vos photos \u00e0 tout moment de partout.<\/p>\n<\/div><\/div><\/div>[\/vc_column][\/vc_row][vc_row full_width=\u00a0\u00bbstretch_row\u00a0\u00bb css=\u00a0\u00bb.vc_custom_1523546785060{background-color: #3d3d3d !important;}\u00a0\u00bb][vc_column][vc_empty_space height=\u00a0\u00bb40px\u00a0\u00bb]<style>.vcex-heading.vcex_69eb8453744e4 .vcex-heading-inner{border-color:#fc9a00;}.vcex-heading.vcex_69eb8453744e4{border-color:#e2e2e2;}<\/style><h2 class=\"vcex-heading vcex-heading-bottom-border-w-color vcex-module wpex-heading wpex-text-2xl wpex-border-b-2 wpex-border-solid wpex-border-main vcex_69eb8453744e4\"><span class=\"vcex-heading-inner wpex-inline-block wpex-relative wpex-pb-5 wpex-border-b-2 wpex-border-solid wpex-border-accent\">Qu'est-ce que c'est l'Orca ?<\/span><\/h2>[vc_empty_space height=\u00a0\u00bb20px\u00a0\u00bb][vc_column_text]\n<p>L&rsquo;Orca est l&rsquo;alternative Web \u00e0 <a href=\"https:\/\/www.octopus.tools\/fr\/piranha\/\">Piranha app<\/a>. l est utilis\u00e9 lorsque les appareils photo num\u00e9riques sont utilis\u00e9s pour prendre des photos au lieu des smartphones. Il vous permet de t\u00e9l\u00e9verserer et de g\u00e9rer [trier, renommer] confortablement les photos de votre v\u00e9hicule.<\/p>\n<p>Apr\u00e8s une rapide validation automatis\u00e9e [nombre de photos, tailles], vous pouvez soumettre les photos pour retouche.<\/p>\n<p>Toutes les commandes sont r\u00e9pertori\u00e9es dans la section \u00a0\u00bb Commandes \u00a0\u00bb avec leur d\u00e9lai de livraison. Une fois les images trait\u00e9es, elles passeront \u00e0 la section \u00a0\u00bb Termin\u00e9 et pr\u00eat pour le t\u00e9l\u00e9chargement \u00ab\u00a0.<\/p>\n[\/vc_column_text][\/vc_column][\/vc_row][vc_row][vc_column][vc_empty_space height=\u00a0\u00bb40px\u00a0\u00bb]<style>.vcex-heading.vcex_69eb845374942 .vcex-heading-inner{border-color:#fc9a00;}.vcex-heading.vcex_69eb845374942{border-color:#e2e2e2;}<\/style><h2 class=\"vcex-heading vcex-heading-bottom-border-w-color vcex-module wpex-heading wpex-text-2xl wpex-border-b-2 wpex-border-solid wpex-border-main vcex_69eb845374942\"><span class=\"vcex-heading-inner wpex-inline-block wpex-relative wpex-pb-5 wpex-border-b-2 wpex-border-solid wpex-border-accent\">Flux de travail<\/span><\/h2>[vc_empty_space height=\u00a0\u00bb20px\u00a0\u00bb][vc_tta_tour style=\u00a0\u00bbflat\u00a0\u00bb spacing=\u00a0\u00bb5&Prime; autoplay=\u00a0\u00bb3&Prime; active_section=\u00a0\u00bb1&Prime; el_class=\u00a0\u00bbnorbert\u00a0\u00bb][vc_tta_section title=\u00a0\u00bb1. Transf\u00e9rer vos images sur votre ordinateur\u00a0\u00bb tab_id=\u00a0\u00bb1519773896367-69dd6635-2110&Prime;][vc_column_text]\n<p>Prenez les images de votre voiture et transf\u00e9rez-les sur votre ordinateur. Vous n&rsquo;avez pas besoin de faire de tri \u00e0 l&rsquo;avance.<\/p>\n[\/vc_column_text][vc_single_image image=\u00a0\u00bb9882&Prime; css=\u00a0\u00bb.vc_custom_1520618964016{padding-top: 20px !important;}\u00a0\u00bb][\/vc_tta_section][vc_tta_section title=\u00a0\u00bb2. Connecter \u00e0 orca\u00a0\u00bb tab_id=\u00a0\u00bb1519773896388-95d25cf1-4e42&Prime;][vc_column_text]\n<p>Connectez-vous \u00e0 Orca avec les informations d&rsquo;identification que vous avez re\u00e7ues de notre part<\/p>\n[\/vc_column_text][vc_single_image image=\u00a0\u00bb9881&Prime; css=\u00a0\u00bb.vc_custom_1520619001196{padding-top: 20px !important;}\u00a0\u00bb][\/vc_tta_section][vc_tta_section title=\u00a0\u00bb3. S\u00e9lectionner votre produit\u00a0\u00bb tab_id=\u00a0\u00bb1519773922184-bd0ac028-5462&Prime;][vc_column_text]\n<p>Choisissez celui que vous souhaitez parmi vos produits. Le produit contient toutes les informations, telles que le nombre de photos, la r\u00e9solution des photos et fond d&rsquo;\u00e9cran s\u00e9lectionn\u00e9.<\/p>\n[\/vc_column_text][vc_single_image image=\u00a0\u00bb9880&Prime; css=\u00a0\u00bb.vc_custom_1520619019327{padding-top: 20px !important;}\u00a0\u00bb][\/vc_tta_section][vc_tta_section title=\u00a0\u00bb4. T\u00e9l\u00e9verser des photos\u00a0\u00bb tab_id=\u00a0\u00bb1519775004421-68eb5de0-830e\u00a0\u00bb][vc_column_text]\n<p>T\u00e9l\u00e9versez vos photo simplement en utilisant le glisser-d\u00e9poser. Pendant le t\u00e9l\u00e9versement, les photos sont v\u00e9rifi\u00e9es si elles peuvent \u00eatre trait\u00e9es. Toutes les photos qui vont ensemble seront r\u00e9sum\u00e9es dans un ensemble de m\u00e9dias.<\/p>\n[\/vc_column_text][vc_single_image image=\u00a0\u00bb9879&Prime; css=\u00a0\u00bb.vc_custom_1520619051177{padding-top: 20px !important;}\u00a0\u00bb][\/vc_tta_section][vc_tta_section title=\u00a0\u00bb5. Renommer l&rsquo;ensemble de m\u00e9dias\u00a0\u00bb tab_id=\u00a0\u00bb1519773923174-69e6c33d-f2a9&Prime;][vc_column_text]\n<p>Si n\u00e9cessaire, vous pouvez maintenant renommer votre ensemble de m\u00e9dias. Toutes les photos seront renomm\u00e9es automatiquement en fonction de leur tri. Le tri des photos peut \u00eatre modifi\u00e9 par glisser-d\u00e9poser.<\/p>\n[\/vc_column_text][vc_single_image image=\u00a0\u00bb9878&Prime; css=\u00a0\u00bb.vc_custom_1520619075797{padding-top: 20px !important;}\u00a0\u00bb][\/vc_tta_section][vc_tta_section title=\u00a0\u00bb6. Transf\u00e9rer vos photos\u00a0\u00bb tab_id=\u00a0\u00bb1519775446476-0ea5d564-2a10&Prime;][vc_column_text]\n<p>Si les conditions d\u00e9finies sont remplies ( le nombre minimum et maximum de photos, la r\u00e9solution minimum et maximum des photos, etc.), les photos peuvent \u00eatre transf\u00e9r\u00e9es pour retouche.<\/p>\n[\/vc_column_text][vc_single_image image=\u00a0\u00bb9877&Prime; css=\u00a0\u00bb.vc_custom_1520619102393{padding-top: 20px !important;}\u00a0\u00bb][\/vc_tta_section][vc_tta_section title=\u00a0\u00bb7. Garder la vue d&rsquo;ensemble\u00a0\u00bb tab_id=\u00a0\u00bb1519776057407-182ecaff-0576&Prime;][vc_column_text]\n<p>En attendant que vos photos soient retouch\u00e9es, vous pouvez v\u00e9rifier leur statut \u00e0 partir de l&rsquo;application Web Orca \u00e0 tout moment.<\/p>\n[\/vc_column_text][vc_single_image image=\u00a0\u00bb9876&Prime; css=\u00a0\u00bb.vc_custom_1520619119814{padding-top: 20px !important;}\u00a0\u00bb][\/vc_tta_section][vc_tta_section title=\u00a0\u00bb8. T\u00e9l\u00e9charger vos photos\u00a0\u00bb tab_id=\u00a0\u00bb1519776073694-c0862289-73d6&Prime;][vc_column_text]\n<p>Une fois que vos photos sont pr\u00eates, vous serez averti par e-mail. Vous pouvez maintenant voir les photos retouch\u00e9es dans une comparaison avant-apr\u00e8s ou les t\u00e9l\u00e9charger directement.<\/p>\n[\/vc_column_text][vc_single_image image=\u00a0\u00bb9875&Prime; css=\u00a0\u00bb.vc_custom_1520619139673{padding-top: 20px !important;}\u00a0\u00bb][\/vc_tta_section][\/vc_tta_tour][\/vc_column][\/vc_row][vc_row full_width=\u00a0\u00bbstretch_row\u00a0\u00bb css=\u00a0\u00bb.vc_custom_1523546960875{background-color: #3d3d3d !important;}\u00a0\u00bb][vc_column][vc_empty_space height=\u00a0\u00bb40px\u00a0\u00bb]<style>.vcex-heading.vcex_69eb845374d4f .vcex-heading-inner{border-color:#fc9a00;}.vcex-heading.vcex_69eb845374d4f{border-color:#e2e2e2;}<\/style><h2 class=\"vcex-heading vcex-heading-bottom-border-w-color vcex-module wpex-heading wpex-text-2xl wpex-border-b-2 wpex-border-solid wpex-border-main vcex_69eb845374d4f\"><span class=\"vcex-heading-inner wpex-inline-block wpex-relative wpex-pb-5 wpex-border-b-2 wpex-border-solid wpex-border-accent\">Fonctionnalit\u00e9s d'Orca<\/span><\/h2>[vc_empty_space height=\u00a0\u00bb20px\u00a0\u00bb][vc_column_text]\n<ul>\n<li>Bas\u00e9 sur le Web<\/li>\n<li>Tri<\/li>\n<li>Renommer par lots<\/li>\n<li>Plusieurs langues<\/li>\n<li>Fonds d&rsquo;\u00e9cran multiples<\/li>\n<\/ul>\n[\/vc_column_text][\/vc_column][\/vc_row]\n<\/div>","protected":false},"excerpt":{"rendered":"<p>[vc_row full_width=\u00a0\u00bbstretch_row\u00a0\u00bb gap=\u00a0\u00bb20&Prime; equal_height=\u00a0\u00bbyes\u00a0\u00bb css=\u00a0\u00bb.vc_custom_1523489545106{padding-top: 40px !important;background-color: #1e1e1e !important;}\u00a0\u00bb][vc_column width=\u00a0\u00bb1\/3&Prime; css=\u00a0\u00bb.vc_custom_1523489613380{border-top-width: 1px !important;border-right-width: 1px !important;border-bottom-width: 1px !important;border-left-width: 1px !important;background-color: #232323 !important;border-left-color: #f1f1f1 !important;border-left-style: solid !important;border-right-color: #f1f1f1 !important;border-right-style: solid !important;border-top-color: #f1f1f1 !important;border-top-style: solid !important;border-bottom-color: #f1f1f1 !important;border-bottom-style: solid !important;border-radius: 5px !important;}\u00a0\u00bb][\/vc_column][vc_column width=\u00a0\u00bb1\/3&Prime; css=\u00a0\u00bb.vc_custom_1523489635351{border-top-width: 1px !important;border-right-width: 1px !important;border-bottom-width: 1px !important;border-left-width: 1px !important;background-color: #232323 !important;border-left-color: #f1f1f1 !important;border-left-style: solid !important;border-right-color:&hellip;<\/p>\n","protected":false},"author":1,"featured_media":0,"parent":0,"menu_order":0,"comment_status":"closed","ping_status":"closed","template":"","meta":{"content-type":"","inline_featured_image":false,"footnotes":""},"class_list":["post-9863","page","type-page","status-publish","hentry","entry","no-media"],"yoast_head":"<!-- This site is optimized with the Yoast SEO plugin v24.0 - https:\/\/yoast.com\/wordpress\/plugins\/seo\/ -->\n<title>Orca - Octopus tools - automotive imagery solutions<\/title>\n<meta name=\"robots\" content=\"index, follow, max-snippet:-1, max-image-preview:large, max-video-preview:-1\" \/>\n<link rel=\"canonical\" href=\"https:\/\/www.octopus.tools\/fr\/orca\/\" \/>\n<meta property=\"og:locale\" content=\"fr_FR\" \/>\n<meta property=\"og:type\" content=\"article\" \/>\n<meta property=\"og:title\" content=\"Orca - Octopus tools - automotive imagery solutions\" \/>\n<meta property=\"og:description\" content=\"[vc_row full_width=\u00a0\u00bbstretch_row\u00a0\u00bb gap=\u00a0\u00bb20&Prime; equal_height=\u00a0\u00bbyes\u00a0\u00bb css=\u00a0\u00bb.vc_custom_1523489545106{padding-top: 40px !important;background-color: #1e1e1e !important;}\u00a0\u00bb][vc_column width=\u00a0\u00bb1\/3&Prime; css=\u00a0\u00bb.vc_custom_1523489613380{border-top-width: 1px !important;border-right-width: 1px !important;border-bottom-width: 1px !important;border-left-width: 1px !important;background-color: #232323 !important;border-left-color: #f1f1f1 !important;border-left-style: solid !important;border-right-color: #f1f1f1 !important;border-right-style: solid !important;border-top-color: #f1f1f1 !important;border-top-style: solid !important;border-bottom-color: #f1f1f1 !important;border-bottom-style: solid !important;border-radius: 5px !important;}\u00a0\u00bb][\/vc_column][vc_column width=\u00a0\u00bb1\/3&Prime; css=\u00a0\u00bb.vc_custom_1523489635351{border-top-width: 1px !important;border-right-width: 1px !important;border-bottom-width: 1px !important;border-left-width: 1px !important;background-color: #232323 !important;border-left-color: #f1f1f1 !important;border-left-style: solid !important;border-right-color:&hellip;\" \/>\n<meta property=\"og:url\" content=\"https:\/\/www.octopus.tools\/fr\/orca\/\" \/>\n<meta property=\"og:site_name\" content=\"Octopus tools - automotive imagery solutions\" \/>\n<meta property=\"article:publisher\" content=\"https:\/\/www.facebook.com\/yoozoo.de\" \/>\n<meta property=\"article:modified_time\" content=\"2023-09-12T11:44:35+00:00\" \/>\n<meta property=\"og:image\" content=\"https:\/\/www.octopus.tools\/wp-content\/uploads\/2018\/04\/social-share-thumb.jpg\" \/>\n\t<meta property=\"og:image:width\" content=\"900\" \/>\n\t<meta property=\"og:image:height\" content=\"900\" \/>\n\t<meta property=\"og:image:type\" content=\"image\/jpeg\" \/>\n<meta name=\"twitter:card\" content=\"summary_large_image\" \/>\n<meta name=\"twitter:site\" content=\"@yoozoo_de\" \/>\n<meta name=\"twitter:label1\" content=\"Dur\u00e9e de lecture estim\u00e9e\" \/>\n\t<meta name=\"twitter:data1\" content=\"6 minutes\" \/>\n<script type=\"application\/ld+json\" class=\"yoast-schema-graph\">{\"@context\":\"https:\/\/schema.org\",\"@graph\":[{\"@type\":\"WebPage\",\"@id\":\"https:\/\/www.octopus.tools\/fr\/orca\/\",\"url\":\"https:\/\/www.octopus.tools\/fr\/orca\/\",\"name\":\"Orca - Octopus tools - automotive imagery solutions\",\"isPartOf\":{\"@id\":\"https:\/\/www.octopus.tools\/fr\/#website\"},\"datePublished\":\"2021-03-23T12:15:27+00:00\",\"dateModified\":\"2023-09-12T11:44:35+00:00\",\"breadcrumb\":{\"@id\":\"https:\/\/www.octopus.tools\/fr\/orca\/#breadcrumb\"},\"inLanguage\":\"fr-FR\",\"potentialAction\":[{\"@type\":\"ReadAction\",\"target\":[\"https:\/\/www.octopus.tools\/fr\/orca\/\"]}]},{\"@type\":\"BreadcrumbList\",\"@id\":\"https:\/\/www.octopus.tools\/fr\/orca\/#breadcrumb\",\"itemListElement\":[{\"@type\":\"ListItem\",\"position\":1,\"name\":\"Home\",\"item\":\"https:\/\/www.octopus.tools\/fr\/\"},{\"@type\":\"ListItem\",\"position\":2,\"name\":\"Orca\"}]},{\"@type\":\"WebSite\",\"@id\":\"https:\/\/www.octopus.tools\/fr\/#website\",\"url\":\"https:\/\/www.octopus.tools\/fr\/\",\"name\":\"Octopus tools - automotive imagery solutions\",\"description\":\"yoozoo GmbH software\",\"publisher\":{\"@id\":\"https:\/\/www.octopus.tools\/fr\/#organization\"},\"potentialAction\":[{\"@type\":\"SearchAction\",\"target\":{\"@type\":\"EntryPoint\",\"urlTemplate\":\"https:\/\/www.octopus.tools\/fr\/?s={search_term_string}\"},\"query-input\":{\"@type\":\"PropertyValueSpecification\",\"valueRequired\":true,\"valueName\":\"search_term_string\"}}],\"inLanguage\":\"fr-FR\"},{\"@type\":\"Organization\",\"@id\":\"https:\/\/www.octopus.tools\/fr\/#organization\",\"name\":\"Octopus.tools [by yoozoo GmbH]\",\"url\":\"https:\/\/www.octopus.tools\/fr\/\",\"logo\":{\"@type\":\"ImageObject\",\"inLanguage\":\"fr-FR\",\"@id\":\"https:\/\/www.octopus.tools\/fr\/#\/schema\/logo\/image\/\",\"url\":\"https:\/\/www.octopus.tools\/wp-content\/uploads\/2018\/02\/website-octopus-tools-08.svg\",\"contentUrl\":\"https:\/\/www.octopus.tools\/wp-content\/uploads\/2018\/02\/website-octopus-tools-08.svg\",\"caption\":\"Octopus.tools [by yoozoo GmbH]\"},\"image\":{\"@id\":\"https:\/\/www.octopus.tools\/fr\/#\/schema\/logo\/image\/\"},\"sameAs\":[\"https:\/\/www.facebook.com\/yoozoo.de\",\"https:\/\/x.com\/yoozoo_de\"]}]}<\/script>\n<!-- \/ Yoast SEO plugin. -->","yoast_head_json":{"title":"Orca - Octopus tools - automotive imagery solutions","robots":{"index":"index","follow":"follow","max-snippet":"max-snippet:-1","max-image-preview":"max-image-preview:large","max-video-preview":"max-video-preview:-1"},"canonical":"https:\/\/www.octopus.tools\/fr\/orca\/","og_locale":"fr_FR","og_type":"article","og_title":"Orca - Octopus tools - automotive imagery solutions","og_description":"[vc_row full_width=\u00a0\u00bbstretch_row\u00a0\u00bb gap=\u00a0\u00bb20&Prime; equal_height=\u00a0\u00bbyes\u00a0\u00bb css=\u00a0\u00bb.vc_custom_1523489545106{padding-top: 40px !important;background-color: #1e1e1e !important;}\u00a0\u00bb][vc_column width=\u00a0\u00bb1\/3&Prime; css=\u00a0\u00bb.vc_custom_1523489613380{border-top-width: 1px !important;border-right-width: 1px !important;border-bottom-width: 1px !important;border-left-width: 1px !important;background-color: #232323 !important;border-left-color: #f1f1f1 !important;border-left-style: solid !important;border-right-color: #f1f1f1 !important;border-right-style: solid !important;border-top-color: #f1f1f1 !important;border-top-style: solid !important;border-bottom-color: #f1f1f1 !important;border-bottom-style: solid !important;border-radius: 5px !important;}\u00a0\u00bb][\/vc_column][vc_column width=\u00a0\u00bb1\/3&Prime; css=\u00a0\u00bb.vc_custom_1523489635351{border-top-width: 1px !important;border-right-width: 1px !important;border-bottom-width: 1px !important;border-left-width: 1px !important;background-color: #232323 !important;border-left-color: #f1f1f1 !important;border-left-style: solid !important;border-right-color:&hellip;","og_url":"https:\/\/www.octopus.tools\/fr\/orca\/","og_site_name":"Octopus tools - automotive imagery solutions","article_publisher":"https:\/\/www.facebook.com\/yoozoo.de","article_modified_time":"2023-09-12T11:44:35+00:00","og_image":[{"width":900,"height":900,"url":"https:\/\/www.octopus.tools\/wp-content\/uploads\/2018\/04\/social-share-thumb.jpg","type":"image\/jpeg"}],"twitter_card":"summary_large_image","twitter_site":"@yoozoo_de","twitter_misc":{"Dur\u00e9e de lecture estim\u00e9e":"6 minutes"},"schema":{"@context":"https:\/\/schema.org","@graph":[{"@type":"WebPage","@id":"https:\/\/www.octopus.tools\/fr\/orca\/","url":"https:\/\/www.octopus.tools\/fr\/orca\/","name":"Orca - Octopus tools - automotive imagery solutions","isPartOf":{"@id":"https:\/\/www.octopus.tools\/fr\/#website"},"datePublished":"2021-03-23T12:15:27+00:00","dateModified":"2023-09-12T11:44:35+00:00","breadcrumb":{"@id":"https:\/\/www.octopus.tools\/fr\/orca\/#breadcrumb"},"inLanguage":"fr-FR","potentialAction":[{"@type":"ReadAction","target":["https:\/\/www.octopus.tools\/fr\/orca\/"]}]},{"@type":"BreadcrumbList","@id":"https:\/\/www.octopus.tools\/fr\/orca\/#breadcrumb","itemListElement":[{"@type":"ListItem","position":1,"name":"Home","item":"https:\/\/www.octopus.tools\/fr\/"},{"@type":"ListItem","position":2,"name":"Orca"}]},{"@type":"WebSite","@id":"https:\/\/www.octopus.tools\/fr\/#website","url":"https:\/\/www.octopus.tools\/fr\/","name":"Octopus tools - automotive imagery solutions","description":"yoozoo GmbH software","publisher":{"@id":"https:\/\/www.octopus.tools\/fr\/#organization"},"potentialAction":[{"@type":"SearchAction","target":{"@type":"EntryPoint","urlTemplate":"https:\/\/www.octopus.tools\/fr\/?s={search_term_string}"},"query-input":{"@type":"PropertyValueSpecification","valueRequired":true,"valueName":"search_term_string"}}],"inLanguage":"fr-FR"},{"@type":"Organization","@id":"https:\/\/www.octopus.tools\/fr\/#organization","name":"Octopus.tools [by yoozoo GmbH]","url":"https:\/\/www.octopus.tools\/fr\/","logo":{"@type":"ImageObject","inLanguage":"fr-FR","@id":"https:\/\/www.octopus.tools\/fr\/#\/schema\/logo\/image\/","url":"https:\/\/www.octopus.tools\/wp-content\/uploads\/2018\/02\/website-octopus-tools-08.svg","contentUrl":"https:\/\/www.octopus.tools\/wp-content\/uploads\/2018\/02\/website-octopus-tools-08.svg","caption":"Octopus.tools [by yoozoo GmbH]"},"image":{"@id":"https:\/\/www.octopus.tools\/fr\/#\/schema\/logo\/image\/"},"sameAs":["https:\/\/www.facebook.com\/yoozoo.de","https:\/\/x.com\/yoozoo_de"]}]}},"_links":{"self":[{"href":"https:\/\/www.octopus.tools\/fr\/wp-json\/wp\/v2\/pages\/9863","targetHints":{"allow":["GET"]}}],"collection":[{"href":"https:\/\/www.octopus.tools\/fr\/wp-json\/wp\/v2\/pages"}],"about":[{"href":"https:\/\/www.octopus.tools\/fr\/wp-json\/wp\/v2\/types\/page"}],"author":[{"embeddable":true,"href":"https:\/\/www.octopus.tools\/fr\/wp-json\/wp\/v2\/users\/1"}],"replies":[{"embeddable":true,"href":"https:\/\/www.octopus.tools\/fr\/wp-json\/wp\/v2\/comments?post=9863"}],"version-history":[{"count":0,"href":"https:\/\/www.octopus.tools\/fr\/wp-json\/wp\/v2\/pages\/9863\/revisions"}],"wp:attachment":[{"href":"https:\/\/www.octopus.tools\/fr\/wp-json\/wp\/v2\/media?parent=9863"}],"curies":[{"name":"wp","href":"https:\/\/api.w.org\/{rel}","templated":true}]}}