{"id":11830,"date":"2021-08-02T06:37:17","date_gmt":"2021-08-02T06:37:17","guid":{"rendered":"https:\/\/octopus.tools\/meg\/"},"modified":"2021-10-07T09:19:01","modified_gmt":"2021-10-07T09:19:01","slug":"meg","status":"publish","type":"page","link":"https:\/\/www.octopus.tools\/sv\/meg\/","title":{"rendered":"MEG"},"content":{"rendered":"<div class=\"wpb-content-wrapper\">[vc_row full_width=&#8221;stretch_row&#8221;][vc_column][vc_empty_space height=&#8221;40px&#8221;]<style>.vcex-heading.vcex_69de547876a22 .vcex-heading-inner{border-color:#fc9a00;}.vcex-heading.vcex_69de547876a22{border-color:#e2e2e2;}<\/style><h2 class=\"vcex-heading vcex-heading-bottom-border-w-color vcex-module wpex-heading wpex-text-2xl wpex-border-b-2 wpex-border-solid wpex-border-main vcex_69de547876a22\"><span class=\"vcex-heading-inner wpex-inline-block wpex-relative wpex-pb-5 wpex-border-b-2 wpex-border-solid wpex-border-accent\">L\u00e5t oss interagera<\/span><\/h2>[vc_empty_space height=&#8221;20px&#8221;][vc_column_text]Om du har stora volymer och \u00e4lskar automatiserade fl\u00f6den s\u00e5 kan du koppla ihop dina system till Octopus via MEG Restful API.<\/p>\n<p>V\u00e5r MEG-Connector kan synka filer via exempelvis dropbox, FTP, clouds mfl. Den kan ocks\u00e5 kopplas p\u00e5 alla v\u00e5ra moduler f\u00f6r enkel bildidentifiering oavsett k\u00e4lla.<\/p>\n<p>MEG API kan du \u00e4ven kombinera med andra moduler. P\u00e5 detta s\u00e4ttet kan Piranha eller Orca ladda alla bilar som beh\u00f6ver fotograferas och lista dem. Och du slipper manuell identifiering eller scanning.[\/vc_column_text][\/vc_column][\/vc_row][vc_row full_width=&#8221;stretch_row&#8221;][vc_column][vc_single_image image=&#8221;9985&#8243;][\/vc_column][\/vc_row]\n<\/div>","protected":false},"excerpt":{"rendered":"<p>[vc_row full_width=&#8221;stretch_row&#8221;][vc_column][vc_empty_space height=&#8221;40px&#8221;][vc_empty_space height=&#8221;20px&#8221;][vc_column_text]Om du har stora volymer och \u00e4lskar automatiserade fl\u00f6den s\u00e5 kan du koppla ihop dina system till Octopus via MEG Restful API. V\u00e5r MEG-Connector kan synka filer via exempelvis dropbox, FTP, clouds mfl. Den kan ocks\u00e5 kopplas p\u00e5 alla v\u00e5ra moduler f\u00f6r enkel bildidentifiering oavsett k\u00e4lla. MEG API kan du \u00e4ven kombinera&hellip;<\/p>\n","protected":false},"author":1,"featured_media":0,"parent":0,"menu_order":0,"comment_status":"closed","ping_status":"closed","template":"","meta":{"content-type":"","inline_featured_image":false,"footnotes":""},"class_list":["post-11830","page","type-page","status-publish","hentry","entry","no-media"],"yoast_head":"<!-- This site is optimized with the Yoast SEO plugin v24.0 - https:\/\/yoast.com\/wordpress\/plugins\/seo\/ -->\n<title>MEG - Octopus tools - automotive imagery solutions<\/title>\n<meta name=\"robots\" content=\"index, follow, max-snippet:-1, max-image-preview:large, max-video-preview:-1\" \/>\n<link rel=\"canonical\" href=\"https:\/\/www.octopus.tools\/sv\/meg\/\" \/>\n<meta property=\"og:locale\" content=\"sv_SE\" \/>\n<meta property=\"og:type\" content=\"article\" \/>\n<meta property=\"og:title\" content=\"MEG - Octopus tools - automotive imagery solutions\" \/>\n<meta property=\"og:description\" content=\"[vc_row full_width=&#8221;stretch_row&#8221;][vc_column][vc_empty_space height=&#8221;40px&#8221;][vc_empty_space height=&#8221;20px&#8221;][vc_column_text]Om du har stora volymer och \u00e4lskar automatiserade fl\u00f6den s\u00e5 kan du koppla ihop dina system till Octopus via MEG Restful API. V\u00e5r MEG-Connector kan synka filer via exempelvis dropbox, FTP, clouds mfl. Den kan ocks\u00e5 kopplas p\u00e5 alla v\u00e5ra moduler f\u00f6r enkel bildidentifiering oavsett k\u00e4lla. MEG API kan du \u00e4ven kombinera&hellip;\" \/>\n<meta property=\"og:url\" content=\"https:\/\/www.octopus.tools\/sv\/meg\/\" \/>\n<meta property=\"og:site_name\" content=\"Octopus tools - automotive imagery solutions\" \/>\n<meta property=\"article:publisher\" content=\"https:\/\/www.facebook.com\/yoozoo.de\" \/>\n<meta property=\"article:modified_time\" content=\"2021-10-07T09:19:01+00:00\" \/>\n<meta property=\"og:image\" content=\"https:\/\/www.octopus.tools\/wp-content\/uploads\/2018\/04\/social-share-thumb.jpg\" \/>\n\t<meta property=\"og:image:width\" content=\"900\" \/>\n\t<meta property=\"og:image:height\" content=\"900\" \/>\n\t<meta property=\"og:image:type\" content=\"image\/jpeg\" \/>\n<meta name=\"twitter:card\" content=\"summary_large_image\" \/>\n<meta name=\"twitter:site\" content=\"@yoozoo_de\" \/>\n<meta name=\"twitter:label1\" content=\"Ber\u00e4knad l\u00e4stid\" \/>\n\t<meta name=\"twitter:data1\" content=\"1 minut\" \/>\n<script type=\"application\/ld+json\" class=\"yoast-schema-graph\">{\"@context\":\"https:\/\/schema.org\",\"@graph\":[{\"@type\":\"WebPage\",\"@id\":\"https:\/\/www.octopus.tools\/sv\/meg\/\",\"url\":\"https:\/\/www.octopus.tools\/sv\/meg\/\",\"name\":\"MEG - Octopus tools - automotive imagery solutions\",\"isPartOf\":{\"@id\":\"https:\/\/www.octopus.tools\/sv\/#website\"},\"datePublished\":\"2021-08-02T06:37:17+00:00\",\"dateModified\":\"2021-10-07T09:19:01+00:00\",\"breadcrumb\":{\"@id\":\"https:\/\/www.octopus.tools\/sv\/meg\/#breadcrumb\"},\"inLanguage\":\"sv-SE\",\"potentialAction\":[{\"@type\":\"ReadAction\",\"target\":[\"https:\/\/www.octopus.tools\/sv\/meg\/\"]}]},{\"@type\":\"BreadcrumbList\",\"@id\":\"https:\/\/www.octopus.tools\/sv\/meg\/#breadcrumb\",\"itemListElement\":[{\"@type\":\"ListItem\",\"position\":1,\"name\":\"Home\",\"item\":\"https:\/\/www.octopus.tools\/sv\/\"},{\"@type\":\"ListItem\",\"position\":2,\"name\":\"MEG\"}]},{\"@type\":\"WebSite\",\"@id\":\"https:\/\/www.octopus.tools\/sv\/#website\",\"url\":\"https:\/\/www.octopus.tools\/sv\/\",\"name\":\"Octopus tools - automotive imagery solutions\",\"description\":\"yoozoo GmbH software\",\"publisher\":{\"@id\":\"https:\/\/www.octopus.tools\/sv\/#organization\"},\"potentialAction\":[{\"@type\":\"SearchAction\",\"target\":{\"@type\":\"EntryPoint\",\"urlTemplate\":\"https:\/\/www.octopus.tools\/sv\/?s={search_term_string}\"},\"query-input\":{\"@type\":\"PropertyValueSpecification\",\"valueRequired\":true,\"valueName\":\"search_term_string\"}}],\"inLanguage\":\"sv-SE\"},{\"@type\":\"Organization\",\"@id\":\"https:\/\/www.octopus.tools\/sv\/#organization\",\"name\":\"Octopus.tools [by yoozoo GmbH]\",\"url\":\"https:\/\/www.octopus.tools\/sv\/\",\"logo\":{\"@type\":\"ImageObject\",\"inLanguage\":\"sv-SE\",\"@id\":\"https:\/\/www.octopus.tools\/sv\/#\/schema\/logo\/image\/\",\"url\":\"https:\/\/www.octopus.tools\/wp-content\/uploads\/2018\/02\/website-octopus-tools-08.svg\",\"contentUrl\":\"https:\/\/www.octopus.tools\/wp-content\/uploads\/2018\/02\/website-octopus-tools-08.svg\",\"caption\":\"Octopus.tools [by yoozoo GmbH]\"},\"image\":{\"@id\":\"https:\/\/www.octopus.tools\/sv\/#\/schema\/logo\/image\/\"},\"sameAs\":[\"https:\/\/www.facebook.com\/yoozoo.de\",\"https:\/\/x.com\/yoozoo_de\"]}]}<\/script>\n<!-- \/ Yoast SEO plugin. -->","yoast_head_json":{"title":"MEG - Octopus tools - automotive imagery solutions","robots":{"index":"index","follow":"follow","max-snippet":"max-snippet:-1","max-image-preview":"max-image-preview:large","max-video-preview":"max-video-preview:-1"},"canonical":"https:\/\/www.octopus.tools\/sv\/meg\/","og_locale":"sv_SE","og_type":"article","og_title":"MEG - Octopus tools - automotive imagery solutions","og_description":"[vc_row full_width=&#8221;stretch_row&#8221;][vc_column][vc_empty_space height=&#8221;40px&#8221;][vc_empty_space height=&#8221;20px&#8221;][vc_column_text]Om du har stora volymer och \u00e4lskar automatiserade fl\u00f6den s\u00e5 kan du koppla ihop dina system till Octopus via MEG Restful API. V\u00e5r MEG-Connector kan synka filer via exempelvis dropbox, FTP, clouds mfl. Den kan ocks\u00e5 kopplas p\u00e5 alla v\u00e5ra moduler f\u00f6r enkel bildidentifiering oavsett k\u00e4lla. MEG API kan du \u00e4ven kombinera&hellip;","og_url":"https:\/\/www.octopus.tools\/sv\/meg\/","og_site_name":"Octopus tools - automotive imagery solutions","article_publisher":"https:\/\/www.facebook.com\/yoozoo.de","article_modified_time":"2021-10-07T09:19:01+00:00","og_image":[{"width":900,"height":900,"url":"https:\/\/www.octopus.tools\/wp-content\/uploads\/2018\/04\/social-share-thumb.jpg","type":"image\/jpeg"}],"twitter_card":"summary_large_image","twitter_site":"@yoozoo_de","twitter_misc":{"Ber\u00e4knad l\u00e4stid":"1 minut"},"schema":{"@context":"https:\/\/schema.org","@graph":[{"@type":"WebPage","@id":"https:\/\/www.octopus.tools\/sv\/meg\/","url":"https:\/\/www.octopus.tools\/sv\/meg\/","name":"MEG - Octopus tools - automotive imagery solutions","isPartOf":{"@id":"https:\/\/www.octopus.tools\/sv\/#website"},"datePublished":"2021-08-02T06:37:17+00:00","dateModified":"2021-10-07T09:19:01+00:00","breadcrumb":{"@id":"https:\/\/www.octopus.tools\/sv\/meg\/#breadcrumb"},"inLanguage":"sv-SE","potentialAction":[{"@type":"ReadAction","target":["https:\/\/www.octopus.tools\/sv\/meg\/"]}]},{"@type":"BreadcrumbList","@id":"https:\/\/www.octopus.tools\/sv\/meg\/#breadcrumb","itemListElement":[{"@type":"ListItem","position":1,"name":"Home","item":"https:\/\/www.octopus.tools\/sv\/"},{"@type":"ListItem","position":2,"name":"MEG"}]},{"@type":"WebSite","@id":"https:\/\/www.octopus.tools\/sv\/#website","url":"https:\/\/www.octopus.tools\/sv\/","name":"Octopus tools - automotive imagery solutions","description":"yoozoo GmbH software","publisher":{"@id":"https:\/\/www.octopus.tools\/sv\/#organization"},"potentialAction":[{"@type":"SearchAction","target":{"@type":"EntryPoint","urlTemplate":"https:\/\/www.octopus.tools\/sv\/?s={search_term_string}"},"query-input":{"@type":"PropertyValueSpecification","valueRequired":true,"valueName":"search_term_string"}}],"inLanguage":"sv-SE"},{"@type":"Organization","@id":"https:\/\/www.octopus.tools\/sv\/#organization","name":"Octopus.tools [by yoozoo GmbH]","url":"https:\/\/www.octopus.tools\/sv\/","logo":{"@type":"ImageObject","inLanguage":"sv-SE","@id":"https:\/\/www.octopus.tools\/sv\/#\/schema\/logo\/image\/","url":"https:\/\/www.octopus.tools\/wp-content\/uploads\/2018\/02\/website-octopus-tools-08.svg","contentUrl":"https:\/\/www.octopus.tools\/wp-content\/uploads\/2018\/02\/website-octopus-tools-08.svg","caption":"Octopus.tools [by yoozoo GmbH]"},"image":{"@id":"https:\/\/www.octopus.tools\/sv\/#\/schema\/logo\/image\/"},"sameAs":["https:\/\/www.facebook.com\/yoozoo.de","https:\/\/x.com\/yoozoo_de"]}]}},"_links":{"self":[{"href":"https:\/\/www.octopus.tools\/sv\/wp-json\/wp\/v2\/pages\/11830","targetHints":{"allow":["GET"]}}],"collection":[{"href":"https:\/\/www.octopus.tools\/sv\/wp-json\/wp\/v2\/pages"}],"about":[{"href":"https:\/\/www.octopus.tools\/sv\/wp-json\/wp\/v2\/types\/page"}],"author":[{"embeddable":true,"href":"https:\/\/www.octopus.tools\/sv\/wp-json\/wp\/v2\/users\/1"}],"replies":[{"embeddable":true,"href":"https:\/\/www.octopus.tools\/sv\/wp-json\/wp\/v2\/comments?post=11830"}],"version-history":[{"count":0,"href":"https:\/\/www.octopus.tools\/sv\/wp-json\/wp\/v2\/pages\/11830\/revisions"}],"wp:attachment":[{"href":"https:\/\/www.octopus.tools\/sv\/wp-json\/wp\/v2\/media?parent=11830"}],"curies":[{"name":"wp","href":"https:\/\/api.w.org\/{rel}","templated":true}]}}