{"id":11840,"date":"2021-08-02T08:16:22","date_gmt":"2021-08-02T08:16:22","guid":{"rendered":"https:\/\/octopus.tools\/orca\/"},"modified":"2023-09-12T12:50:31","modified_gmt":"2023-09-12T11:50:31","slug":"orca","status":"publish","type":"page","link":"https:\/\/www.octopus.tools\/sv\/orca\/","title":{"rendered":"Orca"},"content":{"rendered":"<div class=\"wpb-content-wrapper\">[vc_row full_width=&#8221;stretch_row&#8221; gap=&#8221;20&#8243; equal_height=&#8221;yes&#8221; css=&#8221;.vc_custom_1523489545106{padding-top: 40px !important;background-color: #1e1e1e !important;}&#8221;][vc_column width=&#8221;1\/3&#8243; css=&#8221;.vc_custom_1523489613380{border-top-width: 1px !important;border-right-width: 1px !important;border-bottom-width: 1px !important;border-left-width: 1px !important;background-color: #232323 !important;border-left-color: #f1f1f1 !important;border-left-style: solid !important;border-right-color: #f1f1f1 !important;border-right-style: solid !important;border-top-color: #f1f1f1 !important;border-top-style: solid !important;border-bottom-color: #f1f1f1 !important;border-bottom-style: solid !important;border-radius: 5px !important;}&#8221;]<div class=\"vcex-module vcex-icon-box vcex-icon-box-four wpex-block wpex-text-center wpex-p-30 wpex-bordered vc_custom_1694519404720\"><div class=\"vcex-icon-box-symbol wpex-mb-20\" style=\"margin-bottom:10px;\"><div class=\"vcex-icon-box-icon wpex-inline-flex wpex-items-center wpex-justify-center wpex-child-inherit-color wpex-text-center wpex-leading-none wpex-text-1\" style=\"color:#586773;font-size:30px;\"><span class=\"ticon ticon-check-square\" aria-hidden=\"true\"><\/span><\/div><\/div><div class=\"vcex-icon-box-text\"><h1 class=\"vcex-icon-box-heading wpex-heading\" style=\"color:#f2f2f2;--wpex-hover-heading-link-color:#f2f2f2;font-size:25px;margin-bottom:0px;text-transform:none;\">Enkelt<\/h1><div class=\"vcex-icon-box-content wpex-last-mb-0 wpex-clr\" style=\"color:#f2f2f2;\"><p>L\u00e4tt uppladdning, namnbyte, sortera och ladda ner dina bilder. Orca supporterar drag&#8217;n&#8217;drop.<\/p>\n<\/div><\/div><\/div>[\/vc_column][vc_column width=&#8221;1\/3&#8243; css=&#8221;.vc_custom_1523489635351{border-top-width: 1px !important;border-right-width: 1px !important;border-bottom-width: 1px !important;border-left-width: 1px !important;background-color: #232323 !important;border-left-color: #f1f1f1 !important;border-left-style: solid !important;border-right-color: #f1f1f1 !important;border-right-style: solid !important;border-top-color: #f1f1f1 !important;border-top-style: solid !important;border-bottom-color: #f1f1f1 !important;border-bottom-style: solid !important;border-radius: 5px !important;}&#8221;]<div class=\"vcex-module vcex-icon-box vcex-icon-box-four wpex-block wpex-text-center wpex-p-30 wpex-bordered vc_custom_1694519414528\"><div class=\"vcex-icon-box-symbol wpex-mb-20\" style=\"margin-bottom:10px;\"><div class=\"vcex-icon-box-icon wpex-inline-flex wpex-items-center wpex-justify-center wpex-child-inherit-color wpex-text-center wpex-leading-none wpex-text-1\" style=\"color:#586773;font-size:30px;\"><span class=\"ticon ticon-check-square\" aria-hidden=\"true\"><\/span><\/div><\/div><div class=\"vcex-icon-box-text\"><h1 class=\"vcex-icon-box-heading wpex-heading\" style=\"color:#f2f2f2;--wpex-hover-heading-link-color:#f2f2f2;font-size:25px;margin-bottom:0px;text-transform:none;\">Transparant<\/h1><div class=\"vcex-icon-box-content wpex-last-mb-0 wpex-clr\" style=\"color:#f2f2f2;\"><p>Varje uppladdad bild har en separat timer s\u00e5 du alltid vet n\u00e4r en bild \u00e4r klar.<\/p>\n<\/div><\/div><\/div>[\/vc_column][vc_column width=&#8221;1\/3&#8243; css=&#8221;.vc_custom_1523489502162{background-color: #232323 !important;border: 1px solid #f1f1f1 !important;border-radius: 5px !important;}&#8221;]<div class=\"vcex-module vcex-icon-box vcex-icon-box-four wpex-block wpex-text-center wpex-p-30 wpex-bordered vc_custom_1694519424579\"><div class=\"vcex-icon-box-symbol wpex-mb-20\" style=\"margin-bottom:10px;\"><div class=\"vcex-icon-box-icon wpex-inline-flex wpex-items-center wpex-justify-center wpex-child-inherit-color wpex-text-center wpex-leading-none wpex-text-1\" style=\"color:#586773;font-size:30px;\"><span class=\"ticon ticon-check-square\" aria-hidden=\"true\"><\/span><\/div><\/div><div class=\"vcex-icon-box-text\"><h1 class=\"vcex-icon-box-heading wpex-heading\" style=\"color:#f2f2f2;--wpex-hover-heading-link-color:#f2f2f2;font-size:25px;margin-bottom:0px;text-transform:none;\">Webbaserad<\/h1><div class=\"vcex-icon-box-content wpex-last-mb-0 wpex-clr\" style=\"color:#f2f2f2;\"><p>Komfortabel uppladdning, hantera, och ladda ner dina bilder n\u00e4r som helst fr\u00e5n var du vill.<\/p>\n<\/div><\/div><\/div>[\/vc_column][\/vc_row][vc_row full_width=&#8221;stretch_row&#8221; css=&#8221;.vc_custom_1523546785060{background-color: #3d3d3d !important;}&#8221;][vc_column][vc_empty_space height=&#8221;40px&#8221;]<style>.vcex-heading.vcex_69de88ed7051e .vcex-heading-inner{border-color:#fc9a00;}.vcex-heading.vcex_69de88ed7051e{border-color:#e2e2e2;}<\/style><h2 class=\"vcex-heading vcex-heading-bottom-border-w-color vcex-module wpex-heading wpex-text-2xl wpex-border-b-2 wpex-border-solid wpex-border-main vcex_69de88ed7051e\"><span class=\"vcex-heading-inner wpex-inline-block wpex-relative wpex-pb-5 wpex-border-b-2 wpex-border-solid wpex-border-accent\">Vad \u00e4r Orca?<\/span><\/h2>[vc_empty_space height=&#8221;20px&#8221;][vc_column_text]Orca \u00e4r ett webbaserat alternativ p\u00e5 <a href=\"https:\/\/www.octopus.tools\/sv\/piranha\/\">Piranha appen<\/a>. Och kan anv\u00e4ndas n\u00e4r ni vill nyttja en digitalkamera f\u00f6r att fotografera i st\u00e4llet f\u00f6r en smartphone. Den ger dig m\u00f6jligheten att ladda upp och hantera (sortera, byta namn) p\u00e5 dina bilder.<\/p>\n<p>Efter en snabb automatiserad validering (antal bilder, storlek) kan du skicka bilderna f\u00f6r retuschering.<\/p>\n<p>Alla best\u00e4llningar \u00e4r listade under \u201dOrders\u201d tillsammans med leveranstid. S\u00e5 fort bilderna \u00e4r f\u00e4rdiga kommer de flyttas till \u201dDone and ready for download\u201d.[\/vc_column_text][\/vc_column][\/vc_row][vc_row][vc_column][vc_empty_space height=&#8221;40px&#8221;]<style>.vcex-heading.vcex_69de88ed708d9 .vcex-heading-inner{border-color:#fc9a00;}.vcex-heading.vcex_69de88ed708d9{border-color:#e2e2e2;}<\/style><h2 class=\"vcex-heading vcex-heading-bottom-border-w-color vcex-module wpex-heading wpex-text-2xl wpex-border-b-2 wpex-border-solid wpex-border-main vcex_69de88ed708d9\"><span class=\"vcex-heading-inner wpex-inline-block wpex-relative wpex-pb-5 wpex-border-b-2 wpex-border-solid wpex-border-accent\">Arbets fl\u00f6de<\/span><\/h2>[vc_empty_space height=&#8221;20px&#8221;][vc_tta_tour style=&#8221;flat&#8221; spacing=&#8221;5&#8243; autoplay=&#8221;3&#8243; active_section=&#8221;1&#8243; el_class=&#8221;norbert&#8221;][vc_tta_section title=&#8221;1. F\u00f6r \u00f6ver bilderna till din dator&#8221; tab_id=&#8221;1519773896367-69dd6635-2110&#8243;][vc_column_text]Ta dina bilbilder och f\u00f6r \u00f6ver dem till din dator. I detta l\u00e4ge beh\u00f6ver ingen sortering g\u00f6ras.[\/vc_column_text][vc_single_image image=&#8221;9903&#8243; css=&#8221;.vc_custom_1520618964016{padding-top: 20px !important;}&#8221;][\/vc_tta_section][vc_tta_section title=&#8221;2. Logga in p\u00e5 Orca&#8221; tab_id=&#8221;1519773896388-95d25cf1-4e42&#8243;][vc_column_text]Logga in p\u00e5 Orca med dina anv\u00e4ndaruppgifter fr\u00e5n oss.[\/vc_column_text][vc_single_image image=&#8221;9901&#8243; css=&#8221;.vc_custom_1520619001196{padding-top: 20px !important;}&#8221;][\/vc_tta_section][vc_tta_section title=&#8221;3. V\u00e4lj din produkt&#8221; tab_id=&#8221;1519773922184-bd0ac028-5462&#8243;][vc_column_text]V\u00e4lj den du \u00f6nskar av dina produkter. Produkten inneh\u00e5ller all information, som antal bilder, uppl\u00f6sningen p\u00e5 bilderna och vald bakgrund.[\/vc_column_text][vc_single_image image=&#8221;9899&#8243; css=&#8221;.vc_custom_1520619019327{padding-top: 20px !important;}&#8221;][\/vc_tta_section][vc_tta_section title=&#8221;4. Ladda upp dina bilder&#8221; tab_id=&#8221;1519775004421-68eb5de0-830e&#8221;][vc_column_text]Ladda upp dina bilder med enkel drag&#8217;n&#8217;drop. Under tiden kollas de om de kan bli processade. Alla bilder som h\u00f6r ihop blir ett set.[\/vc_column_text][vc_single_image image=&#8221;9897&#8243; css=&#8221;.vc_custom_1520619051177{padding-top: 20px !important;}&#8221;][\/vc_tta_section][vc_tta_section title=&#8221;5. Byt namn p\u00e5 grupperingen&#8221; tab_id=&#8221;1519773923174-69e6c33d-f2a9&#8243;][vc_column_text]Om du beh\u00f6ver byta namn p\u00e5 din gruppering. Kommer alla bilder byta namn automatiskt baserad p\u00e5 deras sortering. Sorteringen kan \u00e4ndras genom drag&#8217;n&#8217;drop.[\/vc_column_text][vc_single_image image=&#8221;9895&#8243; css=&#8221;.vc_custom_1520619075797{padding-top: 20px !important;}&#8221;][\/vc_tta_section][vc_tta_section title=&#8221;6. F\u00f6r \u00f6ver dina bilder&#8221; tab_id=&#8221;1519775446476-0ea5d564-2a10&#8243;][vc_column_text]Om alla kriterierna \u00e4r m\u00f6tta (minimum och maximum antal bilder, minimum och maximum uppl\u00f6sning, etc), kan bilderna \u00f6verf\u00f6ras f\u00f6r retuschering.[\/vc_column_text][vc_single_image image=&#8221;9893&#8243; css=&#8221;.vc_custom_1520619102393{padding-top: 20px !important;}&#8221;][\/vc_tta_section][vc_tta_section title=&#8221;7. Beh\u00e5ll \u00f6versikten&#8221; tab_id=&#8221;1519776057407-182ecaff-0576&#8243;][vc_column_text]Medans du v\u00e4ntar p\u00e5 retuscheringen kan du kolla status fr\u00e5n Orca webb-appen n\u00e4r som helst.[\/vc_column_text][vc_single_image image=&#8221;9891&#8243; css=&#8221;.vc_custom_1520619119814{padding-top: 20px !important;}&#8221;][\/vc_tta_section][vc_tta_section title=&#8221;8. Ladda ner dina bilder&#8221; tab_id=&#8221;1519776073694-c0862289-73d6&#8243;][vc_column_text]N\u00e4r dina bilder \u00e4r f\u00e4rdiga f\u00e5r du ett e-mail. Nu kan du titta p\u00e5 de retuscherade bildernas f\u00f6re-och-efter och j\u00e4mf\u00f6ra eller direkt ladda ner dem.[\/vc_column_text][vc_single_image image=&#8221;9889&#8243; css=&#8221;.vc_custom_1520619139673{padding-top: 20px !important;}&#8221;][\/vc_tta_section][\/vc_tta_tour][\/vc_column][\/vc_row][vc_row full_width=&#8221;stretch_row&#8221; css=&#8221;.vc_custom_1523546960875{background-color: #3d3d3d !important;}&#8221;][vc_column][vc_empty_space height=&#8221;40px&#8221;]<style>.vcex-heading.vcex_69de88ed70ba3 .vcex-heading-inner{border-color:#fc9a00;}.vcex-heading.vcex_69de88ed70ba3{border-color:#e2e2e2;}<\/style><h2 class=\"vcex-heading vcex-heading-bottom-border-w-color vcex-module wpex-heading wpex-text-2xl wpex-border-b-2 wpex-border-solid wpex-border-main vcex_69de88ed70ba3\"><span class=\"vcex-heading-inner wpex-inline-block wpex-relative wpex-pb-5 wpex-border-b-2 wpex-border-solid wpex-border-accent\">Orca funktioner<\/span><\/h2>[vc_empty_space height=&#8221;20px&#8221;][vc_column_text]\n<ul>\n<li>Webbaserad<\/li>\n<li>Sortering<\/li>\n<li>Byt namn p\u00e5 gruppering<\/li>\n<li>Multipla spr\u00e5k<\/li>\n<li>Multipla produkter\/branscher<\/li>\n<li>Multipla bakgrunder<\/li>\n<\/ul>\n[\/vc_column_text][\/vc_column][\/vc_row]\n<\/div>","protected":false},"excerpt":{"rendered":"<p>[vc_row full_width=&#8221;stretch_row&#8221; gap=&#8221;20&#8243; equal_height=&#8221;yes&#8221; css=&#8221;.vc_custom_1523489545106{padding-top: 40px !important;background-color: #1e1e1e !important;}&#8221;][vc_column width=&#8221;1\/3&#8243; css=&#8221;.vc_custom_1523489613380{border-top-width: 1px !important;border-right-width: 1px !important;border-bottom-width: 1px !important;border-left-width: 1px !important;background-color: #232323 !important;border-left-color: #f1f1f1 !important;border-left-style: solid !important;border-right-color: #f1f1f1 !important;border-right-style: solid !important;border-top-color: #f1f1f1 !important;border-top-style: solid !important;border-bottom-color: #f1f1f1 !important;border-bottom-style: solid !important;border-radius: 5px !important;}&#8221;][\/vc_column][vc_column width=&#8221;1\/3&#8243; css=&#8221;.vc_custom_1523489635351{border-top-width: 1px !important;border-right-width: 1px !important;border-bottom-width: 1px !important;border-left-width: 1px !important;background-color: #232323 !important;border-left-color: #f1f1f1 !important;border-left-style: solid !important;border-right-color:&hellip;<\/p>\n","protected":false},"author":1,"featured_media":0,"parent":0,"menu_order":0,"comment_status":"closed","ping_status":"closed","template":"","meta":{"content-type":"","inline_featured_image":false,"footnotes":""},"class_list":["post-11840","page","type-page","status-publish","hentry","entry","no-media"],"yoast_head":"<!-- This site is optimized with the Yoast SEO plugin v24.0 - https:\/\/yoast.com\/wordpress\/plugins\/seo\/ -->\n<title>Orca - Octopus tools - automotive imagery solutions<\/title>\n<meta name=\"robots\" content=\"index, follow, max-snippet:-1, max-image-preview:large, max-video-preview:-1\" \/>\n<link rel=\"canonical\" href=\"https:\/\/www.octopus.tools\/sv\/orca\/\" \/>\n<meta property=\"og:locale\" content=\"sv_SE\" \/>\n<meta property=\"og:type\" content=\"article\" \/>\n<meta property=\"og:title\" content=\"Orca - Octopus tools - automotive imagery solutions\" \/>\n<meta property=\"og:description\" content=\"[vc_row full_width=&#8221;stretch_row&#8221; gap=&#8221;20&#8243; equal_height=&#8221;yes&#8221; css=&#8221;.vc_custom_1523489545106{padding-top: 40px !important;background-color: #1e1e1e !important;}&#8221;][vc_column width=&#8221;1\/3&#8243; css=&#8221;.vc_custom_1523489613380{border-top-width: 1px !important;border-right-width: 1px !important;border-bottom-width: 1px !important;border-left-width: 1px !important;background-color: #232323 !important;border-left-color: #f1f1f1 !important;border-left-style: solid !important;border-right-color: #f1f1f1 !important;border-right-style: solid !important;border-top-color: #f1f1f1 !important;border-top-style: solid !important;border-bottom-color: #f1f1f1 !important;border-bottom-style: solid !important;border-radius: 5px !important;}&#8221;][\/vc_column][vc_column width=&#8221;1\/3&#8243; css=&#8221;.vc_custom_1523489635351{border-top-width: 1px !important;border-right-width: 1px !important;border-bottom-width: 1px !important;border-left-width: 1px !important;background-color: #232323 !important;border-left-color: #f1f1f1 !important;border-left-style: solid !important;border-right-color:&hellip;\" \/>\n<meta property=\"og:url\" content=\"https:\/\/www.octopus.tools\/sv\/orca\/\" \/>\n<meta property=\"og:site_name\" content=\"Octopus tools - automotive imagery solutions\" \/>\n<meta property=\"article:publisher\" content=\"https:\/\/www.facebook.com\/yoozoo.de\" \/>\n<meta property=\"article:modified_time\" content=\"2023-09-12T11:50:31+00:00\" \/>\n<meta property=\"og:image\" content=\"https:\/\/www.octopus.tools\/wp-content\/uploads\/2018\/04\/social-share-thumb.jpg\" \/>\n\t<meta property=\"og:image:width\" content=\"900\" \/>\n\t<meta property=\"og:image:height\" content=\"900\" \/>\n\t<meta property=\"og:image:type\" content=\"image\/jpeg\" \/>\n<meta name=\"twitter:card\" content=\"summary_large_image\" \/>\n<meta name=\"twitter:site\" content=\"@yoozoo_de\" \/>\n<meta name=\"twitter:label1\" content=\"Ber\u00e4knad l\u00e4stid\" \/>\n\t<meta name=\"twitter:data1\" content=\"6 minuter\" \/>\n<script type=\"application\/ld+json\" class=\"yoast-schema-graph\">{\"@context\":\"https:\/\/schema.org\",\"@graph\":[{\"@type\":\"WebPage\",\"@id\":\"https:\/\/www.octopus.tools\/sv\/orca\/\",\"url\":\"https:\/\/www.octopus.tools\/sv\/orca\/\",\"name\":\"Orca - Octopus tools - automotive imagery solutions\",\"isPartOf\":{\"@id\":\"https:\/\/www.octopus.tools\/sv\/#website\"},\"datePublished\":\"2021-08-02T08:16:22+00:00\",\"dateModified\":\"2023-09-12T11:50:31+00:00\",\"breadcrumb\":{\"@id\":\"https:\/\/www.octopus.tools\/sv\/orca\/#breadcrumb\"},\"inLanguage\":\"sv-SE\",\"potentialAction\":[{\"@type\":\"ReadAction\",\"target\":[\"https:\/\/www.octopus.tools\/sv\/orca\/\"]}]},{\"@type\":\"BreadcrumbList\",\"@id\":\"https:\/\/www.octopus.tools\/sv\/orca\/#breadcrumb\",\"itemListElement\":[{\"@type\":\"ListItem\",\"position\":1,\"name\":\"Home\",\"item\":\"https:\/\/www.octopus.tools\/sv\/\"},{\"@type\":\"ListItem\",\"position\":2,\"name\":\"Orca\"}]},{\"@type\":\"WebSite\",\"@id\":\"https:\/\/www.octopus.tools\/sv\/#website\",\"url\":\"https:\/\/www.octopus.tools\/sv\/\",\"name\":\"Octopus tools - automotive imagery solutions\",\"description\":\"yoozoo GmbH software\",\"publisher\":{\"@id\":\"https:\/\/www.octopus.tools\/sv\/#organization\"},\"potentialAction\":[{\"@type\":\"SearchAction\",\"target\":{\"@type\":\"EntryPoint\",\"urlTemplate\":\"https:\/\/www.octopus.tools\/sv\/?s={search_term_string}\"},\"query-input\":{\"@type\":\"PropertyValueSpecification\",\"valueRequired\":true,\"valueName\":\"search_term_string\"}}],\"inLanguage\":\"sv-SE\"},{\"@type\":\"Organization\",\"@id\":\"https:\/\/www.octopus.tools\/sv\/#organization\",\"name\":\"Octopus.tools [by yoozoo GmbH]\",\"url\":\"https:\/\/www.octopus.tools\/sv\/\",\"logo\":{\"@type\":\"ImageObject\",\"inLanguage\":\"sv-SE\",\"@id\":\"https:\/\/www.octopus.tools\/sv\/#\/schema\/logo\/image\/\",\"url\":\"https:\/\/www.octopus.tools\/wp-content\/uploads\/2018\/02\/website-octopus-tools-08.svg\",\"contentUrl\":\"https:\/\/www.octopus.tools\/wp-content\/uploads\/2018\/02\/website-octopus-tools-08.svg\",\"caption\":\"Octopus.tools [by yoozoo GmbH]\"},\"image\":{\"@id\":\"https:\/\/www.octopus.tools\/sv\/#\/schema\/logo\/image\/\"},\"sameAs\":[\"https:\/\/www.facebook.com\/yoozoo.de\",\"https:\/\/x.com\/yoozoo_de\"]}]}<\/script>\n<!-- \/ Yoast SEO plugin. -->","yoast_head_json":{"title":"Orca - Octopus tools - automotive imagery solutions","robots":{"index":"index","follow":"follow","max-snippet":"max-snippet:-1","max-image-preview":"max-image-preview:large","max-video-preview":"max-video-preview:-1"},"canonical":"https:\/\/www.octopus.tools\/sv\/orca\/","og_locale":"sv_SE","og_type":"article","og_title":"Orca - Octopus tools - automotive imagery solutions","og_description":"[vc_row full_width=&#8221;stretch_row&#8221; gap=&#8221;20&#8243; equal_height=&#8221;yes&#8221; css=&#8221;.vc_custom_1523489545106{padding-top: 40px !important;background-color: #1e1e1e !important;}&#8221;][vc_column width=&#8221;1\/3&#8243; css=&#8221;.vc_custom_1523489613380{border-top-width: 1px !important;border-right-width: 1px !important;border-bottom-width: 1px !important;border-left-width: 1px !important;background-color: #232323 !important;border-left-color: #f1f1f1 !important;border-left-style: solid !important;border-right-color: #f1f1f1 !important;border-right-style: solid !important;border-top-color: #f1f1f1 !important;border-top-style: solid !important;border-bottom-color: #f1f1f1 !important;border-bottom-style: solid !important;border-radius: 5px !important;}&#8221;][\/vc_column][vc_column width=&#8221;1\/3&#8243; css=&#8221;.vc_custom_1523489635351{border-top-width: 1px !important;border-right-width: 1px !important;border-bottom-width: 1px !important;border-left-width: 1px !important;background-color: #232323 !important;border-left-color: #f1f1f1 !important;border-left-style: solid !important;border-right-color:&hellip;","og_url":"https:\/\/www.octopus.tools\/sv\/orca\/","og_site_name":"Octopus tools - automotive imagery solutions","article_publisher":"https:\/\/www.facebook.com\/yoozoo.de","article_modified_time":"2023-09-12T11:50:31+00:00","og_image":[{"width":900,"height":900,"url":"https:\/\/www.octopus.tools\/wp-content\/uploads\/2018\/04\/social-share-thumb.jpg","type":"image\/jpeg"}],"twitter_card":"summary_large_image","twitter_site":"@yoozoo_de","twitter_misc":{"Ber\u00e4knad l\u00e4stid":"6 minuter"},"schema":{"@context":"https:\/\/schema.org","@graph":[{"@type":"WebPage","@id":"https:\/\/www.octopus.tools\/sv\/orca\/","url":"https:\/\/www.octopus.tools\/sv\/orca\/","name":"Orca - Octopus tools - automotive imagery solutions","isPartOf":{"@id":"https:\/\/www.octopus.tools\/sv\/#website"},"datePublished":"2021-08-02T08:16:22+00:00","dateModified":"2023-09-12T11:50:31+00:00","breadcrumb":{"@id":"https:\/\/www.octopus.tools\/sv\/orca\/#breadcrumb"},"inLanguage":"sv-SE","potentialAction":[{"@type":"ReadAction","target":["https:\/\/www.octopus.tools\/sv\/orca\/"]}]},{"@type":"BreadcrumbList","@id":"https:\/\/www.octopus.tools\/sv\/orca\/#breadcrumb","itemListElement":[{"@type":"ListItem","position":1,"name":"Home","item":"https:\/\/www.octopus.tools\/sv\/"},{"@type":"ListItem","position":2,"name":"Orca"}]},{"@type":"WebSite","@id":"https:\/\/www.octopus.tools\/sv\/#website","url":"https:\/\/www.octopus.tools\/sv\/","name":"Octopus tools - automotive imagery solutions","description":"yoozoo GmbH software","publisher":{"@id":"https:\/\/www.octopus.tools\/sv\/#organization"},"potentialAction":[{"@type":"SearchAction","target":{"@type":"EntryPoint","urlTemplate":"https:\/\/www.octopus.tools\/sv\/?s={search_term_string}"},"query-input":{"@type":"PropertyValueSpecification","valueRequired":true,"valueName":"search_term_string"}}],"inLanguage":"sv-SE"},{"@type":"Organization","@id":"https:\/\/www.octopus.tools\/sv\/#organization","name":"Octopus.tools [by yoozoo GmbH]","url":"https:\/\/www.octopus.tools\/sv\/","logo":{"@type":"ImageObject","inLanguage":"sv-SE","@id":"https:\/\/www.octopus.tools\/sv\/#\/schema\/logo\/image\/","url":"https:\/\/www.octopus.tools\/wp-content\/uploads\/2018\/02\/website-octopus-tools-08.svg","contentUrl":"https:\/\/www.octopus.tools\/wp-content\/uploads\/2018\/02\/website-octopus-tools-08.svg","caption":"Octopus.tools [by yoozoo GmbH]"},"image":{"@id":"https:\/\/www.octopus.tools\/sv\/#\/schema\/logo\/image\/"},"sameAs":["https:\/\/www.facebook.com\/yoozoo.de","https:\/\/x.com\/yoozoo_de"]}]}},"_links":{"self":[{"href":"https:\/\/www.octopus.tools\/sv\/wp-json\/wp\/v2\/pages\/11840","targetHints":{"allow":["GET"]}}],"collection":[{"href":"https:\/\/www.octopus.tools\/sv\/wp-json\/wp\/v2\/pages"}],"about":[{"href":"https:\/\/www.octopus.tools\/sv\/wp-json\/wp\/v2\/types\/page"}],"author":[{"embeddable":true,"href":"https:\/\/www.octopus.tools\/sv\/wp-json\/wp\/v2\/users\/1"}],"replies":[{"embeddable":true,"href":"https:\/\/www.octopus.tools\/sv\/wp-json\/wp\/v2\/comments?post=11840"}],"version-history":[{"count":0,"href":"https:\/\/www.octopus.tools\/sv\/wp-json\/wp\/v2\/pages\/11840\/revisions"}],"wp:attachment":[{"href":"https:\/\/www.octopus.tools\/sv\/wp-json\/wp\/v2\/media?parent=11840"}],"curies":[{"name":"wp","href":"https:\/\/api.w.org\/{rel}","templated":true}]}}