{"id":11843,"date":"2021-08-02T08:24:14","date_gmt":"2021-08-02T08:24:14","guid":{"rendered":"https:\/\/octopus.tools\/eagle\/"},"modified":"2023-09-12T13:03:50","modified_gmt":"2023-09-12T12:03:50","slug":"eagle","status":"publish","type":"page","link":"https:\/\/www.octopus.tools\/sv\/eagle\/","title":{"rendered":"Eagle"},"content":{"rendered":"<div class=\"wpb-content-wrapper\">[vc_row full_width=&#8221;stretch_row&#8221; gap=&#8221;20&#8243; equal_height=&#8221;yes&#8221; css=&#8221;.vc_custom_1523490905541{padding-top: 40px !important;background-color: #1e1e1e !important;}&#8221;][vc_column width=&#8221;1\/3&#8243; css=&#8221;.vc_custom_1523490844470{background-color: #232323 !important;border: 1px solid #f1f1f1 !important;border-radius: 5px !important;}&#8221;]<div class=\"vcex-module vcex-icon-box vcex-icon-box-four wpex-block wpex-text-center wpex-p-30 wpex-bordered vc_custom_1694520203161\"><div class=\"vcex-icon-box-symbol wpex-mb-20\" style=\"margin-bottom:10px;\"><div class=\"vcex-icon-box-icon wpex-inline-flex wpex-items-center wpex-justify-center wpex-child-inherit-color wpex-text-center wpex-leading-none wpex-text-1\" style=\"color:#904d16;font-size:30px;\"><span class=\"ticon ticon-check-square\" aria-hidden=\"true\"><\/span><\/div><\/div><div class=\"vcex-icon-box-text\"><h1 class=\"vcex-icon-box-heading wpex-heading\" style=\"color:#f2f2f2;--wpex-hover-heading-link-color:#f2f2f2;font-size:25px;margin-bottom:0px;text-transform:none;\">Total transparens<\/h1><div class=\"vcex-icon-box-content wpex-last-mb-0 wpex-clr\" style=\"color:#f2f2f2;\"><p>The Eagle ger dig total transparens n\u00e4r som helst.<\/p>\n<\/div><\/div><\/div>[\/vc_column][vc_column width=&#8221;1\/3&#8243; css=&#8221;.vc_custom_1523490867511{background-color: #232323 !important;border: 1px solid #f1f1f1 !important;border-radius: 5px !important;}&#8221;]<div class=\"vcex-module vcex-icon-box vcex-icon-box-four wpex-block wpex-text-center wpex-p-30 wpex-bordered vc_custom_1694520212708\"><div class=\"vcex-icon-box-symbol wpex-mb-20\" style=\"margin-bottom:10px;\"><div class=\"vcex-icon-box-icon wpex-inline-flex wpex-items-center wpex-justify-center wpex-child-inherit-color wpex-text-center wpex-leading-none wpex-text-1\" style=\"color:#904d16;font-size:30px;\"><span class=\"ticon ticon-check-square\" aria-hidden=\"true\"><\/span><\/div><\/div><div class=\"vcex-icon-box-text\"><h1 class=\"vcex-icon-box-heading wpex-heading\" style=\"color:#f2f2f2;--wpex-hover-heading-link-color:#f2f2f2;font-size:25px;margin-bottom:0px;text-transform:none;\">Flexibelt<\/h1><div class=\"vcex-icon-box-content wpex-last-mb-0 wpex-clr\" style=\"color:#f2f2f2;\"><p>Du best\u00e4mmer vilken information du vil se<\/p>\n<\/div><\/div><\/div>[\/vc_column][vc_column width=&#8221;1\/3&#8243; css=&#8221;.vc_custom_1523490893138{background-color: #232323 !important;border: 1px solid #f1f1f1 !important;border-radius: 5px !important;}&#8221;]<div class=\"vcex-module vcex-icon-box vcex-icon-box-four wpex-block wpex-text-center wpex-p-30 wpex-bordered vc_custom_1694520222050\"><div class=\"vcex-icon-box-symbol wpex-mb-20\" style=\"margin-bottom:10px;\"><div class=\"vcex-icon-box-icon wpex-inline-flex wpex-items-center wpex-justify-center wpex-child-inherit-color wpex-text-center wpex-leading-none wpex-text-1\" style=\"color:#904d16;font-size:30px;\"><span class=\"ticon ticon-check-square\" aria-hidden=\"true\"><\/span><\/div><\/div><div class=\"vcex-icon-box-text\"><h1 class=\"vcex-icon-box-heading wpex-heading\" style=\"color:#f2f2f2;--wpex-hover-heading-link-color:#f2f2f2;font-size:25px;margin-bottom:0px;text-transform:none;\">Responsiv<\/h1><div class=\"vcex-icon-box-content wpex-last-mb-0 wpex-clr\" style=\"color:#f2f2f2;\"><p>The Eagle fungerar p\u00e5 alla dina enheter<\/p>\n<\/div><\/div><\/div>[\/vc_column][\/vc_row][vc_row full_width=&#8221;stretch_row&#8221; css=&#8221;.vc_custom_1523490950742{background-color: #3d3d3d !important;}&#8221;][vc_column][vc_empty_space height=&#8221;40px&#8221;]<style>.vcex-heading.vcex_69de2dd9bac7d .vcex-heading-inner{border-color:#fc9a00;}.vcex-heading.vcex_69de2dd9bac7d{border-color:#e2e2e2;}<\/style><h2 class=\"vcex-heading vcex-heading-bottom-border-w-color vcex-module wpex-heading wpex-text-2xl wpex-border-b-2 wpex-border-solid wpex-border-main vcex_69de2dd9bac7d\"><span class=\"vcex-heading-inner wpex-inline-block wpex-relative wpex-pb-5 wpex-border-b-2 wpex-border-solid wpex-border-accent\">Vad \u00e4r the Eagle<\/span><\/h2>[vc_empty_space height=&#8221;20&#8243;][vc_column_text]The eagle \u00e4r en l\u00f6sning f\u00f6r mellanstora och stora f\u00f6retag, men ocks\u00e5 f\u00f6r \u00e5terf\u00f6rs\u00e4ljare att f\u00e5 en \u00f6versikt. H\u00e4r hittar du all relevant information som \u00e4r sammankopplat med din fotografering och redigering. Fullt anpassningsbart. \u00c4r du ansvarig f\u00f6r fotografering eller den digitala presentationen av era fordon? D\u00e5 kan f\u00f6ljande information vara intressant f\u00f6r dig: &#8211; Vilka bilder \u00e4r f\u00f6r tillf\u00e4lligt under bearbetning &#8211; N\u00e4r f\u00f6rv\u00e4ntas bilderna vara klara &#8211; F\u00f6re och efter kontroll p\u00e5 bilder f\u00f6r kvalitetss\u00e4kring \u00c4r du chef f\u00f6r en bil\u00e5terf\u00f6rs\u00e4ljare? D\u00e5 kan f\u00f6ljande vara intressant f\u00f6r dig: &#8211; Hur l\u00e5ngt tid tar det i snitt innan ett foto kommer tillbaka f\u00f6r publicering &#8211; L\u00f6pande kostnader f\u00f6r fotografering och redigering &#8211; F\u00e5 rapporteringen uppdelad baserad p\u00e5 olika filialer, anst\u00e4llda och typ av redigering. Som en partner beh\u00f6ver du s\u00e5klart ocks\u00e5 veta &#8211; Hur m\u00e5nga foton en viss kund redigerade vid en given tidpunkt &#8211; Leveranstiden f\u00f6r redigerade bilder till dina kunder &#8211; F\u00f6rs\u00e4ljningsvolym som genererats under en specifik tidsperiod. Man kan v\u00e4lja att visa informationen p\u00e5 en dator, TV eller en smartphone. Ut\u00f6ver detta s\u00e5 finns det \u00e4ven en m\u00e4ngd information att visa. Allt ifr\u00e5n antalet bilar som inte har fotograferats \u00e4nnu. Hur l\u00e5ng tid det tar i snitt f\u00f6r ett fordon att bli fotograferat. Baserat p\u00e5 denna information kan man ocks\u00e5 skapa fl\u00f6den f\u00f6r fotografen s\u00e5 att man prioriterar fordon i r\u00e4tt ordning.[\/vc_column_text][\/vc_column][\/vc_row]\n<\/div>","protected":false},"excerpt":{"rendered":"<p>[vc_row full_width=&#8221;stretch_row&#8221; gap=&#8221;20&#8243; equal_height=&#8221;yes&#8221; css=&#8221;.vc_custom_1523490905541{padding-top: 40px !important;background-color: #1e1e1e !important;}&#8221;][vc_column width=&#8221;1\/3&#8243; css=&#8221;.vc_custom_1523490844470{background-color: #232323 !important;border: 1px solid #f1f1f1 !important;border-radius: 5px !important;}&#8221;][\/vc_column][vc_column width=&#8221;1\/3&#8243; css=&#8221;.vc_custom_1523490867511{background-color: #232323 !important;border: 1px solid #f1f1f1 !important;border-radius: 5px !important;}&#8221;][\/vc_column][vc_column width=&#8221;1\/3&#8243; css=&#8221;.vc_custom_1523490893138{background-color: #232323 !important;border: 1px solid #f1f1f1 !important;border-radius: 5px !important;}&#8221;][\/vc_column][\/vc_row][vc_row full_width=&#8221;stretch_row&#8221; css=&#8221;.vc_custom_1523490950742{background-color: #3d3d3d !important;}&#8221;][vc_column][vc_empty_space height=&#8221;40px&#8221;][vc_empty_space height=&#8221;20&#8243;][vc_column_text]The eagle \u00e4r en l\u00f6sning f\u00f6r mellanstora och stora f\u00f6retag, men&hellip;<\/p>\n","protected":false},"author":1,"featured_media":0,"parent":0,"menu_order":0,"comment_status":"closed","ping_status":"closed","template":"","meta":{"content-type":"","inline_featured_image":false,"footnotes":""},"class_list":["post-11843","page","type-page","status-publish","hentry","entry","no-media"],"yoast_head":"<!-- This site is optimized with the Yoast SEO plugin v24.0 - https:\/\/yoast.com\/wordpress\/plugins\/seo\/ -->\n<title>Eagle - Octopus tools - automotive imagery solutions<\/title>\n<meta name=\"robots\" content=\"index, follow, max-snippet:-1, max-image-preview:large, max-video-preview:-1\" \/>\n<link rel=\"canonical\" href=\"https:\/\/www.octopus.tools\/sv\/eagle\/\" \/>\n<meta property=\"og:locale\" content=\"sv_SE\" \/>\n<meta property=\"og:type\" content=\"article\" \/>\n<meta property=\"og:title\" content=\"Eagle - Octopus tools - automotive imagery solutions\" \/>\n<meta property=\"og:description\" content=\"[vc_row full_width=&#8221;stretch_row&#8221; gap=&#8221;20&#8243; equal_height=&#8221;yes&#8221; css=&#8221;.vc_custom_1523490905541{padding-top: 40px !important;background-color: #1e1e1e !important;}&#8221;][vc_column width=&#8221;1\/3&#8243; css=&#8221;.vc_custom_1523490844470{background-color: #232323 !important;border: 1px solid #f1f1f1 !important;border-radius: 5px !important;}&#8221;][\/vc_column][vc_column width=&#8221;1\/3&#8243; css=&#8221;.vc_custom_1523490867511{background-color: #232323 !important;border: 1px solid #f1f1f1 !important;border-radius: 5px !important;}&#8221;][\/vc_column][vc_column width=&#8221;1\/3&#8243; css=&#8221;.vc_custom_1523490893138{background-color: #232323 !important;border: 1px solid #f1f1f1 !important;border-radius: 5px !important;}&#8221;][\/vc_column][\/vc_row][vc_row full_width=&#8221;stretch_row&#8221; css=&#8221;.vc_custom_1523490950742{background-color: #3d3d3d !important;}&#8221;][vc_column][vc_empty_space height=&#8221;40px&#8221;][vc_empty_space height=&#8221;20&#8243;][vc_column_text]The eagle \u00e4r en l\u00f6sning f\u00f6r mellanstora och stora f\u00f6retag, men&hellip;\" \/>\n<meta property=\"og:url\" content=\"https:\/\/www.octopus.tools\/sv\/eagle\/\" \/>\n<meta property=\"og:site_name\" content=\"Octopus tools - automotive imagery solutions\" \/>\n<meta property=\"article:publisher\" content=\"https:\/\/www.facebook.com\/yoozoo.de\" \/>\n<meta property=\"article:modified_time\" content=\"2023-09-12T12:03:50+00:00\" \/>\n<meta property=\"og:image\" content=\"https:\/\/www.octopus.tools\/wp-content\/uploads\/2018\/04\/social-share-thumb.jpg\" \/>\n\t<meta property=\"og:image:width\" content=\"900\" \/>\n\t<meta property=\"og:image:height\" content=\"900\" \/>\n\t<meta property=\"og:image:type\" content=\"image\/jpeg\" \/>\n<meta name=\"twitter:card\" content=\"summary_large_image\" \/>\n<meta name=\"twitter:site\" content=\"@yoozoo_de\" \/>\n<meta name=\"twitter:label1\" content=\"Ber\u00e4knad l\u00e4stid\" \/>\n\t<meta name=\"twitter:data1\" content=\"3 minuter\" \/>\n<script type=\"application\/ld+json\" class=\"yoast-schema-graph\">{\"@context\":\"https:\/\/schema.org\",\"@graph\":[{\"@type\":\"WebPage\",\"@id\":\"https:\/\/www.octopus.tools\/sv\/eagle\/\",\"url\":\"https:\/\/www.octopus.tools\/sv\/eagle\/\",\"name\":\"Eagle - Octopus tools - automotive imagery solutions\",\"isPartOf\":{\"@id\":\"https:\/\/www.octopus.tools\/sv\/#website\"},\"datePublished\":\"2021-08-02T08:24:14+00:00\",\"dateModified\":\"2023-09-12T12:03:50+00:00\",\"breadcrumb\":{\"@id\":\"https:\/\/www.octopus.tools\/sv\/eagle\/#breadcrumb\"},\"inLanguage\":\"sv-SE\",\"potentialAction\":[{\"@type\":\"ReadAction\",\"target\":[\"https:\/\/www.octopus.tools\/sv\/eagle\/\"]}]},{\"@type\":\"BreadcrumbList\",\"@id\":\"https:\/\/www.octopus.tools\/sv\/eagle\/#breadcrumb\",\"itemListElement\":[{\"@type\":\"ListItem\",\"position\":1,\"name\":\"Home\",\"item\":\"https:\/\/www.octopus.tools\/sv\/\"},{\"@type\":\"ListItem\",\"position\":2,\"name\":\"Eagle\"}]},{\"@type\":\"WebSite\",\"@id\":\"https:\/\/www.octopus.tools\/sv\/#website\",\"url\":\"https:\/\/www.octopus.tools\/sv\/\",\"name\":\"Octopus tools - automotive imagery solutions\",\"description\":\"yoozoo GmbH software\",\"publisher\":{\"@id\":\"https:\/\/www.octopus.tools\/sv\/#organization\"},\"potentialAction\":[{\"@type\":\"SearchAction\",\"target\":{\"@type\":\"EntryPoint\",\"urlTemplate\":\"https:\/\/www.octopus.tools\/sv\/?s={search_term_string}\"},\"query-input\":{\"@type\":\"PropertyValueSpecification\",\"valueRequired\":true,\"valueName\":\"search_term_string\"}}],\"inLanguage\":\"sv-SE\"},{\"@type\":\"Organization\",\"@id\":\"https:\/\/www.octopus.tools\/sv\/#organization\",\"name\":\"Octopus.tools [by yoozoo GmbH]\",\"url\":\"https:\/\/www.octopus.tools\/sv\/\",\"logo\":{\"@type\":\"ImageObject\",\"inLanguage\":\"sv-SE\",\"@id\":\"https:\/\/www.octopus.tools\/sv\/#\/schema\/logo\/image\/\",\"url\":\"https:\/\/www.octopus.tools\/wp-content\/uploads\/2018\/02\/website-octopus-tools-08.svg\",\"contentUrl\":\"https:\/\/www.octopus.tools\/wp-content\/uploads\/2018\/02\/website-octopus-tools-08.svg\",\"caption\":\"Octopus.tools [by yoozoo GmbH]\"},\"image\":{\"@id\":\"https:\/\/www.octopus.tools\/sv\/#\/schema\/logo\/image\/\"},\"sameAs\":[\"https:\/\/www.facebook.com\/yoozoo.de\",\"https:\/\/x.com\/yoozoo_de\"]}]}<\/script>\n<!-- \/ Yoast SEO plugin. -->","yoast_head_json":{"title":"Eagle - Octopus tools - automotive imagery solutions","robots":{"index":"index","follow":"follow","max-snippet":"max-snippet:-1","max-image-preview":"max-image-preview:large","max-video-preview":"max-video-preview:-1"},"canonical":"https:\/\/www.octopus.tools\/sv\/eagle\/","og_locale":"sv_SE","og_type":"article","og_title":"Eagle - Octopus tools - automotive imagery solutions","og_description":"[vc_row full_width=&#8221;stretch_row&#8221; gap=&#8221;20&#8243; equal_height=&#8221;yes&#8221; css=&#8221;.vc_custom_1523490905541{padding-top: 40px !important;background-color: #1e1e1e !important;}&#8221;][vc_column width=&#8221;1\/3&#8243; css=&#8221;.vc_custom_1523490844470{background-color: #232323 !important;border: 1px solid #f1f1f1 !important;border-radius: 5px !important;}&#8221;][\/vc_column][vc_column width=&#8221;1\/3&#8243; css=&#8221;.vc_custom_1523490867511{background-color: #232323 !important;border: 1px solid #f1f1f1 !important;border-radius: 5px !important;}&#8221;][\/vc_column][vc_column width=&#8221;1\/3&#8243; css=&#8221;.vc_custom_1523490893138{background-color: #232323 !important;border: 1px solid #f1f1f1 !important;border-radius: 5px !important;}&#8221;][\/vc_column][\/vc_row][vc_row full_width=&#8221;stretch_row&#8221; css=&#8221;.vc_custom_1523490950742{background-color: #3d3d3d !important;}&#8221;][vc_column][vc_empty_space height=&#8221;40px&#8221;][vc_empty_space height=&#8221;20&#8243;][vc_column_text]The eagle \u00e4r en l\u00f6sning f\u00f6r mellanstora och stora f\u00f6retag, men&hellip;","og_url":"https:\/\/www.octopus.tools\/sv\/eagle\/","og_site_name":"Octopus tools - automotive imagery solutions","article_publisher":"https:\/\/www.facebook.com\/yoozoo.de","article_modified_time":"2023-09-12T12:03:50+00:00","og_image":[{"width":900,"height":900,"url":"https:\/\/www.octopus.tools\/wp-content\/uploads\/2018\/04\/social-share-thumb.jpg","type":"image\/jpeg"}],"twitter_card":"summary_large_image","twitter_site":"@yoozoo_de","twitter_misc":{"Ber\u00e4knad l\u00e4stid":"3 minuter"},"schema":{"@context":"https:\/\/schema.org","@graph":[{"@type":"WebPage","@id":"https:\/\/www.octopus.tools\/sv\/eagle\/","url":"https:\/\/www.octopus.tools\/sv\/eagle\/","name":"Eagle - Octopus tools - automotive imagery solutions","isPartOf":{"@id":"https:\/\/www.octopus.tools\/sv\/#website"},"datePublished":"2021-08-02T08:24:14+00:00","dateModified":"2023-09-12T12:03:50+00:00","breadcrumb":{"@id":"https:\/\/www.octopus.tools\/sv\/eagle\/#breadcrumb"},"inLanguage":"sv-SE","potentialAction":[{"@type":"ReadAction","target":["https:\/\/www.octopus.tools\/sv\/eagle\/"]}]},{"@type":"BreadcrumbList","@id":"https:\/\/www.octopus.tools\/sv\/eagle\/#breadcrumb","itemListElement":[{"@type":"ListItem","position":1,"name":"Home","item":"https:\/\/www.octopus.tools\/sv\/"},{"@type":"ListItem","position":2,"name":"Eagle"}]},{"@type":"WebSite","@id":"https:\/\/www.octopus.tools\/sv\/#website","url":"https:\/\/www.octopus.tools\/sv\/","name":"Octopus tools - automotive imagery solutions","description":"yoozoo GmbH software","publisher":{"@id":"https:\/\/www.octopus.tools\/sv\/#organization"},"potentialAction":[{"@type":"SearchAction","target":{"@type":"EntryPoint","urlTemplate":"https:\/\/www.octopus.tools\/sv\/?s={search_term_string}"},"query-input":{"@type":"PropertyValueSpecification","valueRequired":true,"valueName":"search_term_string"}}],"inLanguage":"sv-SE"},{"@type":"Organization","@id":"https:\/\/www.octopus.tools\/sv\/#organization","name":"Octopus.tools [by yoozoo GmbH]","url":"https:\/\/www.octopus.tools\/sv\/","logo":{"@type":"ImageObject","inLanguage":"sv-SE","@id":"https:\/\/www.octopus.tools\/sv\/#\/schema\/logo\/image\/","url":"https:\/\/www.octopus.tools\/wp-content\/uploads\/2018\/02\/website-octopus-tools-08.svg","contentUrl":"https:\/\/www.octopus.tools\/wp-content\/uploads\/2018\/02\/website-octopus-tools-08.svg","caption":"Octopus.tools [by yoozoo GmbH]"},"image":{"@id":"https:\/\/www.octopus.tools\/sv\/#\/schema\/logo\/image\/"},"sameAs":["https:\/\/www.facebook.com\/yoozoo.de","https:\/\/x.com\/yoozoo_de"]}]}},"_links":{"self":[{"href":"https:\/\/www.octopus.tools\/sv\/wp-json\/wp\/v2\/pages\/11843","targetHints":{"allow":["GET"]}}],"collection":[{"href":"https:\/\/www.octopus.tools\/sv\/wp-json\/wp\/v2\/pages"}],"about":[{"href":"https:\/\/www.octopus.tools\/sv\/wp-json\/wp\/v2\/types\/page"}],"author":[{"embeddable":true,"href":"https:\/\/www.octopus.tools\/sv\/wp-json\/wp\/v2\/users\/1"}],"replies":[{"embeddable":true,"href":"https:\/\/www.octopus.tools\/sv\/wp-json\/wp\/v2\/comments?post=11843"}],"version-history":[{"count":0,"href":"https:\/\/www.octopus.tools\/sv\/wp-json\/wp\/v2\/pages\/11843\/revisions"}],"wp:attachment":[{"href":"https:\/\/www.octopus.tools\/sv\/wp-json\/wp\/v2\/media?parent=11843"}],"curies":[{"name":"wp","href":"https:\/\/api.w.org\/{rel}","templated":true}]}}