{"id":11857,"date":"2021-08-11T10:06:37","date_gmt":"2021-08-11T10:06:37","guid":{"rendered":"https:\/\/octopus.tools\/pragling\/"},"modified":"2021-10-07T09:20:30","modified_gmt":"2021-10-07T09:20:30","slug":"pragling","status":"publish","type":"page","link":"https:\/\/www.octopus.tools\/sv\/pragling\/","title":{"rendered":"Pr\u00e4gling"},"content":{"rendered":"<div class=\"wpb-content-wrapper\">[vc_row][vc_column][vc_empty_space height=&#8221;40px&#8221;][\/vc_column][\/vc_row][vc_row][vc_column width=&#8221;1\/2&#8243;][vc_column_text]<strong>Enligt \u00a7 5 TMG:<\/strong><br \/>\nOctopus.tools \u00e4r yoozoo GmbH product<br \/>\nyoozoo GmbH<br \/>\nSalzburger Stra\u00dfe 18<br \/>\n10825 Berlin<\/p>\n<p><strong>Representerad av:<\/strong><br \/>\nJochen Heine[\/vc_column_text][\/vc_column][vc_column width=&#8221;1\/2&#8243;][vc_column_text]<strong>Contact:<\/strong><br \/>\nTelephone: +49 (0) 30 588 444 44<\/p>\n<p>E-mail: [wpml_mailto email=\u201dinfo@yoozoo.de\u201d]info@yoozoo.de[\/wpml_mailto]\nWebsida: <a href=\"http:\/\/www.yoozoo.de\" target=\"_blank\" rel=\"noopener noreferrer\">www.yoozoo.de<\/a><\/p>\n<p><strong>Register:<\/strong><br \/>\nRegistration in the commercial register.<br \/>\nRegister court: Amtsgericht Charlottenburg<br \/>\nRegistration number: HRB 156421B<br \/>\nVAT identification number according to \u00a727 a sales tax law: DE265269110[\/vc_column_text][\/vc_column][\/vc_row][vc_row][vc_column][vc_column_text]Inneh\u00e5llet p\u00e5 denna sida \u00e4r sammanst\u00e4lld efter v\u00e5ra b\u00e4sta kunskaper. Ansvar av att anv\u00e4nda informationen p\u00e5 hemsidan och dess inneh\u00e5ll \u00e4r exkluderat. Om du har specifika fr\u00e5gor om vissa \u00e4mnen, var god kontakta oss via telefon, fax eller e-mail<\/p>\n<p>Inneh\u00e5llet p\u00e5 andra sidor som denna sida refererar till \u00e4r utanf\u00f6r v\u00e5rt ansvarsomr\u00e5de. Du f\u00f6ljer dessa l\u00e4nkar p\u00e5 egen risk.<\/p>\n<p>Reproduktion, processering, distribuering och annan exploatering av inneh\u00e5ll och arbeten skapade av oss p\u00e5 denna websida f\u00e5r ej anv\u00e4ndas utan v\u00e5r skriftliga medgivande. Att ladda ner och kopiera fr\u00e5n denna websida \u00e4r endast f\u00f6r privat bruk i icke kommersiellt syfte.[\/vc_column_text][\/vc_column][\/vc_row]\n<\/div>","protected":false},"excerpt":{"rendered":"<p>[vc_row][vc_column][vc_empty_space height=&#8221;40px&#8221;][\/vc_column][\/vc_row][vc_row][vc_column width=&#8221;1\/2&#8243;][vc_column_text]Enligt \u00a7 5 TMG: Octopus.tools \u00e4r yoozoo GmbH product yoozoo GmbH Salzburger Stra\u00dfe 18 10825 Berlin Representerad av: Jochen Heine[\/vc_column_text][\/vc_column][vc_column width=&#8221;1\/2&#8243;][vc_column_text]Contact: Telephone: +49 (0) 30 588 444 44 E-mail: [wpml_mailto email=\u201dinfo@yoozoo.de\u201d]info@yoozoo.de[\/wpml_mailto] Websida: www.yoozoo.de Register: Registration in the commercial register. Register court: Amtsgericht Charlottenburg Registration number: HRB 156421B VAT identification number according to \u00a727&hellip;<\/p>\n","protected":false},"author":1,"featured_media":0,"parent":0,"menu_order":0,"comment_status":"closed","ping_status":"closed","template":"","meta":{"content-type":"","inline_featured_image":false,"footnotes":""},"class_list":["post-11857","page","type-page","status-publish","hentry","entry","no-media"],"yoast_head":"<!-- This site is optimized with the Yoast SEO plugin v24.0 - https:\/\/yoast.com\/wordpress\/plugins\/seo\/ -->\n<title>Pr\u00e4gling - Octopus tools - automotive imagery solutions<\/title>\n<meta name=\"robots\" content=\"index, follow, max-snippet:-1, max-image-preview:large, max-video-preview:-1\" \/>\n<link rel=\"canonical\" href=\"https:\/\/www.octopus.tools\/sv\/pragling\/\" \/>\n<meta property=\"og:locale\" content=\"sv_SE\" \/>\n<meta property=\"og:type\" content=\"article\" \/>\n<meta property=\"og:title\" content=\"Pr\u00e4gling - Octopus tools - automotive imagery solutions\" \/>\n<meta property=\"og:description\" content=\"[vc_row][vc_column][vc_empty_space height=&#8221;40px&#8221;][\/vc_column][\/vc_row][vc_row][vc_column width=&#8221;1\/2&#8243;][vc_column_text]Enligt \u00a7 5 TMG: Octopus.tools \u00e4r yoozoo GmbH product yoozoo GmbH Salzburger Stra\u00dfe 18 10825 Berlin Representerad av: Jochen Heine[\/vc_column_text][\/vc_column][vc_column width=&#8221;1\/2&#8243;][vc_column_text]Contact: Telephone: +49 (0) 30 588 444 44 E-mail: [wpml_mailto email=\u201dinfo@yoozoo.de\u201d]info@yoozoo.de[\/wpml_mailto] Websida: www.yoozoo.de Register: Registration in the commercial register. Register court: Amtsgericht Charlottenburg Registration number: HRB 156421B VAT identification number according to \u00a727&hellip;\" \/>\n<meta property=\"og:url\" content=\"https:\/\/www.octopus.tools\/sv\/pragling\/\" \/>\n<meta property=\"og:site_name\" content=\"Octopus tools - automotive imagery solutions\" \/>\n<meta property=\"article:publisher\" content=\"https:\/\/www.facebook.com\/yoozoo.de\" \/>\n<meta property=\"article:modified_time\" content=\"2021-10-07T09:20:30+00:00\" \/>\n<meta property=\"og:image\" content=\"https:\/\/www.octopus.tools\/wp-content\/uploads\/2018\/04\/social-share-thumb.jpg\" \/>\n\t<meta property=\"og:image:width\" content=\"900\" \/>\n\t<meta property=\"og:image:height\" content=\"900\" \/>\n\t<meta property=\"og:image:type\" content=\"image\/jpeg\" \/>\n<meta name=\"twitter:card\" content=\"summary_large_image\" \/>\n<meta name=\"twitter:site\" content=\"@yoozoo_de\" \/>\n<meta name=\"twitter:label1\" content=\"Ber\u00e4knad l\u00e4stid\" \/>\n\t<meta name=\"twitter:data1\" content=\"1 minut\" \/>\n<script type=\"application\/ld+json\" class=\"yoast-schema-graph\">{\"@context\":\"https:\/\/schema.org\",\"@graph\":[{\"@type\":\"WebPage\",\"@id\":\"https:\/\/www.octopus.tools\/sv\/pragling\/\",\"url\":\"https:\/\/www.octopus.tools\/sv\/pragling\/\",\"name\":\"Pr\u00e4gling - Octopus tools - automotive imagery solutions\",\"isPartOf\":{\"@id\":\"https:\/\/www.octopus.tools\/sv\/#website\"},\"datePublished\":\"2021-08-11T10:06:37+00:00\",\"dateModified\":\"2021-10-07T09:20:30+00:00\",\"breadcrumb\":{\"@id\":\"https:\/\/www.octopus.tools\/sv\/pragling\/#breadcrumb\"},\"inLanguage\":\"sv-SE\",\"potentialAction\":[{\"@type\":\"ReadAction\",\"target\":[\"https:\/\/www.octopus.tools\/sv\/pragling\/\"]}]},{\"@type\":\"BreadcrumbList\",\"@id\":\"https:\/\/www.octopus.tools\/sv\/pragling\/#breadcrumb\",\"itemListElement\":[{\"@type\":\"ListItem\",\"position\":1,\"name\":\"Home\",\"item\":\"https:\/\/www.octopus.tools\/sv\/\"},{\"@type\":\"ListItem\",\"position\":2,\"name\":\"Pr\u00e4gling\"}]},{\"@type\":\"WebSite\",\"@id\":\"https:\/\/www.octopus.tools\/sv\/#website\",\"url\":\"https:\/\/www.octopus.tools\/sv\/\",\"name\":\"Octopus tools - automotive imagery solutions\",\"description\":\"yoozoo GmbH software\",\"publisher\":{\"@id\":\"https:\/\/www.octopus.tools\/sv\/#organization\"},\"potentialAction\":[{\"@type\":\"SearchAction\",\"target\":{\"@type\":\"EntryPoint\",\"urlTemplate\":\"https:\/\/www.octopus.tools\/sv\/?s={search_term_string}\"},\"query-input\":{\"@type\":\"PropertyValueSpecification\",\"valueRequired\":true,\"valueName\":\"search_term_string\"}}],\"inLanguage\":\"sv-SE\"},{\"@type\":\"Organization\",\"@id\":\"https:\/\/www.octopus.tools\/sv\/#organization\",\"name\":\"Octopus.tools [by yoozoo GmbH]\",\"url\":\"https:\/\/www.octopus.tools\/sv\/\",\"logo\":{\"@type\":\"ImageObject\",\"inLanguage\":\"sv-SE\",\"@id\":\"https:\/\/www.octopus.tools\/sv\/#\/schema\/logo\/image\/\",\"url\":\"https:\/\/www.octopus.tools\/wp-content\/uploads\/2018\/02\/website-octopus-tools-08.svg\",\"contentUrl\":\"https:\/\/www.octopus.tools\/wp-content\/uploads\/2018\/02\/website-octopus-tools-08.svg\",\"caption\":\"Octopus.tools [by yoozoo GmbH]\"},\"image\":{\"@id\":\"https:\/\/www.octopus.tools\/sv\/#\/schema\/logo\/image\/\"},\"sameAs\":[\"https:\/\/www.facebook.com\/yoozoo.de\",\"https:\/\/x.com\/yoozoo_de\"]}]}<\/script>\n<!-- \/ Yoast SEO plugin. -->","yoast_head_json":{"title":"Pr\u00e4gling - Octopus tools - automotive imagery solutions","robots":{"index":"index","follow":"follow","max-snippet":"max-snippet:-1","max-image-preview":"max-image-preview:large","max-video-preview":"max-video-preview:-1"},"canonical":"https:\/\/www.octopus.tools\/sv\/pragling\/","og_locale":"sv_SE","og_type":"article","og_title":"Pr\u00e4gling - Octopus tools - automotive imagery solutions","og_description":"[vc_row][vc_column][vc_empty_space height=&#8221;40px&#8221;][\/vc_column][\/vc_row][vc_row][vc_column width=&#8221;1\/2&#8243;][vc_column_text]Enligt \u00a7 5 TMG: Octopus.tools \u00e4r yoozoo GmbH product yoozoo GmbH Salzburger Stra\u00dfe 18 10825 Berlin Representerad av: Jochen Heine[\/vc_column_text][\/vc_column][vc_column width=&#8221;1\/2&#8243;][vc_column_text]Contact: Telephone: +49 (0) 30 588 444 44 E-mail: [wpml_mailto email=\u201dinfo@yoozoo.de\u201d]info@yoozoo.de[\/wpml_mailto] Websida: www.yoozoo.de Register: Registration in the commercial register. Register court: Amtsgericht Charlottenburg Registration number: HRB 156421B VAT identification number according to \u00a727&hellip;","og_url":"https:\/\/www.octopus.tools\/sv\/pragling\/","og_site_name":"Octopus tools - automotive imagery solutions","article_publisher":"https:\/\/www.facebook.com\/yoozoo.de","article_modified_time":"2021-10-07T09:20:30+00:00","og_image":[{"width":900,"height":900,"url":"https:\/\/www.octopus.tools\/wp-content\/uploads\/2018\/04\/social-share-thumb.jpg","type":"image\/jpeg"}],"twitter_card":"summary_large_image","twitter_site":"@yoozoo_de","twitter_misc":{"Ber\u00e4knad l\u00e4stid":"1 minut"},"schema":{"@context":"https:\/\/schema.org","@graph":[{"@type":"WebPage","@id":"https:\/\/www.octopus.tools\/sv\/pragling\/","url":"https:\/\/www.octopus.tools\/sv\/pragling\/","name":"Pr\u00e4gling - Octopus tools - automotive imagery solutions","isPartOf":{"@id":"https:\/\/www.octopus.tools\/sv\/#website"},"datePublished":"2021-08-11T10:06:37+00:00","dateModified":"2021-10-07T09:20:30+00:00","breadcrumb":{"@id":"https:\/\/www.octopus.tools\/sv\/pragling\/#breadcrumb"},"inLanguage":"sv-SE","potentialAction":[{"@type":"ReadAction","target":["https:\/\/www.octopus.tools\/sv\/pragling\/"]}]},{"@type":"BreadcrumbList","@id":"https:\/\/www.octopus.tools\/sv\/pragling\/#breadcrumb","itemListElement":[{"@type":"ListItem","position":1,"name":"Home","item":"https:\/\/www.octopus.tools\/sv\/"},{"@type":"ListItem","position":2,"name":"Pr\u00e4gling"}]},{"@type":"WebSite","@id":"https:\/\/www.octopus.tools\/sv\/#website","url":"https:\/\/www.octopus.tools\/sv\/","name":"Octopus tools - automotive imagery solutions","description":"yoozoo GmbH software","publisher":{"@id":"https:\/\/www.octopus.tools\/sv\/#organization"},"potentialAction":[{"@type":"SearchAction","target":{"@type":"EntryPoint","urlTemplate":"https:\/\/www.octopus.tools\/sv\/?s={search_term_string}"},"query-input":{"@type":"PropertyValueSpecification","valueRequired":true,"valueName":"search_term_string"}}],"inLanguage":"sv-SE"},{"@type":"Organization","@id":"https:\/\/www.octopus.tools\/sv\/#organization","name":"Octopus.tools [by yoozoo GmbH]","url":"https:\/\/www.octopus.tools\/sv\/","logo":{"@type":"ImageObject","inLanguage":"sv-SE","@id":"https:\/\/www.octopus.tools\/sv\/#\/schema\/logo\/image\/","url":"https:\/\/www.octopus.tools\/wp-content\/uploads\/2018\/02\/website-octopus-tools-08.svg","contentUrl":"https:\/\/www.octopus.tools\/wp-content\/uploads\/2018\/02\/website-octopus-tools-08.svg","caption":"Octopus.tools [by yoozoo GmbH]"},"image":{"@id":"https:\/\/www.octopus.tools\/sv\/#\/schema\/logo\/image\/"},"sameAs":["https:\/\/www.facebook.com\/yoozoo.de","https:\/\/x.com\/yoozoo_de"]}]}},"_links":{"self":[{"href":"https:\/\/www.octopus.tools\/sv\/wp-json\/wp\/v2\/pages\/11857","targetHints":{"allow":["GET"]}}],"collection":[{"href":"https:\/\/www.octopus.tools\/sv\/wp-json\/wp\/v2\/pages"}],"about":[{"href":"https:\/\/www.octopus.tools\/sv\/wp-json\/wp\/v2\/types\/page"}],"author":[{"embeddable":true,"href":"https:\/\/www.octopus.tools\/sv\/wp-json\/wp\/v2\/users\/1"}],"replies":[{"embeddable":true,"href":"https:\/\/www.octopus.tools\/sv\/wp-json\/wp\/v2\/comments?post=11857"}],"version-history":[{"count":0,"href":"https:\/\/www.octopus.tools\/sv\/wp-json\/wp\/v2\/pages\/11857\/revisions"}],"wp:attachment":[{"href":"https:\/\/www.octopus.tools\/sv\/wp-json\/wp\/v2\/media?parent=11857"}],"curies":[{"name":"wp","href":"https:\/\/api.w.org\/{rel}","templated":true}]}}