{"id":13620,"date":"2022-03-16T12:29:53","date_gmt":"2022-03-16T12:29:53","guid":{"rendered":"https:\/\/octopus.tools\/video\/"},"modified":"2022-11-15T13:19:57","modified_gmt":"2022-11-15T13:19:57","slug":"video","status":"publish","type":"page","link":"https:\/\/www.octopus.tools\/sv\/video\/","title":{"rendered":"Video"},"content":{"rendered":"<div class=\"wpb-content-wrapper\">[vc_row remove_bottom_col_margin=&#8221;true&#8221;][vc_column]<div class=\"templatera_shortcode\"><style type=\"text\/css\" data-type=\"vc_shortcodes-custom-css\">.vc_custom_1593697701051{background-color: #1e1e1e !important;}<\/style><div data-vc-full-width=\"true\" data-vc-full-width-init=\"false\" class=\"vc_row wpb_row vc_row-fluid vc_custom_1593697701051 wpex-vc_row-has-fill wpex-vc-row-stretched no-bottom-margins\"><div class=\"wpb_column vc_column_container vc_col-sm-12\"><div class=\"vc_column-inner\"><div class=\"wpb_wrapper\"><style> style=\"height:40px;\"<\/style><div class=\"vcex-spacing wpex-w-100 wpex-clear\" style=\"height:40px;\"><\/div><style>.vcex-heading.vcex_69f2c462d6226 .vcex-heading-inner{border-color:#fc9a00;}.vcex-heading.vcex_69f2c462d6226{border-color:#e2e2e2;}<\/style><h2 class=\"vcex-heading vcex-heading-bottom-border-w-color vcex-module wpex-heading wpex-text-2xl wpex-border-b-2 wpex-border-solid wpex-border-main vcex_69f2c462d6226\"><span class=\"vcex-heading-inner wpex-inline-block wpex-relative wpex-pb-5 wpex-border-b-2 wpex-border-solid wpex-border-accent\">Piranha\u00b4s app funktioner<\/span><\/h2><style> style=\"height:20px;\"<\/style><div class=\"vcex-spacing wpex-w-100 wpex-clear\" style=\"height:20px;\"><\/div>\n\t<div class=\"wpb_text_column wpb_content_element\" >\n\t\t<div class=\"wpb_wrapper\">\n\t\t\t<p>Piranha till\u00e5ter dig nu att ta <a href=\"https:\/\/www.octopus.tools\/sv\/piranha\/\">Fotografier<\/a>, <a href=\"https:\/\/www.octopus.tools\/sv\/360-spins\/\">360\u00b0 Spins<\/a>,\u00a0<a href=\"https:\/\/www.octopus.tools\/sv\/360-interior\/\">360\u00b0 Interiors<\/a>\u00a0fotografier och f\u00e5nga <a href=\"https:\/\/www.octopus.tools\/video\/\">Videos<\/a> - allt med samma app. Om du vill f\u00f6rse dina potentiella kunder med full insyn och visa fordonen i detalj - b\u00e5de interi\u00f6rt som exteri\u00f6rt - \u00e4r Piranha din l\u00f6sning.<\/p>\n\n\t\t<\/div>\n\t<\/div>\n<style> style=\"height:20px;\"<\/style><div class=\"vcex-spacing wpex-w-100 wpex-clear\" style=\"height:20px;\"><\/div><\/div><\/div><\/div><\/div><div class=\"vc_row-full-width vc_clearfix\"><\/div>\n<\/div><style> style=\"height:40px;\"<\/style><div class=\"vcex-spacing wpex-w-100 wpex-clear\" style=\"height:40px;\"><\/div>[\/vc_column][\/vc_row][vc_row remove_bottom_col_margin=&#8221;true&#8221;][vc_column offset=&#8221;vc_hidden-lg vc_hidden-md vc_hidden-sm&#8221;][vc_wp_custommenu nav_menu=&#8221;1780&#8243; el_class=&#8221;piranha-subnav-mobile&#8221;][\/vc_column][\/vc_row][vc_row remove_bottom_col_margin=&#8221;true&#8221;][vc_column offset=&#8221;vc_hidden-xs&#8221;][vc_wp_custommenu nav_menu=&#8221;1780&#8243; el_class=&#8221;piranha-subnav&#8221;][\/vc_column][\/vc_row][vc_row full_width=&#8221;stretch_row&#8221; css=&#8221;.vc_custom_1637073373917{background-color: #3d3d3d !important;}&#8221;][vc_column]<style> style=\"height:40px;\"<\/style><div class=\"vcex-spacing wpex-w-100 wpex-clear\" style=\"height:40px;\"><\/div><style>.vcex-heading.vcex_69f2c462d709f .vcex-heading-inner{border-color:#fc9a00;}.vcex-heading.vcex_69f2c462d709f{border-color:#e2e2e2;}<\/style><h2 class=\"vcex-heading vcex-heading-bottom-border-w-color vcex-module wpex-heading wpex-text-2xl vc_custom_1643113455375 wpex-border-b-2 wpex-border-solid wpex-border-main vcex_69f2c462d709f\"><span class=\"vcex-heading-inner wpex-inline-block wpex-relative wpex-pb-5 wpex-border-b-2 wpex-border-solid wpex-border-accent\">Riktiga videor - inte bildspel<\/span><\/h2>[vc_column_text]<span data-sheets-value=\"{&quot;1&quot;:2,&quot;2&quot;:&quot;Tidigare, n\u00e4r folk pratade om video inom fordonshandeln, menade de vanligtvis ett bildspel: de befintliga bilderna radades upp i en video, ibland med musik och ibland med fordonsdata inkluderat. En funktion som erbjuds av m\u00e5nga systemleverant\u00f6rer och plattformar, men som knappast ger tittaren n\u00e5got merv\u00e4rde. Att spela in riktiga videor, redigera dem och publicera dem och hantera de stora m\u00e4ngderna data var helt enkelt f\u00f6r mycket anstr\u00e4ngning.\\n\\nFr\u00e5n och med nu \u00e4r det en barnlek: Med hj\u00e4lp av Piranha-appen kan du spela in flera korta videoklipp ett efter \u00d6vrig. Sedan klipps de automatiskt i takt med musiken med \u00f6verg\u00e5ngseffekter, och ett intro och outro l\u00e4ggs till. Med den f\u00e4rdiga videon s\u00e4kerst\u00e4ller du transparens och ger intresserade ytterligare insikter om fordonet.&quot;}\" data-sheets-userformat=\"{&quot;2&quot;:897,&quot;3&quot;:{&quot;1&quot;:0},&quot;10&quot;:0,&quot;11&quot;:4,&quot;12&quot;:0}\">Tidigare, n\u00e4r folk pratade om videor inom fordonshandeln, menade de vanligtvis bildspel: de befintliga bilderna radades upp i en video, ibland med musik och ibland med fordonsdata inkluderade. En funktion som erbjuds av m\u00e5nga systemleverant\u00f6rer och plattformar, men som knappast ger tittaren n\u00e5got merv\u00e4rde. Att spela in riktiga videor, redigera och publicera dem och hantera de stora m\u00e4ngderna data var helt enkelt f\u00f6r mycket arbete.<\/span><\/p>\n<p>Fr\u00e5n och med nu \u00e4r det en barnlek: Med st\u00f6d av Piranha-appen kan du spela in flera korta videoklipp efter varandra. Sedan klipps de automatiskt ihop i takt med musiken med \u00f6verg\u00e5ngseffekter, och ett intro och outro l\u00e4ggs till. Med den f\u00e4rdiga videon s\u00e4kerst\u00e4ller du transparens och ger intresserade ytterligare insikter om fordonet.[\/vc_column_text]<style> style=\"height:20px;\"<\/style><div class=\"vcex-spacing wpex-w-100 wpex-clear\" style=\"height:20px;\"><\/div>[vc_video link=&#8221;https:\/\/www.youtube.com\/watch?v=rdWSF2-Uwbs&#8221; el_class=&#8221;video-border&#8221; css=&#8221;.vc_custom_1643112282864{border: 10px solid #000000 !important;}&#8221;][\/vc_column][\/vc_row][vc_row full_width=&#8221;stretch_row&#8221;][vc_column]<style> style=\"height:40px;\"<\/style><div class=\"vcex-spacing wpex-w-100 wpex-clear\" style=\"height:40px;\"><\/div><style>.vcex-heading.vcex_69f2c462d73eb .vcex-heading-inner{border-color:#fc9a00;}.vcex-heading.vcex_69f2c462d73eb{border-color:#e2e2e2;}<\/style><h2 class=\"vcex-heading vcex-heading-bottom-border-w-color vcex-module wpex-heading wpex-text-2xl vc_custom_1643113518718 wpex-border-b-2 wpex-border-solid wpex-border-main vcex_69f2c462d73eb\"><span class=\"vcex-heading-inner wpex-inline-block wpex-relative wpex-pb-5 wpex-border-b-2 wpex-border-solid wpex-border-accent\">Och... Action!<\/span><\/h2>[vc_column_text]<span data-sheets-value=\"{&quot;1&quot;:2,&quot;2&quot;:&quot;Skriv ditt eget manus och s\u00e4tt ihop din individuella videoprodukt fr\u00e5n flera korta klipp. P\u00e5 s\u00e5 s\u00e4tt kan du virtuellt guida en potentiell k\u00f6pare runt bilen, precis som du skulle g\u00f6ra p\u00e5 plats. \\n L\u00e4gg till ett personligt filter till din video f\u00f6r att komplettera den med till exempel v\u00e4rdef\u00f6rslag och kontaktalternativ.\\nVi hj\u00e4lper dig g\u00e4rna med att s\u00e4tta ihop den. Du kan ocks\u00e5 v\u00e4lja en av f\u00f6ljande f\u00f6rbyggda inst\u00e4llningar f\u00f6r att snabbt komma ig\u00e5ng.&quot;}\" data-sheets-userformat=\"{&quot;2&quot;:897,&quot;3&quot;:{&quot;1&quot;:0},&quot;10&quot;:0,&quot;11&quot;:4,&quot;12&quot;:0}\">Skriv ditt eget manus och s\u00e4tt ihop din individuella videoprodukt fr\u00e5n flera korta klipp. P\u00e5 s\u00e5 s\u00e4tt kan du virtuellt guida en potentiell k\u00f6pare runt bilen, precis som du skulle g\u00f6ra p\u00e5 plats. L\u00e4gg till ett personligt filter till din video f\u00f6r att komplettera den med till exempel v\u00e4rdef\u00f6rslag och kontaktalternativ. Vi hj\u00e4lper dig g\u00e4rna med att s\u00e4tta ihop allt. Du kan ocks\u00e5 v\u00e4lja en av f\u00f6ljande f\u00f6rbyggda inst\u00e4llningar f\u00f6r att snabbt komma ig\u00e5ng.<\/span>[\/vc_column_text]<style> style=\"height:20px;\"<\/style><div class=\"vcex-spacing wpex-w-100 wpex-clear\" style=\"height:20px;\"><\/div>[vc_row_inner remove_bottom_col_margin=&#8221;true&#8221;][vc_column_inner width=&#8221;1\/2&#8243;][vc_video link=&#8221;https:\/\/youtu.be\/s7w1Nqc4bio&#8221; el_class=&#8221;video-border&#8221; css=&#8221;.vc_custom_1643112313599{border: 10px solid #000000 !important;}&#8221;][vc_column_text css=&#8221;.vc_custom_1643112370213{padding-top: 0px !important;padding-right: 10px !important;padding-bottom: 6px !important;padding-left: 10px !important;background-color: #0a0a0a !important;}&#8221; color=&#8221;#ffffff&#8221; text_align=&#8221;left&#8221; width=&#8221;auto&#8221;]Kort video<\/p>\n[\/vc_column_text][\/vc_column_inner][vc_column_inner width=&#8221;1\/2&#8243;][vc_video link=&#8221;https:\/\/youtu.be\/lNzF-r8NEF0&#8243; el_class=&#8221;video-border&#8221; css=&#8221;.vc_custom_1643112354864{border: 10px solid #000000 !important;}&#8221;][vc_column_text css=&#8221;.vc_custom_1643112364250{padding-top: 0px !important;padding-right: 10px !important;padding-bottom: 6px !important;padding-left: 10px !important;background-color: #0a0a0a !important;}&#8221; color=&#8221;#ffffff&#8221; text_align=&#8221;right&#8221;]L\u00e5ng video<\/p>\n[\/vc_column_text][\/vc_column_inner][\/vc_row_inner]<style> style=\"height:20px;\"<\/style><div class=\"vcex-spacing wpex-w-100 wpex-clear\" style=\"height:20px;\"><\/div><div class=\"vc_custom_1643114728157 wpex-clr\"><div class=\"theme-button-wrap textcenter theme-button-block-wrap wpex-block wpex-clear wpex-clr\"><a href=\"\/de\/video-cartridges\" class=\"vcex-button theme-button large align-center block wpex-flex-shrink-0\" style=\"background:#fc9a00;padding-top:15px;padding-right:0px;padding-bottom:15px;padding-left:0px;color:#f2f2f2;width:300px;\" data-wpex-hover='{&quot;background&quot;:&quot;#f48e00&quot;}' target=\"_blank\" rel=\"noopener noreferrer\"><span class=\"vcex-button-inner theme-button-inner\">V\u00e4lj Klipp<\/span><\/a><\/div><\/div> [\/vc_column][\/vc_row][vc_row full_width=&#8221;stretch_row&#8221; css=&#8221;.vc_custom_1642411686032{background-color: #3d3d3d !important;}&#8221;][vc_column]<style> style=\"height:40px;\"<\/style><div class=\"vcex-spacing wpex-w-100 wpex-clear\" style=\"height:40px;\"><\/div><style>.vcex-heading.vcex_69f2c462d814c .vcex-heading-inner{border-color:#fc9a00;}.vcex-heading.vcex_69f2c462d814c{border-color:#e2e2e2;}<\/style><h2 class=\"vcex-heading vcex-heading-bottom-border-w-color vcex-module wpex-heading wpex-text-2xl vc_custom_1643115161943 wpex-border-b-2 wpex-border-solid wpex-border-main vcex_69f2c462d814c\"><span class=\"vcex-heading-inner wpex-inline-block wpex-relative wpex-pb-5 wpex-border-b-2 wpex-border-solid wpex-border-accent\">Bygg k\u00e4nslom\u00e4ssiga kontakter med musik<\/span><\/h2>[vc_column_text]<span data-sheets-value=\"{&quot;1&quot;:2,&quot;2&quot;:&amp;quot Bilar s\u00e4ljs med k\u00e4nslor. Studier* visar att musik spelar en viktig roll och reklam med musik fungerar b\u00e4ttre \u00e4n reklam utan musik. Med v\u00e5r videofunktion kan du nu ocks\u00e5 engagera potentiella kunder p\u00e5 detta s\u00e4tt. Fr\u00e5n v\u00e5rt ljudbibliotek kan du v\u00e4lja l\u00e4mplig bakgrundsmusik f\u00f6r dina videor.\\n Har du redan en egen jingel eller musik som du anv\u00e4nder i din reklam? Kontakta d\u00e5 v\u00e5r support s\u00e5 kontrollerar vi om den g\u00e5r att anv\u00e4ndas i videorna.\\n\\n* https:\/\/www.nielsen.com\/us\/en\/insights\/article\/2015\/i-second-that-emotion-the-emotive-power-of-music-in-advertising\/&quot;}\" data-sheets-userformat=\"{&quot;2&quot;:1049473,&quot;3&quot;:{&quot;1&quot;:0},&quot;10&quot;:0,&quot;11&quot;:4,&quot;12&quot;:0,&quot;23&quot;:1}\" data-sheets-textstyleruns=\"{&quot;1&quot;:0}\uee10{&quot;1&quot;:551,&quot;2&quot;:{&quot;2&quot;:{&quot;1&quot;:2,&quot;2&quot;:0}}}\uee10{&quot;1&quot;:554,&quot;2&quot;:{&quot;2&quot;:{&quot;1&quot;:2,&quot;2&quot;:1136076},&quot;9&quot;:1}}\" data-sheets-hyperlinkruns=\"{&quot;1&quot;:551,&quot;2&quot;:&quot;https:\/\/www.nielsen.com\/us\/en\/insights\/article\/2015\/i-second-that-emotion-the-emotive-power-of-music-in-advertising\/&quot;}\uee10{&quot;1&quot;:667}\">Bilar s\u00e4ljs med k\u00e4nslor. <a href=\"https:\/\/www.nielsen.com\/us\/en\/insights\/article\/2015\/i-second-that-emotion-the-emotive-power-of-music-in-advertising\/\" target=\"_blank\" rel=\"noopener noreferrer\">Studier<\/a> visar att musik spelar en viktig roll och reklam med musik fungerar b\u00e4ttre \u00e4n reklam utan musik. Med v\u00e5r videofunktion kan du nu ocks\u00e5 engagera potentiella kunder p\u00e5 detta s\u00e4tt. Fr\u00e5n v\u00e5rt ljudbibliotek kan du v\u00e4lja l\u00e4mplig bakgrundsmusik f\u00f6r dina videor. Har du redan en egen jingel eller musik som du anv\u00e4nder i din reklam? Kontakta d\u00e5 v\u00e5r support s\u00e5 kontrollerar vi om den g\u00e5r att anv\u00e4ndas i videorna.<br \/>\n<\/span>[\/vc_column_text]<style> style=\"height:20px;\"<\/style><div class=\"vcex-spacing wpex-w-100 wpex-clear\" style=\"height:20px;\"><\/div><div class=\"vc_custom_1643112432119 wpex-clr\"><div class=\"theme-button-wrap textcenter theme-button-block-wrap wpex-block wpex-clear wpex-clr\"><a href=\"\/de\/musikauswahl\/\" class=\"vcex-button theme-button clean large align-center block wpex-flex-shrink-0\" style=\"background:#fc9a00;padding-top:15px;padding-right:0px;padding-bottom:15px;padding-left:0px;color:#f2f2f2;border:0;width:300px;\" data-wpex-hover='{&quot;background&quot;:&quot;#f48e00&quot;}' target=\"_blank\" rel=\"noopener noreferrer\"><span class=\"vcex-button-inner theme-button-inner\">V\u00e4lj Musik<\/span><\/a><\/div><\/div> [\/vc_column][\/vc_row][vc_row full_width=&#8221;stretch_row&#8221; css=&#8221;.vc_custom_1668518391317{background-color: #1e1e1e !important;}&#8221;][vc_column]<div class=\"templatera_shortcode\"><div class=\"vc_row wpb_row vc_row-fluid no-bottom-margins\"><div class=\"wpb_column vc_column_container vc_col-sm-12\"><div class=\"vc_column-inner\"><div class=\"wpb_wrapper\"><div class=\"vc_empty_space\"   style=\"height: 40px\"><span class=\"vc_empty_space_inner\"><\/span><\/div><style>.vcex-heading.vcex_69f2c462d9015 .vcex-heading-inner{border-color:#fc9a00;}.vcex-heading.vcex_69f2c462d9015{border-color:#e2e2e2;}<\/style><h2 class=\"vcex-heading vcex-heading-bottom-border-w-color vcex-module wpex-heading wpex-text-2xl wpex-border-b-2 wpex-border-solid wpex-border-main vcex_69f2c462d9015\"><span class=\"vcex-heading-inner wpex-inline-block wpex-relative wpex-pb-5 wpex-border-b-2 wpex-border-solid wpex-border-accent\">Nedladdningsl\u00e4nkar f\u00f6r Piranha<\/span><\/h2><div class=\"vc_empty_space\"   style=\"height: 20px\"><span class=\"vc_empty_space_inner\"><\/span><\/div><div class=\"vc_row wpb_row vc_inner vc_row-fluid vc_column-gap-10\"><div class=\"wpb_column vc_column_container vc_col-sm-4\"><div class=\"vc_column-inner\"><div class=\"wpb_wrapper\">\n\t<div  class=\"wpb_single_image wpb_content_element vc_align_ wpb_content_element\">\n\t\t\n\t\t<figure class=\"wpb_wrapper vc_figure\">\n\t\t\t<a href=\"https:\/\/play.google.com\/store\/apps\/details?id=tools.octopus.piranha\" target=\"_blank\" class=\"vc_single_image-wrapper wpex-image-hover opacity   vc_box_border_grey\"><img width=\"452\" height=\"136\" src=\"https:\/\/www.octopus.tools\/wp-content\/uploads\/2018\/03\/app-dl-android.png\" class=\"vc_single_image-img attachment-full\" alt=\"\" title=\"app-dl-android\" srcset=\"https:\/\/www.octopus.tools\/wp-content\/uploads\/2018\/03\/app-dl-android.png 452w, https:\/\/www.octopus.tools\/wp-content\/uploads\/2018\/03\/app-dl-android-150x45.png 150w, https:\/\/www.octopus.tools\/wp-content\/uploads\/2018\/03\/app-dl-android-300x90.png 300w\" sizes=\"(max-width: 452px) 100vw, 452px\" \/><\/a>\n\t\t<\/figure>\n\t<\/div>\n<\/div><\/div><\/div><div class=\"wpb_column vc_column_container vc_col-sm-4\"><div class=\"vc_column-inner\"><div class=\"wpb_wrapper\">\n\t<div  class=\"wpb_single_image wpb_content_element vc_align_ wpb_content_element\">\n\t\t\n\t\t<figure class=\"wpb_wrapper vc_figure\">\n\t\t\t<a href=\"https:\/\/itunes.apple.com\/de\/app\/piranha-app\/id1370806374\" target=\"_blank\" class=\"vc_single_image-wrapper wpex-image-hover opacity   vc_box_border_grey\"><img width=\"452\" height=\"136\" src=\"https:\/\/www.octopus.tools\/wp-content\/uploads\/2018\/03\/app-dl-ios.png\" class=\"vc_single_image-img attachment-full\" alt=\"\" title=\"app-dl-ios\" srcset=\"https:\/\/www.octopus.tools\/wp-content\/uploads\/2018\/03\/app-dl-ios.png 452w, https:\/\/www.octopus.tools\/wp-content\/uploads\/2018\/03\/app-dl-ios-150x45.png 150w, https:\/\/www.octopus.tools\/wp-content\/uploads\/2018\/03\/app-dl-ios-300x90.png 300w\" sizes=\"(max-width: 452px) 100vw, 452px\" \/><\/a>\n\t\t<\/figure>\n\t<\/div>\n<\/div><\/div><\/div><div class=\"wpb_column vc_column_container vc_col-sm-4\"><div class=\"vc_column-inner\"><div class=\"wpb_wrapper\">\n\t<div  class=\"wpb_single_image wpb_content_element vc_align_ wpb_content_element\">\n\t\t\n\t\t<figure class=\"wpb_wrapper vc_figure\">\n\t\t\t<a href=\"https:\/\/appgallery.huawei.com\/#\/app\/C103541489\" target=\"_blank\" class=\"vc_single_image-wrapper wpex-image-hover opacity   vc_box_border_grey\"><img width=\"452\" height=\"136\" src=\"https:\/\/www.octopus.tools\/wp-content\/uploads\/2021\/12\/app-dl-huawei.png\" class=\"vc_single_image-img attachment-full\" alt=\"\" title=\"app-dl-huawei\" srcset=\"https:\/\/www.octopus.tools\/wp-content\/uploads\/2021\/12\/app-dl-huawei.png 452w, https:\/\/www.octopus.tools\/wp-content\/uploads\/2021\/12\/app-dl-huawei-300x90.png 300w, https:\/\/www.octopus.tools\/wp-content\/uploads\/2021\/12\/app-dl-huawei-150x45.png 150w, https:\/\/www.octopus.tools\/wp-content\/uploads\/2021\/12\/app-dl-huawei-100x30.png 100w\" sizes=\"(max-width: 452px) 100vw, 452px\" \/><\/a>\n\t\t<\/figure>\n\t<\/div>\n<\/div><\/div><\/div><\/div><\/div><\/div><\/div><\/div>\r\n<\/div>[\/vc_column][\/vc_row]\n<\/div>","protected":false},"excerpt":{"rendered":"Piranha\u00b4s app funktioner Piranha till\u00e5ter dig nu att ta Fotografier, 360\u00b0 Spins,\u00a0360\u00b0 Interiors\u00a0fotografier och f\u00e5nga Videos - allt med samma app. Om du vill f\u00f6rse dina potentiella kunder med full insyn och visa fordonen i detalj - b\u00e5de interi\u00f6rt som exteri\u00f6rt - \u00e4r Piranha din l\u00f6sning. Foto Video 360\u00b0 Spin 360\u00b0 Interior Foto Video 360\u00b0&hellip;","protected":false},"author":11,"featured_media":0,"parent":0,"menu_order":0,"comment_status":"closed","ping_status":"closed","template":"","meta":{"content-type":"","inline_featured_image":false,"footnotes":""},"class_list":["post-13620","page","type-page","status-publish","hentry","entry","no-media"],"yoast_head":"<!-- This site is optimized with the Yoast SEO plugin v24.0 - https:\/\/yoast.com\/wordpress\/plugins\/seo\/ -->\n<title>Video - Octopus tools - automotive imagery solutions<\/title>\n<meta name=\"robots\" content=\"index, follow, max-snippet:-1, max-image-preview:large, max-video-preview:-1\" \/>\n<link rel=\"canonical\" href=\"https:\/\/www.octopus.tools\/sv\/video\/\" \/>\n<meta property=\"og:locale\" content=\"sv_SE\" \/>\n<meta property=\"og:type\" content=\"article\" \/>\n<meta property=\"og:title\" content=\"Video - Octopus tools - automotive imagery solutions\" \/>\n<meta property=\"og:url\" content=\"https:\/\/www.octopus.tools\/sv\/video\/\" \/>\n<meta property=\"og:site_name\" content=\"Octopus tools - automotive imagery solutions\" \/>\n<meta property=\"article:publisher\" content=\"https:\/\/www.facebook.com\/yoozoo.de\" \/>\n<meta property=\"article:modified_time\" content=\"2022-11-15T13:19:57+00:00\" \/>\n<meta property=\"og:image\" content=\"https:\/\/www.octopus.tools\/wp-content\/uploads\/2018\/04\/social-share-thumb.jpg\" \/>\n\t<meta property=\"og:image:width\" content=\"900\" \/>\n\t<meta property=\"og:image:height\" content=\"900\" \/>\n\t<meta property=\"og:image:type\" content=\"image\/jpeg\" \/>\n<meta name=\"twitter:card\" content=\"summary_large_image\" \/>\n<meta name=\"twitter:site\" content=\"@yoozoo_de\" \/>\n<meta name=\"twitter:label1\" content=\"Ber\u00e4knad l\u00e4stid\" \/>\n\t<meta name=\"twitter:data1\" content=\"5 minuter\" \/>\n<script type=\"application\/ld+json\" class=\"yoast-schema-graph\">{\"@context\":\"https:\/\/schema.org\",\"@graph\":[{\"@type\":\"WebPage\",\"@id\":\"https:\/\/www.octopus.tools\/sv\/video\/\",\"url\":\"https:\/\/www.octopus.tools\/sv\/video\/\",\"name\":\"Video - Octopus tools - automotive imagery solutions\",\"isPartOf\":{\"@id\":\"https:\/\/www.octopus.tools\/sv\/#website\"},\"datePublished\":\"2022-03-16T12:29:53+00:00\",\"dateModified\":\"2022-11-15T13:19:57+00:00\",\"breadcrumb\":{\"@id\":\"https:\/\/www.octopus.tools\/sv\/video\/#breadcrumb\"},\"inLanguage\":\"sv-SE\",\"potentialAction\":[{\"@type\":\"ReadAction\",\"target\":[\"https:\/\/www.octopus.tools\/sv\/video\/\"]}]},{\"@type\":\"BreadcrumbList\",\"@id\":\"https:\/\/www.octopus.tools\/sv\/video\/#breadcrumb\",\"itemListElement\":[{\"@type\":\"ListItem\",\"position\":1,\"name\":\"Home\",\"item\":\"https:\/\/www.octopus.tools\/sv\/\"},{\"@type\":\"ListItem\",\"position\":2,\"name\":\"Video\"}]},{\"@type\":\"WebSite\",\"@id\":\"https:\/\/www.octopus.tools\/sv\/#website\",\"url\":\"https:\/\/www.octopus.tools\/sv\/\",\"name\":\"Octopus tools - automotive imagery solutions\",\"description\":\"yoozoo GmbH software\",\"publisher\":{\"@id\":\"https:\/\/www.octopus.tools\/sv\/#organization\"},\"potentialAction\":[{\"@type\":\"SearchAction\",\"target\":{\"@type\":\"EntryPoint\",\"urlTemplate\":\"https:\/\/www.octopus.tools\/sv\/?s={search_term_string}\"},\"query-input\":{\"@type\":\"PropertyValueSpecification\",\"valueRequired\":true,\"valueName\":\"search_term_string\"}}],\"inLanguage\":\"sv-SE\"},{\"@type\":\"Organization\",\"@id\":\"https:\/\/www.octopus.tools\/sv\/#organization\",\"name\":\"Octopus.tools [by yoozoo GmbH]\",\"url\":\"https:\/\/www.octopus.tools\/sv\/\",\"logo\":{\"@type\":\"ImageObject\",\"inLanguage\":\"sv-SE\",\"@id\":\"https:\/\/www.octopus.tools\/sv\/#\/schema\/logo\/image\/\",\"url\":\"https:\/\/www.octopus.tools\/wp-content\/uploads\/2018\/02\/website-octopus-tools-08.svg\",\"contentUrl\":\"https:\/\/www.octopus.tools\/wp-content\/uploads\/2018\/02\/website-octopus-tools-08.svg\",\"caption\":\"Octopus.tools [by yoozoo GmbH]\"},\"image\":{\"@id\":\"https:\/\/www.octopus.tools\/sv\/#\/schema\/logo\/image\/\"},\"sameAs\":[\"https:\/\/www.facebook.com\/yoozoo.de\",\"https:\/\/x.com\/yoozoo_de\"]}]}<\/script>\n<!-- \/ Yoast SEO plugin. -->","yoast_head_json":{"title":"Video - Octopus tools - automotive imagery solutions","robots":{"index":"index","follow":"follow","max-snippet":"max-snippet:-1","max-image-preview":"max-image-preview:large","max-video-preview":"max-video-preview:-1"},"canonical":"https:\/\/www.octopus.tools\/sv\/video\/","og_locale":"sv_SE","og_type":"article","og_title":"Video - Octopus tools - automotive imagery solutions","og_url":"https:\/\/www.octopus.tools\/sv\/video\/","og_site_name":"Octopus tools - automotive imagery solutions","article_publisher":"https:\/\/www.facebook.com\/yoozoo.de","article_modified_time":"2022-11-15T13:19:57+00:00","og_image":[{"width":900,"height":900,"url":"https:\/\/www.octopus.tools\/wp-content\/uploads\/2018\/04\/social-share-thumb.jpg","type":"image\/jpeg"}],"twitter_card":"summary_large_image","twitter_site":"@yoozoo_de","twitter_misc":{"Ber\u00e4knad l\u00e4stid":"5 minuter"},"schema":{"@context":"https:\/\/schema.org","@graph":[{"@type":"WebPage","@id":"https:\/\/www.octopus.tools\/sv\/video\/","url":"https:\/\/www.octopus.tools\/sv\/video\/","name":"Video - Octopus tools - automotive imagery solutions","isPartOf":{"@id":"https:\/\/www.octopus.tools\/sv\/#website"},"datePublished":"2022-03-16T12:29:53+00:00","dateModified":"2022-11-15T13:19:57+00:00","breadcrumb":{"@id":"https:\/\/www.octopus.tools\/sv\/video\/#breadcrumb"},"inLanguage":"sv-SE","potentialAction":[{"@type":"ReadAction","target":["https:\/\/www.octopus.tools\/sv\/video\/"]}]},{"@type":"BreadcrumbList","@id":"https:\/\/www.octopus.tools\/sv\/video\/#breadcrumb","itemListElement":[{"@type":"ListItem","position":1,"name":"Home","item":"https:\/\/www.octopus.tools\/sv\/"},{"@type":"ListItem","position":2,"name":"Video"}]},{"@type":"WebSite","@id":"https:\/\/www.octopus.tools\/sv\/#website","url":"https:\/\/www.octopus.tools\/sv\/","name":"Octopus tools - automotive imagery solutions","description":"yoozoo GmbH software","publisher":{"@id":"https:\/\/www.octopus.tools\/sv\/#organization"},"potentialAction":[{"@type":"SearchAction","target":{"@type":"EntryPoint","urlTemplate":"https:\/\/www.octopus.tools\/sv\/?s={search_term_string}"},"query-input":{"@type":"PropertyValueSpecification","valueRequired":true,"valueName":"search_term_string"}}],"inLanguage":"sv-SE"},{"@type":"Organization","@id":"https:\/\/www.octopus.tools\/sv\/#organization","name":"Octopus.tools [by yoozoo GmbH]","url":"https:\/\/www.octopus.tools\/sv\/","logo":{"@type":"ImageObject","inLanguage":"sv-SE","@id":"https:\/\/www.octopus.tools\/sv\/#\/schema\/logo\/image\/","url":"https:\/\/www.octopus.tools\/wp-content\/uploads\/2018\/02\/website-octopus-tools-08.svg","contentUrl":"https:\/\/www.octopus.tools\/wp-content\/uploads\/2018\/02\/website-octopus-tools-08.svg","caption":"Octopus.tools [by yoozoo GmbH]"},"image":{"@id":"https:\/\/www.octopus.tools\/sv\/#\/schema\/logo\/image\/"},"sameAs":["https:\/\/www.facebook.com\/yoozoo.de","https:\/\/x.com\/yoozoo_de"]}]}},"_links":{"self":[{"href":"https:\/\/www.octopus.tools\/sv\/wp-json\/wp\/v2\/pages\/13620","targetHints":{"allow":["GET"]}}],"collection":[{"href":"https:\/\/www.octopus.tools\/sv\/wp-json\/wp\/v2\/pages"}],"about":[{"href":"https:\/\/www.octopus.tools\/sv\/wp-json\/wp\/v2\/types\/page"}],"author":[{"embeddable":true,"href":"https:\/\/www.octopus.tools\/sv\/wp-json\/wp\/v2\/users\/11"}],"replies":[{"embeddable":true,"href":"https:\/\/www.octopus.tools\/sv\/wp-json\/wp\/v2\/comments?post=13620"}],"version-history":[{"count":0,"href":"https:\/\/www.octopus.tools\/sv\/wp-json\/wp\/v2\/pages\/13620\/revisions"}],"wp:attachment":[{"href":"https:\/\/www.octopus.tools\/sv\/wp-json\/wp\/v2\/media?parent=13620"}],"curies":[{"name":"wp","href":"https:\/\/api.w.org\/{rel}","templated":true}]}}