{"id":25039,"date":"2025-01-31T19:57:17","date_gmt":"2025-01-31T18:57:17","guid":{"rendered":"https:\/\/www.octopus.tools\/?page_id=25039"},"modified":"2026-02-20T17:32:29","modified_gmt":"2026-02-20T16:32:29","slug":"vyer-sv","status":"publish","type":"page","link":"https:\/\/www.octopus.tools\/sv\/vyer-sv\/","title":{"rendered":"Vyer &#8211; SV"},"content":{"rendered":"<div class=\"wpb-content-wrapper\">[vc_row full_width=&#8221;stretch_row&#8221; css=&#8221;.vc_custom_1621507431085{background-color: #3d3d3d !important;}&#8221;][vc_column][vc_empty_space height=&#8221;60px&#8221;]<style>.vcex-heading.vcex_69f26ec86113d .vcex-heading-inner{border-color:#fc9a00;}.vcex-heading.vcex_69f26ec86113d{border-color:#e2e2e2;}<\/style><h2 class=\"vcex-heading vcex-heading-bottom-border-w-color vcex-module wpex-heading wpex-text-2xl wpex-text-left wpex-border-b-2 wpex-border-solid wpex-border-main vcex_69f26ec86113d\"><span class=\"vcex-heading-inner wpex-inline-block wpex-relative wpex-pb-5 wpex-border-b-2 wpex-border-solid wpex-border-accent\">Vyer - SV<\/span><\/h2>[vc_empty_space height=&#8221;30px&#8221;][vc_column_text]I denna sektion finner du en \u00f6verblick \u00f6ver vyerna som \u00e4r tillg\u00e4ngliga f\u00f6r dig att anv\u00e4nda i ditt personliga set.[\/vc_column_text][vc_empty_space height=&#8221;20px&#8221;][\/vc_column][\/vc_row][vc_row full_width=&#8221;stretch_row_content&#8221; css=&#8221;.vc_custom_1738350863385{background-color: #3d3d3d !important;}&#8221; el_class=&#8221;mn-views&#8221;][vc_column el_class=&#8221;mn-vc-tta&#8221;][vc_tta_tabs style=&#8221;total&#8221; alignment=&#8221;center&#8221; active_section=&#8221;1&#8243;][vc_tta_section title=&#8221;Bil UK&#8221; tab_id=&#8221;pkw&#8221; el_class=&#8221;mn-vc-grid&#8221;][vc_row_inner][vc_column_inner]<style> style=\"height:20px;\"<\/style><div class=\"vcex-spacing wpex-w-100 wpex-clear\" style=\"height:20px;\"><\/div>[vc_column_text css=&#8221;&#8221; text_align=&#8221;center&#8221;]Bilder som \u00e4r markerade med <img decoding=\"async\" src=\"https:\/\/octopus.tools\/wp-content\/uploads\/2019\/11\/icon-natas.svg\" width=\"20px\" height=\"20px\" \/> symbolen l\u00e4mpar sig f\u00f6r upps\u00e4ttningar som kan bearbetas med artificiell intelligens.[\/vc_column_text]<style> style=\"height:10px;\"<\/style><div class=\"vcex-spacing wpex-w-100 wpex-clear\" style=\"height:10px;\"><\/div>[\/vc_column_inner][\/vc_row_inner][vc_basic_grid post_type=&#8221;essential_grid&#8221; max_items=&#8221;-1&#8243; show_filter=&#8221;yes&#8221; element_width=&#8221;3&#8243; gap=&#8221;0&#8243; orderby=&#8221;title&#8221; order=&#8221;ASC&#8221; item=&#8221;24975&#8243; css=&#8221;&#8221; grid_id=&#8221;vc_gid:1771605135096-be331e9f-16d2-10&#8243; filter_source=&#8221;essential_grid_category&#8221; taxonomies=&#8221;2146, 2216, 2174, 2148, 2145&#8243; el_class=&#8221;new_views&#8221; exclude_filter=&#8221;2143, 2144, 2147, 2146, 2190, 2151, 2267, 2152, 2253, 2262, 2263&#8243;][\/vc_tta_section][vc_tta_section title=&#8221;Sk\u00e5pbil&#8221; tab_id=&#8221;vans&#8221;][vc_row_inner][vc_column_inner]<style> style=\"height:20px;\"<\/style><div class=\"vcex-spacing wpex-w-100 wpex-clear\" style=\"height:20px;\"><\/div>[vc_column_text css=&#8221;&#8221; text_align=&#8221;center&#8221;]Bilder som \u00e4r markerade med <img decoding=\"async\" src=\"https:\/\/octopus.tools\/wp-content\/uploads\/2019\/11\/icon-natas.svg\" width=\"20px\" height=\"20px\" \/> symbolen l\u00e4mpar sig f\u00f6r upps\u00e4ttningar som kan bearbetas med artificiell intelligens.[\/vc_column_text]<style> style=\"height:10px;\"<\/style><div class=\"vcex-spacing wpex-w-100 wpex-clear\" style=\"height:10px;\"><\/div>[\/vc_column_inner][\/vc_row_inner][vc_basic_grid post_type=&#8221;essential_grid&#8221; max_items=&#8221;-1&#8243; show_filter=&#8221;yes&#8221; element_width=&#8221;3&#8243; gap=&#8221;0&#8243; orderby=&#8221;title&#8221; order=&#8221;ASC&#8221; item=&#8221;24975&#8243; css=&#8221;&#8221; grid_id=&#8221;vc_gid:1771605135097-01541388-1159-9&#8243; taxonomies=&#8221;2263, 2152, 2253&#8243; el_class=&#8221;new_views&#8221; filter_source=&#8221;essential_grid_category&#8221; exclude_filter=&#8221;2151, 2267, 2190, 2262, 2263&#8243;][\/vc_tta_section][vc_tta_section title=&#8221;Lastbil&#8221; tab_id=&#8221;truck&#8221;][vc_basic_grid post_type=&#8221;essential_grid&#8221; max_items=&#8221;-1&#8243; element_width=&#8221;3&#8243; gap=&#8221;0&#8243; orderby=&#8221;title&#8221; order=&#8221;ASC&#8221; item=&#8221;24975&#8243; css=&#8221;&#8221; grid_id=&#8221;vc_gid:1771605135097-4563326e-2cb3-10&#8243; taxonomies=&#8221;2172&#8243; el_class=&#8221;new_views&#8221;][\/vc_tta_section][vc_tta_section title=&#8221;Tv\u00e5hjuling&#8221; tab_id=&#8221;scooter&#8221;][vc_basic_grid post_type=&#8221;essential_grid&#8221; max_items=&#8221;-1&#8243; show_filter=&#8221;yes&#8221; element_width=&#8221;3&#8243; gap=&#8221;0&#8243; orderby=&#8221;title&#8221; order=&#8221;ASC&#8221; item=&#8221;24975&#8243; css=&#8221;&#8221; grid_id=&#8221;vc_gid:1771605135097-7f9c35ae-953e-7&#8243; taxonomies=&#8221;2160, 2125&#8243; el_class=&#8221;new_views&#8221; filter_source=&#8221;essential_grid_category&#8221; exclude_filter=&#8221;2149, 2165&#8243;][\/vc_tta_section][vc_tta_section title=&#8221;AI-ready (Natas)&#8221; tab_id=&#8221;natas-ready&#8221;][vc_basic_grid post_type=&#8221;essential_grid&#8221; max_items=&#8221;-1&#8243; element_width=&#8221;3&#8243; gap=&#8221;0&#8243; orderby=&#8221;title&#8221; order=&#8221;ASC&#8221; item=&#8221;24975&#8243; css=&#8221;&#8221; grid_id=&#8221;vc_gid:1771605135097-ec4753b2-59a6-2&#8243; taxonomies=&#8221;2212&#8243; el_class=&#8221;new_views&#8221;][\/vc_tta_section][\/vc_tta_tabs][\/vc_column][\/vc_row]\n<\/div>","protected":false},"excerpt":{"rendered":"<p>[vc_row full_width=&#8221;stretch_row&#8221; css=&#8221;.vc_custom_1621507431085{background-color: #3d3d3d !important;}&#8221;][vc_column][vc_empty_space height=&#8221;60px&#8221;][vc_empty_space height=&#8221;30px&#8221;][vc_column_text]I denna sektion finner du en \u00f6verblick \u00f6ver vyerna som \u00e4r tillg\u00e4ngliga f\u00f6r dig att anv\u00e4nda i ditt personliga set.[\/vc_column_text][vc_empty_space height=&#8221;20px&#8221;][\/vc_column][\/vc_row][vc_row full_width=&#8221;stretch_row_content&#8221; css=&#8221;.vc_custom_1738350863385{background-color: #3d3d3d !important;}&#8221; el_class=&#8221;mn-views&#8221;][vc_column el_class=&#8221;mn-vc-tta&#8221;][vc_tta_tabs style=&#8221;total&#8221; alignment=&#8221;center&#8221; active_section=&#8221;1&#8243;][vc_tta_section title=&#8221;Bil UK&#8221; tab_id=&#8221;pkw&#8221; el_class=&#8221;mn-vc-grid&#8221;][vc_row_inner][vc_column_inner][vc_column_text css=&#8221;&#8221; text_align=&#8221;center&#8221;]Bilder som \u00e4r markerade med symbolen l\u00e4mpar sig f\u00f6r upps\u00e4ttningar som kan bearbetas med&hellip;<\/p>\n","protected":false},"author":4,"featured_media":0,"parent":0,"menu_order":0,"comment_status":"closed","ping_status":"closed","template":"","meta":{"content-type":"","inline_featured_image":false,"footnotes":""},"class_list":["post-25039","page","type-page","status-publish","hentry","entry","no-media"],"yoast_head":"<!-- This site is optimized with the Yoast SEO plugin v24.0 - https:\/\/yoast.com\/wordpress\/plugins\/seo\/ -->\n<title>Vyer - SV - Octopus tools - automotive imagery solutions<\/title>\n<meta name=\"robots\" content=\"index, follow, max-snippet:-1, max-image-preview:large, max-video-preview:-1\" \/>\n<link rel=\"canonical\" href=\"https:\/\/www.octopus.tools\/sv\/vyer-sv\/\" \/>\n<meta property=\"og:locale\" content=\"sv_SE\" \/>\n<meta property=\"og:type\" content=\"article\" \/>\n<meta property=\"og:title\" content=\"Vyer - SV - Octopus tools - automotive imagery solutions\" \/>\n<meta property=\"og:description\" content=\"[vc_row full_width=&#8221;stretch_row&#8221; css=&#8221;.vc_custom_1621507431085{background-color: #3d3d3d !important;}&#8221;][vc_column][vc_empty_space height=&#8221;60px&#8221;][vc_empty_space height=&#8221;30px&#8221;][vc_column_text]I denna sektion finner du en \u00f6verblick \u00f6ver vyerna som \u00e4r tillg\u00e4ngliga f\u00f6r dig att anv\u00e4nda i ditt personliga set.[\/vc_column_text][vc_empty_space height=&#8221;20px&#8221;][\/vc_column][\/vc_row][vc_row full_width=&#8221;stretch_row_content&#8221; css=&#8221;.vc_custom_1738350863385{background-color: #3d3d3d !important;}&#8221; el_class=&#8221;mn-views&#8221;][vc_column el_class=&#8221;mn-vc-tta&#8221;][vc_tta_tabs style=&#8221;total&#8221; alignment=&#8221;center&#8221; active_section=&#8221;1&#8243;][vc_tta_section title=&#8221;Bil UK&#8221; tab_id=&#8221;pkw&#8221; el_class=&#8221;mn-vc-grid&#8221;][vc_row_inner][vc_column_inner][vc_column_text css=&#8221;&#8221; text_align=&#8221;center&#8221;]Bilder som \u00e4r markerade med symbolen l\u00e4mpar sig f\u00f6r upps\u00e4ttningar som kan bearbetas med&hellip;\" \/>\n<meta property=\"og:url\" content=\"https:\/\/www.octopus.tools\/sv\/vyer-sv\/\" \/>\n<meta property=\"og:site_name\" content=\"Octopus tools - automotive imagery solutions\" \/>\n<meta property=\"article:publisher\" content=\"https:\/\/www.facebook.com\/yoozoo.de\" \/>\n<meta property=\"article:modified_time\" content=\"2026-02-20T16:32:29+00:00\" \/>\n<meta property=\"og:image\" content=\"https:\/\/octopus.tools\/wp-content\/uploads\/2019\/11\/icon-natas.svg\" \/>\n<meta name=\"twitter:card\" content=\"summary_large_image\" \/>\n<meta name=\"twitter:site\" content=\"@yoozoo_de\" \/>\n<meta name=\"twitter:label1\" content=\"Ber\u00e4knad l\u00e4stid\" \/>\n\t<meta name=\"twitter:data1\" content=\"2 minuter\" \/>\n<script type=\"application\/ld+json\" class=\"yoast-schema-graph\">{\"@context\":\"https:\/\/schema.org\",\"@graph\":[{\"@type\":\"WebPage\",\"@id\":\"https:\/\/www.octopus.tools\/sv\/vyer-sv\/\",\"url\":\"https:\/\/www.octopus.tools\/sv\/vyer-sv\/\",\"name\":\"Vyer - SV - Octopus tools - automotive imagery solutions\",\"isPartOf\":{\"@id\":\"https:\/\/www.octopus.tools\/sv\/#website\"},\"primaryImageOfPage\":{\"@id\":\"https:\/\/www.octopus.tools\/sv\/vyer-sv\/#primaryimage\"},\"image\":{\"@id\":\"https:\/\/www.octopus.tools\/sv\/vyer-sv\/#primaryimage\"},\"thumbnailUrl\":\"https:\/\/octopus.tools\/wp-content\/uploads\/2019\/11\/icon-natas.svg\",\"datePublished\":\"2025-01-31T18:57:17+00:00\",\"dateModified\":\"2026-02-20T16:32:29+00:00\",\"breadcrumb\":{\"@id\":\"https:\/\/www.octopus.tools\/sv\/vyer-sv\/#breadcrumb\"},\"inLanguage\":\"sv-SE\",\"potentialAction\":[{\"@type\":\"ReadAction\",\"target\":[\"https:\/\/www.octopus.tools\/sv\/vyer-sv\/\"]}]},{\"@type\":\"ImageObject\",\"inLanguage\":\"sv-SE\",\"@id\":\"https:\/\/www.octopus.tools\/sv\/vyer-sv\/#primaryimage\",\"url\":\"https:\/\/octopus.tools\/wp-content\/uploads\/2019\/11\/icon-natas.svg\",\"contentUrl\":\"https:\/\/octopus.tools\/wp-content\/uploads\/2019\/11\/icon-natas.svg\"},{\"@type\":\"BreadcrumbList\",\"@id\":\"https:\/\/www.octopus.tools\/sv\/vyer-sv\/#breadcrumb\",\"itemListElement\":[{\"@type\":\"ListItem\",\"position\":1,\"name\":\"Home\",\"item\":\"https:\/\/www.octopus.tools\/sv\/\"},{\"@type\":\"ListItem\",\"position\":2,\"name\":\"Vyer &#8211; SV\"}]},{\"@type\":\"WebSite\",\"@id\":\"https:\/\/www.octopus.tools\/sv\/#website\",\"url\":\"https:\/\/www.octopus.tools\/sv\/\",\"name\":\"Octopus tools - automotive imagery solutions\",\"description\":\"yoozoo GmbH software\",\"publisher\":{\"@id\":\"https:\/\/www.octopus.tools\/sv\/#organization\"},\"potentialAction\":[{\"@type\":\"SearchAction\",\"target\":{\"@type\":\"EntryPoint\",\"urlTemplate\":\"https:\/\/www.octopus.tools\/sv\/?s={search_term_string}\"},\"query-input\":{\"@type\":\"PropertyValueSpecification\",\"valueRequired\":true,\"valueName\":\"search_term_string\"}}],\"inLanguage\":\"sv-SE\"},{\"@type\":\"Organization\",\"@id\":\"https:\/\/www.octopus.tools\/sv\/#organization\",\"name\":\"Octopus.tools [by yoozoo GmbH]\",\"url\":\"https:\/\/www.octopus.tools\/sv\/\",\"logo\":{\"@type\":\"ImageObject\",\"inLanguage\":\"sv-SE\",\"@id\":\"https:\/\/www.octopus.tools\/sv\/#\/schema\/logo\/image\/\",\"url\":\"https:\/\/www.octopus.tools\/wp-content\/uploads\/2018\/02\/website-octopus-tools-08.svg\",\"contentUrl\":\"https:\/\/www.octopus.tools\/wp-content\/uploads\/2018\/02\/website-octopus-tools-08.svg\",\"caption\":\"Octopus.tools [by yoozoo GmbH]\"},\"image\":{\"@id\":\"https:\/\/www.octopus.tools\/sv\/#\/schema\/logo\/image\/\"},\"sameAs\":[\"https:\/\/www.facebook.com\/yoozoo.de\",\"https:\/\/x.com\/yoozoo_de\"]}]}<\/script>\n<!-- \/ Yoast SEO plugin. -->","yoast_head_json":{"title":"Vyer - SV - Octopus tools - automotive imagery solutions","robots":{"index":"index","follow":"follow","max-snippet":"max-snippet:-1","max-image-preview":"max-image-preview:large","max-video-preview":"max-video-preview:-1"},"canonical":"https:\/\/www.octopus.tools\/sv\/vyer-sv\/","og_locale":"sv_SE","og_type":"article","og_title":"Vyer - SV - Octopus tools - automotive imagery solutions","og_description":"[vc_row full_width=&#8221;stretch_row&#8221; css=&#8221;.vc_custom_1621507431085{background-color: #3d3d3d !important;}&#8221;][vc_column][vc_empty_space height=&#8221;60px&#8221;][vc_empty_space height=&#8221;30px&#8221;][vc_column_text]I denna sektion finner du en \u00f6verblick \u00f6ver vyerna som \u00e4r tillg\u00e4ngliga f\u00f6r dig att anv\u00e4nda i ditt personliga set.[\/vc_column_text][vc_empty_space height=&#8221;20px&#8221;][\/vc_column][\/vc_row][vc_row full_width=&#8221;stretch_row_content&#8221; css=&#8221;.vc_custom_1738350863385{background-color: #3d3d3d !important;}&#8221; el_class=&#8221;mn-views&#8221;][vc_column el_class=&#8221;mn-vc-tta&#8221;][vc_tta_tabs style=&#8221;total&#8221; alignment=&#8221;center&#8221; active_section=&#8221;1&#8243;][vc_tta_section title=&#8221;Bil UK&#8221; tab_id=&#8221;pkw&#8221; el_class=&#8221;mn-vc-grid&#8221;][vc_row_inner][vc_column_inner][vc_column_text css=&#8221;&#8221; text_align=&#8221;center&#8221;]Bilder som \u00e4r markerade med symbolen l\u00e4mpar sig f\u00f6r upps\u00e4ttningar som kan bearbetas med&hellip;","og_url":"https:\/\/www.octopus.tools\/sv\/vyer-sv\/","og_site_name":"Octopus tools - automotive imagery solutions","article_publisher":"https:\/\/www.facebook.com\/yoozoo.de","article_modified_time":"2026-02-20T16:32:29+00:00","og_image":[{"url":"https:\/\/octopus.tools\/wp-content\/uploads\/2019\/11\/icon-natas.svg","type":"","width":"","height":""}],"twitter_card":"summary_large_image","twitter_site":"@yoozoo_de","twitter_misc":{"Ber\u00e4knad l\u00e4stid":"2 minuter"},"schema":{"@context":"https:\/\/schema.org","@graph":[{"@type":"WebPage","@id":"https:\/\/www.octopus.tools\/sv\/vyer-sv\/","url":"https:\/\/www.octopus.tools\/sv\/vyer-sv\/","name":"Vyer - SV - Octopus tools - automotive imagery solutions","isPartOf":{"@id":"https:\/\/www.octopus.tools\/sv\/#website"},"primaryImageOfPage":{"@id":"https:\/\/www.octopus.tools\/sv\/vyer-sv\/#primaryimage"},"image":{"@id":"https:\/\/www.octopus.tools\/sv\/vyer-sv\/#primaryimage"},"thumbnailUrl":"https:\/\/octopus.tools\/wp-content\/uploads\/2019\/11\/icon-natas.svg","datePublished":"2025-01-31T18:57:17+00:00","dateModified":"2026-02-20T16:32:29+00:00","breadcrumb":{"@id":"https:\/\/www.octopus.tools\/sv\/vyer-sv\/#breadcrumb"},"inLanguage":"sv-SE","potentialAction":[{"@type":"ReadAction","target":["https:\/\/www.octopus.tools\/sv\/vyer-sv\/"]}]},{"@type":"ImageObject","inLanguage":"sv-SE","@id":"https:\/\/www.octopus.tools\/sv\/vyer-sv\/#primaryimage","url":"https:\/\/octopus.tools\/wp-content\/uploads\/2019\/11\/icon-natas.svg","contentUrl":"https:\/\/octopus.tools\/wp-content\/uploads\/2019\/11\/icon-natas.svg"},{"@type":"BreadcrumbList","@id":"https:\/\/www.octopus.tools\/sv\/vyer-sv\/#breadcrumb","itemListElement":[{"@type":"ListItem","position":1,"name":"Home","item":"https:\/\/www.octopus.tools\/sv\/"},{"@type":"ListItem","position":2,"name":"Vyer &#8211; SV"}]},{"@type":"WebSite","@id":"https:\/\/www.octopus.tools\/sv\/#website","url":"https:\/\/www.octopus.tools\/sv\/","name":"Octopus tools - automotive imagery solutions","description":"yoozoo GmbH software","publisher":{"@id":"https:\/\/www.octopus.tools\/sv\/#organization"},"potentialAction":[{"@type":"SearchAction","target":{"@type":"EntryPoint","urlTemplate":"https:\/\/www.octopus.tools\/sv\/?s={search_term_string}"},"query-input":{"@type":"PropertyValueSpecification","valueRequired":true,"valueName":"search_term_string"}}],"inLanguage":"sv-SE"},{"@type":"Organization","@id":"https:\/\/www.octopus.tools\/sv\/#organization","name":"Octopus.tools [by yoozoo GmbH]","url":"https:\/\/www.octopus.tools\/sv\/","logo":{"@type":"ImageObject","inLanguage":"sv-SE","@id":"https:\/\/www.octopus.tools\/sv\/#\/schema\/logo\/image\/","url":"https:\/\/www.octopus.tools\/wp-content\/uploads\/2018\/02\/website-octopus-tools-08.svg","contentUrl":"https:\/\/www.octopus.tools\/wp-content\/uploads\/2018\/02\/website-octopus-tools-08.svg","caption":"Octopus.tools [by yoozoo GmbH]"},"image":{"@id":"https:\/\/www.octopus.tools\/sv\/#\/schema\/logo\/image\/"},"sameAs":["https:\/\/www.facebook.com\/yoozoo.de","https:\/\/x.com\/yoozoo_de"]}]}},"_links":{"self":[{"href":"https:\/\/www.octopus.tools\/sv\/wp-json\/wp\/v2\/pages\/25039","targetHints":{"allow":["GET"]}}],"collection":[{"href":"https:\/\/www.octopus.tools\/sv\/wp-json\/wp\/v2\/pages"}],"about":[{"href":"https:\/\/www.octopus.tools\/sv\/wp-json\/wp\/v2\/types\/page"}],"author":[{"embeddable":true,"href":"https:\/\/www.octopus.tools\/sv\/wp-json\/wp\/v2\/users\/4"}],"replies":[{"embeddable":true,"href":"https:\/\/www.octopus.tools\/sv\/wp-json\/wp\/v2\/comments?post=25039"}],"version-history":[{"count":20,"href":"https:\/\/www.octopus.tools\/sv\/wp-json\/wp\/v2\/pages\/25039\/revisions"}],"predecessor-version":[{"id":28822,"href":"https:\/\/www.octopus.tools\/sv\/wp-json\/wp\/v2\/pages\/25039\/revisions\/28822"}],"wp:attachment":[{"href":"https:\/\/www.octopus.tools\/sv\/wp-json\/wp\/v2\/media?parent=25039"}],"curies":[{"name":"wp","href":"https:\/\/api.w.org\/{rel}","templated":true}]}}