{"id":28437,"date":"2026-01-23T12:23:58","date_gmt":"2026-01-23T11:23:58","guid":{"rendered":"https:\/\/www.octopus.tools\/fordonsfotografering-och-frilaggning-av-fordon-via-app\/"},"modified":"2026-01-23T12:23:59","modified_gmt":"2026-01-23T11:23:59","slug":"fordonsfotografering-och-frilaggning-av-fordon-via-app","status":"publish","type":"page","link":"https:\/\/www.octopus.tools\/sv\/fordonsfotografering-och-frilaggning-av-fordon-via-app\/","title":{"rendered":"Fordonsfotografering och fril\u00e4ggning av fordon via app"},"content":{"rendered":"<div class=\"wpb-content-wrapper\">[vc_row][vc_column][vc_empty_space height=&#8221;60px&#8221;][\/vc_column][\/vc_row][vc_row][vc_column width=&#8221;1\/4&#8243;][vc_single_image image=&#8221;22805&#8243; onclick=&#8221;custom_link&#8221; link=&#8221;https:\/\/www.octopus.tools\/sv\/piranha\/&#8221;][\/vc_column][vc_column width=&#8221;3\/4&#8243;]<style>.vcex-heading.vcex_6a020b899d928 .vcex-heading-inner{border-color:#fc9a00;}.vcex-heading.vcex_6a020b899d928{border-color:#e2e2e2;}<\/style><h2 class=\"vcex-heading vcex-heading-bottom-border-w-color vcex-module wpex-heading wpex-text-2xl wpex-text-left wpex-border-b-2 wpex-border-solid wpex-border-main vcex_6a020b899d928\"><span class=\"vcex-heading-inner wpex-inline-block wpex-relative wpex-pb-5 wpex-border-b-2 wpex-border-solid wpex-border-accent\">Fordonsfotografering och fril\u00e4ggning av fordon via app<\/span><\/h2>[vc_empty_space height=&#8221;30px&#8221;][vc_column_text css=&#8221;&#8221;]N\u00e4r det g\u00e4ller att k\u00f6pa en bil \u00e4r professionalism och bildkvalitet tv\u00e5 avg\u00f6rande faktorer som i h\u00f6g grad p\u00e5verkar kundens k\u00f6pbeslut. Biltillverkare och bilhandlare l\u00e4gger d\u00e4rf\u00f6r stor vikt vid en perfekt presentation av sina fordon, b\u00e5de i butik och online. Professionella fordonsbilder och fril\u00e4ggning av fordon \u00e4r avg\u00f6rande f\u00f6r en \u00f6vertygande presentation \u2013 ett enhetligt utseende med professionellt frilagda fordon mot bakgrund s\u00e4tter dina produkter elegant i rampljuset och st\u00e4rker f\u00f6retagets igenk\u00e4nningsv\u00e4rde. Octopus.tools erbjuder med den innovativa <a href=\"https:\/\/www.octopus.tools\/sv\/piranha\/\" target=\"_blank\" rel=\"noopener\">Piranha-appen<\/a> f\u00f6r fordonsfotografering ett smidigt verktyg f\u00f6r professionella fordonsbilder som \u00e4r optimala f\u00f6r fril\u00e4ggning. Att fril\u00e4gga bilbilder har aldrig varit s\u00e5 enkelt och kostnadseffektivt \u2013 all information om appen finns <a href=\"https:\/\/www.octopus.tools\/sv\/piranha\/\">h\u00e4r.<\/a>[\/vc_column_text][\/vc_column][\/vc_row][vc_row][vc_column][vc_empty_space height=&#8221;30px&#8221;][vc_cta h2=&#8221;Testa Piranha-appen nu&#8221; txt_align=&#8221;center&#8221; add_button=&#8221;bottom&#8221; btn_title=&#8221;Kontakta oss&#8221; btn_style=&#8221;custom&#8221; btn_custom_background=&#8221;#fc9a00&#8243; btn_custom_text=&#8221;#ffffff&#8221; btn_size=&#8221;lg&#8221; btn_align=&#8221;center&#8221; css_animation=&#8221;fadeInUp&#8221; css=&#8221;.vc_custom_1769160659490{background-color: #c42d6e !important;}&#8221; btn_link=&#8221;url:https%3A%2F%2Fwww.octopus.tools%2Fsv%2Fkontakt%2F|title:Kontakt|&#8221; btn_el_class=&#8221;lp-cta&#8221;]Skapa ditt kostnadsfria testkonto nu och optimera din fordonsfotografering.[\/vc_cta][\/vc_column][\/vc_row][vc_row][vc_column width=&#8221;1\/4&#8243;][vc_single_image image=&#8221;4339&#8243; onclick=&#8221;custom_link&#8221; link=&#8221;https:\/\/www.octopus.tools\/sv\/piranha\/&#8221;][\/vc_column][vc_column width=&#8221;3\/4&#8243;]<style>.vcex-heading.vcex_6a020b899e81b .vcex-heading-inner{border-color:#fc9a00;}.vcex-heading.vcex_6a020b899e81b{border-color:#e2e2e2;}<\/style><h2 class=\"vcex-heading vcex-heading-bottom-border-w-color vcex-module wpex-heading wpex-text-2xl wpex-text-left wpex-border-b-2 wpex-border-solid wpex-border-main vcex_6a020b899e81b\"><span class=\"vcex-heading-inner wpex-inline-block wpex-relative wpex-pb-5 wpex-border-b-2 wpex-border-solid wpex-border-accent\">Hur fungerar processen f\u00f6r fordonsretuschering?<\/span><\/h2>[vc_empty_space height=&#8221;30px&#8221;][vc_column_text]<a href=\"https:\/\/www.octopus.tools\/sv\/piranha\/\" target=\"_blank\" rel=\"noopener\">Piranha-appen<\/a> fungerar p\u00e5 alla vanliga smartphones och surfplattor och finns tillg\u00e4nglig f\u00f6r iOS-enheter i <a href=\"https:\/\/apps.apple.com\/de\/app\/piranha-app\/id1370806374\" target=\"_blank\" rel=\"noopener\">Apple App Store<\/a> samt f\u00f6r Android-enheter i <a href=\"https:\/\/play.google.com\/store\/apps\/details?id=tools.octopus.piranha\" target=\"_blank\" rel=\"noopener\">Google Play Store<\/a>. Appen anv\u00e4nder de h\u00f6gkvalitativa kamerorna i moderna mobiltelefoner och surfplattor och t\u00e4cker alla steg inom professionell fordonsfotografering.<\/p>\n<p>Vid fotograferingen s\u00e4kerst\u00e4ller <a href=\"https:\/\/www.octopus.tools\/sv\/piranha\/\" target=\"_blank\" rel=\"noopener\">Piranha-appen<\/a>, ut\u00f6ver enhetlig exponering, att alla fordon fotograferas fr\u00e5n r\u00e4tt avst\u00e5nd och i r\u00e4tt vinkel. Den automatiserade namngivningen av bilderna, till exempel baserat p\u00e5 fordonets identifieringsnummer (VIN, tidigare chassinummer), g\u00f6r det enklare att senare tilldela enskilda bilder n\u00e4r flera fordon fotograferas efter varandra. Hj\u00e4lplinjer i bilden visar bilens optimala position.<\/p>\n<p>Bildmaterialet presenteras enhetligt, fordonen visas p\u00e5 ett j\u00e4mf\u00f6rbart s\u00e4tt och igenk\u00e4nningsv\u00e4rdet \u00f6kar. Efter fotograferingen kan bilderna skickas direkt f\u00f6r <a href=\"https:\/\/www.octopus.tools\/sv\/bild-retuschering\/\" target=\"_blank\" rel=\"noopener\">bildretuschering<\/a>. Du f\u00e5r tillg\u00e5ng till flera olika <a href=\"https:\/\/www.octopus.tools\/sv\/gecko-old\/\" target=\"_blank\" rel=\"noopener\">bakgrunder<\/a> f\u00f6r fordons\u00adpresentationen och kan v\u00e4lja <a href=\"https:\/\/www.octopus.tools\/sv\/gecko-old\/\" target=\"_blank\" rel=\"noopener\">\u00f6nskad bakgrund<\/a> f\u00f6r varje fordon innan uppladdning.<\/p>\n<p>Bild\u00f6verf\u00f6ringen sker direkt via <a href=\"https:\/\/www.octopus.tools\/sv\/piranha\/\" target=\"_blank\" rel=\"noopener\">Piranha-appen<\/a> och kr\u00e4ver ingen tidskr\u00e4vande data\u00f6verf\u00f6ring via USB-kabel eller minneskort. V\u00e5ra grafiska experter kontrollerar d\u00e4refter bildkvaliteten och anv\u00e4nder den valda enhetliga bakgrunden samt dina logotyper som en del av fordonsbearbetningen. Den \u00e5terst\u00e5ende leveranstiden kan n\u00e4r som helst f\u00f6ljas i <a href=\"https:\/\/www.octopus.tools\/sv\/piranha\/\" target=\"_blank\" rel=\"noopener\">Piranha-appen<\/a> f\u00f6r fordonsfotografering.<\/p>\n<p>Med appen kan du dessutom spara b\u00e5de tid och pengar p\u00e5 fotografer och \u00e4nd\u00e5 presentera dina fordon professionellt och enhetligt.<\/p>\n[\/vc_column_text][\/vc_column][\/vc_row][vc_row][vc_column][vc_empty_space height=&#8221;30px&#8221;][\/vc_column][\/vc_row][vc_row][vc_column width=&#8221;1\/4&#8243;][vc_single_image image=&#8221;4363&#8243; onclick=&#8221;custom_link&#8221; link=&#8221;https:\/\/www.octopus.tools\/sv\/piranha\/&#8221;][\/vc_column][vc_column width=&#8221;3\/4&#8243;]<style>.vcex-heading.vcex_6a020b899eabb .vcex-heading-inner{border-color:#fc9a00;}.vcex-heading.vcex_6a020b899eabb{border-color:#e2e2e2;}<\/style><h2 class=\"vcex-heading vcex-heading-bottom-border-w-color vcex-module wpex-heading wpex-text-2xl wpex-text-left wpex-border-b-2 wpex-border-solid wpex-border-main vcex_6a020b899eabb\"><span class=\"vcex-heading-inner wpex-inline-block wpex-relative wpex-pb-5 wpex-border-b-2 wpex-border-solid wpex-border-accent\">Bildbehandling f\u00f6r professionell fordonsfotografering<\/span><\/h2>[vc_empty_space height=&#8221;30px&#8221;][vc_column_text]<a href=\"https:\/\/www.octopus.tools\/sv\/piranha\/\" target=\"_blank\" rel=\"noopener\">Piranha-appen<\/a> erbjuder flera anv\u00e4ndbara funktioner f\u00f6r optimal presentation av fordonsbilder. Den efterf\u00f6ljande fril\u00e4ggningen av bilbilder kan utf\u00f6ras som en vanlig fril\u00e4ggning eller som en fullst\u00e4ndig fril\u00e4ggning \u2013 vilket \u00e4ven g\u00f6r det m\u00f6jligt att byta bakgrund. Sj\u00e4lvklart ing\u00e5r \u00e4ven redigering av transparenta f\u00f6nsterytor i processen. Den <a href=\"https:\/\/www.octopus.tools\/sv\/gecko-old\/\" target=\"_blank\" rel=\"noopener\">nya bakgrunden<\/a> syns d\u00e5 \u00e4ven genom rutorna.<\/p>\n<p>F\u00f6r h\u00f6gre igenk\u00e4nningsv\u00e4rde kan f\u00e4rgade banners och logotyper l\u00e4ggas till. O\u00f6nskade klisterm\u00e4rken och registreringsskyltar kan tas bort digitalt. Produktbilden kan enkelt anpassas till din befintliga katalog och fordonets f\u00f6rdelar presenteras p\u00e5 b\u00e4sta s\u00e4tt. Nya fordon kan d\u00e4rmed l\u00e4ggas in betydligt snabbare och framst\u00e5r mer visuellt tilltalande i katalogen, samtidigt som de f\u00f6rmedlas tydligare till kunden.<\/p>\n[\/vc_column_text][\/vc_column][\/vc_row][vc_row][vc_column][vc_empty_space height=&#8221;30px&#8221;][\/vc_column][\/vc_row][vc_row][vc_column width=&#8221;1\/4&#8243;][vc_single_image image=&#8221;9050&#8243; onclick=&#8221;custom_link&#8221; link=&#8221;https:\/\/www.octopus.tools\/sv\/piranha\/&#8221;][\/vc_column][vc_column width=&#8221;3\/4&#8243;]<style>.vcex-heading.vcex_6a020b899ed39 .vcex-heading-inner{border-color:#fc9a00;}.vcex-heading.vcex_6a020b899ed39{border-color:#e2e2e2;}<\/style><h2 class=\"vcex-heading vcex-heading-bottom-border-w-color vcex-module wpex-heading wpex-text-2xl wpex-text-left wpex-border-b-2 wpex-border-solid wpex-border-main vcex_6a020b899ed39\"><span class=\"vcex-heading-inner wpex-inline-block wpex-relative wpex-pb-5 wpex-border-b-2 wpex-border-solid wpex-border-accent\">Var kan jag anv\u00e4nda de retuscherade bilbilderna?<\/span><\/h2>[vc_empty_space height=&#8221;30px&#8221;][vc_column_text]R\u00e4ttigheterna till alla dina produktbilder f\u00f6rblir naturligtvis hos dig. Bilhandlare och tillverkare anv\u00e4nder appen f\u00f6r att skapa fordonsbilder i sin egen design och med h\u00f6gt igenk\u00e4nningsv\u00e4rde f\u00f6r sina online\u00adkanaler. Det spelar ingen roll om bilderna anv\u00e4nds p\u00e5 den egna webbplatsen eller p\u00e5 vanliga bilmarknadsplatser som Autoscout24, mobile.de eller eBay Motors.<\/p>\n<p>Om du \u00e4ven anv\u00e4nder bilder i tryckt form kan du sj\u00e4lvklart anv\u00e4nda dina nya, enhetliga fordonsbilder fr\u00e5n <a href=\"https:\/\/www.octopus.tools\/sv\/piranha\/\" target=\"_blank\" rel=\"noopener\">Piranha-appen<\/a> \u00e4ven d\u00e4r och ge fordons\u00adpresentationer, flyers, annonser eller tidningsannonser ett starkt igenk\u00e4nningsv\u00e4rde.<\/p>\n[\/vc_column_text][\/vc_column][\/vc_row][vc_row][vc_column][vc_empty_space height=&#8221;60px&#8221;][\/vc_column][\/vc_row][vc_row][vc_column width=&#8221;1\/4&#8243;][vc_single_image image=&#8221;2852&#8243; onclick=&#8221;custom_link&#8221; link=&#8221;https:\/\/www.octopus.tools\/sv\/piranha\/&#8221;][\/vc_column][vc_column width=&#8221;3\/4&#8243;]<style>.vcex-heading.vcex_6a020b899efae .vcex-heading-inner{border-color:#fc9a00;}.vcex-heading.vcex_6a020b899efae{border-color:#e2e2e2;}<\/style><h2 class=\"vcex-heading vcex-heading-bottom-border-w-color vcex-module wpex-heading wpex-text-2xl wpex-text-left wpex-border-b-2 wpex-border-solid wpex-border-main vcex_6a020b899efae\"><span class=\"vcex-heading-inner wpex-inline-block wpex-relative wpex-pb-5 wpex-border-b-2 wpex-border-solid wpex-border-accent\">Piranha-appen och bildredigeringen \u2013 kort f\u00f6rklarat<\/span><\/h2>[vc_empty_space height=&#8221;30px&#8221;]<div class=\"vcex-module vcex-bullets vcex-bullets-check\">\n<ul>\n<li>Enhetlig och professionell fril\u00e4ggning av fordon<\/li>\n<li>Kostnadseffektiv bildbehandling av professionella redigerare<\/li>\n<li>Normal fril\u00e4ggning (bakgrund borttagen) och fullst\u00e4ndig fril\u00e4ggning (bakgrund och mark sammanfogade) \u00e4r m\u00f6jliga<\/li>\n<li>Optimering av kontrast, sk\u00e4rpa, nyans och f\u00e4rgm\u00e4ttnad<\/li>\n<li>Inkluderar f\u00f6nster och transparenta ytor<\/li>\n<li>Infoga banners, logotyper och registreringsskyltar<\/li>\n<li>Tidsbesparande genom automatisk uppladdning<\/li>\n<li>Spara tid med intelligent bildbehandling<\/li>\n<li>Leverans av bilbilder inom 24 timmar<\/li>\n<li>Spara upp till 82 % av din tid<\/li>\n<\/ul>\n<\/div>[\/vc_column][\/vc_row]\n<\/div>","protected":false},"excerpt":{"rendered":"<p>[vc_row][vc_column][vc_empty_space height=&#8221;60px&#8221;][\/vc_column][\/vc_row][vc_row][vc_column width=&#8221;1\/4&#8243;][vc_single_image image=&#8221;22805&#8243; onclick=&#8221;custom_link&#8221; link=&#8221;https:\/\/www.octopus.tools\/sv\/piranha\/&#8221;][\/vc_column][vc_column width=&#8221;3\/4&#8243;][vc_empty_space height=&#8221;30px&#8221;][vc_column_text css=&#8221;&#8221;]N\u00e4r det g\u00e4ller att k\u00f6pa en bil \u00e4r professionalism och bildkvalitet tv\u00e5 avg\u00f6rande faktorer som i h\u00f6g grad p\u00e5verkar kundens k\u00f6pbeslut. Biltillverkare och bilhandlare l\u00e4gger d\u00e4rf\u00f6r stor vikt vid en perfekt presentation av sina fordon, b\u00e5de i butik och online. Professionella fordonsbilder och fril\u00e4ggning av fordon \u00e4r&hellip;<\/p>\n","protected":false},"author":1,"featured_media":0,"parent":0,"menu_order":0,"comment_status":"closed","ping_status":"closed","template":"","meta":{"content-type":"","inline_featured_image":false,"footnotes":""},"class_list":["post-28437","page","type-page","status-publish","hentry","entry","no-media"],"yoast_head":"<!-- This site is optimized with the Yoast SEO plugin v24.0 - https:\/\/yoast.com\/wordpress\/plugins\/seo\/ -->\n<title>Fordonsfotografering och fril\u00e4ggning av fordon via Piranha-appen<\/title>\n<meta name=\"description\" content=\"N\u00e4r det g\u00e4ller att k\u00f6pa en bil \u00e4r professionalism och bildkvalitet tv\u00e5 avg\u00f6rande faktorer som i h\u00f6g grad p\u00e5verkar kundens k\u00f6pbeslut. Fordonsfotografering via Piranha-appen s\u00e4tter dina fordon elegant i rampljuset och st\u00e4rker igenk\u00e4nningsv\u00e4rdet f\u00f6r ditt f\u00f6retag.\" \/>\n<meta name=\"robots\" content=\"index, follow, max-snippet:-1, max-image-preview:large, max-video-preview:-1\" \/>\n<link rel=\"canonical\" href=\"https:\/\/www.octopus.tools\/sv\/fordonsfotografering-och-frilaggning-av-fordon-via-app\/\" \/>\n<meta property=\"og:locale\" content=\"sv_SE\" \/>\n<meta property=\"og:type\" content=\"article\" \/>\n<meta property=\"og:title\" content=\"Fordonsfotografering och fril\u00e4ggning av fordon via Piranha-appen\" \/>\n<meta property=\"og:description\" content=\"N\u00e4r det g\u00e4ller att k\u00f6pa en bil \u00e4r professionalism och bildkvalitet tv\u00e5 avg\u00f6rande faktorer som i h\u00f6g grad p\u00e5verkar kundens k\u00f6pbeslut. Fordonsfotografering via Piranha-appen s\u00e4tter dina fordon elegant i rampljuset och st\u00e4rker igenk\u00e4nningsv\u00e4rdet f\u00f6r ditt f\u00f6retag.\" \/>\n<meta property=\"og:url\" content=\"https:\/\/www.octopus.tools\/sv\/fordonsfotografering-och-frilaggning-av-fordon-via-app\/\" \/>\n<meta property=\"og:site_name\" content=\"Octopus tools - automotive imagery solutions\" \/>\n<meta property=\"article:publisher\" content=\"https:\/\/www.facebook.com\/yoozoo.de\" \/>\n<meta property=\"article:modified_time\" content=\"2026-01-23T11:23:59+00:00\" \/>\n<meta property=\"og:image\" content=\"https:\/\/www.octopus.tools\/wp-content\/uploads\/2018\/04\/social-share-thumb.jpg\" \/>\n\t<meta property=\"og:image:width\" content=\"900\" \/>\n\t<meta property=\"og:image:height\" content=\"900\" \/>\n\t<meta property=\"og:image:type\" content=\"image\/jpeg\" \/>\n<meta name=\"twitter:card\" content=\"summary_large_image\" \/>\n<meta name=\"twitter:site\" content=\"@yoozoo_de\" \/>\n<meta name=\"twitter:label1\" content=\"Ber\u00e4knad l\u00e4stid\" \/>\n\t<meta name=\"twitter:data1\" content=\"6 minuter\" \/>\n<script type=\"application\/ld+json\" class=\"yoast-schema-graph\">{\"@context\":\"https:\/\/schema.org\",\"@graph\":[{\"@type\":\"WebPage\",\"@id\":\"https:\/\/www.octopus.tools\/sv\/fordonsfotografering-och-frilaggning-av-fordon-via-app\/\",\"url\":\"https:\/\/www.octopus.tools\/sv\/fordonsfotografering-och-frilaggning-av-fordon-via-app\/\",\"name\":\"Fordonsfotografering och fril\u00e4ggning av fordon via Piranha-appen\",\"isPartOf\":{\"@id\":\"https:\/\/www.octopus.tools\/sv\/#website\"},\"datePublished\":\"2026-01-23T11:23:58+00:00\",\"dateModified\":\"2026-01-23T11:23:59+00:00\",\"description\":\"N\u00e4r det g\u00e4ller att k\u00f6pa en bil \u00e4r professionalism och bildkvalitet tv\u00e5 avg\u00f6rande faktorer som i h\u00f6g grad p\u00e5verkar kundens k\u00f6pbeslut. Fordonsfotografering via Piranha-appen s\u00e4tter dina fordon elegant i rampljuset och st\u00e4rker igenk\u00e4nningsv\u00e4rdet f\u00f6r ditt f\u00f6retag.\",\"breadcrumb\":{\"@id\":\"https:\/\/www.octopus.tools\/sv\/fordonsfotografering-och-frilaggning-av-fordon-via-app\/#breadcrumb\"},\"inLanguage\":\"sv-SE\",\"potentialAction\":[{\"@type\":\"ReadAction\",\"target\":[\"https:\/\/www.octopus.tools\/sv\/fordonsfotografering-och-frilaggning-av-fordon-via-app\/\"]}]},{\"@type\":\"BreadcrumbList\",\"@id\":\"https:\/\/www.octopus.tools\/sv\/fordonsfotografering-och-frilaggning-av-fordon-via-app\/#breadcrumb\",\"itemListElement\":[{\"@type\":\"ListItem\",\"position\":1,\"name\":\"Home\",\"item\":\"https:\/\/www.octopus.tools\/sv\/\"},{\"@type\":\"ListItem\",\"position\":2,\"name\":\"Fordonsfotografering och fril\u00e4ggning av fordon via app\"}]},{\"@type\":\"WebSite\",\"@id\":\"https:\/\/www.octopus.tools\/sv\/#website\",\"url\":\"https:\/\/www.octopus.tools\/sv\/\",\"name\":\"Octopus tools - automotive imagery solutions\",\"description\":\"yoozoo GmbH software\",\"publisher\":{\"@id\":\"https:\/\/www.octopus.tools\/sv\/#organization\"},\"potentialAction\":[{\"@type\":\"SearchAction\",\"target\":{\"@type\":\"EntryPoint\",\"urlTemplate\":\"https:\/\/www.octopus.tools\/sv\/?s={search_term_string}\"},\"query-input\":{\"@type\":\"PropertyValueSpecification\",\"valueRequired\":true,\"valueName\":\"search_term_string\"}}],\"inLanguage\":\"sv-SE\"},{\"@type\":\"Organization\",\"@id\":\"https:\/\/www.octopus.tools\/sv\/#organization\",\"name\":\"Octopus.tools [by yoozoo GmbH]\",\"url\":\"https:\/\/www.octopus.tools\/sv\/\",\"logo\":{\"@type\":\"ImageObject\",\"inLanguage\":\"sv-SE\",\"@id\":\"https:\/\/www.octopus.tools\/sv\/#\/schema\/logo\/image\/\",\"url\":\"https:\/\/www.octopus.tools\/wp-content\/uploads\/2018\/02\/website-octopus-tools-08.svg\",\"contentUrl\":\"https:\/\/www.octopus.tools\/wp-content\/uploads\/2018\/02\/website-octopus-tools-08.svg\",\"caption\":\"Octopus.tools [by yoozoo GmbH]\"},\"image\":{\"@id\":\"https:\/\/www.octopus.tools\/sv\/#\/schema\/logo\/image\/\"},\"sameAs\":[\"https:\/\/www.facebook.com\/yoozoo.de\",\"https:\/\/x.com\/yoozoo_de\"]}]}<\/script>\n<!-- \/ Yoast SEO plugin. -->","yoast_head_json":{"title":"Fordonsfotografering och fril\u00e4ggning av fordon via Piranha-appen","description":"N\u00e4r det g\u00e4ller att k\u00f6pa en bil \u00e4r professionalism och bildkvalitet tv\u00e5 avg\u00f6rande faktorer som i h\u00f6g grad p\u00e5verkar kundens k\u00f6pbeslut. Fordonsfotografering via Piranha-appen s\u00e4tter dina fordon elegant i rampljuset och st\u00e4rker igenk\u00e4nningsv\u00e4rdet f\u00f6r ditt f\u00f6retag.","robots":{"index":"index","follow":"follow","max-snippet":"max-snippet:-1","max-image-preview":"max-image-preview:large","max-video-preview":"max-video-preview:-1"},"canonical":"https:\/\/www.octopus.tools\/sv\/fordonsfotografering-och-frilaggning-av-fordon-via-app\/","og_locale":"sv_SE","og_type":"article","og_title":"Fordonsfotografering och fril\u00e4ggning av fordon via Piranha-appen","og_description":"N\u00e4r det g\u00e4ller att k\u00f6pa en bil \u00e4r professionalism och bildkvalitet tv\u00e5 avg\u00f6rande faktorer som i h\u00f6g grad p\u00e5verkar kundens k\u00f6pbeslut. Fordonsfotografering via Piranha-appen s\u00e4tter dina fordon elegant i rampljuset och st\u00e4rker igenk\u00e4nningsv\u00e4rdet f\u00f6r ditt f\u00f6retag.","og_url":"https:\/\/www.octopus.tools\/sv\/fordonsfotografering-och-frilaggning-av-fordon-via-app\/","og_site_name":"Octopus tools - automotive imagery solutions","article_publisher":"https:\/\/www.facebook.com\/yoozoo.de","article_modified_time":"2026-01-23T11:23:59+00:00","og_image":[{"width":900,"height":900,"url":"https:\/\/www.octopus.tools\/wp-content\/uploads\/2018\/04\/social-share-thumb.jpg","type":"image\/jpeg"}],"twitter_card":"summary_large_image","twitter_site":"@yoozoo_de","twitter_misc":{"Ber\u00e4knad l\u00e4stid":"6 minuter"},"schema":{"@context":"https:\/\/schema.org","@graph":[{"@type":"WebPage","@id":"https:\/\/www.octopus.tools\/sv\/fordonsfotografering-och-frilaggning-av-fordon-via-app\/","url":"https:\/\/www.octopus.tools\/sv\/fordonsfotografering-och-frilaggning-av-fordon-via-app\/","name":"Fordonsfotografering och fril\u00e4ggning av fordon via Piranha-appen","isPartOf":{"@id":"https:\/\/www.octopus.tools\/sv\/#website"},"datePublished":"2026-01-23T11:23:58+00:00","dateModified":"2026-01-23T11:23:59+00:00","description":"N\u00e4r det g\u00e4ller att k\u00f6pa en bil \u00e4r professionalism och bildkvalitet tv\u00e5 avg\u00f6rande faktorer som i h\u00f6g grad p\u00e5verkar kundens k\u00f6pbeslut. Fordonsfotografering via Piranha-appen s\u00e4tter dina fordon elegant i rampljuset och st\u00e4rker igenk\u00e4nningsv\u00e4rdet f\u00f6r ditt f\u00f6retag.","breadcrumb":{"@id":"https:\/\/www.octopus.tools\/sv\/fordonsfotografering-och-frilaggning-av-fordon-via-app\/#breadcrumb"},"inLanguage":"sv-SE","potentialAction":[{"@type":"ReadAction","target":["https:\/\/www.octopus.tools\/sv\/fordonsfotografering-och-frilaggning-av-fordon-via-app\/"]}]},{"@type":"BreadcrumbList","@id":"https:\/\/www.octopus.tools\/sv\/fordonsfotografering-och-frilaggning-av-fordon-via-app\/#breadcrumb","itemListElement":[{"@type":"ListItem","position":1,"name":"Home","item":"https:\/\/www.octopus.tools\/sv\/"},{"@type":"ListItem","position":2,"name":"Fordonsfotografering och fril\u00e4ggning av fordon via app"}]},{"@type":"WebSite","@id":"https:\/\/www.octopus.tools\/sv\/#website","url":"https:\/\/www.octopus.tools\/sv\/","name":"Octopus tools - automotive imagery solutions","description":"yoozoo GmbH software","publisher":{"@id":"https:\/\/www.octopus.tools\/sv\/#organization"},"potentialAction":[{"@type":"SearchAction","target":{"@type":"EntryPoint","urlTemplate":"https:\/\/www.octopus.tools\/sv\/?s={search_term_string}"},"query-input":{"@type":"PropertyValueSpecification","valueRequired":true,"valueName":"search_term_string"}}],"inLanguage":"sv-SE"},{"@type":"Organization","@id":"https:\/\/www.octopus.tools\/sv\/#organization","name":"Octopus.tools [by yoozoo GmbH]","url":"https:\/\/www.octopus.tools\/sv\/","logo":{"@type":"ImageObject","inLanguage":"sv-SE","@id":"https:\/\/www.octopus.tools\/sv\/#\/schema\/logo\/image\/","url":"https:\/\/www.octopus.tools\/wp-content\/uploads\/2018\/02\/website-octopus-tools-08.svg","contentUrl":"https:\/\/www.octopus.tools\/wp-content\/uploads\/2018\/02\/website-octopus-tools-08.svg","caption":"Octopus.tools [by yoozoo GmbH]"},"image":{"@id":"https:\/\/www.octopus.tools\/sv\/#\/schema\/logo\/image\/"},"sameAs":["https:\/\/www.facebook.com\/yoozoo.de","https:\/\/x.com\/yoozoo_de"]}]}},"_links":{"self":[{"href":"https:\/\/www.octopus.tools\/sv\/wp-json\/wp\/v2\/pages\/28437","targetHints":{"allow":["GET"]}}],"collection":[{"href":"https:\/\/www.octopus.tools\/sv\/wp-json\/wp\/v2\/pages"}],"about":[{"href":"https:\/\/www.octopus.tools\/sv\/wp-json\/wp\/v2\/types\/page"}],"author":[{"embeddable":true,"href":"https:\/\/www.octopus.tools\/sv\/wp-json\/wp\/v2\/users\/1"}],"replies":[{"embeddable":true,"href":"https:\/\/www.octopus.tools\/sv\/wp-json\/wp\/v2\/comments?post=28437"}],"version-history":[{"count":3,"href":"https:\/\/www.octopus.tools\/sv\/wp-json\/wp\/v2\/pages\/28437\/revisions"}],"predecessor-version":[{"id":28440,"href":"https:\/\/www.octopus.tools\/sv\/wp-json\/wp\/v2\/pages\/28437\/revisions\/28440"}],"wp:attachment":[{"href":"https:\/\/www.octopus.tools\/sv\/wp-json\/wp\/v2\/media?parent=28437"}],"curies":[{"name":"wp","href":"https:\/\/api.w.org\/{rel}","templated":true}]}}